{"id":494,"date":"2023-10-14T17:05:40","date_gmt":"2023-10-14T17:05:40","guid":{"rendered":"https:\/\/dev.objektmobiliar.ch\/?page_id=494"},"modified":"2024-08-27T15:11:04","modified_gmt":"2024-08-27T15:11:04","slug":"meubles-avec-rembourrage-confortable","status":"publish","type":"page","link":"https:\/\/objektmobiliar.ch\/fr\/moebel\/pflegegerechte-polstermoebel\/moebel-mit-komfortabler-polsterung\/","title":{"rendered":"Osaka"},"content":{"rendered":"<div class=\"lazyblock-produkt-detail-ozg-Z6jRNg wp-block-lazyblock-produkt-detail-ozg\"><section class=\"sct\">\r\n      <div class=\"cnt\">\r\n        <div class=\"elmnt-product-desc\">\r\n          <div class=\"product-desc-box\"><img decoding=\"async\" src=\"https:\/\/objektmobiliar.ch\/wp-content\/uploads\/2023\/10\/osaka-sessel.jpg\" loading=\"lazy\" alt=\"\" class=\"product-desc-img\"><\/div>\r\n          <div class=\"product-desc-txt\">\r\n            <h1 class=\"txt-product-headline\">S\u00e9rie Osaka<\/h1>\r\n            <h2 class=\"txt-product-subline\">Meubles avec rembourrage confortable pour les maisons de soins<\/h2>\r\n            <div class=\"w-richtext\">\r\n              <p>La s\u00e9rie OSAKA comprend des meubles avec un rembourrage confortable pour les maisons de soins. Elle convainc par son confort d'assise \u00e9lev\u00e9, ses mat\u00e9riaux de haute qualit\u00e9 et sa multifonctionnalit\u00e9. Qu'il s'agisse de canap\u00e9s, de canap\u00e9s d'angle ou de fauteuils : comme tout notre mobilier, la s\u00e9rie OSAKA peut \u00eatre configur\u00e9e de multiples fa\u00e7ons en termes de mat\u00e9riaux et de variations de couleurs.<\/p>\r\n            <\/div>\r\n            <a onclick=\"splite_loader();\" class=\"btn\">Demander un produit<\/a>\r\n          <\/div>\r\n        <\/div>\r\n      <\/div>\r\n    <\/section><\/div>\n\n<div class=\"lazyblock-produkt-slider-ozg-2pHEsQ wp-block-lazyblock-produkt-slider-ozg\"><section class=\"sct\">\r\n  <div class=\"cnt semi\">\r\n    <div class=\"intro-txt\">\r\n        <h2>Meubles avec rembourrage confortable pour maisons de repos : mod\u00e8les et finitions<\/h2>\r\n    <\/div>\r\n    \r\n    <div class=\"elmnt-similar-products\">\r\n      <div class=\"similar-product\"><img decoding=\"async\" src=\"https:\/\/objektmobiliar.ch\/wp-content\/uploads\/2023\/10\/sessel-osaka-ohne-kopfstuetze-sq.jpg\" loading=\"eager\" alt=\"Fauteuil Osaka\" class=\"similar-product-img\">\r\n        <div class=\"center\">\r\n          <div class=\"w-richtext\">\r\n            <p><strong>Fauteuil Osaka<\/strong><br>Art. N\u00b0 220-0182\/S<\/p>\r\n          <\/div>\r\n          \r\n        <\/div>\r\n      <\/div>\r\n      <div class=\"similar-product\"><img decoding=\"async\" src=\"https:\/\/objektmobiliar.ch\/wp-content\/uploads\/2023\/10\/osaka-3er-sofa.jpg\" loading=\"eager\" alt=\"Canap\u00e9 Osaka pour les \u00e9tablissements de soins\" class=\"similar-product-img\">\r\n        <div class=\"center\">\r\n          <div class=\"w-richtext\">\r\n            <p><strong>Canap\u00e9 3 places Osaka,<\/strong><br>Art. N\u00b0 220-0184\/S<\/p>\r\n          <\/div>\r\n          \r\n        <\/div>\r\n      <\/div>\r\n      <div class=\"similar-product\"><img decoding=\"async\" src=\"https:\/\/objektmobiliar.ch\/wp-content\/uploads\/2023\/10\/osaka-3er-sofa-ausziehfunktion.jpg\" loading=\"eager\" alt=\"Canap\u00e9 3 places Osaka avec fonction d&#039;extension\" class=\"similar-product-img\">\r\n        <div class=\"center\">\r\n          <div class=\"w-richtext\">\r\n            <p><strong>Canap\u00e9 3 places Osaka avec fonction d'extension,<\/strong><br>220-0184.2\/S<\/p>\r\n          <\/div>\r\n          \r\n        <\/div>\r\n      <\/div>\r\n    <\/div>\r\n  <\/div>\r\n  \r\n  <div class=\"cnt narrow\">\r\n    <div class=\"similar-products-nav-pos\">\r\n      <div class=\"w-embed\">\r\n        \r\n      <\/div>\r\n    <\/div>\r\n  <\/div>\r\n<\/section><\/div>\n\n<div class=\"lazyblock-text-modul-ozg-Z2hqBkq wp-block-lazyblock-text-modul-ozg\"><section class=\"sct\">\r\n      <div class=\"cnt narrow\">\r\n        <div class=\"w-richtext\">\r\n            <p><img loading=\"lazy\" decoding=\"async\" class=\"alignnone size-full wp-image-495\" src=\"https:\/\/objektmobiliar.ch\/wp-content\/uploads\/2023\/10\/raumbild-osaka-sitzecke-spiegelverkehrt-2.jpg\" alt=\"Appuie-t\u00eate fixe pour Osaka\" width=\"1200\" height=\"849\" srcset=\"https:\/\/objektmobiliar.ch\/wp-content\/uploads\/2023\/10\/raumbild-osaka-sitzecke-spiegelverkehrt-2.jpg 1200w, https:\/\/objektmobiliar.ch\/wp-content\/uploads\/2023\/10\/raumbild-osaka-sitzecke-spiegelverkehrt-2-800x566.jpg 800w, https:\/\/objektmobiliar.ch\/wp-content\/uploads\/2023\/10\/raumbild-osaka-sitzecke-spiegelverkehrt-2-768x543.jpg 768w\" sizes=\"auto, (max-width: 1200px) 100vw, 1200px\" \/><\/p>\n<p><strong>Appuie-t\u00eate fixe pour Osaka, <\/strong>N\u00b0 d'art. 220-0181\/K<br \/>Canap\u00e9s d'angle configurables individuellement<\/p>\n<p><img loading=\"lazy\" decoding=\"async\" class=\"alignnone size-large wp-image-497\" src=\"https:\/\/objektmobiliar.ch\/wp-content\/uploads\/2023\/10\/osaka-beine-1600x480.jpg\" alt=\"\" width=\"1600\" height=\"480\" srcset=\"https:\/\/objektmobiliar.ch\/wp-content\/uploads\/2023\/10\/osaka-beine-1600x480.jpg 1600w, https:\/\/objektmobiliar.ch\/wp-content\/uploads\/2023\/10\/osaka-beine-800x240.jpg 800w, https:\/\/objektmobiliar.ch\/wp-content\/uploads\/2023\/10\/osaka-beine-768x230.jpg 768w, https:\/\/objektmobiliar.ch\/wp-content\/uploads\/2023\/10\/osaka-beine-1536x461.jpg 1536w, https:\/\/objektmobiliar.ch\/wp-content\/uploads\/2023\/10\/osaka-beine.jpg 2000w\" sizes=\"auto, (max-width: 1600px) 100vw, 1600px\" \/><\/p>\n<p><strong>Divers pieds au choix<\/strong><\/p>\r\n        <\/div>\r\n      <\/div>\r\n    <\/section><\/div>\n\n\n<div class=\"wp-block-group\"><div class=\"wp-block-group__inner-container is-layout-constrained wp-block-group-is-layout-constrained\"><section class=\"sct\">\r\n      <div class=\"cnt narrow\">\r\n        <div class=\"introtxt\">\r\n        <div class=\"w-richtext\">\r\n            <h2>Description du produit<\/h2>\r\n        <\/div>\r\n        <\/div>\r\n        \r\n          \n\n\n<figure class=\"wp-block-table is-style-regular\"><table><thead><tr><th>Art. No.<\/th><th>Description<\/th><\/tr><\/thead><tbody><tr><td>220-0182\/S<\/td><td>Fauteuil Osaka<\/td><\/tr><tr><td>220-0185\/S<\/td><td>Canap\u00e9 2 places Osaka<\/td><\/tr><tr><td>220-0184\/S<\/td><td>Canap\u00e9 3 places Osaka<\/td><\/tr><tr><td>220-0184.2\/S<\/td><td>Canap\u00e9 3 places Osaka avec fonction d'extension<\/td><\/tr><tr><td>220-0181\/K<\/td><td>Appuie-t\u00eate fixe pour Osaka<\/td><\/tr><tr><td>220-0201\/S<\/td><td>Appuie-t\u00eate souple pour Osaka<\/td><\/tr><\/tbody><\/table><\/figure>\n\n\n<\/div><\/section><\/div><\/div>\n\n\n<div class=\"lazyblock-text-modul-ozg-Z2irU3x wp-block-lazyblock-text-modul-ozg\"><section class=\"sct\">\r\n      <div class=\"cnt narrow\">\r\n        <div class=\"w-richtext\">\r\n            <h3>Flexibilit\u00e9 et qualit\u00e9 - des meubles avec un rembourrage confortable pour les maisons de soins<\/h3>\n<p>Cette s\u00e9rie est synonyme de confort d'assise de premi\u00e8re classe, de mat\u00e9riaux de qualit\u00e9 et de possibilit\u00e9s d'utilisation multifonctionnelles. OSAKA propose une large gamme de mod\u00e8les qui s'int\u00e8grent parfaitement dans diff\u00e9rents concepts d'espace. La s\u00e9rie comprend des fauteuils, des canap\u00e9s 2 places, des canap\u00e9s 3 places avec ou sans fonction d'extension et des canap\u00e9s d'angle configurables individuellement. Chaque mod\u00e8le a \u00e9t\u00e9 soigneusement con\u00e7u pour garantir un confort d'assise maximal et une longue dur\u00e9e de vie.<\/p>\n<h3>Configurez OSAKA comme vous le souhaitez<\/h3>\n<p>Gr\u00e2ce aux nombreuses possibilit\u00e9s de configuration, il est facile d'adapter les fauteuils et les canap\u00e9s \u00e0 vos besoins sp\u00e9cifiques et aux conditions d'espace. Pour am\u00e9liorer encore le confort, la s\u00e9rie OSAKA propose des appuie-t\u00eate fixes et souples qui peuvent \u00eatre ajout\u00e9s en option aux meubles. Ces appuie-t\u00eate apportent un soutien suppl\u00e9mentaire et contribuent \u00e0 une position assise agr\u00e9able et relaxante. De plus, vous pouvez choisir parmi une multitude d'options de pieds, dont des pieds en bois ou en acier inoxydable, pour donner aux meubles un look individuel.<\/p>\n<h3>Des mat\u00e9riaux de qualit\u00e9 et de nombreuses options<\/h3>\n<p>Les meubles avec un rembourrage confortable pour les maisons de soins sont disponibles dans de nombreux mat\u00e9riaux de rev\u00eatement. Qu'il s'agisse de tissus en microfibres, de similicuir ou de cuir v\u00e9ritable, choisissez dans notre vaste assortiment le <a href=\"https:\/\/objektmobiliar.ch\/fr\/inspiration\/materiaux-et-couleurs\/\">mat\u00e9riel adapt\u00e9<\/a> pour r\u00e9pondre \u00e0 vos besoins. Tous nos mat\u00e9riaux de rev\u00eatement sont robustes et faciles \u00e0 entretenir, ce qui les rend id\u00e9aux pour les \u00e9tablissements de soins. La palette de couleurs dans laquelle les rev\u00eatements sont disponibles pour OSAKA est pratiquement illimit\u00e9e. Vous pouvez \u00e9galement choisir la couleur des pieds en bois ou en acier inoxydable. Nous nous ferons un plaisir de vous conseiller dans votre choix.<\/p>\r\n        <\/div>\r\n      <\/div>\r\n    <\/section><\/div><style class=\"advgb-styles-renderer\">\r\n            .similar-products-nav li {\r\n              overflow: hidden;\r\n              margin: 0px !important;\r\n              flex-grow: 0 !important;\r\n              flex-shrink: 1 !important;\r\n              flex-basis: 12.5% !important;\r\n              border-style: solid;\r\n              border-width: 2px;\r\n              border-color: transparent;\r\n              border-radius: 8px;\r\n              transition-property: border-color;\r\n              transition-duration: 600ms;\r\n              transition-timing-function: ease;\r\n              cursor: pointer;\r\n            }\r\n            .similar-products-nav li.slick-active {\r\n              border-color: #dde7ef;\r\n            }\r\n            @media screen and (max-width:767px) {\r\n              .similar-products-nav li {\r\n                flex-basis: auto !important;\r\n                border-radius: 8px;\r\n                padding-top: 8px;\r\n                padding-right: 16px;\r\n                padding-bottom: 6px;\r\n                padding-left: 16px;\r\n              }\r\n              .similar-products-nav li.slick-active {\r\n                background-color: #dde7ef;\r\n                transition-property: background-color, border-color;\r\n                transition-duration: 600ms, 200ms;\r\n                transition-timing-function: ease, ease;\r\n                color: #426b8a;\r\n              }\r\n            }\r\n          <\/style>","protected":false},"excerpt":{"rendered":"<p>Die Serie OSAKA \u00fcberzeugt durch hohen Sitzkomfort, hochqualitative Materialen und Multifunktionalit\u00e4t. Wie all unser Mobiliar, ist auch die OSAKA Serie vielf\u00e4ltig konfigurierbar in Bezug auf Materialen und Farbvariationen.<\/p>","protected":false},"author":2,"featured_media":492,"parent":220,"menu_order":0,"comment_status":"closed","ping_status":"closed","template":"","meta":{"advgb_blocks_editor_width":"","advgb_blocks_columns_visual_guide":"","footnotes":""},"class_list":["post-494","page","type-page","status-publish","has-post-thumbnail","hentry"],"yoast_head":"<!-- This site is optimized with the Yoast SEO plugin v27.4 - https:\/\/yoast.com\/product\/yoast-seo-wordpress\/ -->\n<title>M\u00f6bel mit komfortabler Polsterung f\u00fcr Pflegeheime - bei OZG<\/title>\n<meta name=\"description\" content=\"Sie Serie OSAKA umfasst M\u00f6bel mit komfortabler Polsterung f\u00fcr Pflegeheime, darunter individuell konfigurierbare Couches, Ecksofas und Sessel.\" \/>\n<meta name=\"robots\" content=\"index, follow, max-snippet:-1, max-image-preview:large, max-video-preview:-1\" \/>\n<link rel=\"canonical\" href=\"https:\/\/objektmobiliar.ch\/fr\/meubles\/meubles-rembourres-faciles-a-entretenir\/meubles-avec-rembourrage-confortable\/\" \/>\n<meta property=\"og:locale\" content=\"fr_FR\" \/>\n<meta property=\"og:type\" content=\"article\" \/>\n<meta property=\"og:title\" content=\"M\u00f6bel mit komfortabler Polsterung f\u00fcr Pflegeheime - bei OZG\" \/>\n<meta property=\"og:description\" content=\"Sie Serie OSAKA umfasst M\u00f6bel mit komfortabler Polsterung f\u00fcr Pflegeheime, darunter individuell konfigurierbare Couches, Ecksofas und Sessel.\" \/>\n<meta property=\"og:url\" content=\"https:\/\/objektmobiliar.ch\/fr\/meubles\/meubles-rembourres-faciles-a-entretenir\/meubles-avec-rembourrage-confortable\/\" \/>\n<meta property=\"og:site_name\" content=\"OZG HEALTHCARE\" \/>\n<meta property=\"article:modified_time\" content=\"2024-08-27T15:11:04+00:00\" \/>\n<meta property=\"og:image\" content=\"https:\/\/objektmobiliar.ch\/wp-content\/uploads\/2023\/10\/osaka-sessel.jpg\" \/>\n\t<meta property=\"og:image:width\" content=\"1000\" \/>\n\t<meta property=\"og:image:height\" content=\"1000\" \/>\n\t<meta property=\"og:image:type\" content=\"image\/jpeg\" \/>\n<meta name=\"twitter:card\" content=\"summary_large_image\" \/>\n<meta name=\"twitter:label1\" content=\"Dur\u00e9e de lecture estim\u00e9e\" \/>\n\t<meta name=\"twitter:data1\" content=\"4 minutes\" \/>\n<script type=\"application\/ld+json\" class=\"yoast-schema-graph\">{\"@context\":\"https:\\\/\\\/schema.org\",\"@graph\":[{\"@type\":\"WebPage\",\"@id\":\"https:\\\/\\\/objektmobiliar.ch\\\/moebel\\\/pflegegerechte-polstermoebel\\\/moebel-mit-komfortabler-polsterung\\\/\",\"url\":\"https:\\\/\\\/objektmobiliar.ch\\\/moebel\\\/pflegegerechte-polstermoebel\\\/moebel-mit-komfortabler-polsterung\\\/\",\"name\":\"M\u00f6bel mit komfortabler Polsterung f\u00fcr Pflegeheime - bei OZG\",\"isPartOf\":{\"@id\":\"https:\\\/\\\/objektmobiliar.ch\\\/#website\"},\"primaryImageOfPage\":{\"@id\":\"https:\\\/\\\/objektmobiliar.ch\\\/moebel\\\/pflegegerechte-polstermoebel\\\/moebel-mit-komfortabler-polsterung\\\/#primaryimage\"},\"image\":{\"@id\":\"https:\\\/\\\/objektmobiliar.ch\\\/moebel\\\/pflegegerechte-polstermoebel\\\/moebel-mit-komfortabler-polsterung\\\/#primaryimage\"},\"thumbnailUrl\":\"https:\\\/\\\/objektmobiliar.ch\\\/wp-content\\\/uploads\\\/2023\\\/10\\\/osaka-sessel.jpg\",\"datePublished\":\"2023-10-14T17:05:40+00:00\",\"dateModified\":\"2024-08-27T15:11:04+00:00\",\"description\":\"Sie Serie OSAKA umfasst M\u00f6bel mit komfortabler Polsterung f\u00fcr Pflegeheime, darunter individuell konfigurierbare Couches, Ecksofas und Sessel.\",\"breadcrumb\":{\"@id\":\"https:\\\/\\\/objektmobiliar.ch\\\/moebel\\\/pflegegerechte-polstermoebel\\\/moebel-mit-komfortabler-polsterung\\\/#breadcrumb\"},\"inLanguage\":\"fr-FR\",\"potentialAction\":[{\"@type\":\"ReadAction\",\"target\":[\"https:\\\/\\\/objektmobiliar.ch\\\/moebel\\\/pflegegerechte-polstermoebel\\\/moebel-mit-komfortabler-polsterung\\\/\"]}]},{\"@type\":\"ImageObject\",\"inLanguage\":\"fr-FR\",\"@id\":\"https:\\\/\\\/objektmobiliar.ch\\\/moebel\\\/pflegegerechte-polstermoebel\\\/moebel-mit-komfortabler-polsterung\\\/#primaryimage\",\"url\":\"https:\\\/\\\/objektmobiliar.ch\\\/wp-content\\\/uploads\\\/2023\\\/10\\\/osaka-sessel.jpg\",\"contentUrl\":\"https:\\\/\\\/objektmobiliar.ch\\\/wp-content\\\/uploads\\\/2023\\\/10\\\/osaka-sessel.jpg\",\"width\":1000,\"height\":1000,\"caption\":\"Der komfortable Sessel Osaka f\u00fcr Pflegeeinrichtungen\"},{\"@type\":\"BreadcrumbList\",\"@id\":\"https:\\\/\\\/objektmobiliar.ch\\\/moebel\\\/pflegegerechte-polstermoebel\\\/moebel-mit-komfortabler-polsterung\\\/#breadcrumb\",\"itemListElement\":[{\"@type\":\"ListItem\",\"position\":1,\"name\":\"Startseite\",\"item\":\"https:\\\/\\\/objektmobiliar.ch\\\/\"},{\"@type\":\"ListItem\",\"position\":2,\"name\":\"M\u00f6bel\",\"item\":\"https:\\\/\\\/objektmobiliar.ch\\\/moebel\\\/\"},{\"@type\":\"ListItem\",\"position\":3,\"name\":\"Polsterm\u00f6bel\",\"item\":\"https:\\\/\\\/objektmobiliar.ch\\\/moebel\\\/pflegegerechte-polstermoebel\\\/\"},{\"@type\":\"ListItem\",\"position\":4,\"name\":\"Osaka\"}]},{\"@type\":\"WebSite\",\"@id\":\"https:\\\/\\\/objektmobiliar.ch\\\/#website\",\"url\":\"https:\\\/\\\/objektmobiliar.ch\\\/\",\"name\":\"OZG HEALTHCARE\",\"description\":\"Objektmobiliar f\u00fcr Pflege, B\u00fcro, Praxis &amp; Hotellerie\",\"potentialAction\":[{\"@type\":\"SearchAction\",\"target\":{\"@type\":\"EntryPoint\",\"urlTemplate\":\"https:\\\/\\\/objektmobiliar.ch\\\/?s={search_term_string}\"},\"query-input\":{\"@type\":\"PropertyValueSpecification\",\"valueRequired\":true,\"valueName\":\"search_term_string\"}}],\"inLanguage\":\"fr-FR\"}]}<\/script>\n<!-- \/ Yoast SEO plugin. -->","yoast_head_json":{"title":"Meubles avec rembourrage confortable pour les maisons de soins - chez OZG","description":"La s\u00e9rie OSAKA comprend des meubles avec un rembourrage confortable pour les maisons de soins, notamment des canap\u00e9s, des canap\u00e9s d'angle et des fauteuils configurables individuellement.","robots":{"index":"index","follow":"follow","max-snippet":"max-snippet:-1","max-image-preview":"max-image-preview:large","max-video-preview":"max-video-preview:-1"},"canonical":"https:\/\/objektmobiliar.ch\/fr\/meubles\/meubles-rembourres-faciles-a-entretenir\/meubles-avec-rembourrage-confortable\/","og_locale":"fr_FR","og_type":"article","og_title":"M\u00f6bel mit komfortabler Polsterung f\u00fcr Pflegeheime - bei OZG","og_description":"Sie Serie OSAKA umfasst M\u00f6bel mit komfortabler Polsterung f\u00fcr Pflegeheime, darunter individuell konfigurierbare Couches, Ecksofas und Sessel.","og_url":"https:\/\/objektmobiliar.ch\/fr\/meubles\/meubles-rembourres-faciles-a-entretenir\/meubles-avec-rembourrage-confortable\/","og_site_name":"OZG HEALTHCARE","article_modified_time":"2024-08-27T15:11:04+00:00","og_image":[{"width":1000,"height":1000,"url":"https:\/\/objektmobiliar.ch\/wp-content\/uploads\/2023\/10\/osaka-sessel.jpg","type":"image\/jpeg"}],"twitter_card":"summary_large_image","twitter_misc":{"Dur\u00e9e de lecture estim\u00e9e":"4 minutes"},"schema":{"@context":"https:\/\/schema.org","@graph":[{"@type":"WebPage","@id":"https:\/\/objektmobiliar.ch\/moebel\/pflegegerechte-polstermoebel\/moebel-mit-komfortabler-polsterung\/","url":"https:\/\/objektmobiliar.ch\/moebel\/pflegegerechte-polstermoebel\/moebel-mit-komfortabler-polsterung\/","name":"Meubles avec rembourrage confortable pour les maisons de soins - chez OZG","isPartOf":{"@id":"https:\/\/objektmobiliar.ch\/#website"},"primaryImageOfPage":{"@id":"https:\/\/objektmobiliar.ch\/moebel\/pflegegerechte-polstermoebel\/moebel-mit-komfortabler-polsterung\/#primaryimage"},"image":{"@id":"https:\/\/objektmobiliar.ch\/moebel\/pflegegerechte-polstermoebel\/moebel-mit-komfortabler-polsterung\/#primaryimage"},"thumbnailUrl":"https:\/\/objektmobiliar.ch\/wp-content\/uploads\/2023\/10\/osaka-sessel.jpg","datePublished":"2023-10-14T17:05:40+00:00","dateModified":"2024-08-27T15:11:04+00:00","description":"La s\u00e9rie OSAKA comprend des meubles avec un rembourrage confortable pour les maisons de soins, notamment des canap\u00e9s, des canap\u00e9s d'angle et des fauteuils configurables individuellement.","breadcrumb":{"@id":"https:\/\/objektmobiliar.ch\/moebel\/pflegegerechte-polstermoebel\/moebel-mit-komfortabler-polsterung\/#breadcrumb"},"inLanguage":"fr-FR","potentialAction":[{"@type":"ReadAction","target":["https:\/\/objektmobiliar.ch\/moebel\/pflegegerechte-polstermoebel\/moebel-mit-komfortabler-polsterung\/"]}]},{"@type":"ImageObject","inLanguage":"fr-FR","@id":"https:\/\/objektmobiliar.ch\/moebel\/pflegegerechte-polstermoebel\/moebel-mit-komfortabler-polsterung\/#primaryimage","url":"https:\/\/objektmobiliar.ch\/wp-content\/uploads\/2023\/10\/osaka-sessel.jpg","contentUrl":"https:\/\/objektmobiliar.ch\/wp-content\/uploads\/2023\/10\/osaka-sessel.jpg","width":1000,"height":1000,"caption":"Der komfortable Sessel Osaka f\u00fcr Pflegeeinrichtungen"},{"@type":"BreadcrumbList","@id":"https:\/\/objektmobiliar.ch\/moebel\/pflegegerechte-polstermoebel\/moebel-mit-komfortabler-polsterung\/#breadcrumb","itemListElement":[{"@type":"ListItem","position":1,"name":"Startseite","item":"https:\/\/objektmobiliar.ch\/"},{"@type":"ListItem","position":2,"name":"M\u00f6bel","item":"https:\/\/objektmobiliar.ch\/moebel\/"},{"@type":"ListItem","position":3,"name":"Polsterm\u00f6bel","item":"https:\/\/objektmobiliar.ch\/moebel\/pflegegerechte-polstermoebel\/"},{"@type":"ListItem","position":4,"name":"Osaka"}]},{"@type":"WebSite","@id":"https:\/\/objektmobiliar.ch\/#website","url":"https:\/\/objektmobiliar.ch\/","name":"OZG HEALTHCARE","description":"Mobilier de collectivit\u00e9 pour les soins, les bureaux, les cabinets m\u00e9dicaux et l'h\u00f4tellerie","potentialAction":[{"@type":"SearchAction","target":{"@type":"EntryPoint","urlTemplate":"https:\/\/objektmobiliar.ch\/?s={search_term_string}"},"query-input":{"@type":"PropertyValueSpecification","valueRequired":true,"valueName":"search_term_string"}}],"inLanguage":"fr-FR"}]}},"coauthors":[],"author_meta":{"author_link":"https:\/\/objektmobiliar.ch\/fr\/author\/alex\/","display_name":"Alex"},"relative_dates":{"created":"Publi\u00e9 3 ans il y a","modified":"Mis \u00e0 jour 2 ans il y a"},"absolute_dates":{"created":"Publi\u00e9 le octobre 14, 2023","modified":"Mise \u00e0 jour le ao\u00fbt 27, 2024"},"absolute_dates_time":{"created":"Publi\u00e9 le octobre 14, 2023 5:05 pm","modified":"Mise \u00e0 jour le ao\u00fbt 27, 2024 3:11 pm"},"featured_img_caption":"","featured_img":"https:\/\/objektmobiliar.ch\/wp-content\/uploads\/2023\/10\/osaka-sessel-825x510.jpg","series_order":"","_links":{"self":[{"href":"https:\/\/objektmobiliar.ch\/fr\/wp-json\/wp\/v2\/pages\/494","targetHints":{"allow":["GET"]}}],"collection":[{"href":"https:\/\/objektmobiliar.ch\/fr\/wp-json\/wp\/v2\/pages"}],"about":[{"href":"https:\/\/objektmobiliar.ch\/fr\/wp-json\/wp\/v2\/types\/page"}],"author":[{"embeddable":true,"href":"https:\/\/objektmobiliar.ch\/fr\/wp-json\/wp\/v2\/users\/2"}],"replies":[{"embeddable":true,"href":"https:\/\/objektmobiliar.ch\/fr\/wp-json\/wp\/v2\/comments?post=494"}],"version-history":[{"count":7,"href":"https:\/\/objektmobiliar.ch\/fr\/wp-json\/wp\/v2\/pages\/494\/revisions"}],"predecessor-version":[{"id":3870,"href":"https:\/\/objektmobiliar.ch\/fr\/wp-json\/wp\/v2\/pages\/494\/revisions\/3870"}],"up":[{"embeddable":true,"href":"https:\/\/objektmobiliar.ch\/fr\/wp-json\/wp\/v2\/pages\/220"}],"wp:featuredmedia":[{"embeddable":true,"href":"https:\/\/objektmobiliar.ch\/fr\/wp-json\/wp\/v2\/media\/492"}],"wp:attachment":[{"href":"https:\/\/objektmobiliar.ch\/fr\/wp-json\/wp\/v2\/media?parent=494"}],"curies":[{"name":"wp","href":"https:\/\/api.w.org\/{rel}","templated":true}]}}