{"id":4919,"date":"2025-03-25T15:35:52","date_gmt":"2025-03-25T15:35:52","guid":{"rendered":"https:\/\/objektmobiliar.ch\/?page_id=4919"},"modified":"2026-01-27T14:17:31","modified_gmt":"2026-01-27T14:17:31","slug":"chaise-de-jardin-coloree","status":"publish","type":"page","link":"https:\/\/objektmobiliar.ch\/fr\/moebel\/outdoor-moebel-pflegeheime\/farbenfroher-gartenstuhl\/","title":{"rendered":"Paris Chaise de jardin"},"content":{"rendered":"<div class=\"lazyblock-produkt-detail-ozg-1QwQpg wp-block-lazyblock-produkt-detail-ozg\"><section class=\"sct\">\r\n      <div class=\"cnt\">\r\n        <div class=\"elmnt-product-desc\">\r\n          <div class=\"product-desc-box\"><img decoding=\"async\" src=\"https:\/\/objektmobiliar.ch\/wp-content\/uploads\/2025\/03\/Moderner-farbenfroher-Gartenstuhl-1.jpg\" loading=\"lazy\" alt=\"\" class=\"product-desc-img\"><\/div>\r\n          <div class=\"product-desc-txt\">\r\n            <h1 class=\"txt-product-headline\">Gartenstuhl Serie Paris<\/h1>\r\n            <h2 class=\"txt-product-subline\">Modern, bunt, vielseitig<\/h2>\r\n            <div class=\"w-richtext\">\r\n              <p>Moderner, farbenfroher Gartenstuhl mit oder ohne Armlehnen, in Vollaluminium oder mit hochwertigem Holz. Das Modell Paris passt sich den individuellen Herausforderungen moderner Einrichtungen im Gesundheitsweisen an. Die St\u00fchle der Serie sind stapelbar und erh\u00e4ltlich in einer umfangreichen Farbvielfalt.<\/p>\n<p><strong>Verf\u00fcgbare Farben:<\/strong> Weiss, Champagne, Gr\u00fcn, Grau Metallic, Carbon, Coralle, Honig, Mint, Blaugrau, Kupfer, Ozeanblau, Rubinrot, Schilfgr\u00fcn, Zitronengelb<\/p>\r\n            <\/div>\r\n            <a onclick=\"splite_loader();\" class=\"btn\">Produkt anfragen<\/a>\r\n          <\/div>\r\n        <\/div>\r\n      <\/div>\r\n    <\/section><\/div>\n\n<div class=\"lazyblock-text-modul-ozg-16gzvr wp-block-lazyblock-text-modul-ozg\"><section class=\"sct\">\r\n      <div class=\"cnt narrow\">\r\n        <div class=\"w-richtext\">\r\n            <p><strong>Farbauswahl:<\/strong><\/p>\n<p><img loading=\"lazy\" decoding=\"async\" class=\"alignnone size-full wp-image-5773\" src=\"https:\/\/objektmobiliar.ch\/wp-content\/uploads\/2026\/01\/Gestell-Paris.png\" alt=\"\" width=\"1173\" height=\"293\" srcset=\"https:\/\/objektmobiliar.ch\/wp-content\/uploads\/2026\/01\/Gestell-Paris.png 1173w, https:\/\/objektmobiliar.ch\/wp-content\/uploads\/2026\/01\/Gestell-Paris-800x200.png 800w, https:\/\/objektmobiliar.ch\/wp-content\/uploads\/2026\/01\/Gestell-Paris-768x192.png 768w, https:\/\/objektmobiliar.ch\/wp-content\/uploads\/2026\/01\/Gestell-Paris-18x4.png 18w\" sizes=\"auto, (max-width: 1173px) 100vw, 1173px\" \/><\/p>\r\n        <\/div>\r\n      <\/div>\r\n    <\/section><\/div>\n\n<div class=\"lazyblock-produkt-slider-ozg-Z1qNU1g wp-block-lazyblock-produkt-slider-ozg\"><section class=\"sct\">\r\n  <div class=\"cnt semi\">\r\n    <div class=\"intro-txt\">\r\n        <h2>Modelle und Ausf\u00fchrungen<\/h2>\r\n    <\/div>\r\n    \r\n    <div class=\"elmnt-similar-products\">\r\n      <div class=\"similar-product\"><img decoding=\"async\" src=\"https:\/\/objektmobiliar.ch\/wp-content\/uploads\/2025\/03\/Moderner-Gartenstuhl-Holz-mit-Armlehnen-1.jpg\" loading=\"eager\" alt=\"\" class=\"similar-product-img\">\r\n        <div class=\"center\">\r\n          <div class=\"w-richtext\">\r\n            <p>251-0020\/S<br>Alu &amp; Holz; mit Armlehnen<\/p>\r\n          <\/div>\r\n          \r\n        <\/div>\r\n      <\/div>\r\n      <div class=\"similar-product\"><img decoding=\"async\" src=\"https:\/\/objektmobiliar.ch\/wp-content\/uploads\/2025\/03\/Moderner-Alu-Gartenstuhl-mit-Armlehnen-1.jpg\" loading=\"eager\" alt=\"\" class=\"similar-product-img\">\r\n        <div class=\"center\">\r\n          <div class=\"w-richtext\">\r\n            <p>251-0022\/S<br>Vollaluminium; mit Armlehnen<\/p>\r\n          <\/div>\r\n          \r\n        <\/div>\r\n      <\/div>\r\n      <div class=\"similar-product\"><img decoding=\"async\" src=\"https:\/\/objektmobiliar.ch\/wp-content\/uploads\/2025\/03\/Moderner-Gartenstuhl-Aluminium.jpg\" loading=\"eager\" alt=\"\" class=\"similar-product-img\">\r\n        <div class=\"center\">\r\n          <div class=\"w-richtext\">\r\n            <p>251-0021\/S<br>Vollaluminium; ohne Armlehnen<\/p>\r\n          <\/div>\r\n          \r\n        <\/div>\r\n      <\/div>\r\n      <div class=\"similar-product\"><img decoding=\"async\" src=\"https:\/\/objektmobiliar.ch\/wp-content\/uploads\/2025\/03\/Moderner-Gartenstuhl-Holz-ohne-Armlehnen.jpg\" loading=\"eager\" alt=\"\" class=\"similar-product-img\">\r\n        <div class=\"center\">\r\n          <div class=\"w-richtext\">\r\n            <p>251-0020\/S<br>Alu &amp; Holz; ohne Armlehnen<\/p>\r\n          <\/div>\r\n          \r\n        <\/div>\r\n      <\/div>\r\n    <\/div>\r\n  <\/div>\r\n  \r\n  <div class=\"cnt narrow\">\r\n    <div class=\"similar-products-nav-pos\">\r\n      <div class=\"w-embed\">\r\n        \r\n      <\/div>\r\n    <\/div>\r\n  <\/div>\r\n<\/section><\/div>\n\n<section class=\"sct\">\r\n      <div class=\"cnt semi\">\r\n        <div class=\"introtxt\">\r\n        <div class=\"w-richtext\">\r\n            <h2>Produktbeschreibung<\/h2>\r\n        <\/div>\r\n        <\/div>\r\n        \r\n          \n\n\n<figure class=\"wp-block-table\"><table class=\"has-fixed-layout\"><thead><tr><th>Art. Nr.<\/th><th>Bezeichnung<\/th><th>Abmessung<\/th><\/tr><\/thead><tbody><tr><td>251-0019\/S<\/td><td>Paris Gartenstuhl Holz, ohne Armlehnen<\/td><td>H 81cm, B 47cm, T 53cm, SH 46cm<\/td><\/tr><tr><td>251-0020\/S<\/td><td>Paris Gartenstuhl Holz, mit Armlehnen<\/td><td>H 80cm, B 59cm, T 52cm, SH 46cm<\/td><\/tr><tr><td>251-0021\/S<\/td><td>Paris Gartenstuhl Aluminium, ohne Armlehnen<\/td><td>H 81cm, B 47cm, T 53cm, SH 46cm<\/td><\/tr><tr><td>251-0022\/S<\/td><td>Paris Gartenstuhl Aluminium, mit Armlehnen<\/td><td>H 80cm, B 59cm, T 52cm, SH 46cm<\/td><\/tr><\/tbody><\/table><\/figure>\n\n\n<\/div><\/section>\n\n<div class=\"lazyblock-bildergalerie-lightbox-ozg-Z1L3tNu wp-block-lazyblock-bildergalerie-lightbox-ozg\"><section class=\"sct\">\r\n  <div class=\"cnt semi\">\r\n    <div class=\"introtxt\">\r\n    <div class=\"w-richtext\">\r\n        <h2>Referenzen zur Gartenstuhl Serie Paris<\/h2>\r\n    <\/div>\r\n    <\/div>\r\n  \r\n    <div class=\"elmnt-imggallery\">\r\n      <a href=\"#\" class=\"imggallery-link w-inline-block w-lightbox\">\r\n        <img decoding=\"async\" src=\"https:\/\/objektmobiliar.ch\/wp-content\/uploads\/2025\/03\/Moderne-farbenfrohe-Gartenmoebel.jpg\" loading=\"lazy\" alt=\"\" class=\"imggallery-img\">\r\n        <script type=\"application\/json\" class=\"w-json\">\r\n            {\r\n              \"items\": [{\r\n\r\n                \"url\": \"https:\/\/objektmobiliar.ch\/wp-content\/uploads\/2025\/03\/Moderne-farbenfrohe-Gartenmoebel.jpg\",\r\n                \"caption\": \"\",\r\n                \"type\": \"image\"\r\n              }],\r\n              \"group\": \"\"\r\n            }\r\n          <\/script>\r\n      <\/a>\r\n      <a href=\"#\" class=\"imggallery-link w-inline-block w-lightbox\">\r\n        <img decoding=\"async\" src=\"https:\/\/objektmobiliar.ch\/wp-content\/uploads\/2025\/03\/Moderne-farbenfrohe-Alu-Gartenmoebel.jpg\" loading=\"lazy\" alt=\"\" class=\"imggallery-img\">\r\n        <script type=\"application\/json\" class=\"w-json\">\r\n            {\r\n              \"items\": [{\r\n\r\n                \"url\": \"https:\/\/objektmobiliar.ch\/wp-content\/uploads\/2025\/03\/Moderne-farbenfrohe-Alu-Gartenmoebel.jpg\",\r\n                \"caption\": \"\",\r\n                \"type\": \"image\"\r\n              }],\r\n              \"group\": \"\"\r\n            }\r\n          <\/script>\r\n      <\/a>\r\n    <\/div>\r\n    \r\n  <\/div>\r\n<\/section><\/div>\n\n<div class=\"lazyblock-text-modul-ozg-2b4Kp5 wp-block-lazyblock-text-modul-ozg\"><section class=\"sct\">\r\n      <div class=\"cnt semi\">\r\n        <div class=\"w-richtext\">\r\n            <h2>Moderner, farbenfroher Gartenstuhl<\/h2>\n<p>Modern, bunt, vielseitig. Dies sind nur einige der Merkmale, die das Modell Paris in sich vereint. Ob Stuhl mit oder ohne Armlehnen, ob in Vollaluminium oder mit hochwertigen Teakleisten, ob klassisch elegant oder urban frech, die Gartenst\u00fchle der Serie Paris passen sich den individuellen Herausforderungen moderner Einrichtungen im Gesundheitswesen an. Die grosse Farbvielfalt, die zur Auswahl steht, macht dieses Stuhlmodell zu einem wahren Cham\u00e4leon.<\/p>\n<p>W\u00e4hlen Sie aus folgenden Gestellfarben die passende f\u00fcr Ihr Einrichtungskonzept: Weiss, Champagne, Gr\u00fcn, Grau Metallic, Carbon, Coralle, Honig, Mint, Blaugrau, Kupfer, Ozeanblau, Rubinrot, Schilfgr\u00fcn, Zitronengelb<\/p>\n<h3>Idealer Stuhl f\u00fcr Garten oder Balkon<\/h3>\n<p>Egal ob Balkon, Terrasse, Garten oder Aussensitzbereich Ihres Caf\u00e9s oder Bistros: als moderner, farbenfroher Gartenstuhl macht Paris \u00fcberall eine gute Figur. Leicht ausgestellte Bein sorgen f\u00fcr einen stabilen Stand. Armlehnen geben zus\u00e4tzliche Sicherheit beim Hinsetzen oder Aufstehen. Nat\u00fcrlich sind alle Gartenst\u00fchle der Serie stapelbar und k\u00f6nnen so einfach platzsparend verstaut werden.\u00a0<\/p>\n<h3 id=\"weitere-outdoor-stuhle-und-tische\">Weitere Outdoor St\u00fchle und Tische<\/h3>\n<p>Sie sind auf der Suche nach weiteren M\u00f6beln f\u00fcr Ihre Terrassen, Balkone oder G\u00e4rten? In unserem Sortiment finden Sie eine grosse Auswahl an\u00a0<a href=\"https:\/\/objektmobiliar.ch\/moebel\/outdoor-moebel-pflegeheime\/\" target=\"_blank\" rel=\"noopener\">Outdoor St\u00fchlen und Tischen<\/a>.<\/p>\r\n        <\/div>\r\n            <div ><a href=\"https:\/\/objektmobiliar.ch\/moebel\/outdoor-moebel-pflegeheime\/\" class=\"btn\" >Weitere Outdoor M\u00f6bel<\/a><\/div>\r\n      <\/div>\r\n    <\/section><\/div><style class=\"advgb-styles-renderer\">\r\n            .similar-products-nav li {\r\n              overflow: hidden;\r\n              margin: 0px !important;\r\n              flex-grow: 0 !important;\r\n              flex-shrink: 1 !important;\r\n              flex-basis: 12.5% !important;\r\n              border-style: solid;\r\n              border-width: 2px;\r\n              border-color: transparent;\r\n              border-radius: 8px;\r\n              transition-property: border-color;\r\n              transition-duration: 600ms;\r\n              transition-timing-function: ease;\r\n              cursor: pointer;\r\n            }\r\n            .similar-products-nav li.slick-active {\r\n              border-color: #dde7ef;\r\n            }\r\n            @media screen and (max-width:767px) {\r\n              .similar-products-nav li {\r\n                flex-basis: auto !important;\r\n                border-radius: 8px;\r\n                padding-top: 8px;\r\n                padding-right: 16px;\r\n                padding-bottom: 6px;\r\n                padding-left: 16px;\r\n              }\r\n              .similar-products-nav li.slick-active {\r\n                background-color: #dde7ef;\r\n                transition-property: background-color, border-color;\r\n                transition-duration: 600ms, 200ms;\r\n                transition-timing-function: ease, ease;\r\n                color: #426b8a;\r\n              }\r\n            }\r\n          <\/style>","protected":false},"excerpt":{"rendered":"<p>Art. Nr. Bezeichnung Abmessung 251-0019\/S Paris Gartenstuhl Holz, ohne Armlehnen H 81cm, B 47cm, T 53cm, SH 46cm 251-0020\/S Paris Gartenstuhl Holz, mit Armlehnen H 80cm, B 59cm, T 52cm, SH 46cm 251-0021\/S Paris Gartenstuhl Aluminium, ohne Armlehnen H 81cm, B 47cm, T 53cm, SH 46cm 251-0022\/S Paris Gartenstuhl Aluminium, mit Armlehnen H 80cm, B [&hellip;]<\/p>\n","protected":false},"author":4,"featured_media":0,"parent":749,"menu_order":0,"comment_status":"closed","ping_status":"closed","template":"","meta":{"advgb_blocks_editor_width":"","advgb_blocks_columns_visual_guide":"","footnotes":""},"class_list":["post-4919","page","type-page","status-publish","hentry"],"yoast_head":"<!-- This site is optimized with the Yoast SEO plugin v27.4 - https:\/\/yoast.com\/product\/yoast-seo-wordpress\/ -->\n<title>Moderner farbenfroher Gartenstuhl - OZG<\/title>\n<meta name=\"description\" content=\"Moderner farbenfroher Gartenstuhl in diversen Ausf\u00fchrungen, mit oder ohne Armlehnen, Holz oder Vollaluminium. Grosse Farbvielfalt erh\u00e4ltlich\" \/>\n<meta name=\"robots\" content=\"index, follow, max-snippet:-1, max-image-preview:large, max-video-preview:-1\" \/>\n<link rel=\"canonical\" href=\"https:\/\/objektmobiliar.ch\/fr\/meubles\/meubles-dexterieur-maisons-de-retraite\/chaise-de-jardin-coloree\/\" \/>\n<meta property=\"og:locale\" content=\"fr_FR\" \/>\n<meta property=\"og:type\" content=\"article\" \/>\n<meta property=\"og:title\" content=\"Moderner farbenfroher Gartenstuhl - OZG\" \/>\n<meta property=\"og:description\" content=\"Moderner farbenfroher Gartenstuhl in diversen Ausf\u00fchrungen, mit oder ohne Armlehnen, Holz oder Vollaluminium. Grosse Farbvielfalt erh\u00e4ltlich\" \/>\n<meta property=\"og:url\" content=\"https:\/\/objektmobiliar.ch\/fr\/meubles\/meubles-dexterieur-maisons-de-retraite\/chaise-de-jardin-coloree\/\" \/>\n<meta property=\"og:site_name\" content=\"OZG HEALTHCARE\" \/>\n<meta property=\"article:modified_time\" content=\"2026-01-27T14:17:31+00:00\" \/>\n<meta name=\"twitter:card\" content=\"summary_large_image\" \/>\n<meta name=\"twitter:label1\" content=\"Dur\u00e9e de lecture estim\u00e9e\" \/>\n\t<meta name=\"twitter:data1\" content=\"4 minutes\" \/>\n<script type=\"application\/ld+json\" class=\"yoast-schema-graph\">{\"@context\":\"https:\\\/\\\/schema.org\",\"@graph\":[{\"@type\":\"WebPage\",\"@id\":\"https:\\\/\\\/objektmobiliar.ch\\\/moebel\\\/outdoor-moebel-pflegeheime\\\/farbenfroher-gartenstuhl\\\/\",\"url\":\"https:\\\/\\\/objektmobiliar.ch\\\/moebel\\\/outdoor-moebel-pflegeheime\\\/farbenfroher-gartenstuhl\\\/\",\"name\":\"Moderner farbenfroher Gartenstuhl - OZG\",\"isPartOf\":{\"@id\":\"https:\\\/\\\/objektmobiliar.ch\\\/#website\"},\"datePublished\":\"2025-03-25T15:35:52+00:00\",\"dateModified\":\"2026-01-27T14:17:31+00:00\",\"description\":\"Moderner farbenfroher Gartenstuhl in diversen Ausf\u00fchrungen, mit oder ohne Armlehnen, Holz oder Vollaluminium. Grosse Farbvielfalt erh\u00e4ltlich\",\"breadcrumb\":{\"@id\":\"https:\\\/\\\/objektmobiliar.ch\\\/moebel\\\/outdoor-moebel-pflegeheime\\\/farbenfroher-gartenstuhl\\\/#breadcrumb\"},\"inLanguage\":\"fr-FR\",\"potentialAction\":[{\"@type\":\"ReadAction\",\"target\":[\"https:\\\/\\\/objektmobiliar.ch\\\/moebel\\\/outdoor-moebel-pflegeheime\\\/farbenfroher-gartenstuhl\\\/\"]}]},{\"@type\":\"BreadcrumbList\",\"@id\":\"https:\\\/\\\/objektmobiliar.ch\\\/moebel\\\/outdoor-moebel-pflegeheime\\\/farbenfroher-gartenstuhl\\\/#breadcrumb\",\"itemListElement\":[{\"@type\":\"ListItem\",\"position\":1,\"name\":\"Startseite\",\"item\":\"https:\\\/\\\/objektmobiliar.ch\\\/\"},{\"@type\":\"ListItem\",\"position\":2,\"name\":\"M\u00f6bel\",\"item\":\"https:\\\/\\\/objektmobiliar.ch\\\/moebel\\\/\"},{\"@type\":\"ListItem\",\"position\":3,\"name\":\"Gartenm\u00f6bel\",\"item\":\"https:\\\/\\\/objektmobiliar.ch\\\/moebel\\\/outdoor-moebel-pflegeheime\\\/\"},{\"@type\":\"ListItem\",\"position\":4,\"name\":\"Paris Gartenstuhl\"}]},{\"@type\":\"WebSite\",\"@id\":\"https:\\\/\\\/objektmobiliar.ch\\\/#website\",\"url\":\"https:\\\/\\\/objektmobiliar.ch\\\/\",\"name\":\"OZG HEALTHCARE\",\"description\":\"Objektmobiliar f\u00fcr Pflege, B\u00fcro, Praxis &amp; Hotellerie\",\"potentialAction\":[{\"@type\":\"SearchAction\",\"target\":{\"@type\":\"EntryPoint\",\"urlTemplate\":\"https:\\\/\\\/objektmobiliar.ch\\\/?s={search_term_string}\"},\"query-input\":{\"@type\":\"PropertyValueSpecification\",\"valueRequired\":true,\"valueName\":\"search_term_string\"}}],\"inLanguage\":\"fr-FR\"}]}<\/script>\n<!-- \/ Yoast SEO plugin. -->","yoast_head_json":{"title":"Chaise de jardin moderne et color\u00e9e - OZG","description":"Chaise de jardin moderne et color\u00e9e, disponible en plusieurs versions, avec ou sans accoudoirs, en bois ou en aluminium. Grande vari\u00e9t\u00e9 de couleurs disponibles","robots":{"index":"index","follow":"follow","max-snippet":"max-snippet:-1","max-image-preview":"max-image-preview:large","max-video-preview":"max-video-preview:-1"},"canonical":"https:\/\/objektmobiliar.ch\/fr\/meubles\/meubles-dexterieur-maisons-de-retraite\/chaise-de-jardin-coloree\/","og_locale":"fr_FR","og_type":"article","og_title":"Moderner farbenfroher Gartenstuhl - OZG","og_description":"Moderner farbenfroher Gartenstuhl in diversen Ausf\u00fchrungen, mit oder ohne Armlehnen, Holz oder Vollaluminium. Grosse Farbvielfalt erh\u00e4ltlich","og_url":"https:\/\/objektmobiliar.ch\/fr\/meubles\/meubles-dexterieur-maisons-de-retraite\/chaise-de-jardin-coloree\/","og_site_name":"OZG HEALTHCARE","article_modified_time":"2026-01-27T14:17:31+00:00","twitter_card":"summary_large_image","twitter_misc":{"Dur\u00e9e de lecture estim\u00e9e":"4 minutes"},"schema":{"@context":"https:\/\/schema.org","@graph":[{"@type":"WebPage","@id":"https:\/\/objektmobiliar.ch\/moebel\/outdoor-moebel-pflegeheime\/farbenfroher-gartenstuhl\/","url":"https:\/\/objektmobiliar.ch\/moebel\/outdoor-moebel-pflegeheime\/farbenfroher-gartenstuhl\/","name":"Chaise de jardin moderne et color\u00e9e - OZG","isPartOf":{"@id":"https:\/\/objektmobiliar.ch\/#website"},"datePublished":"2025-03-25T15:35:52+00:00","dateModified":"2026-01-27T14:17:31+00:00","description":"Chaise de jardin moderne et color\u00e9e, disponible en plusieurs versions, avec ou sans accoudoirs, en bois ou en aluminium. Grande vari\u00e9t\u00e9 de couleurs disponibles","breadcrumb":{"@id":"https:\/\/objektmobiliar.ch\/moebel\/outdoor-moebel-pflegeheime\/farbenfroher-gartenstuhl\/#breadcrumb"},"inLanguage":"fr-FR","potentialAction":[{"@type":"ReadAction","target":["https:\/\/objektmobiliar.ch\/moebel\/outdoor-moebel-pflegeheime\/farbenfroher-gartenstuhl\/"]}]},{"@type":"BreadcrumbList","@id":"https:\/\/objektmobiliar.ch\/moebel\/outdoor-moebel-pflegeheime\/farbenfroher-gartenstuhl\/#breadcrumb","itemListElement":[{"@type":"ListItem","position":1,"name":"Startseite","item":"https:\/\/objektmobiliar.ch\/"},{"@type":"ListItem","position":2,"name":"M\u00f6bel","item":"https:\/\/objektmobiliar.ch\/moebel\/"},{"@type":"ListItem","position":3,"name":"Gartenm\u00f6bel","item":"https:\/\/objektmobiliar.ch\/moebel\/outdoor-moebel-pflegeheime\/"},{"@type":"ListItem","position":4,"name":"Paris Gartenstuhl"}]},{"@type":"WebSite","@id":"https:\/\/objektmobiliar.ch\/#website","url":"https:\/\/objektmobiliar.ch\/","name":"OZG HEALTHCARE","description":"Mobilier de collectivit\u00e9 pour les soins, les bureaux, les cabinets m\u00e9dicaux et l'h\u00f4tellerie","potentialAction":[{"@type":"SearchAction","target":{"@type":"EntryPoint","urlTemplate":"https:\/\/objektmobiliar.ch\/?s={search_term_string}"},"query-input":{"@type":"PropertyValueSpecification","valueRequired":true,"valueName":"search_term_string"}}],"inLanguage":"fr-FR"}]}},"coauthors":[],"author_meta":{"author_link":"https:\/\/objektmobiliar.ch\/fr\/author\/isa-dahmen\/","display_name":"Isa Dahmen"},"relative_dates":{"created":"Publi\u00e9 1 an il y a","modified":"Mis \u00e0 jour 3 mois il y a"},"absolute_dates":{"created":"Publi\u00e9 le mars 25, 2025","modified":"Mise \u00e0 jour le janvier 27, 2026"},"absolute_dates_time":{"created":"Publi\u00e9 le mars 25, 2025 3:35 pm","modified":"Mise \u00e0 jour le janvier 27, 2026 2:17 pm"},"featured_img_caption":"","featured_img":false,"series_order":"","_links":{"self":[{"href":"https:\/\/objektmobiliar.ch\/fr\/wp-json\/wp\/v2\/pages\/4919","targetHints":{"allow":["GET"]}}],"collection":[{"href":"https:\/\/objektmobiliar.ch\/fr\/wp-json\/wp\/v2\/pages"}],"about":[{"href":"https:\/\/objektmobiliar.ch\/fr\/wp-json\/wp\/v2\/types\/page"}],"author":[{"embeddable":true,"href":"https:\/\/objektmobiliar.ch\/fr\/wp-json\/wp\/v2\/users\/4"}],"replies":[{"embeddable":true,"href":"https:\/\/objektmobiliar.ch\/fr\/wp-json\/wp\/v2\/comments?post=4919"}],"version-history":[{"count":17,"href":"https:\/\/objektmobiliar.ch\/fr\/wp-json\/wp\/v2\/pages\/4919\/revisions"}],"predecessor-version":[{"id":5774,"href":"https:\/\/objektmobiliar.ch\/fr\/wp-json\/wp\/v2\/pages\/4919\/revisions\/5774"}],"up":[{"embeddable":true,"href":"https:\/\/objektmobiliar.ch\/fr\/wp-json\/wp\/v2\/pages\/749"}],"wp:attachment":[{"href":"https:\/\/objektmobiliar.ch\/fr\/wp-json\/wp\/v2\/media?parent=4919"}],"curies":[{"name":"wp","href":"https:\/\/api.w.org\/{rel}","templated":true}]}}