{"id":4891,"date":"2025-02-27T13:32:05","date_gmt":"2025-02-27T13:32:05","guid":{"rendered":"https:\/\/objektmobiliar.ch\/?page_id=4891"},"modified":"2025-06-12T12:29:43","modified_gmt":"2025-06-12T12:29:43","slug":"reference-centre-aettenbuehl","status":"publish","type":"page","link":"https:\/\/objektmobiliar.ch\/fr\/referenzen\/referenz-zentrum-aettenbuehl\/","title":{"rendered":"R\u00e9f\u00e9rence Centre Aettenb\u00fchl"},"content":{"rendered":"<div class=\"lazyblock-bildslider-fullsize-ozg-1QerrL wp-block-lazyblock-bildslider-fullsize-ozg\"><section class=\"sct nopadding\">\r\n      <div data-delay=\"9000\" data-animation=\"fade\" class=\"elmnt-homeslider w-slider\" data-autoplay=\"true\" data-easing=\"linear\" data-hide-arrows=\"false\" data-disable-swipe=\"true\" data-autoplay-limit=\"0\" data-nav-spacing=\"3\" data-duration=\"2000\" data-infinite=\"true\">\r\n        \r\n      <div class=\"visual-homeslider\" ><\/div>\r\n        \r\n       <div class=\"w-slider-mask\">\r\n          <div class=\"homeslider-slide w-slide\">\r\n            <div class=\"homeslider-img\"><img decoding=\"async\" src=\"https:\/\/objektmobiliar.ch\/wp-content\/uploads\/2025\/02\/OZG-Referenz-Pflegeheim-Aettenbuehl.jpg\" loading=\"eager\" alt=\"\"><\/div>\r\n          <\/div>\r\n        <\/div>\r\n        <div class=\"hidden w-slider-arrow-left\">\r\n          <div class=\"w-icon-slider-left\"><\/div>\r\n        <\/div>\r\n        <div class=\"hidden w-slider-arrow-right\">\r\n          <div class=\"w-icon-slider-right\"><\/div>\r\n        <\/div>\r\n        <div class=\"hidden w-slider-nav\"><\/div>\r\n      <\/div>\r\n    <\/section><\/div>\n\n<div class=\"lazyblock-text-modul-ozg-Z1676zS wp-block-lazyblock-text-modul-ozg\"><section class=\"sct\">\r\n      <div class=\"cnt semi\">\r\n        <div class=\"w-richtext\">\r\n            <h1>Objektmobiliar Referenz: Zentrum Aettenb\u00fchl<\/h1>\n<p>Das Zentrum Aettenb\u00fchl bietet betagten pflegebed\u00fcrftigen Menschen ein sch\u00f6nes Daheim mit kompetenter Pflege und herzlicher Betreuung. Im Zentrum werden Menschen mit und ohne Demenz gemeinsam in Pflegegruppen verteilt auf drei Wohngeschosse betreut. Diese werden nun nacheinander saniert. Wir von OZG durften die renovierten Bereiche bemustern, damit das passende Mobiliar zum neuen Einrichtungsstil jedes Stockwerks gefunden werden konnte.<\/p>\n<p>Zum Umfang der Lieferung geh\u00f6rt je eine Sitzgruppe mit Bez\u00fcgen passend zum Farbthema des jeweiligen Wohngeschosses \u2013 rechts im Bild die Polsterm\u00f6bel des blauen Stockwerks. Zudem statteten wir auch die Essbereiche der Wohngruppen aus. Die gemeinsamen Mahlzeiten geh\u00f6ren zu den H\u00f6hepunkten im Alltag der Bewohnerinnen und Be wohner. Entsprechend wichtig war die Auswahl von Tischen und St\u00fchlen, die den Bed\u00fcrfnissen perfekt entsprechen.<\/p>\r\n        <\/div>\r\n      <\/div>\r\n    <\/section><\/div>\n\n<div class=\"lazyblock-text-modul-ozg-ZzxuUu wp-block-lazyblock-text-modul-ozg\"><section class=\"sct\">\r\n      <div class=\"cnt semi\">\r\n        <div class=\"w-richtext\">\r\n            <h2>Mobiliar Ausstattung Lounge\u00a0<\/h2>\n<ul>\n<li><strong>Tulipano Couchtisch<\/strong>, rund, Durchmesser 60 cm, H\u00f6he 57 cm, komplett aus massiver Eiche natur<\/li>\n<li><strong>Ohrensessel Berna<\/strong>, Bezug Innenseite Kunstleder Taupe, aussen Mikrofaser Blau gemustert<\/li>\n<li><strong>Sessel Tulipano<\/strong>, Bezug Kunstleder Taupe, mit Deko-Kissen Blau gemustert<\/li>\n<\/ul>\n<h2>Mobiliar Ausstattung Essbereich<\/h2>\n<ul>\n<li><strong>Tisch Vani mit Mittels\u00e4ule<\/strong>, runde Tischplatte Durchmesser 120 cm aus Kunstharz mit Massivholzkante und Fuss aus Stahl<\/li>\n<li><strong>Stuhl London<\/strong> mit Armlehnen, Polstermateriel Kunstleder in Dunkelbraun, Rahmen Eiche natur<\/li>\n<li><strong>Tisch Mali<\/strong>, rechteckig, 160 x 80 cm, Kunstharz mit Massivholzkante<\/li>\n<\/ul>\r\n        <\/div>\r\n      <\/div>\r\n    <\/section><\/div>\n\n<div class=\"lazyblock-bildergalerie-lightbox-ozg-ZkJXPt wp-block-lazyblock-bildergalerie-lightbox-ozg\"><section class=\"sct\">\r\n  <div class=\"cnt semi\">\r\n    <div class=\"introtxt\">\r\n    <div class=\"w-richtext\">\r\n        <h2>Bilder der Objektmobiliar Referenz Zentrum Aettenb\u00fchl<\/h2>\r\n    <\/div>\r\n    <\/div>\r\n  \r\n    <div class=\"elmnt-imggallery\">\r\n      <a href=\"#\" class=\"imggallery-link w-inline-block w-lightbox\">\r\n        <img decoding=\"async\" src=\"https:\/\/objektmobiliar.ch\/wp-content\/uploads\/2025\/02\/OZG-Objektmobiliar-Referenz-Loungesessel-blau-1.jpg\" loading=\"lazy\" alt=\"\" class=\"imggallery-img\">\r\n        <script type=\"application\/json\" class=\"w-json\">\r\n            {\r\n              \"items\": [{\r\n\r\n                \"url\": \"https:\/\/objektmobiliar.ch\/wp-content\/uploads\/2025\/02\/OZG-Objektmobiliar-Referenz-Loungesessel-blau-1.jpg\",\r\n                \"caption\": \"\",\r\n                \"type\": \"image\"\r\n              }],\r\n              \"group\": \"\"\r\n            }\r\n          <\/script>\r\n      <\/a>\r\n      <a href=\"#\" class=\"imggallery-link w-inline-block w-lightbox\">\r\n        <img decoding=\"async\" src=\"https:\/\/objektmobiliar.ch\/wp-content\/uploads\/2025\/02\/OZG-Objektmobiliar-Referenz-Loungetisch.jpg\" loading=\"lazy\" alt=\"\" class=\"imggallery-img\">\r\n        <script type=\"application\/json\" class=\"w-json\">\r\n            {\r\n              \"items\": [{\r\n\r\n                \"url\": \"https:\/\/objektmobiliar.ch\/wp-content\/uploads\/2025\/02\/OZG-Objektmobiliar-Referenz-Loungetisch.jpg\",\r\n                \"caption\": \"\",\r\n                \"type\": \"image\"\r\n              }],\r\n              \"group\": \"\"\r\n            }\r\n          <\/script>\r\n      <\/a>\r\n      <a href=\"#\" class=\"imggallery-link w-inline-block w-lightbox\">\r\n        <img decoding=\"async\" src=\"https:\/\/objektmobiliar.ch\/wp-content\/uploads\/2025\/02\/OZG-Objektmobiliar-Referenz-Loungesessel-beige.jpg\" loading=\"lazy\" alt=\"\" class=\"imggallery-img\">\r\n        <script type=\"application\/json\" class=\"w-json\">\r\n            {\r\n              \"items\": [{\r\n\r\n                \"url\": \"https:\/\/objektmobiliar.ch\/wp-content\/uploads\/2025\/02\/OZG-Objektmobiliar-Referenz-Loungesessel-beige.jpg\",\r\n                \"caption\": \"\",\r\n                \"type\": \"image\"\r\n              }],\r\n              \"group\": \"\"\r\n            }\r\n          <\/script>\r\n      <\/a>\r\n      <a href=\"#\" class=\"imggallery-link w-inline-block w-lightbox\">\r\n        <img decoding=\"async\" src=\"https:\/\/objektmobiliar.ch\/wp-content\/uploads\/2025\/02\/OZG-Objektmobiliar-Esszimmer-Stuehle.jpg\" loading=\"lazy\" alt=\"\" class=\"imggallery-img\">\r\n        <script type=\"application\/json\" class=\"w-json\">\r\n            {\r\n              \"items\": [{\r\n\r\n                \"url\": \"https:\/\/objektmobiliar.ch\/wp-content\/uploads\/2025\/02\/OZG-Objektmobiliar-Esszimmer-Stuehle.jpg\",\r\n                \"caption\": \"\",\r\n                \"type\": \"image\"\r\n              }],\r\n              \"group\": \"\"\r\n            }\r\n          <\/script>\r\n      <\/a>\r\n      <a href=\"#\" class=\"imggallery-link w-inline-block w-lightbox\">\r\n        <img decoding=\"async\" src=\"https:\/\/objektmobiliar.ch\/wp-content\/uploads\/2025\/02\/OZG-Objektmobiliar-Esszimmer-Tisch-rund.jpg\" loading=\"lazy\" alt=\"\" class=\"imggallery-img\">\r\n        <script type=\"application\/json\" class=\"w-json\">\r\n            {\r\n              \"items\": [{\r\n\r\n                \"url\": \"https:\/\/objektmobiliar.ch\/wp-content\/uploads\/2025\/02\/OZG-Objektmobiliar-Esszimmer-Tisch-rund.jpg\",\r\n                \"caption\": \"\",\r\n                \"type\": \"image\"\r\n              }],\r\n              \"group\": \"\"\r\n            }\r\n          <\/script>\r\n      <\/a>\r\n      <a href=\"#\" class=\"imggallery-link w-inline-block w-lightbox\">\r\n        <img decoding=\"async\" src=\"https:\/\/objektmobiliar.ch\/wp-content\/uploads\/2025\/02\/OZG-Objektmobiliar-Esszimmer-Tisch-eckig.jpg\" loading=\"lazy\" alt=\"\" class=\"imggallery-img\">\r\n        <script type=\"application\/json\" class=\"w-json\">\r\n            {\r\n              \"items\": [{\r\n\r\n                \"url\": \"https:\/\/objektmobiliar.ch\/wp-content\/uploads\/2025\/02\/OZG-Objektmobiliar-Esszimmer-Tisch-eckig.jpg\",\r\n                \"caption\": \"\",\r\n                \"type\": \"image\"\r\n              }],\r\n              \"group\": \"\"\r\n            }\r\n          <\/script>\r\n      <\/a>\r\n    <\/div>\r\n    \r\n  <\/div>\r\n<\/section><\/div>\n\n<div class=\"lazyblock-text-modul-ozg-weD3P wp-block-lazyblock-text-modul-ozg\"><section class=\"sct\">\r\n      <div class=\"cnt semi\">\r\n        <div class=\"w-richtext\">\r\n            <h3 id=\"kontaktieren-sie-uns\" style=\"text-align: center;\">Kontaktieren Sie uns:<\/h3>\n<p style=\"text-align: center;\">Sie haben Interesse an unseren M\u00f6beln und Einrichtungskonzepten?<br \/>Kontaktieren Sie uns jederzeit \u00fcber das Formular auf dieser Seite, unter info@ozg.ch oder 044 576 02 10.<\/p>\r\n        <\/div>\r\n            <div class=\"center\"><a onclick=\"splite_loader();\" class=\"btn\" >Mehr erfahren<\/a><\/div>\r\n      <\/div>\r\n    <\/section><\/div>\n\n\n<p><\/p>\n","protected":false},"excerpt":{"rendered":"","protected":false},"author":4,"featured_media":0,"parent":1035,"menu_order":0,"comment_status":"closed","ping_status":"closed","template":"","meta":{"advgb_blocks_editor_width":"","advgb_blocks_columns_visual_guide":"","footnotes":""},"class_list":["post-4891","page","type-page","status-publish","hentry"],"yoast_head":"<!-- This site is optimized with the Yoast SEO plugin v27.4 - https:\/\/yoast.com\/product\/yoast-seo-wordpress\/ -->\n<title>Objektmobiliar Referenz Zentrum Aettenb\u00fchl<\/title>\n<meta name=\"description\" content=\"Objektmobiliar Referenz Zentrum Aettenb\u00fchl - Aussattung der Essbereiche und Wohngruppen mit pflegegerechtem Mobiliar.\" \/>\n<meta name=\"robots\" content=\"index, follow, max-snippet:-1, max-image-preview:large, max-video-preview:-1\" \/>\n<link rel=\"canonical\" href=\"https:\/\/objektmobiliar.ch\/fr\/references\/reference-centre-aettenbuehl\/\" \/>\n<meta property=\"og:locale\" content=\"fr_FR\" \/>\n<meta property=\"og:type\" content=\"article\" \/>\n<meta property=\"og:title\" content=\"Objektmobiliar Referenz Zentrum Aettenb\u00fchl\" \/>\n<meta property=\"og:description\" content=\"Objektmobiliar Referenz Zentrum Aettenb\u00fchl - Aussattung der Essbereiche und Wohngruppen mit pflegegerechtem Mobiliar.\" \/>\n<meta property=\"og:url\" content=\"https:\/\/objektmobiliar.ch\/fr\/references\/reference-centre-aettenbuehl\/\" \/>\n<meta property=\"og:site_name\" content=\"OZG HEALTHCARE\" \/>\n<meta property=\"article:modified_time\" content=\"2025-06-12T12:29:43+00:00\" \/>\n<meta name=\"twitter:card\" content=\"summary_large_image\" \/>\n<meta name=\"twitter:label1\" content=\"Dur\u00e9e de lecture estim\u00e9e\" \/>\n\t<meta name=\"twitter:data1\" content=\"3 minutes\" \/>\n<script type=\"application\/ld+json\" class=\"yoast-schema-graph\">{\"@context\":\"https:\\\/\\\/schema.org\",\"@graph\":[{\"@type\":\"WebPage\",\"@id\":\"https:\\\/\\\/objektmobiliar.ch\\\/referenzen\\\/referenz-zentrum-aettenbuehl\\\/\",\"url\":\"https:\\\/\\\/objektmobiliar.ch\\\/referenzen\\\/referenz-zentrum-aettenbuehl\\\/\",\"name\":\"Objektmobiliar Referenz Zentrum Aettenb\u00fchl\",\"isPartOf\":{\"@id\":\"https:\\\/\\\/objektmobiliar.ch\\\/#website\"},\"datePublished\":\"2025-02-27T13:32:05+00:00\",\"dateModified\":\"2025-06-12T12:29:43+00:00\",\"description\":\"Objektmobiliar Referenz Zentrum Aettenb\u00fchl - Aussattung der Essbereiche und Wohngruppen mit pflegegerechtem Mobiliar.\",\"breadcrumb\":{\"@id\":\"https:\\\/\\\/objektmobiliar.ch\\\/referenzen\\\/referenz-zentrum-aettenbuehl\\\/#breadcrumb\"},\"inLanguage\":\"fr-FR\",\"potentialAction\":[{\"@type\":\"ReadAction\",\"target\":[\"https:\\\/\\\/objektmobiliar.ch\\\/referenzen\\\/referenz-zentrum-aettenbuehl\\\/\"]}]},{\"@type\":\"BreadcrumbList\",\"@id\":\"https:\\\/\\\/objektmobiliar.ch\\\/referenzen\\\/referenz-zentrum-aettenbuehl\\\/#breadcrumb\",\"itemListElement\":[{\"@type\":\"ListItem\",\"position\":1,\"name\":\"Startseite\",\"item\":\"https:\\\/\\\/objektmobiliar.ch\\\/\"},{\"@type\":\"ListItem\",\"position\":2,\"name\":\"Referenzen\",\"item\":\"https:\\\/\\\/objektmobiliar.ch\\\/referenzen\\\/\"},{\"@type\":\"ListItem\",\"position\":3,\"name\":\"Referenz Zentrum Aettenb\u00fchl\"}]},{\"@type\":\"WebSite\",\"@id\":\"https:\\\/\\\/objektmobiliar.ch\\\/#website\",\"url\":\"https:\\\/\\\/objektmobiliar.ch\\\/\",\"name\":\"OZG HEALTHCARE\",\"description\":\"Objektmobiliar f\u00fcr Pflege, B\u00fcro, Praxis &amp; Hotellerie\",\"potentialAction\":[{\"@type\":\"SearchAction\",\"target\":{\"@type\":\"EntryPoint\",\"urlTemplate\":\"https:\\\/\\\/objektmobiliar.ch\\\/?s={search_term_string}\"},\"query-input\":{\"@type\":\"PropertyValueSpecification\",\"valueRequired\":true,\"valueName\":\"search_term_string\"}}],\"inLanguage\":\"fr-FR\"}]}<\/script>\n<!-- \/ Yoast SEO plugin. -->","yoast_head_json":{"title":"Mobilier d'objets R\u00e9f\u00e9rence Centre Aettenb\u00fchl","description":"Mobilier de r\u00e9f\u00e9rence Centre Aettenb\u00fchl - Equipement des salles \u00e0 manger et des groupes de vie avec du mobilier adapt\u00e9 aux soins.","robots":{"index":"index","follow":"follow","max-snippet":"max-snippet:-1","max-image-preview":"max-image-preview:large","max-video-preview":"max-video-preview:-1"},"canonical":"https:\/\/objektmobiliar.ch\/fr\/references\/reference-centre-aettenbuehl\/","og_locale":"fr_FR","og_type":"article","og_title":"Objektmobiliar Referenz Zentrum Aettenb\u00fchl","og_description":"Objektmobiliar Referenz Zentrum Aettenb\u00fchl - Aussattung der Essbereiche und Wohngruppen mit pflegegerechtem Mobiliar.","og_url":"https:\/\/objektmobiliar.ch\/fr\/references\/reference-centre-aettenbuehl\/","og_site_name":"OZG HEALTHCARE","article_modified_time":"2025-06-12T12:29:43+00:00","twitter_card":"summary_large_image","twitter_misc":{"Dur\u00e9e de lecture estim\u00e9e":"3 minutes"},"schema":{"@context":"https:\/\/schema.org","@graph":[{"@type":"WebPage","@id":"https:\/\/objektmobiliar.ch\/referenzen\/referenz-zentrum-aettenbuehl\/","url":"https:\/\/objektmobiliar.ch\/referenzen\/referenz-zentrum-aettenbuehl\/","name":"Mobilier d'objets R\u00e9f\u00e9rence Centre Aettenb\u00fchl","isPartOf":{"@id":"https:\/\/objektmobiliar.ch\/#website"},"datePublished":"2025-02-27T13:32:05+00:00","dateModified":"2025-06-12T12:29:43+00:00","description":"Mobilier de r\u00e9f\u00e9rence Centre Aettenb\u00fchl - Equipement des salles \u00e0 manger et des groupes de vie avec du mobilier adapt\u00e9 aux soins.","breadcrumb":{"@id":"https:\/\/objektmobiliar.ch\/referenzen\/referenz-zentrum-aettenbuehl\/#breadcrumb"},"inLanguage":"fr-FR","potentialAction":[{"@type":"ReadAction","target":["https:\/\/objektmobiliar.ch\/referenzen\/referenz-zentrum-aettenbuehl\/"]}]},{"@type":"BreadcrumbList","@id":"https:\/\/objektmobiliar.ch\/referenzen\/referenz-zentrum-aettenbuehl\/#breadcrumb","itemListElement":[{"@type":"ListItem","position":1,"name":"Startseite","item":"https:\/\/objektmobiliar.ch\/"},{"@type":"ListItem","position":2,"name":"Referenzen","item":"https:\/\/objektmobiliar.ch\/referenzen\/"},{"@type":"ListItem","position":3,"name":"Referenz Zentrum Aettenb\u00fchl"}]},{"@type":"WebSite","@id":"https:\/\/objektmobiliar.ch\/#website","url":"https:\/\/objektmobiliar.ch\/","name":"OZG HEALTHCARE","description":"Mobilier de collectivit\u00e9 pour les soins, les bureaux, les cabinets m\u00e9dicaux et l'h\u00f4tellerie","potentialAction":[{"@type":"SearchAction","target":{"@type":"EntryPoint","urlTemplate":"https:\/\/objektmobiliar.ch\/?s={search_term_string}"},"query-input":{"@type":"PropertyValueSpecification","valueRequired":true,"valueName":"search_term_string"}}],"inLanguage":"fr-FR"}]}},"coauthors":[],"author_meta":{"author_link":"https:\/\/objektmobiliar.ch\/fr\/author\/isa-dahmen\/","display_name":"Isa Dahmen"},"relative_dates":{"created":"Publi\u00e9 1 an il y a","modified":"Mis \u00e0 jour 10 mois il y a"},"absolute_dates":{"created":"Publi\u00e9 le f\u00e9vrier 27, 2025","modified":"Mise \u00e0 jour le juin 12, 2025"},"absolute_dates_time":{"created":"Publi\u00e9 le f\u00e9vrier 27, 2025 1:32 pm","modified":"Mise \u00e0 jour le juin 12, 2025 12:29 pm"},"featured_img_caption":"","featured_img":false,"series_order":"","_links":{"self":[{"href":"https:\/\/objektmobiliar.ch\/fr\/wp-json\/wp\/v2\/pages\/4891","targetHints":{"allow":["GET"]}}],"collection":[{"href":"https:\/\/objektmobiliar.ch\/fr\/wp-json\/wp\/v2\/pages"}],"about":[{"href":"https:\/\/objektmobiliar.ch\/fr\/wp-json\/wp\/v2\/types\/page"}],"author":[{"embeddable":true,"href":"https:\/\/objektmobiliar.ch\/fr\/wp-json\/wp\/v2\/users\/4"}],"replies":[{"embeddable":true,"href":"https:\/\/objektmobiliar.ch\/fr\/wp-json\/wp\/v2\/comments?post=4891"}],"version-history":[{"count":11,"href":"https:\/\/objektmobiliar.ch\/fr\/wp-json\/wp\/v2\/pages\/4891\/revisions"}],"predecessor-version":[{"id":4910,"href":"https:\/\/objektmobiliar.ch\/fr\/wp-json\/wp\/v2\/pages\/4891\/revisions\/4910"}],"up":[{"embeddable":true,"href":"https:\/\/objektmobiliar.ch\/fr\/wp-json\/wp\/v2\/pages\/1035"}],"wp:attachment":[{"href":"https:\/\/objektmobiliar.ch\/fr\/wp-json\/wp\/v2\/media?parent=4891"}],"curies":[{"name":"wp","href":"https:\/\/api.w.org\/{rel}","templated":true}]}}