{"id":475,"date":"2023-10-14T16:34:53","date_gmt":"2023-10-14T16:34:53","guid":{"rendered":"https:\/\/dev.objektmobiliar.ch\/?page_id=475"},"modified":"2024-09-10T13:06:55","modified_gmt":"2024-09-10T13:06:55","slug":"le-fauteuil-lounge-en-rotin","status":"publish","type":"page","link":"https:\/\/objektmobiliar.ch\/fr\/moebel\/pflegegerechte-polstermoebel\/der-lounge-sessel-in-rattan-optik\/","title":{"rendered":"Nordik Fauteuil"},"content":{"rendered":"<div class=\"lazyblock-produkt-detail-ozg-BNeD7 wp-block-lazyblock-produkt-detail-ozg\"><section class=\"sct\">\r\n      <div class=\"cnt\">\r\n        <div class=\"elmnt-product-desc\">\r\n          <div class=\"product-desc-box\"><img decoding=\"async\" src=\"https:\/\/objektmobiliar.ch\/wp-content\/uploads\/2023\/10\/nordik-sessel.jpg\" loading=\"lazy\" alt=\"\" class=\"product-desc-img\"><\/div>\r\n          <div class=\"product-desc-txt\">\r\n            <h1 class=\"txt-product-headline\">Nordik<\/h1>\r\n            <h2 class=\"txt-product-subline\">Le fauteuil lounge en rotin<\/h2>\r\n            <div class=\"w-richtext\">\r\n              <p>Ce meuble rembourr\u00e9 attire magnifiquement le regard gr\u00e2ce \u00e0 ses accoudoirs au design raffin\u00e9 qui lui conf\u00e8rent son look unique et lui donnent un air d'originalit\u00e9 et de paix. Il est une v\u00e9ritable pi\u00e8ce de design de son artisanat magistral. Les coussins moelleux qui garnissent les accoudoirs apportent un confort suppl\u00e9mentaire. Il est disponible en fauteuil lounge et en canap\u00e9 2 places.<\/p>\r\n            <\/div>\r\n            <a onclick=\"splite_loader();\" class=\"btn\">Demander un produit<\/a>\r\n          <\/div>\r\n        <\/div>\r\n      <\/div>\r\n    <\/section><\/div>\n\n<div class=\"lazyblock-produkt-slider-ozg-2smQSf wp-block-lazyblock-produkt-slider-ozg\"><section class=\"sct\">\r\n  <div class=\"cnt semi\">\r\n    <div class=\"intro-txt\">\r\n        <h2>Mod\u00e8les et versions<\/h2>\r\n    <\/div>\r\n    \r\n    <div class=\"elmnt-similar-products\">\r\n      <div class=\"similar-product\"><img decoding=\"async\" src=\"https:\/\/objektmobiliar.ch\/wp-content\/uploads\/2023\/10\/nordik-sessel.jpg\" loading=\"eager\" alt=\"Le fauteuil lounge en rotin\" class=\"similar-product-img\">\r\n        <div class=\"center\">\r\n          <div class=\"w-richtext\">\r\n            <p><strong>Fauteuil Nordik<\/strong><br>R\u00e9f. 220-0620\/S<\/p>\r\n          <\/div>\r\n          <a href=\"https:\/\/objektmobiliar.ch\/fr\/meubles\/meubles-rembourres-faciles-a-entretenir\/le-fauteuil-lounge-en-rotin\/\" class=\"btn similarproducts\">Passer au produit<\/a>\r\n        <\/div>\r\n      <\/div>\r\n      <div class=\"similar-product\"><img decoding=\"async\" src=\"https:\/\/objektmobiliar.ch\/wp-content\/uploads\/2023\/10\/nordik-sofa.jpg\" loading=\"eager\" alt=\"Le canap\u00e9 lounge en rotin\" class=\"similar-product-img\">\r\n        <div class=\"center\">\r\n          <div class=\"w-richtext\">\r\n            <p><strong>Canap\u00e9 2 places Nordik<\/strong><br>R\u00e9f. 220-0621\/S<\/p>\r\n          <\/div>\r\n          <a href=\"https:\/\/objektmobiliar.ch\/fr\/meubles\/meubles-rembourres-faciles-a-entretenir\/le-canape-lounge-en-rotin\/\" class=\"btn similarproducts\">Passer au produit<\/a>\r\n        <\/div>\r\n      <\/div>\r\n    <\/div>\r\n  <\/div>\r\n  \r\n  <div class=\"cnt narrow\">\r\n    <div class=\"similar-products-nav-pos\">\r\n      <div class=\"w-embed\">\r\n        \r\n      <\/div>\r\n    <\/div>\r\n  <\/div>\r\n<\/section><\/div>\n\n\n<div class=\"wp-block-group\"><div class=\"wp-block-group__inner-container is-layout-constrained wp-block-group-is-layout-constrained\"><section class=\"sct\">\r\n      <div class=\"cnt narrow\">\r\n        <div class=\"introtxt\">\r\n        <div class=\"w-richtext\">\r\n            <h2>Description du produit<\/h2>\r\n        <\/div>\r\n        <\/div>\r\n        \r\n          \n\n\n<figure class=\"wp-block-table is-style-regular\"><table><thead><tr><th>Art. No.<\/th><th>Description<\/th><th><\/th><\/tr><\/thead><tbody><tr><td>220-0620\/S<\/td><td>Fauteuil Nordik<\/td><td><a href=\"https:\/\/objektmobiliar.ch\/fr\/meubles\/meubles-rembourres-faciles-a-entretenir\/le-fauteuil-lounge-en-rotin\/\">Passer au produit<\/a><\/td><\/tr><tr><td>220-0621\/S<\/td><td>Canap\u00e9 2 places Nordik<\/td><td><a href=\"https:\/\/objektmobiliar.ch\/fr\/meubles\/meubles-rembourres-faciles-a-entretenir\/le-canape-lounge-en-rotin\/\">Passer au produit<\/a><\/td><\/tr><\/tbody><\/table><\/figure>\n\n\n<\/div><\/section><\/div><\/div>\n\n\n<div class=\"lazyblock-text-modul-ozg-JhsC9 wp-block-lazyblock-text-modul-ozg\"><section class=\"sct\">\r\n      <div class=\"cnt narrow\">\r\n        <div class=\"w-richtext\">\r\n            <h3>Le fauteuil lounge en rotin : design et caract\u00e9ristiques<\/h3>\n<p>Le fauteuil lounge \u00e0 l'aspect rotin est un meuble rembourr\u00e9 \u00e9l\u00e9gant qui s'int\u00e8gre particuli\u00e8rement bien dans les maisons de soins. Son design marquant se caract\u00e9rise par des accoudoirs raffin\u00e9s, inspir\u00e9s du style rotin et fabriqu\u00e9s en bois. Ceux-ci conf\u00e8rent au fauteuil un look unique et naturel qui respire l'originalit\u00e9 et le calme - id\u00e9al pour une atmosph\u00e8re d\u00e9tendue. Des coussins moelleux sur les accoudoirs et le dossier assurent un grand confort d'assise, ce qui rend le fauteuil lounge au look rotin particuli\u00e8rement adapt\u00e9 \u00e0 la d\u00e9tente dans les \u00e9tablissements de soins. La s\u00e9rie comprend aussi bien des fauteuils lounge que des canap\u00e9s 2 places, ce qui la rend particuli\u00e8rement polyvalente et adaptable.<\/p>\n<h3>Mat\u00e9riaux et couleurs pour une adaptation individuelle<\/h3>\n<p>La gamme Nordik offre un large choix de mat\u00e9riaux et de couleurs pour que le fauteuil s'adapte parfaitement \u00e0 l'am\u00e9nagement d'une maison de soins. Les rev\u00eatements des coussins sont disponibles en tissu microfibre r\u00e9sistant ou en similicuir facile \u00e0 entretenir, ce qui permet de r\u00e9pondre aux exigences d'entretien au quotidien. Les couleurs comme le beige, le gris ou les tons chauds de la terre s'int\u00e8grent harmonieusement dans l'ambiance, tandis que des accents de couleur plus vifs peuvent apporter des d\u00e9tails vivants. Les \u00e9l\u00e9ments en bois, au choix en aspect bois massif clair ou laqu\u00e9 fonc\u00e9, offrent une flexibilit\u00e9 suppl\u00e9mentaire dans l'am\u00e9nagement. Ces mat\u00e9riaux allient facilit\u00e9 d'entretien et long\u00e9vit\u00e9, ce qui fait du fauteuil lounge Nordik le choix id\u00e9al pour des si\u00e8ges confortables et \u00e9l\u00e9gants dans les maisons de soins. Configurez votre meuble rembourr\u00e9 dans diff\u00e9rents <a href=\"https:\/\/objektmobiliar.ch\/fr\/inspiration\/materiaux-et-couleurs\/\">les mat\u00e9riaux et les couleurs,<\/a> exactement en fonction des besoins de votre \u00e9tablissement de soins.<\/p>\r\n        <\/div>\r\n      <\/div>\r\n    <\/section><\/div><style class=\"advgb-styles-renderer\">\r\n            .similar-products-nav li {\r\n              overflow: hidden;\r\n              margin: 0px !important;\r\n              flex-grow: 0 !important;\r\n              flex-shrink: 1 !important;\r\n              flex-basis: 12.5% !important;\r\n              border-style: solid;\r\n              border-width: 2px;\r\n              border-color: transparent;\r\n              border-radius: 8px;\r\n              transition-property: border-color;\r\n              transition-duration: 600ms;\r\n              transition-timing-function: ease;\r\n              cursor: pointer;\r\n            }\r\n            .similar-products-nav li.slick-active {\r\n              border-color: #dde7ef;\r\n            }\r\n            @media screen and (max-width:767px) {\r\n              .similar-products-nav li {\r\n                flex-basis: auto !important;\r\n                border-radius: 8px;\r\n                padding-top: 8px;\r\n                padding-right: 16px;\r\n                padding-bottom: 6px;\r\n                padding-left: 16px;\r\n              }\r\n              .similar-products-nav li.slick-active {\r\n                background-color: #dde7ef;\r\n                transition-property: background-color, border-color;\r\n                transition-duration: 600ms, 200ms;\r\n                transition-timing-function: ease, ease;\r\n                color: #426b8a;\r\n              }\r\n            }\r\n          <\/style>","protected":false},"excerpt":{"rendered":"<p>Wundersch\u00f6ner Blickfang dieses Polsterm\u00f6bels sind die raffiniert gestalteten Armlehnen, die ihm seinen einzigartigen Look verleihen \u2013 Urspr\u00fcnglichkeit und Friedlichkeit ausstrahlen.<\/p>","protected":false},"author":7,"featured_media":473,"parent":220,"menu_order":0,"comment_status":"closed","ping_status":"closed","template":"","meta":{"advgb_blocks_editor_width":"","advgb_blocks_columns_visual_guide":"","footnotes":""},"class_list":["post-475","page","type-page","status-publish","has-post-thumbnail","hentry"],"yoast_head":"<!-- This site is optimized with the Yoast SEO plugin v27.4 - https:\/\/yoast.com\/product\/yoast-seo-wordpress\/ -->\n<title>Der Lounge-Sessel in Rattan-Optik bei OZG<\/title>\n<meta name=\"description\" content=\"Der Lounge-Sessel in Rattan-Optik mit Armlehnen und weichen Kissen, die die Armlehnen polstern und ihm seinen einzigartigen Look verleihen.\" \/>\n<meta name=\"robots\" content=\"index, follow, max-snippet:-1, max-image-preview:large, max-video-preview:-1\" \/>\n<link rel=\"canonical\" href=\"https:\/\/objektmobiliar.ch\/fr\/meubles\/meubles-rembourres-faciles-a-entretenir\/le-fauteuil-lounge-en-rotin\/\" \/>\n<meta property=\"og:locale\" content=\"fr_FR\" \/>\n<meta property=\"og:type\" content=\"article\" \/>\n<meta property=\"og:title\" content=\"Der Lounge-Sessel in Rattan-Optik bei OZG\" \/>\n<meta property=\"og:description\" content=\"Der Lounge-Sessel in Rattan-Optik mit Armlehnen und weichen Kissen, die die Armlehnen polstern und ihm seinen einzigartigen Look verleihen.\" \/>\n<meta property=\"og:url\" content=\"https:\/\/objektmobiliar.ch\/fr\/meubles\/meubles-rembourres-faciles-a-entretenir\/le-fauteuil-lounge-en-rotin\/\" \/>\n<meta property=\"og:site_name\" content=\"OZG HEALTHCARE\" \/>\n<meta property=\"article:modified_time\" content=\"2024-09-10T13:06:55+00:00\" \/>\n<meta property=\"og:image\" content=\"https:\/\/objektmobiliar.ch\/wp-content\/uploads\/2023\/10\/nordik-sessel.jpg\" \/>\n\t<meta property=\"og:image:width\" content=\"1000\" \/>\n\t<meta property=\"og:image:height\" content=\"1000\" \/>\n\t<meta property=\"og:image:type\" content=\"image\/jpeg\" \/>\n<meta name=\"twitter:card\" content=\"summary_large_image\" \/>\n<meta name=\"twitter:label1\" content=\"Dur\u00e9e de lecture estim\u00e9e\" \/>\n\t<meta name=\"twitter:data1\" content=\"2 minutes\" \/>\n<script type=\"application\/ld+json\" class=\"yoast-schema-graph\">{\"@context\":\"https:\\\/\\\/schema.org\",\"@graph\":[{\"@type\":\"WebPage\",\"@id\":\"https:\\\/\\\/objektmobiliar.ch\\\/moebel\\\/pflegegerechte-polstermoebel\\\/der-lounge-sessel-in-rattan-optik\\\/\",\"url\":\"https:\\\/\\\/objektmobiliar.ch\\\/moebel\\\/pflegegerechte-polstermoebel\\\/der-lounge-sessel-in-rattan-optik\\\/\",\"name\":\"Der Lounge-Sessel in Rattan-Optik bei OZG\",\"isPartOf\":{\"@id\":\"https:\\\/\\\/objektmobiliar.ch\\\/#website\"},\"primaryImageOfPage\":{\"@id\":\"https:\\\/\\\/objektmobiliar.ch\\\/moebel\\\/pflegegerechte-polstermoebel\\\/der-lounge-sessel-in-rattan-optik\\\/#primaryimage\"},\"image\":{\"@id\":\"https:\\\/\\\/objektmobiliar.ch\\\/moebel\\\/pflegegerechte-polstermoebel\\\/der-lounge-sessel-in-rattan-optik\\\/#primaryimage\"},\"thumbnailUrl\":\"https:\\\/\\\/objektmobiliar.ch\\\/wp-content\\\/uploads\\\/2023\\\/10\\\/nordik-sessel.jpg\",\"datePublished\":\"2023-10-14T16:34:53+00:00\",\"dateModified\":\"2024-09-10T13:06:55+00:00\",\"description\":\"Der Lounge-Sessel in Rattan-Optik mit Armlehnen und weichen Kissen, die die Armlehnen polstern und ihm seinen einzigartigen Look verleihen.\",\"breadcrumb\":{\"@id\":\"https:\\\/\\\/objektmobiliar.ch\\\/moebel\\\/pflegegerechte-polstermoebel\\\/der-lounge-sessel-in-rattan-optik\\\/#breadcrumb\"},\"inLanguage\":\"fr-FR\",\"potentialAction\":[{\"@type\":\"ReadAction\",\"target\":[\"https:\\\/\\\/objektmobiliar.ch\\\/moebel\\\/pflegegerechte-polstermoebel\\\/der-lounge-sessel-in-rattan-optik\\\/\"]}]},{\"@type\":\"ImageObject\",\"inLanguage\":\"fr-FR\",\"@id\":\"https:\\\/\\\/objektmobiliar.ch\\\/moebel\\\/pflegegerechte-polstermoebel\\\/der-lounge-sessel-in-rattan-optik\\\/#primaryimage\",\"url\":\"https:\\\/\\\/objektmobiliar.ch\\\/wp-content\\\/uploads\\\/2023\\\/10\\\/nordik-sessel.jpg\",\"contentUrl\":\"https:\\\/\\\/objektmobiliar.ch\\\/wp-content\\\/uploads\\\/2023\\\/10\\\/nordik-sessel.jpg\",\"width\":1000,\"height\":1000,\"caption\":\"Der Lounge-Sessel in Rattan-Optik\"},{\"@type\":\"BreadcrumbList\",\"@id\":\"https:\\\/\\\/objektmobiliar.ch\\\/moebel\\\/pflegegerechte-polstermoebel\\\/der-lounge-sessel-in-rattan-optik\\\/#breadcrumb\",\"itemListElement\":[{\"@type\":\"ListItem\",\"position\":1,\"name\":\"Startseite\",\"item\":\"https:\\\/\\\/objektmobiliar.ch\\\/\"},{\"@type\":\"ListItem\",\"position\":2,\"name\":\"M\u00f6bel\",\"item\":\"https:\\\/\\\/objektmobiliar.ch\\\/moebel\\\/\"},{\"@type\":\"ListItem\",\"position\":3,\"name\":\"Polsterm\u00f6bel\",\"item\":\"https:\\\/\\\/objektmobiliar.ch\\\/moebel\\\/pflegegerechte-polstermoebel\\\/\"},{\"@type\":\"ListItem\",\"position\":4,\"name\":\"Nordik Sessel\"}]},{\"@type\":\"WebSite\",\"@id\":\"https:\\\/\\\/objektmobiliar.ch\\\/#website\",\"url\":\"https:\\\/\\\/objektmobiliar.ch\\\/\",\"name\":\"OZG HEALTHCARE\",\"description\":\"Objektmobiliar f\u00fcr Pflege, B\u00fcro, Praxis &amp; Hotellerie\",\"potentialAction\":[{\"@type\":\"SearchAction\",\"target\":{\"@type\":\"EntryPoint\",\"urlTemplate\":\"https:\\\/\\\/objektmobiliar.ch\\\/?s={search_term_string}\"},\"query-input\":{\"@type\":\"PropertyValueSpecification\",\"valueRequired\":true,\"valueName\":\"search_term_string\"}}],\"inLanguage\":\"fr-FR\"}]}<\/script>\n<!-- \/ Yoast SEO plugin. -->","yoast_head_json":{"title":"Le fauteuil lounge en rotin chez OZG","description":"Le fauteuil lounge en aspect rotin avec accoudoirs et coussins moelleux qui rembourrent les accoudoirs et lui conf\u00e8rent son look unique.","robots":{"index":"index","follow":"follow","max-snippet":"max-snippet:-1","max-image-preview":"max-image-preview:large","max-video-preview":"max-video-preview:-1"},"canonical":"https:\/\/objektmobiliar.ch\/fr\/meubles\/meubles-rembourres-faciles-a-entretenir\/le-fauteuil-lounge-en-rotin\/","og_locale":"fr_FR","og_type":"article","og_title":"Der Lounge-Sessel in Rattan-Optik bei OZG","og_description":"Der Lounge-Sessel in Rattan-Optik mit Armlehnen und weichen Kissen, die die Armlehnen polstern und ihm seinen einzigartigen Look verleihen.","og_url":"https:\/\/objektmobiliar.ch\/fr\/meubles\/meubles-rembourres-faciles-a-entretenir\/le-fauteuil-lounge-en-rotin\/","og_site_name":"OZG HEALTHCARE","article_modified_time":"2024-09-10T13:06:55+00:00","og_image":[{"width":1000,"height":1000,"url":"https:\/\/objektmobiliar.ch\/wp-content\/uploads\/2023\/10\/nordik-sessel.jpg","type":"image\/jpeg"}],"twitter_card":"summary_large_image","twitter_misc":{"Dur\u00e9e de lecture estim\u00e9e":"2 minutes"},"schema":{"@context":"https:\/\/schema.org","@graph":[{"@type":"WebPage","@id":"https:\/\/objektmobiliar.ch\/moebel\/pflegegerechte-polstermoebel\/der-lounge-sessel-in-rattan-optik\/","url":"https:\/\/objektmobiliar.ch\/moebel\/pflegegerechte-polstermoebel\/der-lounge-sessel-in-rattan-optik\/","name":"Le fauteuil lounge en rotin chez OZG","isPartOf":{"@id":"https:\/\/objektmobiliar.ch\/#website"},"primaryImageOfPage":{"@id":"https:\/\/objektmobiliar.ch\/moebel\/pflegegerechte-polstermoebel\/der-lounge-sessel-in-rattan-optik\/#primaryimage"},"image":{"@id":"https:\/\/objektmobiliar.ch\/moebel\/pflegegerechte-polstermoebel\/der-lounge-sessel-in-rattan-optik\/#primaryimage"},"thumbnailUrl":"https:\/\/objektmobiliar.ch\/wp-content\/uploads\/2023\/10\/nordik-sessel.jpg","datePublished":"2023-10-14T16:34:53+00:00","dateModified":"2024-09-10T13:06:55+00:00","description":"Le fauteuil lounge en aspect rotin avec accoudoirs et coussins moelleux qui rembourrent les accoudoirs et lui conf\u00e8rent son look unique.","breadcrumb":{"@id":"https:\/\/objektmobiliar.ch\/moebel\/pflegegerechte-polstermoebel\/der-lounge-sessel-in-rattan-optik\/#breadcrumb"},"inLanguage":"fr-FR","potentialAction":[{"@type":"ReadAction","target":["https:\/\/objektmobiliar.ch\/moebel\/pflegegerechte-polstermoebel\/der-lounge-sessel-in-rattan-optik\/"]}]},{"@type":"ImageObject","inLanguage":"fr-FR","@id":"https:\/\/objektmobiliar.ch\/moebel\/pflegegerechte-polstermoebel\/der-lounge-sessel-in-rattan-optik\/#primaryimage","url":"https:\/\/objektmobiliar.ch\/wp-content\/uploads\/2023\/10\/nordik-sessel.jpg","contentUrl":"https:\/\/objektmobiliar.ch\/wp-content\/uploads\/2023\/10\/nordik-sessel.jpg","width":1000,"height":1000,"caption":"Der Lounge-Sessel in Rattan-Optik"},{"@type":"BreadcrumbList","@id":"https:\/\/objektmobiliar.ch\/moebel\/pflegegerechte-polstermoebel\/der-lounge-sessel-in-rattan-optik\/#breadcrumb","itemListElement":[{"@type":"ListItem","position":1,"name":"Startseite","item":"https:\/\/objektmobiliar.ch\/"},{"@type":"ListItem","position":2,"name":"M\u00f6bel","item":"https:\/\/objektmobiliar.ch\/moebel\/"},{"@type":"ListItem","position":3,"name":"Polsterm\u00f6bel","item":"https:\/\/objektmobiliar.ch\/moebel\/pflegegerechte-polstermoebel\/"},{"@type":"ListItem","position":4,"name":"Nordik Sessel"}]},{"@type":"WebSite","@id":"https:\/\/objektmobiliar.ch\/#website","url":"https:\/\/objektmobiliar.ch\/","name":"OZG HEALTHCARE","description":"Mobilier de collectivit\u00e9 pour les soins, les bureaux, les cabinets m\u00e9dicaux et l'h\u00f4tellerie","potentialAction":[{"@type":"SearchAction","target":{"@type":"EntryPoint","urlTemplate":"https:\/\/objektmobiliar.ch\/?s={search_term_string}"},"query-input":{"@type":"PropertyValueSpecification","valueRequired":true,"valueName":"search_term_string"}}],"inLanguage":"fr-FR"}]}},"coauthors":[],"author_meta":{"author_link":"https:\/\/objektmobiliar.ch\/fr\/author\/henni\/","display_name":"Henriette Saade"},"relative_dates":{"created":"Publi\u00e9 3 ans il y a","modified":"Mis \u00e0 jour 2 ans il y a"},"absolute_dates":{"created":"Publi\u00e9 le octobre 14, 2023","modified":"Mise \u00e0 jour le septembre 10, 2024"},"absolute_dates_time":{"created":"Publi\u00e9 le octobre 14, 2023 4:34 pm","modified":"Mise \u00e0 jour le septembre 10, 2024 1:06 pm"},"featured_img_caption":"","featured_img":"https:\/\/objektmobiliar.ch\/wp-content\/uploads\/2023\/10\/nordik-sessel-825x510.jpg","series_order":"","_links":{"self":[{"href":"https:\/\/objektmobiliar.ch\/fr\/wp-json\/wp\/v2\/pages\/475","targetHints":{"allow":["GET"]}}],"collection":[{"href":"https:\/\/objektmobiliar.ch\/fr\/wp-json\/wp\/v2\/pages"}],"about":[{"href":"https:\/\/objektmobiliar.ch\/fr\/wp-json\/wp\/v2\/types\/page"}],"author":[{"embeddable":true,"href":"https:\/\/objektmobiliar.ch\/fr\/wp-json\/wp\/v2\/users\/7"}],"replies":[{"embeddable":true,"href":"https:\/\/objektmobiliar.ch\/fr\/wp-json\/wp\/v2\/comments?post=475"}],"version-history":[{"count":16,"href":"https:\/\/objektmobiliar.ch\/fr\/wp-json\/wp\/v2\/pages\/475\/revisions"}],"predecessor-version":[{"id":4242,"href":"https:\/\/objektmobiliar.ch\/fr\/wp-json\/wp\/v2\/pages\/475\/revisions\/4242"}],"up":[{"embeddable":true,"href":"https:\/\/objektmobiliar.ch\/fr\/wp-json\/wp\/v2\/pages\/220"}],"wp:featuredmedia":[{"embeddable":true,"href":"https:\/\/objektmobiliar.ch\/fr\/wp-json\/wp\/v2\/media\/473"}],"wp:attachment":[{"href":"https:\/\/objektmobiliar.ch\/fr\/wp-json\/wp\/v2\/media?parent=475"}],"curies":[{"name":"wp","href":"https:\/\/api.w.org\/{rel}","templated":true}]}}