{"id":467,"date":"2023-10-14T16:14:31","date_gmt":"2023-10-14T16:14:31","guid":{"rendered":"https:\/\/dev.objektmobiliar.ch\/?page_id=467"},"modified":"2024-09-10T12:07:09","modified_gmt":"2024-09-10T12:07:09","slug":"le-fauteuil-de-repos-confortable-pour-les-maisons-de-retraite","status":"publish","type":"page","link":"https:\/\/objektmobiliar.ch\/fr\/moebel\/pflegegerechte-polstermoebel\/der-bequeme-ruhesessel-fuer-altersheime\/","title":{"rendered":"Nino"},"content":{"rendered":"<div class=\"lazyblock-produkt-detail-ozg-1knWUl wp-block-lazyblock-produkt-detail-ozg\"><section class=\"sct\">\r\n      <div class=\"cnt\">\r\n        <div class=\"elmnt-product-desc\">\r\n          <div class=\"product-desc-box\"><img decoding=\"async\" src=\"https:\/\/objektmobiliar.ch\/wp-content\/uploads\/2023\/10\/nino-sessel.jpg\" loading=\"lazy\" alt=\"\" class=\"product-desc-img\"><\/div>\r\n          <div class=\"product-desc-txt\">\r\n            <h1 class=\"txt-product-headline\">Nino<\/h1>\r\n            <h2 class=\"txt-product-subline\">Le fauteuil de repos confortable pour les maisons de retraite<\/h2>\r\n            <div class=\"w-richtext\">\r\n              <p>Le fauteuil de repos confortable pour maisons de retraite offre un confort de premier ordre et une assise douillette, parfaite pour les moments de d\u00e9tente. Avec ses accoudoirs incurv\u00e9s en bois massif, le fauteuil apporte une touche de style. Les accoudoirs lat\u00e9raux sont disponibles au choix ouverts ou ferm\u00e9s, ce qui vous offre une grande flexibilit\u00e9 pour les adapter \u00e0 votre concept d'am\u00e9nagement.<\/p>\r\n            <\/div>\r\n            <a onclick=\"splite_loader();\" class=\"btn\">Demander un produit<\/a>\r\n          <\/div>\r\n        <\/div>\r\n      <\/div>\r\n    <\/section><\/div>\n\n<div class=\"lazyblock-produkt-slider-ozg-Z2k4EoW wp-block-lazyblock-produkt-slider-ozg\"><section class=\"sct\">\r\n  <div class=\"cnt\">\r\n    <div class=\"intro-txt\">\r\n        <h2>Mod\u00e8les et versions<\/h2>\r\n    <\/div>\r\n    \r\n    <div class=\"elmnt-similar-products\">\r\n      <div class=\"similar-product\"><img decoding=\"async\" src=\"https:\/\/objektmobiliar.ch\/wp-content\/uploads\/2023\/10\/nino-sessel-rollen.jpg\" loading=\"eager\" alt=\"Le fauteuil de repos confortable pour les maisons de retraite\" class=\"similar-product-img\">\r\n        <div class=\"center\">\r\n          <div class=\"w-richtext\">\r\n            <p><strong>Option : Nino avec roulettes,<\/strong><br>R\u00e9f. N\u00b0 220-0088\/S<\/p>\r\n          <\/div>\r\n          \r\n        <\/div>\r\n      <\/div>\r\n      <div class=\"similar-product\"><img decoding=\"async\" src=\"https:\/\/objektmobiliar.ch\/wp-content\/uploads\/2023\/10\/nino-sessel-rollen-02.jpg\" loading=\"eager\" alt=\"Fauteuil de repos Nino avec roulettes\" class=\"similar-product-img\">\r\n        <div class=\"center\">\r\n          <div class=\"w-richtext\">\r\n            <p><strong>Option : Nino avec roulettes,<\/strong><br>R\u00e9f. N\u00b0 220-0088\/S<\/p>\r\n          <\/div>\r\n          \r\n        <\/div>\r\n      <\/div>\r\n      <div class=\"similar-product\"><img decoding=\"async\" src=\"https:\/\/objektmobiliar.ch\/wp-content\/uploads\/2023\/10\/nino-ruhesessel.jpg\" loading=\"eager\" alt=\"Fauteuil de relaxation Nino\" class=\"similar-product-img\">\r\n        <div class=\"center\">\r\n          <div class=\"w-richtext\">\r\n            <p><strong>Fauteuil de relaxation Nino,<\/strong><br>Art. Art. n\u00b0 220-0092\/S : <br>R\u00e9glable manuellement<\/p>\r\n          <\/div>\r\n          \r\n        <\/div>\r\n      <\/div>\r\n      <div class=\"similar-product\"><img decoding=\"async\" src=\"https:\/\/objektmobiliar.ch\/wp-content\/uploads\/2023\/10\/nino-ruhesessel-rollen.jpg\" loading=\"eager\" alt=\"Fauteuil de repos Nino avec roulettes\" class=\"similar-product-img\">\r\n        <div class=\"center\">\r\n          <div class=\"w-richtext\">\r\n            <p><strong>Option : Nino avec roulettes,<\/strong><br>R\u00e9f. N\u00b0 220-0088\/S<br><br>Option : Nino avec accoudoirs ferm\u00e9s, <br>R\u00e9f. N\u00b0 220-0087\/S<\/p>\r\n          <\/div>\r\n          \r\n        <\/div>\r\n      <\/div>\r\n    <\/div>\r\n  <\/div>\r\n  \r\n  <div class=\"cnt narrow\">\r\n    <div class=\"similar-products-nav-pos\">\r\n      <div class=\"w-embed\">\r\n        \r\n      <\/div>\r\n    <\/div>\r\n  <\/div>\r\n<\/section><\/div>\n\n<div class=\"lazyblock-text-modul-ozg-15eKub wp-block-lazyblock-text-modul-ozg\"><section class=\"sct\">\r\n      <div class=\"cnt narrow\">\r\n        <div class=\"w-richtext\">\r\n            <p><img loading=\"lazy\" decoding=\"async\" class=\"size-full wp-image-466 alignnone\" src=\"https:\/\/objektmobiliar.ch\/wp-content\/uploads\/2023\/10\/nino-w-1.jpg\" alt=\"Nino avec accoudoirs ferm\u00e9s\" width=\"1200\" height=\"800\" srcset=\"https:\/\/objektmobiliar.ch\/wp-content\/uploads\/2023\/10\/nino-w-1.jpg 1200w, https:\/\/objektmobiliar.ch\/wp-content\/uploads\/2023\/10\/nino-w-1-800x533.jpg 800w, https:\/\/objektmobiliar.ch\/wp-content\/uploads\/2023\/10\/nino-w-1-768x512.jpg 768w\" sizes=\"auto, (max-width: 1200px) 100vw, 1200px\" \/><\/p>\n<p><strong>Option : Nino avec accoudoirs ferm\u00e9s,<\/strong><br \/>R\u00e9f. N\u00b0 20-0087\/S<\/p>\r\n        <\/div>\r\n      <\/div>\r\n    <\/section><\/div>\n\n\n<div class=\"wp-block-group\"><div class=\"wp-block-group__inner-container is-layout-constrained wp-block-group-is-layout-constrained\"><section class=\"sct\">\r\n      <div class=\"cnt narrow\">\r\n        <div class=\"introtxt\">\r\n        <div class=\"w-richtext\">\r\n            <h2>Description du produit<\/h2>\r\n        <\/div>\r\n        <\/div>\r\n        \r\n          \n\n\n<figure class=\"wp-block-table is-style-regular\"><table><thead><tr><th>Art. No.<\/th><th>Description<\/th><\/tr><\/thead><tbody><tr><td>220-0092\/S<\/td><td>Fauteuil de relaxation Nino, r\u00e9glage manuel<\/td><\/tr><tr><td>220-0093\/S<\/td><td>Fauteuil de relaxation Nino, r\u00e9glage \u00e9lectrique<\/td><\/tr><tr><td>220-0087\/S<\/td><td>Option : fauteuil de repos Nino avec accoudoirs lat\u00e9raux<\/td><\/tr><tr><td>220-0088\/S<\/td><td>Option : fauteuil de repos Nino avec roulettes<\/td><\/tr><\/tbody><\/table><\/figure>\n\n\n<\/div><\/section><\/div><\/div>\n\n\n<div class=\"lazyblock-text-modul-ozg-ZWtBxc wp-block-lazyblock-text-modul-ozg\"><section class=\"sct\">\r\n      <div class=\"cnt narrow\">\r\n        <div class=\"w-richtext\">\r\n            <h3>Le fauteuil de repos confortable Nino : confort et style pour les \u00e9tablissements de soins<\/h3>\n<p>Le fauteuil de repos confortable pour \u00e9tablissements de soins Nino offre un confort de premi\u00e8re classe et s'int\u00e8gre avec style dans tout \u00e9tablissement de soins. Ses accoudoirs incurv\u00e9s en bois massif apportent une touche d'\u00e9l\u00e9gance et de stabilit\u00e9. Il est parfait pour les moments de d\u00e9tente, que ce soit dans la salle commune ou dans la chambre du r\u00e9sident. Gr\u00e2ce \u00e0 des possibilit\u00e9s d'am\u00e9nagement flexibles, les accoudoirs lat\u00e9raux peuvent \u00eatre ouverts ou ferm\u00e9s, ce qui rend le fauteuil adaptable \u00e0 de nombreuses situations.<\/p>\n<h3>Possibilit\u00e9s d'adaptation et utilit\u00e9 pratique<\/h3>\n<p>Le fauteuil de repos confortable Nino pour les \u00e9tablissements de soins est r\u00e9glable manuellement ou \u00e9lectriquement et peut \u00eatre facilement mis en position allong\u00e9e, ce qui soulage les r\u00e9sidents et facilite le travail du personnel soignant. \u00c9quip\u00e9 de roulettes en option, il am\u00e9liore la mobilit\u00e9 dans l'\u00e9tablissement de soins.\u00a0<\/p>\n<h3>Choix vari\u00e9 de coussins et mat\u00e9riaux faciles \u00e0 entretenir<\/h3>\n<p>Choisissez entre la microfibre, le similicuir ou le cuir v\u00e9ritable dans diff\u00e9rentes couleurs. Les accoudoirs en bois massif facilitent le nettoyage et rendent le fauteuil particuli\u00e8rement facile \u00e0 entretenir. Le confortable fauteuil de repos Nino peut \u00eatre adapt\u00e9 individuellement aux besoins de votre int\u00e9rieur. Nous sommes \u00e0 votre disposition pour de plus amples informations et un conseil personnalis\u00e9 - visitez notre site web pour plus de d\u00e9tails sur\u00a0<a href=\"https:\/\/objektmobiliar.ch\/fr\/inspiration\/materiaux-et-couleurs\/\">Mat\u00e9riaux et couleurs<\/a>.<\/p>\r\n        <\/div>\r\n      <\/div>\r\n    <\/section><\/div>\n\n\n<p><\/p>\n<style class=\"advgb-styles-renderer\">\r\n            .similar-products-nav li {\r\n              overflow: hidden;\r\n              margin: 0px !important;\r\n              flex-grow: 0 !important;\r\n              flex-shrink: 1 !important;\r\n              flex-basis: 12.5% !important;\r\n              border-style: solid;\r\n              border-width: 2px;\r\n              border-color: transparent;\r\n              border-radius: 8px;\r\n              transition-property: border-color;\r\n              transition-duration: 600ms;\r\n              transition-timing-function: ease;\r\n              cursor: pointer;\r\n            }\r\n            .similar-products-nav li.slick-active {\r\n              border-color: #dde7ef;\r\n            }\r\n            @media screen and (max-width:767px) {\r\n              .similar-products-nav li {\r\n                flex-basis: auto !important;\r\n                border-radius: 8px;\r\n                padding-top: 8px;\r\n                padding-right: 16px;\r\n                padding-bottom: 6px;\r\n                padding-left: 16px;\r\n              }\r\n              .similar-products-nav li.slick-active {\r\n                background-color: #dde7ef;\r\n                transition-property: background-color, border-color;\r\n                transition-duration: 600ms, 200ms;\r\n                transition-timing-function: ease, ease;\r\n                color: #426b8a;\r\n              }\r\n            }\r\n          <\/style>","protected":false},"excerpt":{"rendered":"<p>Komfortabler und gem\u00fctlicher Ruhesessel. R\u00fccken- und Fussst\u00fctze lassen sich manuell mittels K\u00f6rperdruck bis in die Relax- und Liegeposition verstellen.<\/p>","protected":false},"author":2,"featured_media":462,"parent":220,"menu_order":0,"comment_status":"closed","ping_status":"closed","template":"","meta":{"advgb_blocks_editor_width":"","advgb_blocks_columns_visual_guide":"","footnotes":""},"class_list":["post-467","page","type-page","status-publish","has-post-thumbnail","hentry"],"yoast_head":"<!-- This site is optimized with the Yoast SEO plugin v27.4 - https:\/\/yoast.com\/product\/yoast-seo-wordpress\/ -->\n<title>Der bequeme Ruhesessel f\u00fcr Altersheime bei OZG<\/title>\n<meta name=\"description\" content=\"Der bequeme Ruhesessel f\u00fcr Altersheime mit verstellbarer R\u00fccken- und Fussst\u00fctze f\u00fcr eine angenehme Relax- und Liegeposition.\" \/>\n<meta name=\"robots\" content=\"index, follow, max-snippet:-1, max-image-preview:large, max-video-preview:-1\" \/>\n<link rel=\"canonical\" href=\"https:\/\/objektmobiliar.ch\/fr\/meubles\/meubles-rembourres-faciles-a-entretenir\/le-fauteuil-de-repos-confortable-pour-les-maisons-de-retraite\/\" \/>\n<meta property=\"og:locale\" content=\"fr_FR\" \/>\n<meta property=\"og:type\" content=\"article\" \/>\n<meta property=\"og:title\" content=\"Der bequeme Ruhesessel f\u00fcr Altersheime bei OZG\" \/>\n<meta property=\"og:description\" content=\"Der bequeme Ruhesessel f\u00fcr Altersheime mit verstellbarer R\u00fccken- und Fussst\u00fctze f\u00fcr eine angenehme Relax- und Liegeposition.\" \/>\n<meta property=\"og:url\" content=\"https:\/\/objektmobiliar.ch\/fr\/meubles\/meubles-rembourres-faciles-a-entretenir\/le-fauteuil-de-repos-confortable-pour-les-maisons-de-retraite\/\" \/>\n<meta property=\"og:site_name\" content=\"OZG HEALTHCARE\" \/>\n<meta property=\"article:modified_time\" content=\"2024-09-10T12:07:09+00:00\" \/>\n<meta property=\"og:image\" content=\"https:\/\/objektmobiliar.ch\/wp-content\/uploads\/2023\/10\/nino-sessel-rollen.jpg\" \/>\n\t<meta property=\"og:image:width\" content=\"1000\" \/>\n\t<meta property=\"og:image:height\" content=\"1000\" \/>\n\t<meta property=\"og:image:type\" content=\"image\/jpeg\" \/>\n<meta name=\"twitter:card\" content=\"summary_large_image\" \/>\n<meta name=\"twitter:label1\" content=\"Dur\u00e9e de lecture estim\u00e9e\" \/>\n\t<meta name=\"twitter:data1\" content=\"4 minutes\" \/>\n<script type=\"application\/ld+json\" class=\"yoast-schema-graph\">{\"@context\":\"https:\\\/\\\/schema.org\",\"@graph\":[{\"@type\":\"WebPage\",\"@id\":\"https:\\\/\\\/objektmobiliar.ch\\\/moebel\\\/pflegegerechte-polstermoebel\\\/der-bequeme-ruhesessel-fuer-altersheime\\\/\",\"url\":\"https:\\\/\\\/objektmobiliar.ch\\\/moebel\\\/pflegegerechte-polstermoebel\\\/der-bequeme-ruhesessel-fuer-altersheime\\\/\",\"name\":\"Der bequeme Ruhesessel f\u00fcr Altersheime bei OZG\",\"isPartOf\":{\"@id\":\"https:\\\/\\\/objektmobiliar.ch\\\/#website\"},\"primaryImageOfPage\":{\"@id\":\"https:\\\/\\\/objektmobiliar.ch\\\/moebel\\\/pflegegerechte-polstermoebel\\\/der-bequeme-ruhesessel-fuer-altersheime\\\/#primaryimage\"},\"image\":{\"@id\":\"https:\\\/\\\/objektmobiliar.ch\\\/moebel\\\/pflegegerechte-polstermoebel\\\/der-bequeme-ruhesessel-fuer-altersheime\\\/#primaryimage\"},\"thumbnailUrl\":\"https:\\\/\\\/objektmobiliar.ch\\\/wp-content\\\/uploads\\\/2023\\\/10\\\/nino-sessel-rollen.jpg\",\"datePublished\":\"2023-10-14T16:14:31+00:00\",\"dateModified\":\"2024-09-10T12:07:09+00:00\",\"description\":\"Der bequeme Ruhesessel f\u00fcr Altersheime mit verstellbarer R\u00fccken- und Fussst\u00fctze f\u00fcr eine angenehme Relax- und Liegeposition.\",\"breadcrumb\":{\"@id\":\"https:\\\/\\\/objektmobiliar.ch\\\/moebel\\\/pflegegerechte-polstermoebel\\\/der-bequeme-ruhesessel-fuer-altersheime\\\/#breadcrumb\"},\"inLanguage\":\"fr-FR\",\"potentialAction\":[{\"@type\":\"ReadAction\",\"target\":[\"https:\\\/\\\/objektmobiliar.ch\\\/moebel\\\/pflegegerechte-polstermoebel\\\/der-bequeme-ruhesessel-fuer-altersheime\\\/\"]}]},{\"@type\":\"ImageObject\",\"inLanguage\":\"fr-FR\",\"@id\":\"https:\\\/\\\/objektmobiliar.ch\\\/moebel\\\/pflegegerechte-polstermoebel\\\/der-bequeme-ruhesessel-fuer-altersheime\\\/#primaryimage\",\"url\":\"https:\\\/\\\/objektmobiliar.ch\\\/wp-content\\\/uploads\\\/2023\\\/10\\\/nino-sessel-rollen.jpg\",\"contentUrl\":\"https:\\\/\\\/objektmobiliar.ch\\\/wp-content\\\/uploads\\\/2023\\\/10\\\/nino-sessel-rollen.jpg\",\"width\":1000,\"height\":1000,\"caption\":\"Der bequeme Ruhesessel f\u00fcr Altersheime\"},{\"@type\":\"BreadcrumbList\",\"@id\":\"https:\\\/\\\/objektmobiliar.ch\\\/moebel\\\/pflegegerechte-polstermoebel\\\/der-bequeme-ruhesessel-fuer-altersheime\\\/#breadcrumb\",\"itemListElement\":[{\"@type\":\"ListItem\",\"position\":1,\"name\":\"Startseite\",\"item\":\"https:\\\/\\\/objektmobiliar.ch\\\/\"},{\"@type\":\"ListItem\",\"position\":2,\"name\":\"M\u00f6bel\",\"item\":\"https:\\\/\\\/objektmobiliar.ch\\\/moebel\\\/\"},{\"@type\":\"ListItem\",\"position\":3,\"name\":\"Polsterm\u00f6bel\",\"item\":\"https:\\\/\\\/objektmobiliar.ch\\\/moebel\\\/pflegegerechte-polstermoebel\\\/\"},{\"@type\":\"ListItem\",\"position\":4,\"name\":\"Nino\"}]},{\"@type\":\"WebSite\",\"@id\":\"https:\\\/\\\/objektmobiliar.ch\\\/#website\",\"url\":\"https:\\\/\\\/objektmobiliar.ch\\\/\",\"name\":\"OZG HEALTHCARE\",\"description\":\"Objektmobiliar f\u00fcr Pflege, B\u00fcro, Praxis &amp; Hotellerie\",\"potentialAction\":[{\"@type\":\"SearchAction\",\"target\":{\"@type\":\"EntryPoint\",\"urlTemplate\":\"https:\\\/\\\/objektmobiliar.ch\\\/?s={search_term_string}\"},\"query-input\":{\"@type\":\"PropertyValueSpecification\",\"valueRequired\":true,\"valueName\":\"search_term_string\"}}],\"inLanguage\":\"fr-FR\"}]}<\/script>\n<!-- \/ Yoast SEO plugin. -->","yoast_head_json":{"title":"Le fauteuil de repos confortable pour les maisons de retraite chez OZG","description":"Le fauteuil de repos confortable pour les maisons de retraite avec dossier et repose-pieds r\u00e9glables pour une position de d\u00e9tente et de couchage agr\u00e9able.","robots":{"index":"index","follow":"follow","max-snippet":"max-snippet:-1","max-image-preview":"max-image-preview:large","max-video-preview":"max-video-preview:-1"},"canonical":"https:\/\/objektmobiliar.ch\/fr\/meubles\/meubles-rembourres-faciles-a-entretenir\/le-fauteuil-de-repos-confortable-pour-les-maisons-de-retraite\/","og_locale":"fr_FR","og_type":"article","og_title":"Der bequeme Ruhesessel f\u00fcr Altersheime bei OZG","og_description":"Der bequeme Ruhesessel f\u00fcr Altersheime mit verstellbarer R\u00fccken- und Fussst\u00fctze f\u00fcr eine angenehme Relax- und Liegeposition.","og_url":"https:\/\/objektmobiliar.ch\/fr\/meubles\/meubles-rembourres-faciles-a-entretenir\/le-fauteuil-de-repos-confortable-pour-les-maisons-de-retraite\/","og_site_name":"OZG HEALTHCARE","article_modified_time":"2024-09-10T12:07:09+00:00","og_image":[{"width":1000,"height":1000,"url":"https:\/\/objektmobiliar.ch\/wp-content\/uploads\/2023\/10\/nino-sessel-rollen.jpg","type":"image\/jpeg"}],"twitter_card":"summary_large_image","twitter_misc":{"Dur\u00e9e de lecture estim\u00e9e":"4 minutes"},"schema":{"@context":"https:\/\/schema.org","@graph":[{"@type":"WebPage","@id":"https:\/\/objektmobiliar.ch\/moebel\/pflegegerechte-polstermoebel\/der-bequeme-ruhesessel-fuer-altersheime\/","url":"https:\/\/objektmobiliar.ch\/moebel\/pflegegerechte-polstermoebel\/der-bequeme-ruhesessel-fuer-altersheime\/","name":"Le fauteuil de repos confortable pour les maisons de retraite chez OZG","isPartOf":{"@id":"https:\/\/objektmobiliar.ch\/#website"},"primaryImageOfPage":{"@id":"https:\/\/objektmobiliar.ch\/moebel\/pflegegerechte-polstermoebel\/der-bequeme-ruhesessel-fuer-altersheime\/#primaryimage"},"image":{"@id":"https:\/\/objektmobiliar.ch\/moebel\/pflegegerechte-polstermoebel\/der-bequeme-ruhesessel-fuer-altersheime\/#primaryimage"},"thumbnailUrl":"https:\/\/objektmobiliar.ch\/wp-content\/uploads\/2023\/10\/nino-sessel-rollen.jpg","datePublished":"2023-10-14T16:14:31+00:00","dateModified":"2024-09-10T12:07:09+00:00","description":"Le fauteuil de repos confortable pour les maisons de retraite avec dossier et repose-pieds r\u00e9glables pour une position de d\u00e9tente et de couchage agr\u00e9able.","breadcrumb":{"@id":"https:\/\/objektmobiliar.ch\/moebel\/pflegegerechte-polstermoebel\/der-bequeme-ruhesessel-fuer-altersheime\/#breadcrumb"},"inLanguage":"fr-FR","potentialAction":[{"@type":"ReadAction","target":["https:\/\/objektmobiliar.ch\/moebel\/pflegegerechte-polstermoebel\/der-bequeme-ruhesessel-fuer-altersheime\/"]}]},{"@type":"ImageObject","inLanguage":"fr-FR","@id":"https:\/\/objektmobiliar.ch\/moebel\/pflegegerechte-polstermoebel\/der-bequeme-ruhesessel-fuer-altersheime\/#primaryimage","url":"https:\/\/objektmobiliar.ch\/wp-content\/uploads\/2023\/10\/nino-sessel-rollen.jpg","contentUrl":"https:\/\/objektmobiliar.ch\/wp-content\/uploads\/2023\/10\/nino-sessel-rollen.jpg","width":1000,"height":1000,"caption":"Der bequeme Ruhesessel f\u00fcr Altersheime"},{"@type":"BreadcrumbList","@id":"https:\/\/objektmobiliar.ch\/moebel\/pflegegerechte-polstermoebel\/der-bequeme-ruhesessel-fuer-altersheime\/#breadcrumb","itemListElement":[{"@type":"ListItem","position":1,"name":"Startseite","item":"https:\/\/objektmobiliar.ch\/"},{"@type":"ListItem","position":2,"name":"M\u00f6bel","item":"https:\/\/objektmobiliar.ch\/moebel\/"},{"@type":"ListItem","position":3,"name":"Polsterm\u00f6bel","item":"https:\/\/objektmobiliar.ch\/moebel\/pflegegerechte-polstermoebel\/"},{"@type":"ListItem","position":4,"name":"Nino"}]},{"@type":"WebSite","@id":"https:\/\/objektmobiliar.ch\/#website","url":"https:\/\/objektmobiliar.ch\/","name":"OZG HEALTHCARE","description":"Mobilier de collectivit\u00e9 pour les soins, les bureaux, les cabinets m\u00e9dicaux et l'h\u00f4tellerie","potentialAction":[{"@type":"SearchAction","target":{"@type":"EntryPoint","urlTemplate":"https:\/\/objektmobiliar.ch\/?s={search_term_string}"},"query-input":{"@type":"PropertyValueSpecification","valueRequired":true,"valueName":"search_term_string"}}],"inLanguage":"fr-FR"}]}},"coauthors":[],"author_meta":{"author_link":"https:\/\/objektmobiliar.ch\/fr\/author\/alex\/","display_name":"Alex"},"relative_dates":{"created":"Publi\u00e9 3 ans il y a","modified":"Mis \u00e0 jour 2 ans il y a"},"absolute_dates":{"created":"Publi\u00e9 le octobre 14, 2023","modified":"Mise \u00e0 jour le septembre 10, 2024"},"absolute_dates_time":{"created":"Publi\u00e9 le octobre 14, 2023 4:14 pm","modified":"Mise \u00e0 jour le septembre 10, 2024 12:07 pm"},"featured_img_caption":"","featured_img":"https:\/\/objektmobiliar.ch\/wp-content\/uploads\/2023\/10\/nino-sessel-rollen-825x510.jpg","series_order":"","_links":{"self":[{"href":"https:\/\/objektmobiliar.ch\/fr\/wp-json\/wp\/v2\/pages\/467","targetHints":{"allow":["GET"]}}],"collection":[{"href":"https:\/\/objektmobiliar.ch\/fr\/wp-json\/wp\/v2\/pages"}],"about":[{"href":"https:\/\/objektmobiliar.ch\/fr\/wp-json\/wp\/v2\/types\/page"}],"author":[{"embeddable":true,"href":"https:\/\/objektmobiliar.ch\/fr\/wp-json\/wp\/v2\/users\/2"}],"replies":[{"embeddable":true,"href":"https:\/\/objektmobiliar.ch\/fr\/wp-json\/wp\/v2\/comments?post=467"}],"version-history":[{"count":27,"href":"https:\/\/objektmobiliar.ch\/fr\/wp-json\/wp\/v2\/pages\/467\/revisions"}],"predecessor-version":[{"id":4228,"href":"https:\/\/objektmobiliar.ch\/fr\/wp-json\/wp\/v2\/pages\/467\/revisions\/4228"}],"up":[{"embeddable":true,"href":"https:\/\/objektmobiliar.ch\/fr\/wp-json\/wp\/v2\/pages\/220"}],"wp:featuredmedia":[{"embeddable":true,"href":"https:\/\/objektmobiliar.ch\/fr\/wp-json\/wp\/v2\/media\/462"}],"wp:attachment":[{"href":"https:\/\/objektmobiliar.ch\/fr\/wp-json\/wp\/v2\/media?parent=467"}],"curies":[{"name":"wp","href":"https:\/\/api.w.org\/{rel}","templated":true}]}}