{"id":4533,"date":"2024-09-15T23:46:42","date_gmt":"2024-09-15T23:46:42","guid":{"rendered":"https:\/\/objektmobiliar.ch\/?page_id=4533"},"modified":"2025-05-27T08:51:22","modified_gmt":"2025-05-27T08:51:22","slug":"chaise-de-cuisine-classique-pour-groupes-dhabitation","status":"publish","type":"page","link":"https:\/\/objektmobiliar.ch\/fr\/moebel\/pflegegerechte-stuehle\/klassischer-kuechenstuhl-fur-wohngruppen\/","title":{"rendered":"Lori"},"content":{"rendered":"<div class=\"lazyblock-produkt-detail-ozg-2idsqq wp-block-lazyblock-produkt-detail-ozg\"><section class=\"sct\">\r\n      <div class=\"cnt\">\r\n        <div class=\"elmnt-product-desc\">\r\n          <div class=\"product-desc-box\"><img decoding=\"async\" src=\"https:\/\/objektmobiliar.ch\/wp-content\/uploads\/2024\/09\/lori-200-0500-s.jpg\" loading=\"lazy\" alt=\"\" class=\"product-desc-img\"><\/div>\r\n          <div class=\"product-desc-txt\">\r\n            <h1 class=\"txt-product-headline\">Serie Lori<\/h1>\r\n            <h2 class=\"txt-product-subline\">Klassischer K\u00fcchenstuhl f\u00fcr Wohngruppen<\/h2>\r\n            <div class=\"w-richtext\">\r\n              <p>LORI ist ein klassischer K\u00fcchenstuhl f\u00fcr Wohngruppen. In Kombination mit dem attraktiven Barhocker der Serie eignet sich der Stuhl LORI perfekt f\u00fcr Gemeinschaftsk\u00fcchen, Esszimmer oder Speises\u00e4le, kann aber auch zur Bestuhlung bei Veranstaltungen verwendet werden. Der Vorteil der LORI St\u00fchle: Sie sind stapelbar und lassen sich platzsparend verstauen. Das schn\u00f6rkellose Design ist gepaart mit feinen Raffinessen wie der ovalen R\u00fcckenlehne und der komfortablen Polsterung, f\u00fcr die Sie Bezugsmaterialien und Farben frei w\u00e4hlen k\u00f6nnen.<\/p>\r\n            <\/div>\r\n            <a onclick=\"splite_loader();\" class=\"btn\">Produkt anfragen<\/a>\r\n          <\/div>\r\n        <\/div>\r\n      <\/div>\r\n    <\/section><\/div>\n\n<div class=\"lazyblock-produkt-slider-ozg-Z1Tq8Lp wp-block-lazyblock-produkt-slider-ozg\"><section class=\"sct\">\r\n  <div class=\"cnt semi\">\r\n    <div class=\"intro-txt\">\r\n        <h2>Modelle und Ausf\u00fchrungen<\/h2>\r\n    <\/div>\r\n    \r\n    <div class=\"elmnt-similar-products\">\r\n      <div class=\"similar-product\"><img decoding=\"async\" src=\"https:\/\/objektmobiliar.ch\/wp-content\/uploads\/2024\/09\/lori-200-0500-s.jpg\" loading=\"eager\" alt=\"Klassischer K\u00fcchenstuhl f\u00fcr Wohngruppen\" class=\"similar-product-img\">\r\n        <div class=\"center\">\r\n          <div class=\"w-richtext\">\r\n            <p><strong>Lori Stuhl, mit Sitz- &amp; R\u00fcckenpolster<\/strong><br>200-0500\/S<\/p>\r\n          <\/div>\r\n          \r\n        <\/div>\r\n      <\/div>\r\n      <div class=\"similar-product\"><img decoding=\"async\" src=\"https:\/\/objektmobiliar.ch\/wp-content\/uploads\/2024\/09\/lori-200-0500-s-stacked.jpg\" loading=\"eager\" alt=\"\" class=\"similar-product-img\">\r\n        <div class=\"center\">\r\n          <div class=\"w-richtext\">\r\n            <p><strong>Lori Stuhl, stapelbar<\/strong><br>200-0500\/S<\/p>\r\n          <\/div>\r\n          \r\n        <\/div>\r\n      <\/div>\r\n      <div class=\"similar-product\"><img decoding=\"async\" src=\"https:\/\/objektmobiliar.ch\/wp-content\/uploads\/2024\/09\/lori-200-0501-s.jpg\" loading=\"eager\" alt=\"\" class=\"similar-product-img\">\r\n        <div class=\"center\">\r\n          <div class=\"w-richtext\">\r\n            <p><strong>Lori Stuhl, mit Sitzpolster<\/strong><br>200-0501\/S<\/p>\r\n          <\/div>\r\n          \r\n        <\/div>\r\n      <\/div>\r\n      <div class=\"similar-product\"><img decoding=\"async\" src=\"https:\/\/objektmobiliar.ch\/wp-content\/uploads\/2024\/09\/lori-200-0500-s-profil.jpg\" loading=\"eager\" alt=\"\" class=\"similar-product-img\">\r\n        <div class=\"center\">\r\n          <div class=\"w-richtext\">\r\n            <p><strong>Lori Stuhl, mit Sitzpolster<\/strong><br>200-0501\/S<\/p>\r\n          <\/div>\r\n          \r\n        <\/div>\r\n      <\/div>\r\n      <div class=\"similar-product\"><img decoding=\"async\" src=\"https:\/\/objektmobiliar.ch\/wp-content\/uploads\/2024\/09\/lori-200-0502-s.jpg\" loading=\"eager\" alt=\"\" class=\"similar-product-img\">\r\n        <div class=\"center\">\r\n          <div class=\"w-richtext\">\r\n            <p><strong>Lori Stuhl, nicht gepolstert<\/strong><br>200-0502\/S<\/p>\r\n          <\/div>\r\n          \r\n        <\/div>\r\n      <\/div>\r\n      <div class=\"similar-product\"><img decoding=\"async\" src=\"https:\/\/objektmobiliar.ch\/wp-content\/uploads\/2024\/09\/lori-200-0502-s-profil.jpg\" loading=\"eager\" alt=\"\" class=\"similar-product-img\">\r\n        <div class=\"center\">\r\n          <div class=\"w-richtext\">\r\n            <p><strong>Lori Stuhl, nicht gepolstert<\/strong><br>200-0502\/S<\/p>\r\n          <\/div>\r\n          \r\n        <\/div>\r\n      <\/div>\r\n      <div class=\"similar-product\"><img decoding=\"async\" src=\"https:\/\/objektmobiliar.ch\/wp-content\/uploads\/2024\/09\/lori-200-0503-s.jpg\" loading=\"eager\" alt=\"\" class=\"similar-product-img\">\r\n        <div class=\"center\">\r\n          <div class=\"w-richtext\">\r\n            <p><strong>Lori Barhocker, Sitz- und R\u00fcckengepolster<\/strong><br>200-0503\/S<\/p>\r\n          <\/div>\r\n          \r\n        <\/div>\r\n      <\/div>\r\n      <div class=\"similar-product\"><img decoding=\"async\" src=\"https:\/\/objektmobiliar.ch\/wp-content\/uploads\/2024\/09\/lori-200-0504-s.jpg\" loading=\"eager\" alt=\"\" class=\"similar-product-img\">\r\n        <div class=\"center\">\r\n          <div class=\"w-richtext\">\r\n            <p><strong>Lori Barhocker, nicht gepolstert<\/strong><br>200-0504\/S<\/p>\r\n          <\/div>\r\n          \r\n        <\/div>\r\n      <\/div>\r\n      <div class=\"similar-product\"><img decoding=\"async\" src=\"https:\/\/objektmobiliar.ch\/wp-content\/uploads\/2024\/09\/lori-200-0504-s-profil.jpg\" loading=\"eager\" alt=\"\" class=\"similar-product-img\">\r\n        <div class=\"center\">\r\n          <div class=\"w-richtext\">\r\n            <p><strong>Lori Barhocker, nicht gepolstert<\/strong><br>200-0504\/S<\/p>\r\n          <\/div>\r\n          \r\n        <\/div>\r\n      <\/div>\r\n    <\/div>\r\n  <\/div>\r\n  \r\n  <div class=\"cnt narrow\">\r\n    <div class=\"similar-products-nav-pos\">\r\n      <div class=\"w-embed\">\r\n        \r\n      <\/div>\r\n    <\/div>\r\n  <\/div>\r\n<\/section><\/div>\n\n\n<div class=\"wp-block-group\"><div class=\"wp-block-group__inner-container is-layout-constrained wp-block-group-is-layout-constrained\"><section class=\"sct\">\r\n      <div class=\"cnt narrow\">\r\n        <div class=\"introtxt\">\r\n        <div class=\"w-richtext\">\r\n            <h2>Produktbeschreibung Serie LORI &#8211; Klassischer K\u00fcchenstuhl f\u00fcr Wohngruppen<\/h2>\r\n        <\/div>\r\n        <\/div>\r\n        \r\n          \n\n\n<figure class=\"wp-block-table is-style-regular\"><table><thead><tr><th>Art. Nr.<\/th><th>Beschreibung<\/th><\/tr><\/thead><tbody><tr><td>200-0500\/S<\/td><td>Lori Stuhl, Sitz- und R\u00fcckenpolster, stapelbar<\/td><\/tr><tr><td>200-0501\/S<\/td><td>Lori Stuhl, Sitzpolster<\/td><\/tr><tr><td>200-0502\/S<\/td><td>Lori Stuhl, nicht gepolstert<\/td><\/tr><tr><td>200-0503\/S<\/td><td>Lori Barhocker, Sitz- und R\u00fcckengepolster<\/td><\/tr><tr><td>200-0504\/S<\/td><td>Lori Barhocker, nicht gepolstert<\/td><\/tr><\/tbody><\/table><\/figure>\n\n\n<\/div><\/section><\/div><\/div>\n\n\n<div class=\"lazyblock-bildergalerie-lightbox-ozg-dHuRg wp-block-lazyblock-bildergalerie-lightbox-ozg\"><section class=\"sct\">\r\n  <div class=\"cnt narrow\">\r\n    <div class=\"introtxt\">\r\n    <div class=\"w-richtext\">\r\n        <h2>Referenzbilder des klassischen Stuhls &#8220;Lori&#8221;<\/h2>\r\n    <\/div>\r\n    <\/div>\r\n  \r\n    <div class=\"elmnt-imggallery\">\r\n      <a href=\"#\" class=\"imggallery-link w-inline-block w-lightbox\">\r\n        <img decoding=\"async\" src=\"https:\/\/objektmobiliar.ch\/wp-content\/uploads\/2025\/05\/Klassischer-Stuhl-Lori-im-Restaurant.jpg\" loading=\"lazy\" alt=\"\" class=\"imggallery-img\">\r\n        <script type=\"application\/json\" class=\"w-json\">\r\n            {\r\n              \"items\": [{\r\n\r\n                \"url\": \"https:\/\/objektmobiliar.ch\/wp-content\/uploads\/2025\/05\/Klassischer-Stuhl-Lori-im-Restaurant.jpg\",\r\n                \"caption\": \"\",\r\n                \"type\": \"image\"\r\n              }],\r\n              \"group\": \"\"\r\n            }\r\n          <\/script>\r\n      <\/a>\r\n      <a href=\"#\" class=\"imggallery-link w-inline-block w-lightbox\">\r\n        <img decoding=\"async\" src=\"https:\/\/objektmobiliar.ch\/wp-content\/uploads\/2025\/05\/Klassischer-Stuhl-Lori-dunkel-gebeizt.jpg\" loading=\"lazy\" alt=\"\" class=\"imggallery-img\">\r\n        <script type=\"application\/json\" class=\"w-json\">\r\n            {\r\n              \"items\": [{\r\n\r\n                \"url\": \"https:\/\/objektmobiliar.ch\/wp-content\/uploads\/2025\/05\/Klassischer-Stuhl-Lori-dunkel-gebeizt.jpg\",\r\n                \"caption\": \"\",\r\n                \"type\": \"image\"\r\n              }],\r\n              \"group\": \"\"\r\n            }\r\n          <\/script>\r\n      <\/a>\r\n      <a href=\"#\" class=\"imggallery-link w-inline-block w-lightbox\">\r\n        <img decoding=\"async\" src=\"https:\/\/objektmobiliar.ch\/wp-content\/uploads\/2025\/05\/Klassischer-Barhocker-Lori-Kueche.jpg\" loading=\"lazy\" alt=\"\" class=\"imggallery-img\">\r\n        <script type=\"application\/json\" class=\"w-json\">\r\n            {\r\n              \"items\": [{\r\n\r\n                \"url\": \"https:\/\/objektmobiliar.ch\/wp-content\/uploads\/2025\/05\/Klassischer-Barhocker-Lori-Kueche.jpg\",\r\n                \"caption\": \"\",\r\n                \"type\": \"image\"\r\n              }],\r\n              \"group\": \"\"\r\n            }\r\n          <\/script>\r\n      <\/a>\r\n    <\/div>\r\n    \r\n  <\/div>\r\n<\/section><\/div>\n\n<div class=\"lazyblock-text-modul-ozg-Ze5Kcl wp-block-lazyblock-text-modul-ozg\"><section class=\"sct\">\r\n      <div class=\"cnt narrow\">\r\n        <div class=\"w-richtext\">\r\n            <h3>Klassischer K\u00fcchenstuhl f\u00fcr Wohngruppen<\/h3>\n<p>Der K\u00fcchenstuhl LORI, ein klassischer K\u00fcchenstuhl f\u00fcr Wohngruppen, ist ein zeitloses M\u00f6belst\u00fcck, das durch seine klare Formensprache und Vielseitigkeit besticht. Besonders in Wohngruppen findet LORI dank seiner robusten Bauweise und der praktischen Stapelbarkeit eine ideale Anwendung. Die ovale R\u00fcckenlehne verleiht dem Stuhl eine elegante Note, w\u00e4hrend die optionale Polsterung zus\u00e4tzlichen Komfort bietet. Ob in Gemeinschaftsk\u00fcchen, Esszimmern oder bei Veranstaltungen \u2013 LORI \u00fcberzeugt durch seine Flexibilit\u00e4t. F\u00fcr unterschiedliche Anforderungen stehen drei Ausf\u00fchrungen zur Verf\u00fcgung: der Lori Stuhl mit Sitz- und R\u00fcckenpolster, nur mit Sitzpolster oder als ungepolsterte Variante. Erg\u00e4nzt wird die Serie durch einen Barhocker, der ebenfalls mit oder ohne Polsterung erh\u00e4ltlich ist.<\/p>\n<h3>Individuelle Gestaltung f\u00fcr jeden Einrichtungsstil<\/h3>\n<p>F\u00fcr die Polsterung der LORI St\u00fchle stehen zahlreiche Bezugsstoffe zur Auswahl, die sowohl in ihrer Farbpalette als auch in ihrer Haptik individuell abgestimmt werden k\u00f6nnen. Auch die Holzelemente des Stuhls sind variabel: Verschiedene Beizt\u00f6ne erm\u00f6glichen es, den Stuhl harmonisch in bestehende Einrichtungsstile zu integrieren. Dank dieser flexiblen Gestaltungsm\u00f6glichkeiten f\u00fcgt sich LORI optimal in jede Wohnumgebung ein. Weitere Informationen zu <a href=\"https:\/\/objektmobiliar.ch\/inspiration\/materialien-und-farben\/\">Materialien und Farben<\/a> finden Sie auf unserer Website. Unser erfahrenes Team unterst\u00fctzt Sie gerne dabei, das passende Design f\u00fcr Ihre Bed\u00fcrfnisse zu finden. Verlassen Sie sich auf unsere Expertise, um Ihre Wohngruppe stilvoll und funktional einzurichten.<\/p>\r\n        <\/div>\r\n            <div class=\"center\"><a href=\"https:\/\/objektmobiliar.ch\/moebel\/pflegegerechte-stuehle\/\" class=\"btn\" >Weitere St\u00fchle und Hocker<\/a><\/div>\r\n      <\/div>\r\n    <\/section><\/div><style class=\"advgb-styles-renderer\">\r\n            .similar-products-nav li {\r\n              overflow: hidden;\r\n              margin: 0px !important;\r\n              flex-grow: 0 !important;\r\n              flex-shrink: 1 !important;\r\n              flex-basis: 12.5% !important;\r\n              border-style: solid;\r\n              border-width: 2px;\r\n              border-color: transparent;\r\n              border-radius: 8px;\r\n              transition-property: border-color;\r\n              transition-duration: 600ms;\r\n              transition-timing-function: ease;\r\n              cursor: pointer;\r\n            }\r\n            .similar-products-nav li.slick-active {\r\n              border-color: #dde7ef;\r\n            }\r\n            @media screen and (max-width:767px) {\r\n              .similar-products-nav li {\r\n                flex-basis: auto !important;\r\n                border-radius: 8px;\r\n                padding-top: 8px;\r\n                padding-right: 16px;\r\n                padding-bottom: 6px;\r\n                padding-left: 16px;\r\n              }\r\n              .similar-products-nav li.slick-active {\r\n                background-color: #dde7ef;\r\n                transition-property: background-color, border-color;\r\n                transition-duration: 600ms, 200ms;\r\n                transition-timing-function: ease, ease;\r\n                color: #426b8a;\r\n              }\r\n            }\r\n          <\/style>","protected":false},"excerpt":{"rendered":"<p>Art. Nr. Beschreibung 200-0500\/S Lori Stuhl, Sitz- und R\u00fcckenpolster, stapelbar 200-0501\/S Lori Stuhl, Sitzpolster 200-0502\/S Lori Stuhl, nicht gepolstert 200-0503\/S Lori Barhocker, Sitz- und R\u00fcckengepolster 200-0504\/S Lori Barhocker, nicht gepolstert<\/p>","protected":false},"author":2,"featured_media":4534,"parent":544,"menu_order":0,"comment_status":"closed","ping_status":"closed","template":"","meta":{"advgb_blocks_editor_width":"","advgb_blocks_columns_visual_guide":"","footnotes":""},"class_list":["post-4533","page","type-page","status-publish","has-post-thumbnail","hentry"],"yoast_head":"<!-- This site is optimized with the Yoast SEO plugin v27.4 - https:\/\/yoast.com\/product\/yoast-seo-wordpress\/ -->\n<title>Klassischer K\u00fcchenstuhl f\u00fcr Wohngruppen bei OZG<\/title>\n<meta name=\"description\" content=\"LORI ist ein klassischer K\u00fcchenstuhl f\u00fcr Wohngruppen. In Kombination mit dem Barhocker eignet sich der Stuhl perfekt f\u00fcr Gemeinschaftsk\u00fcchen.\" \/>\n<meta name=\"robots\" content=\"index, follow, max-snippet:-1, max-image-preview:large, max-video-preview:-1\" \/>\n<link rel=\"canonical\" href=\"https:\/\/objektmobiliar.ch\/fr\/meubles\/chaises-adaptees-aux-soins\/chaise-de-cuisine-classique-pour-groupes-dhabitation\/\" \/>\n<meta property=\"og:locale\" content=\"fr_FR\" \/>\n<meta property=\"og:type\" content=\"article\" \/>\n<meta property=\"og:title\" content=\"Klassischer K\u00fcchenstuhl f\u00fcr Wohngruppen bei OZG\" \/>\n<meta property=\"og:description\" content=\"LORI ist ein klassischer K\u00fcchenstuhl f\u00fcr Wohngruppen. In Kombination mit dem Barhocker eignet sich der Stuhl perfekt f\u00fcr Gemeinschaftsk\u00fcchen.\" \/>\n<meta property=\"og:url\" content=\"https:\/\/objektmobiliar.ch\/fr\/meubles\/chaises-adaptees-aux-soins\/chaise-de-cuisine-classique-pour-groupes-dhabitation\/\" \/>\n<meta property=\"og:site_name\" content=\"OZG HEALTHCARE\" \/>\n<meta property=\"article:modified_time\" content=\"2025-05-27T08:51:22+00:00\" \/>\n<meta property=\"og:image\" content=\"https:\/\/objektmobiliar.ch\/wp-content\/uploads\/2024\/09\/lori-200-0500-s.jpg\" \/>\n\t<meta property=\"og:image:width\" content=\"1000\" \/>\n\t<meta property=\"og:image:height\" content=\"1000\" \/>\n\t<meta property=\"og:image:type\" content=\"image\/jpeg\" \/>\n<meta name=\"twitter:card\" content=\"summary_large_image\" \/>\n<meta name=\"twitter:label1\" content=\"Dur\u00e9e de lecture estim\u00e9e\" \/>\n\t<meta name=\"twitter:data1\" content=\"5 minutes\" \/>\n<script type=\"application\/ld+json\" class=\"yoast-schema-graph\">{\"@context\":\"https:\\\/\\\/schema.org\",\"@graph\":[{\"@type\":\"WebPage\",\"@id\":\"https:\\\/\\\/objektmobiliar.ch\\\/moebel\\\/pflegegerechte-stuehle\\\/klassischer-kuechenstuhl-fur-wohngruppen\\\/\",\"url\":\"https:\\\/\\\/objektmobiliar.ch\\\/moebel\\\/pflegegerechte-stuehle\\\/klassischer-kuechenstuhl-fur-wohngruppen\\\/\",\"name\":\"Klassischer K\u00fcchenstuhl f\u00fcr Wohngruppen bei OZG\",\"isPartOf\":{\"@id\":\"https:\\\/\\\/objektmobiliar.ch\\\/#website\"},\"primaryImageOfPage\":{\"@id\":\"https:\\\/\\\/objektmobiliar.ch\\\/moebel\\\/pflegegerechte-stuehle\\\/klassischer-kuechenstuhl-fur-wohngruppen\\\/#primaryimage\"},\"image\":{\"@id\":\"https:\\\/\\\/objektmobiliar.ch\\\/moebel\\\/pflegegerechte-stuehle\\\/klassischer-kuechenstuhl-fur-wohngruppen\\\/#primaryimage\"},\"thumbnailUrl\":\"https:\\\/\\\/objektmobiliar.ch\\\/wp-content\\\/uploads\\\/2024\\\/09\\\/lori-200-0500-s.jpg\",\"datePublished\":\"2024-09-15T23:46:42+00:00\",\"dateModified\":\"2025-05-27T08:51:22+00:00\",\"description\":\"LORI ist ein klassischer K\u00fcchenstuhl f\u00fcr Wohngruppen. In Kombination mit dem Barhocker eignet sich der Stuhl perfekt f\u00fcr Gemeinschaftsk\u00fcchen.\",\"breadcrumb\":{\"@id\":\"https:\\\/\\\/objektmobiliar.ch\\\/moebel\\\/pflegegerechte-stuehle\\\/klassischer-kuechenstuhl-fur-wohngruppen\\\/#breadcrumb\"},\"inLanguage\":\"fr-FR\",\"potentialAction\":[{\"@type\":\"ReadAction\",\"target\":[\"https:\\\/\\\/objektmobiliar.ch\\\/moebel\\\/pflegegerechte-stuehle\\\/klassischer-kuechenstuhl-fur-wohngruppen\\\/\"]}]},{\"@type\":\"ImageObject\",\"inLanguage\":\"fr-FR\",\"@id\":\"https:\\\/\\\/objektmobiliar.ch\\\/moebel\\\/pflegegerechte-stuehle\\\/klassischer-kuechenstuhl-fur-wohngruppen\\\/#primaryimage\",\"url\":\"https:\\\/\\\/objektmobiliar.ch\\\/wp-content\\\/uploads\\\/2024\\\/09\\\/lori-200-0500-s.jpg\",\"contentUrl\":\"https:\\\/\\\/objektmobiliar.ch\\\/wp-content\\\/uploads\\\/2024\\\/09\\\/lori-200-0500-s.jpg\",\"width\":1000,\"height\":1000,\"caption\":\"Klassischer K\u00fcchenstuhl f\u00fcr Wohngruppen\"},{\"@type\":\"BreadcrumbList\",\"@id\":\"https:\\\/\\\/objektmobiliar.ch\\\/moebel\\\/pflegegerechte-stuehle\\\/klassischer-kuechenstuhl-fur-wohngruppen\\\/#breadcrumb\",\"itemListElement\":[{\"@type\":\"ListItem\",\"position\":1,\"name\":\"Startseite\",\"item\":\"https:\\\/\\\/objektmobiliar.ch\\\/\"},{\"@type\":\"ListItem\",\"position\":2,\"name\":\"M\u00f6bel\",\"item\":\"https:\\\/\\\/objektmobiliar.ch\\\/moebel\\\/\"},{\"@type\":\"ListItem\",\"position\":3,\"name\":\"St\u00fchle\",\"item\":\"https:\\\/\\\/objektmobiliar.ch\\\/moebel\\\/pflegegerechte-stuehle\\\/\"},{\"@type\":\"ListItem\",\"position\":4,\"name\":\"Lori\"}]},{\"@type\":\"WebSite\",\"@id\":\"https:\\\/\\\/objektmobiliar.ch\\\/#website\",\"url\":\"https:\\\/\\\/objektmobiliar.ch\\\/\",\"name\":\"OZG HEALTHCARE\",\"description\":\"Objektmobiliar f\u00fcr Pflege, B\u00fcro, Praxis &amp; Hotellerie\",\"potentialAction\":[{\"@type\":\"SearchAction\",\"target\":{\"@type\":\"EntryPoint\",\"urlTemplate\":\"https:\\\/\\\/objektmobiliar.ch\\\/?s={search_term_string}\"},\"query-input\":{\"@type\":\"PropertyValueSpecification\",\"valueRequired\":true,\"valueName\":\"search_term_string\"}}],\"inLanguage\":\"fr-FR\"}]}<\/script>\n<!-- \/ Yoast SEO plugin. -->","yoast_head_json":{"title":"Chaise de cuisine classique pour groupes d'habitation chez OZG","description":"LORI est une chaise de cuisine classique pour les groupes d'habitation. En combinaison avec le tabouret de bar, cette chaise est parfaite pour les cuisines collectives.","robots":{"index":"index","follow":"follow","max-snippet":"max-snippet:-1","max-image-preview":"max-image-preview:large","max-video-preview":"max-video-preview:-1"},"canonical":"https:\/\/objektmobiliar.ch\/fr\/meubles\/chaises-adaptees-aux-soins\/chaise-de-cuisine-classique-pour-groupes-dhabitation\/","og_locale":"fr_FR","og_type":"article","og_title":"Klassischer K\u00fcchenstuhl f\u00fcr Wohngruppen bei OZG","og_description":"LORI ist ein klassischer K\u00fcchenstuhl f\u00fcr Wohngruppen. In Kombination mit dem Barhocker eignet sich der Stuhl perfekt f\u00fcr Gemeinschaftsk\u00fcchen.","og_url":"https:\/\/objektmobiliar.ch\/fr\/meubles\/chaises-adaptees-aux-soins\/chaise-de-cuisine-classique-pour-groupes-dhabitation\/","og_site_name":"OZG HEALTHCARE","article_modified_time":"2025-05-27T08:51:22+00:00","og_image":[{"width":1000,"height":1000,"url":"https:\/\/objektmobiliar.ch\/wp-content\/uploads\/2024\/09\/lori-200-0500-s.jpg","type":"image\/jpeg"}],"twitter_card":"summary_large_image","twitter_misc":{"Dur\u00e9e de lecture estim\u00e9e":"5 minutes"},"schema":{"@context":"https:\/\/schema.org","@graph":[{"@type":"WebPage","@id":"https:\/\/objektmobiliar.ch\/moebel\/pflegegerechte-stuehle\/klassischer-kuechenstuhl-fur-wohngruppen\/","url":"https:\/\/objektmobiliar.ch\/moebel\/pflegegerechte-stuehle\/klassischer-kuechenstuhl-fur-wohngruppen\/","name":"Chaise de cuisine classique pour groupes d'habitation chez OZG","isPartOf":{"@id":"https:\/\/objektmobiliar.ch\/#website"},"primaryImageOfPage":{"@id":"https:\/\/objektmobiliar.ch\/moebel\/pflegegerechte-stuehle\/klassischer-kuechenstuhl-fur-wohngruppen\/#primaryimage"},"image":{"@id":"https:\/\/objektmobiliar.ch\/moebel\/pflegegerechte-stuehle\/klassischer-kuechenstuhl-fur-wohngruppen\/#primaryimage"},"thumbnailUrl":"https:\/\/objektmobiliar.ch\/wp-content\/uploads\/2024\/09\/lori-200-0500-s.jpg","datePublished":"2024-09-15T23:46:42+00:00","dateModified":"2025-05-27T08:51:22+00:00","description":"LORI est une chaise de cuisine classique pour les groupes d'habitation. En combinaison avec le tabouret de bar, cette chaise est parfaite pour les cuisines collectives.","breadcrumb":{"@id":"https:\/\/objektmobiliar.ch\/moebel\/pflegegerechte-stuehle\/klassischer-kuechenstuhl-fur-wohngruppen\/#breadcrumb"},"inLanguage":"fr-FR","potentialAction":[{"@type":"ReadAction","target":["https:\/\/objektmobiliar.ch\/moebel\/pflegegerechte-stuehle\/klassischer-kuechenstuhl-fur-wohngruppen\/"]}]},{"@type":"ImageObject","inLanguage":"fr-FR","@id":"https:\/\/objektmobiliar.ch\/moebel\/pflegegerechte-stuehle\/klassischer-kuechenstuhl-fur-wohngruppen\/#primaryimage","url":"https:\/\/objektmobiliar.ch\/wp-content\/uploads\/2024\/09\/lori-200-0500-s.jpg","contentUrl":"https:\/\/objektmobiliar.ch\/wp-content\/uploads\/2024\/09\/lori-200-0500-s.jpg","width":1000,"height":1000,"caption":"Klassischer K\u00fcchenstuhl f\u00fcr Wohngruppen"},{"@type":"BreadcrumbList","@id":"https:\/\/objektmobiliar.ch\/moebel\/pflegegerechte-stuehle\/klassischer-kuechenstuhl-fur-wohngruppen\/#breadcrumb","itemListElement":[{"@type":"ListItem","position":1,"name":"Startseite","item":"https:\/\/objektmobiliar.ch\/"},{"@type":"ListItem","position":2,"name":"M\u00f6bel","item":"https:\/\/objektmobiliar.ch\/moebel\/"},{"@type":"ListItem","position":3,"name":"St\u00fchle","item":"https:\/\/objektmobiliar.ch\/moebel\/pflegegerechte-stuehle\/"},{"@type":"ListItem","position":4,"name":"Lori"}]},{"@type":"WebSite","@id":"https:\/\/objektmobiliar.ch\/#website","url":"https:\/\/objektmobiliar.ch\/","name":"OZG HEALTHCARE","description":"Mobilier de collectivit\u00e9 pour les soins, les bureaux, les cabinets m\u00e9dicaux et l'h\u00f4tellerie","potentialAction":[{"@type":"SearchAction","target":{"@type":"EntryPoint","urlTemplate":"https:\/\/objektmobiliar.ch\/?s={search_term_string}"},"query-input":{"@type":"PropertyValueSpecification","valueRequired":true,"valueName":"search_term_string"}}],"inLanguage":"fr-FR"}]}},"coauthors":[],"author_meta":{"author_link":"https:\/\/objektmobiliar.ch\/fr\/author\/alex\/","display_name":"Alex"},"relative_dates":{"created":"Publi\u00e9 2 ans il y a","modified":"Mis \u00e0 jour 11 mois il y a"},"absolute_dates":{"created":"Publi\u00e9 le septembre 15, 2024","modified":"Mise \u00e0 jour le mai 27, 2025"},"absolute_dates_time":{"created":"Publi\u00e9 le septembre 15, 2024 11:46 pm","modified":"Mise \u00e0 jour le mai 27, 2025 8:51 am"},"featured_img_caption":"Klassischer K\u00fcchenstuhl f\u00fcr Wohngruppen","featured_img":"https:\/\/objektmobiliar.ch\/wp-content\/uploads\/2024\/09\/lori-200-0500-s-825x510.jpg","series_order":"","_links":{"self":[{"href":"https:\/\/objektmobiliar.ch\/fr\/wp-json\/wp\/v2\/pages\/4533","targetHints":{"allow":["GET"]}}],"collection":[{"href":"https:\/\/objektmobiliar.ch\/fr\/wp-json\/wp\/v2\/pages"}],"about":[{"href":"https:\/\/objektmobiliar.ch\/fr\/wp-json\/wp\/v2\/types\/page"}],"author":[{"embeddable":true,"href":"https:\/\/objektmobiliar.ch\/fr\/wp-json\/wp\/v2\/users\/2"}],"replies":[{"embeddable":true,"href":"https:\/\/objektmobiliar.ch\/fr\/wp-json\/wp\/v2\/comments?post=4533"}],"version-history":[{"count":8,"href":"https:\/\/objektmobiliar.ch\/fr\/wp-json\/wp\/v2\/pages\/4533\/revisions"}],"predecessor-version":[{"id":5316,"href":"https:\/\/objektmobiliar.ch\/fr\/wp-json\/wp\/v2\/pages\/4533\/revisions\/5316"}],"up":[{"embeddable":true,"href":"https:\/\/objektmobiliar.ch\/fr\/wp-json\/wp\/v2\/pages\/544"}],"wp:featuredmedia":[{"embeddable":true,"href":"https:\/\/objektmobiliar.ch\/fr\/wp-json\/wp\/v2\/media\/4534"}],"wp:attachment":[{"href":"https:\/\/objektmobiliar.ch\/fr\/wp-json\/wp\/v2\/media?parent=4533"}],"curies":[{"name":"wp","href":"https:\/\/api.w.org\/{rel}","templated":true}]}}