{"id":4519,"date":"2024-09-15T23:37:49","date_gmt":"2024-09-15T23:37:49","guid":{"rendered":"https:\/\/objektmobiliar.ch\/?page_id=4519"},"modified":"2025-05-27T08:54:53","modified_gmt":"2025-05-27T08:54:53","slug":"chaises-de-style-scandinave","status":"publish","type":"page","link":"https:\/\/objektmobiliar.ch\/fr\/moebel\/pflegegerechte-stuehle\/stuehle-im-skandi-stil\/","title":{"rendered":"Binz"},"content":{"rendered":"<div class=\"lazyblock-produkt-detail-ozg-2idsqq wp-block-lazyblock-produkt-detail-ozg\"><section class=\"sct\">\r\n      <div class=\"cnt\">\r\n        <div class=\"elmnt-product-desc\">\r\n          <div class=\"product-desc-box\"><img decoding=\"async\" src=\"https:\/\/objektmobiliar.ch\/wp-content\/uploads\/2024\/09\/binz-200-0401-s.jpg\" loading=\"lazy\" alt=\"\" class=\"product-desc-img\"><\/div>\r\n          <div class=\"product-desc-txt\">\r\n            <h1 class=\"txt-product-headline\">S\u00e9rie Binz<\/h1>\r\n            <h2 class=\"txt-product-subline\">Chaises de style scandinave<\/h2>\r\n            <div class=\"w-richtext\">\r\n              <p>Les chaises attrayantes de style scandinave de la s\u00e9rie BINZ sont un atout pour tout espace de restauration dans les \u00e9tablissements de soins. Les pieds arri\u00e8re se fondent harmonieusement dans le dossier et conf\u00e8rent \u00e0 la chaise son design caract\u00e9ristique en forme de A. Le dossier incurv\u00e9 attire l'attention. Associ\u00e9 \u00e0 l'assise confortable disponible en standard, il permet de s'asseoir confortablement et agr\u00e9ablement. Les chaises de la s\u00e9rie BINZ peuvent \u00eatre configur\u00e9es selon vos souhaits avec des accoudoirs et un rembourrage de dossier ainsi que diff\u00e9rents mat\u00e9riaux de rev\u00eatement, couleurs et motifs.<\/p>\r\n            <\/div>\r\n            <a onclick=\"splite_loader();\" class=\"btn\">Demander un produit<\/a>\r\n          <\/div>\r\n        <\/div>\r\n      <\/div>\r\n    <\/section><\/div>\n\n<div class=\"lazyblock-produkt-slider-ozg-Z1Tq8Lp wp-block-lazyblock-produkt-slider-ozg\"><section class=\"sct\">\r\n  <div class=\"cnt semi\">\r\n    <div class=\"intro-txt\">\r\n        <h2>Mod\u00e8les et versions<\/h2>\r\n    <\/div>\r\n    \r\n    <div class=\"elmnt-similar-products\">\r\n      <div class=\"similar-product\"><img decoding=\"async\" src=\"https:\/\/objektmobiliar.ch\/wp-content\/uploads\/2024\/09\/binz-200-0400-s.jpg\" loading=\"eager\" alt=\"\" class=\"similar-product-img\">\r\n        <div class=\"center\">\r\n          <div class=\"w-richtext\">\r\n            <p><strong>Chaise Binz, assise confort, avec accoudoirs<\/strong><br>200-0400\/S<\/p>\r\n          <\/div>\r\n          \r\n        <\/div>\r\n      <\/div>\r\n      <div class=\"similar-product\"><img decoding=\"async\" src=\"https:\/\/objektmobiliar.ch\/wp-content\/uploads\/2024\/09\/binz-200-0400-s-profil.jpg\" loading=\"eager\" alt=\"\" class=\"similar-product-img\">\r\n        <div class=\"center\">\r\n          <div class=\"w-richtext\">\r\n            <p><strong>Chaise Binz, assise confort, avec accoudoirs<\/strong><br>200-0400\/S<\/p>\r\n          <\/div>\r\n          \r\n        <\/div>\r\n      <\/div>\r\n      <div class=\"similar-product\"><img decoding=\"async\" src=\"https:\/\/objektmobiliar.ch\/wp-content\/uploads\/2024\/09\/binz-200-0401-s.jpg\" loading=\"eager\" alt=\"Les chaises de style scandinave\" class=\"similar-product-img\">\r\n        <div class=\"center\">\r\n          <div class=\"w-richtext\">\r\n            <p><strong>Chaise Binz, assise confort, dossier rembourr\u00e9<\/strong><br>200-0401\/S<\/p>\r\n          <\/div>\r\n          \r\n        <\/div>\r\n      <\/div>\r\n      <div class=\"similar-product\"><img decoding=\"async\" src=\"https:\/\/objektmobiliar.ch\/wp-content\/uploads\/2024\/09\/binz-200-0401-s-profil.jpg\" loading=\"eager\" alt=\"\" class=\"similar-product-img\">\r\n        <div class=\"center\">\r\n          <div class=\"w-richtext\">\r\n            <p><strong>Chaise Binz, assise confort, dossier rembourr\u00e9<\/strong><br>200-0401\/S<\/p>\r\n          <\/div>\r\n          \r\n        <\/div>\r\n      <\/div>\r\n      <div class=\"similar-product\"><img decoding=\"async\" src=\"https:\/\/objektmobiliar.ch\/wp-content\/uploads\/2024\/09\/binz-200-0402-s.jpg\" loading=\"eager\" alt=\"\" class=\"similar-product-img\">\r\n        <div class=\"center\">\r\n          <div class=\"w-richtext\">\r\n            <p><strong>Chaise Binz, assise confort, dossier rembourr\u00e9, sans accoudoirs<\/strong><br>200-0402\/S<\/p>\r\n          <\/div>\r\n          \r\n        <\/div>\r\n      <\/div>\r\n      <div class=\"similar-product\"><img decoding=\"async\" src=\"https:\/\/objektmobiliar.ch\/wp-content\/uploads\/2024\/09\/binz-200-0402-s-profil.jpg\" loading=\"eager\" alt=\"\" class=\"similar-product-img\">\r\n        <div class=\"center\">\r\n          <div class=\"w-richtext\">\r\n            <p><strong>Chaise Binz, assise confort, dossier rembourr\u00e9, sans accoudoirs<\/strong><br>200-0402\/S<\/p>\r\n          <\/div>\r\n          \r\n        <\/div>\r\n      <\/div>\r\n      <div class=\"similar-product\"><img decoding=\"async\" src=\"https:\/\/objektmobiliar.ch\/wp-content\/uploads\/2024\/09\/binz-200-0403-s.jpg\" loading=\"eager\" alt=\"\" class=\"similar-product-img\">\r\n        <div class=\"center\">\r\n          <div class=\"w-richtext\">\r\n            <p><strong>Chaise Binz, assise confort, sans accoudoirs<br><\/strong>200-0403\/S<\/p>\r\n          <\/div>\r\n          \r\n        <\/div>\r\n      <\/div>\r\n      <div class=\"similar-product\"><img decoding=\"async\" src=\"https:\/\/objektmobiliar.ch\/wp-content\/uploads\/2024\/09\/binz-200-0403-s-profil.jpg\" loading=\"eager\" alt=\"\" class=\"similar-product-img\">\r\n        <div class=\"center\">\r\n          <div class=\"w-richtext\">\r\n            <p><strong>Chaise Binz, assise confort, sans accoudoirs<br><\/strong>200-0403\/S<\/p>\r\n          <\/div>\r\n          \r\n        <\/div>\r\n      <\/div>\r\n      <div class=\"similar-product\"><img decoding=\"async\" src=\"https:\/\/objektmobiliar.ch\/wp-content\/uploads\/2024\/09\/binz-200-0404-s.jpg\" loading=\"eager\" alt=\"\" class=\"similar-product-img\">\r\n        <div class=\"center\">\r\n          <div class=\"w-richtext\">\r\n            <p><strong>Binz tabouret de bar, assise confort, dossier rembourr\u00e9<br><\/strong>200-0404\/S<\/p>\r\n          <\/div>\r\n          \r\n        <\/div>\r\n      <\/div>\r\n      <div class=\"similar-product\"><img decoding=\"async\" src=\"https:\/\/objektmobiliar.ch\/wp-content\/uploads\/2024\/09\/binz-200-0404-s-profil.jpg\" loading=\"eager\" alt=\"\" class=\"similar-product-img\">\r\n        <div class=\"center\">\r\n          <div class=\"w-richtext\">\r\n            <p><strong>Binz tabouret de bar, assise confort, dossier rembourr\u00e9<br><\/strong>200-0404\/S<\/p>\r\n          <\/div>\r\n          \r\n        <\/div>\r\n      <\/div>\r\n      <div class=\"similar-product\"><img decoding=\"async\" src=\"https:\/\/objektmobiliar.ch\/wp-content\/uploads\/2024\/09\/binz-200-0405-s.jpg\" loading=\"eager\" alt=\"\" class=\"similar-product-img\">\r\n        <div class=\"center\">\r\n          <div class=\"w-richtext\">\r\n            <p><strong>Binz tabouret de bar, assise confort <br><\/strong>200-0405\/S<\/p>\r\n          <\/div>\r\n          \r\n        <\/div>\r\n      <\/div>\r\n      <div class=\"similar-product\"><img decoding=\"async\" src=\"https:\/\/objektmobiliar.ch\/wp-content\/uploads\/2024\/09\/binz-200-0405-s-profil.jpg\" loading=\"eager\" alt=\"\" class=\"similar-product-img\">\r\n        <div class=\"center\">\r\n          <div class=\"w-richtext\">\r\n            <p><strong>Binz tabouret de bar, assise confort <br><\/strong>200-0405\/S<\/p>\r\n          <\/div>\r\n          \r\n        <\/div>\r\n      <\/div>\r\n    <\/div>\r\n  <\/div>\r\n  \r\n  <div class=\"cnt narrow\">\r\n    <div class=\"similar-products-nav-pos\">\r\n      <div class=\"w-embed\">\r\n        \r\n      <\/div>\r\n    <\/div>\r\n  <\/div>\r\n<\/section><\/div>\n\n\n<div class=\"wp-block-group\"><div class=\"wp-block-group__inner-container is-layout-constrained wp-block-group-is-layout-constrained\"><section class=\"sct\">\r\n      <div class=\"cnt narrow\">\r\n        <div class=\"introtxt\">\r\n        <div class=\"w-richtext\">\r\n            <h2>Meubles de la s\u00e9rie \"Binz<\/h2>\r\n        <\/div>\r\n        <\/div>\r\n        \r\n          \n\n\n<figure class=\"wp-block-table is-style-regular\"><table><thead><tr><th>Art. No.<\/th><th>Description<\/th><\/tr><\/thead><tbody><tr><td>200-0400\/S<\/td><td>Chaise Binz, assise confort, avec accoudoirs<\/td><\/tr><tr><td>200-0401\/S<\/td><td>Chaise Binz, assise confort, dossier rembourr\u00e9<\/td><\/tr><tr><td>200-0402\/S<\/td><td>Chaise Binz, assise confort, dossier rembourr\u00e9, sans accoudoirs<\/td><\/tr><tr><td>200-0403\/S<\/td><td>Chaise Binz, assise confort, sans accoudoirs<\/td><\/tr><tr><td>200-0404\/S<\/td><td>Binz tabouret de bar, assise confort, dossier rembourr\u00e9<\/td><\/tr><tr><td>200-0405\/S<\/td><td>Binz tabouret de bar, assise confort<\/td><\/tr><\/tbody><\/table><\/figure>\n\n\n<\/div><\/section><\/div><\/div>\n\n\n<div class=\"lazyblock-text-modul-ozg-Z1jKEwb wp-block-lazyblock-text-modul-ozg\"><section class=\"sct\">\r\n      <div class=\"cnt narrow\">\r\n        <div class=\"w-richtext\">\r\n            <h3>Des chaises de style scandi pour un confort moderne dans les \u00e9tablissements de soins<\/h3>\n<p>Les chaises de style scandinave de la s\u00e9rie BINZ apportent une atmosph\u00e8re moderne et styl\u00e9e dans les espaces de restauration des \u00e9tablissements de soins. Le design caract\u00e9ristique en forme de A r\u00e9sulte de la liaison harmonieuse entre les pieds arri\u00e8re et le dossier incurv\u00e9, qui sert \u00e9galement d'accroche-regard marquant. L'assise confortable disponible en standard assure une position assise confortable et d\u00e9tendue, ce qui est particuli\u00e8rement important dans les \u00e9tablissements de soins. Les diff\u00e9rentes possibilit\u00e9s de configuration, telles que les accoudoirs et le rembourrage du dossier, offrent une grande flexibilit\u00e9 et s'adaptent aux besoins individuels et au style de votre \u00e9tablissement. Outre les chaises, la s\u00e9rie BINZ comprend \u00e9galement des tabourets de bar, qui allient \u00e9galement design attrayant et confort \u00e9lev\u00e9.<\/p>\n<h3>Des mat\u00e9riaux et des couleurs personnalis\u00e9s pour des \u00e9tablissements de soins \u00e9l\u00e9gants<\/h3>\n<p>Les chaises attrayantes de style scandinave de la s\u00e9rie BINZ offrent une grande vari\u00e9t\u00e9 de tissus de rev\u00eatement, dont la microfibre facile d'entretien, le similicuir et les tissus robustes sp\u00e9cialement con\u00e7us pour les \u00e9tablissements de soins. De plus, les chaises et tabourets de bar peuvent \u00eatre adapt\u00e9s au concept de couleurs de votre \u00e9tablissement gr\u00e2ce \u00e0 diff\u00e9rentes teintes de bois. Les teintes claires cr\u00e9ent une atmosph\u00e8re conviviale et accueillante, tandis que les nuances plus sombres \u00e9voquent l'\u00e9l\u00e9gance et le calme. Sur notre site Internet, vous trouverez un aper\u00e7u des <a href=\"https:\/\/objektmobiliar.ch\/fr\/inspiration\/materiaux-et-couleurs\/\">Mat\u00e9riaux et couleurs<\/a>. Nos experts sont \u00e0 votre disposition pour vous aider \u00e0 concevoir le design id\u00e9al pour votre \u00e9tablissement. Faites confiance \u00e0 notre longue exp\u00e9rience et b\u00e9n\u00e9ficiez de conseils personnalis\u00e9s pour choisir les meubles parfaits pour votre \u00e9tablissement de soins.<\/p>\r\n        <\/div>\r\n            <div class=\"center\"><a href=\"https:\/\/objektmobiliar.ch\/fr\/meubles\/chaises-adaptees-aux-soins\/\" class=\"btn\" >Autres chaises de OZG<\/a><\/div>\r\n      <\/div>\r\n    <\/section><\/div><style class=\"advgb-styles-renderer\">\r\n            .similar-products-nav li {\r\n              overflow: hidden;\r\n              margin: 0px !important;\r\n              flex-grow: 0 !important;\r\n              flex-shrink: 1 !important;\r\n              flex-basis: 12.5% !important;\r\n              border-style: solid;\r\n              border-width: 2px;\r\n              border-color: transparent;\r\n              border-radius: 8px;\r\n              transition-property: border-color;\r\n              transition-duration: 600ms;\r\n              transition-timing-function: ease;\r\n              cursor: pointer;\r\n            }\r\n            .similar-products-nav li.slick-active {\r\n              border-color: #dde7ef;\r\n            }\r\n            @media screen and (max-width:767px) {\r\n              .similar-products-nav li {\r\n                flex-basis: auto !important;\r\n                border-radius: 8px;\r\n                padding-top: 8px;\r\n                padding-right: 16px;\r\n                padding-bottom: 6px;\r\n                padding-left: 16px;\r\n              }\r\n              .similar-products-nav li.slick-active {\r\n                background-color: #dde7ef;\r\n                transition-property: background-color, border-color;\r\n                transition-duration: 600ms, 200ms;\r\n                transition-timing-function: ease, ease;\r\n                color: #426b8a;\r\n              }\r\n            }\r\n          <\/style>","protected":false},"excerpt":{"rendered":"<p>Art. Nr. Beschreibung 200-0400\/S Binz Stuhl, Komfortsitz, mit Armlehnen 200-0401\/S Binz Stuhl, Komfortsitz, R\u00fcckenpolster 200-0402\/S Binz Stuhl, Komfortsitz, R\u00fcckenpolster, ohne Armlehnen 200-0403\/S Binz Stuhl, Komfortsitz, ohne Armlehnen 200-0404\/S Binz Barhocker, Komfortsitz, R\u00fcckenpolster 200-0405\/S Binz Barhocker, Komfortsitz<\/p>","protected":false},"author":2,"featured_media":4520,"parent":544,"menu_order":0,"comment_status":"closed","ping_status":"closed","template":"","meta":{"advgb_blocks_editor_width":"","advgb_blocks_columns_visual_guide":"","footnotes":""},"class_list":["post-4519","page","type-page","status-publish","has-post-thumbnail","hentry"],"yoast_head":"<!-- This site is optimized with the Yoast SEO plugin v27.4 - https:\/\/yoast.com\/product\/yoast-seo-wordpress\/ -->\n<title>St\u00fchle im Skandi Stil der Serie BINZ bei OZG<\/title>\n<meta name=\"description\" content=\"Die St\u00fchle im Skandi Stil der Serie BINZ bringen eine moderne und stilvolle Atmosph\u00e4re in den Gastro-Bereich von Pflegeeinrichtungen.\" \/>\n<meta name=\"robots\" content=\"index, follow, max-snippet:-1, max-image-preview:large, max-video-preview:-1\" \/>\n<link rel=\"canonical\" href=\"https:\/\/objektmobiliar.ch\/fr\/meubles\/chaises-adaptees-aux-soins\/chaises-de-style-scandinave\/\" \/>\n<meta property=\"og:locale\" content=\"fr_FR\" \/>\n<meta property=\"og:type\" content=\"article\" \/>\n<meta property=\"og:title\" content=\"St\u00fchle im Skandi Stil der Serie BINZ bei OZG\" \/>\n<meta property=\"og:description\" content=\"Die St\u00fchle im Skandi Stil der Serie BINZ bringen eine moderne und stilvolle Atmosph\u00e4re in den Gastro-Bereich von Pflegeeinrichtungen.\" \/>\n<meta property=\"og:url\" content=\"https:\/\/objektmobiliar.ch\/fr\/meubles\/chaises-adaptees-aux-soins\/chaises-de-style-scandinave\/\" \/>\n<meta property=\"og:site_name\" content=\"OZG HEALTHCARE\" \/>\n<meta property=\"article:modified_time\" content=\"2025-05-27T08:54:53+00:00\" \/>\n<meta property=\"og:image\" content=\"https:\/\/objektmobiliar.ch\/wp-content\/uploads\/2024\/09\/binz-200-0401-s.jpg\" \/>\n\t<meta property=\"og:image:width\" content=\"1000\" \/>\n\t<meta property=\"og:image:height\" content=\"1000\" \/>\n\t<meta property=\"og:image:type\" content=\"image\/jpeg\" \/>\n<meta name=\"twitter:card\" content=\"summary_large_image\" \/>\n<meta name=\"twitter:label1\" content=\"Dur\u00e9e de lecture estim\u00e9e\" \/>\n\t<meta name=\"twitter:data1\" content=\"6 minutes\" \/>\n<script type=\"application\/ld+json\" class=\"yoast-schema-graph\">{\"@context\":\"https:\\\/\\\/schema.org\",\"@graph\":[{\"@type\":\"WebPage\",\"@id\":\"https:\\\/\\\/objektmobiliar.ch\\\/moebel\\\/pflegegerechte-stuehle\\\/stuehle-im-skandi-stil\\\/\",\"url\":\"https:\\\/\\\/objektmobiliar.ch\\\/moebel\\\/pflegegerechte-stuehle\\\/stuehle-im-skandi-stil\\\/\",\"name\":\"St\u00fchle im Skandi Stil der Serie BINZ bei OZG\",\"isPartOf\":{\"@id\":\"https:\\\/\\\/objektmobiliar.ch\\\/#website\"},\"primaryImageOfPage\":{\"@id\":\"https:\\\/\\\/objektmobiliar.ch\\\/moebel\\\/pflegegerechte-stuehle\\\/stuehle-im-skandi-stil\\\/#primaryimage\"},\"image\":{\"@id\":\"https:\\\/\\\/objektmobiliar.ch\\\/moebel\\\/pflegegerechte-stuehle\\\/stuehle-im-skandi-stil\\\/#primaryimage\"},\"thumbnailUrl\":\"https:\\\/\\\/objektmobiliar.ch\\\/wp-content\\\/uploads\\\/2024\\\/09\\\/binz-200-0401-s.jpg\",\"datePublished\":\"2024-09-15T23:37:49+00:00\",\"dateModified\":\"2025-05-27T08:54:53+00:00\",\"description\":\"Die St\u00fchle im Skandi Stil der Serie BINZ bringen eine moderne und stilvolle Atmosph\u00e4re in den Gastro-Bereich von Pflegeeinrichtungen.\",\"breadcrumb\":{\"@id\":\"https:\\\/\\\/objektmobiliar.ch\\\/moebel\\\/pflegegerechte-stuehle\\\/stuehle-im-skandi-stil\\\/#breadcrumb\"},\"inLanguage\":\"fr-FR\",\"potentialAction\":[{\"@type\":\"ReadAction\",\"target\":[\"https:\\\/\\\/objektmobiliar.ch\\\/moebel\\\/pflegegerechte-stuehle\\\/stuehle-im-skandi-stil\\\/\"]}]},{\"@type\":\"ImageObject\",\"inLanguage\":\"fr-FR\",\"@id\":\"https:\\\/\\\/objektmobiliar.ch\\\/moebel\\\/pflegegerechte-stuehle\\\/stuehle-im-skandi-stil\\\/#primaryimage\",\"url\":\"https:\\\/\\\/objektmobiliar.ch\\\/wp-content\\\/uploads\\\/2024\\\/09\\\/binz-200-0401-s.jpg\",\"contentUrl\":\"https:\\\/\\\/objektmobiliar.ch\\\/wp-content\\\/uploads\\\/2024\\\/09\\\/binz-200-0401-s.jpg\",\"width\":1000,\"height\":1000,\"caption\":\"Die St\u00fchle im Skandi Stil\"},{\"@type\":\"BreadcrumbList\",\"@id\":\"https:\\\/\\\/objektmobiliar.ch\\\/moebel\\\/pflegegerechte-stuehle\\\/stuehle-im-skandi-stil\\\/#breadcrumb\",\"itemListElement\":[{\"@type\":\"ListItem\",\"position\":1,\"name\":\"Startseite\",\"item\":\"https:\\\/\\\/objektmobiliar.ch\\\/\"},{\"@type\":\"ListItem\",\"position\":2,\"name\":\"M\u00f6bel\",\"item\":\"https:\\\/\\\/objektmobiliar.ch\\\/moebel\\\/\"},{\"@type\":\"ListItem\",\"position\":3,\"name\":\"St\u00fchle\",\"item\":\"https:\\\/\\\/objektmobiliar.ch\\\/moebel\\\/pflegegerechte-stuehle\\\/\"},{\"@type\":\"ListItem\",\"position\":4,\"name\":\"Binz\"}]},{\"@type\":\"WebSite\",\"@id\":\"https:\\\/\\\/objektmobiliar.ch\\\/#website\",\"url\":\"https:\\\/\\\/objektmobiliar.ch\\\/\",\"name\":\"OZG HEALTHCARE\",\"description\":\"Objektmobiliar f\u00fcr Pflege, B\u00fcro, Praxis &amp; Hotellerie\",\"potentialAction\":[{\"@type\":\"SearchAction\",\"target\":{\"@type\":\"EntryPoint\",\"urlTemplate\":\"https:\\\/\\\/objektmobiliar.ch\\\/?s={search_term_string}\"},\"query-input\":{\"@type\":\"PropertyValueSpecification\",\"valueRequired\":true,\"valueName\":\"search_term_string\"}}],\"inLanguage\":\"fr-FR\"}]}<\/script>\n<!-- \/ Yoast SEO plugin. -->","yoast_head_json":{"title":"Chaises de style scandinave de la s\u00e9rie BINZ chez OZG","description":"Les chaises de style scandinave de la s\u00e9rie BINZ apportent une atmosph\u00e8re moderne et styl\u00e9e dans les espaces de restauration des \u00e9tablissements de soins.","robots":{"index":"index","follow":"follow","max-snippet":"max-snippet:-1","max-image-preview":"max-image-preview:large","max-video-preview":"max-video-preview:-1"},"canonical":"https:\/\/objektmobiliar.ch\/fr\/meubles\/chaises-adaptees-aux-soins\/chaises-de-style-scandinave\/","og_locale":"fr_FR","og_type":"article","og_title":"St\u00fchle im Skandi Stil der Serie BINZ bei OZG","og_description":"Die St\u00fchle im Skandi Stil der Serie BINZ bringen eine moderne und stilvolle Atmosph\u00e4re in den Gastro-Bereich von Pflegeeinrichtungen.","og_url":"https:\/\/objektmobiliar.ch\/fr\/meubles\/chaises-adaptees-aux-soins\/chaises-de-style-scandinave\/","og_site_name":"OZG HEALTHCARE","article_modified_time":"2025-05-27T08:54:53+00:00","og_image":[{"width":1000,"height":1000,"url":"https:\/\/objektmobiliar.ch\/wp-content\/uploads\/2024\/09\/binz-200-0401-s.jpg","type":"image\/jpeg"}],"twitter_card":"summary_large_image","twitter_misc":{"Dur\u00e9e de lecture estim\u00e9e":"6 minutes"},"schema":{"@context":"https:\/\/schema.org","@graph":[{"@type":"WebPage","@id":"https:\/\/objektmobiliar.ch\/moebel\/pflegegerechte-stuehle\/stuehle-im-skandi-stil\/","url":"https:\/\/objektmobiliar.ch\/moebel\/pflegegerechte-stuehle\/stuehle-im-skandi-stil\/","name":"Chaises de style scandinave de la s\u00e9rie BINZ chez OZG","isPartOf":{"@id":"https:\/\/objektmobiliar.ch\/#website"},"primaryImageOfPage":{"@id":"https:\/\/objektmobiliar.ch\/moebel\/pflegegerechte-stuehle\/stuehle-im-skandi-stil\/#primaryimage"},"image":{"@id":"https:\/\/objektmobiliar.ch\/moebel\/pflegegerechte-stuehle\/stuehle-im-skandi-stil\/#primaryimage"},"thumbnailUrl":"https:\/\/objektmobiliar.ch\/wp-content\/uploads\/2024\/09\/binz-200-0401-s.jpg","datePublished":"2024-09-15T23:37:49+00:00","dateModified":"2025-05-27T08:54:53+00:00","description":"Les chaises de style scandinave de la s\u00e9rie BINZ apportent une atmosph\u00e8re moderne et styl\u00e9e dans les espaces de restauration des \u00e9tablissements de soins.","breadcrumb":{"@id":"https:\/\/objektmobiliar.ch\/moebel\/pflegegerechte-stuehle\/stuehle-im-skandi-stil\/#breadcrumb"},"inLanguage":"fr-FR","potentialAction":[{"@type":"ReadAction","target":["https:\/\/objektmobiliar.ch\/moebel\/pflegegerechte-stuehle\/stuehle-im-skandi-stil\/"]}]},{"@type":"ImageObject","inLanguage":"fr-FR","@id":"https:\/\/objektmobiliar.ch\/moebel\/pflegegerechte-stuehle\/stuehle-im-skandi-stil\/#primaryimage","url":"https:\/\/objektmobiliar.ch\/wp-content\/uploads\/2024\/09\/binz-200-0401-s.jpg","contentUrl":"https:\/\/objektmobiliar.ch\/wp-content\/uploads\/2024\/09\/binz-200-0401-s.jpg","width":1000,"height":1000,"caption":"Die St\u00fchle im Skandi Stil"},{"@type":"BreadcrumbList","@id":"https:\/\/objektmobiliar.ch\/moebel\/pflegegerechte-stuehle\/stuehle-im-skandi-stil\/#breadcrumb","itemListElement":[{"@type":"ListItem","position":1,"name":"Startseite","item":"https:\/\/objektmobiliar.ch\/"},{"@type":"ListItem","position":2,"name":"M\u00f6bel","item":"https:\/\/objektmobiliar.ch\/moebel\/"},{"@type":"ListItem","position":3,"name":"St\u00fchle","item":"https:\/\/objektmobiliar.ch\/moebel\/pflegegerechte-stuehle\/"},{"@type":"ListItem","position":4,"name":"Binz"}]},{"@type":"WebSite","@id":"https:\/\/objektmobiliar.ch\/#website","url":"https:\/\/objektmobiliar.ch\/","name":"OZG HEALTHCARE","description":"Mobilier de collectivit\u00e9 pour les soins, les bureaux, les cabinets m\u00e9dicaux et l'h\u00f4tellerie","potentialAction":[{"@type":"SearchAction","target":{"@type":"EntryPoint","urlTemplate":"https:\/\/objektmobiliar.ch\/?s={search_term_string}"},"query-input":{"@type":"PropertyValueSpecification","valueRequired":true,"valueName":"search_term_string"}}],"inLanguage":"fr-FR"}]}},"coauthors":[],"author_meta":{"author_link":"https:\/\/objektmobiliar.ch\/fr\/author\/alex\/","display_name":"Alex"},"relative_dates":{"created":"Publi\u00e9 2 ans il y a","modified":"Mis \u00e0 jour 11 mois il y a"},"absolute_dates":{"created":"Publi\u00e9 le septembre 15, 2024","modified":"Mise \u00e0 jour le mai 27, 2025"},"absolute_dates_time":{"created":"Publi\u00e9 le septembre 15, 2024 11:37 pm","modified":"Mise \u00e0 jour le mai 27, 2025 8:54 am"},"featured_img_caption":"Die St\u00fchle im Skandi Stil ","featured_img":"https:\/\/objektmobiliar.ch\/wp-content\/uploads\/2024\/09\/binz-200-0401-s-825x510.jpg","series_order":"","_links":{"self":[{"href":"https:\/\/objektmobiliar.ch\/fr\/wp-json\/wp\/v2\/pages\/4519","targetHints":{"allow":["GET"]}}],"collection":[{"href":"https:\/\/objektmobiliar.ch\/fr\/wp-json\/wp\/v2\/pages"}],"about":[{"href":"https:\/\/objektmobiliar.ch\/fr\/wp-json\/wp\/v2\/types\/page"}],"author":[{"embeddable":true,"href":"https:\/\/objektmobiliar.ch\/fr\/wp-json\/wp\/v2\/users\/2"}],"replies":[{"embeddable":true,"href":"https:\/\/objektmobiliar.ch\/fr\/wp-json\/wp\/v2\/comments?post=4519"}],"version-history":[{"count":3,"href":"https:\/\/objektmobiliar.ch\/fr\/wp-json\/wp\/v2\/pages\/4519\/revisions"}],"predecessor-version":[{"id":5318,"href":"https:\/\/objektmobiliar.ch\/fr\/wp-json\/wp\/v2\/pages\/4519\/revisions\/5318"}],"up":[{"embeddable":true,"href":"https:\/\/objektmobiliar.ch\/fr\/wp-json\/wp\/v2\/pages\/544"}],"wp:featuredmedia":[{"embeddable":true,"href":"https:\/\/objektmobiliar.ch\/fr\/wp-json\/wp\/v2\/media\/4520"}],"wp:attachment":[{"href":"https:\/\/objektmobiliar.ch\/fr\/wp-json\/wp\/v2\/media?parent=4519"}],"curies":[{"name":"wp","href":"https:\/\/api.w.org\/{rel}","templated":true}]}}