{"id":4483,"date":"2024-09-15T23:13:37","date_gmt":"2024-09-15T23:13:37","guid":{"rendered":"https:\/\/objektmobiliar.ch\/?page_id=4483"},"modified":"2025-05-27T08:45:53","modified_gmt":"2025-05-27T08:45:53","slug":"meubles-rembourres-de-style-scandinave","status":"publish","type":"page","link":"https:\/\/objektmobiliar.ch\/fr\/moebel\/pflegegerechte-polstermoebel\/polstermoebel-im-skandi-stil\/","title":{"rendered":"Lara"},"content":{"rendered":"<div class=\"lazyblock-produkt-detail-ozg-ZdacwN wp-block-lazyblock-produkt-detail-ozg\"><section class=\"sct\">\r\n      <div class=\"cnt\">\r\n        <div class=\"elmnt-product-desc\">\r\n          <div class=\"product-desc-box\"><img decoding=\"async\" src=\"https:\/\/objektmobiliar.ch\/wp-content\/uploads\/2024\/09\/lara-220-0270-s.jpg\" loading=\"lazy\" alt=\"\" class=\"product-desc-img\"><\/div>\r\n          <div class=\"product-desc-txt\">\r\n            <h1 class=\"txt-product-headline\">Serie Lara<\/h1>\r\n            <h2 class=\"txt-product-subline\">Polsterm\u00f6bel im Skandi Stil<\/h2>\r\n            <div class=\"w-richtext\">\r\n              <p>Die Serie LARA umfasst Polsterm\u00f6bel im Skandi Stil, die sich optimal f\u00fcr Einrichtungen im Gesundheitswesen eignen. Sowohl die verschiedenen Sessel der Serie als auch der Stuhl, das 2er Sofa und der Barhocker zeichnen sich durch ein filigranes Design aus, das unbeschwerte Leichtigkeit verspr\u00fcht. Die hellen Massivholzbeine unterstreichen den cleanen skandinavischen Look. Absoluter Blickfang ist die attraktiv gerundete, vollumpolstere R\u00fcckenlehne. Stellen Sie sich aus den einzelnen M\u00f6belst\u00fccken das perfekte Ensemble f\u00fcr Ihre Einrichtung zusammen. Alle Materialien und Farben sind auf Wunsch anpassbar.<\/p>\r\n            <\/div>\r\n            <a onclick=\"splite_loader();\" class=\"btn\">Produkt anfragen<\/a>\r\n          <\/div>\r\n        <\/div>\r\n      <\/div>\r\n    <\/section><\/div>\n\n<div class=\"lazyblock-produkt-slider-ozg-Z1Tq8Lp wp-block-lazyblock-produkt-slider-ozg\"><section class=\"sct\">\r\n  <div class=\"cnt semi\">\r\n    <div class=\"intro-txt\">\r\n        <h2>Modelle und Ausf\u00fchrungen<\/h2>\r\n    <\/div>\r\n    \r\n    <div class=\"elmnt-similar-products\">\r\n      <div class=\"similar-product\"><img decoding=\"async\" src=\"https:\/\/objektmobiliar.ch\/wp-content\/uploads\/2024\/09\/lara-220-0270-s.jpg\" loading=\"eager\" alt=\"Polsterm\u00f6bel im Skandi Sill\" class=\"similar-product-img\">\r\n        <div class=\"center\">\r\n          <div class=\"w-richtext\">\r\n            <p><strong>Lara Sessel<\/strong><br>220-0270\/S<\/p>\r\n          <\/div>\r\n          \r\n        <\/div>\r\n      <\/div>\r\n      <div class=\"similar-product\"><img decoding=\"async\" src=\"https:\/\/objektmobiliar.ch\/wp-content\/uploads\/2024\/09\/lara-220-0270-s-profil.jpg\" loading=\"eager\" alt=\"\" class=\"similar-product-img\">\r\n        <div class=\"center\">\r\n          <div class=\"w-richtext\">\r\n            <p><strong>Lara Sessel<\/strong><br>220-0270\/S<\/p>\r\n          <\/div>\r\n          \r\n        <\/div>\r\n      <\/div>\r\n      <div class=\"similar-product\"><img decoding=\"async\" src=\"https:\/\/objektmobiliar.ch\/wp-content\/uploads\/2024\/09\/lara-220-0271-s.jpg\" loading=\"eager\" alt=\"\" class=\"similar-product-img\">\r\n        <div class=\"center\">\r\n          <div class=\"w-richtext\">\r\n            <p><strong>Lara Sesssel 24<\/strong><br>220-0271\/S<\/p>\r\n          <\/div>\r\n          \r\n        <\/div>\r\n      <\/div>\r\n      <div class=\"similar-product\"><img decoding=\"async\" src=\"https:\/\/objektmobiliar.ch\/wp-content\/uploads\/2024\/09\/lara-220-0271-s-profil.jpg\" loading=\"eager\" alt=\"\" class=\"similar-product-img\">\r\n        <div class=\"center\">\r\n          <div class=\"w-richtext\">\r\n            <p><strong>Lara Sesssel 24<\/strong><br>220-0271\/S<\/p>\r\n          <\/div>\r\n          \r\n        <\/div>\r\n      <\/div>\r\n      <div class=\"similar-product\"><img decoding=\"async\" src=\"https:\/\/objektmobiliar.ch\/wp-content\/uploads\/2024\/09\/lara-220-0272-s.jpg\" loading=\"eager\" alt=\"\" class=\"similar-product-img\">\r\n        <div class=\"center\">\r\n          <div class=\"w-richtext\">\r\n            <p><strong>Lara Sessel mit R\u00fcckenloch<\/strong><br>220-0272\/S<\/p>\r\n          <\/div>\r\n          \r\n        <\/div>\r\n      <\/div>\r\n      <div class=\"similar-product\"><img decoding=\"async\" src=\"https:\/\/objektmobiliar.ch\/wp-content\/uploads\/2024\/09\/lara-220-0272-s-profil.jpg\" loading=\"eager\" alt=\"\" class=\"similar-product-img\">\r\n        <div class=\"center\">\r\n          <div class=\"w-richtext\">\r\n            <p><strong>Lara Sessel mit R\u00fcckenloch<\/strong><br>220-0272\/S<\/p>\r\n          <\/div>\r\n          \r\n        <\/div>\r\n      <\/div>\r\n      <div class=\"similar-product\"><img decoding=\"async\" src=\"https:\/\/objektmobiliar.ch\/wp-content\/uploads\/2024\/09\/lara-220-0273-s.jpg\" loading=\"eager\" alt=\"\" class=\"similar-product-img\">\r\n        <div class=\"center\">\r\n          <div class=\"w-richtext\">\r\n            <p><strong>Lara 2er Sofa<\/strong><br>220-0273\/S<\/p>\r\n          <\/div>\r\n          \r\n        <\/div>\r\n      <\/div>\r\n      <div class=\"similar-product\"><img decoding=\"async\" src=\"https:\/\/objektmobiliar.ch\/wp-content\/uploads\/2024\/09\/lara-220-0273-s-profil.jpg\" loading=\"eager\" alt=\"\" class=\"similar-product-img\">\r\n        <div class=\"center\">\r\n          <div class=\"w-richtext\">\r\n            <p><strong>Lara 2er Sofa<\/strong><br>220-0273\/S<\/p>\r\n          <\/div>\r\n          \r\n        <\/div>\r\n      <\/div>\r\n      <div class=\"similar-product\"><img decoding=\"async\" src=\"https:\/\/objektmobiliar.ch\/wp-content\/uploads\/2024\/09\/lara-200-0310-s.jpg\" loading=\"eager\" alt=\"\" class=\"similar-product-img\">\r\n        <div class=\"center\">\r\n          <div class=\"w-richtext\">\r\n            <p><strong>Lara Stuhl<\/strong><br>220-0274\/S<\/p>\r\n          <\/div>\r\n          \r\n        <\/div>\r\n      <\/div>\r\n      <div class=\"similar-product\"><img decoding=\"async\" src=\"https:\/\/objektmobiliar.ch\/wp-content\/uploads\/2024\/09\/lara-200-0310-s-profil.jpg\" loading=\"eager\" alt=\"\" class=\"similar-product-img\">\r\n        <div class=\"center\">\r\n          <div class=\"w-richtext\">\r\n            <p><strong>Lara Stuhl<\/strong><br>220-0274\/S<\/p>\r\n          <\/div>\r\n          \r\n        <\/div>\r\n      <\/div>\r\n      <div class=\"similar-product\"><img decoding=\"async\" src=\"https:\/\/objektmobiliar.ch\/wp-content\/uploads\/2024\/09\/lara-200-0311-s.jpg\" loading=\"eager\" alt=\"\" class=\"similar-product-img\">\r\n        <div class=\"center\">\r\n          <div class=\"w-richtext\">\r\n            <p><strong>Lara Barhocker<\/strong><br>220-0275\/S<\/p>\r\n          <\/div>\r\n          \r\n        <\/div>\r\n      <\/div>\r\n      <div class=\"similar-product\"><img decoding=\"async\" src=\"https:\/\/objektmobiliar.ch\/wp-content\/uploads\/2024\/09\/lara-200-0311-s-profil.jpg\" loading=\"eager\" alt=\"\" class=\"similar-product-img\">\r\n        <div class=\"center\">\r\n          <div class=\"w-richtext\">\r\n            <p><strong>Lara Barhocker<\/strong><br>220-0275\/S<\/p>\r\n          <\/div>\r\n          \r\n        <\/div>\r\n      <\/div>\r\n    <\/div>\r\n  <\/div>\r\n  \r\n  <div class=\"cnt narrow\">\r\n    <div class=\"similar-products-nav-pos\">\r\n      <div class=\"w-embed\">\r\n        \r\n      <\/div>\r\n    <\/div>\r\n  <\/div>\r\n<\/section><\/div>\n\n\n<div class=\"wp-block-group\"><div class=\"wp-block-group__inner-container is-layout-constrained wp-block-group-is-layout-constrained\"><section class=\"sct\">\r\n      <div class=\"cnt narrow\">\r\n        <div class=\"introtxt\">\r\n        <div class=\"w-richtext\">\r\n            <h2>Produktbeschreibung LARA &#8211; Polsterm\u00f6bel im Skandi Stil<\/h2>\r\n        <\/div>\r\n        <\/div>\r\n        \r\n          \n\n\n<figure class=\"wp-block-table is-style-regular\"><table><thead><tr><th>Art. Nr.<\/th><th>Beschreibung<\/th><\/tr><\/thead><tbody><tr><td>220-0270\/S<\/td><td>Lara Sessel<\/td><\/tr><tr><td>220-0271\/S<\/td><td>Lara Sesssel 24<\/td><\/tr><tr><td>220-0272\/S<\/td><td>Lara Sessel mit R\u00fcckenloch<\/td><\/tr><tr><td>220-0273\/S<\/td><td>Lara 2er Sofa<\/td><\/tr><tr><td>220-0274\/S<\/td><td>Lara Stuhl<\/td><\/tr><tr><td>220-0275\/S<\/td><td>Lara Barhocker<\/td><\/tr><\/tbody><\/table><\/figure>\n\n\n<\/div><\/section><\/div><\/div>\n\n\n<div class=\"lazyblock-bildergalerie-lightbox-ozg-Z1eRhYf wp-block-lazyblock-bildergalerie-lightbox-ozg\"><section class=\"sct\">\r\n  <div class=\"cnt semi\">\r\n    <div class=\"introtxt\">\r\n    <div class=\"w-richtext\">\r\n        <h2>Referenzbilder der gepolsterten St\u00fchle<\/h2>\r\n    <\/div>\r\n    <\/div>\r\n  \r\n    <div class=\"elmnt-imggallery\">\r\n      <a href=\"#\" class=\"imggallery-link w-inline-block w-lightbox\">\r\n        <img decoding=\"async\" src=\"https:\/\/objektmobiliar.ch\/wp-content\/uploads\/2025\/05\/Polstermoebel-Lara-in-einem-Cafe.jpg\" loading=\"lazy\" alt=\"\" class=\"imggallery-img\">\r\n        <script type=\"application\/json\" class=\"w-json\">\r\n            {\r\n              \"items\": [{\r\n\r\n                \"url\": \"https:\/\/objektmobiliar.ch\/wp-content\/uploads\/2025\/05\/Polstermoebel-Lara-in-einem-Cafe.jpg\",\r\n                \"caption\": \"\",\r\n                \"type\": \"image\"\r\n              }],\r\n              \"group\": \"\"\r\n            }\r\n          <\/script>\r\n      <\/a>\r\n      <a href=\"#\" class=\"imggallery-link w-inline-block w-lightbox\">\r\n        <img decoding=\"async\" src=\"https:\/\/objektmobiliar.ch\/wp-content\/uploads\/2025\/05\/Polstermoebel-Lara-in-einem-Restaurant.jpg\" loading=\"lazy\" alt=\"\" class=\"imggallery-img\">\r\n        <script type=\"application\/json\" class=\"w-json\">\r\n            {\r\n              \"items\": [{\r\n\r\n                \"url\": \"https:\/\/objektmobiliar.ch\/wp-content\/uploads\/2025\/05\/Polstermoebel-Lara-in-einem-Restaurant.jpg\",\r\n                \"caption\": \"\",\r\n                \"type\": \"image\"\r\n              }],\r\n              \"group\": \"\"\r\n            }\r\n          <\/script>\r\n      <\/a>\r\n      <a href=\"#\" class=\"imggallery-link w-inline-block w-lightbox\">\r\n        <img decoding=\"async\" src=\"https:\/\/objektmobiliar.ch\/wp-content\/uploads\/2025\/05\/Polstermoebel-Lara-als-Sitzgruppe.jpg\" loading=\"lazy\" alt=\"\" class=\"imggallery-img\">\r\n        <script type=\"application\/json\" class=\"w-json\">\r\n            {\r\n              \"items\": [{\r\n\r\n                \"url\": \"https:\/\/objektmobiliar.ch\/wp-content\/uploads\/2025\/05\/Polstermoebel-Lara-als-Sitzgruppe.jpg\",\r\n                \"caption\": \"\",\r\n                \"type\": \"image\"\r\n              }],\r\n              \"group\": \"\"\r\n            }\r\n          <\/script>\r\n      <\/a>\r\n    <\/div>\r\n    \r\n  <\/div>\r\n<\/section><\/div>\n\n<div class=\"lazyblock-text-modul-ozg-vzmwD wp-block-lazyblock-text-modul-ozg\"><section class=\"sct\">\r\n      <div class=\"cnt narrow\">\r\n        <div class=\"w-richtext\">\r\n            <h2>Die Serie LARA<\/h2>\n<h3>Elegante Polsterm\u00f6bel im Skandi Stil<\/h3>\n<p>Die Serie LARA umfasst elegante Polsterm\u00f6bel im skandinavischen Stil, speziell f\u00fcr das Gesundheitswesen entwickelt. Die Polsterm\u00f6bel im Skandi Sill zeichnen sich durch ein \u00e4sthetisches und funktionales Design aus, das sich perfekt in anspruchsvolle Umgebungen einf\u00fcgt. Ob Sessel, 2er Sofa, Barhocker oder Stuhl \u2013 alle Modelle bestechen durch klare Linien, Leichtigkeit und eine vollumpolsterte R\u00fcckenlehne, die hohen Sitzkomfort bietet. Besonders im Gesundheitswesen, in denen Wohlf\u00fchlfaktoren wichtig sind, zeigen die ergonomischen Eigenschaften der M\u00f6bel ihre Vorteile. Der Lara Sessel ist optional auch mit R\u00fcckenloch erh\u00e4ltlich.<\/p>\n<h3>Flexible Material- und Farbauswahl: Die Serie LARA<\/h3>\n<p>Die Serie bietet zudem Flexibilit\u00e4t bei der Material- und Farbauswahl: Sie k\u00f6nnen zwischen Mikrofaser, Kunstleder oder Echtleder w\u00e4hlen, die alle leicht zu reinigen sind \u2013 ideal f\u00fcr den Einsatz im Gesundheitswesen. Sanfte Pastellt\u00f6ne und gemusterte Stoffe schaffen eine harmonische Atmosph\u00e4re, w\u00e4hrend helle Massivholzbeine und das minimalistische Design der Serie einen modernen, zeitlosen Charakter verleihen. Alle<a href=\"https:\/\/objektmobiliar.ch\/inspiration\/materialien-und-farben\/\"> Materialien, Farben und Holzbeizt\u00f6ne<\/a> k\u00f6nnen individuell an die Anforderungen Ihrer Einrichtung angepasst werden. Weitere Informationen zu den Anpassungsm\u00f6glichkeiten finden Sie auf unserer Website oder kontaktieren Sie uns direkt.<\/p>\r\n        <\/div>\r\n            <div class=\"center\"><a href=\"https:\/\/objektmobiliar.ch\/moebel\/pflegegerechte-stuehle\/\" class=\"btn\" >Weitere St\u00fchle von OZG<\/a><\/div>\r\n      <\/div>\r\n    <\/section><\/div>\n\n\n<p><\/p>\n<style class=\"advgb-styles-renderer\">\r\n            .similar-products-nav li {\r\n              overflow: hidden;\r\n              margin: 0px !important;\r\n              flex-grow: 0 !important;\r\n              flex-shrink: 1 !important;\r\n              flex-basis: 12.5% !important;\r\n              border-style: solid;\r\n              border-width: 2px;\r\n              border-color: transparent;\r\n              border-radius: 8px;\r\n              transition-property: border-color;\r\n              transition-duration: 600ms;\r\n              transition-timing-function: ease;\r\n              cursor: pointer;\r\n            }\r\n            .similar-products-nav li.slick-active {\r\n              border-color: #dde7ef;\r\n            }\r\n            @media screen and (max-width:767px) {\r\n              .similar-products-nav li {\r\n                flex-basis: auto !important;\r\n                border-radius: 8px;\r\n                padding-top: 8px;\r\n                padding-right: 16px;\r\n                padding-bottom: 6px;\r\n                padding-left: 16px;\r\n              }\r\n              .similar-products-nav li.slick-active {\r\n                background-color: #dde7ef;\r\n                transition-property: background-color, border-color;\r\n                transition-duration: 600ms, 200ms;\r\n                transition-timing-function: ease, ease;\r\n                color: #426b8a;\r\n              }\r\n            }\r\n          <\/style>","protected":false},"excerpt":{"rendered":"<p>Art. Nr. Beschreibung 220-0270\/S Lara Sessel 220-0271\/S Lara Sesssel 24 220-0272\/S Lara Sessel mit R\u00fcckenloch 220-0273\/S Lara 2er Sofa 220-0274\/S Lara Stuhl 220-0275\/S Lara Barhocker<\/p>","protected":false},"author":2,"featured_media":4484,"parent":220,"menu_order":0,"comment_status":"closed","ping_status":"closed","template":"","meta":{"advgb_blocks_editor_width":"","advgb_blocks_columns_visual_guide":"","footnotes":""},"class_list":["post-4483","page","type-page","status-publish","has-post-thumbnail","hentry"],"yoast_head":"<!-- This site is optimized with the Yoast SEO plugin v27.4 - https:\/\/yoast.com\/product\/yoast-seo-wordpress\/ -->\n<title>Polsterm\u00f6bel im Skandi Stil bei OZG<\/title>\n<meta name=\"description\" content=\"Die Serie LARA umfasst Polsterm\u00f6bel im Skandi Stil, die sich optimal f\u00fcr Einrichtungen im Gesundheitswesen eignen.\" \/>\n<meta name=\"robots\" content=\"index, follow, max-snippet:-1, max-image-preview:large, max-video-preview:-1\" \/>\n<link rel=\"canonical\" href=\"https:\/\/objektmobiliar.ch\/fr\/meubles\/meubles-rembourres-faciles-a-entretenir\/meubles-rembourres-de-style-scandinave\/\" \/>\n<meta property=\"og:locale\" content=\"fr_FR\" \/>\n<meta property=\"og:type\" content=\"article\" \/>\n<meta property=\"og:title\" content=\"Polsterm\u00f6bel im Skandi Stil bei OZG\" \/>\n<meta property=\"og:description\" content=\"Die Serie LARA umfasst Polsterm\u00f6bel im Skandi Stil, die sich optimal f\u00fcr Einrichtungen im Gesundheitswesen eignen.\" \/>\n<meta property=\"og:url\" content=\"https:\/\/objektmobiliar.ch\/fr\/meubles\/meubles-rembourres-faciles-a-entretenir\/meubles-rembourres-de-style-scandinave\/\" \/>\n<meta property=\"og:site_name\" content=\"OZG HEALTHCARE\" \/>\n<meta property=\"article:modified_time\" content=\"2025-05-27T08:45:53+00:00\" \/>\n<meta property=\"og:image\" content=\"https:\/\/objektmobiliar.ch\/wp-content\/uploads\/2024\/09\/lara-220-0270-s.jpg\" \/>\n\t<meta property=\"og:image:width\" content=\"1000\" \/>\n\t<meta property=\"og:image:height\" content=\"1000\" \/>\n\t<meta property=\"og:image:type\" content=\"image\/jpeg\" \/>\n<meta name=\"twitter:card\" content=\"summary_large_image\" \/>\n<meta name=\"twitter:label1\" content=\"Dur\u00e9e de lecture estim\u00e9e\" \/>\n\t<meta name=\"twitter:data1\" content=\"6 minutes\" \/>\n<script type=\"application\/ld+json\" class=\"yoast-schema-graph\">{\"@context\":\"https:\\\/\\\/schema.org\",\"@graph\":[{\"@type\":\"WebPage\",\"@id\":\"https:\\\/\\\/objektmobiliar.ch\\\/moebel\\\/pflegegerechte-polstermoebel\\\/polstermoebel-im-skandi-stil\\\/\",\"url\":\"https:\\\/\\\/objektmobiliar.ch\\\/moebel\\\/pflegegerechte-polstermoebel\\\/polstermoebel-im-skandi-stil\\\/\",\"name\":\"Polsterm\u00f6bel im Skandi Stil bei OZG\",\"isPartOf\":{\"@id\":\"https:\\\/\\\/objektmobiliar.ch\\\/#website\"},\"primaryImageOfPage\":{\"@id\":\"https:\\\/\\\/objektmobiliar.ch\\\/moebel\\\/pflegegerechte-polstermoebel\\\/polstermoebel-im-skandi-stil\\\/#primaryimage\"},\"image\":{\"@id\":\"https:\\\/\\\/objektmobiliar.ch\\\/moebel\\\/pflegegerechte-polstermoebel\\\/polstermoebel-im-skandi-stil\\\/#primaryimage\"},\"thumbnailUrl\":\"https:\\\/\\\/objektmobiliar.ch\\\/wp-content\\\/uploads\\\/2024\\\/09\\\/lara-220-0270-s.jpg\",\"datePublished\":\"2024-09-15T23:13:37+00:00\",\"dateModified\":\"2025-05-27T08:45:53+00:00\",\"description\":\"Die Serie LARA umfasst Polsterm\u00f6bel im Skandi Stil, die sich optimal f\u00fcr Einrichtungen im Gesundheitswesen eignen.\",\"breadcrumb\":{\"@id\":\"https:\\\/\\\/objektmobiliar.ch\\\/moebel\\\/pflegegerechte-polstermoebel\\\/polstermoebel-im-skandi-stil\\\/#breadcrumb\"},\"inLanguage\":\"fr-FR\",\"potentialAction\":[{\"@type\":\"ReadAction\",\"target\":[\"https:\\\/\\\/objektmobiliar.ch\\\/moebel\\\/pflegegerechte-polstermoebel\\\/polstermoebel-im-skandi-stil\\\/\"]}]},{\"@type\":\"ImageObject\",\"inLanguage\":\"fr-FR\",\"@id\":\"https:\\\/\\\/objektmobiliar.ch\\\/moebel\\\/pflegegerechte-polstermoebel\\\/polstermoebel-im-skandi-stil\\\/#primaryimage\",\"url\":\"https:\\\/\\\/objektmobiliar.ch\\\/wp-content\\\/uploads\\\/2024\\\/09\\\/lara-220-0270-s.jpg\",\"contentUrl\":\"https:\\\/\\\/objektmobiliar.ch\\\/wp-content\\\/uploads\\\/2024\\\/09\\\/lara-220-0270-s.jpg\",\"width\":1000,\"height\":1000,\"caption\":\"Polsterm\u00f6bel im Skandi Sill\"},{\"@type\":\"BreadcrumbList\",\"@id\":\"https:\\\/\\\/objektmobiliar.ch\\\/moebel\\\/pflegegerechte-polstermoebel\\\/polstermoebel-im-skandi-stil\\\/#breadcrumb\",\"itemListElement\":[{\"@type\":\"ListItem\",\"position\":1,\"name\":\"Startseite\",\"item\":\"https:\\\/\\\/objektmobiliar.ch\\\/\"},{\"@type\":\"ListItem\",\"position\":2,\"name\":\"M\u00f6bel\",\"item\":\"https:\\\/\\\/objektmobiliar.ch\\\/moebel\\\/\"},{\"@type\":\"ListItem\",\"position\":3,\"name\":\"Polsterm\u00f6bel\",\"item\":\"https:\\\/\\\/objektmobiliar.ch\\\/moebel\\\/pflegegerechte-polstermoebel\\\/\"},{\"@type\":\"ListItem\",\"position\":4,\"name\":\"Lara\"}]},{\"@type\":\"WebSite\",\"@id\":\"https:\\\/\\\/objektmobiliar.ch\\\/#website\",\"url\":\"https:\\\/\\\/objektmobiliar.ch\\\/\",\"name\":\"OZG HEALTHCARE\",\"description\":\"Objektmobiliar f\u00fcr Pflege, B\u00fcro, Praxis &amp; Hotellerie\",\"potentialAction\":[{\"@type\":\"SearchAction\",\"target\":{\"@type\":\"EntryPoint\",\"urlTemplate\":\"https:\\\/\\\/objektmobiliar.ch\\\/?s={search_term_string}\"},\"query-input\":{\"@type\":\"PropertyValueSpecification\",\"valueRequired\":true,\"valueName\":\"search_term_string\"}}],\"inLanguage\":\"fr-FR\"}]}<\/script>\n<!-- \/ Yoast SEO plugin. -->","yoast_head_json":{"title":"Meubles rembourr\u00e9s de style scandinave chez OZG","description":"La s\u00e9rie LARA comprend des meubles rembourr\u00e9s de style scandinave qui conviennent parfaitement aux \u00e9tablissements de soins de sant\u00e9.","robots":{"index":"index","follow":"follow","max-snippet":"max-snippet:-1","max-image-preview":"max-image-preview:large","max-video-preview":"max-video-preview:-1"},"canonical":"https:\/\/objektmobiliar.ch\/fr\/meubles\/meubles-rembourres-faciles-a-entretenir\/meubles-rembourres-de-style-scandinave\/","og_locale":"fr_FR","og_type":"article","og_title":"Polsterm\u00f6bel im Skandi Stil bei OZG","og_description":"Die Serie LARA umfasst Polsterm\u00f6bel im Skandi Stil, die sich optimal f\u00fcr Einrichtungen im Gesundheitswesen eignen.","og_url":"https:\/\/objektmobiliar.ch\/fr\/meubles\/meubles-rembourres-faciles-a-entretenir\/meubles-rembourres-de-style-scandinave\/","og_site_name":"OZG HEALTHCARE","article_modified_time":"2025-05-27T08:45:53+00:00","og_image":[{"width":1000,"height":1000,"url":"https:\/\/objektmobiliar.ch\/wp-content\/uploads\/2024\/09\/lara-220-0270-s.jpg","type":"image\/jpeg"}],"twitter_card":"summary_large_image","twitter_misc":{"Dur\u00e9e de lecture estim\u00e9e":"6 minutes"},"schema":{"@context":"https:\/\/schema.org","@graph":[{"@type":"WebPage","@id":"https:\/\/objektmobiliar.ch\/moebel\/pflegegerechte-polstermoebel\/polstermoebel-im-skandi-stil\/","url":"https:\/\/objektmobiliar.ch\/moebel\/pflegegerechte-polstermoebel\/polstermoebel-im-skandi-stil\/","name":"Meubles rembourr\u00e9s de style scandinave chez OZG","isPartOf":{"@id":"https:\/\/objektmobiliar.ch\/#website"},"primaryImageOfPage":{"@id":"https:\/\/objektmobiliar.ch\/moebel\/pflegegerechte-polstermoebel\/polstermoebel-im-skandi-stil\/#primaryimage"},"image":{"@id":"https:\/\/objektmobiliar.ch\/moebel\/pflegegerechte-polstermoebel\/polstermoebel-im-skandi-stil\/#primaryimage"},"thumbnailUrl":"https:\/\/objektmobiliar.ch\/wp-content\/uploads\/2024\/09\/lara-220-0270-s.jpg","datePublished":"2024-09-15T23:13:37+00:00","dateModified":"2025-05-27T08:45:53+00:00","description":"La s\u00e9rie LARA comprend des meubles rembourr\u00e9s de style scandinave qui conviennent parfaitement aux \u00e9tablissements de soins de sant\u00e9.","breadcrumb":{"@id":"https:\/\/objektmobiliar.ch\/moebel\/pflegegerechte-polstermoebel\/polstermoebel-im-skandi-stil\/#breadcrumb"},"inLanguage":"fr-FR","potentialAction":[{"@type":"ReadAction","target":["https:\/\/objektmobiliar.ch\/moebel\/pflegegerechte-polstermoebel\/polstermoebel-im-skandi-stil\/"]}]},{"@type":"ImageObject","inLanguage":"fr-FR","@id":"https:\/\/objektmobiliar.ch\/moebel\/pflegegerechte-polstermoebel\/polstermoebel-im-skandi-stil\/#primaryimage","url":"https:\/\/objektmobiliar.ch\/wp-content\/uploads\/2024\/09\/lara-220-0270-s.jpg","contentUrl":"https:\/\/objektmobiliar.ch\/wp-content\/uploads\/2024\/09\/lara-220-0270-s.jpg","width":1000,"height":1000,"caption":"Polsterm\u00f6bel im Skandi Sill"},{"@type":"BreadcrumbList","@id":"https:\/\/objektmobiliar.ch\/moebel\/pflegegerechte-polstermoebel\/polstermoebel-im-skandi-stil\/#breadcrumb","itemListElement":[{"@type":"ListItem","position":1,"name":"Startseite","item":"https:\/\/objektmobiliar.ch\/"},{"@type":"ListItem","position":2,"name":"M\u00f6bel","item":"https:\/\/objektmobiliar.ch\/moebel\/"},{"@type":"ListItem","position":3,"name":"Polsterm\u00f6bel","item":"https:\/\/objektmobiliar.ch\/moebel\/pflegegerechte-polstermoebel\/"},{"@type":"ListItem","position":4,"name":"Lara"}]},{"@type":"WebSite","@id":"https:\/\/objektmobiliar.ch\/#website","url":"https:\/\/objektmobiliar.ch\/","name":"OZG HEALTHCARE","description":"Mobilier de collectivit\u00e9 pour les soins, les bureaux, les cabinets m\u00e9dicaux et l'h\u00f4tellerie","potentialAction":[{"@type":"SearchAction","target":{"@type":"EntryPoint","urlTemplate":"https:\/\/objektmobiliar.ch\/?s={search_term_string}"},"query-input":{"@type":"PropertyValueSpecification","valueRequired":true,"valueName":"search_term_string"}}],"inLanguage":"fr-FR"}]}},"coauthors":[],"author_meta":{"author_link":"https:\/\/objektmobiliar.ch\/fr\/author\/alex\/","display_name":"Alex"},"relative_dates":{"created":"Publi\u00e9 2 ans il y a","modified":"Mis \u00e0 jour 11 mois il y a"},"absolute_dates":{"created":"Publi\u00e9 le septembre 15, 2024","modified":"Mise \u00e0 jour le mai 27, 2025"},"absolute_dates_time":{"created":"Publi\u00e9 le septembre 15, 2024 11:13 pm","modified":"Mise \u00e0 jour le mai 27, 2025 8:45 am"},"featured_img_caption":"","featured_img":"https:\/\/objektmobiliar.ch\/wp-content\/uploads\/2024\/09\/lara-220-0270-s-825x510.jpg","series_order":"","_links":{"self":[{"href":"https:\/\/objektmobiliar.ch\/fr\/wp-json\/wp\/v2\/pages\/4483","targetHints":{"allow":["GET"]}}],"collection":[{"href":"https:\/\/objektmobiliar.ch\/fr\/wp-json\/wp\/v2\/pages"}],"about":[{"href":"https:\/\/objektmobiliar.ch\/fr\/wp-json\/wp\/v2\/types\/page"}],"author":[{"embeddable":true,"href":"https:\/\/objektmobiliar.ch\/fr\/wp-json\/wp\/v2\/users\/2"}],"replies":[{"embeddable":true,"href":"https:\/\/objektmobiliar.ch\/fr\/wp-json\/wp\/v2\/comments?post=4483"}],"version-history":[{"count":17,"href":"https:\/\/objektmobiliar.ch\/fr\/wp-json\/wp\/v2\/pages\/4483\/revisions"}],"predecessor-version":[{"id":5309,"href":"https:\/\/objektmobiliar.ch\/fr\/wp-json\/wp\/v2\/pages\/4483\/revisions\/5309"}],"up":[{"embeddable":true,"href":"https:\/\/objektmobiliar.ch\/fr\/wp-json\/wp\/v2\/pages\/220"}],"wp:featuredmedia":[{"embeddable":true,"href":"https:\/\/objektmobiliar.ch\/fr\/wp-json\/wp\/v2\/media\/4484"}],"wp:attachment":[{"href":"https:\/\/objektmobiliar.ch\/fr\/wp-json\/wp\/v2\/media?parent=4483"}],"curies":[{"name":"wp","href":"https:\/\/api.w.org\/{rel}","templated":true}]}}