{"id":438,"date":"2023-10-12T17:02:54","date_gmt":"2023-10-12T17:02:54","guid":{"rendered":"https:\/\/dev.objektmobiliar.ch\/?page_id=438"},"modified":"2024-07-29T14:40:03","modified_gmt":"2024-07-29T14:40:03","slug":"serie-de-canapes-classiques-et-elegants","status":"publish","type":"page","link":"https:\/\/objektmobiliar.ch\/fr\/moebel\/pflegegerechte-polstermoebel\/klassisch-elegante-sofaserie\/","title":{"rendered":"Canap\u00e9s Margot"},"content":{"rendered":"<div class=\"lazyblock-produkt-detail-ozg-1UPMPP wp-block-lazyblock-produkt-detail-ozg\"><section class=\"sct\">\r\n      <div class=\"cnt\">\r\n        <div class=\"elmnt-product-desc\">\r\n          <div class=\"product-desc-box\"><img decoding=\"async\" src=\"https:\/\/objektmobiliar.ch\/wp-content\/uploads\/2023\/10\/margot-sofa.jpg\" loading=\"lazy\" alt=\"\" class=\"product-desc-img\"><\/div>\r\n          <div class=\"product-desc-txt\">\r\n            <h1 class=\"txt-product-headline\">SOFAS MARGOT<\/h1>\r\n            <h2 class=\"txt-product-subline\">S\u00e9rie de canap\u00e9s classiques et \u00e9l\u00e9gants pour les maisons de soins<\/h2>\r\n            <div class=\"w-richtext\">\r\n              <p>La s\u00e9rie de canap\u00e9s classiques et \u00e9l\u00e9gants pour les maisons de soins allie une \u00e9l\u00e9gance classique \u00e0 des courbes douces et des accoudoirs rembourr\u00e9s. Les coutures de couleur contrast\u00e9e apportent des touches de style suppl\u00e9mentaires. Les meubles rembourr\u00e9s de la s\u00e9rie Margot offrent un excellent confort d'assise et invitent \u00e0 la d\u00e9tente. L'assise amovible facilite le nettoyage, ce qui rend cette s\u00e9rie particuli\u00e8rement adapt\u00e9e aux \u00e9tablissements de soins et aux groupes de vie pour personnes atteintes de d\u00e9mence.<\/p>\n<p>La gamme comprend des canap\u00e9s lounge, des canap\u00e9s \u00e0 oreilles ainsi que des canap\u00e9s 2 et 3 places. Les mod\u00e8les sont disponibles en microfibre ou en similicuir et offrent une multitude de couleurs, de motifs et de teintes de bois pour compl\u00e9ter au mieux votre int\u00e9rieur.<\/p>\r\n            <\/div>\r\n            <a onclick=\"splite_loader();\" class=\"btn\">Demander un produit<\/a>\r\n          <\/div>\r\n        <\/div>\r\n      <\/div>\r\n    <\/section><\/div>\n\n<div class=\"lazyblock-produkt-slider-ozg-OXalf wp-block-lazyblock-produkt-slider-ozg\"><section class=\"sct\">\r\n  <div class=\"cnt semi\">\r\n    <div class=\"intro-txt\">\r\n        <h2>Mod\u00e8les et versions<\/h2>\r\n    <\/div>\r\n    \r\n    <div class=\"elmnt-similar-products\">\r\n      <div class=\"similar-product\"><img decoding=\"async\" src=\"https:\/\/objektmobiliar.ch\/wp-content\/uploads\/2023\/10\/margot-sofa-02.jpg\" loading=\"eager\" alt=\"\" class=\"similar-product-img\">\r\n        <div class=\"center\">\r\n          <div class=\"w-richtext\">\r\n            <p><strong>Canap\u00e9 2 places Margot<\/strong><\/p>\r\n          <\/div>\r\n          \r\n        <\/div>\r\n      <\/div>\r\n      <div class=\"similar-product\"><img decoding=\"async\" src=\"https:\/\/objektmobiliar.ch\/wp-content\/uploads\/2023\/10\/margot-ohrensessel.jpg\" loading=\"eager\" alt=\"Fauteuil \u00e0 oreilles Margot avec rev\u00eatement en microfibre \u00e0 motifs\" class=\"similar-product-img\">\r\n        <div class=\"center\">\r\n          <div class=\"w-richtext\">\r\n            <p><strong>Fauteuil \u00e0 oreilles Margot\u00a0<\/strong>avec rev\u00eatement en microfibre \u00e0 motifs<\/p>\r\n          <\/div>\r\n          <a href=\"https:\/\/objektmobiliar.ch\/fr\/meubles\/meubles-rembourres-faciles-a-entretenir\/elegance-classique-et-confort\/\" class=\"btn similarproducts\">Passer au produit<\/a>\r\n        <\/div>\r\n      <\/div>\r\n      <div class=\"similar-product\"><img decoding=\"async\" src=\"https:\/\/objektmobiliar.ch\/wp-content\/uploads\/2023\/10\/margot-sessel-03.jpg\" loading=\"eager\" alt=\"Fauteuil Margot avec rev\u00eatement en similicuir\" class=\"similar-product-img\">\r\n        <div class=\"center\">\r\n          <div class=\"w-richtext\">\r\n            <p><strong>Fauteuil Margot\u00a0<\/strong>avec rev\u00eatement en similicuir<\/p>\r\n          <\/div>\r\n          <a href=\"https:\/\/objektmobiliar.ch\/fr\/meubles\/meubles-rembourres-faciles-a-entretenir\/elegance-classique-et-confort\/\" class=\"btn similarproducts\">Passer au produit<\/a>\r\n        <\/div>\r\n      <\/div>\r\n    <\/div>\r\n  <\/div>\r\n  \r\n  <div class=\"cnt narrow\">\r\n    <div class=\"similar-products-nav-pos\">\r\n      <div class=\"w-embed\">\r\n        \r\n      <\/div>\r\n    <\/div>\r\n  <\/div>\r\n<\/section><\/div>\n\n\n<div class=\"wp-block-group\"><div class=\"wp-block-group__inner-container is-layout-constrained wp-block-group-is-layout-constrained\"><section class=\"sct\">\r\n      <div class=\"cnt narrow\">\r\n        <div class=\"introtxt\">\r\n        <div class=\"w-richtext\">\r\n            <h2>Description du produit<\/h2>\r\n        <\/div>\r\n        <\/div>\r\n        \r\n          \n\n\n<figure class=\"wp-block-table is-style-regular\"><table><thead><tr><th>Art. No.<\/th><th>Description<\/th><th><\/th><\/tr><\/thead><tbody><tr><td>220-0240\/S<\/td><td>Fauteuil Margot<\/td><td><a href=\"https:\/\/objektmobiliar.ch\/fr\/meubles\/meubles-rembourres-faciles-a-entretenir\/elegance-classique-et-confort\/\">Passer au produit<\/a><\/td><\/tr><tr><td>220-0241\/S<\/td><td>Canap\u00e9 2 places Margot<\/td><td><a href=\"https:\/\/objektmobiliar.ch\/fr\/meubles\/meubles-rembourres-faciles-a-entretenir\/serie-de-canapes-classiques-et-elegants\/\">Passer au produit<\/a><\/td><\/tr><tr><td>220-0242\/S<\/td><td>Canap\u00e9 3 places Margot<\/td><td><\/td><\/tr><tr><td>220-0243\/S<\/td><td>Fauteuil \u00e0 oreilles Margot<\/td><td><a data-type=\"page\" data-id=\"427\" href=\"https:\/\/objektmobiliar.ch\/fr\/meubles\/meubles-rembourres-faciles-a-entretenir\/margot-sessel\/\"><\/a><\/td><\/tr><\/tbody><\/table><\/figure>\n\n\n<\/div><\/section><\/div><\/div>\n\n\n<div class=\"lazyblock-text-modul-ozg-Z2rLGYT wp-block-lazyblock-text-modul-ozg\"><section class=\"sct\">\r\n      <div class=\"cnt narrow\">\r\n        <div class=\"w-richtext\">\r\n            <h2>La gamme de canap\u00e9s Margot<\/h2>\n<h3>S\u00e9rie de canap\u00e9s classiques et \u00e9l\u00e9gants pour les maisons de soins<\/h3>\n<p>La s\u00e9rie de canap\u00e9s classiques et \u00e9l\u00e9gants pour les maisons de soins combine l'\u00e9l\u00e9gance classique et un grand confort. Elle s\u00e9duit par un m\u00e9lange harmonieux de style et de fonctionnalit\u00e9, ce qui est parfait pour diff\u00e9rents domaines d'utilisation. Les courbes douces et les accoudoirs rembourr\u00e9s offrent non seulement un design attrayant, mais aussi un excellent confort d'assise. Les coutures de couleur contrast\u00e9e apportent une touche de style et compl\u00e8tent l'ensemble. Outre son apparence \u00e9l\u00e9gante, la s\u00e9rie accorde une grande importance \u00e0 l'aspect pratique et \u00e0 la convivialit\u00e9. Les canap\u00e9s rembourr\u00e9s sur tout le pourtour sont faciles \u00e0 entretenir et offrent un confort d'assise agr\u00e9able. L'assise amovible facilite le nettoyage, ce qui rend ces canap\u00e9s particuli\u00e8rement adapt\u00e9s aux \u00e9tablissements de soins et aux groupes de vie pour personnes atteintes de d\u00e9mence.<\/p>\n<h3>De multiples options pour chaque int\u00e9rieur : la diversit\u00e9 des mod\u00e8les de la s\u00e9rie Margot<\/h3>\n<p>La gamme de canap\u00e9s classiques et \u00e9l\u00e9gants pour les maisons de soins comprend des canap\u00e9s lounge, des canap\u00e9s \u00e0 oreilles ainsi que des canap\u00e9s 2 et 3 places. Ces mod\u00e8les sont disponibles avec des rev\u00eatements en microfibre ou en similicuir et offrent de nombreuses possibilit\u00e9s d'adaptation en termes de design et de fonctionnalit\u00e9. De plus, vous pouvez choisir parmi une large palette de mat\u00e9riaux, de couleurs et de teintes de bois pour int\u00e9grer parfaitement les canap\u00e9s dans votre int\u00e9rieur existant. Choisissez parmi diff\u00e9rents <a href=\"https:\/\/objektmobiliar.ch\/fr\/inspiration\/materiaux-et-couleurs\/\">Mat\u00e9riaux et couleurs<\/a>\u00a0le design qui s'adapte le mieux \u00e0 votre int\u00e9rieur.<\/p>\r\n        <\/div>\r\n      <\/div>\r\n    <\/section><\/div><style class=\"advgb-styles-renderer\">\r\n            .similar-products-nav li {\r\n              overflow: hidden;\r\n              margin: 0px !important;\r\n              flex-grow: 0 !important;\r\n              flex-shrink: 1 !important;\r\n              flex-basis: 12.5% !important;\r\n              border-style: solid;\r\n              border-width: 2px;\r\n              border-color: transparent;\r\n              border-radius: 8px;\r\n              transition-property: border-color;\r\n              transition-duration: 600ms;\r\n              transition-timing-function: ease;\r\n              cursor: pointer;\r\n            }\r\n            .similar-products-nav li.slick-active {\r\n              border-color: #dde7ef;\r\n            }\r\n            @media screen and (max-width:767px) {\r\n              .similar-products-nav li {\r\n                flex-basis: auto !important;\r\n                border-radius: 8px;\r\n                padding-top: 8px;\r\n                padding-right: 16px;\r\n                padding-bottom: 6px;\r\n                padding-left: 16px;\r\n              }\r\n              .similar-products-nav li.slick-active {\r\n                background-color: #dde7ef;\r\n                transition-property: background-color, border-color;\r\n                transition-duration: 600ms, 200ms;\r\n                transition-timing-function: ease, ease;\r\n                color: #426b8a;\r\n              }\r\n            }\r\n          <\/style>","protected":false},"excerpt":{"rendered":"<p>MARGOT Polsterm\u00f6bel bietet optimalen Sitzkomfort und laden zum gem\u00fctlichen Verweilen ein. Sie sind rundum gepolstert und bietet die M\u00f6glichkeit, das Sitzteil wegzunehmen \u2013 f\u00fcr eine einfache Reinigung.<\/p>","protected":false},"author":7,"featured_media":429,"parent":220,"menu_order":0,"comment_status":"closed","ping_status":"closed","template":"","meta":{"advgb_blocks_editor_width":"","advgb_blocks_columns_visual_guide":"","footnotes":""},"class_list":["post-438","page","type-page","status-publish","has-post-thumbnail","hentry"],"yoast_head":"<!-- This site is optimized with the Yoast SEO plugin v27.4 - https:\/\/yoast.com\/product\/yoast-seo-wordpress\/ -->\n<title>Klassisch elegante Sofaserie f\u00fcr Pflegeheime bei OZG<\/title>\n<meta name=\"description\" content=\"Die klassisch elegante Sofaserie f\u00fcr Pflegeheime besticht durch sanfte Rundungen, gepolsterte Armlehnen und farblich abgesetzten N\u00e4hte.\" \/>\n<meta name=\"robots\" content=\"index, follow, max-snippet:-1, max-image-preview:large, max-video-preview:-1\" \/>\n<link rel=\"canonical\" href=\"https:\/\/objektmobiliar.ch\/fr\/meubles\/meubles-rembourres-faciles-a-entretenir\/serie-de-canapes-classiques-et-elegants\/\" \/>\n<meta property=\"og:locale\" content=\"fr_FR\" \/>\n<meta property=\"og:type\" content=\"article\" \/>\n<meta property=\"og:title\" content=\"Klassisch elegante Sofaserie f\u00fcr Pflegeheime bei OZG\" \/>\n<meta property=\"og:description\" content=\"Die klassisch elegante Sofaserie f\u00fcr Pflegeheime besticht durch sanfte Rundungen, gepolsterte Armlehnen und farblich abgesetzten N\u00e4hte.\" \/>\n<meta property=\"og:url\" content=\"https:\/\/objektmobiliar.ch\/fr\/meubles\/meubles-rembourres-faciles-a-entretenir\/serie-de-canapes-classiques-et-elegants\/\" \/>\n<meta property=\"og:site_name\" content=\"OZG HEALTHCARE\" \/>\n<meta property=\"article:modified_time\" content=\"2024-07-29T14:40:03+00:00\" \/>\n<meta property=\"og:image\" content=\"https:\/\/objektmobiliar.ch\/wp-content\/uploads\/2023\/10\/margot-sofa.jpg\" \/>\n\t<meta property=\"og:image:width\" content=\"1000\" \/>\n\t<meta property=\"og:image:height\" content=\"1000\" \/>\n\t<meta property=\"og:image:type\" content=\"image\/jpeg\" \/>\n<meta name=\"twitter:card\" content=\"summary_large_image\" \/>\n<meta name=\"twitter:label1\" content=\"Dur\u00e9e de lecture estim\u00e9e\" \/>\n\t<meta name=\"twitter:data1\" content=\"3 minutes\" \/>\n<script type=\"application\/ld+json\" class=\"yoast-schema-graph\">{\"@context\":\"https:\\\/\\\/schema.org\",\"@graph\":[{\"@type\":\"WebPage\",\"@id\":\"https:\\\/\\\/objektmobiliar.ch\\\/moebel\\\/pflegegerechte-polstermoebel\\\/klassisch-elegante-sofaserie\\\/\",\"url\":\"https:\\\/\\\/objektmobiliar.ch\\\/moebel\\\/pflegegerechte-polstermoebel\\\/klassisch-elegante-sofaserie\\\/\",\"name\":\"Klassisch elegante Sofaserie f\u00fcr Pflegeheime bei OZG\",\"isPartOf\":{\"@id\":\"https:\\\/\\\/objektmobiliar.ch\\\/#website\"},\"primaryImageOfPage\":{\"@id\":\"https:\\\/\\\/objektmobiliar.ch\\\/moebel\\\/pflegegerechte-polstermoebel\\\/klassisch-elegante-sofaserie\\\/#primaryimage\"},\"image\":{\"@id\":\"https:\\\/\\\/objektmobiliar.ch\\\/moebel\\\/pflegegerechte-polstermoebel\\\/klassisch-elegante-sofaserie\\\/#primaryimage\"},\"thumbnailUrl\":\"https:\\\/\\\/objektmobiliar.ch\\\/wp-content\\\/uploads\\\/2023\\\/10\\\/margot-sofa.jpg\",\"datePublished\":\"2023-10-12T17:02:54+00:00\",\"dateModified\":\"2024-07-29T14:40:03+00:00\",\"description\":\"Die klassisch elegante Sofaserie f\u00fcr Pflegeheime besticht durch sanfte Rundungen, gepolsterte Armlehnen und farblich abgesetzten N\u00e4hte.\",\"breadcrumb\":{\"@id\":\"https:\\\/\\\/objektmobiliar.ch\\\/moebel\\\/pflegegerechte-polstermoebel\\\/klassisch-elegante-sofaserie\\\/#breadcrumb\"},\"inLanguage\":\"fr-FR\",\"potentialAction\":[{\"@type\":\"ReadAction\",\"target\":[\"https:\\\/\\\/objektmobiliar.ch\\\/moebel\\\/pflegegerechte-polstermoebel\\\/klassisch-elegante-sofaserie\\\/\"]}]},{\"@type\":\"ImageObject\",\"inLanguage\":\"fr-FR\",\"@id\":\"https:\\\/\\\/objektmobiliar.ch\\\/moebel\\\/pflegegerechte-polstermoebel\\\/klassisch-elegante-sofaserie\\\/#primaryimage\",\"url\":\"https:\\\/\\\/objektmobiliar.ch\\\/wp-content\\\/uploads\\\/2023\\\/10\\\/margot-sofa.jpg\",\"contentUrl\":\"https:\\\/\\\/objektmobiliar.ch\\\/wp-content\\\/uploads\\\/2023\\\/10\\\/margot-sofa.jpg\",\"width\":1000,\"height\":1000,\"caption\":\"Klassisch elegante Sofaserie f\u00fcr Pflegeheime\"},{\"@type\":\"BreadcrumbList\",\"@id\":\"https:\\\/\\\/objektmobiliar.ch\\\/moebel\\\/pflegegerechte-polstermoebel\\\/klassisch-elegante-sofaserie\\\/#breadcrumb\",\"itemListElement\":[{\"@type\":\"ListItem\",\"position\":1,\"name\":\"Startseite\",\"item\":\"https:\\\/\\\/objektmobiliar.ch\\\/\"},{\"@type\":\"ListItem\",\"position\":2,\"name\":\"M\u00f6bel\",\"item\":\"https:\\\/\\\/objektmobiliar.ch\\\/moebel\\\/\"},{\"@type\":\"ListItem\",\"position\":3,\"name\":\"Polsterm\u00f6bel\",\"item\":\"https:\\\/\\\/objektmobiliar.ch\\\/moebel\\\/pflegegerechte-polstermoebel\\\/\"},{\"@type\":\"ListItem\",\"position\":4,\"name\":\"Margot Sofas\"}]},{\"@type\":\"WebSite\",\"@id\":\"https:\\\/\\\/objektmobiliar.ch\\\/#website\",\"url\":\"https:\\\/\\\/objektmobiliar.ch\\\/\",\"name\":\"OZG HEALTHCARE\",\"description\":\"Objektmobiliar f\u00fcr Pflege, B\u00fcro, Praxis &amp; Hotellerie\",\"potentialAction\":[{\"@type\":\"SearchAction\",\"target\":{\"@type\":\"EntryPoint\",\"urlTemplate\":\"https:\\\/\\\/objektmobiliar.ch\\\/?s={search_term_string}\"},\"query-input\":{\"@type\":\"PropertyValueSpecification\",\"valueRequired\":true,\"valueName\":\"search_term_string\"}}],\"inLanguage\":\"fr-FR\"}]}<\/script>\n<!-- \/ Yoast SEO plugin. -->","yoast_head_json":{"title":"S\u00e9rie de canap\u00e9s classiques et \u00e9l\u00e9gants pour les maisons de soins chez OZG","description":"La s\u00e9rie de canap\u00e9s classiques et \u00e9l\u00e9gants pour les maisons de soins se distingue par ses courbes douces, ses accoudoirs rembourr\u00e9s et ses coutures de couleur contrast\u00e9e.","robots":{"index":"index","follow":"follow","max-snippet":"max-snippet:-1","max-image-preview":"max-image-preview:large","max-video-preview":"max-video-preview:-1"},"canonical":"https:\/\/objektmobiliar.ch\/fr\/meubles\/meubles-rembourres-faciles-a-entretenir\/serie-de-canapes-classiques-et-elegants\/","og_locale":"fr_FR","og_type":"article","og_title":"Klassisch elegante Sofaserie f\u00fcr Pflegeheime bei OZG","og_description":"Die klassisch elegante Sofaserie f\u00fcr Pflegeheime besticht durch sanfte Rundungen, gepolsterte Armlehnen und farblich abgesetzten N\u00e4hte.","og_url":"https:\/\/objektmobiliar.ch\/fr\/meubles\/meubles-rembourres-faciles-a-entretenir\/serie-de-canapes-classiques-et-elegants\/","og_site_name":"OZG HEALTHCARE","article_modified_time":"2024-07-29T14:40:03+00:00","og_image":[{"width":1000,"height":1000,"url":"https:\/\/objektmobiliar.ch\/wp-content\/uploads\/2023\/10\/margot-sofa.jpg","type":"image\/jpeg"}],"twitter_card":"summary_large_image","twitter_misc":{"Dur\u00e9e de lecture estim\u00e9e":"3 minutes"},"schema":{"@context":"https:\/\/schema.org","@graph":[{"@type":"WebPage","@id":"https:\/\/objektmobiliar.ch\/moebel\/pflegegerechte-polstermoebel\/klassisch-elegante-sofaserie\/","url":"https:\/\/objektmobiliar.ch\/moebel\/pflegegerechte-polstermoebel\/klassisch-elegante-sofaserie\/","name":"S\u00e9rie de canap\u00e9s classiques et \u00e9l\u00e9gants pour les maisons de soins chez OZG","isPartOf":{"@id":"https:\/\/objektmobiliar.ch\/#website"},"primaryImageOfPage":{"@id":"https:\/\/objektmobiliar.ch\/moebel\/pflegegerechte-polstermoebel\/klassisch-elegante-sofaserie\/#primaryimage"},"image":{"@id":"https:\/\/objektmobiliar.ch\/moebel\/pflegegerechte-polstermoebel\/klassisch-elegante-sofaserie\/#primaryimage"},"thumbnailUrl":"https:\/\/objektmobiliar.ch\/wp-content\/uploads\/2023\/10\/margot-sofa.jpg","datePublished":"2023-10-12T17:02:54+00:00","dateModified":"2024-07-29T14:40:03+00:00","description":"La s\u00e9rie de canap\u00e9s classiques et \u00e9l\u00e9gants pour les maisons de soins se distingue par ses courbes douces, ses accoudoirs rembourr\u00e9s et ses coutures de couleur contrast\u00e9e.","breadcrumb":{"@id":"https:\/\/objektmobiliar.ch\/moebel\/pflegegerechte-polstermoebel\/klassisch-elegante-sofaserie\/#breadcrumb"},"inLanguage":"fr-FR","potentialAction":[{"@type":"ReadAction","target":["https:\/\/objektmobiliar.ch\/moebel\/pflegegerechte-polstermoebel\/klassisch-elegante-sofaserie\/"]}]},{"@type":"ImageObject","inLanguage":"fr-FR","@id":"https:\/\/objektmobiliar.ch\/moebel\/pflegegerechte-polstermoebel\/klassisch-elegante-sofaserie\/#primaryimage","url":"https:\/\/objektmobiliar.ch\/wp-content\/uploads\/2023\/10\/margot-sofa.jpg","contentUrl":"https:\/\/objektmobiliar.ch\/wp-content\/uploads\/2023\/10\/margot-sofa.jpg","width":1000,"height":1000,"caption":"Klassisch elegante Sofaserie f\u00fcr Pflegeheime"},{"@type":"BreadcrumbList","@id":"https:\/\/objektmobiliar.ch\/moebel\/pflegegerechte-polstermoebel\/klassisch-elegante-sofaserie\/#breadcrumb","itemListElement":[{"@type":"ListItem","position":1,"name":"Startseite","item":"https:\/\/objektmobiliar.ch\/"},{"@type":"ListItem","position":2,"name":"M\u00f6bel","item":"https:\/\/objektmobiliar.ch\/moebel\/"},{"@type":"ListItem","position":3,"name":"Polsterm\u00f6bel","item":"https:\/\/objektmobiliar.ch\/moebel\/pflegegerechte-polstermoebel\/"},{"@type":"ListItem","position":4,"name":"Margot Sofas"}]},{"@type":"WebSite","@id":"https:\/\/objektmobiliar.ch\/#website","url":"https:\/\/objektmobiliar.ch\/","name":"OZG HEALTHCARE","description":"Mobilier de collectivit\u00e9 pour les soins, les bureaux, les cabinets m\u00e9dicaux et l'h\u00f4tellerie","potentialAction":[{"@type":"SearchAction","target":{"@type":"EntryPoint","urlTemplate":"https:\/\/objektmobiliar.ch\/?s={search_term_string}"},"query-input":{"@type":"PropertyValueSpecification","valueRequired":true,"valueName":"search_term_string"}}],"inLanguage":"fr-FR"}]}},"coauthors":[],"author_meta":{"author_link":"https:\/\/objektmobiliar.ch\/fr\/author\/henni\/","display_name":"Henriette Saade"},"relative_dates":{"created":"Publi\u00e9 3 ans il y a","modified":"Mis \u00e0 jour 2 ans il y a"},"absolute_dates":{"created":"Publi\u00e9 le octobre 12, 2023","modified":"Mise \u00e0 jour le juillet 29, 2024"},"absolute_dates_time":{"created":"Publi\u00e9 le octobre 12, 2023 5:02 pm","modified":"Mise \u00e0 jour le juillet 29, 2024 2:40 pm"},"featured_img_caption":"","featured_img":"https:\/\/objektmobiliar.ch\/wp-content\/uploads\/2023\/10\/margot-sofa-825x510.jpg","series_order":"","_links":{"self":[{"href":"https:\/\/objektmobiliar.ch\/fr\/wp-json\/wp\/v2\/pages\/438","targetHints":{"allow":["GET"]}}],"collection":[{"href":"https:\/\/objektmobiliar.ch\/fr\/wp-json\/wp\/v2\/pages"}],"about":[{"href":"https:\/\/objektmobiliar.ch\/fr\/wp-json\/wp\/v2\/types\/page"}],"author":[{"embeddable":true,"href":"https:\/\/objektmobiliar.ch\/fr\/wp-json\/wp\/v2\/users\/7"}],"replies":[{"embeddable":true,"href":"https:\/\/objektmobiliar.ch\/fr\/wp-json\/wp\/v2\/comments?post=438"}],"version-history":[{"count":11,"href":"https:\/\/objektmobiliar.ch\/fr\/wp-json\/wp\/v2\/pages\/438\/revisions"}],"predecessor-version":[{"id":3421,"href":"https:\/\/objektmobiliar.ch\/fr\/wp-json\/wp\/v2\/pages\/438\/revisions\/3421"}],"up":[{"embeddable":true,"href":"https:\/\/objektmobiliar.ch\/fr\/wp-json\/wp\/v2\/pages\/220"}],"wp:featuredmedia":[{"embeddable":true,"href":"https:\/\/objektmobiliar.ch\/fr\/wp-json\/wp\/v2\/media\/429"}],"wp:attachment":[{"href":"https:\/\/objektmobiliar.ch\/fr\/wp-json\/wp\/v2\/media?parent=438"}],"curies":[{"name":"wp","href":"https:\/\/api.w.org\/{rel}","templated":true}]}}