{"id":4329,"date":"2024-09-10T18:07:49","date_gmt":"2024-09-10T18:07:49","guid":{"rendered":"https:\/\/objektmobiliar.ch\/?page_id=4329"},"modified":"2024-09-24T09:11:52","modified_gmt":"2024-09-24T09:11:52","slug":"meubles-rembourres-avec-accoudoirs-en-bois","status":"publish","type":"page","link":"https:\/\/objektmobiliar.ch\/fr\/moebel\/pflegegerechte-polstermoebel\/pflegegerechte-sessel\/polstermoebel-mit-holzarmlehnen\/","title":{"rendered":"Fauteuil Sana"},"content":{"rendered":"<div class=\"lazyblock-produkt-detail-ozg-2idsqq wp-block-lazyblock-produkt-detail-ozg\"><section class=\"sct\">\r\n      <div class=\"cnt\">\r\n        <div class=\"elmnt-product-desc\">\r\n          <div class=\"product-desc-box\"><img decoding=\"async\" src=\"https:\/\/objektmobiliar.ch\/wp-content\/uploads\/2024\/09\/sana-sessel-220-0302-s.jpg\" loading=\"lazy\" alt=\"\" class=\"product-desc-img\"><\/div>\r\n          <div class=\"product-desc-txt\">\r\n            <h1 class=\"txt-product-headline\">Sana<\/h1>\r\n            <h2 class=\"txt-product-subline\">Meubles rembourr\u00e9s avec accoudoirs en bois<\/h2>\r\n            <div class=\"w-richtext\">\r\n              <p>Les fauteuils de la s\u00e9rie SANA sont des meubles rembourr\u00e9s d'inspiration rustique avec des accoudoirs en bois au design prononc\u00e9. Les accoudoirs l\u00e9g\u00e8rement incurv\u00e9s vers le haut attirent le regard tout en offrant un soutien confortable pour s'asseoir ou se lever. Un plus absolu pour tout \u00e9tablissement de soins aux personnes \u00e2g\u00e9es. La s\u00e9rie SANA comprend des fauteuils, des fauteuils \u00e0 dossier mi-haut et des fauteuils \u00e0 dossier haut, que vous pouvez configurer individuellement gr\u00e2ce \u00e0 une grande vari\u00e9t\u00e9 de mat\u00e9riaux de rev\u00eatement, de couleurs et de teintes de bois.<\/p>\r\n            <\/div>\r\n            <a onclick=\"splite_loader();\" class=\"btn\">Demander un produit<\/a>\r\n          <\/div>\r\n        <\/div>\r\n      <\/div>\r\n    <\/section><\/div>\n\n<div class=\"lazyblock-produkt-slider-ozg-Z1Tq8Lp wp-block-lazyblock-produkt-slider-ozg\"><section class=\"sct\">\r\n  <div class=\"cnt semi\">\r\n    <div class=\"intro-txt\">\r\n        <h2>Mod\u00e8les et versions<\/h2>\r\n    <\/div>\r\n    \r\n    <div class=\"elmnt-similar-products\">\r\n      <div class=\"similar-product\"><img decoding=\"async\" src=\"https:\/\/objektmobiliar.ch\/wp-content\/uploads\/2024\/09\/sana-sessel-220-0302-s.jpg\" loading=\"eager\" alt=\"Meubles rembourr\u00e9s avec accoudoirs en bois\" class=\"similar-product-img\">\r\n        <div class=\"center\">\r\n          <div class=\"w-richtext\">\r\n            <p><strong>Fauteuil Sana<\/strong><br>220-0302\/S<\/p>\r\n          <\/div>\r\n          \r\n        <\/div>\r\n      <\/div>\r\n      <div class=\"similar-product\"><img decoding=\"async\" src=\"https:\/\/objektmobiliar.ch\/wp-content\/uploads\/2024\/09\/sana-sessel-220-0302-s-profil.jpg\" loading=\"eager\" alt=\"\" class=\"similar-product-img\">\r\n        <div class=\"center\">\r\n          <div class=\"w-richtext\">\r\n            <p><strong>Fauteuil Sana<\/strong><br>220-0302\/S<\/p>\r\n          <\/div>\r\n          \r\n        <\/div>\r\n      <\/div>\r\n      <div class=\"similar-product\"><img decoding=\"async\" src=\"https:\/\/objektmobiliar.ch\/wp-content\/uploads\/2024\/09\/sana-sessel-220-0302-s-dunkel.jpg\" loading=\"eager\" alt=\"\" class=\"similar-product-img\">\r\n        <div class=\"center\">\r\n          <div class=\"w-richtext\">\r\n            <p><strong>Fauteuil Sana<\/strong><br>220-0302\/S<\/p>\r\n          <\/div>\r\n          \r\n        <\/div>\r\n      <\/div>\r\n      <div class=\"similar-product\"><img decoding=\"async\" src=\"https:\/\/objektmobiliar.ch\/wp-content\/uploads\/2024\/09\/sana-sessel-220-0302-s-dunkel-profil.jpg\" loading=\"eager\" alt=\"\" class=\"similar-product-img\">\r\n        <div class=\"center\">\r\n          <div class=\"w-richtext\">\r\n            <p><strong>Fauteuil Sana<\/strong><br>220-0302\/S<\/p>\r\n          <\/div>\r\n          \r\n        <\/div>\r\n      <\/div>\r\n      <div class=\"similar-product\"><img decoding=\"async\" src=\"https:\/\/objektmobiliar.ch\/wp-content\/uploads\/2024\/09\/sana-sessel-220-0300-s.jpg\" loading=\"eager\" alt=\"\" class=\"similar-product-img\">\r\n        <div class=\"center\">\r\n          <div class=\"w-richtext\">\r\n            <p><strong>Sana fauteuil \u00e0 dossier mi-haut<\/strong><br>220-0300\/S<\/p>\r\n          <\/div>\r\n          \r\n        <\/div>\r\n      <\/div>\r\n      <div class=\"similar-product\"><img decoding=\"async\" src=\"https:\/\/objektmobiliar.ch\/wp-content\/uploads\/2024\/09\/sana-sessel-220-0300-s-seite.jpg\" loading=\"eager\" alt=\"\" class=\"similar-product-img\">\r\n        <div class=\"center\">\r\n          <div class=\"w-richtext\">\r\n            <p><strong>Sana fauteuil \u00e0 dossier mi-haut<\/strong><br>220-0300\/S<\/p>\r\n          <\/div>\r\n          \r\n        <\/div>\r\n      <\/div>\r\n      <div class=\"similar-product\"><img decoding=\"async\" src=\"https:\/\/objektmobiliar.ch\/wp-content\/uploads\/2024\/09\/sana-sessel-220-0300-s-profil.jpg\" loading=\"eager\" alt=\"\" class=\"similar-product-img\">\r\n        <div class=\"center\">\r\n          <div class=\"w-richtext\">\r\n            <p><strong>Sana fauteuil \u00e0 dossier mi-haut<\/strong><br>220-0300\/S<\/p>\r\n          <\/div>\r\n          \r\n        <\/div>\r\n      <\/div>\r\n      <div class=\"similar-product\"><img decoding=\"async\" src=\"https:\/\/objektmobiliar.ch\/wp-content\/uploads\/2024\/09\/sana-sessel-220-0301-s.jpg\" loading=\"eager\" alt=\"\" class=\"similar-product-img\">\r\n        <div class=\"center\">\r\n          <div class=\"w-richtext\">\r\n            <p><strong>Sana fauteuil \u00e0 haut dossier<\/strong><br>220-0301\/S<\/p>\r\n          <\/div>\r\n          \r\n        <\/div>\r\n      <\/div>\r\n      <div class=\"similar-product\"><img decoding=\"async\" src=\"https:\/\/objektmobiliar.ch\/wp-content\/uploads\/2024\/09\/sana-sessel-220-0301-s-profil.jpg\" loading=\"eager\" alt=\"\" class=\"similar-product-img\">\r\n        <div class=\"center\">\r\n          <div class=\"w-richtext\">\r\n            <p><strong>Sana fauteuil \u00e0 haut dossier<\/strong><br>220-0301\/S<\/p>\r\n          <\/div>\r\n          \r\n        <\/div>\r\n      <\/div>\r\n    <\/div>\r\n  <\/div>\r\n  \r\n  <div class=\"cnt narrow\">\r\n    <div class=\"similar-products-nav-pos\">\r\n      <div class=\"w-embed\">\r\n        \r\n      <\/div>\r\n    <\/div>\r\n  <\/div>\r\n<\/section><\/div>\n\n\n<div class=\"wp-block-group\"><div class=\"wp-block-group__inner-container is-layout-constrained wp-block-group-is-layout-constrained\"><section class=\"sct\">\r\n      <div class=\"cnt narrow\">\r\n        <div class=\"introtxt\">\r\n        <div class=\"w-richtext\">\r\n            <h2>SANA - Meubles rembourr\u00e9s avec accoudoirs en bois<\/h2>\r\n        <\/div>\r\n        <\/div>\r\n        \r\n          \n\n\n<figure class=\"wp-block-table is-style-regular\"><table><thead><tr><th>Art. No.<\/th><th>Description<\/th><\/tr><\/thead><tbody><tr><td>220-0300\/S<\/td><td>Sana fauteuil \u00e0 dossier mi-haut<\/td><\/tr><tr><td>220-0301\/S<\/td><td>Sana fauteuil \u00e0 haut dossier<\/td><\/tr><tr><td>220-0302\/S<\/td><td>Fauteuil Sana<\/td><\/tr><\/tbody><\/table><\/figure>\n\n\n<\/div><\/section><\/div><\/div>\n\n\n<div class=\"lazyblock-text-modul-ozg-1u8iK wp-block-lazyblock-text-modul-ozg\"><section class=\"sct\">\r\n      <div class=\"cnt narrow\">\r\n        <div class=\"w-richtext\">\r\n            <h2>SANA<\/h2>\n<h3>Meubles rembourr\u00e9s avec accoudoirs en bois : Design et confort r\u00e9unis<\/h3>\n<p>Les meubles rembourr\u00e9s avec accoudoirs en bois se distinguent par leur design \u00e0 la fois rustique et intemporel et \u00e9l\u00e9gant. Avec des accoudoirs en bois marqu\u00e9s et un rembourrage agr\u00e9able, ces meubles sont un atout pour les \u00e9tablissements de soins, tant sur le plan visuel que fonctionnel. Les accoudoirs l\u00e9g\u00e8rement bomb\u00e9s ne sont pas seulement un point de mire esth\u00e9tique, ils facilitent aussi le fait de s'asseoir et de se lever, ce qui est un avantage d\u00e9cisif, notamment dans les soins aux personnes \u00e2g\u00e9es. La s\u00e9rie SANA comprend des fauteuils, des fauteuils \u00e0 dossier mi-haut et des fauteuils \u00e0 dossier haut, ce qui permet de disposer d'un meuble adapt\u00e9 \u00e0 chaque exigence et \u00e0 chaque go\u00fbt.<\/p>\n<h3>Possibilit\u00e9s d'am\u00e9nagement individuel pour votre \u00e9tablissement de soins<\/h3>\n<p>Un autre point fort des meubles rembourr\u00e9s avec accoudoirs en bois est la possibilit\u00e9 de personnaliser les meubles. Qu'il s'agisse de rev\u00eatements en microfibre, en similicuir ou en cuir v\u00e9ritable, le grand choix de mat\u00e9riaux de rev\u00eatement permet d'adapter parfaitement chaque pi\u00e8ce \u00e0 l'ambiance souhait\u00e9e. Les \u00e9l\u00e9ments en bois peuvent \u00e9galement \u00eatre personnalis\u00e9s. Cela offre aux maisons de soins la flexibilit\u00e9 de cr\u00e9er une atmosph\u00e8re \u00e0 la fois confortable et professionnelle. Les mat\u00e9riaux r\u00e9sistants et les d\u00e9tails en bois robustes assurent en l'occurrence une longue dur\u00e9e de vie, m\u00eame en cas d'utilisation quotidienne. Pour en savoir plus sur les diff\u00e9rents <a href=\"https:\/\/objektmobiliar.ch\/fr\/inspiration\/materiaux-et-couleurs\/\">Mat\u00e9riaux, couleurs et teintes de bois<\/a> vous pouvez \u00e0 tout moment consulter notre site web ou prendre rendez-vous pour un entretien personnel. Nous vous aiderons volontiers \u00e0 trouver la combinaison parfaite pour votre \u00e9tablissement de soins.<\/p>\r\n        <\/div>\r\n      <\/div>\r\n    <\/section><\/div><style class=\"advgb-styles-renderer\">\r\n            .similar-products-nav li {\r\n              overflow: hidden;\r\n              margin: 0px !important;\r\n              flex-grow: 0 !important;\r\n              flex-shrink: 1 !important;\r\n              flex-basis: 12.5% !important;\r\n              border-style: solid;\r\n              border-width: 2px;\r\n              border-color: transparent;\r\n              border-radius: 8px;\r\n              transition-property: border-color;\r\n              transition-duration: 600ms;\r\n              transition-timing-function: ease;\r\n              cursor: pointer;\r\n            }\r\n            .similar-products-nav li.slick-active {\r\n              border-color: #dde7ef;\r\n            }\r\n            @media screen and (max-width:767px) {\r\n              .similar-products-nav li {\r\n                flex-basis: auto !important;\r\n                border-radius: 8px;\r\n                padding-top: 8px;\r\n                padding-right: 16px;\r\n                padding-bottom: 6px;\r\n                padding-left: 16px;\r\n              }\r\n              .similar-products-nav li.slick-active {\r\n                background-color: #dde7ef;\r\n                transition-property: background-color, border-color;\r\n                transition-duration: 600ms, 200ms;\r\n                transition-timing-function: ease, ease;\r\n                color: #426b8a;\r\n              }\r\n            }\r\n          <\/style>","protected":false},"excerpt":{"rendered":"<p>Art. Nr. Beschreibung 220-0300\/S Sana Halbhochlehner 220-0301\/S Sana Hochlehner 220-0302\/S Sana Sessel<\/p>","protected":false},"author":2,"featured_media":4330,"parent":3898,"menu_order":0,"comment_status":"closed","ping_status":"closed","template":"","meta":{"advgb_blocks_editor_width":"","advgb_blocks_columns_visual_guide":"","footnotes":""},"class_list":["post-4329","page","type-page","status-publish","has-post-thumbnail","hentry"],"yoast_head":"<!-- This site is optimized with the Yoast SEO plugin v27.4 - https:\/\/yoast.com\/product\/yoast-seo-wordpress\/ -->\n<title>Polsterm\u00f6bel mit Holzarmlehnen bei OZG<\/title>\n<meta name=\"description\" content=\"Die Polsterm\u00f6bel mit Holzarmlehnen zeichnen sich durch ihr rustikales und zugleich zeitlos elegantes Design aus.\" \/>\n<meta name=\"robots\" content=\"index, follow, max-snippet:-1, max-image-preview:large, max-video-preview:-1\" \/>\n<link rel=\"canonical\" href=\"https:\/\/objektmobiliar.ch\/fr\/meubles\/meubles-rembourres-faciles-a-entretenir\/fauteuils-adaptes-aux-soins\/meubles-rembourres-avec-accoudoirs-en-bois\/\" \/>\n<meta property=\"og:locale\" content=\"fr_FR\" \/>\n<meta property=\"og:type\" content=\"article\" \/>\n<meta property=\"og:title\" content=\"Polsterm\u00f6bel mit Holzarmlehnen bei OZG\" \/>\n<meta property=\"og:description\" content=\"Die Polsterm\u00f6bel mit Holzarmlehnen zeichnen sich durch ihr rustikales und zugleich zeitlos elegantes Design aus.\" \/>\n<meta property=\"og:url\" content=\"https:\/\/objektmobiliar.ch\/fr\/meubles\/meubles-rembourres-faciles-a-entretenir\/fauteuils-adaptes-aux-soins\/meubles-rembourres-avec-accoudoirs-en-bois\/\" \/>\n<meta property=\"og:site_name\" content=\"OZG HEALTHCARE\" \/>\n<meta property=\"article:modified_time\" content=\"2024-09-24T09:11:52+00:00\" \/>\n<meta property=\"og:image\" content=\"https:\/\/objektmobiliar.ch\/wp-content\/uploads\/2024\/09\/sana-sessel-220-0302-s.jpg\" \/>\n\t<meta property=\"og:image:width\" content=\"1000\" \/>\n\t<meta property=\"og:image:height\" content=\"1000\" \/>\n\t<meta property=\"og:image:type\" content=\"image\/jpeg\" \/>\n<meta name=\"twitter:card\" content=\"summary_large_image\" \/>\n<meta name=\"twitter:label1\" content=\"Dur\u00e9e de lecture estim\u00e9e\" \/>\n\t<meta name=\"twitter:data1\" content=\"4 minutes\" \/>\n<script type=\"application\/ld+json\" class=\"yoast-schema-graph\">{\"@context\":\"https:\\\/\\\/schema.org\",\"@graph\":[{\"@type\":\"WebPage\",\"@id\":\"https:\\\/\\\/objektmobiliar.ch\\\/moebel\\\/pflegegerechte-polstermoebel\\\/pflegegerechte-sessel\\\/polstermoebel-mit-holzarmlehnen\\\/\",\"url\":\"https:\\\/\\\/objektmobiliar.ch\\\/moebel\\\/pflegegerechte-polstermoebel\\\/pflegegerechte-sessel\\\/polstermoebel-mit-holzarmlehnen\\\/\",\"name\":\"Polsterm\u00f6bel mit Holzarmlehnen bei OZG\",\"isPartOf\":{\"@id\":\"https:\\\/\\\/objektmobiliar.ch\\\/#website\"},\"primaryImageOfPage\":{\"@id\":\"https:\\\/\\\/objektmobiliar.ch\\\/moebel\\\/pflegegerechte-polstermoebel\\\/pflegegerechte-sessel\\\/polstermoebel-mit-holzarmlehnen\\\/#primaryimage\"},\"image\":{\"@id\":\"https:\\\/\\\/objektmobiliar.ch\\\/moebel\\\/pflegegerechte-polstermoebel\\\/pflegegerechte-sessel\\\/polstermoebel-mit-holzarmlehnen\\\/#primaryimage\"},\"thumbnailUrl\":\"https:\\\/\\\/objektmobiliar.ch\\\/wp-content\\\/uploads\\\/2024\\\/09\\\/sana-sessel-220-0302-s.jpg\",\"datePublished\":\"2024-09-10T18:07:49+00:00\",\"dateModified\":\"2024-09-24T09:11:52+00:00\",\"description\":\"Die Polsterm\u00f6bel mit Holzarmlehnen zeichnen sich durch ihr rustikales und zugleich zeitlos elegantes Design aus.\",\"breadcrumb\":{\"@id\":\"https:\\\/\\\/objektmobiliar.ch\\\/moebel\\\/pflegegerechte-polstermoebel\\\/pflegegerechte-sessel\\\/polstermoebel-mit-holzarmlehnen\\\/#breadcrumb\"},\"inLanguage\":\"fr-FR\",\"potentialAction\":[{\"@type\":\"ReadAction\",\"target\":[\"https:\\\/\\\/objektmobiliar.ch\\\/moebel\\\/pflegegerechte-polstermoebel\\\/pflegegerechte-sessel\\\/polstermoebel-mit-holzarmlehnen\\\/\"]}]},{\"@type\":\"ImageObject\",\"inLanguage\":\"fr-FR\",\"@id\":\"https:\\\/\\\/objektmobiliar.ch\\\/moebel\\\/pflegegerechte-polstermoebel\\\/pflegegerechte-sessel\\\/polstermoebel-mit-holzarmlehnen\\\/#primaryimage\",\"url\":\"https:\\\/\\\/objektmobiliar.ch\\\/wp-content\\\/uploads\\\/2024\\\/09\\\/sana-sessel-220-0302-s.jpg\",\"contentUrl\":\"https:\\\/\\\/objektmobiliar.ch\\\/wp-content\\\/uploads\\\/2024\\\/09\\\/sana-sessel-220-0302-s.jpg\",\"width\":1000,\"height\":1000,\"caption\":\"Polsterm\u00f6bel mit Holzarmlehnen\"},{\"@type\":\"BreadcrumbList\",\"@id\":\"https:\\\/\\\/objektmobiliar.ch\\\/moebel\\\/pflegegerechte-polstermoebel\\\/pflegegerechte-sessel\\\/polstermoebel-mit-holzarmlehnen\\\/#breadcrumb\",\"itemListElement\":[{\"@type\":\"ListItem\",\"position\":1,\"name\":\"Startseite\",\"item\":\"https:\\\/\\\/objektmobiliar.ch\\\/\"},{\"@type\":\"ListItem\",\"position\":2,\"name\":\"M\u00f6bel\",\"item\":\"https:\\\/\\\/objektmobiliar.ch\\\/moebel\\\/\"},{\"@type\":\"ListItem\",\"position\":3,\"name\":\"Polsterm\u00f6bel\",\"item\":\"https:\\\/\\\/objektmobiliar.ch\\\/moebel\\\/pflegegerechte-polstermoebel\\\/\"},{\"@type\":\"ListItem\",\"position\":4,\"name\":\"Sessel\",\"item\":\"https:\\\/\\\/objektmobiliar.ch\\\/moebel\\\/pflegegerechte-polstermoebel\\\/pflegegerechte-sessel\\\/\"},{\"@type\":\"ListItem\",\"position\":5,\"name\":\"Sana Sessel\"}]},{\"@type\":\"WebSite\",\"@id\":\"https:\\\/\\\/objektmobiliar.ch\\\/#website\",\"url\":\"https:\\\/\\\/objektmobiliar.ch\\\/\",\"name\":\"OZG HEALTHCARE\",\"description\":\"Objektmobiliar f\u00fcr Pflege, B\u00fcro, Praxis &amp; Hotellerie\",\"potentialAction\":[{\"@type\":\"SearchAction\",\"target\":{\"@type\":\"EntryPoint\",\"urlTemplate\":\"https:\\\/\\\/objektmobiliar.ch\\\/?s={search_term_string}\"},\"query-input\":{\"@type\":\"PropertyValueSpecification\",\"valueRequired\":true,\"valueName\":\"search_term_string\"}}],\"inLanguage\":\"fr-FR\"}]}<\/script>\n<!-- \/ Yoast SEO plugin. -->","yoast_head_json":{"title":"Meubles rembourr\u00e9s avec accoudoirs en bois chez OZG","description":"Les meubles rembourr\u00e9s avec accoudoirs en bois se distinguent par leur design \u00e0 la fois rustique et intemporel et \u00e9l\u00e9gant.","robots":{"index":"index","follow":"follow","max-snippet":"max-snippet:-1","max-image-preview":"max-image-preview:large","max-video-preview":"max-video-preview:-1"},"canonical":"https:\/\/objektmobiliar.ch\/fr\/meubles\/meubles-rembourres-faciles-a-entretenir\/fauteuils-adaptes-aux-soins\/meubles-rembourres-avec-accoudoirs-en-bois\/","og_locale":"fr_FR","og_type":"article","og_title":"Polsterm\u00f6bel mit Holzarmlehnen bei OZG","og_description":"Die Polsterm\u00f6bel mit Holzarmlehnen zeichnen sich durch ihr rustikales und zugleich zeitlos elegantes Design aus.","og_url":"https:\/\/objektmobiliar.ch\/fr\/meubles\/meubles-rembourres-faciles-a-entretenir\/fauteuils-adaptes-aux-soins\/meubles-rembourres-avec-accoudoirs-en-bois\/","og_site_name":"OZG HEALTHCARE","article_modified_time":"2024-09-24T09:11:52+00:00","og_image":[{"width":1000,"height":1000,"url":"https:\/\/objektmobiliar.ch\/wp-content\/uploads\/2024\/09\/sana-sessel-220-0302-s.jpg","type":"image\/jpeg"}],"twitter_card":"summary_large_image","twitter_misc":{"Dur\u00e9e de lecture estim\u00e9e":"4 minutes"},"schema":{"@context":"https:\/\/schema.org","@graph":[{"@type":"WebPage","@id":"https:\/\/objektmobiliar.ch\/moebel\/pflegegerechte-polstermoebel\/pflegegerechte-sessel\/polstermoebel-mit-holzarmlehnen\/","url":"https:\/\/objektmobiliar.ch\/moebel\/pflegegerechte-polstermoebel\/pflegegerechte-sessel\/polstermoebel-mit-holzarmlehnen\/","name":"Meubles rembourr\u00e9s avec accoudoirs en bois chez OZG","isPartOf":{"@id":"https:\/\/objektmobiliar.ch\/#website"},"primaryImageOfPage":{"@id":"https:\/\/objektmobiliar.ch\/moebel\/pflegegerechte-polstermoebel\/pflegegerechte-sessel\/polstermoebel-mit-holzarmlehnen\/#primaryimage"},"image":{"@id":"https:\/\/objektmobiliar.ch\/moebel\/pflegegerechte-polstermoebel\/pflegegerechte-sessel\/polstermoebel-mit-holzarmlehnen\/#primaryimage"},"thumbnailUrl":"https:\/\/objektmobiliar.ch\/wp-content\/uploads\/2024\/09\/sana-sessel-220-0302-s.jpg","datePublished":"2024-09-10T18:07:49+00:00","dateModified":"2024-09-24T09:11:52+00:00","description":"Les meubles rembourr\u00e9s avec accoudoirs en bois se distinguent par leur design \u00e0 la fois rustique et intemporel et \u00e9l\u00e9gant.","breadcrumb":{"@id":"https:\/\/objektmobiliar.ch\/moebel\/pflegegerechte-polstermoebel\/pflegegerechte-sessel\/polstermoebel-mit-holzarmlehnen\/#breadcrumb"},"inLanguage":"fr-FR","potentialAction":[{"@type":"ReadAction","target":["https:\/\/objektmobiliar.ch\/moebel\/pflegegerechte-polstermoebel\/pflegegerechte-sessel\/polstermoebel-mit-holzarmlehnen\/"]}]},{"@type":"ImageObject","inLanguage":"fr-FR","@id":"https:\/\/objektmobiliar.ch\/moebel\/pflegegerechte-polstermoebel\/pflegegerechte-sessel\/polstermoebel-mit-holzarmlehnen\/#primaryimage","url":"https:\/\/objektmobiliar.ch\/wp-content\/uploads\/2024\/09\/sana-sessel-220-0302-s.jpg","contentUrl":"https:\/\/objektmobiliar.ch\/wp-content\/uploads\/2024\/09\/sana-sessel-220-0302-s.jpg","width":1000,"height":1000,"caption":"Polsterm\u00f6bel mit Holzarmlehnen"},{"@type":"BreadcrumbList","@id":"https:\/\/objektmobiliar.ch\/moebel\/pflegegerechte-polstermoebel\/pflegegerechte-sessel\/polstermoebel-mit-holzarmlehnen\/#breadcrumb","itemListElement":[{"@type":"ListItem","position":1,"name":"Startseite","item":"https:\/\/objektmobiliar.ch\/"},{"@type":"ListItem","position":2,"name":"M\u00f6bel","item":"https:\/\/objektmobiliar.ch\/moebel\/"},{"@type":"ListItem","position":3,"name":"Polsterm\u00f6bel","item":"https:\/\/objektmobiliar.ch\/moebel\/pflegegerechte-polstermoebel\/"},{"@type":"ListItem","position":4,"name":"Sessel","item":"https:\/\/objektmobiliar.ch\/moebel\/pflegegerechte-polstermoebel\/pflegegerechte-sessel\/"},{"@type":"ListItem","position":5,"name":"Sana Sessel"}]},{"@type":"WebSite","@id":"https:\/\/objektmobiliar.ch\/#website","url":"https:\/\/objektmobiliar.ch\/","name":"OZG HEALTHCARE","description":"Mobilier de collectivit\u00e9 pour les soins, les bureaux, les cabinets m\u00e9dicaux et l'h\u00f4tellerie","potentialAction":[{"@type":"SearchAction","target":{"@type":"EntryPoint","urlTemplate":"https:\/\/objektmobiliar.ch\/?s={search_term_string}"},"query-input":{"@type":"PropertyValueSpecification","valueRequired":true,"valueName":"search_term_string"}}],"inLanguage":"fr-FR"}]}},"coauthors":[],"author_meta":{"author_link":"https:\/\/objektmobiliar.ch\/fr\/author\/alex\/","display_name":"Alex"},"relative_dates":{"created":"Publi\u00e9 2 ans il y a","modified":"Mis \u00e0 jour 2 ans il y a"},"absolute_dates":{"created":"Publi\u00e9 le septembre 10, 2024","modified":"Mise \u00e0 jour le septembre 24, 2024"},"absolute_dates_time":{"created":"Publi\u00e9 le septembre 10, 2024 6:07 pm","modified":"Mise \u00e0 jour le septembre 24, 2024 9:11 am"},"featured_img_caption":"","featured_img":"https:\/\/objektmobiliar.ch\/wp-content\/uploads\/2024\/09\/sana-sessel-220-0302-s-825x510.jpg","series_order":"","_links":{"self":[{"href":"https:\/\/objektmobiliar.ch\/fr\/wp-json\/wp\/v2\/pages\/4329","targetHints":{"allow":["GET"]}}],"collection":[{"href":"https:\/\/objektmobiliar.ch\/fr\/wp-json\/wp\/v2\/pages"}],"about":[{"href":"https:\/\/objektmobiliar.ch\/fr\/wp-json\/wp\/v2\/types\/page"}],"author":[{"embeddable":true,"href":"https:\/\/objektmobiliar.ch\/fr\/wp-json\/wp\/v2\/users\/2"}],"replies":[{"embeddable":true,"href":"https:\/\/objektmobiliar.ch\/fr\/wp-json\/wp\/v2\/comments?post=4329"}],"version-history":[{"count":7,"href":"https:\/\/objektmobiliar.ch\/fr\/wp-json\/wp\/v2\/pages\/4329\/revisions"}],"predecessor-version":[{"id":4656,"href":"https:\/\/objektmobiliar.ch\/fr\/wp-json\/wp\/v2\/pages\/4329\/revisions\/4656"}],"up":[{"embeddable":true,"href":"https:\/\/objektmobiliar.ch\/fr\/wp-json\/wp\/v2\/pages\/3898"}],"wp:featuredmedia":[{"embeddable":true,"href":"https:\/\/objektmobiliar.ch\/fr\/wp-json\/wp\/v2\/media\/4330"}],"wp:attachment":[{"href":"https:\/\/objektmobiliar.ch\/fr\/wp-json\/wp\/v2\/media?parent=4329"}],"curies":[{"name":"wp","href":"https:\/\/api.w.org\/{rel}","templated":true}]}}