{"id":4322,"date":"2024-09-10T17:53:58","date_gmt":"2024-09-10T17:53:58","guid":{"rendered":"https:\/\/objektmobiliar.ch\/?page_id=4322"},"modified":"2024-09-24T09:08:17","modified_gmt":"2024-09-24T09:08:17","slug":"chaise-classique-pour-salle-a-manger","status":"publish","type":"page","link":"https:\/\/objektmobiliar.ch\/fr\/moebel\/pflegegerechte-stuehle\/klassischer-stuhl-fuer-esszimmer\/","title":{"rendered":"Miranda Chaise"},"content":{"rendered":"<div class=\"lazyblock-produkt-detail-ozg-2idsqq wp-block-lazyblock-produkt-detail-ozg\"><section class=\"sct\">\r\n      <div class=\"cnt\">\r\n        <div class=\"elmnt-product-desc\">\r\n          <div class=\"product-desc-box\"><img decoding=\"async\" src=\"https:\/\/objektmobiliar.ch\/wp-content\/uploads\/2024\/09\/miranda-stuhl-200-0800-s.jpg\" loading=\"lazy\" alt=\"\" class=\"product-desc-img\"><\/div>\r\n          <div class=\"product-desc-txt\">\r\n            <h1 class=\"txt-product-headline\">Miranda<\/h1>\r\n            <h2 class=\"txt-product-subline\">Chaise classique pour salle \u00e0 manger<\/h2>\r\n            <div class=\"w-richtext\">\r\n              <p>MIRANDA est une chaise classique pour les salles \u00e0 manger ou les salles polyvalentes des maisons de soins. Elle se distingue par son style minimaliste et son design rectiligne et sans fioritures. Jusqu'\u00e0 cinq chaises peuvent \u00eatre empil\u00e9es pour gagner de la place. MIRANDA est disponible sans ou avec accoudoirs. Le cadre est livr\u00e9 laqu\u00e9 naturel ou teint\u00e9 dans la couleur de votre choix.<\/p>\r\n            <\/div>\r\n            <a onclick=\"splite_loader();\" class=\"btn\">Demander un produit<\/a>\r\n          <\/div>\r\n        <\/div>\r\n      <\/div>\r\n    <\/section><\/div>\n\n<div class=\"lazyblock-produkt-slider-ozg-Z1Tq8Lp wp-block-lazyblock-produkt-slider-ozg\"><section class=\"sct\">\r\n  <div class=\"cnt semi\">\r\n    <div class=\"intro-txt\">\r\n        <h2>Mod\u00e8les et versions<\/h2>\r\n    <\/div>\r\n    \r\n    <div class=\"elmnt-similar-products\">\r\n      <div class=\"similar-product\"><img decoding=\"async\" src=\"https:\/\/objektmobiliar.ch\/wp-content\/uploads\/2024\/09\/miranda-stuhl-200-0800-s-front.jpg\" loading=\"eager\" alt=\"\" class=\"similar-product-img\">\r\n        <div class=\"center\">\r\n          <div class=\"w-richtext\">\r\n            <p><strong>Miranda, sans accoudoirs<\/strong><br>200-0800\/S<\/p>\r\n          <\/div>\r\n          \r\n        <\/div>\r\n      <\/div>\r\n      <div class=\"similar-product\"><img decoding=\"async\" src=\"https:\/\/objektmobiliar.ch\/wp-content\/uploads\/2024\/09\/miranda-stuhl-200-0800-s-seite.jpg\" loading=\"eager\" alt=\"\" class=\"similar-product-img\">\r\n        <div class=\"center\">\r\n          <div class=\"w-richtext\">\r\n            <p><strong>Miranda, sans accoudoirs<\/strong><br>200-0800\/S<\/p>\r\n          <\/div>\r\n          \r\n        <\/div>\r\n      <\/div>\r\n      <div class=\"similar-product\"><img decoding=\"async\" src=\"https:\/\/objektmobiliar.ch\/wp-content\/uploads\/2024\/09\/miranda-stuhl-200-0800-s-profil.jpg\" loading=\"eager\" alt=\"\" class=\"similar-product-img\">\r\n        <div class=\"center\">\r\n          <div class=\"w-richtext\">\r\n            <p><strong>Miranda, sans accoudoirs<\/strong><br>200-0800\/S<\/p>\r\n          <\/div>\r\n          \r\n        <\/div>\r\n      <\/div>\r\n      <div class=\"similar-product\"><img decoding=\"async\" src=\"https:\/\/objektmobiliar.ch\/wp-content\/uploads\/2024\/09\/miranda-stuhl-200-0810-s.jpg\" loading=\"eager\" alt=\"\" class=\"similar-product-img\">\r\n        <div class=\"center\">\r\n          <div class=\"w-richtext\">\r\n            <p><strong>Miranda, avec accoudoirs<\/strong><br>200-0810\/S<\/p>\r\n          <\/div>\r\n          \r\n        <\/div>\r\n      <\/div>\r\n    <\/div>\r\n  <\/div>\r\n  \r\n  <div class=\"cnt narrow\">\r\n    <div class=\"similar-products-nav-pos\">\r\n      <div class=\"w-embed\">\r\n        \r\n      <\/div>\r\n    <\/div>\r\n  <\/div>\r\n<\/section><\/div>\n\n\n<div class=\"wp-block-group\"><div class=\"wp-block-group__inner-container is-layout-constrained wp-block-group-is-layout-constrained\"><section class=\"sct\">\r\n      <div class=\"cnt narrow\">\r\n        <div class=\"introtxt\">\r\n        <div class=\"w-richtext\">\r\n            <h2>MIRANDA - Chaise classique pour salle \u00e0 manger<\/h2>\r\n        <\/div>\r\n        <\/div>\r\n        \r\n          \n\n\n<figure class=\"wp-block-table is-style-regular\"><table><thead><tr><th>Art. No.<\/th><th>Description<\/th><\/tr><\/thead><tbody><tr><td>200-0800\/S<\/td><td>Miranda, sans accoudoirs<\/td><\/tr><tr><td>200-0810\/S<\/td><td>Miranda, avec accoudoirs<\/td><\/tr><\/tbody><\/table><\/figure>\n\n\n<\/div><\/section><\/div><\/div>\n\n\n<div class=\"lazyblock-text-modul-ozg-1QJ3ti wp-block-lazyblock-text-modul-ozg\"><section class=\"sct\">\r\n      <div class=\"cnt narrow\">\r\n        <div class=\"w-richtext\">\r\n            <h3>Chaise classique pour salles \u00e0 manger et maisons de soins : MIRANDA<\/h3>\n<p>La chaise MIRANDA est le choix id\u00e9al pour les salles \u00e0 manger ou les salles multifonctionnelles des \u00e9tablissements de soins. Son design minimaliste lui conf\u00e8re une esth\u00e9tique intemporelle et \u00e9pur\u00e9e qui s'int\u00e8gre sans peine dans diff\u00e9rents concepts d'espace. Gr\u00e2ce \u00e0 sa forme sobre, la chaise est non seulement fonctionnelle, mais aussi extr\u00eamement flexible. Particuli\u00e8rement pratique : jusqu'\u00e0 cinq chaises peuvent \u00eatre empil\u00e9es, ce qui permet d'\u00e9conomiser un espace pr\u00e9cieux - id\u00e9al pour les \u00e9tablissements o\u00f9 l'espace est limit\u00e9. Vous avez le choix entre une version sans accoudoirs, qui offre une plus grande libert\u00e9 de mouvement, ou une version avec accoudoirs pour un confort et un soutien suppl\u00e9mentaires. La MIRANDA s'adapte ainsi parfaitement aux diff\u00e9rents besoins.<\/p>\n<h3>Chaise personnalisable pour les \u00e9tablissements de soins : MIRANDA<\/h3>\n<p>Le cadre robuste de la chaise MIRANDA est en bois de qualit\u00e9 sup\u00e9rieure, livr\u00e9 soit en vernis naturel, soit teint\u00e9 dans la couleur de votre choix, afin de s'int\u00e9grer parfaitement \u00e0 tout type d'int\u00e9rieur. Qu'il s'agisse d'un aspect bois naturel ou d'accents color\u00e9s, la chaise offre de multiples possibilit\u00e9s d'am\u00e9nagement. Dans sa version standard, elle est propos\u00e9e sans rembourrage, ce qui la rend particuli\u00e8rement facile d'entretien et hygi\u00e9nique - id\u00e9ale pour les environnements de soins exigeants. Les mat\u00e9riaux durables et l'\u00e9l\u00e9gance sobre soulignent le style classique de la chaise. Informations d\u00e9taill\u00e9es sur d'autres <a href=\"https:\/\/objektmobiliar.ch\/fr\/inspiration\/materiaux-et-couleurs\/\">Mat\u00e9riaux et couleurs<\/a> sur notre site web ou sur demande.<\/p>\r\n        <\/div>\r\n      <\/div>\r\n    <\/section><\/div><style class=\"advgb-styles-renderer\">\r\n            .similar-products-nav li {\r\n              overflow: hidden;\r\n              margin: 0px !important;\r\n              flex-grow: 0 !important;\r\n              flex-shrink: 1 !important;\r\n              flex-basis: 12.5% !important;\r\n              border-style: solid;\r\n              border-width: 2px;\r\n              border-color: transparent;\r\n              border-radius: 8px;\r\n              transition-property: border-color;\r\n              transition-duration: 600ms;\r\n              transition-timing-function: ease;\r\n              cursor: pointer;\r\n            }\r\n            .similar-products-nav li.slick-active {\r\n              border-color: #dde7ef;\r\n            }\r\n            @media screen and (max-width:767px) {\r\n              .similar-products-nav li {\r\n                flex-basis: auto !important;\r\n                border-radius: 8px;\r\n                padding-top: 8px;\r\n                padding-right: 16px;\r\n                padding-bottom: 6px;\r\n                padding-left: 16px;\r\n              }\r\n              .similar-products-nav li.slick-active {\r\n                background-color: #dde7ef;\r\n                transition-property: background-color, border-color;\r\n                transition-duration: 600ms, 200ms;\r\n                transition-timing-function: ease, ease;\r\n                color: #426b8a;\r\n              }\r\n            }\r\n          <\/style>","protected":false},"excerpt":{"rendered":"<p>Art. Nr. Beschreibung 200-0800\/S Miranda, ohne Armlehnen 200-0810\/S Miranda, mit Armlehnen<\/p>","protected":false},"author":2,"featured_media":4323,"parent":544,"menu_order":0,"comment_status":"closed","ping_status":"closed","template":"","meta":{"advgb_blocks_editor_width":"","advgb_blocks_columns_visual_guide":"","footnotes":""},"class_list":["post-4322","page","type-page","status-publish","has-post-thumbnail","hentry"],"yoast_head":"<!-- This site is optimized with the Yoast SEO plugin v27.4 - https:\/\/yoast.com\/product\/yoast-seo-wordpress\/ -->\n<title>Klassischer Stuhl f\u00fcr Esszimmer bei OZG<\/title>\n<meta name=\"description\" content=\"Miranda, ein klassischer Stuhl f\u00fcr Esszimmer ist die ideale Wahl f\u00fcr Esszimmer oder Mehrzweckr\u00e4ume in Pflegeheimen.\" \/>\n<meta name=\"robots\" content=\"index, follow, max-snippet:-1, max-image-preview:large, max-video-preview:-1\" \/>\n<link rel=\"canonical\" href=\"https:\/\/objektmobiliar.ch\/fr\/meubles\/chaises-adaptees-aux-soins\/chaise-classique-pour-salle-a-manger\/\" \/>\n<meta property=\"og:locale\" content=\"fr_FR\" \/>\n<meta property=\"og:type\" content=\"article\" \/>\n<meta property=\"og:title\" content=\"Klassischer Stuhl f\u00fcr Esszimmer bei OZG\" \/>\n<meta property=\"og:description\" content=\"Miranda, ein klassischer Stuhl f\u00fcr Esszimmer ist die ideale Wahl f\u00fcr Esszimmer oder Mehrzweckr\u00e4ume in Pflegeheimen.\" \/>\n<meta property=\"og:url\" content=\"https:\/\/objektmobiliar.ch\/fr\/meubles\/chaises-adaptees-aux-soins\/chaise-classique-pour-salle-a-manger\/\" \/>\n<meta property=\"og:site_name\" content=\"OZG HEALTHCARE\" \/>\n<meta property=\"article:modified_time\" content=\"2024-09-24T09:08:17+00:00\" \/>\n<meta property=\"og:image\" content=\"https:\/\/objektmobiliar.ch\/wp-content\/uploads\/2024\/09\/miranda-stuhl-200-0800-s.jpg\" \/>\n\t<meta property=\"og:image:width\" content=\"1000\" \/>\n\t<meta property=\"og:image:height\" content=\"1000\" \/>\n\t<meta property=\"og:image:type\" content=\"image\/jpeg\" \/>\n<meta name=\"twitter:card\" content=\"summary_large_image\" \/>\n<meta name=\"twitter:label1\" content=\"Dur\u00e9e de lecture estim\u00e9e\" \/>\n\t<meta name=\"twitter:data1\" content=\"3 minutes\" \/>\n<script type=\"application\/ld+json\" class=\"yoast-schema-graph\">{\"@context\":\"https:\\\/\\\/schema.org\",\"@graph\":[{\"@type\":\"WebPage\",\"@id\":\"https:\\\/\\\/objektmobiliar.ch\\\/moebel\\\/pflegegerechte-stuehle\\\/klassischer-stuhl-fuer-esszimmer\\\/\",\"url\":\"https:\\\/\\\/objektmobiliar.ch\\\/moebel\\\/pflegegerechte-stuehle\\\/klassischer-stuhl-fuer-esszimmer\\\/\",\"name\":\"Klassischer Stuhl f\u00fcr Esszimmer bei OZG\",\"isPartOf\":{\"@id\":\"https:\\\/\\\/objektmobiliar.ch\\\/#website\"},\"primaryImageOfPage\":{\"@id\":\"https:\\\/\\\/objektmobiliar.ch\\\/moebel\\\/pflegegerechte-stuehle\\\/klassischer-stuhl-fuer-esszimmer\\\/#primaryimage\"},\"image\":{\"@id\":\"https:\\\/\\\/objektmobiliar.ch\\\/moebel\\\/pflegegerechte-stuehle\\\/klassischer-stuhl-fuer-esszimmer\\\/#primaryimage\"},\"thumbnailUrl\":\"https:\\\/\\\/objektmobiliar.ch\\\/wp-content\\\/uploads\\\/2024\\\/09\\\/miranda-stuhl-200-0800-s.jpg\",\"datePublished\":\"2024-09-10T17:53:58+00:00\",\"dateModified\":\"2024-09-24T09:08:17+00:00\",\"description\":\"Miranda, ein klassischer Stuhl f\u00fcr Esszimmer ist die ideale Wahl f\u00fcr Esszimmer oder Mehrzweckr\u00e4ume in Pflegeheimen.\",\"breadcrumb\":{\"@id\":\"https:\\\/\\\/objektmobiliar.ch\\\/moebel\\\/pflegegerechte-stuehle\\\/klassischer-stuhl-fuer-esszimmer\\\/#breadcrumb\"},\"inLanguage\":\"fr-FR\",\"potentialAction\":[{\"@type\":\"ReadAction\",\"target\":[\"https:\\\/\\\/objektmobiliar.ch\\\/moebel\\\/pflegegerechte-stuehle\\\/klassischer-stuhl-fuer-esszimmer\\\/\"]}]},{\"@type\":\"ImageObject\",\"inLanguage\":\"fr-FR\",\"@id\":\"https:\\\/\\\/objektmobiliar.ch\\\/moebel\\\/pflegegerechte-stuehle\\\/klassischer-stuhl-fuer-esszimmer\\\/#primaryimage\",\"url\":\"https:\\\/\\\/objektmobiliar.ch\\\/wp-content\\\/uploads\\\/2024\\\/09\\\/miranda-stuhl-200-0800-s.jpg\",\"contentUrl\":\"https:\\\/\\\/objektmobiliar.ch\\\/wp-content\\\/uploads\\\/2024\\\/09\\\/miranda-stuhl-200-0800-s.jpg\",\"width\":1000,\"height\":1000,\"caption\":\"Klassischer Stuhl f\u00fcr Esszimmer\"},{\"@type\":\"BreadcrumbList\",\"@id\":\"https:\\\/\\\/objektmobiliar.ch\\\/moebel\\\/pflegegerechte-stuehle\\\/klassischer-stuhl-fuer-esszimmer\\\/#breadcrumb\",\"itemListElement\":[{\"@type\":\"ListItem\",\"position\":1,\"name\":\"Startseite\",\"item\":\"https:\\\/\\\/objektmobiliar.ch\\\/\"},{\"@type\":\"ListItem\",\"position\":2,\"name\":\"M\u00f6bel\",\"item\":\"https:\\\/\\\/objektmobiliar.ch\\\/moebel\\\/\"},{\"@type\":\"ListItem\",\"position\":3,\"name\":\"St\u00fchle\",\"item\":\"https:\\\/\\\/objektmobiliar.ch\\\/moebel\\\/pflegegerechte-stuehle\\\/\"},{\"@type\":\"ListItem\",\"position\":4,\"name\":\"Miranda Stuhl\"}]},{\"@type\":\"WebSite\",\"@id\":\"https:\\\/\\\/objektmobiliar.ch\\\/#website\",\"url\":\"https:\\\/\\\/objektmobiliar.ch\\\/\",\"name\":\"OZG HEALTHCARE\",\"description\":\"Objektmobiliar f\u00fcr Pflege, B\u00fcro, Praxis &amp; Hotellerie\",\"potentialAction\":[{\"@type\":\"SearchAction\",\"target\":{\"@type\":\"EntryPoint\",\"urlTemplate\":\"https:\\\/\\\/objektmobiliar.ch\\\/?s={search_term_string}\"},\"query-input\":{\"@type\":\"PropertyValueSpecification\",\"valueRequired\":true,\"valueName\":\"search_term_string\"}}],\"inLanguage\":\"fr-FR\"}]}<\/script>\n<!-- \/ Yoast SEO plugin. -->","yoast_head_json":{"title":"Chaise classique pour salle \u00e0 manger chez OZG","description":"Miranda, une chaise classique pour salle \u00e0 manger, est le choix id\u00e9al pour les salles \u00e0 manger ou les salles polyvalentes des maisons de soins.","robots":{"index":"index","follow":"follow","max-snippet":"max-snippet:-1","max-image-preview":"max-image-preview:large","max-video-preview":"max-video-preview:-1"},"canonical":"https:\/\/objektmobiliar.ch\/fr\/meubles\/chaises-adaptees-aux-soins\/chaise-classique-pour-salle-a-manger\/","og_locale":"fr_FR","og_type":"article","og_title":"Klassischer Stuhl f\u00fcr Esszimmer bei OZG","og_description":"Miranda, ein klassischer Stuhl f\u00fcr Esszimmer ist die ideale Wahl f\u00fcr Esszimmer oder Mehrzweckr\u00e4ume in Pflegeheimen.","og_url":"https:\/\/objektmobiliar.ch\/fr\/meubles\/chaises-adaptees-aux-soins\/chaise-classique-pour-salle-a-manger\/","og_site_name":"OZG HEALTHCARE","article_modified_time":"2024-09-24T09:08:17+00:00","og_image":[{"width":1000,"height":1000,"url":"https:\/\/objektmobiliar.ch\/wp-content\/uploads\/2024\/09\/miranda-stuhl-200-0800-s.jpg","type":"image\/jpeg"}],"twitter_card":"summary_large_image","twitter_misc":{"Dur\u00e9e de lecture estim\u00e9e":"3 minutes"},"schema":{"@context":"https:\/\/schema.org","@graph":[{"@type":"WebPage","@id":"https:\/\/objektmobiliar.ch\/moebel\/pflegegerechte-stuehle\/klassischer-stuhl-fuer-esszimmer\/","url":"https:\/\/objektmobiliar.ch\/moebel\/pflegegerechte-stuehle\/klassischer-stuhl-fuer-esszimmer\/","name":"Chaise classique pour salle \u00e0 manger chez OZG","isPartOf":{"@id":"https:\/\/objektmobiliar.ch\/#website"},"primaryImageOfPage":{"@id":"https:\/\/objektmobiliar.ch\/moebel\/pflegegerechte-stuehle\/klassischer-stuhl-fuer-esszimmer\/#primaryimage"},"image":{"@id":"https:\/\/objektmobiliar.ch\/moebel\/pflegegerechte-stuehle\/klassischer-stuhl-fuer-esszimmer\/#primaryimage"},"thumbnailUrl":"https:\/\/objektmobiliar.ch\/wp-content\/uploads\/2024\/09\/miranda-stuhl-200-0800-s.jpg","datePublished":"2024-09-10T17:53:58+00:00","dateModified":"2024-09-24T09:08:17+00:00","description":"Miranda, une chaise classique pour salle \u00e0 manger, est le choix id\u00e9al pour les salles \u00e0 manger ou les salles polyvalentes des maisons de soins.","breadcrumb":{"@id":"https:\/\/objektmobiliar.ch\/moebel\/pflegegerechte-stuehle\/klassischer-stuhl-fuer-esszimmer\/#breadcrumb"},"inLanguage":"fr-FR","potentialAction":[{"@type":"ReadAction","target":["https:\/\/objektmobiliar.ch\/moebel\/pflegegerechte-stuehle\/klassischer-stuhl-fuer-esszimmer\/"]}]},{"@type":"ImageObject","inLanguage":"fr-FR","@id":"https:\/\/objektmobiliar.ch\/moebel\/pflegegerechte-stuehle\/klassischer-stuhl-fuer-esszimmer\/#primaryimage","url":"https:\/\/objektmobiliar.ch\/wp-content\/uploads\/2024\/09\/miranda-stuhl-200-0800-s.jpg","contentUrl":"https:\/\/objektmobiliar.ch\/wp-content\/uploads\/2024\/09\/miranda-stuhl-200-0800-s.jpg","width":1000,"height":1000,"caption":"Klassischer Stuhl f\u00fcr Esszimmer"},{"@type":"BreadcrumbList","@id":"https:\/\/objektmobiliar.ch\/moebel\/pflegegerechte-stuehle\/klassischer-stuhl-fuer-esszimmer\/#breadcrumb","itemListElement":[{"@type":"ListItem","position":1,"name":"Startseite","item":"https:\/\/objektmobiliar.ch\/"},{"@type":"ListItem","position":2,"name":"M\u00f6bel","item":"https:\/\/objektmobiliar.ch\/moebel\/"},{"@type":"ListItem","position":3,"name":"St\u00fchle","item":"https:\/\/objektmobiliar.ch\/moebel\/pflegegerechte-stuehle\/"},{"@type":"ListItem","position":4,"name":"Miranda Stuhl"}]},{"@type":"WebSite","@id":"https:\/\/objektmobiliar.ch\/#website","url":"https:\/\/objektmobiliar.ch\/","name":"OZG HEALTHCARE","description":"Mobilier de collectivit\u00e9 pour les soins, les bureaux, les cabinets m\u00e9dicaux et l'h\u00f4tellerie","potentialAction":[{"@type":"SearchAction","target":{"@type":"EntryPoint","urlTemplate":"https:\/\/objektmobiliar.ch\/?s={search_term_string}"},"query-input":{"@type":"PropertyValueSpecification","valueRequired":true,"valueName":"search_term_string"}}],"inLanguage":"fr-FR"}]}},"coauthors":[],"author_meta":{"author_link":"https:\/\/objektmobiliar.ch\/fr\/author\/alex\/","display_name":"Alex"},"relative_dates":{"created":"Publi\u00e9 2 ans il y a","modified":"Mis \u00e0 jour 2 ans il y a"},"absolute_dates":{"created":"Publi\u00e9 le septembre 10, 2024","modified":"Mise \u00e0 jour le septembre 24, 2024"},"absolute_dates_time":{"created":"Publi\u00e9 le septembre 10, 2024 5:53 pm","modified":"Mise \u00e0 jour le septembre 24, 2024 9:08 am"},"featured_img_caption":"Klassischer Stuhl f\u00fcr Esszimmer","featured_img":"https:\/\/objektmobiliar.ch\/wp-content\/uploads\/2024\/09\/miranda-stuhl-200-0800-s-825x510.jpg","series_order":"","_links":{"self":[{"href":"https:\/\/objektmobiliar.ch\/fr\/wp-json\/wp\/v2\/pages\/4322","targetHints":{"allow":["GET"]}}],"collection":[{"href":"https:\/\/objektmobiliar.ch\/fr\/wp-json\/wp\/v2\/pages"}],"about":[{"href":"https:\/\/objektmobiliar.ch\/fr\/wp-json\/wp\/v2\/types\/page"}],"author":[{"embeddable":true,"href":"https:\/\/objektmobiliar.ch\/fr\/wp-json\/wp\/v2\/users\/2"}],"replies":[{"embeddable":true,"href":"https:\/\/objektmobiliar.ch\/fr\/wp-json\/wp\/v2\/comments?post=4322"}],"version-history":[{"count":12,"href":"https:\/\/objektmobiliar.ch\/fr\/wp-json\/wp\/v2\/pages\/4322\/revisions"}],"predecessor-version":[{"id":4654,"href":"https:\/\/objektmobiliar.ch\/fr\/wp-json\/wp\/v2\/pages\/4322\/revisions\/4654"}],"up":[{"embeddable":true,"href":"https:\/\/objektmobiliar.ch\/fr\/wp-json\/wp\/v2\/pages\/544"}],"wp:featuredmedia":[{"embeddable":true,"href":"https:\/\/objektmobiliar.ch\/fr\/wp-json\/wp\/v2\/media\/4323"}],"wp:attachment":[{"href":"https:\/\/objektmobiliar.ch\/fr\/wp-json\/wp\/v2\/media?parent=4322"}],"curies":[{"name":"wp","href":"https:\/\/api.w.org\/{rel}","templated":true}]}}