{"id":4316,"date":"2024-09-10T17:36:14","date_gmt":"2024-09-10T17:36:14","guid":{"rendered":"https:\/\/objektmobiliar.ch\/?page_id=4316"},"modified":"2024-09-16T16:01:23","modified_gmt":"2024-09-16T16:01:23","slug":"fauteuil-a-oreilles-extravagant-pour-maisons-de-repos","status":"publish","type":"page","link":"https:\/\/objektmobiliar.ch\/fr\/moebel\/pflegegerechte-polstermoebel\/pflegegerechte-sessel\/extravaganter-ohrensessel-fuer-pflegeheime\/","title":{"rendered":"Toulouse Fauteuil"},"content":{"rendered":"<div class=\"lazyblock-produkt-detail-ozg-2idsqq wp-block-lazyblock-produkt-detail-ozg\"><section class=\"sct\">\r\n      <div class=\"cnt\">\r\n        <div class=\"elmnt-product-desc\">\r\n          <div class=\"product-desc-box\"><img decoding=\"async\" src=\"https:\/\/objektmobiliar.ch\/wp-content\/uploads\/2024\/09\/toulouse-sessel-220-0291-s.jpg\" loading=\"lazy\" alt=\"\" class=\"product-desc-img\"><\/div>\r\n          <div class=\"product-desc-txt\">\r\n            <h1 class=\"txt-product-headline\">Toulouse<\/h1>\r\n            <h2 class=\"txt-product-subline\">Fauteuil \u00e0 oreilles extravagant pour les maisons de soins<\/h2>\r\n            <div class=\"w-richtext\">\r\n              <p>TOULOUSE est un fauteuil \u00e0 oreilles extravagant pour les maisons de soins - disponible avec ou sans appuie-t\u00eate. Il se caract\u00e9rise par un design particuli\u00e8rement marqu\u00e9 des oreilles et des accoudoirs \u00e9l\u00e9gamment galb\u00e9s. La transition harmonieuse entre le mat\u00e9riau de rev\u00eatement et les pieds du fauteuil est \u00e9galement int\u00e9ressante. L'extr\u00e9mit\u00e9 arri\u00e8re de l'appuie-t\u00eate pr\u00e9sente en outre un d\u00e9tail en bois captivant. Vous pouvez configurer les mat\u00e9riaux de rev\u00eatement, les couleurs et les teintes de bois selon vos besoins.<\/p>\r\n            <\/div>\r\n            <a onclick=\"splite_loader();\" class=\"btn\">Demander un produit<\/a>\r\n          <\/div>\r\n        <\/div>\r\n      <\/div>\r\n    <\/section><\/div>\n\n<div class=\"lazyblock-produkt-slider-ozg-Z1Tq8Lp wp-block-lazyblock-produkt-slider-ozg\"><section class=\"sct\">\r\n  <div class=\"cnt semi\">\r\n    <div class=\"intro-txt\">\r\n        <h2>Mod\u00e8les et versions<\/h2>\r\n    <\/div>\r\n    \r\n    <div class=\"elmnt-similar-products\">\r\n      <div class=\"similar-product\"><img decoding=\"async\" src=\"https:\/\/objektmobiliar.ch\/wp-content\/uploads\/2024\/09\/toulouse-sessel-220-0291-s-front.jpg\" loading=\"eager\" alt=\"\" class=\"similar-product-img\">\r\n        <div class=\"center\">\r\n          <div class=\"w-richtext\">\r\n            <p><strong>Toulouse Fauteuil \u00e0 oreilles avec appuie-t\u00eate<\/strong><br>220-0291\/S<\/p>\r\n          <\/div>\r\n          \r\n        <\/div>\r\n      <\/div>\r\n      <div class=\"similar-product\"><img decoding=\"async\" src=\"https:\/\/objektmobiliar.ch\/wp-content\/uploads\/2024\/09\/toulouse-sessel-220-0291-s-seite.jpg\" loading=\"eager\" alt=\"\" class=\"similar-product-img\">\r\n        <div class=\"center\">\r\n          <div class=\"w-richtext\">\r\n            <p><strong>Toulouse Fauteuil \u00e0 oreilles avec appuie-t\u00eate<\/strong><br>220-0291\/S<\/p>\r\n          <\/div>\r\n          \r\n        <\/div>\r\n      <\/div>\r\n      <div class=\"similar-product\"><img decoding=\"async\" src=\"https:\/\/objektmobiliar.ch\/wp-content\/uploads\/2024\/09\/toulouse-sessel-220-0291-s-rueckseite.jpg\" loading=\"eager\" alt=\"\" class=\"similar-product-img\">\r\n        <div class=\"center\">\r\n          <div class=\"w-richtext\">\r\n            <p><strong>Toulouse Fauteuil \u00e0 oreilles avec appuie-t\u00eate<\/strong><br>220-0291\/S<\/p>\r\n          <\/div>\r\n          \r\n        <\/div>\r\n      <\/div>\r\n    <\/div>\r\n  <\/div>\r\n  \r\n  <div class=\"cnt narrow\">\r\n    <div class=\"similar-products-nav-pos\">\r\n      <div class=\"w-embed\">\r\n        \r\n      <\/div>\r\n    <\/div>\r\n  <\/div>\r\n<\/section><\/div>\n\n\n<div class=\"wp-block-group\"><div class=\"wp-block-group__inner-container is-layout-constrained wp-block-group-is-layout-constrained\"><section class=\"sct\">\r\n      <div class=\"cnt narrow\">\r\n        <div class=\"introtxt\">\r\n        <div class=\"w-richtext\">\r\n            <h2>TOULOUSE - Fauteuil \u00e0 oreilles extravagant pour les maisons de soins<\/h2>\r\n        <\/div>\r\n        <\/div>\r\n        \r\n          \n\n\n<figure class=\"wp-block-table is-style-regular\"><table><thead><tr><th>Art. No.<\/th><th>Description<\/th><\/tr><\/thead><tbody><tr><td>220-0290\/S<\/td><td>Toulouse Fauteuil \u00e0 oreilles<\/td><\/tr><tr><td>220-0291\/S<\/td><td>Toulouse Fauteuil \u00e0 oreilles avec appuie-t\u00eate<\/td><\/tr><\/tbody><\/table><\/figure>\n\n\n<\/div><\/section><\/div><\/div>\n\n\n<div class=\"lazyblock-text-modul-ozg-Ydo3v wp-block-lazyblock-text-modul-ozg\"><section class=\"sct\">\r\n      <div class=\"cnt narrow\">\r\n        <div class=\"w-richtext\">\r\n            <h2>Toulouse<\/h2>\n<h3>Le fauteuil \u00e0 oreilles extravagant pour les maisons de soins avec style et confort<\/h3>\n<p>Toulouse est un fauteuil \u00e0 oreilles extravagant pour les maisons de repos, sp\u00e9cialement con\u00e7u pour les seniors. Le design particulier des oreilles lui conf\u00e8re un aspect unique, tandis que les accoudoirs incurv\u00e9s offrent confort et style. Le tissu de rev\u00eatement se fond harmonieusement dans les pieds du fauteuil, ce qui cr\u00e9e une image d'ensemble coh\u00e9rente. Le fauteuil est disponible avec ou sans appuie-t\u00eate et s'adapte ainsi aux besoins individuels des r\u00e9sidents. Un d\u00e9tail en bois noble sur l'appuie-t\u00eate apporte un accent visuel suppl\u00e9mentaire et conf\u00e8re au fauteuil une note exclusive.<\/p>\n<h3>Possibilit\u00e9s de personnalisation du fauteuil Toulouse<\/h3>\n<p>Avec Toulouse, faites votre choix parmi diff\u00e9rents mat\u00e9riaux de rev\u00eatement, des tissus doux aux options durables et faciles d'entretien. Une large palette de couleurs permet d'adapter le fauteuil de mani\u00e8re id\u00e9ale \u00e0 chaque int\u00e9rieur de maison de soins. Les pieds en bois sont \u00e9galement disponibles dans diff\u00e9rentes teintes afin de s'int\u00e9grer harmonieusement \u00e0 l'environnement. Plus de d\u00e9tails sur <a href=\"https:\/\/objektmobiliar.ch\/fr\/inspiration\/materiaux-et-couleurs\/\">Mat\u00e9riaux, couleurs et teintes de bois<\/a> sont disponibles sur notre site web. Nous nous ferons un plaisir de vous conseiller personnellement afin de trouver le fauteuil Toulouse parfait pour votre int\u00e9rieur.<\/p>\r\n        <\/div>\r\n      <\/div>\r\n    <\/section><\/div><style class=\"advgb-styles-renderer\">\r\n            .similar-products-nav li {\r\n              overflow: hidden;\r\n              margin: 0px !important;\r\n              flex-grow: 0 !important;\r\n              flex-shrink: 1 !important;\r\n              flex-basis: 12.5% !important;\r\n              border-style: solid;\r\n              border-width: 2px;\r\n              border-color: transparent;\r\n              border-radius: 8px;\r\n              transition-property: border-color;\r\n              transition-duration: 600ms;\r\n              transition-timing-function: ease;\r\n              cursor: pointer;\r\n            }\r\n            .similar-products-nav li.slick-active {\r\n              border-color: #dde7ef;\r\n            }\r\n            @media screen and (max-width:767px) {\r\n              .similar-products-nav li {\r\n                flex-basis: auto !important;\r\n                border-radius: 8px;\r\n                padding-top: 8px;\r\n                padding-right: 16px;\r\n                padding-bottom: 6px;\r\n                padding-left: 16px;\r\n              }\r\n              .similar-products-nav li.slick-active {\r\n                background-color: #dde7ef;\r\n                transition-property: background-color, border-color;\r\n                transition-duration: 600ms, 200ms;\r\n                transition-timing-function: ease, ease;\r\n                color: #426b8a;\r\n              }\r\n            }\r\n          <\/style>","protected":false},"excerpt":{"rendered":"<p>Art. Nr. Beschreibung 220-0290\/S Toulouse Ohrensessel 220-0291\/S Toulouse Ohrensessel mit Kopfst\u00fctze<\/p>","protected":false},"author":2,"featured_media":4317,"parent":3898,"menu_order":0,"comment_status":"closed","ping_status":"closed","template":"","meta":{"advgb_blocks_editor_width":"","advgb_blocks_columns_visual_guide":"","footnotes":""},"class_list":["post-4316","page","type-page","status-publish","has-post-thumbnail","hentry"],"yoast_head":"<!-- This site is optimized with the Yoast SEO plugin v27.4 - https:\/\/yoast.com\/product\/yoast-seo-wordpress\/ -->\n<title>Extravaganter Ohrensessel f\u00fcr Pflegeheime bei OZG<\/title>\n<meta name=\"description\" content=\"Toulouse ist ein extravaganter Ohrensessel f\u00fcr Pflegeheime, der sich durch das markante Design der Ohrenbacken auszeichnet.\" \/>\n<meta name=\"robots\" content=\"index, follow, max-snippet:-1, max-image-preview:large, max-video-preview:-1\" \/>\n<link rel=\"canonical\" href=\"https:\/\/objektmobiliar.ch\/fr\/meubles\/meubles-rembourres-faciles-a-entretenir\/fauteuils-adaptes-aux-soins\/fauteuil-a-oreilles-extravagant-pour-maisons-de-repos\/\" \/>\n<meta property=\"og:locale\" content=\"fr_FR\" \/>\n<meta property=\"og:type\" content=\"article\" \/>\n<meta property=\"og:title\" content=\"Extravaganter Ohrensessel f\u00fcr Pflegeheime bei OZG\" \/>\n<meta property=\"og:description\" content=\"Toulouse ist ein extravaganter Ohrensessel f\u00fcr Pflegeheime, der sich durch das markante Design der Ohrenbacken auszeichnet.\" \/>\n<meta property=\"og:url\" content=\"https:\/\/objektmobiliar.ch\/fr\/meubles\/meubles-rembourres-faciles-a-entretenir\/fauteuils-adaptes-aux-soins\/fauteuil-a-oreilles-extravagant-pour-maisons-de-repos\/\" \/>\n<meta property=\"og:site_name\" content=\"OZG HEALTHCARE\" \/>\n<meta property=\"article:modified_time\" content=\"2024-09-16T16:01:23+00:00\" \/>\n<meta property=\"og:image\" content=\"https:\/\/objektmobiliar.ch\/wp-content\/uploads\/2024\/09\/toulouse-sessel-220-0291-s.jpg\" \/>\n\t<meta property=\"og:image:width\" content=\"1000\" \/>\n\t<meta property=\"og:image:height\" content=\"1000\" \/>\n\t<meta property=\"og:image:type\" content=\"image\/jpeg\" \/>\n<meta name=\"twitter:card\" content=\"summary_large_image\" \/>\n<meta name=\"twitter:label1\" content=\"Dur\u00e9e de lecture estim\u00e9e\" \/>\n\t<meta name=\"twitter:data1\" content=\"3 minutes\" \/>\n<script type=\"application\/ld+json\" class=\"yoast-schema-graph\">{\"@context\":\"https:\\\/\\\/schema.org\",\"@graph\":[{\"@type\":\"WebPage\",\"@id\":\"https:\\\/\\\/objektmobiliar.ch\\\/moebel\\\/pflegegerechte-polstermoebel\\\/pflegegerechte-sessel\\\/extravaganter-ohrensessel-fuer-pflegeheime\\\/\",\"url\":\"https:\\\/\\\/objektmobiliar.ch\\\/moebel\\\/pflegegerechte-polstermoebel\\\/pflegegerechte-sessel\\\/extravaganter-ohrensessel-fuer-pflegeheime\\\/\",\"name\":\"Extravaganter Ohrensessel f\u00fcr Pflegeheime bei OZG\",\"isPartOf\":{\"@id\":\"https:\\\/\\\/objektmobiliar.ch\\\/#website\"},\"primaryImageOfPage\":{\"@id\":\"https:\\\/\\\/objektmobiliar.ch\\\/moebel\\\/pflegegerechte-polstermoebel\\\/pflegegerechte-sessel\\\/extravaganter-ohrensessel-fuer-pflegeheime\\\/#primaryimage\"},\"image\":{\"@id\":\"https:\\\/\\\/objektmobiliar.ch\\\/moebel\\\/pflegegerechte-polstermoebel\\\/pflegegerechte-sessel\\\/extravaganter-ohrensessel-fuer-pflegeheime\\\/#primaryimage\"},\"thumbnailUrl\":\"https:\\\/\\\/objektmobiliar.ch\\\/wp-content\\\/uploads\\\/2024\\\/09\\\/toulouse-sessel-220-0291-s.jpg\",\"datePublished\":\"2024-09-10T17:36:14+00:00\",\"dateModified\":\"2024-09-16T16:01:23+00:00\",\"description\":\"Toulouse ist ein extravaganter Ohrensessel f\u00fcr Pflegeheime, der sich durch das markante Design der Ohrenbacken auszeichnet.\",\"breadcrumb\":{\"@id\":\"https:\\\/\\\/objektmobiliar.ch\\\/moebel\\\/pflegegerechte-polstermoebel\\\/pflegegerechte-sessel\\\/extravaganter-ohrensessel-fuer-pflegeheime\\\/#breadcrumb\"},\"inLanguage\":\"fr-FR\",\"potentialAction\":[{\"@type\":\"ReadAction\",\"target\":[\"https:\\\/\\\/objektmobiliar.ch\\\/moebel\\\/pflegegerechte-polstermoebel\\\/pflegegerechte-sessel\\\/extravaganter-ohrensessel-fuer-pflegeheime\\\/\"]}]},{\"@type\":\"ImageObject\",\"inLanguage\":\"fr-FR\",\"@id\":\"https:\\\/\\\/objektmobiliar.ch\\\/moebel\\\/pflegegerechte-polstermoebel\\\/pflegegerechte-sessel\\\/extravaganter-ohrensessel-fuer-pflegeheime\\\/#primaryimage\",\"url\":\"https:\\\/\\\/objektmobiliar.ch\\\/wp-content\\\/uploads\\\/2024\\\/09\\\/toulouse-sessel-220-0291-s.jpg\",\"contentUrl\":\"https:\\\/\\\/objektmobiliar.ch\\\/wp-content\\\/uploads\\\/2024\\\/09\\\/toulouse-sessel-220-0291-s.jpg\",\"width\":1000,\"height\":1000,\"caption\":\"Extravaganter Ohrensessel f\u00fcr Pflegeheime\"},{\"@type\":\"BreadcrumbList\",\"@id\":\"https:\\\/\\\/objektmobiliar.ch\\\/moebel\\\/pflegegerechte-polstermoebel\\\/pflegegerechte-sessel\\\/extravaganter-ohrensessel-fuer-pflegeheime\\\/#breadcrumb\",\"itemListElement\":[{\"@type\":\"ListItem\",\"position\":1,\"name\":\"Startseite\",\"item\":\"https:\\\/\\\/objektmobiliar.ch\\\/\"},{\"@type\":\"ListItem\",\"position\":2,\"name\":\"M\u00f6bel\",\"item\":\"https:\\\/\\\/objektmobiliar.ch\\\/moebel\\\/\"},{\"@type\":\"ListItem\",\"position\":3,\"name\":\"Polsterm\u00f6bel\",\"item\":\"https:\\\/\\\/objektmobiliar.ch\\\/moebel\\\/pflegegerechte-polstermoebel\\\/\"},{\"@type\":\"ListItem\",\"position\":4,\"name\":\"Sessel\",\"item\":\"https:\\\/\\\/objektmobiliar.ch\\\/moebel\\\/pflegegerechte-polstermoebel\\\/pflegegerechte-sessel\\\/\"},{\"@type\":\"ListItem\",\"position\":5,\"name\":\"Toulouse Sessel\"}]},{\"@type\":\"WebSite\",\"@id\":\"https:\\\/\\\/objektmobiliar.ch\\\/#website\",\"url\":\"https:\\\/\\\/objektmobiliar.ch\\\/\",\"name\":\"OZG HEALTHCARE\",\"description\":\"Objektmobiliar f\u00fcr Pflege, B\u00fcro, Praxis &amp; Hotellerie\",\"potentialAction\":[{\"@type\":\"SearchAction\",\"target\":{\"@type\":\"EntryPoint\",\"urlTemplate\":\"https:\\\/\\\/objektmobiliar.ch\\\/?s={search_term_string}\"},\"query-input\":{\"@type\":\"PropertyValueSpecification\",\"valueRequired\":true,\"valueName\":\"search_term_string\"}}],\"inLanguage\":\"fr-FR\"}]}<\/script>\n<!-- \/ Yoast SEO plugin. -->","yoast_head_json":{"title":"Fauteuil \u00e0 oreilles extravagant pour maisons de repos chez OZG","description":"Toulouse est un fauteuil \u00e0 oreilles extravagant pour les maisons de repos, qui se distingue par le design marquant de ses oreilles.","robots":{"index":"index","follow":"follow","max-snippet":"max-snippet:-1","max-image-preview":"max-image-preview:large","max-video-preview":"max-video-preview:-1"},"canonical":"https:\/\/objektmobiliar.ch\/fr\/meubles\/meubles-rembourres-faciles-a-entretenir\/fauteuils-adaptes-aux-soins\/fauteuil-a-oreilles-extravagant-pour-maisons-de-repos\/","og_locale":"fr_FR","og_type":"article","og_title":"Extravaganter Ohrensessel f\u00fcr Pflegeheime bei OZG","og_description":"Toulouse ist ein extravaganter Ohrensessel f\u00fcr Pflegeheime, der sich durch das markante Design der Ohrenbacken auszeichnet.","og_url":"https:\/\/objektmobiliar.ch\/fr\/meubles\/meubles-rembourres-faciles-a-entretenir\/fauteuils-adaptes-aux-soins\/fauteuil-a-oreilles-extravagant-pour-maisons-de-repos\/","og_site_name":"OZG HEALTHCARE","article_modified_time":"2024-09-16T16:01:23+00:00","og_image":[{"width":1000,"height":1000,"url":"https:\/\/objektmobiliar.ch\/wp-content\/uploads\/2024\/09\/toulouse-sessel-220-0291-s.jpg","type":"image\/jpeg"}],"twitter_card":"summary_large_image","twitter_misc":{"Dur\u00e9e de lecture estim\u00e9e":"3 minutes"},"schema":{"@context":"https:\/\/schema.org","@graph":[{"@type":"WebPage","@id":"https:\/\/objektmobiliar.ch\/moebel\/pflegegerechte-polstermoebel\/pflegegerechte-sessel\/extravaganter-ohrensessel-fuer-pflegeheime\/","url":"https:\/\/objektmobiliar.ch\/moebel\/pflegegerechte-polstermoebel\/pflegegerechte-sessel\/extravaganter-ohrensessel-fuer-pflegeheime\/","name":"Fauteuil \u00e0 oreilles extravagant pour maisons de repos chez OZG","isPartOf":{"@id":"https:\/\/objektmobiliar.ch\/#website"},"primaryImageOfPage":{"@id":"https:\/\/objektmobiliar.ch\/moebel\/pflegegerechte-polstermoebel\/pflegegerechte-sessel\/extravaganter-ohrensessel-fuer-pflegeheime\/#primaryimage"},"image":{"@id":"https:\/\/objektmobiliar.ch\/moebel\/pflegegerechte-polstermoebel\/pflegegerechte-sessel\/extravaganter-ohrensessel-fuer-pflegeheime\/#primaryimage"},"thumbnailUrl":"https:\/\/objektmobiliar.ch\/wp-content\/uploads\/2024\/09\/toulouse-sessel-220-0291-s.jpg","datePublished":"2024-09-10T17:36:14+00:00","dateModified":"2024-09-16T16:01:23+00:00","description":"Toulouse est un fauteuil \u00e0 oreilles extravagant pour les maisons de repos, qui se distingue par le design marquant de ses oreilles.","breadcrumb":{"@id":"https:\/\/objektmobiliar.ch\/moebel\/pflegegerechte-polstermoebel\/pflegegerechte-sessel\/extravaganter-ohrensessel-fuer-pflegeheime\/#breadcrumb"},"inLanguage":"fr-FR","potentialAction":[{"@type":"ReadAction","target":["https:\/\/objektmobiliar.ch\/moebel\/pflegegerechte-polstermoebel\/pflegegerechte-sessel\/extravaganter-ohrensessel-fuer-pflegeheime\/"]}]},{"@type":"ImageObject","inLanguage":"fr-FR","@id":"https:\/\/objektmobiliar.ch\/moebel\/pflegegerechte-polstermoebel\/pflegegerechte-sessel\/extravaganter-ohrensessel-fuer-pflegeheime\/#primaryimage","url":"https:\/\/objektmobiliar.ch\/wp-content\/uploads\/2024\/09\/toulouse-sessel-220-0291-s.jpg","contentUrl":"https:\/\/objektmobiliar.ch\/wp-content\/uploads\/2024\/09\/toulouse-sessel-220-0291-s.jpg","width":1000,"height":1000,"caption":"Extravaganter Ohrensessel f\u00fcr Pflegeheime"},{"@type":"BreadcrumbList","@id":"https:\/\/objektmobiliar.ch\/moebel\/pflegegerechte-polstermoebel\/pflegegerechte-sessel\/extravaganter-ohrensessel-fuer-pflegeheime\/#breadcrumb","itemListElement":[{"@type":"ListItem","position":1,"name":"Startseite","item":"https:\/\/objektmobiliar.ch\/"},{"@type":"ListItem","position":2,"name":"M\u00f6bel","item":"https:\/\/objektmobiliar.ch\/moebel\/"},{"@type":"ListItem","position":3,"name":"Polsterm\u00f6bel","item":"https:\/\/objektmobiliar.ch\/moebel\/pflegegerechte-polstermoebel\/"},{"@type":"ListItem","position":4,"name":"Sessel","item":"https:\/\/objektmobiliar.ch\/moebel\/pflegegerechte-polstermoebel\/pflegegerechte-sessel\/"},{"@type":"ListItem","position":5,"name":"Toulouse Sessel"}]},{"@type":"WebSite","@id":"https:\/\/objektmobiliar.ch\/#website","url":"https:\/\/objektmobiliar.ch\/","name":"OZG HEALTHCARE","description":"Mobilier de collectivit\u00e9 pour les soins, les bureaux, les cabinets m\u00e9dicaux et l'h\u00f4tellerie","potentialAction":[{"@type":"SearchAction","target":{"@type":"EntryPoint","urlTemplate":"https:\/\/objektmobiliar.ch\/?s={search_term_string}"},"query-input":{"@type":"PropertyValueSpecification","valueRequired":true,"valueName":"search_term_string"}}],"inLanguage":"fr-FR"}]}},"coauthors":[],"author_meta":{"author_link":"https:\/\/objektmobiliar.ch\/fr\/author\/alex\/","display_name":"Alex"},"relative_dates":{"created":"Publi\u00e9 2 ans il y a","modified":"Mis \u00e0 jour 2 ans il y a"},"absolute_dates":{"created":"Publi\u00e9 le septembre 10, 2024","modified":"Mise \u00e0 jour le septembre 16, 2024"},"absolute_dates_time":{"created":"Publi\u00e9 le septembre 10, 2024 5:36 pm","modified":"Mise \u00e0 jour le septembre 16, 2024 4:01 pm"},"featured_img_caption":"","featured_img":"https:\/\/objektmobiliar.ch\/wp-content\/uploads\/2024\/09\/toulouse-sessel-220-0291-s-825x510.jpg","series_order":"","_links":{"self":[{"href":"https:\/\/objektmobiliar.ch\/fr\/wp-json\/wp\/v2\/pages\/4316","targetHints":{"allow":["GET"]}}],"collection":[{"href":"https:\/\/objektmobiliar.ch\/fr\/wp-json\/wp\/v2\/pages"}],"about":[{"href":"https:\/\/objektmobiliar.ch\/fr\/wp-json\/wp\/v2\/types\/page"}],"author":[{"embeddable":true,"href":"https:\/\/objektmobiliar.ch\/fr\/wp-json\/wp\/v2\/users\/2"}],"replies":[{"embeddable":true,"href":"https:\/\/objektmobiliar.ch\/fr\/wp-json\/wp\/v2\/comments?post=4316"}],"version-history":[{"count":12,"href":"https:\/\/objektmobiliar.ch\/fr\/wp-json\/wp\/v2\/pages\/4316\/revisions"}],"predecessor-version":[{"id":4465,"href":"https:\/\/objektmobiliar.ch\/fr\/wp-json\/wp\/v2\/pages\/4316\/revisions\/4465"}],"up":[{"embeddable":true,"href":"https:\/\/objektmobiliar.ch\/fr\/wp-json\/wp\/v2\/pages\/3898"}],"wp:featuredmedia":[{"embeddable":true,"href":"https:\/\/objektmobiliar.ch\/fr\/wp-json\/wp\/v2\/media\/4317"}],"wp:attachment":[{"href":"https:\/\/objektmobiliar.ch\/fr\/wp-json\/wp\/v2\/media?parent=4316"}],"curies":[{"name":"wp","href":"https:\/\/api.w.org\/{rel}","templated":true}]}}