{"id":4305,"date":"2024-09-10T17:18:57","date_gmt":"2024-09-10T17:18:57","guid":{"rendered":"https:\/\/objektmobiliar.ch\/?page_id=4305"},"modified":"2024-09-16T16:00:11","modified_gmt":"2024-09-16T16:00:11","slug":"fauteuil-rembourre-confortable","status":"publish","type":"page","link":"https:\/\/objektmobiliar.ch\/fr\/moebel\/pflegegerechte-polstermoebel\/pflegegerechte-sessel\/gemuetlicher-gepolsterter-sessel\/","title":{"rendered":"Corcella"},"content":{"rendered":"<div class=\"lazyblock-produkt-detail-ozg-2idsqq wp-block-lazyblock-produkt-detail-ozg\"><section class=\"sct\">\r\n      <div class=\"cnt\">\r\n        <div class=\"elmnt-product-desc\">\r\n          <div class=\"product-desc-box\"><img decoding=\"async\" src=\"https:\/\/objektmobiliar.ch\/wp-content\/uploads\/2024\/09\/corcella-hochlehner-220-0281-s.jpg\" loading=\"lazy\" alt=\"\" class=\"product-desc-img\"><\/div>\r\n          <div class=\"product-desc-txt\">\r\n            <h1 class=\"txt-product-headline\">Corcella<\/h1>\r\n            <h2 class=\"txt-product-subline\">Fauteuil rembourr\u00e9 confortable<\/h2>\r\n            <div class=\"w-richtext\">\r\n              <p>Qu'il soit utilis\u00e9 comme fauteuil de t\u00e9l\u00e9vision dans le salon ou comme \u00e9l\u00e9ment d'un ensemble de si\u00e8ges lounge, CORCELLA est un fauteuil rembourr\u00e9 confortable qui invite \u00e0 rester plus longtemps. Il est disponible avec un dossier court ou un dossier haut. Le rembourrage int\u00e9gral promet un grand confort d'assise. Le design particulier de ce fauteuil est particuli\u00e8rement bien mis en valeur lorsque des tissus de rev\u00eatement de diff\u00e9rentes couleurs sont combin\u00e9s. Laissez-vous inspirer et faites votre choix parmi une grande vari\u00e9t\u00e9 de mat\u00e9riaux et de couleurs.<\/p>\r\n            <\/div>\r\n            <a onclick=\"splite_loader();\" class=\"btn\">Demander un produit<\/a>\r\n          <\/div>\r\n        <\/div>\r\n      <\/div>\r\n    <\/section><\/div>\n\n<div class=\"lazyblock-produkt-slider-ozg-Z1Tq8Lp wp-block-lazyblock-produkt-slider-ozg\"><section class=\"sct\">\r\n  <div class=\"cnt semi\">\r\n    <div class=\"intro-txt\">\r\n        <h2>Mod\u00e8les et versions<\/h2>\r\n    <\/div>\r\n    \r\n    <div class=\"elmnt-similar-products\">\r\n      <div class=\"similar-product\"><img decoding=\"async\" src=\"https:\/\/objektmobiliar.ch\/wp-content\/uploads\/2024\/09\/corcella-hochlehner-220-0281-s-front.jpg\" loading=\"eager\" alt=\"\" class=\"similar-product-img\">\r\n        <div class=\"center\">\r\n          <div class=\"w-richtext\">\r\n            <p><strong>Corcella fauteuil \u00e0 haut dossier<\/strong><br>220-0281\/S<\/p>\r\n          <\/div>\r\n          \r\n        <\/div>\r\n      <\/div>\r\n      <div class=\"similar-product\"><img decoding=\"async\" src=\"https:\/\/objektmobiliar.ch\/wp-content\/uploads\/2024\/09\/corcella-hochlehner-220-0281-s-seite.jpg\" loading=\"eager\" alt=\"\" class=\"similar-product-img\">\r\n        <div class=\"center\">\r\n          <div class=\"w-richtext\">\r\n            <p><strong>Corcella fauteuil \u00e0 haut dossier<\/strong><br>220-0281\/S<\/p>\r\n          <\/div>\r\n          \r\n        <\/div>\r\n      <\/div>\r\n      <div class=\"similar-product\"><img decoding=\"async\" src=\"https:\/\/objektmobiliar.ch\/wp-content\/uploads\/2024\/09\/corcella-hochlehner-220-0281-s-rueckseite.jpg\" loading=\"eager\" alt=\"\" class=\"similar-product-img\">\r\n        <div class=\"center\">\r\n          <div class=\"w-richtext\">\r\n            <p><strong>Corcella fauteuil \u00e0 haut dossier<\/strong><br>220-0281\/S<\/p>\r\n          <\/div>\r\n          \r\n        <\/div>\r\n      <\/div>\r\n      <div class=\"similar-product\"><img decoding=\"async\" src=\"https:\/\/objektmobiliar.ch\/wp-content\/uploads\/2024\/09\/corcella-sessel-220-0280-s.jpg\" loading=\"eager\" alt=\"\" class=\"similar-product-img\">\r\n        <div class=\"center\">\r\n          <div class=\"w-richtext\">\r\n            <p><strong>Corcella Fauteuil<\/strong><br>220-0280\/S<\/p>\r\n          <\/div>\r\n          \r\n        <\/div>\r\n      <\/div>\r\n      <div class=\"similar-product\"><img decoding=\"async\" src=\"https:\/\/objektmobiliar.ch\/wp-content\/uploads\/2024\/09\/corcella-sessel-220-0280-s-front.jpg\" loading=\"eager\" alt=\"\" class=\"similar-product-img\">\r\n        <div class=\"center\">\r\n          <div class=\"w-richtext\">\r\n            <p><strong>Corcella Fauteuil<\/strong><br>220-0280\/S<\/p>\r\n          <\/div>\r\n          \r\n        <\/div>\r\n      <\/div>\r\n      <div class=\"similar-product\"><img decoding=\"async\" src=\"https:\/\/objektmobiliar.ch\/wp-content\/uploads\/2024\/09\/corcella-sessel-220-0280-s-seite.jpg\" loading=\"eager\" alt=\"\" class=\"similar-product-img\">\r\n        <div class=\"center\">\r\n          <div class=\"w-richtext\">\r\n            <p><strong>Corcella Fauteuil<\/strong><br>220-0280\/S<\/p>\r\n          <\/div>\r\n          \r\n        <\/div>\r\n      <\/div>\r\n      <div class=\"similar-product\"><img decoding=\"async\" src=\"https:\/\/objektmobiliar.ch\/wp-content\/uploads\/2024\/09\/corcella-sessel-220-0280-s-rueckseite.jpg\" loading=\"eager\" alt=\"\" class=\"similar-product-img\">\r\n        <div class=\"center\">\r\n          <div class=\"w-richtext\">\r\n            <p><strong>Corcella Fauteuil<\/strong><br>220-0280\/S<\/p>\r\n          <\/div>\r\n          \r\n        <\/div>\r\n      <\/div>\r\n    <\/div>\r\n  <\/div>\r\n  \r\n  <div class=\"cnt narrow\">\r\n    <div class=\"similar-products-nav-pos\">\r\n      <div class=\"w-embed\">\r\n        \r\n      <\/div>\r\n    <\/div>\r\n  <\/div>\r\n<\/section><\/div>\n\n\n<div class=\"wp-block-group\"><div class=\"wp-block-group__inner-container is-layout-constrained wp-block-group-is-layout-constrained\"><section class=\"sct\">\r\n      <div class=\"cnt narrow\">\r\n        <div class=\"introtxt\">\r\n        <div class=\"w-richtext\">\r\n            <h2>CORCELLA - Fauteuil rembourr\u00e9 confortable<\/h2>\r\n        <\/div>\r\n        <\/div>\r\n        \r\n          \n\n\n<figure class=\"wp-block-table is-style-regular\"><table><thead><tr><th>Art. No.<\/th><th>Description<\/th><\/tr><\/thead><tbody><tr><td>220-0280\/S<\/td><td>Corcella Fauteuil<\/td><\/tr><tr><td>220-0281\/S<\/td><td>Corcella fauteuil \u00e0 haut dossier<\/td><\/tr><\/tbody><\/table><\/figure>\n\n\n<\/div><\/section><\/div><\/div>\n\n\n<div class=\"lazyblock-text-modul-ozg-1DIdju wp-block-lazyblock-text-modul-ozg\"><section class=\"sct\">\r\n      <div class=\"cnt narrow\">\r\n        <div class=\"w-richtext\">\r\n            <h2>Corcella<\/h2>\n<h3>Confort et style : le fauteuil id\u00e9al pour les maisons de retraite<\/h3>\n<p>Corcella, un fauteuil rembourr\u00e9 confortable, allie fonctionnalit\u00e9 et design pour r\u00e9pondre aux exigences des maisons de retraite. Il est disponible en deux variantes : avec un dossier court ou un dossier haut. Le rembourrage int\u00e9gral favorise une position assise confortable pendant de longues p\u00e9riodes. Le design ergonomique offre non seulement une assise confortable, mais aussi un compl\u00e9ment esth\u00e9tique pour les espaces de vie ou les espaces communs des maisons de retraite. Il convient de mentionner tout particuli\u00e8rement la polyvalence de ce fauteuil rembourr\u00e9 confortable, qui peut \u00eatre utilis\u00e9 de mani\u00e8re flexible dans diff\u00e9rents domaines, que ce soit comme fauteuil de t\u00e9l\u00e9vision relaxant ou comme \u00e9l\u00e9ment d'un groupe de salon confortable.<\/p>\n<h3>Diversit\u00e9 des mat\u00e9riaux et des couleurs<\/h3>\n<p>La polyvalence du fauteuil rembourr\u00e9 confortable pour les maisons de retraite se manifeste notamment dans le grand choix de mat\u00e9riaux et de couleurs. La possibilit\u00e9 de combiner diff\u00e9rents tissus de rev\u00eatement conf\u00e8re au fauteuil capitonn\u00e9 confortable une note individuelle et en fait un accroche-regard styl\u00e9. Des variantes de couleurs classiques aux plus modernes, vous pouvez choisir parmi une vaste palette qui s'adapte parfaitement \u00e0 votre int\u00e9rieur. En outre, vous trouverez sur notre site web un aper\u00e7u des disponibles <a href=\"https:\/\/objektmobiliar.ch\/fr\/inspiration\/materiaux-et-couleurs\/\">Mat\u00e9riaux et couleurs<\/a>. Nos experts sont \u00e0 votre disposition pour vous conseiller et vous aider \u00e0 trouver le design optimal pour vos pi\u00e8ces. Contactez-nous pour vous inspirer et choisir le fauteuil id\u00e9al pour votre int\u00e9rieur.<\/p>\r\n        <\/div>\r\n      <\/div>\r\n    <\/section><\/div><style class=\"advgb-styles-renderer\">\r\n            .similar-products-nav li {\r\n              overflow: hidden;\r\n              margin: 0px !important;\r\n              flex-grow: 0 !important;\r\n              flex-shrink: 1 !important;\r\n              flex-basis: 12.5% !important;\r\n              border-style: solid;\r\n              border-width: 2px;\r\n              border-color: transparent;\r\n              border-radius: 8px;\r\n              transition-property: border-color;\r\n              transition-duration: 600ms;\r\n              transition-timing-function: ease;\r\n              cursor: pointer;\r\n            }\r\n            .similar-products-nav li.slick-active {\r\n              border-color: #dde7ef;\r\n            }\r\n            @media screen and (max-width:767px) {\r\n              .similar-products-nav li {\r\n                flex-basis: auto !important;\r\n                border-radius: 8px;\r\n                padding-top: 8px;\r\n                padding-right: 16px;\r\n                padding-bottom: 6px;\r\n                padding-left: 16px;\r\n              }\r\n              .similar-products-nav li.slick-active {\r\n                background-color: #dde7ef;\r\n                transition-property: background-color, border-color;\r\n                transition-duration: 600ms, 200ms;\r\n                transition-timing-function: ease, ease;\r\n                color: #426b8a;\r\n              }\r\n            }\r\n          <\/style>","protected":false},"excerpt":{"rendered":"<p>Art. Nr. Beschreibung 220-0280\/S Corcella Sessel 220-0281\/S Corcella Hochlehner<\/p>","protected":false},"author":2,"featured_media":4306,"parent":3898,"menu_order":0,"comment_status":"closed","ping_status":"closed","template":"","meta":{"advgb_blocks_editor_width":"","advgb_blocks_columns_visual_guide":"","footnotes":""},"class_list":["post-4305","page","type-page","status-publish","has-post-thumbnail","hentry"],"yoast_head":"<!-- This site is optimized with the Yoast SEO plugin v27.4 - https:\/\/yoast.com\/product\/yoast-seo-wordpress\/ -->\n<title>Gem\u00fctlicher gepolsterter Sessel bei OZG<\/title>\n<meta name=\"description\" content=\"Corcella, ein gem\u00fctlicher gepolsterter Sessel, vereint Funktionalit\u00e4t und Design, um den Anspr\u00fcchen von Altersheimen gerecht zu werden.\" \/>\n<meta name=\"robots\" content=\"index, follow, max-snippet:-1, max-image-preview:large, max-video-preview:-1\" \/>\n<link rel=\"canonical\" href=\"https:\/\/objektmobiliar.ch\/fr\/meubles\/meubles-rembourres-faciles-a-entretenir\/fauteuils-adaptes-aux-soins\/fauteuil-rembourre-confortable\/\" \/>\n<meta property=\"og:locale\" content=\"fr_FR\" \/>\n<meta property=\"og:type\" content=\"article\" \/>\n<meta property=\"og:title\" content=\"Gem\u00fctlicher gepolsterter Sessel bei OZG\" \/>\n<meta property=\"og:description\" content=\"Corcella, ein gem\u00fctlicher gepolsterter Sessel, vereint Funktionalit\u00e4t und Design, um den Anspr\u00fcchen von Altersheimen gerecht zu werden.\" \/>\n<meta property=\"og:url\" content=\"https:\/\/objektmobiliar.ch\/fr\/meubles\/meubles-rembourres-faciles-a-entretenir\/fauteuils-adaptes-aux-soins\/fauteuil-rembourre-confortable\/\" \/>\n<meta property=\"og:site_name\" content=\"OZG HEALTHCARE\" \/>\n<meta property=\"article:modified_time\" content=\"2024-09-16T16:00:11+00:00\" \/>\n<meta property=\"og:image\" content=\"https:\/\/objektmobiliar.ch\/wp-content\/uploads\/2024\/09\/corcella-hochlehner-220-0281-s.jpg\" \/>\n\t<meta property=\"og:image:width\" content=\"1000\" \/>\n\t<meta property=\"og:image:height\" content=\"1000\" \/>\n\t<meta property=\"og:image:type\" content=\"image\/jpeg\" \/>\n<meta name=\"twitter:card\" content=\"summary_large_image\" \/>\n<meta name=\"twitter:label1\" content=\"Dur\u00e9e de lecture estim\u00e9e\" \/>\n\t<meta name=\"twitter:data1\" content=\"4 minutes\" \/>\n<script type=\"application\/ld+json\" class=\"yoast-schema-graph\">{\"@context\":\"https:\\\/\\\/schema.org\",\"@graph\":[{\"@type\":\"WebPage\",\"@id\":\"https:\\\/\\\/objektmobiliar.ch\\\/moebel\\\/pflegegerechte-polstermoebel\\\/pflegegerechte-sessel\\\/gemuetlicher-gepolsterter-sessel\\\/\",\"url\":\"https:\\\/\\\/objektmobiliar.ch\\\/moebel\\\/pflegegerechte-polstermoebel\\\/pflegegerechte-sessel\\\/gemuetlicher-gepolsterter-sessel\\\/\",\"name\":\"Gem\u00fctlicher gepolsterter Sessel bei OZG\",\"isPartOf\":{\"@id\":\"https:\\\/\\\/objektmobiliar.ch\\\/#website\"},\"primaryImageOfPage\":{\"@id\":\"https:\\\/\\\/objektmobiliar.ch\\\/moebel\\\/pflegegerechte-polstermoebel\\\/pflegegerechte-sessel\\\/gemuetlicher-gepolsterter-sessel\\\/#primaryimage\"},\"image\":{\"@id\":\"https:\\\/\\\/objektmobiliar.ch\\\/moebel\\\/pflegegerechte-polstermoebel\\\/pflegegerechte-sessel\\\/gemuetlicher-gepolsterter-sessel\\\/#primaryimage\"},\"thumbnailUrl\":\"https:\\\/\\\/objektmobiliar.ch\\\/wp-content\\\/uploads\\\/2024\\\/09\\\/corcella-hochlehner-220-0281-s.jpg\",\"datePublished\":\"2024-09-10T17:18:57+00:00\",\"dateModified\":\"2024-09-16T16:00:11+00:00\",\"description\":\"Corcella, ein gem\u00fctlicher gepolsterter Sessel, vereint Funktionalit\u00e4t und Design, um den Anspr\u00fcchen von Altersheimen gerecht zu werden.\",\"breadcrumb\":{\"@id\":\"https:\\\/\\\/objektmobiliar.ch\\\/moebel\\\/pflegegerechte-polstermoebel\\\/pflegegerechte-sessel\\\/gemuetlicher-gepolsterter-sessel\\\/#breadcrumb\"},\"inLanguage\":\"fr-FR\",\"potentialAction\":[{\"@type\":\"ReadAction\",\"target\":[\"https:\\\/\\\/objektmobiliar.ch\\\/moebel\\\/pflegegerechte-polstermoebel\\\/pflegegerechte-sessel\\\/gemuetlicher-gepolsterter-sessel\\\/\"]}]},{\"@type\":\"ImageObject\",\"inLanguage\":\"fr-FR\",\"@id\":\"https:\\\/\\\/objektmobiliar.ch\\\/moebel\\\/pflegegerechte-polstermoebel\\\/pflegegerechte-sessel\\\/gemuetlicher-gepolsterter-sessel\\\/#primaryimage\",\"url\":\"https:\\\/\\\/objektmobiliar.ch\\\/wp-content\\\/uploads\\\/2024\\\/09\\\/corcella-hochlehner-220-0281-s.jpg\",\"contentUrl\":\"https:\\\/\\\/objektmobiliar.ch\\\/wp-content\\\/uploads\\\/2024\\\/09\\\/corcella-hochlehner-220-0281-s.jpg\",\"width\":1000,\"height\":1000,\"caption\":\"Gem\u00fctlicher gepolsterter Sessel\"},{\"@type\":\"BreadcrumbList\",\"@id\":\"https:\\\/\\\/objektmobiliar.ch\\\/moebel\\\/pflegegerechte-polstermoebel\\\/pflegegerechte-sessel\\\/gemuetlicher-gepolsterter-sessel\\\/#breadcrumb\",\"itemListElement\":[{\"@type\":\"ListItem\",\"position\":1,\"name\":\"Startseite\",\"item\":\"https:\\\/\\\/objektmobiliar.ch\\\/\"},{\"@type\":\"ListItem\",\"position\":2,\"name\":\"M\u00f6bel\",\"item\":\"https:\\\/\\\/objektmobiliar.ch\\\/moebel\\\/\"},{\"@type\":\"ListItem\",\"position\":3,\"name\":\"Polsterm\u00f6bel\",\"item\":\"https:\\\/\\\/objektmobiliar.ch\\\/moebel\\\/pflegegerechte-polstermoebel\\\/\"},{\"@type\":\"ListItem\",\"position\":4,\"name\":\"Sessel\",\"item\":\"https:\\\/\\\/objektmobiliar.ch\\\/moebel\\\/pflegegerechte-polstermoebel\\\/pflegegerechte-sessel\\\/\"},{\"@type\":\"ListItem\",\"position\":5,\"name\":\"Corcella\"}]},{\"@type\":\"WebSite\",\"@id\":\"https:\\\/\\\/objektmobiliar.ch\\\/#website\",\"url\":\"https:\\\/\\\/objektmobiliar.ch\\\/\",\"name\":\"OZG HEALTHCARE\",\"description\":\"Objektmobiliar f\u00fcr Pflege, B\u00fcro, Praxis &amp; Hotellerie\",\"potentialAction\":[{\"@type\":\"SearchAction\",\"target\":{\"@type\":\"EntryPoint\",\"urlTemplate\":\"https:\\\/\\\/objektmobiliar.ch\\\/?s={search_term_string}\"},\"query-input\":{\"@type\":\"PropertyValueSpecification\",\"valueRequired\":true,\"valueName\":\"search_term_string\"}}],\"inLanguage\":\"fr-FR\"}]}<\/script>\n<!-- \/ Yoast SEO plugin. -->","yoast_head_json":{"title":"Fauteuil rembourr\u00e9 confortable chez OZG","description":"Corcella, un fauteuil rembourr\u00e9 confortable, allie fonctionnalit\u00e9 et design pour r\u00e9pondre aux besoins des maisons de retraite.","robots":{"index":"index","follow":"follow","max-snippet":"max-snippet:-1","max-image-preview":"max-image-preview:large","max-video-preview":"max-video-preview:-1"},"canonical":"https:\/\/objektmobiliar.ch\/fr\/meubles\/meubles-rembourres-faciles-a-entretenir\/fauteuils-adaptes-aux-soins\/fauteuil-rembourre-confortable\/","og_locale":"fr_FR","og_type":"article","og_title":"Gem\u00fctlicher gepolsterter Sessel bei OZG","og_description":"Corcella, ein gem\u00fctlicher gepolsterter Sessel, vereint Funktionalit\u00e4t und Design, um den Anspr\u00fcchen von Altersheimen gerecht zu werden.","og_url":"https:\/\/objektmobiliar.ch\/fr\/meubles\/meubles-rembourres-faciles-a-entretenir\/fauteuils-adaptes-aux-soins\/fauteuil-rembourre-confortable\/","og_site_name":"OZG HEALTHCARE","article_modified_time":"2024-09-16T16:00:11+00:00","og_image":[{"width":1000,"height":1000,"url":"https:\/\/objektmobiliar.ch\/wp-content\/uploads\/2024\/09\/corcella-hochlehner-220-0281-s.jpg","type":"image\/jpeg"}],"twitter_card":"summary_large_image","twitter_misc":{"Dur\u00e9e de lecture estim\u00e9e":"4 minutes"},"schema":{"@context":"https:\/\/schema.org","@graph":[{"@type":"WebPage","@id":"https:\/\/objektmobiliar.ch\/moebel\/pflegegerechte-polstermoebel\/pflegegerechte-sessel\/gemuetlicher-gepolsterter-sessel\/","url":"https:\/\/objektmobiliar.ch\/moebel\/pflegegerechte-polstermoebel\/pflegegerechte-sessel\/gemuetlicher-gepolsterter-sessel\/","name":"Fauteuil rembourr\u00e9 confortable chez OZG","isPartOf":{"@id":"https:\/\/objektmobiliar.ch\/#website"},"primaryImageOfPage":{"@id":"https:\/\/objektmobiliar.ch\/moebel\/pflegegerechte-polstermoebel\/pflegegerechte-sessel\/gemuetlicher-gepolsterter-sessel\/#primaryimage"},"image":{"@id":"https:\/\/objektmobiliar.ch\/moebel\/pflegegerechte-polstermoebel\/pflegegerechte-sessel\/gemuetlicher-gepolsterter-sessel\/#primaryimage"},"thumbnailUrl":"https:\/\/objektmobiliar.ch\/wp-content\/uploads\/2024\/09\/corcella-hochlehner-220-0281-s.jpg","datePublished":"2024-09-10T17:18:57+00:00","dateModified":"2024-09-16T16:00:11+00:00","description":"Corcella, un fauteuil rembourr\u00e9 confortable, allie fonctionnalit\u00e9 et design pour r\u00e9pondre aux besoins des maisons de retraite.","breadcrumb":{"@id":"https:\/\/objektmobiliar.ch\/moebel\/pflegegerechte-polstermoebel\/pflegegerechte-sessel\/gemuetlicher-gepolsterter-sessel\/#breadcrumb"},"inLanguage":"fr-FR","potentialAction":[{"@type":"ReadAction","target":["https:\/\/objektmobiliar.ch\/moebel\/pflegegerechte-polstermoebel\/pflegegerechte-sessel\/gemuetlicher-gepolsterter-sessel\/"]}]},{"@type":"ImageObject","inLanguage":"fr-FR","@id":"https:\/\/objektmobiliar.ch\/moebel\/pflegegerechte-polstermoebel\/pflegegerechte-sessel\/gemuetlicher-gepolsterter-sessel\/#primaryimage","url":"https:\/\/objektmobiliar.ch\/wp-content\/uploads\/2024\/09\/corcella-hochlehner-220-0281-s.jpg","contentUrl":"https:\/\/objektmobiliar.ch\/wp-content\/uploads\/2024\/09\/corcella-hochlehner-220-0281-s.jpg","width":1000,"height":1000,"caption":"Gem\u00fctlicher gepolsterter Sessel"},{"@type":"BreadcrumbList","@id":"https:\/\/objektmobiliar.ch\/moebel\/pflegegerechte-polstermoebel\/pflegegerechte-sessel\/gemuetlicher-gepolsterter-sessel\/#breadcrumb","itemListElement":[{"@type":"ListItem","position":1,"name":"Startseite","item":"https:\/\/objektmobiliar.ch\/"},{"@type":"ListItem","position":2,"name":"M\u00f6bel","item":"https:\/\/objektmobiliar.ch\/moebel\/"},{"@type":"ListItem","position":3,"name":"Polsterm\u00f6bel","item":"https:\/\/objektmobiliar.ch\/moebel\/pflegegerechte-polstermoebel\/"},{"@type":"ListItem","position":4,"name":"Sessel","item":"https:\/\/objektmobiliar.ch\/moebel\/pflegegerechte-polstermoebel\/pflegegerechte-sessel\/"},{"@type":"ListItem","position":5,"name":"Corcella"}]},{"@type":"WebSite","@id":"https:\/\/objektmobiliar.ch\/#website","url":"https:\/\/objektmobiliar.ch\/","name":"OZG HEALTHCARE","description":"Mobilier de collectivit\u00e9 pour les soins, les bureaux, les cabinets m\u00e9dicaux et l'h\u00f4tellerie","potentialAction":[{"@type":"SearchAction","target":{"@type":"EntryPoint","urlTemplate":"https:\/\/objektmobiliar.ch\/?s={search_term_string}"},"query-input":{"@type":"PropertyValueSpecification","valueRequired":true,"valueName":"search_term_string"}}],"inLanguage":"fr-FR"}]}},"coauthors":[],"author_meta":{"author_link":"https:\/\/objektmobiliar.ch\/fr\/author\/alex\/","display_name":"Alex"},"relative_dates":{"created":"Publi\u00e9 2 ans il y a","modified":"Mis \u00e0 jour 2 ans il y a"},"absolute_dates":{"created":"Publi\u00e9 le septembre 10, 2024","modified":"Mise \u00e0 jour le septembre 16, 2024"},"absolute_dates_time":{"created":"Publi\u00e9 le septembre 10, 2024 5:18 pm","modified":"Mise \u00e0 jour le septembre 16, 2024 4:00 pm"},"featured_img_caption":"Gem\u00fctlicher gepolsterter Sessel","featured_img":"https:\/\/objektmobiliar.ch\/wp-content\/uploads\/2024\/09\/corcella-hochlehner-220-0281-s-825x510.jpg","series_order":"","_links":{"self":[{"href":"https:\/\/objektmobiliar.ch\/fr\/wp-json\/wp\/v2\/pages\/4305","targetHints":{"allow":["GET"]}}],"collection":[{"href":"https:\/\/objektmobiliar.ch\/fr\/wp-json\/wp\/v2\/pages"}],"about":[{"href":"https:\/\/objektmobiliar.ch\/fr\/wp-json\/wp\/v2\/types\/page"}],"author":[{"embeddable":true,"href":"https:\/\/objektmobiliar.ch\/fr\/wp-json\/wp\/v2\/users\/2"}],"replies":[{"embeddable":true,"href":"https:\/\/objektmobiliar.ch\/fr\/wp-json\/wp\/v2\/comments?post=4305"}],"version-history":[{"count":5,"href":"https:\/\/objektmobiliar.ch\/fr\/wp-json\/wp\/v2\/pages\/4305\/revisions"}],"predecessor-version":[{"id":4442,"href":"https:\/\/objektmobiliar.ch\/fr\/wp-json\/wp\/v2\/pages\/4305\/revisions\/4442"}],"up":[{"embeddable":true,"href":"https:\/\/objektmobiliar.ch\/fr\/wp-json\/wp\/v2\/pages\/3898"}],"wp:featuredmedia":[{"embeddable":true,"href":"https:\/\/objektmobiliar.ch\/fr\/wp-json\/wp\/v2\/media\/4306"}],"wp:attachment":[{"href":"https:\/\/objektmobiliar.ch\/fr\/wp-json\/wp\/v2\/media?parent=4305"}],"curies":[{"name":"wp","href":"https:\/\/api.w.org\/{rel}","templated":true}]}}