{"id":4293,"date":"2024-09-10T16:45:30","date_gmt":"2024-09-10T16:45:30","guid":{"rendered":"https:\/\/objektmobiliar.ch\/?page_id=4293"},"modified":"2024-09-19T14:46:07","modified_gmt":"2024-09-19T14:46:07","slug":"chaises-de-salle-a-manger-modernes-pour-groupes-dhabitation","status":"publish","type":"page","link":"https:\/\/objektmobiliar.ch\/fr\/moebel\/pflegegerechte-stuehle\/moderne-esszimmerstuehle-fuer-wohngruppen\/","title":{"rendered":"Sundra Chaise"},"content":{"rendered":"<div class=\"lazyblock-produkt-detail-ozg-2idsqq wp-block-lazyblock-produkt-detail-ozg\"><section class=\"sct\">\r\n      <div class=\"cnt\">\r\n        <div class=\"elmnt-product-desc\">\r\n          <div class=\"product-desc-box\"><img decoding=\"async\" src=\"https:\/\/objektmobiliar.ch\/wp-content\/uploads\/2024\/09\/sundra-200-0700-s.jpg\" loading=\"lazy\" alt=\"\" class=\"product-desc-img\"><\/div>\r\n          <div class=\"product-desc-txt\">\r\n            <h1 class=\"txt-product-headline\">Sundra<\/h1>\r\n            <h2 class=\"txt-product-subline\">Chaises de salle \u00e0 manger modernes pour les groupes d'habitation<\/h2>\r\n            <div class=\"w-richtext\">\r\n              <p>Notre s\u00e9rie SUNDRA comprend des chaises de salle \u00e0 manger modernes pour les groupes de vie dans les \u00e9tablissements de soins. Le design de SUNDRA associe le look classique d'une chaise de cuisine \u00e0 des accents innovants et modernes, comme les pieds de chaise inclin\u00e9s et le dossier arrondi. La chaise est en outre disponible avec des accoudoirs extravagants. Il est possible d'empiler jusqu'\u00e0 trois chaises.<\/p>\r\n            <\/div>\r\n            <a onclick=\"splite_loader();\" class=\"btn\">Demander un produit<\/a>\r\n          <\/div>\r\n        <\/div>\r\n      <\/div>\r\n    <\/section><\/div>\n\n<div class=\"lazyblock-produkt-slider-ozg-Z1Tq8Lp wp-block-lazyblock-produkt-slider-ozg\"><section class=\"sct\">\r\n  <div class=\"cnt semi\">\r\n    <div class=\"intro-txt\">\r\n        <h2>Mod\u00e8les et versions<\/h2>\r\n    <\/div>\r\n    \r\n    <div class=\"elmnt-similar-products\">\r\n      <div class=\"similar-product\"><img decoding=\"async\" src=\"https:\/\/objektmobiliar.ch\/wp-content\/uploads\/2024\/09\/sundra-200-0700-s-front.jpg\" loading=\"eager\" alt=\"\" class=\"similar-product-img\">\r\n        <div class=\"center\">\r\n          <div class=\"w-richtext\">\r\n            <p><strong>Sundra, sans accoudoirs<\/strong><br>200-0700\/S<\/p>\r\n          <\/div>\r\n          \r\n        <\/div>\r\n      <\/div>\r\n      <div class=\"similar-product\"><img decoding=\"async\" src=\"https:\/\/objektmobiliar.ch\/wp-content\/uploads\/2024\/09\/sundra-200-0700-s-seite.jpg\" loading=\"eager\" alt=\"\" class=\"similar-product-img\">\r\n        <div class=\"center\">\r\n          <div class=\"w-richtext\">\r\n            <p><strong>Sundra, sans accoudoirs<\/strong><br>200-0700\/S<\/p>\r\n          <\/div>\r\n          \r\n        <\/div>\r\n      <\/div>\r\n      <div class=\"similar-product\"><img decoding=\"async\" src=\"https:\/\/objektmobiliar.ch\/wp-content\/uploads\/2024\/09\/sundra-200-0700-s-rueckseite.jpg\" loading=\"eager\" alt=\"\" class=\"similar-product-img\">\r\n        <div class=\"center\">\r\n          <div class=\"w-richtext\">\r\n            <p><strong>Sundra, sans accoudoirs<\/strong><br>200-0700\/S<\/p>\r\n          <\/div>\r\n          \r\n        <\/div>\r\n      <\/div>\r\n      <div class=\"similar-product\"><img decoding=\"async\" src=\"https:\/\/objektmobiliar.ch\/wp-content\/uploads\/2024\/09\/sundra-200-0701-s.jpg\" loading=\"eager\" alt=\"\" class=\"similar-product-img\">\r\n        <div class=\"center\">\r\n          <div class=\"w-richtext\">\r\n            <p><strong>Sundra, avec accoudoirs<\/strong><br>200-0701\/S<\/p>\r\n          <\/div>\r\n          \r\n        <\/div>\r\n      <\/div>\r\n      <div class=\"similar-product\"><img decoding=\"async\" src=\"https:\/\/objektmobiliar.ch\/wp-content\/uploads\/2024\/09\/sundra-200-0701-s-front.jpg\" loading=\"eager\" alt=\"\" class=\"similar-product-img\">\r\n        <div class=\"center\">\r\n          <div class=\"w-richtext\">\r\n            <p><strong>Sundra, avec accoudoirs<\/strong><br>200-0701\/S<\/p>\r\n          <\/div>\r\n          \r\n        <\/div>\r\n      <\/div>\r\n      <div class=\"similar-product\"><img decoding=\"async\" src=\"https:\/\/objektmobiliar.ch\/wp-content\/uploads\/2024\/09\/sundra-200-0701-s-seite.jpg\" loading=\"eager\" alt=\"\" class=\"similar-product-img\">\r\n        <div class=\"center\">\r\n          <div class=\"w-richtext\">\r\n            <p><strong>Sundra, avec accoudoirs<\/strong><br>200-0701\/S<\/p>\r\n          <\/div>\r\n          \r\n        <\/div>\r\n      <\/div>\r\n      <div class=\"similar-product\"><img decoding=\"async\" src=\"https:\/\/objektmobiliar.ch\/wp-content\/uploads\/2024\/09\/sundra-200-0701-s-rueckseite.jpg\" loading=\"eager\" alt=\"\" class=\"similar-product-img\">\r\n        <div class=\"center\">\r\n          <div class=\"w-richtext\">\r\n            <p><strong>Sundra, avec accoudoirs<\/strong><br>200-0701\/S<\/p>\r\n          <\/div>\r\n          \r\n        <\/div>\r\n      <\/div>\r\n    <\/div>\r\n  <\/div>\r\n  \r\n  <div class=\"cnt narrow\">\r\n    <div class=\"similar-products-nav-pos\">\r\n      <div class=\"w-embed\">\r\n        \r\n      <\/div>\r\n    <\/div>\r\n  <\/div>\r\n<\/section><\/div>\n\n\n<div class=\"wp-block-group\"><div class=\"wp-block-group__inner-container is-layout-constrained wp-block-group-is-layout-constrained\"><section class=\"sct\">\r\n      <div class=\"cnt narrow\">\r\n        <div class=\"introtxt\">\r\n        <div class=\"w-richtext\">\r\n            <h2>SUNDRA - Chaises de salle \u00e0 manger modernes pour les groupes d'habitation<\/h2>\r\n        <\/div>\r\n        <\/div>\r\n        \r\n          \n\n\n<figure class=\"wp-block-table is-style-regular\"><table><thead><tr><th>Art. No.<\/th><th>Description<\/th><\/tr><\/thead><tbody><tr><td>200-0700\/S<\/td><td>Sundra, sans accoudoirs<\/td><\/tr><tr><td>200-0701\/S<\/td><td>Sundra, avec accoudoirs<\/td><\/tr><\/tbody><\/table><\/figure>\n\n\n<\/div><\/section><\/div><\/div>\n\n\n<div class=\"lazyblock-text-modul-ozg-Z2vaiiU wp-block-lazyblock-text-modul-ozg\"><section class=\"sct\">\r\n      <div class=\"cnt narrow\">\r\n        <div class=\"w-richtext\">\r\n            <h3>Chaises de salle \u00e0 manger modernes pour les groupes d'habitation<\/h3>\n<p>Les chaises de salle \u00e0 manger modernes pour groupes d'habitation de la s\u00e9rie SUNDRA sont id\u00e9ales pour les groupes d'habitation modernes qui recherchent une ambiance fra\u00eeche et styl\u00e9e. Le design combine la forme classique d'une chaise de cuisine avec des accents contemporains tels que des pieds \u00e9vas\u00e9s et un dossier arrondi qui conf\u00e8rent \u00e0 la chaise un look \u00e9l\u00e9gant et dynamique. Pour un confort suppl\u00e9mentaire et un design marquant, les chaises sont \u00e9galement disponibles avec des accoudoirs extravagants. Ces d\u00e9tails ne contribuent pas seulement \u00e0 l'esth\u00e9tique, mais offrent \u00e9galement des avantages pratiques, comme se lever et s'asseoir plus facilement. Un autre point fort de la s\u00e9rie SUNDRA est l'empilabilit\u00e9 des chaises - jusqu'\u00e0 trois chaises peuvent \u00eatre empil\u00e9es les unes sur les autres, ce qui les rend particuli\u00e8rement flexibles et peu encombrantes pour diff\u00e9rents sc\u00e9narios d'utilisation.<\/p>\n<h3>Possibilit\u00e9s de personnalisation pour vos chaises SUNDRA<\/h3>\n<p>Les chaises SUNDRA offrent de nombreuses possibilit\u00e9s de personnalisation gr\u00e2ce \u00e0 une grande vari\u00e9t\u00e9 de mat\u00e9riaux et de couleurs. Les teintes de bois vont de couleurs claires et naturelles \u00e0 des tons plus fonc\u00e9s qui cr\u00e9ent un contraste \u00e9l\u00e9gant. Les tissus de rev\u00eatement sont disponibles dans des variantes unies pour un look minimaliste ou dans des designs \u00e0 motifs pour des accents vivants. Les deux options offrent un rembourrage douillet qui am\u00e9liore le confort d'assise et compl\u00e8te le design moderne. Sur notre site, vous pouvez d\u00e9couvrir les diff\u00e9rents <a href=\"https:\/\/objektmobiliar.ch\/fr\/inspiration\/materiaux-et-couleurs\/\">Mat\u00e9riaux et couleurs<\/a> et de vous faire aider par notre expertise pour trouver les chaises parfaites pour votre jeune groupe de vie. Nous nous ferons un plaisir de vous aider \u00e0 cr\u00e9er un environnement agr\u00e9able et \u00e9l\u00e9gant.<\/p>\r\n        <\/div>\r\n      <\/div>\r\n    <\/section><\/div><style class=\"advgb-styles-renderer\">\r\n            .similar-products-nav li {\r\n              overflow: hidden;\r\n              margin: 0px !important;\r\n              flex-grow: 0 !important;\r\n              flex-shrink: 1 !important;\r\n              flex-basis: 12.5% !important;\r\n              border-style: solid;\r\n              border-width: 2px;\r\n              border-color: transparent;\r\n              border-radius: 8px;\r\n              transition-property: border-color;\r\n              transition-duration: 600ms;\r\n              transition-timing-function: ease;\r\n              cursor: pointer;\r\n            }\r\n            .similar-products-nav li.slick-active {\r\n              border-color: #dde7ef;\r\n            }\r\n            @media screen and (max-width:767px) {\r\n              .similar-products-nav li {\r\n                flex-basis: auto !important;\r\n                border-radius: 8px;\r\n                padding-top: 8px;\r\n                padding-right: 16px;\r\n                padding-bottom: 6px;\r\n                padding-left: 16px;\r\n              }\r\n              .similar-products-nav li.slick-active {\r\n                background-color: #dde7ef;\r\n                transition-property: background-color, border-color;\r\n                transition-duration: 600ms, 200ms;\r\n                transition-timing-function: ease, ease;\r\n                color: #426b8a;\r\n              }\r\n            }\r\n          <\/style>","protected":false},"excerpt":{"rendered":"<p>Art. Nr. Beschreibung 200-0700\/S Sundra, ohne Armlehnen 200-0701\/S Sundra, mit Armlehnen<\/p>","protected":false},"author":2,"featured_media":4294,"parent":544,"menu_order":0,"comment_status":"closed","ping_status":"closed","template":"","meta":{"advgb_blocks_editor_width":"","advgb_blocks_columns_visual_guide":"","footnotes":""},"class_list":["post-4293","page","type-page","status-publish","has-post-thumbnail","hentry"],"yoast_head":"<!-- This site is optimized with the Yoast SEO plugin v27.4 - https:\/\/yoast.com\/product\/yoast-seo-wordpress\/ -->\n<title>Moderne Esszimmerst\u00fchle f\u00fcr Wohngruppen bei OZG<\/title>\n<meta name=\"description\" content=\"Moderne Esszimmerst\u00fchle f\u00fcr Wohngruppen der Serie SUNDRA sind ideal f\u00fcr moderne Wohngruppen, die ein frisches, stilvolles Ambiente suchen.\" \/>\n<meta name=\"robots\" content=\"index, follow, max-snippet:-1, max-image-preview:large, max-video-preview:-1\" \/>\n<link rel=\"canonical\" href=\"https:\/\/objektmobiliar.ch\/fr\/meubles\/chaises-adaptees-aux-soins\/chaises-de-salle-a-manger-modernes-pour-groupes-dhabitation\/\" \/>\n<meta property=\"og:locale\" content=\"fr_FR\" \/>\n<meta property=\"og:type\" content=\"article\" \/>\n<meta property=\"og:title\" content=\"Moderne Esszimmerst\u00fchle f\u00fcr Wohngruppen bei OZG\" \/>\n<meta property=\"og:description\" content=\"Moderne Esszimmerst\u00fchle f\u00fcr Wohngruppen der Serie SUNDRA sind ideal f\u00fcr moderne Wohngruppen, die ein frisches, stilvolles Ambiente suchen.\" \/>\n<meta property=\"og:url\" content=\"https:\/\/objektmobiliar.ch\/fr\/meubles\/chaises-adaptees-aux-soins\/chaises-de-salle-a-manger-modernes-pour-groupes-dhabitation\/\" \/>\n<meta property=\"og:site_name\" content=\"OZG HEALTHCARE\" \/>\n<meta property=\"article:modified_time\" content=\"2024-09-19T14:46:07+00:00\" \/>\n<meta property=\"og:image\" content=\"https:\/\/objektmobiliar.ch\/wp-content\/uploads\/2024\/09\/sundra-200-0700-s.jpg\" \/>\n\t<meta property=\"og:image:width\" content=\"1000\" \/>\n\t<meta property=\"og:image:height\" content=\"1000\" \/>\n\t<meta property=\"og:image:type\" content=\"image\/jpeg\" \/>\n<meta name=\"twitter:card\" content=\"summary_large_image\" \/>\n<meta name=\"twitter:label1\" content=\"Dur\u00e9e de lecture estim\u00e9e\" \/>\n\t<meta name=\"twitter:data1\" content=\"4 minutes\" \/>\n<script type=\"application\/ld+json\" class=\"yoast-schema-graph\">{\"@context\":\"https:\\\/\\\/schema.org\",\"@graph\":[{\"@type\":\"WebPage\",\"@id\":\"https:\\\/\\\/objektmobiliar.ch\\\/moebel\\\/pflegegerechte-stuehle\\\/moderne-esszimmerstuehle-fuer-wohngruppen\\\/\",\"url\":\"https:\\\/\\\/objektmobiliar.ch\\\/moebel\\\/pflegegerechte-stuehle\\\/moderne-esszimmerstuehle-fuer-wohngruppen\\\/\",\"name\":\"Moderne Esszimmerst\u00fchle f\u00fcr Wohngruppen bei OZG\",\"isPartOf\":{\"@id\":\"https:\\\/\\\/objektmobiliar.ch\\\/#website\"},\"primaryImageOfPage\":{\"@id\":\"https:\\\/\\\/objektmobiliar.ch\\\/moebel\\\/pflegegerechte-stuehle\\\/moderne-esszimmerstuehle-fuer-wohngruppen\\\/#primaryimage\"},\"image\":{\"@id\":\"https:\\\/\\\/objektmobiliar.ch\\\/moebel\\\/pflegegerechte-stuehle\\\/moderne-esszimmerstuehle-fuer-wohngruppen\\\/#primaryimage\"},\"thumbnailUrl\":\"https:\\\/\\\/objektmobiliar.ch\\\/wp-content\\\/uploads\\\/2024\\\/09\\\/sundra-200-0700-s.jpg\",\"datePublished\":\"2024-09-10T16:45:30+00:00\",\"dateModified\":\"2024-09-19T14:46:07+00:00\",\"description\":\"Moderne Esszimmerst\u00fchle f\u00fcr Wohngruppen der Serie SUNDRA sind ideal f\u00fcr moderne Wohngruppen, die ein frisches, stilvolles Ambiente suchen.\",\"breadcrumb\":{\"@id\":\"https:\\\/\\\/objektmobiliar.ch\\\/moebel\\\/pflegegerechte-stuehle\\\/moderne-esszimmerstuehle-fuer-wohngruppen\\\/#breadcrumb\"},\"inLanguage\":\"fr-FR\",\"potentialAction\":[{\"@type\":\"ReadAction\",\"target\":[\"https:\\\/\\\/objektmobiliar.ch\\\/moebel\\\/pflegegerechte-stuehle\\\/moderne-esszimmerstuehle-fuer-wohngruppen\\\/\"]}]},{\"@type\":\"ImageObject\",\"inLanguage\":\"fr-FR\",\"@id\":\"https:\\\/\\\/objektmobiliar.ch\\\/moebel\\\/pflegegerechte-stuehle\\\/moderne-esszimmerstuehle-fuer-wohngruppen\\\/#primaryimage\",\"url\":\"https:\\\/\\\/objektmobiliar.ch\\\/wp-content\\\/uploads\\\/2024\\\/09\\\/sundra-200-0700-s.jpg\",\"contentUrl\":\"https:\\\/\\\/objektmobiliar.ch\\\/wp-content\\\/uploads\\\/2024\\\/09\\\/sundra-200-0700-s.jpg\",\"width\":1000,\"height\":1000,\"caption\":\"Moderne Esszimmerst\u00fchle f\u00fcr Wohngruppen\"},{\"@type\":\"BreadcrumbList\",\"@id\":\"https:\\\/\\\/objektmobiliar.ch\\\/moebel\\\/pflegegerechte-stuehle\\\/moderne-esszimmerstuehle-fuer-wohngruppen\\\/#breadcrumb\",\"itemListElement\":[{\"@type\":\"ListItem\",\"position\":1,\"name\":\"Startseite\",\"item\":\"https:\\\/\\\/objektmobiliar.ch\\\/\"},{\"@type\":\"ListItem\",\"position\":2,\"name\":\"M\u00f6bel\",\"item\":\"https:\\\/\\\/objektmobiliar.ch\\\/moebel\\\/\"},{\"@type\":\"ListItem\",\"position\":3,\"name\":\"St\u00fchle\",\"item\":\"https:\\\/\\\/objektmobiliar.ch\\\/moebel\\\/pflegegerechte-stuehle\\\/\"},{\"@type\":\"ListItem\",\"position\":4,\"name\":\"Sundra Stuhl\"}]},{\"@type\":\"WebSite\",\"@id\":\"https:\\\/\\\/objektmobiliar.ch\\\/#website\",\"url\":\"https:\\\/\\\/objektmobiliar.ch\\\/\",\"name\":\"OZG HEALTHCARE\",\"description\":\"Objektmobiliar f\u00fcr Pflege, B\u00fcro, Praxis &amp; Hotellerie\",\"potentialAction\":[{\"@type\":\"SearchAction\",\"target\":{\"@type\":\"EntryPoint\",\"urlTemplate\":\"https:\\\/\\\/objektmobiliar.ch\\\/?s={search_term_string}\"},\"query-input\":{\"@type\":\"PropertyValueSpecification\",\"valueRequired\":true,\"valueName\":\"search_term_string\"}}],\"inLanguage\":\"fr-FR\"}]}<\/script>\n<!-- \/ Yoast SEO plugin. -->","yoast_head_json":{"title":"Chaises de salle \u00e0 manger modernes pour groupes d'habitation chez OZG","description":"Les chaises de salle \u00e0 manger modernes pour groupes d'habitation de la s\u00e9rie SUNDRA sont id\u00e9ales pour les groupes d'habitation modernes qui recherchent une ambiance fra\u00eeche et styl\u00e9e.","robots":{"index":"index","follow":"follow","max-snippet":"max-snippet:-1","max-image-preview":"max-image-preview:large","max-video-preview":"max-video-preview:-1"},"canonical":"https:\/\/objektmobiliar.ch\/fr\/meubles\/chaises-adaptees-aux-soins\/chaises-de-salle-a-manger-modernes-pour-groupes-dhabitation\/","og_locale":"fr_FR","og_type":"article","og_title":"Moderne Esszimmerst\u00fchle f\u00fcr Wohngruppen bei OZG","og_description":"Moderne Esszimmerst\u00fchle f\u00fcr Wohngruppen der Serie SUNDRA sind ideal f\u00fcr moderne Wohngruppen, die ein frisches, stilvolles Ambiente suchen.","og_url":"https:\/\/objektmobiliar.ch\/fr\/meubles\/chaises-adaptees-aux-soins\/chaises-de-salle-a-manger-modernes-pour-groupes-dhabitation\/","og_site_name":"OZG HEALTHCARE","article_modified_time":"2024-09-19T14:46:07+00:00","og_image":[{"width":1000,"height":1000,"url":"https:\/\/objektmobiliar.ch\/wp-content\/uploads\/2024\/09\/sundra-200-0700-s.jpg","type":"image\/jpeg"}],"twitter_card":"summary_large_image","twitter_misc":{"Dur\u00e9e de lecture estim\u00e9e":"4 minutes"},"schema":{"@context":"https:\/\/schema.org","@graph":[{"@type":"WebPage","@id":"https:\/\/objektmobiliar.ch\/moebel\/pflegegerechte-stuehle\/moderne-esszimmerstuehle-fuer-wohngruppen\/","url":"https:\/\/objektmobiliar.ch\/moebel\/pflegegerechte-stuehle\/moderne-esszimmerstuehle-fuer-wohngruppen\/","name":"Chaises de salle \u00e0 manger modernes pour groupes d'habitation chez OZG","isPartOf":{"@id":"https:\/\/objektmobiliar.ch\/#website"},"primaryImageOfPage":{"@id":"https:\/\/objektmobiliar.ch\/moebel\/pflegegerechte-stuehle\/moderne-esszimmerstuehle-fuer-wohngruppen\/#primaryimage"},"image":{"@id":"https:\/\/objektmobiliar.ch\/moebel\/pflegegerechte-stuehle\/moderne-esszimmerstuehle-fuer-wohngruppen\/#primaryimage"},"thumbnailUrl":"https:\/\/objektmobiliar.ch\/wp-content\/uploads\/2024\/09\/sundra-200-0700-s.jpg","datePublished":"2024-09-10T16:45:30+00:00","dateModified":"2024-09-19T14:46:07+00:00","description":"Les chaises de salle \u00e0 manger modernes pour groupes d'habitation de la s\u00e9rie SUNDRA sont id\u00e9ales pour les groupes d'habitation modernes qui recherchent une ambiance fra\u00eeche et styl\u00e9e.","breadcrumb":{"@id":"https:\/\/objektmobiliar.ch\/moebel\/pflegegerechte-stuehle\/moderne-esszimmerstuehle-fuer-wohngruppen\/#breadcrumb"},"inLanguage":"fr-FR","potentialAction":[{"@type":"ReadAction","target":["https:\/\/objektmobiliar.ch\/moebel\/pflegegerechte-stuehle\/moderne-esszimmerstuehle-fuer-wohngruppen\/"]}]},{"@type":"ImageObject","inLanguage":"fr-FR","@id":"https:\/\/objektmobiliar.ch\/moebel\/pflegegerechte-stuehle\/moderne-esszimmerstuehle-fuer-wohngruppen\/#primaryimage","url":"https:\/\/objektmobiliar.ch\/wp-content\/uploads\/2024\/09\/sundra-200-0700-s.jpg","contentUrl":"https:\/\/objektmobiliar.ch\/wp-content\/uploads\/2024\/09\/sundra-200-0700-s.jpg","width":1000,"height":1000,"caption":"Moderne Esszimmerst\u00fchle f\u00fcr Wohngruppen"},{"@type":"BreadcrumbList","@id":"https:\/\/objektmobiliar.ch\/moebel\/pflegegerechte-stuehle\/moderne-esszimmerstuehle-fuer-wohngruppen\/#breadcrumb","itemListElement":[{"@type":"ListItem","position":1,"name":"Startseite","item":"https:\/\/objektmobiliar.ch\/"},{"@type":"ListItem","position":2,"name":"M\u00f6bel","item":"https:\/\/objektmobiliar.ch\/moebel\/"},{"@type":"ListItem","position":3,"name":"St\u00fchle","item":"https:\/\/objektmobiliar.ch\/moebel\/pflegegerechte-stuehle\/"},{"@type":"ListItem","position":4,"name":"Sundra Stuhl"}]},{"@type":"WebSite","@id":"https:\/\/objektmobiliar.ch\/#website","url":"https:\/\/objektmobiliar.ch\/","name":"OZG HEALTHCARE","description":"Mobilier de collectivit\u00e9 pour les soins, les bureaux, les cabinets m\u00e9dicaux et l'h\u00f4tellerie","potentialAction":[{"@type":"SearchAction","target":{"@type":"EntryPoint","urlTemplate":"https:\/\/objektmobiliar.ch\/?s={search_term_string}"},"query-input":{"@type":"PropertyValueSpecification","valueRequired":true,"valueName":"search_term_string"}}],"inLanguage":"fr-FR"}]}},"coauthors":[],"author_meta":{"author_link":"https:\/\/objektmobiliar.ch\/fr\/author\/alex\/","display_name":"Alex"},"relative_dates":{"created":"Publi\u00e9 2 ans il y a","modified":"Mis \u00e0 jour 2 ans il y a"},"absolute_dates":{"created":"Publi\u00e9 le septembre 10, 2024","modified":"Mise \u00e0 jour le septembre 19, 2024"},"absolute_dates_time":{"created":"Publi\u00e9 le septembre 10, 2024 4:45 pm","modified":"Mise \u00e0 jour le septembre 19, 2024 2:46 pm"},"featured_img_caption":"Moderne Esszimmerst\u00fchle f\u00fcr Wohngruppen ","featured_img":"https:\/\/objektmobiliar.ch\/wp-content\/uploads\/2024\/09\/sundra-200-0700-s-825x510.jpg","series_order":"","_links":{"self":[{"href":"https:\/\/objektmobiliar.ch\/fr\/wp-json\/wp\/v2\/pages\/4293","targetHints":{"allow":["GET"]}}],"collection":[{"href":"https:\/\/objektmobiliar.ch\/fr\/wp-json\/wp\/v2\/pages"}],"about":[{"href":"https:\/\/objektmobiliar.ch\/fr\/wp-json\/wp\/v2\/types\/page"}],"author":[{"embeddable":true,"href":"https:\/\/objektmobiliar.ch\/fr\/wp-json\/wp\/v2\/users\/2"}],"replies":[{"embeddable":true,"href":"https:\/\/objektmobiliar.ch\/fr\/wp-json\/wp\/v2\/comments?post=4293"}],"version-history":[{"count":5,"href":"https:\/\/objektmobiliar.ch\/fr\/wp-json\/wp\/v2\/pages\/4293\/revisions"}],"predecessor-version":[{"id":4634,"href":"https:\/\/objektmobiliar.ch\/fr\/wp-json\/wp\/v2\/pages\/4293\/revisions\/4634"}],"up":[{"embeddable":true,"href":"https:\/\/objektmobiliar.ch\/fr\/wp-json\/wp\/v2\/pages\/544"}],"wp:featuredmedia":[{"embeddable":true,"href":"https:\/\/objektmobiliar.ch\/fr\/wp-json\/wp\/v2\/media\/4294"}],"wp:attachment":[{"href":"https:\/\/objektmobiliar.ch\/fr\/wp-json\/wp\/v2\/media?parent=4293"}],"curies":[{"name":"wp","href":"https:\/\/api.w.org\/{rel}","templated":true}]}}