{"id":4286,"date":"2024-09-10T16:29:58","date_gmt":"2024-09-10T16:29:58","guid":{"rendered":"https:\/\/objektmobiliar.ch\/?page_id=4286"},"modified":"2024-09-19T14:28:45","modified_gmt":"2024-09-19T14:28:45","slug":"chaise-design-pour-etablissements-de-soins","status":"publish","type":"page","link":"https:\/\/objektmobiliar.ch\/fr\/moebel\/pflegegerechte-stuehle\/designstuhl-fuer-pflegeeinrichtungen\/","title":{"rendered":"Nora Chaise"},"content":{"rendered":"<div class=\"lazyblock-produkt-detail-ozg-2idsqq wp-block-lazyblock-produkt-detail-ozg\"><section class=\"sct\">\r\n      <div class=\"cnt\">\r\n        <div class=\"elmnt-product-desc\">\r\n          <div class=\"product-desc-box\"><img decoding=\"async\" src=\"https:\/\/objektmobiliar.ch\/wp-content\/uploads\/2024\/09\/nora-stuhl-200-0600-s.jpg\" loading=\"lazy\" alt=\"\" class=\"product-desc-img\"><\/div>\r\n          <div class=\"product-desc-txt\">\r\n            <h1 class=\"txt-product-headline\">Nora<\/h1>\r\n            <h2 class=\"txt-product-subline\">Chaise design pour les \u00e9tablissements de soins<\/h2>\r\n            <div class=\"w-richtext\">\r\n              <p>La chaise design pour les \u00e9tablissements de soins se caract\u00e9rise par un look accrocheur, o\u00f9 les pieds avant se transforment directement en accoudoirs et en dossiers \u00e9l\u00e9gamment courb\u00e9s. Cette chaise \u00e0 l'allure l\u00e9g\u00e8re et attrayante convient surtout pour le salon et la salle \u00e0 manger. Le rembourrage confortable assure une assise agr\u00e9able. Configurez NORA selon vos souhaits et choisissez parmi une grande vari\u00e9t\u00e9 de mat\u00e9riaux de rev\u00eatement, de couleurs et de teintes de bois.<\/p>\r\n            <\/div>\r\n            <a onclick=\"splite_loader();\" class=\"btn\">Demander un produit<\/a>\r\n          <\/div>\r\n        <\/div>\r\n      <\/div>\r\n    <\/section><\/div>\n\n<div class=\"lazyblock-produkt-slider-ozg-Z1Tq8Lp wp-block-lazyblock-produkt-slider-ozg\"><section class=\"sct\">\r\n  <div class=\"cnt semi\">\r\n    <div class=\"intro-txt\">\r\n        <h2>Mod\u00e8les et versions<\/h2>\r\n    <\/div>\r\n    \r\n    <div class=\"elmnt-similar-products\">\r\n      <div class=\"similar-product\"><img decoding=\"async\" src=\"https:\/\/objektmobiliar.ch\/wp-content\/uploads\/2024\/09\/nora-stuhl-200-0600-s-front.jpg\" loading=\"eager\" alt=\"\" class=\"similar-product-img\">\r\n        <div class=\"center\">\r\n          <div class=\"w-richtext\">\r\n            <p><strong>Nora, avec accoudoirs<\/strong><br>200-0600\/S<\/p>\r\n          <\/div>\r\n          \r\n        <\/div>\r\n      <\/div>\r\n      <div class=\"similar-product\"><img decoding=\"async\" src=\"https:\/\/objektmobiliar.ch\/wp-content\/uploads\/2024\/09\/nora-stuhl-200-0600-s-seite.jpg\" loading=\"eager\" alt=\"\" class=\"similar-product-img\">\r\n        <div class=\"center\">\r\n          <div class=\"w-richtext\">\r\n            <p><strong>Nora, avec accoudoirs<\/strong><br>200-0600\/S<\/p>\r\n          <\/div>\r\n          \r\n        <\/div>\r\n      <\/div>\r\n      <div class=\"similar-product\"><img decoding=\"async\" src=\"https:\/\/objektmobiliar.ch\/wp-content\/uploads\/2024\/09\/nora-stuhl-200-0600-s-rueckseite.jpg\" loading=\"eager\" alt=\"\" class=\"similar-product-img\">\r\n        <div class=\"center\">\r\n          <div class=\"w-richtext\">\r\n            <p><strong>Nora, avec accoudoirs<\/strong><br>200-0600\/S<\/p>\r\n          <\/div>\r\n          \r\n        <\/div>\r\n      <\/div>\r\n    <\/div>\r\n  <\/div>\r\n  \r\n  <div class=\"cnt narrow\">\r\n    <div class=\"similar-products-nav-pos\">\r\n      <div class=\"w-embed\">\r\n        \r\n      <\/div>\r\n    <\/div>\r\n  <\/div>\r\n<\/section><\/div>\n\n\n<div class=\"wp-block-group\"><div class=\"wp-block-group__inner-container is-layout-constrained wp-block-group-is-layout-constrained\"><section class=\"sct\">\r\n      <div class=\"cnt narrow\">\r\n        <div class=\"introtxt\">\r\n        <div class=\"w-richtext\">\r\n            <h2>NORA - Chaise design pour les \u00e9tablissements de soins<\/h2>\r\n        <\/div>\r\n        <\/div>\r\n        \r\n          \n\n\n<figure class=\"wp-block-table is-style-regular\"><table><thead><tr><th>Art. No.<\/th><th>Description<\/th><\/tr><\/thead><tbody><tr><td>200-0600\/S<\/td><td>Nora, avec accoudoirs<\/td><\/tr><\/tbody><\/table><\/figure>\n\n\n<\/div><\/section><\/div><\/div>\n\n\n<div class=\"lazyblock-text-modul-ozg-1EzCSW wp-block-lazyblock-text-modul-ozg\"><section class=\"sct\">\r\n      <div class=\"cnt narrow\">\r\n        <div class=\"w-richtext\">\r\n            <h3>Chaise design pour les \u00e9tablissements de soins : Nora avec accoudoirs<\/h3>\n<p>La chaise design pour les \u00e9tablissements de soins NORA s\u00e9duit par son esth\u00e9tique et sa fonctionnalit\u00e9 uniques. Ses caract\u00e9ristiques particuli\u00e8res comprennent des accoudoirs et un dossier \u00e9l\u00e9gamment courb\u00e9s qui se fondent sans transition avec les pieds avant. Cette chaise, qui se distingue par son aspect l\u00e9ger et attrayant, convient particuli\u00e8rement bien au salon et \u00e0 la salle \u00e0 manger, o\u00f9 elle s\u00e9duit non seulement par son aspect, mais aussi par son excellent confort d'assise. Le rembourrage confortable assure une position assise agr\u00e9able et favorise ainsi le bien-\u00eatre des occupants.<\/p>\n<h3>Des possibilit\u00e9s d'am\u00e9nagement vari\u00e9es pour des concepts d'am\u00e9nagement personnalis\u00e9s<\/h3>\n<p>La chaise design pour les \u00e9tablissements de soins peut \u00eatre personnalis\u00e9e et adapt\u00e9e \u00e0 l'environnement. Une multitude de mat\u00e9riaux de rev\u00eatement, dont des tissus r\u00e9sistants et faciles \u00e0 entretenir, sont disponibles et permettent de combiner parfaitement esth\u00e9tique et praticit\u00e9. Il existe \u00e9galement de nombreuses possibilit\u00e9s en mati\u00e8re de couleurs, des tons discrets aux accents vifs. Les \u00e9l\u00e9ments en bois de la chaise peuvent \u00eatre adapt\u00e9s dans diff\u00e9rentes teintes afin de cr\u00e9er un ensemble harmonieux avec le reste du mobilier de l'int\u00e9rieur. Sur notre site web, vous trouverez un aper\u00e7u des disponibles <a href=\"https:\/\/objektmobiliar.ch\/fr\/inspiration\/materiaux-et-couleurs\/\">Mat\u00e9riaux et couleurs<\/a>. Nous sommes toujours \u00e0 votre disposition pour un conseil personnalis\u00e9. Faites confiance \u00e0 notre longue exp\u00e9rience pour trouver la chaise parfaite pour votre \u00e9tablissement de soins.<\/p>\r\n        <\/div>\r\n      <\/div>\r\n    <\/section><\/div><style class=\"advgb-styles-renderer\">\r\n            .similar-products-nav li {\r\n              overflow: hidden;\r\n              margin: 0px !important;\r\n              flex-grow: 0 !important;\r\n              flex-shrink: 1 !important;\r\n              flex-basis: 12.5% !important;\r\n              border-style: solid;\r\n              border-width: 2px;\r\n              border-color: transparent;\r\n              border-radius: 8px;\r\n              transition-property: border-color;\r\n              transition-duration: 600ms;\r\n              transition-timing-function: ease;\r\n              cursor: pointer;\r\n            }\r\n            .similar-products-nav li.slick-active {\r\n              border-color: #dde7ef;\r\n            }\r\n            @media screen and (max-width:767px) {\r\n              .similar-products-nav li {\r\n                flex-basis: auto !important;\r\n                border-radius: 8px;\r\n                padding-top: 8px;\r\n                padding-right: 16px;\r\n                padding-bottom: 6px;\r\n                padding-left: 16px;\r\n              }\r\n              .similar-products-nav li.slick-active {\r\n                background-color: #dde7ef;\r\n                transition-property: background-color, border-color;\r\n                transition-duration: 600ms, 200ms;\r\n                transition-timing-function: ease, ease;\r\n                color: #426b8a;\r\n              }\r\n            }\r\n          <\/style>","protected":false},"excerpt":{"rendered":"<p>Art. Nr. Beschreibung 200-0600\/S Nora, mit Armlehnen<\/p>","protected":false},"author":2,"featured_media":4287,"parent":544,"menu_order":0,"comment_status":"closed","ping_status":"closed","template":"","meta":{"advgb_blocks_editor_width":"","advgb_blocks_columns_visual_guide":"","footnotes":""},"class_list":["post-4286","page","type-page","status-publish","has-post-thumbnail","hentry"],"yoast_head":"<!-- This site is optimized with the Yoast SEO plugin v27.4 - https:\/\/yoast.com\/product\/yoast-seo-wordpress\/ -->\n<title>Designstuhl f\u00fcr Pflegeeinrichtungen bei OZG<\/title>\n<meta name=\"description\" content=\"Der Designstuhl f\u00fcr Pflegeeinrichtungen l\u00e4sst sich individuell gestalten und kann an die jeweilige Umgebung angepasst werden.\" \/>\n<meta name=\"robots\" content=\"index, follow, max-snippet:-1, max-image-preview:large, max-video-preview:-1\" \/>\n<link rel=\"canonical\" href=\"https:\/\/objektmobiliar.ch\/fr\/meubles\/chaises-adaptees-aux-soins\/chaise-design-pour-etablissements-de-soins\/\" \/>\n<meta property=\"og:locale\" content=\"fr_FR\" \/>\n<meta property=\"og:type\" content=\"article\" \/>\n<meta property=\"og:title\" content=\"Designstuhl f\u00fcr Pflegeeinrichtungen bei OZG\" \/>\n<meta property=\"og:description\" content=\"Der Designstuhl f\u00fcr Pflegeeinrichtungen l\u00e4sst sich individuell gestalten und kann an die jeweilige Umgebung angepasst werden.\" \/>\n<meta property=\"og:url\" content=\"https:\/\/objektmobiliar.ch\/fr\/meubles\/chaises-adaptees-aux-soins\/chaise-design-pour-etablissements-de-soins\/\" \/>\n<meta property=\"og:site_name\" content=\"OZG HEALTHCARE\" \/>\n<meta property=\"article:modified_time\" content=\"2024-09-19T14:28:45+00:00\" \/>\n<meta property=\"og:image\" content=\"https:\/\/objektmobiliar.ch\/wp-content\/uploads\/2024\/09\/nora-stuhl-200-0600-s.jpg\" \/>\n\t<meta property=\"og:image:width\" content=\"1000\" \/>\n\t<meta property=\"og:image:height\" content=\"1000\" \/>\n\t<meta property=\"og:image:type\" content=\"image\/jpeg\" \/>\n<meta name=\"twitter:card\" content=\"summary_large_image\" \/>\n<meta name=\"twitter:label1\" content=\"Dur\u00e9e de lecture estim\u00e9e\" \/>\n\t<meta name=\"twitter:data1\" content=\"3 minutes\" \/>\n<script type=\"application\/ld+json\" class=\"yoast-schema-graph\">{\"@context\":\"https:\\\/\\\/schema.org\",\"@graph\":[{\"@type\":\"WebPage\",\"@id\":\"https:\\\/\\\/objektmobiliar.ch\\\/moebel\\\/pflegegerechte-stuehle\\\/designstuhl-fuer-pflegeeinrichtungen\\\/\",\"url\":\"https:\\\/\\\/objektmobiliar.ch\\\/moebel\\\/pflegegerechte-stuehle\\\/designstuhl-fuer-pflegeeinrichtungen\\\/\",\"name\":\"Designstuhl f\u00fcr Pflegeeinrichtungen bei OZG\",\"isPartOf\":{\"@id\":\"https:\\\/\\\/objektmobiliar.ch\\\/#website\"},\"primaryImageOfPage\":{\"@id\":\"https:\\\/\\\/objektmobiliar.ch\\\/moebel\\\/pflegegerechte-stuehle\\\/designstuhl-fuer-pflegeeinrichtungen\\\/#primaryimage\"},\"image\":{\"@id\":\"https:\\\/\\\/objektmobiliar.ch\\\/moebel\\\/pflegegerechte-stuehle\\\/designstuhl-fuer-pflegeeinrichtungen\\\/#primaryimage\"},\"thumbnailUrl\":\"https:\\\/\\\/objektmobiliar.ch\\\/wp-content\\\/uploads\\\/2024\\\/09\\\/nora-stuhl-200-0600-s.jpg\",\"datePublished\":\"2024-09-10T16:29:58+00:00\",\"dateModified\":\"2024-09-19T14:28:45+00:00\",\"description\":\"Der Designstuhl f\u00fcr Pflegeeinrichtungen l\u00e4sst sich individuell gestalten und kann an die jeweilige Umgebung angepasst werden.\",\"breadcrumb\":{\"@id\":\"https:\\\/\\\/objektmobiliar.ch\\\/moebel\\\/pflegegerechte-stuehle\\\/designstuhl-fuer-pflegeeinrichtungen\\\/#breadcrumb\"},\"inLanguage\":\"fr-FR\",\"potentialAction\":[{\"@type\":\"ReadAction\",\"target\":[\"https:\\\/\\\/objektmobiliar.ch\\\/moebel\\\/pflegegerechte-stuehle\\\/designstuhl-fuer-pflegeeinrichtungen\\\/\"]}]},{\"@type\":\"ImageObject\",\"inLanguage\":\"fr-FR\",\"@id\":\"https:\\\/\\\/objektmobiliar.ch\\\/moebel\\\/pflegegerechte-stuehle\\\/designstuhl-fuer-pflegeeinrichtungen\\\/#primaryimage\",\"url\":\"https:\\\/\\\/objektmobiliar.ch\\\/wp-content\\\/uploads\\\/2024\\\/09\\\/nora-stuhl-200-0600-s.jpg\",\"contentUrl\":\"https:\\\/\\\/objektmobiliar.ch\\\/wp-content\\\/uploads\\\/2024\\\/09\\\/nora-stuhl-200-0600-s.jpg\",\"width\":1000,\"height\":1000,\"caption\":\"Designstuhl f\u00fcr Pflegeeinrichtungen\"},{\"@type\":\"BreadcrumbList\",\"@id\":\"https:\\\/\\\/objektmobiliar.ch\\\/moebel\\\/pflegegerechte-stuehle\\\/designstuhl-fuer-pflegeeinrichtungen\\\/#breadcrumb\",\"itemListElement\":[{\"@type\":\"ListItem\",\"position\":1,\"name\":\"Startseite\",\"item\":\"https:\\\/\\\/objektmobiliar.ch\\\/\"},{\"@type\":\"ListItem\",\"position\":2,\"name\":\"M\u00f6bel\",\"item\":\"https:\\\/\\\/objektmobiliar.ch\\\/moebel\\\/\"},{\"@type\":\"ListItem\",\"position\":3,\"name\":\"St\u00fchle\",\"item\":\"https:\\\/\\\/objektmobiliar.ch\\\/moebel\\\/pflegegerechte-stuehle\\\/\"},{\"@type\":\"ListItem\",\"position\":4,\"name\":\"Nora Stuhl\"}]},{\"@type\":\"WebSite\",\"@id\":\"https:\\\/\\\/objektmobiliar.ch\\\/#website\",\"url\":\"https:\\\/\\\/objektmobiliar.ch\\\/\",\"name\":\"OZG HEALTHCARE\",\"description\":\"Objektmobiliar f\u00fcr Pflege, B\u00fcro, Praxis &amp; Hotellerie\",\"potentialAction\":[{\"@type\":\"SearchAction\",\"target\":{\"@type\":\"EntryPoint\",\"urlTemplate\":\"https:\\\/\\\/objektmobiliar.ch\\\/?s={search_term_string}\"},\"query-input\":{\"@type\":\"PropertyValueSpecification\",\"valueRequired\":true,\"valueName\":\"search_term_string\"}}],\"inLanguage\":\"fr-FR\"}]}<\/script>\n<!-- \/ Yoast SEO plugin. -->","yoast_head_json":{"title":"Chaise design pour les \u00e9tablissements de soins chez OZG","description":"La chaise design pour les \u00e9tablissements de soins peut \u00eatre personnalis\u00e9e et adapt\u00e9e \u00e0 l'environnement.","robots":{"index":"index","follow":"follow","max-snippet":"max-snippet:-1","max-image-preview":"max-image-preview:large","max-video-preview":"max-video-preview:-1"},"canonical":"https:\/\/objektmobiliar.ch\/fr\/meubles\/chaises-adaptees-aux-soins\/chaise-design-pour-etablissements-de-soins\/","og_locale":"fr_FR","og_type":"article","og_title":"Designstuhl f\u00fcr Pflegeeinrichtungen bei OZG","og_description":"Der Designstuhl f\u00fcr Pflegeeinrichtungen l\u00e4sst sich individuell gestalten und kann an die jeweilige Umgebung angepasst werden.","og_url":"https:\/\/objektmobiliar.ch\/fr\/meubles\/chaises-adaptees-aux-soins\/chaise-design-pour-etablissements-de-soins\/","og_site_name":"OZG HEALTHCARE","article_modified_time":"2024-09-19T14:28:45+00:00","og_image":[{"width":1000,"height":1000,"url":"https:\/\/objektmobiliar.ch\/wp-content\/uploads\/2024\/09\/nora-stuhl-200-0600-s.jpg","type":"image\/jpeg"}],"twitter_card":"summary_large_image","twitter_misc":{"Dur\u00e9e de lecture estim\u00e9e":"3 minutes"},"schema":{"@context":"https:\/\/schema.org","@graph":[{"@type":"WebPage","@id":"https:\/\/objektmobiliar.ch\/moebel\/pflegegerechte-stuehle\/designstuhl-fuer-pflegeeinrichtungen\/","url":"https:\/\/objektmobiliar.ch\/moebel\/pflegegerechte-stuehle\/designstuhl-fuer-pflegeeinrichtungen\/","name":"Chaise design pour les \u00e9tablissements de soins chez OZG","isPartOf":{"@id":"https:\/\/objektmobiliar.ch\/#website"},"primaryImageOfPage":{"@id":"https:\/\/objektmobiliar.ch\/moebel\/pflegegerechte-stuehle\/designstuhl-fuer-pflegeeinrichtungen\/#primaryimage"},"image":{"@id":"https:\/\/objektmobiliar.ch\/moebel\/pflegegerechte-stuehle\/designstuhl-fuer-pflegeeinrichtungen\/#primaryimage"},"thumbnailUrl":"https:\/\/objektmobiliar.ch\/wp-content\/uploads\/2024\/09\/nora-stuhl-200-0600-s.jpg","datePublished":"2024-09-10T16:29:58+00:00","dateModified":"2024-09-19T14:28:45+00:00","description":"La chaise design pour les \u00e9tablissements de soins peut \u00eatre personnalis\u00e9e et adapt\u00e9e \u00e0 l'environnement.","breadcrumb":{"@id":"https:\/\/objektmobiliar.ch\/moebel\/pflegegerechte-stuehle\/designstuhl-fuer-pflegeeinrichtungen\/#breadcrumb"},"inLanguage":"fr-FR","potentialAction":[{"@type":"ReadAction","target":["https:\/\/objektmobiliar.ch\/moebel\/pflegegerechte-stuehle\/designstuhl-fuer-pflegeeinrichtungen\/"]}]},{"@type":"ImageObject","inLanguage":"fr-FR","@id":"https:\/\/objektmobiliar.ch\/moebel\/pflegegerechte-stuehle\/designstuhl-fuer-pflegeeinrichtungen\/#primaryimage","url":"https:\/\/objektmobiliar.ch\/wp-content\/uploads\/2024\/09\/nora-stuhl-200-0600-s.jpg","contentUrl":"https:\/\/objektmobiliar.ch\/wp-content\/uploads\/2024\/09\/nora-stuhl-200-0600-s.jpg","width":1000,"height":1000,"caption":"Designstuhl f\u00fcr Pflegeeinrichtungen"},{"@type":"BreadcrumbList","@id":"https:\/\/objektmobiliar.ch\/moebel\/pflegegerechte-stuehle\/designstuhl-fuer-pflegeeinrichtungen\/#breadcrumb","itemListElement":[{"@type":"ListItem","position":1,"name":"Startseite","item":"https:\/\/objektmobiliar.ch\/"},{"@type":"ListItem","position":2,"name":"M\u00f6bel","item":"https:\/\/objektmobiliar.ch\/moebel\/"},{"@type":"ListItem","position":3,"name":"St\u00fchle","item":"https:\/\/objektmobiliar.ch\/moebel\/pflegegerechte-stuehle\/"},{"@type":"ListItem","position":4,"name":"Nora Stuhl"}]},{"@type":"WebSite","@id":"https:\/\/objektmobiliar.ch\/#website","url":"https:\/\/objektmobiliar.ch\/","name":"OZG HEALTHCARE","description":"Mobilier de collectivit\u00e9 pour les soins, les bureaux, les cabinets m\u00e9dicaux et l'h\u00f4tellerie","potentialAction":[{"@type":"SearchAction","target":{"@type":"EntryPoint","urlTemplate":"https:\/\/objektmobiliar.ch\/?s={search_term_string}"},"query-input":{"@type":"PropertyValueSpecification","valueRequired":true,"valueName":"search_term_string"}}],"inLanguage":"fr-FR"}]}},"coauthors":[],"author_meta":{"author_link":"https:\/\/objektmobiliar.ch\/fr\/author\/alex\/","display_name":"Alex"},"relative_dates":{"created":"Publi\u00e9 2 ans il y a","modified":"Mis \u00e0 jour 2 ans il y a"},"absolute_dates":{"created":"Publi\u00e9 le septembre 10, 2024","modified":"Mise \u00e0 jour le septembre 19, 2024"},"absolute_dates_time":{"created":"Publi\u00e9 le septembre 10, 2024 4:29 pm","modified":"Mise \u00e0 jour le septembre 19, 2024 2:28 pm"},"featured_img_caption":"Designstuhl f\u00fcr Pflegeeinrichtungen","featured_img":"https:\/\/objektmobiliar.ch\/wp-content\/uploads\/2024\/09\/nora-stuhl-200-0600-s-825x510.jpg","series_order":"","_links":{"self":[{"href":"https:\/\/objektmobiliar.ch\/fr\/wp-json\/wp\/v2\/pages\/4286","targetHints":{"allow":["GET"]}}],"collection":[{"href":"https:\/\/objektmobiliar.ch\/fr\/wp-json\/wp\/v2\/pages"}],"about":[{"href":"https:\/\/objektmobiliar.ch\/fr\/wp-json\/wp\/v2\/types\/page"}],"author":[{"embeddable":true,"href":"https:\/\/objektmobiliar.ch\/fr\/wp-json\/wp\/v2\/users\/2"}],"replies":[{"embeddable":true,"href":"https:\/\/objektmobiliar.ch\/fr\/wp-json\/wp\/v2\/comments?post=4286"}],"version-history":[{"count":8,"href":"https:\/\/objektmobiliar.ch\/fr\/wp-json\/wp\/v2\/pages\/4286\/revisions"}],"predecessor-version":[{"id":4627,"href":"https:\/\/objektmobiliar.ch\/fr\/wp-json\/wp\/v2\/pages\/4286\/revisions\/4627"}],"up":[{"embeddable":true,"href":"https:\/\/objektmobiliar.ch\/fr\/wp-json\/wp\/v2\/pages\/544"}],"wp:featuredmedia":[{"embeddable":true,"href":"https:\/\/objektmobiliar.ch\/fr\/wp-json\/wp\/v2\/media\/4287"}],"wp:attachment":[{"href":"https:\/\/objektmobiliar.ch\/fr\/wp-json\/wp\/v2\/media?parent=4286"}],"curies":[{"name":"wp","href":"https:\/\/api.w.org\/{rel}","templated":true}]}}