{"id":427,"date":"2023-10-12T16:59:17","date_gmt":"2023-10-12T16:59:17","guid":{"rendered":"https:\/\/dev.objektmobiliar.ch\/?page_id=427"},"modified":"2024-08-29T08:34:04","modified_gmt":"2024-08-29T08:34:04","slug":"elegance-classique-et-confort","status":"publish","type":"page","link":"https:\/\/objektmobiliar.ch\/fr\/moebel\/pflegegerechte-polstermoebel\/klassische-eleganz-und-komfort\/","title":{"rendered":"Margot Fauteuil"},"content":{"rendered":"<div class=\"lazyblock-produkt-detail-ozg-Z2rb8uz wp-block-lazyblock-produkt-detail-ozg\"><section class=\"sct\">\r\n      <div class=\"cnt\">\r\n        <div class=\"elmnt-product-desc\">\r\n          <div class=\"product-desc-box\"><img decoding=\"async\" src=\"https:\/\/objektmobiliar.ch\/wp-content\/uploads\/2023\/10\/margot-sessel.jpg\" loading=\"lazy\" alt=\"\" class=\"product-desc-img\"><\/div>\r\n          <div class=\"product-desc-txt\">\r\n            <h1 class=\"txt-product-headline\">S\u00c9RIE DE FAUTEUILS MARGOT<\/h1>\r\n            <h2 class=\"txt-product-subline\">\u00c9l\u00e9gance classique et confort pour les maisons de retraite<\/h2>\r\n            <div class=\"w-richtext\">\r\n              <p>La s\u00e9rie de fauteuils Margot offre une \u00e9l\u00e9gance classique et un confort pour les maisons de retraite. Elle s\u00e9duit par ses courbes douces et ses accoudoirs rembourr\u00e9s. Les coutures de couleur contrast\u00e9e constituent un d\u00e9tail captivant. Les meubles rembourr\u00e9s Margot offrent un confort d'assise optimal et invitent \u00e0 se d\u00e9tendre agr\u00e9ablement. Ils sont enti\u00e8rement rembourr\u00e9s et disposent d'une assise amovible qui facilite le nettoyage. Margot est donc id\u00e9al pour une utilisation dans les \u00e9tablissements de soins et un meuble particuli\u00e8rement adapt\u00e9 aux groupes de vie pour personnes atteintes de d\u00e9mence.<\/p>\n<p>La s\u00e9rie comprend des fauteuils lounge, des fauteuils \u00e0 oreilles ainsi que des canap\u00e9s 2 et 3 places. Tous les mod\u00e8les sont disponibles avec un rev\u00eatement en microfibre ou en similicuir. Pour ce faire, choisissez parmi diff\u00e9rents coloris et motifs ainsi que des tons de bois teint\u00e9 les meubles qui conviennent \u00e0 votre int\u00e9rieur.<\/p>\r\n            <\/div>\r\n            <a onclick=\"splite_loader();\" class=\"btn\">Demander un produit<\/a>\r\n          <\/div>\r\n        <\/div>\r\n      <\/div>\r\n    <\/section><\/div>\n\n<div class=\"lazyblock-produkt-slider-ozg-jo6o6 wp-block-lazyblock-produkt-slider-ozg\"><section class=\"sct\">\r\n  <div class=\"cnt semi\">\r\n    <div class=\"intro-txt\">\r\n        <h2>Mod\u00e8les et versions<\/h2>\r\n    <\/div>\r\n    \r\n    <div class=\"elmnt-similar-products\">\r\n      <div class=\"similar-product\"><img decoding=\"async\" src=\"https:\/\/objektmobiliar.ch\/wp-content\/uploads\/2023\/10\/margot-ohrensessel.jpg\" loading=\"eager\" alt=\"Fauteuil \u00e0 oreilles Margot avec rev\u00eatement en microfibre \u00e0 motifs\" class=\"similar-product-img\">\r\n        <div class=\"center\">\r\n          <div class=\"w-richtext\">\r\n            <p><strong>Fauteuil \u00e0 oreilles Margot<\/strong><br>avec rev\u00eatement en microfibre \u00e0 motifs<\/p>\r\n          <\/div>\r\n          \r\n        <\/div>\r\n      <\/div>\r\n      <div class=\"similar-product\"><img decoding=\"async\" src=\"https:\/\/objektmobiliar.ch\/wp-content\/uploads\/2023\/10\/margot-sessel-02.jpg\" loading=\"eager\" alt=\"\" class=\"similar-product-img\">\r\n        <div class=\"center\">\r\n          <div class=\"w-richtext\">\r\n            <p><strong>Fauteuil Margot<\/strong><br>avec rev\u00eatement en microfibre<\/p>\r\n          <\/div>\r\n          \r\n        <\/div>\r\n      <\/div>\r\n      <div class=\"similar-product\"><img decoding=\"async\" src=\"https:\/\/objektmobiliar.ch\/wp-content\/uploads\/2023\/10\/margot-sessel-03.jpg\" loading=\"eager\" alt=\"Fauteuil Margot avec rev\u00eatement en similicuir\" class=\"similar-product-img\">\r\n        <div class=\"center\">\r\n          <div class=\"w-richtext\">\r\n            <p><strong>Fauteuil Margot<\/strong><br>avec rev\u00eatement en similicuir<\/p>\r\n          <\/div>\r\n          \r\n        <\/div>\r\n      <\/div>\r\n      <div class=\"similar-product\"><img decoding=\"async\" src=\"https:\/\/objektmobiliar.ch\/wp-content\/uploads\/2023\/10\/margot-sessel-04.jpg\" loading=\"eager\" alt=\"Fauteuil Margot avec assise amovible\" class=\"similar-product-img\">\r\n        <div class=\"center\">\r\n          <div class=\"w-richtext\">\r\n            <p><strong>Fauteuil Margot<\/strong><br>avec si\u00e8ge amovible<\/p>\r\n          <\/div>\r\n          \r\n        <\/div>\r\n      <\/div>\r\n      <div class=\"similar-product\"><img decoding=\"async\" src=\"https:\/\/objektmobiliar.ch\/wp-content\/uploads\/2023\/10\/margot-sofa.jpg\" loading=\"eager\" alt=\"S\u00e9rie de canap\u00e9s classiques et \u00e9l\u00e9gants pour les maisons de soins\" class=\"similar-product-img\">\r\n        <div class=\"center\">\r\n          <div class=\"w-richtext\">\r\n            <p><strong>Canap\u00e9 2 places Margot<\/strong><\/p>\r\n          <\/div>\r\n          <a href=\"https:\/\/objektmobiliar.ch\/fr\/meubles\/meubles-rembourres-faciles-a-entretenir\/serie-de-canapes-classiques-et-elegants\/\" class=\"btn similarproducts\">Passer au produit<\/a>\r\n        <\/div>\r\n      <\/div>\r\n    <\/div>\r\n  <\/div>\r\n  \r\n  <div class=\"cnt narrow\">\r\n    <div class=\"similar-products-nav-pos\">\r\n      <div class=\"w-embed\">\r\n        \r\n      <\/div>\r\n    <\/div>\r\n  <\/div>\r\n<\/section><\/div>\n\n\n<div class=\"wp-block-group\"><div class=\"wp-block-group__inner-container is-layout-constrained wp-block-group-is-layout-constrained\"><section class=\"sct\">\r\n      <div class=\"cnt narrow\">\r\n        <div class=\"introtxt\">\r\n        <div class=\"w-richtext\">\r\n            <h2>Description du produit<\/h2>\r\n        <\/div>\r\n        <\/div>\r\n        \r\n          \n\n\n<figure class=\"wp-block-table is-style-regular\"><table><thead><tr><th>Art. No.<\/th><th>Description<\/th><th><\/th><\/tr><\/thead><tbody><tr><td>220-0240\/S<\/td><td>Fauteuil Margot<\/td><td><a href=\"https:\/\/objektmobiliar.ch\/fr\/meubles\/meubles-rembourres-faciles-a-entretenir\/elegance-classique-et-confort\/\">Passer au produit<\/a><\/td><\/tr><tr><td>220-0241\/S<\/td><td>Canap\u00e9 2 places Margot<\/td><td><a href=\"https:\/\/objektmobiliar.ch\/fr\/meubles\/meubles-rembourres-faciles-a-entretenir\/serie-de-canapes-classiques-et-elegants\/\">Passer au produit<\/a><\/td><\/tr><tr><td>220-0242\/S<\/td><td>Canap\u00e9 3 places Margot<\/td><td><\/td><\/tr><tr><td>220-0243\/S<\/td><td>Fauteuil \u00e0 oreilles Margot<\/td><td><a data-type=\"page\" data-id=\"427\" href=\"https:\/\/objektmobiliar.ch\/fr\/meubles\/meubles-rembourres-faciles-a-entretenir\/margot-sessel\/\"><\/a><\/td><\/tr><\/tbody><\/table><\/figure>\n\n\n<\/div><\/section><\/div><\/div>\n\n\n<div class=\"lazyblock-text-modul-ozg-Z1TABRE wp-block-lazyblock-text-modul-ozg\"><section class=\"sct\">\r\n      <div class=\"cnt narrow\">\r\n        <div class=\"w-richtext\">\r\n            <h2>La s\u00e9rie de fauteuils Margot<\/h2>\n<h3>\u00c9l\u00e9gance et confort pour les maisons de retraite<\/h3>\n<p>La s\u00e9rie de fauteuils Margot allie \u00e9l\u00e9gance classique et confort pratique pour les maisons de retraite. Avec ses courbes douces, ses accoudoirs rembourr\u00e9s et ses coutures de couleur contrast\u00e9e, elle offre \u00e0 la fois un design attrayant et un grand confort d'assise. Les meubles de la s\u00e9rie Margot, enti\u00e8rement rembourr\u00e9s, sont faciles \u00e0 entretenir et disposent d'une assise amovible qui facilite le nettoyage. Ces caract\u00e9ristiques les rendent particuli\u00e8rement adapt\u00e9s aux \u00e9tablissements de soins et aux groupes de vie pour personnes atteintes de d\u00e9mence, car ils r\u00e9pondent aux exigences sp\u00e9cifiques de cet environnement.<\/p>\n<h3>Des options vari\u00e9es pour chaque \u00e9tablissement<\/h3>\n<p>La s\u00e9rie comprend des fauteuils lounge, des fauteuils \u00e0 oreilles ainsi que des canap\u00e9s 2 et 3 places, disponibles en microfibre ou en similicuir. Les diff\u00e9rents mat\u00e9riaux, couleurs et teintes de bois permettent une adaptation parfaite \u00e0 chaque int\u00e9rieur. Choisissez le design qui convient le mieux \u00e0 votre int\u00e9rieur pour r\u00e9pondre \u00e0 la fois aux exigences esth\u00e9tiques et fonctionnelles. Optez pour la <a href=\"https:\/\/objektmobiliar.ch\/fr\/inspiration\/materiaux-et-couleurs\/\">Mat\u00e9riaux et couleurs<\/a>Nous vous proposons une gamme de produits qui s'adaptent parfaitement \u00e0 votre int\u00e9rieur.<\/p>\r\n        <\/div>\r\n      <\/div>\r\n    <\/section><\/div><style class=\"advgb-styles-renderer\">\r\n            .similar-products-nav li {\r\n              overflow: hidden;\r\n              margin: 0px !important;\r\n              flex-grow: 0 !important;\r\n              flex-shrink: 1 !important;\r\n              flex-basis: 12.5% !important;\r\n              border-style: solid;\r\n              border-width: 2px;\r\n              border-color: transparent;\r\n              border-radius: 8px;\r\n              transition-property: border-color;\r\n              transition-duration: 600ms;\r\n              transition-timing-function: ease;\r\n              cursor: pointer;\r\n            }\r\n            .similar-products-nav li.slick-active {\r\n              border-color: #dde7ef;\r\n            }\r\n            @media screen and (max-width:767px) {\r\n              .similar-products-nav li {\r\n                flex-basis: auto !important;\r\n                border-radius: 8px;\r\n                padding-top: 8px;\r\n                padding-right: 16px;\r\n                padding-bottom: 6px;\r\n                padding-left: 16px;\r\n              }\r\n              .similar-products-nav li.slick-active {\r\n                background-color: #dde7ef;\r\n                transition-property: background-color, border-color;\r\n                transition-duration: 600ms, 200ms;\r\n                transition-timing-function: ease, ease;\r\n                color: #426b8a;\r\n              }\r\n            }\r\n          <\/style>","protected":false},"excerpt":{"rendered":"<p>Die Sesselserie MARGOT besticht durch klassische Eleganz, sanfte Rundungen und gepolsterte Armlehnen. Ein spannendes Detail sind die farblich abgesetzten N\u00e4hte.<\/p>","protected":false},"author":7,"featured_media":432,"parent":220,"menu_order":0,"comment_status":"closed","ping_status":"closed","template":"","meta":{"advgb_blocks_editor_width":"","advgb_blocks_columns_visual_guide":"","footnotes":""},"class_list":["post-427","page","type-page","status-publish","has-post-thumbnail","hentry"],"yoast_head":"<!-- This site is optimized with the Yoast SEO plugin v27.4 - https:\/\/yoast.com\/product\/yoast-seo-wordpress\/ -->\n<title>Klassische Eleganz und Komfort f\u00fcr Seniorenheime bei OZG<\/title>\n<meta name=\"description\" content=\"Klassische Eleganz und Komfort f\u00fcr Seniorenheime bietet die Sesselserie Margot und besticht durch sanfte Rundungen und gepolsterte Armlehnen.\" \/>\n<meta name=\"robots\" content=\"index, follow, max-snippet:-1, max-image-preview:large, max-video-preview:-1\" \/>\n<link rel=\"canonical\" href=\"https:\/\/objektmobiliar.ch\/fr\/meubles\/meubles-rembourres-faciles-a-entretenir\/elegance-classique-et-confort\/\" \/>\n<meta property=\"og:locale\" content=\"fr_FR\" \/>\n<meta property=\"og:type\" content=\"article\" \/>\n<meta property=\"og:title\" content=\"Klassische Eleganz und Komfort f\u00fcr Seniorenheime bei OZG\" \/>\n<meta property=\"og:description\" content=\"Klassische Eleganz und Komfort f\u00fcr Seniorenheime bietet die Sesselserie Margot und besticht durch sanfte Rundungen und gepolsterte Armlehnen.\" \/>\n<meta property=\"og:url\" content=\"https:\/\/objektmobiliar.ch\/fr\/meubles\/meubles-rembourres-faciles-a-entretenir\/elegance-classique-et-confort\/\" \/>\n<meta property=\"og:site_name\" content=\"OZG HEALTHCARE\" \/>\n<meta property=\"article:modified_time\" content=\"2024-08-29T08:34:04+00:00\" \/>\n<meta property=\"og:image\" content=\"https:\/\/objektmobiliar.ch\/wp-content\/uploads\/2023\/10\/margot-sessel.jpg\" \/>\n\t<meta property=\"og:image:width\" content=\"1000\" \/>\n\t<meta property=\"og:image:height\" content=\"1000\" \/>\n\t<meta property=\"og:image:type\" content=\"image\/jpeg\" \/>\n<meta name=\"twitter:card\" content=\"summary_large_image\" \/>\n<meta name=\"twitter:label1\" content=\"Dur\u00e9e de lecture estim\u00e9e\" \/>\n\t<meta name=\"twitter:data1\" content=\"3 minutes\" \/>\n<script type=\"application\/ld+json\" class=\"yoast-schema-graph\">{\"@context\":\"https:\\\/\\\/schema.org\",\"@graph\":[{\"@type\":\"WebPage\",\"@id\":\"https:\\\/\\\/objektmobiliar.ch\\\/moebel\\\/pflegegerechte-polstermoebel\\\/klassische-eleganz-und-komfort\\\/\",\"url\":\"https:\\\/\\\/objektmobiliar.ch\\\/moebel\\\/pflegegerechte-polstermoebel\\\/klassische-eleganz-und-komfort\\\/\",\"name\":\"Klassische Eleganz und Komfort f\u00fcr Seniorenheime bei OZG\",\"isPartOf\":{\"@id\":\"https:\\\/\\\/objektmobiliar.ch\\\/#website\"},\"primaryImageOfPage\":{\"@id\":\"https:\\\/\\\/objektmobiliar.ch\\\/moebel\\\/pflegegerechte-polstermoebel\\\/klassische-eleganz-und-komfort\\\/#primaryimage\"},\"image\":{\"@id\":\"https:\\\/\\\/objektmobiliar.ch\\\/moebel\\\/pflegegerechte-polstermoebel\\\/klassische-eleganz-und-komfort\\\/#primaryimage\"},\"thumbnailUrl\":\"https:\\\/\\\/objektmobiliar.ch\\\/wp-content\\\/uploads\\\/2023\\\/10\\\/margot-sessel.jpg\",\"datePublished\":\"2023-10-12T16:59:17+00:00\",\"dateModified\":\"2024-08-29T08:34:04+00:00\",\"description\":\"Klassische Eleganz und Komfort f\u00fcr Seniorenheime bietet die Sesselserie Margot und besticht durch sanfte Rundungen und gepolsterte Armlehnen.\",\"breadcrumb\":{\"@id\":\"https:\\\/\\\/objektmobiliar.ch\\\/moebel\\\/pflegegerechte-polstermoebel\\\/klassische-eleganz-und-komfort\\\/#breadcrumb\"},\"inLanguage\":\"fr-FR\",\"potentialAction\":[{\"@type\":\"ReadAction\",\"target\":[\"https:\\\/\\\/objektmobiliar.ch\\\/moebel\\\/pflegegerechte-polstermoebel\\\/klassische-eleganz-und-komfort\\\/\"]}]},{\"@type\":\"ImageObject\",\"inLanguage\":\"fr-FR\",\"@id\":\"https:\\\/\\\/objektmobiliar.ch\\\/moebel\\\/pflegegerechte-polstermoebel\\\/klassische-eleganz-und-komfort\\\/#primaryimage\",\"url\":\"https:\\\/\\\/objektmobiliar.ch\\\/wp-content\\\/uploads\\\/2023\\\/10\\\/margot-sessel.jpg\",\"contentUrl\":\"https:\\\/\\\/objektmobiliar.ch\\\/wp-content\\\/uploads\\\/2023\\\/10\\\/margot-sessel.jpg\",\"width\":1000,\"height\":1000,\"caption\":\"Klassische Eleganz und Komfort f\u00fcr Seniorenheime\"},{\"@type\":\"BreadcrumbList\",\"@id\":\"https:\\\/\\\/objektmobiliar.ch\\\/moebel\\\/pflegegerechte-polstermoebel\\\/klassische-eleganz-und-komfort\\\/#breadcrumb\",\"itemListElement\":[{\"@type\":\"ListItem\",\"position\":1,\"name\":\"Startseite\",\"item\":\"https:\\\/\\\/objektmobiliar.ch\\\/\"},{\"@type\":\"ListItem\",\"position\":2,\"name\":\"M\u00f6bel\",\"item\":\"https:\\\/\\\/objektmobiliar.ch\\\/moebel\\\/\"},{\"@type\":\"ListItem\",\"position\":3,\"name\":\"Polsterm\u00f6bel\",\"item\":\"https:\\\/\\\/objektmobiliar.ch\\\/moebel\\\/pflegegerechte-polstermoebel\\\/\"},{\"@type\":\"ListItem\",\"position\":4,\"name\":\"Margot Sessel\"}]},{\"@type\":\"WebSite\",\"@id\":\"https:\\\/\\\/objektmobiliar.ch\\\/#website\",\"url\":\"https:\\\/\\\/objektmobiliar.ch\\\/\",\"name\":\"OZG HEALTHCARE\",\"description\":\"Objektmobiliar f\u00fcr Pflege, B\u00fcro, Praxis &amp; Hotellerie\",\"potentialAction\":[{\"@type\":\"SearchAction\",\"target\":{\"@type\":\"EntryPoint\",\"urlTemplate\":\"https:\\\/\\\/objektmobiliar.ch\\\/?s={search_term_string}\"},\"query-input\":{\"@type\":\"PropertyValueSpecification\",\"valueRequired\":true,\"valueName\":\"search_term_string\"}}],\"inLanguage\":\"fr-FR\"}]}<\/script>\n<!-- \/ Yoast SEO plugin. -->","yoast_head_json":{"title":"\u00c9l\u00e9gance classique et confort pour les maisons de retraite chez OZG","description":"La s\u00e9rie de fauteuils Margot offre une \u00e9l\u00e9gance classique et un confort pour les maisons de retraite. Elle s\u00e9duit par ses courbes douces et ses accoudoirs rembourr\u00e9s.","robots":{"index":"index","follow":"follow","max-snippet":"max-snippet:-1","max-image-preview":"max-image-preview:large","max-video-preview":"max-video-preview:-1"},"canonical":"https:\/\/objektmobiliar.ch\/fr\/meubles\/meubles-rembourres-faciles-a-entretenir\/elegance-classique-et-confort\/","og_locale":"fr_FR","og_type":"article","og_title":"Klassische Eleganz und Komfort f\u00fcr Seniorenheime bei OZG","og_description":"Klassische Eleganz und Komfort f\u00fcr Seniorenheime bietet die Sesselserie Margot und besticht durch sanfte Rundungen und gepolsterte Armlehnen.","og_url":"https:\/\/objektmobiliar.ch\/fr\/meubles\/meubles-rembourres-faciles-a-entretenir\/elegance-classique-et-confort\/","og_site_name":"OZG HEALTHCARE","article_modified_time":"2024-08-29T08:34:04+00:00","og_image":[{"width":1000,"height":1000,"url":"https:\/\/objektmobiliar.ch\/wp-content\/uploads\/2023\/10\/margot-sessel.jpg","type":"image\/jpeg"}],"twitter_card":"summary_large_image","twitter_misc":{"Dur\u00e9e de lecture estim\u00e9e":"3 minutes"},"schema":{"@context":"https:\/\/schema.org","@graph":[{"@type":"WebPage","@id":"https:\/\/objektmobiliar.ch\/moebel\/pflegegerechte-polstermoebel\/klassische-eleganz-und-komfort\/","url":"https:\/\/objektmobiliar.ch\/moebel\/pflegegerechte-polstermoebel\/klassische-eleganz-und-komfort\/","name":"\u00c9l\u00e9gance classique et confort pour les maisons de retraite chez OZG","isPartOf":{"@id":"https:\/\/objektmobiliar.ch\/#website"},"primaryImageOfPage":{"@id":"https:\/\/objektmobiliar.ch\/moebel\/pflegegerechte-polstermoebel\/klassische-eleganz-und-komfort\/#primaryimage"},"image":{"@id":"https:\/\/objektmobiliar.ch\/moebel\/pflegegerechte-polstermoebel\/klassische-eleganz-und-komfort\/#primaryimage"},"thumbnailUrl":"https:\/\/objektmobiliar.ch\/wp-content\/uploads\/2023\/10\/margot-sessel.jpg","datePublished":"2023-10-12T16:59:17+00:00","dateModified":"2024-08-29T08:34:04+00:00","description":"La s\u00e9rie de fauteuils Margot offre une \u00e9l\u00e9gance classique et un confort pour les maisons de retraite. Elle s\u00e9duit par ses courbes douces et ses accoudoirs rembourr\u00e9s.","breadcrumb":{"@id":"https:\/\/objektmobiliar.ch\/moebel\/pflegegerechte-polstermoebel\/klassische-eleganz-und-komfort\/#breadcrumb"},"inLanguage":"fr-FR","potentialAction":[{"@type":"ReadAction","target":["https:\/\/objektmobiliar.ch\/moebel\/pflegegerechte-polstermoebel\/klassische-eleganz-und-komfort\/"]}]},{"@type":"ImageObject","inLanguage":"fr-FR","@id":"https:\/\/objektmobiliar.ch\/moebel\/pflegegerechte-polstermoebel\/klassische-eleganz-und-komfort\/#primaryimage","url":"https:\/\/objektmobiliar.ch\/wp-content\/uploads\/2023\/10\/margot-sessel.jpg","contentUrl":"https:\/\/objektmobiliar.ch\/wp-content\/uploads\/2023\/10\/margot-sessel.jpg","width":1000,"height":1000,"caption":"Klassische Eleganz und Komfort f\u00fcr Seniorenheime"},{"@type":"BreadcrumbList","@id":"https:\/\/objektmobiliar.ch\/moebel\/pflegegerechte-polstermoebel\/klassische-eleganz-und-komfort\/#breadcrumb","itemListElement":[{"@type":"ListItem","position":1,"name":"Startseite","item":"https:\/\/objektmobiliar.ch\/"},{"@type":"ListItem","position":2,"name":"M\u00f6bel","item":"https:\/\/objektmobiliar.ch\/moebel\/"},{"@type":"ListItem","position":3,"name":"Polsterm\u00f6bel","item":"https:\/\/objektmobiliar.ch\/moebel\/pflegegerechte-polstermoebel\/"},{"@type":"ListItem","position":4,"name":"Margot Sessel"}]},{"@type":"WebSite","@id":"https:\/\/objektmobiliar.ch\/#website","url":"https:\/\/objektmobiliar.ch\/","name":"OZG HEALTHCARE","description":"Mobilier de collectivit\u00e9 pour les soins, les bureaux, les cabinets m\u00e9dicaux et l'h\u00f4tellerie","potentialAction":[{"@type":"SearchAction","target":{"@type":"EntryPoint","urlTemplate":"https:\/\/objektmobiliar.ch\/?s={search_term_string}"},"query-input":{"@type":"PropertyValueSpecification","valueRequired":true,"valueName":"search_term_string"}}],"inLanguage":"fr-FR"}]}},"coauthors":[],"author_meta":{"author_link":"https:\/\/objektmobiliar.ch\/fr\/author\/henni\/","display_name":"Henriette Saade"},"relative_dates":{"created":"Publi\u00e9 3 ans il y a","modified":"Mis \u00e0 jour 2 ans il y a"},"absolute_dates":{"created":"Publi\u00e9 le octobre 12, 2023","modified":"Mise \u00e0 jour le ao\u00fbt 29, 2024"},"absolute_dates_time":{"created":"Publi\u00e9 le octobre 12, 2023 4:59 pm","modified":"Mise \u00e0 jour le ao\u00fbt 29, 2024 8:34 am"},"featured_img_caption":"","featured_img":"https:\/\/objektmobiliar.ch\/wp-content\/uploads\/2023\/10\/margot-sessel-825x510.jpg","series_order":"","_links":{"self":[{"href":"https:\/\/objektmobiliar.ch\/fr\/wp-json\/wp\/v2\/pages\/427","targetHints":{"allow":["GET"]}}],"collection":[{"href":"https:\/\/objektmobiliar.ch\/fr\/wp-json\/wp\/v2\/pages"}],"about":[{"href":"https:\/\/objektmobiliar.ch\/fr\/wp-json\/wp\/v2\/types\/page"}],"author":[{"embeddable":true,"href":"https:\/\/objektmobiliar.ch\/fr\/wp-json\/wp\/v2\/users\/7"}],"replies":[{"embeddable":true,"href":"https:\/\/objektmobiliar.ch\/fr\/wp-json\/wp\/v2\/comments?post=427"}],"version-history":[{"count":13,"href":"https:\/\/objektmobiliar.ch\/fr\/wp-json\/wp\/v2\/pages\/427\/revisions"}],"predecessor-version":[{"id":3422,"href":"https:\/\/objektmobiliar.ch\/fr\/wp-json\/wp\/v2\/pages\/427\/revisions\/3422"}],"up":[{"embeddable":true,"href":"https:\/\/objektmobiliar.ch\/fr\/wp-json\/wp\/v2\/pages\/220"}],"wp:featuredmedia":[{"embeddable":true,"href":"https:\/\/objektmobiliar.ch\/fr\/wp-json\/wp\/v2\/media\/432"}],"wp:attachment":[{"href":"https:\/\/objektmobiliar.ch\/fr\/wp-json\/wp\/v2\/media?parent=427"}],"curies":[{"name":"wp","href":"https:\/\/api.w.org\/{rel}","templated":true}]}}