{"id":419,"date":"2023-10-12T15:58:26","date_gmt":"2023-10-12T15:58:26","guid":{"rendered":"https:\/\/dev.objektmobiliar.ch\/?page_id=419"},"modified":"2024-08-27T14:21:06","modified_gmt":"2024-08-27T14:21:06","slug":"meubles-rembourres-confortables","status":"publish","type":"page","link":"https:\/\/objektmobiliar.ch\/fr\/moebel\/pflegegerechte-polstermoebel\/komfortable-polstermoebel\/","title":{"rendered":"Mali"},"content":{"rendered":"<div class=\"lazyblock-produkt-detail-ozg-QlJgc wp-block-lazyblock-produkt-detail-ozg\"><section class=\"sct\">\r\n      <div class=\"cnt\">\r\n        <div class=\"elmnt-product-desc\">\r\n          <div class=\"product-desc-box\"><img decoding=\"async\" src=\"https:\/\/objektmobiliar.ch\/wp-content\/uploads\/2023\/10\/mali-tano-sessel.jpg\" loading=\"lazy\" alt=\"\" class=\"product-desc-img\"><\/div>\r\n          <div class=\"product-desc-txt\">\r\n            <h1 class=\"txt-product-headline\">S\u00e9rie Mali<\/h1>\r\n            <h2 class=\"txt-product-subline\">Des meubles rembourr\u00e9s confortables au design intemporel<\/h2>\r\n            <div class=\"w-richtext\">\r\n              <p>Les meubles rembourr\u00e9s de la s\u00e9rie MALI, qui comprend aussi bien des fauteuils individuels que des canap\u00e9s \u00e0 deux places et des poufs, se pr\u00e9sentent de mani\u00e8re intemporelle et attrayante dans de multiples combinaisons de couleurs et de tissus. Avec leur langage formel clair, les produits s'int\u00e8grent harmonieusement et clairement dans des ambiances modernes ou classiques. La s\u00e9rie MALI se caract\u00e9rise, comme tous nos meubles, par un confort maximal et des mat\u00e9riaux de haute qualit\u00e9 que vous pouvez configurer en fonction de votre concept d'am\u00e9nagement.<\/p>\r\n            <\/div>\r\n            <a onclick=\"splite_loader();\" class=\"btn\">Demander un produit<\/a>\r\n          <\/div>\r\n        <\/div>\r\n      <\/div>\r\n    <\/section><\/div>\n\n<div class=\"lazyblock-produkt-slider-ozg-ZTEfqt wp-block-lazyblock-produkt-slider-ozg\"><section class=\"sct\">\r\n  <div class=\"cnt\">\r\n    <div class=\"intro-txt\">\r\n        <h2>Meubles rembourr\u00e9s confortables pour les maisons de retraite : mod\u00e8les et finitions<\/h2>\r\n    <\/div>\r\n    \r\n    <div class=\"elmnt-similar-products\">\r\n      <div class=\"similar-product\"><img decoding=\"async\" src=\"https:\/\/objektmobiliar.ch\/wp-content\/uploads\/2023\/10\/mali-18-sessel.jpg\" loading=\"eager\" alt=\"Mali 18 - Intemporel et attrayant\" class=\"similar-product-img\">\r\n        <div class=\"center\">\r\n          <div class=\"w-richtext\">\r\n            <p><strong>Fauteuil Mali 18,<\/strong><br>R\u00e9f. N\u00b0 220-0051\/S<\/p>\r\n          <\/div>\r\n          \r\n        <\/div>\r\n      <\/div>\r\n      <div class=\"similar-product\"><img decoding=\"async\" src=\"https:\/\/objektmobiliar.ch\/wp-content\/uploads\/2023\/10\/mali-referenz.jpg\" loading=\"eager\" alt=\"Mali - Intemporel et attrayant\" class=\"similar-product-img\">\r\n        <div class=\"center\">\r\n          <div class=\"w-richtext\">\r\n            <p><strong>Fauteuil Mali 23,<\/strong><br>R\u00e9f. N\u00b0 220-0056\/S<\/p>\r\n          <\/div>\r\n          \r\n        <\/div>\r\n      <\/div>\r\n      <div class=\"similar-product\"><img decoding=\"async\" src=\"https:\/\/objektmobiliar.ch\/wp-content\/uploads\/2023\/10\/mali-23-sessel.jpg\" loading=\"eager\" alt=\"Mali 23 - Intemporel et attrayant\" class=\"similar-product-img\">\r\n        <div class=\"center\">\r\n          <div class=\"w-richtext\">\r\n            <p><strong>Fauteuil Mali 23,<\/strong><br>R\u00e9f. N\u00b0 220-0056\/S<\/p>\r\n          <\/div>\r\n          \r\n        <\/div>\r\n      <\/div>\r\n      <div class=\"similar-product\"><img decoding=\"async\" src=\"https:\/\/objektmobiliar.ch\/wp-content\/uploads\/2023\/10\/mali-tano-sessel.jpg\" loading=\"eager\" alt=\"Mali - le fauteuil au design intemporel\" class=\"similar-product-img\">\r\n        <div class=\"center\">\r\n          <div class=\"w-richtext\">\r\n            <p><strong>Fauteuil Mali\/Tano,<\/strong><br>Art. N\u00b0 220-0168\/S<\/p>\r\n          <\/div>\r\n          \r\n        <\/div>\r\n      <\/div>\r\n      <div class=\"similar-product\"><img decoding=\"async\" src=\"https:\/\/objektmobiliar.ch\/wp-content\/uploads\/2023\/10\/mali-tano-sofa.jpg\" loading=\"eager\" alt=\"Canap\u00e9 Mali pour maisons de retraite\" class=\"similar-product-img\">\r\n        <div class=\"center\">\r\n          <div class=\"w-richtext\">\r\n            <p><strong>Canap\u00e9 3 places Mali\/Tano,<\/strong><br>Art. N\u00b0 220-0186\/S<\/p>\r\n          <\/div>\r\n          \r\n        <\/div>\r\n      <\/div>\r\n    <\/div>\r\n  <\/div>\r\n  \r\n  <div class=\"cnt narrow\">\r\n    <div class=\"similar-products-nav-pos\">\r\n      <div class=\"w-embed\">\r\n        \r\n      <\/div>\r\n    <\/div>\r\n  <\/div>\r\n<\/section><\/div>\n\n\n<div class=\"wp-block-group\"><div class=\"wp-block-group__inner-container is-layout-constrained wp-block-group-is-layout-constrained\"><section class=\"sct\">\r\n      <div class=\"cnt narrow\">\r\n        <div class=\"introtxt\">\r\n        <div class=\"w-richtext\">\r\n            <h2>Description du produit<\/h2>\r\n        <\/div>\r\n        <\/div>\r\n        \r\n          \n\n\n<figure class=\"wp-block-table is-style-regular\"><table><thead><tr><th>Art. No.<\/th><th>Description<\/th><\/tr><\/thead><tbody><tr><td>220-0051\/S<\/td><td>Fauteuil Mali 18<\/td><\/tr><tr><td>220-0056\/S<\/td><td>Fauteuil Mali 23<\/td><\/tr><tr><td>220-0069\/S<\/td><td>Tabouret Mali 36<\/td><\/tr><tr><td>220-0168\/S<\/td><td>Fauteuil Mali\/Tano<\/td><\/tr><tr><td>220-0169\/S<\/td><td>Canap\u00e9 2 places Mali\/Tano<\/td><\/tr><tr><td>220-0186\/S<\/td><td>Canap\u00e9 3 places Mali\/Tano<\/td><\/tr><\/tbody><\/table><\/figure>\n\n\n<\/div><\/section><\/div><\/div>\n\n\n<div class=\"lazyblock-text-modul-ozg-Z1kwrwX wp-block-lazyblock-text-modul-ozg\"><section class=\"sct\">\r\n      <div class=\"cnt narrow\">\r\n        <div class=\"w-richtext\">\r\n            <h2>Des meubles rembourr\u00e9s confortables pour les maisons de retraite<\/h2>\n<p>D\u00e9couvrez la s\u00e9rie populaire MALI, qui s\u00e9duit par son design intemporel et son aspect attrayant. La s\u00e9rie comprend des meubles postaux confortables pour les maisons de retraite, dont des fauteuils individuels, des tabourets et des canap\u00e9s pour deux personnes au design intemporel. Celui-ci se distingue par ses formes claires et s'int\u00e8gre facilement dans les concepts d'am\u00e9nagement modernes et classiques.<\/p>\n<h3>Le choix parfait pour le confort et l'\u00e9l\u00e9gance<\/h3>\n<p>Ce fauteuil offre non seulement d'excellents mat\u00e9riaux, mais aussi un confort maximal, particuli\u00e8rement appr\u00e9ci\u00e9 dans les maisons de retraite. Le rembourrage g\u00e9n\u00e9reux de l'assise, du dossier et des accoudoirs assure un grand confort d'assise. Cela rend le fauteuil id\u00e9al pour des p\u00e9riodes d'assise prolong\u00e9es, par exemple pour la lecture ou la d\u00e9tente. La conception ergonomique du fauteuil favorise une position assise confortable et permet de se lever plus facilement, ce qui est particuli\u00e8rement important pour la mobilit\u00e9 et le bien-\u00eatre des r\u00e9sidents.<\/p>\n<h3>Votre choix : couleurs et mat\u00e9riaux<\/h3>\n<p>Les mat\u00e9riaux robustes et faciles \u00e0 entretenir garantissent une longue dur\u00e9e de vie et une facilit\u00e9 de nettoyage, ce qui facilite l'entretien dans les \u00e9tablissements de soins. Les meubles rembourr\u00e9s de la s\u00e9rie Mali sont disponibles dans une multitude de couleurs et de combinaisons de tissus. Vous pouvez ainsi choisir des meubles qui sont \u00e0 la fois fonctionnels et parfaitement adapt\u00e9s \u00e0 votre concept d'am\u00e9nagement sur le plan esth\u00e9tique. Configurez vos meubles rembourr\u00e9s dans diff\u00e9rentes <a href=\"https:\/\/objektmobiliar.ch\/fr\/inspiration\/materiaux-et-couleurs\/\">les mat\u00e9riaux et les couleurs,<\/a> exactement en fonction des besoins de votre \u00e9tablissement<\/p>\r\n        <\/div>\r\n      <\/div>\r\n    <\/section><\/div><style class=\"advgb-styles-renderer\">\r\n            .similar-products-nav li {\r\n              overflow: hidden;\r\n              margin: 0px !important;\r\n              flex-grow: 0 !important;\r\n              flex-shrink: 1 !important;\r\n              flex-basis: 12.5% !important;\r\n              border-style: solid;\r\n              border-width: 2px;\r\n              border-color: transparent;\r\n              border-radius: 8px;\r\n              transition-property: border-color;\r\n              transition-duration: 600ms;\r\n              transition-timing-function: ease;\r\n              cursor: pointer;\r\n            }\r\n            .similar-products-nav li.slick-active {\r\n              border-color: #dde7ef;\r\n            }\r\n            @media screen and (max-width:767px) {\r\n              .similar-products-nav li {\r\n                flex-basis: auto !important;\r\n                border-radius: 8px;\r\n                padding-top: 8px;\r\n                padding-right: 16px;\r\n                padding-bottom: 6px;\r\n                padding-left: 16px;\r\n              }\r\n              .similar-products-nav li.slick-active {\r\n                background-color: #dde7ef;\r\n                transition-property: background-color, border-color;\r\n                transition-duration: 600ms, 200ms;\r\n                transition-timing-function: ease, ease;\r\n                color: #426b8a;\r\n              }\r\n            }\r\n          <\/style>","protected":false},"excerpt":{"rendered":"<p>Zeitlos und ansprechend pr\u00e4sentieren sich die Polsterm\u00f6bel der Serie MALI. Mit der klaren Formensprache f\u00fcgen sich die Produkte der Serie Mali harmonisch und klar in moderne, wie auch klassische Ambiente ein.<\/p>","protected":false},"author":2,"featured_media":423,"parent":220,"menu_order":0,"comment_status":"closed","ping_status":"closed","template":"","meta":{"advgb_blocks_editor_width":"","advgb_blocks_columns_visual_guide":"","footnotes":""},"class_list":["post-419","page","type-page","status-publish","has-post-thumbnail","hentry"],"yoast_head":"<!-- This site is optimized with the Yoast SEO plugin v27.4 - https:\/\/yoast.com\/product\/yoast-seo-wordpress\/ -->\n<title>Komfortable Polsterm\u00f6bel f\u00fcr Altenheime bei OZG<\/title>\n<meta name=\"description\" content=\"Die Serie Mali umfasst komfortable Polsterm\u00f6bel f\u00fcr Altenheime - darunter Sessel, 2er Sofas und Hocker in vielf\u00e4ltigen Farbkombinationen.\" \/>\n<meta name=\"robots\" content=\"index, follow, max-snippet:-1, max-image-preview:large, max-video-preview:-1\" \/>\n<link rel=\"canonical\" href=\"https:\/\/objektmobiliar.ch\/fr\/meubles\/meubles-rembourres-faciles-a-entretenir\/meubles-rembourres-confortables\/\" \/>\n<meta property=\"og:locale\" content=\"fr_FR\" \/>\n<meta property=\"og:type\" content=\"article\" \/>\n<meta property=\"og:title\" content=\"Komfortable Polsterm\u00f6bel f\u00fcr Altenheime bei OZG\" \/>\n<meta property=\"og:description\" content=\"Die Serie Mali umfasst komfortable Polsterm\u00f6bel f\u00fcr Altenheime - darunter Sessel, 2er Sofas und Hocker in vielf\u00e4ltigen Farbkombinationen.\" \/>\n<meta property=\"og:url\" content=\"https:\/\/objektmobiliar.ch\/fr\/meubles\/meubles-rembourres-faciles-a-entretenir\/meubles-rembourres-confortables\/\" \/>\n<meta property=\"og:site_name\" content=\"OZG HEALTHCARE\" \/>\n<meta property=\"article:modified_time\" content=\"2024-08-27T14:21:06+00:00\" \/>\n<meta property=\"og:image\" content=\"https:\/\/objektmobiliar.ch\/wp-content\/uploads\/2023\/10\/mali-23-sessel.jpg\" \/>\n\t<meta property=\"og:image:width\" content=\"1000\" \/>\n\t<meta property=\"og:image:height\" content=\"1000\" \/>\n\t<meta property=\"og:image:type\" content=\"image\/jpeg\" \/>\n<meta name=\"twitter:card\" content=\"summary_large_image\" \/>\n<meta name=\"twitter:label1\" content=\"Dur\u00e9e de lecture estim\u00e9e\" \/>\n\t<meta name=\"twitter:data1\" content=\"4 minutes\" \/>\n<script type=\"application\/ld+json\" class=\"yoast-schema-graph\">{\"@context\":\"https:\\\/\\\/schema.org\",\"@graph\":[{\"@type\":\"WebPage\",\"@id\":\"https:\\\/\\\/objektmobiliar.ch\\\/moebel\\\/pflegegerechte-polstermoebel\\\/komfortable-polstermoebel\\\/\",\"url\":\"https:\\\/\\\/objektmobiliar.ch\\\/moebel\\\/pflegegerechte-polstermoebel\\\/komfortable-polstermoebel\\\/\",\"name\":\"Komfortable Polsterm\u00f6bel f\u00fcr Altenheime bei OZG\",\"isPartOf\":{\"@id\":\"https:\\\/\\\/objektmobiliar.ch\\\/#website\"},\"primaryImageOfPage\":{\"@id\":\"https:\\\/\\\/objektmobiliar.ch\\\/moebel\\\/pflegegerechte-polstermoebel\\\/komfortable-polstermoebel\\\/#primaryimage\"},\"image\":{\"@id\":\"https:\\\/\\\/objektmobiliar.ch\\\/moebel\\\/pflegegerechte-polstermoebel\\\/komfortable-polstermoebel\\\/#primaryimage\"},\"thumbnailUrl\":\"https:\\\/\\\/objektmobiliar.ch\\\/wp-content\\\/uploads\\\/2023\\\/10\\\/mali-23-sessel.jpg\",\"datePublished\":\"2023-10-12T15:58:26+00:00\",\"dateModified\":\"2024-08-27T14:21:06+00:00\",\"description\":\"Die Serie Mali umfasst komfortable Polsterm\u00f6bel f\u00fcr Altenheime - darunter Sessel, 2er Sofas und Hocker in vielf\u00e4ltigen Farbkombinationen.\",\"breadcrumb\":{\"@id\":\"https:\\\/\\\/objektmobiliar.ch\\\/moebel\\\/pflegegerechte-polstermoebel\\\/komfortable-polstermoebel\\\/#breadcrumb\"},\"inLanguage\":\"fr-FR\",\"potentialAction\":[{\"@type\":\"ReadAction\",\"target\":[\"https:\\\/\\\/objektmobiliar.ch\\\/moebel\\\/pflegegerechte-polstermoebel\\\/komfortable-polstermoebel\\\/\"]}]},{\"@type\":\"ImageObject\",\"inLanguage\":\"fr-FR\",\"@id\":\"https:\\\/\\\/objektmobiliar.ch\\\/moebel\\\/pflegegerechte-polstermoebel\\\/komfortable-polstermoebel\\\/#primaryimage\",\"url\":\"https:\\\/\\\/objektmobiliar.ch\\\/wp-content\\\/uploads\\\/2023\\\/10\\\/mali-23-sessel.jpg\",\"contentUrl\":\"https:\\\/\\\/objektmobiliar.ch\\\/wp-content\\\/uploads\\\/2023\\\/10\\\/mali-23-sessel.jpg\",\"width\":1000,\"height\":1000,\"caption\":\"Mali 23 - Zeitlos und ansprechend\"},{\"@type\":\"BreadcrumbList\",\"@id\":\"https:\\\/\\\/objektmobiliar.ch\\\/moebel\\\/pflegegerechte-polstermoebel\\\/komfortable-polstermoebel\\\/#breadcrumb\",\"itemListElement\":[{\"@type\":\"ListItem\",\"position\":1,\"name\":\"Startseite\",\"item\":\"https:\\\/\\\/objektmobiliar.ch\\\/\"},{\"@type\":\"ListItem\",\"position\":2,\"name\":\"M\u00f6bel\",\"item\":\"https:\\\/\\\/objektmobiliar.ch\\\/moebel\\\/\"},{\"@type\":\"ListItem\",\"position\":3,\"name\":\"Polsterm\u00f6bel\",\"item\":\"https:\\\/\\\/objektmobiliar.ch\\\/moebel\\\/pflegegerechte-polstermoebel\\\/\"},{\"@type\":\"ListItem\",\"position\":4,\"name\":\"Mali\"}]},{\"@type\":\"WebSite\",\"@id\":\"https:\\\/\\\/objektmobiliar.ch\\\/#website\",\"url\":\"https:\\\/\\\/objektmobiliar.ch\\\/\",\"name\":\"OZG HEALTHCARE\",\"description\":\"Objektmobiliar f\u00fcr Pflege, B\u00fcro, Praxis &amp; Hotellerie\",\"potentialAction\":[{\"@type\":\"SearchAction\",\"target\":{\"@type\":\"EntryPoint\",\"urlTemplate\":\"https:\\\/\\\/objektmobiliar.ch\\\/?s={search_term_string}\"},\"query-input\":{\"@type\":\"PropertyValueSpecification\",\"valueRequired\":true,\"valueName\":\"search_term_string\"}}],\"inLanguage\":\"fr-FR\"}]}<\/script>\n<!-- \/ Yoast SEO plugin. -->","yoast_head_json":{"title":"Des meubles rembourr\u00e9s confortables pour les maisons de retraite chez OZG","description":"La s\u00e9rie Mali comprend des meubles rembourr\u00e9s confortables pour les maisons de retraite - dont des fauteuils, des canap\u00e9s 2 places et des poufs dans de multiples combinaisons de couleurs.","robots":{"index":"index","follow":"follow","max-snippet":"max-snippet:-1","max-image-preview":"max-image-preview:large","max-video-preview":"max-video-preview:-1"},"canonical":"https:\/\/objektmobiliar.ch\/fr\/meubles\/meubles-rembourres-faciles-a-entretenir\/meubles-rembourres-confortables\/","og_locale":"fr_FR","og_type":"article","og_title":"Komfortable Polsterm\u00f6bel f\u00fcr Altenheime bei OZG","og_description":"Die Serie Mali umfasst komfortable Polsterm\u00f6bel f\u00fcr Altenheime - darunter Sessel, 2er Sofas und Hocker in vielf\u00e4ltigen Farbkombinationen.","og_url":"https:\/\/objektmobiliar.ch\/fr\/meubles\/meubles-rembourres-faciles-a-entretenir\/meubles-rembourres-confortables\/","og_site_name":"OZG HEALTHCARE","article_modified_time":"2024-08-27T14:21:06+00:00","og_image":[{"width":1000,"height":1000,"url":"https:\/\/objektmobiliar.ch\/wp-content\/uploads\/2023\/10\/mali-23-sessel.jpg","type":"image\/jpeg"}],"twitter_card":"summary_large_image","twitter_misc":{"Dur\u00e9e de lecture estim\u00e9e":"4 minutes"},"schema":{"@context":"https:\/\/schema.org","@graph":[{"@type":"WebPage","@id":"https:\/\/objektmobiliar.ch\/moebel\/pflegegerechte-polstermoebel\/komfortable-polstermoebel\/","url":"https:\/\/objektmobiliar.ch\/moebel\/pflegegerechte-polstermoebel\/komfortable-polstermoebel\/","name":"Des meubles rembourr\u00e9s confortables pour les maisons de retraite chez OZG","isPartOf":{"@id":"https:\/\/objektmobiliar.ch\/#website"},"primaryImageOfPage":{"@id":"https:\/\/objektmobiliar.ch\/moebel\/pflegegerechte-polstermoebel\/komfortable-polstermoebel\/#primaryimage"},"image":{"@id":"https:\/\/objektmobiliar.ch\/moebel\/pflegegerechte-polstermoebel\/komfortable-polstermoebel\/#primaryimage"},"thumbnailUrl":"https:\/\/objektmobiliar.ch\/wp-content\/uploads\/2023\/10\/mali-23-sessel.jpg","datePublished":"2023-10-12T15:58:26+00:00","dateModified":"2024-08-27T14:21:06+00:00","description":"La s\u00e9rie Mali comprend des meubles rembourr\u00e9s confortables pour les maisons de retraite - dont des fauteuils, des canap\u00e9s 2 places et des poufs dans de multiples combinaisons de couleurs.","breadcrumb":{"@id":"https:\/\/objektmobiliar.ch\/moebel\/pflegegerechte-polstermoebel\/komfortable-polstermoebel\/#breadcrumb"},"inLanguage":"fr-FR","potentialAction":[{"@type":"ReadAction","target":["https:\/\/objektmobiliar.ch\/moebel\/pflegegerechte-polstermoebel\/komfortable-polstermoebel\/"]}]},{"@type":"ImageObject","inLanguage":"fr-FR","@id":"https:\/\/objektmobiliar.ch\/moebel\/pflegegerechte-polstermoebel\/komfortable-polstermoebel\/#primaryimage","url":"https:\/\/objektmobiliar.ch\/wp-content\/uploads\/2023\/10\/mali-23-sessel.jpg","contentUrl":"https:\/\/objektmobiliar.ch\/wp-content\/uploads\/2023\/10\/mali-23-sessel.jpg","width":1000,"height":1000,"caption":"Mali 23 - Zeitlos und ansprechend"},{"@type":"BreadcrumbList","@id":"https:\/\/objektmobiliar.ch\/moebel\/pflegegerechte-polstermoebel\/komfortable-polstermoebel\/#breadcrumb","itemListElement":[{"@type":"ListItem","position":1,"name":"Startseite","item":"https:\/\/objektmobiliar.ch\/"},{"@type":"ListItem","position":2,"name":"M\u00f6bel","item":"https:\/\/objektmobiliar.ch\/moebel\/"},{"@type":"ListItem","position":3,"name":"Polsterm\u00f6bel","item":"https:\/\/objektmobiliar.ch\/moebel\/pflegegerechte-polstermoebel\/"},{"@type":"ListItem","position":4,"name":"Mali"}]},{"@type":"WebSite","@id":"https:\/\/objektmobiliar.ch\/#website","url":"https:\/\/objektmobiliar.ch\/","name":"OZG HEALTHCARE","description":"Mobilier de collectivit\u00e9 pour les soins, les bureaux, les cabinets m\u00e9dicaux et l'h\u00f4tellerie","potentialAction":[{"@type":"SearchAction","target":{"@type":"EntryPoint","urlTemplate":"https:\/\/objektmobiliar.ch\/?s={search_term_string}"},"query-input":{"@type":"PropertyValueSpecification","valueRequired":true,"valueName":"search_term_string"}}],"inLanguage":"fr-FR"}]}},"coauthors":[],"author_meta":{"author_link":"https:\/\/objektmobiliar.ch\/fr\/author\/alex\/","display_name":"Alex"},"relative_dates":{"created":"Publi\u00e9 3 ans il y a","modified":"Mis \u00e0 jour 2 ans il y a"},"absolute_dates":{"created":"Publi\u00e9 le octobre 12, 2023","modified":"Mise \u00e0 jour le ao\u00fbt 27, 2024"},"absolute_dates_time":{"created":"Publi\u00e9 le octobre 12, 2023 3:58 pm","modified":"Mise \u00e0 jour le ao\u00fbt 27, 2024 2:21 pm"},"featured_img_caption":"","featured_img":"https:\/\/objektmobiliar.ch\/wp-content\/uploads\/2023\/10\/mali-23-sessel-825x510.jpg","series_order":"","_links":{"self":[{"href":"https:\/\/objektmobiliar.ch\/fr\/wp-json\/wp\/v2\/pages\/419","targetHints":{"allow":["GET"]}}],"collection":[{"href":"https:\/\/objektmobiliar.ch\/fr\/wp-json\/wp\/v2\/pages"}],"about":[{"href":"https:\/\/objektmobiliar.ch\/fr\/wp-json\/wp\/v2\/types\/page"}],"author":[{"embeddable":true,"href":"https:\/\/objektmobiliar.ch\/fr\/wp-json\/wp\/v2\/users\/2"}],"replies":[{"embeddable":true,"href":"https:\/\/objektmobiliar.ch\/fr\/wp-json\/wp\/v2\/comments?post=419"}],"version-history":[{"count":12,"href":"https:\/\/objektmobiliar.ch\/fr\/wp-json\/wp\/v2\/pages\/419\/revisions"}],"predecessor-version":[{"id":3851,"href":"https:\/\/objektmobiliar.ch\/fr\/wp-json\/wp\/v2\/pages\/419\/revisions\/3851"}],"up":[{"embeddable":true,"href":"https:\/\/objektmobiliar.ch\/fr\/wp-json\/wp\/v2\/pages\/220"}],"wp:featuredmedia":[{"embeddable":true,"href":"https:\/\/objektmobiliar.ch\/fr\/wp-json\/wp\/v2\/media\/423"}],"wp:attachment":[{"href":"https:\/\/objektmobiliar.ch\/fr\/wp-json\/wp\/v2\/media?parent=419"}],"curies":[{"name":"wp","href":"https:\/\/api.w.org\/{rel}","templated":true}]}}