{"id":417,"date":"2023-10-12T00:47:18","date_gmt":"2023-10-12T00:47:18","guid":{"rendered":"https:\/\/dev.objektmobiliar.ch\/?page_id=417"},"modified":"2024-09-05T14:48:06","modified_gmt":"2024-09-05T14:48:06","slug":"le-fauteuil-elegant-pour-les-maisons-de-retraite-kara","status":"publish","type":"page","link":"https:\/\/objektmobiliar.ch\/fr\/moebel\/pflegegerechte-polstermoebel\/der-elegante-sessel-fuer-seniorenheime-kara\/","title":{"rendered":"Kara"},"content":{"rendered":"<div class=\"lazyblock-produkt-detail-ozg-IvXbe wp-block-lazyblock-produkt-detail-ozg\"><section class=\"sct\">\r\n      <div class=\"cnt\">\r\n        <div class=\"elmnt-product-desc\">\r\n          <div class=\"product-desc-box\"><img decoding=\"async\" src=\"https:\/\/objektmobiliar.ch\/wp-content\/uploads\/2023\/10\/kara-sessel.jpg\" loading=\"lazy\" alt=\"\" class=\"product-desc-img\"><\/div>\r\n          <div class=\"product-desc-txt\">\r\n            <h1 class=\"txt-product-headline\">Kara<\/h1>\r\n            <h2 class=\"txt-product-subline\">Le fauteuil \u00e9l\u00e9gant pour les maisons de retraite<\/h2>\r\n            <div class=\"w-richtext\">\r\n              <p>L'\u00e9l\u00e9gant fauteuil pour maisons de retraite Kara respire l'harmonie et la l\u00e9g\u00e8ret\u00e9, mais aussi la force et le confort. La collection comprend des classiques contemporains avec une structure en bois de h\u00eatre ou de fr\u00eane massif et une assise et un dossier enti\u00e8rement rembourr\u00e9s en tissu ou en similicuir.<\/p>\r\n            <\/div>\r\n            <a onclick=\"splite_loader();\" class=\"btn\">Demander un produit<\/a>\r\n          <\/div>\r\n        <\/div>\r\n      <\/div>\r\n    <\/section><\/div>\n\n<div class=\"lazyblock-produkt-slider-ozg-Z1lIr8S wp-block-lazyblock-produkt-slider-ozg\"><section class=\"sct\">\r\n  <div class=\"cnt\">\r\n    <div class=\"intro-txt\">\r\n        <h2>Mod\u00e8les et versions<\/h2>\r\n    <\/div>\r\n    \r\n    <div class=\"elmnt-similar-products\">\r\n      <div class=\"similar-product\"><img decoding=\"async\" src=\"https:\/\/objektmobiliar.ch\/wp-content\/uploads\/2023\/10\/kara-sessel-02.jpg\" loading=\"eager\" alt=\"Kara - Sessek classique et contemporain en diverses versions\" class=\"similar-product-img\">\r\n        <div class=\"center\">\r\n          <div class=\"w-richtext\">\r\n            <p><strong>Fauteuil Kara type 1H<\/strong><br>N\u00b0 d'art. 220-0601\/S<\/p>\r\n          <\/div>\r\n          \r\n        <\/div>\r\n      <\/div>\r\n      <div class=\"similar-product\"><img decoding=\"async\" src=\"https:\/\/objektmobiliar.ch\/wp-content\/uploads\/2023\/10\/kara-sessel-03.jpg\" loading=\"eager\" alt=\"Kara - Sessek classique et contemporain en diverses versions\" class=\"similar-product-img\">\r\n        <div class=\"center\">\r\n          <div class=\"w-richtext\">\r\n            <p><strong>Fauteuil Kara type 2<\/strong><br>N\u00b0 d'art. 220-0602\/S<\/p>\r\n          <\/div>\r\n          \r\n        <\/div>\r\n      <\/div>\r\n      <div class=\"similar-product\"><img decoding=\"async\" src=\"https:\/\/objektmobiliar.ch\/wp-content\/uploads\/2023\/10\/kara-sessel-04.jpg\" loading=\"eager\" alt=\"Kara - Sessek classique et contemporain en diverses versions\" class=\"similar-product-img\">\r\n        <div class=\"center\">\r\n          <div class=\"w-richtext\">\r\n            <p><strong>Fauteuil Kara type 2H<\/strong><br>N\u00b0 d'art. 220-0603\/S<\/p>\r\n          <\/div>\r\n          \r\n        <\/div>\r\n      <\/div>\r\n      <div class=\"similar-product\"><img decoding=\"async\" src=\"https:\/\/objektmobiliar.ch\/wp-content\/uploads\/2023\/10\/kara-sessel-05.jpg\" loading=\"eager\" alt=\"Kara - Sessek classique et contemporain en diverses versions\" class=\"similar-product-img\">\r\n        <div class=\"center\">\r\n          <div class=\"w-richtext\">\r\n            <p><strong>Fauteuil Kara type 3<\/strong><br>N\u00b0 d'art. 220-0604\/S<\/p>\r\n          <\/div>\r\n          \r\n        <\/div>\r\n      <\/div>\r\n      <div class=\"similar-product\"><img decoding=\"async\" src=\"https:\/\/objektmobiliar.ch\/wp-content\/uploads\/2023\/10\/kara-sessel.jpg\" loading=\"eager\" alt=\"Le fauteuil \u00e9l\u00e9gant pour les maisons de retraite Kara\" class=\"similar-product-img\">\r\n        <div class=\"center\">\r\n          <div class=\"w-richtext\">\r\n            <p><strong>Fauteuil Kara type 3H<\/strong><br>N\u00b0 d'art. 220-0605\/S<\/p>\r\n          <\/div>\r\n          \r\n        <\/div>\r\n      <\/div>\r\n      <div class=\"similar-product\"><img decoding=\"async\" src=\"https:\/\/objektmobiliar.ch\/wp-content\/uploads\/2023\/10\/kara-sessel-06.jpg\" loading=\"eager\" alt=\"Kara - Sessek classique et contemporain en diverses versions\" class=\"similar-product-img\">\r\n        <div class=\"center\">\r\n          <div class=\"w-richtext\">\r\n            <p><strong>Fauteuil Kara type 4<\/strong><br>N\u00b0 d'art. 220-0606\/S<\/p>\r\n          <\/div>\r\n          \r\n        <\/div>\r\n      <\/div>\r\n      <div class=\"similar-product\"><img decoding=\"async\" src=\"https:\/\/objektmobiliar.ch\/wp-content\/uploads\/2023\/10\/kara-sessel-07.jpg\" loading=\"eager\" alt=\"Kara - Sessek classique et contemporain en diverses versions\" class=\"similar-product-img\">\r\n        <div class=\"center\">\r\n          <div class=\"w-richtext\">\r\n            <p><strong>Fauteuil Kara type 5H<\/strong><br>N\u00b0 d'art. 220-0608\/S<\/p>\r\n          <\/div>\r\n          \r\n        <\/div>\r\n      <\/div>\r\n      <div class=\"similar-product\"><img decoding=\"async\" src=\"https:\/\/objektmobiliar.ch\/wp-content\/uploads\/2023\/10\/kara-hocker.jpg\" loading=\"eager\" alt=\"Kara Tabouret\" class=\"similar-product-img\">\r\n        <div class=\"center\">\r\n          <div class=\"w-richtext\">\r\n            <p><strong>Tabouret Kara<\/strong><br>N\u00b0 d'art. 220-0609\/S<\/p>\r\n          <\/div>\r\n          \r\n        <\/div>\r\n      <\/div>\r\n    <\/div>\r\n  <\/div>\r\n  \r\n  <div class=\"cnt narrow\">\r\n    <div class=\"similar-products-nav-pos\">\r\n      <div class=\"w-embed\">\r\n        \r\n      <\/div>\r\n    <\/div>\r\n  <\/div>\r\n<\/section><\/div>\n\n\n<div class=\"wp-block-group\"><div class=\"wp-block-group__inner-container is-layout-constrained wp-block-group-is-layout-constrained\"><section class=\"sct\">\r\n      <div class=\"cnt narrow\">\r\n        <div class=\"introtxt\">\r\n        <div class=\"w-richtext\">\r\n            <h2>Description du produit<\/h2>\r\n        <\/div>\r\n        <\/div>\r\n        \r\n          \n\n\n<figure class=\"wp-block-table\"><table><thead><tr><th>Art. No.<\/th><th>Description<\/th><\/tr><\/thead><tbody><tr><td>220-0600\/S<\/td><td>Fauteuil Kara type 1<\/td><\/tr><tr><td>220-0601\/S<\/td><td>Fauteuil Kara type 1H<\/td><\/tr><tr><td>220-0602\/S<\/td><td>Fauteuil Kara type 2<\/td><\/tr><tr><td>220-0603\/S<\/td><td>Fauteuil Kara type 2H<\/td><\/tr><tr><td>220-0604\/S<\/td><td>Fauteuil Kara type 3<\/td><\/tr><tr><td>220-0605\/S<\/td><td>Fauteuil Kara type 3H<\/td><\/tr><tr><td>220-0606\/S<\/td><td>Fauteuil Kara type 4<\/td><\/tr><tr><td>220-0607\/S<\/td><td>Fauteuil Kara type 4H<\/td><\/tr><tr><td>220-0608\/S<\/td><td>Fauteuil Kara type 5H<\/td><\/tr><tr><td>220-0609\/S<\/td><td>Tabouret Kara<\/td><\/tr><\/tbody><\/table><\/figure>\n\n\n<\/div><\/section><\/div><\/div>\n\n\n<div class=\"lazyblock-text-modul-ozg-ZTHSC7 wp-block-lazyblock-text-modul-ozg\"><section class=\"sct\">\r\n      <div class=\"cnt narrow\">\r\n        <div class=\"w-richtext\">\r\n            <h2>KARA<\/h2>\n<h3>Le fauteuil \u00e9l\u00e9gant pour les maisons de retraite<\/h3>\n<p>L'\u00e9l\u00e9gant fauteuil pour maisons de retraite Kara allie harmonie, l\u00e9g\u00e8ret\u00e9 et confort gr\u00e2ce \u00e0 son design ergonomique. Diff\u00e9rentes versions offrent de la flexibilit\u00e9 : choisissez entre une assise enti\u00e8rement rembourr\u00e9e ou une version avec interruption dans le bas du dos pour une a\u00e9ration suppl\u00e9mentaire. Un tabouret assorti est \u00e9galement disponible. Kara s'int\u00e8gre parfaitement dans les salles de s\u00e9jour, les chambres de personnes \u00e2g\u00e9es ou les espaces communs et cr\u00e9e une atmosph\u00e8re chaleureuse.<\/p>\n<h3>De nombreuses possibilit\u00e9s d'achat<\/h3>\n<p>Kara propose des mat\u00e9riaux de rev\u00eatement faciles \u00e0 entretenir, comme la microfibre, le cuir v\u00e9ritable et le cuir synth\u00e9tique, qui sont durables et faciles \u00e0 nettoyer. Un m\u00e9lange de mat\u00e9riaux permet d'autres options d'am\u00e9nagement, par exemple des tissus diff\u00e9rents pour le dos et le devant. Les \u00e9l\u00e9ments en bois de h\u00eatre ou de fr\u00eane massif conf\u00e8rent stabilit\u00e9 et \u00e9l\u00e9gance et s'int\u00e8grent parfaitement dans tout concept d'am\u00e9nagement. Nous nous tenons \u00e0 votre disposition pour de plus amples informations et un conseil personnalis\u00e9 - visitez notre site Internet pour plus de d\u00e9tails sur <a href=\"https:\/\/objektmobiliar.ch\/fr\/inspiration\/materiaux-et-couleurs\/\">Mat\u00e9riaux et couleurs<\/a>.<\/p>\r\n        <\/div>\r\n      <\/div>\r\n    <\/section><\/div><style class=\"advgb-styles-renderer\">\r\n            .similar-products-nav li {\r\n              overflow: hidden;\r\n              margin: 0px !important;\r\n              flex-grow: 0 !important;\r\n              flex-shrink: 1 !important;\r\n              flex-basis: 12.5% !important;\r\n              border-style: solid;\r\n              border-width: 2px;\r\n              border-color: transparent;\r\n              border-radius: 8px;\r\n              transition-property: border-color;\r\n              transition-duration: 600ms;\r\n              transition-timing-function: ease;\r\n              cursor: pointer;\r\n            }\r\n            .similar-products-nav li.slick-active {\r\n              border-color: #dde7ef;\r\n            }\r\n            @media screen and (max-width:767px) {\r\n              .similar-products-nav li {\r\n                flex-basis: auto !important;\r\n                border-radius: 8px;\r\n                padding-top: 8px;\r\n                padding-right: 16px;\r\n                padding-bottom: 6px;\r\n                padding-left: 16px;\r\n              }\r\n              .similar-products-nav li.slick-active {\r\n                background-color: #dde7ef;\r\n                transition-property: background-color, border-color;\r\n                transition-duration: 600ms, 200ms;\r\n                transition-timing-function: ease, ease;\r\n                color: #426b8a;\r\n              }\r\n            }\r\n          <\/style>","protected":false},"excerpt":{"rendered":"<p>Kara respire l'harmonie et la l\u00e9g\u00e8ret\u00e9, mais aussi la force et le confort.<\/p>","protected":false},"author":2,"featured_media":411,"parent":220,"menu_order":0,"comment_status":"closed","ping_status":"closed","template":"","meta":{"advgb_blocks_editor_width":"","advgb_blocks_columns_visual_guide":"","footnotes":""},"class_list":["post-417","page","type-page","status-publish","has-post-thumbnail","hentry"],"yoast_head":"<!-- This site is optimized with the Yoast SEO plugin v27.4 - https:\/\/yoast.com\/product\/yoast-seo-wordpress\/ -->\n<title>Der elegante Sessel f\u00fcr Seniorenheime Kara bei OZG<\/title>\n<meta name=\"description\" content=\"Der elegante Sessel f\u00fcr Seniorenheime Kara ist ein zeitgen\u00f6ssischer Sessel, der in diversen Ausf\u00fchrungen erh\u00e4ltlich ist.\" \/>\n<meta name=\"robots\" content=\"index, follow, max-snippet:-1, max-image-preview:large, max-video-preview:-1\" \/>\n<link rel=\"canonical\" href=\"https:\/\/objektmobiliar.ch\/fr\/meubles\/meubles-rembourres-faciles-a-entretenir\/le-fauteuil-elegant-pour-les-maisons-de-retraite-kara\/\" \/>\n<meta property=\"og:locale\" content=\"fr_FR\" \/>\n<meta property=\"og:type\" content=\"article\" \/>\n<meta property=\"og:title\" content=\"Der elegante Sessel f\u00fcr Seniorenheime Kara bei OZG\" \/>\n<meta property=\"og:description\" content=\"Der elegante Sessel f\u00fcr Seniorenheime Kara ist ein zeitgen\u00f6ssischer Sessel, der in diversen Ausf\u00fchrungen erh\u00e4ltlich ist.\" \/>\n<meta property=\"og:url\" content=\"https:\/\/objektmobiliar.ch\/fr\/meubles\/meubles-rembourres-faciles-a-entretenir\/le-fauteuil-elegant-pour-les-maisons-de-retraite-kara\/\" \/>\n<meta property=\"og:site_name\" content=\"OZG HEALTHCARE\" \/>\n<meta property=\"article:modified_time\" content=\"2024-09-05T14:48:06+00:00\" \/>\n<meta property=\"og:image\" content=\"https:\/\/objektmobiliar.ch\/wp-content\/uploads\/2023\/10\/kara-sessel.jpg\" \/>\n\t<meta property=\"og:image:width\" content=\"1000\" \/>\n\t<meta property=\"og:image:height\" content=\"1000\" \/>\n\t<meta property=\"og:image:type\" content=\"image\/jpeg\" \/>\n<meta name=\"twitter:card\" content=\"summary_large_image\" \/>\n<meta name=\"twitter:label1\" content=\"Dur\u00e9e de lecture estim\u00e9e\" \/>\n\t<meta name=\"twitter:data1\" content=\"4 minutes\" \/>\n<script type=\"application\/ld+json\" class=\"yoast-schema-graph\">{\"@context\":\"https:\\\/\\\/schema.org\",\"@graph\":[{\"@type\":\"WebPage\",\"@id\":\"https:\\\/\\\/objektmobiliar.ch\\\/moebel\\\/pflegegerechte-polstermoebel\\\/der-elegante-sessel-fuer-seniorenheime-kara\\\/\",\"url\":\"https:\\\/\\\/objektmobiliar.ch\\\/moebel\\\/pflegegerechte-polstermoebel\\\/der-elegante-sessel-fuer-seniorenheime-kara\\\/\",\"name\":\"Der elegante Sessel f\u00fcr Seniorenheime Kara bei OZG\",\"isPartOf\":{\"@id\":\"https:\\\/\\\/objektmobiliar.ch\\\/#website\"},\"primaryImageOfPage\":{\"@id\":\"https:\\\/\\\/objektmobiliar.ch\\\/moebel\\\/pflegegerechte-polstermoebel\\\/der-elegante-sessel-fuer-seniorenheime-kara\\\/#primaryimage\"},\"image\":{\"@id\":\"https:\\\/\\\/objektmobiliar.ch\\\/moebel\\\/pflegegerechte-polstermoebel\\\/der-elegante-sessel-fuer-seniorenheime-kara\\\/#primaryimage\"},\"thumbnailUrl\":\"https:\\\/\\\/objektmobiliar.ch\\\/wp-content\\\/uploads\\\/2023\\\/10\\\/kara-sessel.jpg\",\"datePublished\":\"2023-10-12T00:47:18+00:00\",\"dateModified\":\"2024-09-05T14:48:06+00:00\",\"description\":\"Der elegante Sessel f\u00fcr Seniorenheime Kara ist ein zeitgen\u00f6ssischer Sessel, der in diversen Ausf\u00fchrungen erh\u00e4ltlich ist.\",\"breadcrumb\":{\"@id\":\"https:\\\/\\\/objektmobiliar.ch\\\/moebel\\\/pflegegerechte-polstermoebel\\\/der-elegante-sessel-fuer-seniorenheime-kara\\\/#breadcrumb\"},\"inLanguage\":\"fr-FR\",\"potentialAction\":[{\"@type\":\"ReadAction\",\"target\":[\"https:\\\/\\\/objektmobiliar.ch\\\/moebel\\\/pflegegerechte-polstermoebel\\\/der-elegante-sessel-fuer-seniorenheime-kara\\\/\"]}]},{\"@type\":\"ImageObject\",\"inLanguage\":\"fr-FR\",\"@id\":\"https:\\\/\\\/objektmobiliar.ch\\\/moebel\\\/pflegegerechte-polstermoebel\\\/der-elegante-sessel-fuer-seniorenheime-kara\\\/#primaryimage\",\"url\":\"https:\\\/\\\/objektmobiliar.ch\\\/wp-content\\\/uploads\\\/2023\\\/10\\\/kara-sessel.jpg\",\"contentUrl\":\"https:\\\/\\\/objektmobiliar.ch\\\/wp-content\\\/uploads\\\/2023\\\/10\\\/kara-sessel.jpg\",\"width\":1000,\"height\":1000,\"caption\":\"Der elegante Sessel f\u00fcr Seniorenheime Kara\"},{\"@type\":\"BreadcrumbList\",\"@id\":\"https:\\\/\\\/objektmobiliar.ch\\\/moebel\\\/pflegegerechte-polstermoebel\\\/der-elegante-sessel-fuer-seniorenheime-kara\\\/#breadcrumb\",\"itemListElement\":[{\"@type\":\"ListItem\",\"position\":1,\"name\":\"Startseite\",\"item\":\"https:\\\/\\\/objektmobiliar.ch\\\/\"},{\"@type\":\"ListItem\",\"position\":2,\"name\":\"M\u00f6bel\",\"item\":\"https:\\\/\\\/objektmobiliar.ch\\\/moebel\\\/\"},{\"@type\":\"ListItem\",\"position\":3,\"name\":\"Polsterm\u00f6bel\",\"item\":\"https:\\\/\\\/objektmobiliar.ch\\\/moebel\\\/pflegegerechte-polstermoebel\\\/\"},{\"@type\":\"ListItem\",\"position\":4,\"name\":\"Kara\"}]},{\"@type\":\"WebSite\",\"@id\":\"https:\\\/\\\/objektmobiliar.ch\\\/#website\",\"url\":\"https:\\\/\\\/objektmobiliar.ch\\\/\",\"name\":\"OZG HEALTHCARE\",\"description\":\"Objektmobiliar f\u00fcr Pflege, B\u00fcro, Praxis &amp; Hotellerie\",\"potentialAction\":[{\"@type\":\"SearchAction\",\"target\":{\"@type\":\"EntryPoint\",\"urlTemplate\":\"https:\\\/\\\/objektmobiliar.ch\\\/?s={search_term_string}\"},\"query-input\":{\"@type\":\"PropertyValueSpecification\",\"valueRequired\":true,\"valueName\":\"search_term_string\"}}],\"inLanguage\":\"fr-FR\"}]}<\/script>\n<!-- \/ Yoast SEO plugin. -->","yoast_head_json":{"title":"Le fauteuil \u00e9l\u00e9gant pour les maisons de retraite Kara chez OZG","description":"L'\u00e9l\u00e9gant fauteuil pour maisons de retraite Kara est un fauteuil contemporain disponible en diverses versions.","robots":{"index":"index","follow":"follow","max-snippet":"max-snippet:-1","max-image-preview":"max-image-preview:large","max-video-preview":"max-video-preview:-1"},"canonical":"https:\/\/objektmobiliar.ch\/fr\/meubles\/meubles-rembourres-faciles-a-entretenir\/le-fauteuil-elegant-pour-les-maisons-de-retraite-kara\/","og_locale":"fr_FR","og_type":"article","og_title":"Der elegante Sessel f\u00fcr Seniorenheime Kara bei OZG","og_description":"Der elegante Sessel f\u00fcr Seniorenheime Kara ist ein zeitgen\u00f6ssischer Sessel, der in diversen Ausf\u00fchrungen erh\u00e4ltlich ist.","og_url":"https:\/\/objektmobiliar.ch\/fr\/meubles\/meubles-rembourres-faciles-a-entretenir\/le-fauteuil-elegant-pour-les-maisons-de-retraite-kara\/","og_site_name":"OZG HEALTHCARE","article_modified_time":"2024-09-05T14:48:06+00:00","og_image":[{"width":1000,"height":1000,"url":"https:\/\/objektmobiliar.ch\/wp-content\/uploads\/2023\/10\/kara-sessel.jpg","type":"image\/jpeg"}],"twitter_card":"summary_large_image","twitter_misc":{"Dur\u00e9e de lecture estim\u00e9e":"4 minutes"},"schema":{"@context":"https:\/\/schema.org","@graph":[{"@type":"WebPage","@id":"https:\/\/objektmobiliar.ch\/moebel\/pflegegerechte-polstermoebel\/der-elegante-sessel-fuer-seniorenheime-kara\/","url":"https:\/\/objektmobiliar.ch\/moebel\/pflegegerechte-polstermoebel\/der-elegante-sessel-fuer-seniorenheime-kara\/","name":"Le fauteuil \u00e9l\u00e9gant pour les maisons de retraite Kara chez OZG","isPartOf":{"@id":"https:\/\/objektmobiliar.ch\/#website"},"primaryImageOfPage":{"@id":"https:\/\/objektmobiliar.ch\/moebel\/pflegegerechte-polstermoebel\/der-elegante-sessel-fuer-seniorenheime-kara\/#primaryimage"},"image":{"@id":"https:\/\/objektmobiliar.ch\/moebel\/pflegegerechte-polstermoebel\/der-elegante-sessel-fuer-seniorenheime-kara\/#primaryimage"},"thumbnailUrl":"https:\/\/objektmobiliar.ch\/wp-content\/uploads\/2023\/10\/kara-sessel.jpg","datePublished":"2023-10-12T00:47:18+00:00","dateModified":"2024-09-05T14:48:06+00:00","description":"L'\u00e9l\u00e9gant fauteuil pour maisons de retraite Kara est un fauteuil contemporain disponible en diverses versions.","breadcrumb":{"@id":"https:\/\/objektmobiliar.ch\/moebel\/pflegegerechte-polstermoebel\/der-elegante-sessel-fuer-seniorenheime-kara\/#breadcrumb"},"inLanguage":"fr-FR","potentialAction":[{"@type":"ReadAction","target":["https:\/\/objektmobiliar.ch\/moebel\/pflegegerechte-polstermoebel\/der-elegante-sessel-fuer-seniorenheime-kara\/"]}]},{"@type":"ImageObject","inLanguage":"fr-FR","@id":"https:\/\/objektmobiliar.ch\/moebel\/pflegegerechte-polstermoebel\/der-elegante-sessel-fuer-seniorenheime-kara\/#primaryimage","url":"https:\/\/objektmobiliar.ch\/wp-content\/uploads\/2023\/10\/kara-sessel.jpg","contentUrl":"https:\/\/objektmobiliar.ch\/wp-content\/uploads\/2023\/10\/kara-sessel.jpg","width":1000,"height":1000,"caption":"Der elegante Sessel f\u00fcr Seniorenheime Kara"},{"@type":"BreadcrumbList","@id":"https:\/\/objektmobiliar.ch\/moebel\/pflegegerechte-polstermoebel\/der-elegante-sessel-fuer-seniorenheime-kara\/#breadcrumb","itemListElement":[{"@type":"ListItem","position":1,"name":"Startseite","item":"https:\/\/objektmobiliar.ch\/"},{"@type":"ListItem","position":2,"name":"M\u00f6bel","item":"https:\/\/objektmobiliar.ch\/moebel\/"},{"@type":"ListItem","position":3,"name":"Polsterm\u00f6bel","item":"https:\/\/objektmobiliar.ch\/moebel\/pflegegerechte-polstermoebel\/"},{"@type":"ListItem","position":4,"name":"Kara"}]},{"@type":"WebSite","@id":"https:\/\/objektmobiliar.ch\/#website","url":"https:\/\/objektmobiliar.ch\/","name":"OZG HEALTHCARE","description":"Mobilier de collectivit\u00e9 pour les soins, les bureaux, les cabinets m\u00e9dicaux et l'h\u00f4tellerie","potentialAction":[{"@type":"SearchAction","target":{"@type":"EntryPoint","urlTemplate":"https:\/\/objektmobiliar.ch\/?s={search_term_string}"},"query-input":{"@type":"PropertyValueSpecification","valueRequired":true,"valueName":"search_term_string"}}],"inLanguage":"fr-FR"}]}},"coauthors":[],"author_meta":{"author_link":"https:\/\/objektmobiliar.ch\/fr\/author\/alex\/","display_name":"Alex"},"relative_dates":{"created":"Publi\u00e9 3 ans il y a","modified":"Mis \u00e0 jour 2 ans il y a"},"absolute_dates":{"created":"Publi\u00e9 le octobre 12, 2023","modified":"Mise \u00e0 jour le septembre 5, 2024"},"absolute_dates_time":{"created":"Publi\u00e9 le octobre 12, 2023 12:47 am","modified":"Mise \u00e0 jour le septembre 5, 2024 2:48 pm"},"featured_img_caption":"","featured_img":"https:\/\/objektmobiliar.ch\/wp-content\/uploads\/2023\/10\/kara-sessel-825x510.jpg","series_order":"","_links":{"self":[{"href":"https:\/\/objektmobiliar.ch\/fr\/wp-json\/wp\/v2\/pages\/417","targetHints":{"allow":["GET"]}}],"collection":[{"href":"https:\/\/objektmobiliar.ch\/fr\/wp-json\/wp\/v2\/pages"}],"about":[{"href":"https:\/\/objektmobiliar.ch\/fr\/wp-json\/wp\/v2\/types\/page"}],"author":[{"embeddable":true,"href":"https:\/\/objektmobiliar.ch\/fr\/wp-json\/wp\/v2\/users\/2"}],"replies":[{"embeddable":true,"href":"https:\/\/objektmobiliar.ch\/fr\/wp-json\/wp\/v2\/comments?post=417"}],"version-history":[{"count":18,"href":"https:\/\/objektmobiliar.ch\/fr\/wp-json\/wp\/v2\/pages\/417\/revisions"}],"predecessor-version":[{"id":4203,"href":"https:\/\/objektmobiliar.ch\/fr\/wp-json\/wp\/v2\/pages\/417\/revisions\/4203"}],"up":[{"embeddable":true,"href":"https:\/\/objektmobiliar.ch\/fr\/wp-json\/wp\/v2\/pages\/220"}],"wp:featuredmedia":[{"embeddable":true,"href":"https:\/\/objektmobiliar.ch\/fr\/wp-json\/wp\/v2\/media\/411"}],"wp:attachment":[{"href":"https:\/\/objektmobiliar.ch\/fr\/wp-json\/wp\/v2\/media?parent=417"}],"curies":[{"name":"wp","href":"https:\/\/api.w.org\/{rel}","templated":true}]}}