{"id":403,"date":"2023-10-12T00:26:47","date_gmt":"2023-10-12T00:26:47","guid":{"rendered":"https:\/\/dev.objektmobiliar.ch\/?page_id=403"},"modified":"2024-09-05T11:30:27","modified_gmt":"2024-09-05T11:30:27","slug":"le-fauteuil-de-repos-confortable","status":"publish","type":"page","link":"https:\/\/objektmobiliar.ch\/fr\/moebel\/pflegegerechte-polstermoebel\/der-komfortable-ruhesessel\/","title":{"rendered":"Jonas"},"content":{"rendered":"<div class=\"lazyblock-produkt-detail-ozg-1nxDOi wp-block-lazyblock-produkt-detail-ozg\"><section class=\"sct\">\r\n      <div class=\"cnt\">\r\n        <div class=\"elmnt-product-desc\">\r\n          <div class=\"product-desc-box\"><img decoding=\"async\" src=\"https:\/\/objektmobiliar.ch\/wp-content\/uploads\/2023\/10\/jona-sessel.jpg\" loading=\"lazy\" alt=\"\" class=\"product-desc-img\"><\/div>\r\n          <div class=\"product-desc-txt\">\r\n            <h1 class=\"txt-product-headline\">Jonas<\/h1>\r\n            <h2 class=\"txt-product-subline\">Le fauteuil de repos confortable<\/h2>\r\n            <div class=\"w-richtext\">\r\n              <p>Un fauteuil tr\u00e8s confortable dont l'aspect visuel peut \u00eatre adapt\u00e9. Vous choisissez parmi diff\u00e9rents rev\u00eatements en similicuir ou en microfibre - tous faciles \u00e0 entretenir, r\u00e9sistants \u00e0 l'eau et difficilement inflammables. Nous fabriquons le meuble dans la couleur souhait\u00e9e.<\/p>\r\n            <\/div>\r\n            <a onclick=\"splite_loader();\" class=\"btn\">Demander un produit<\/a>\r\n          <\/div>\r\n        <\/div>\r\n      <\/div>\r\n    <\/section><\/div>\n\n<div class=\"lazyblock-produkt-slider-ozg-1uXEbv wp-block-lazyblock-produkt-slider-ozg\"><section class=\"sct\">\r\n  <div class=\"cnt\">\r\n    <div class=\"intro-txt\">\r\n        <h2>Mod\u00e8les et versions<\/h2>\r\n    <\/div>\r\n    \r\n    <div class=\"elmnt-similar-products\">\r\n      <div class=\"similar-product\"><img decoding=\"async\" src=\"https:\/\/objektmobiliar.ch\/wp-content\/uploads\/2023\/10\/jona-w-e1697070573960.jpg\" loading=\"eager\" alt=\"\" class=\"similar-product-img\">\r\n        <div class=\"center\">\r\n          <div class=\"w-richtext\">\r\n            <p><strong>Fauteuil relax Jona : avec rev\u00eatement en similicuir et coussin pour la nuque<\/strong><br><\/p>\r\n          <\/div>\r\n          \r\n        <\/div>\r\n      <\/div>\r\n      <div class=\"similar-product\"><img decoding=\"async\" src=\"https:\/\/objektmobiliar.ch\/wp-content\/uploads\/2023\/10\/premium-pflegesessel_ab941422_190218-rla3.jpg\" loading=\"eager\" alt=\"\" class=\"similar-product-img\">\r\n        <div class=\"center\">\r\n          <div class=\"w-richtext\">\r\n            <p><strong>Fauteuil relax Jona : avec cale multifonctionnelle et oreilles embo\u00eetables<\/strong><\/p>\r\n          <\/div>\r\n          \r\n        <\/div>\r\n      <\/div>\r\n      <div class=\"similar-product\"><img decoding=\"async\" src=\"https:\/\/objektmobiliar.ch\/wp-content\/uploads\/2023\/10\/premium-pflegesessel_ab941422_190218-rla6_freisteller.jpg\" loading=\"eager\" alt=\"\" class=\"similar-product-img\">\r\n        <div class=\"center\">\r\n          <div class=\"w-richtext\">\r\n            <p><strong>Fauteuil relax Jona, accoudoir<\/strong><br>Amovible (par accoudoir)<\/p>\r\n          <\/div>\r\n          \r\n        <\/div>\r\n      <\/div>\r\n    <\/div>\r\n  <\/div>\r\n  \r\n  <div class=\"cnt narrow\">\r\n    <div class=\"similar-products-nav-pos\">\r\n      <div class=\"w-embed\">\r\n        \r\n      <\/div>\r\n    <\/div>\r\n  <\/div>\r\n<\/section><\/div>\n\n\n<div class=\"wp-block-group\"><div class=\"wp-block-group__inner-container is-layout-constrained wp-block-group-is-layout-constrained\"><section class=\"sct\">\r\n      <div class=\"cnt semi\">\r\n        <div class=\"introtxt\">\r\n        <div class=\"w-richtext\">\r\n            <h2>Description du produit<\/h2>\r\n        <\/div>\r\n        <\/div>\r\n        \r\n          \n\n\n<figure class=\"wp-block-table is-style-regular\"><table><thead><tr><th>Art. No.<\/th><th>Description<\/th><\/tr><\/thead><tbody><tr><td>082-0078<\/td><td>Fauteuil de relaxation Jona<\/td><\/tr><tr><td>082-0085\/N<\/td><td>R\u00e9glage motoris\u00e9, fonctionnement sur secteur<\/td><\/tr><tr><td>082-0085\/A<\/td><td>R\u00e9glage motoris\u00e9, avec kit de batterie<\/td><\/tr><tr><td>082-0086\/N<\/td><td>R\u00e9glage motoris\u00e9 avec aide \u00e0 la verticalisation<\/td><\/tr><tr><td>082-0086\/A<\/td><td>R\u00e9glage motoris\u00e9 avec aide \u00e0 la verticalisation<\/td><\/tr><tr><td>082-0087<\/td><td>Dossier divisible avec r\u00e9glage de la hauteur<\/td><\/tr><tr><td>082-0088<\/td><td>Accoudoir amovible (par accoudoir)<\/td><\/tr><tr><td>082-0089<\/td><td>Repose-pieds rabattable<\/td><\/tr><tr><td>082-0081<\/td><td>Oreiller pour le cou (35x23x3 cm)<\/td><\/tr><tr><td>082-0082<\/td><td>Coussin repose-t\u00eate<\/td><\/tr><tr><td>082-0083<\/td><td>Cale multifonctionnelle<\/td><\/tr><tr><td>082-0084<\/td><td>M\u00e2choires d'oreilles embo\u00eetables<\/td><\/tr><\/tbody><\/table><\/figure>\n\n\n<\/div><\/section><\/div><\/div>\n\n\n<div class=\"lazyblock-text-modul-ozg-27WlVo wp-block-lazyblock-text-modul-ozg\"><section class=\"sct\">\r\n      <div class=\"cnt narrow\">\r\n        <div class=\"w-richtext\">\r\n            <h2>JONA<\/h2>\n<h3>Le fauteuil de repos confortable pour une utilisation flexible<\/h3>\n<p>Le fauteuil de repos confortable Jona offre un confort d'assise maximal avec un rembourrage volontairement moelleux qui s'adapte parfaitement \u00e0 chaque morphologie. Gr\u00e2ce \u00e0 ses quatre roulettes, le fauteuil peut \u00eatre facilement plac\u00e9 \u00e0 l'endroit souhait\u00e9. La version standard est dot\u00e9e d'une plaque de support avec protection contre l'humidit\u00e9 et d'un coussin d'assise avec protection contre l'humidit\u00e9 et d'une housse textile amovible avec fermeture \u00e0 glissi\u00e8re. Le mod\u00e8le standard est en outre \u00e9quip\u00e9 d'un r\u00e9glage manuel de la position assise et de la position couch\u00e9e. Des caract\u00e9ristiques et fonctions optionnelles peuvent \u00eatre command\u00e9es en plus. Choisissez dans le tableau ci-dessous les caract\u00e9ristiques et fonctions optionnelles qui correspondent le mieux aux besoins de vos r\u00e9sidents.<\/p>\n<h3>Des rev\u00eatements vari\u00e9s pour le confort et la facilit\u00e9 d'entretien<\/h3>\n<p>Ce fauteuil de repos extr\u00eamement confortable peut \u00eatre adapt\u00e9 de mani\u00e8re optimale \u00e0 vos besoins. Vous avez le choix entre diff\u00e9rents rev\u00eatements en similicuir ou en microfibre, tous faciles \u00e0 entretenir, hydrofuges et difficilement inflammables. Ces deux mat\u00e9riaux sont particuli\u00e8rement durables et conservent leur forme et leur qualit\u00e9 m\u00eame apr\u00e8s une utilisation intensive. Le similicuir et la microfibre se distinguent par leur r\u00e9sistance \u00e0 l'usure, ce qui garantit une utilisation \u00e0 long terme sans usure rapide. Les couleurs du fauteuil peuvent \u00eatre choisies en fonction de vos pr\u00e9f\u00e9rences. Le large \u00e9ventail d'options de couleurs vous permet d'int\u00e9grer le fauteuil de mani\u00e8re homog\u00e8ne dans n'importe quel environnement. Choisissez parmi diff\u00e9rents <a href=\"https:\/\/objektmobiliar.ch\/fr\/inspiration\/materiaux-et-couleurs\/\">Mat\u00e9riaux et couleurs<\/a> le design qui s'adapte le mieux \u00e0 votre int\u00e9rieur et qui compl\u00e8te vos pi\u00e8ces avec style.<\/p>\r\n        <\/div>\r\n      <\/div>\r\n    <\/section><\/div><style class=\"advgb-styles-renderer\">\r\n            .similar-products-nav li {\r\n              overflow: hidden;\r\n              margin: 0px !important;\r\n              flex-grow: 0 !important;\r\n              flex-shrink: 1 !important;\r\n              flex-basis: 12.5% !important;\r\n              border-style: solid;\r\n              border-width: 2px;\r\n              border-color: transparent;\r\n              border-radius: 8px;\r\n              transition-property: border-color;\r\n              transition-duration: 600ms;\r\n              transition-timing-function: ease;\r\n              cursor: pointer;\r\n            }\r\n            .similar-products-nav li.slick-active {\r\n              border-color: #dde7ef;\r\n            }\r\n            @media screen and (max-width:767px) {\r\n              .similar-products-nav li {\r\n                flex-basis: auto !important;\r\n                border-radius: 8px;\r\n                padding-top: 8px;\r\n                padding-right: 16px;\r\n                padding-bottom: 6px;\r\n                padding-left: 16px;\r\n              }\r\n              .similar-products-nav li.slick-active {\r\n                background-color: #dde7ef;\r\n                transition-property: background-color, border-color;\r\n                transition-duration: 600ms, 200ms;\r\n                transition-timing-function: ease, ease;\r\n                color: #426b8a;\r\n              }\r\n            }\r\n          <\/style>","protected":false},"excerpt":{"rendered":"<p>Ein sehr komfortabler Sessel, der sich in seiner optischen Gestaltung anpassen l\u00e4sst.<\/p>","protected":false},"author":2,"featured_media":402,"parent":220,"menu_order":0,"comment_status":"closed","ping_status":"closed","template":"","meta":{"advgb_blocks_editor_width":"","advgb_blocks_columns_visual_guide":"","footnotes":""},"class_list":["post-403","page","type-page","status-publish","has-post-thumbnail","hentry"],"yoast_head":"<!-- This site is optimized with the Yoast SEO plugin v27.4 - https:\/\/yoast.com\/product\/yoast-seo-wordpress\/ -->\n<title>Der komfortable Ruhesessel Jona bei OZG<\/title>\n<meta name=\"description\" content=\"Der komfortable Ruhesessel Jona bietet eine Vielzahl an Besonderheiten und Anpassungsm\u00f6glichkeiten f\u00fcr den Einsatz in Pflegeeinrichtungen.\" \/>\n<meta name=\"robots\" content=\"index, follow, max-snippet:-1, max-image-preview:large, max-video-preview:-1\" \/>\n<link rel=\"canonical\" href=\"https:\/\/objektmobiliar.ch\/fr\/meubles\/meubles-rembourres-faciles-a-entretenir\/le-fauteuil-de-repos-confortable\/\" \/>\n<meta property=\"og:locale\" content=\"fr_FR\" \/>\n<meta property=\"og:type\" content=\"article\" \/>\n<meta property=\"og:title\" content=\"Der komfortable Ruhesessel Jona bei OZG\" \/>\n<meta property=\"og:description\" content=\"Der komfortable Ruhesessel Jona bietet eine Vielzahl an Besonderheiten und Anpassungsm\u00f6glichkeiten f\u00fcr den Einsatz in Pflegeeinrichtungen.\" \/>\n<meta property=\"og:url\" content=\"https:\/\/objektmobiliar.ch\/fr\/meubles\/meubles-rembourres-faciles-a-entretenir\/le-fauteuil-de-repos-confortable\/\" \/>\n<meta property=\"og:site_name\" content=\"OZG HEALTHCARE\" \/>\n<meta property=\"article:modified_time\" content=\"2024-09-05T11:30:27+00:00\" \/>\n<meta property=\"og:image\" content=\"https:\/\/objektmobiliar.ch\/wp-content\/uploads\/2023\/10\/jona-sessel.jpg\" \/>\n\t<meta property=\"og:image:width\" content=\"1000\" \/>\n\t<meta property=\"og:image:height\" content=\"1000\" \/>\n\t<meta property=\"og:image:type\" content=\"image\/jpeg\" \/>\n<meta name=\"twitter:card\" content=\"summary_large_image\" \/>\n<meta name=\"twitter:label1\" content=\"Dur\u00e9e de lecture estim\u00e9e\" \/>\n\t<meta name=\"twitter:data1\" content=\"3 minutes\" \/>\n<script type=\"application\/ld+json\" class=\"yoast-schema-graph\">{\"@context\":\"https:\\\/\\\/schema.org\",\"@graph\":[{\"@type\":\"WebPage\",\"@id\":\"https:\\\/\\\/objektmobiliar.ch\\\/moebel\\\/pflegegerechte-polstermoebel\\\/der-komfortable-ruhesessel\\\/\",\"url\":\"https:\\\/\\\/objektmobiliar.ch\\\/moebel\\\/pflegegerechte-polstermoebel\\\/der-komfortable-ruhesessel\\\/\",\"name\":\"Der komfortable Ruhesessel Jona bei OZG\",\"isPartOf\":{\"@id\":\"https:\\\/\\\/objektmobiliar.ch\\\/#website\"},\"primaryImageOfPage\":{\"@id\":\"https:\\\/\\\/objektmobiliar.ch\\\/moebel\\\/pflegegerechte-polstermoebel\\\/der-komfortable-ruhesessel\\\/#primaryimage\"},\"image\":{\"@id\":\"https:\\\/\\\/objektmobiliar.ch\\\/moebel\\\/pflegegerechte-polstermoebel\\\/der-komfortable-ruhesessel\\\/#primaryimage\"},\"thumbnailUrl\":\"https:\\\/\\\/objektmobiliar.ch\\\/wp-content\\\/uploads\\\/2023\\\/10\\\/jona-sessel.jpg\",\"datePublished\":\"2023-10-12T00:26:47+00:00\",\"dateModified\":\"2024-09-05T11:30:27+00:00\",\"description\":\"Der komfortable Ruhesessel Jona bietet eine Vielzahl an Besonderheiten und Anpassungsm\u00f6glichkeiten f\u00fcr den Einsatz in Pflegeeinrichtungen.\",\"breadcrumb\":{\"@id\":\"https:\\\/\\\/objektmobiliar.ch\\\/moebel\\\/pflegegerechte-polstermoebel\\\/der-komfortable-ruhesessel\\\/#breadcrumb\"},\"inLanguage\":\"fr-FR\",\"potentialAction\":[{\"@type\":\"ReadAction\",\"target\":[\"https:\\\/\\\/objektmobiliar.ch\\\/moebel\\\/pflegegerechte-polstermoebel\\\/der-komfortable-ruhesessel\\\/\"]}]},{\"@type\":\"ImageObject\",\"inLanguage\":\"fr-FR\",\"@id\":\"https:\\\/\\\/objektmobiliar.ch\\\/moebel\\\/pflegegerechte-polstermoebel\\\/der-komfortable-ruhesessel\\\/#primaryimage\",\"url\":\"https:\\\/\\\/objektmobiliar.ch\\\/wp-content\\\/uploads\\\/2023\\\/10\\\/jona-sessel.jpg\",\"contentUrl\":\"https:\\\/\\\/objektmobiliar.ch\\\/wp-content\\\/uploads\\\/2023\\\/10\\\/jona-sessel.jpg\",\"width\":1000,\"height\":1000,\"caption\":\"Der komfortable Ruhesessel\"},{\"@type\":\"BreadcrumbList\",\"@id\":\"https:\\\/\\\/objektmobiliar.ch\\\/moebel\\\/pflegegerechte-polstermoebel\\\/der-komfortable-ruhesessel\\\/#breadcrumb\",\"itemListElement\":[{\"@type\":\"ListItem\",\"position\":1,\"name\":\"Startseite\",\"item\":\"https:\\\/\\\/objektmobiliar.ch\\\/\"},{\"@type\":\"ListItem\",\"position\":2,\"name\":\"M\u00f6bel\",\"item\":\"https:\\\/\\\/objektmobiliar.ch\\\/moebel\\\/\"},{\"@type\":\"ListItem\",\"position\":3,\"name\":\"Polsterm\u00f6bel\",\"item\":\"https:\\\/\\\/objektmobiliar.ch\\\/moebel\\\/pflegegerechte-polstermoebel\\\/\"},{\"@type\":\"ListItem\",\"position\":4,\"name\":\"Jona\"}]},{\"@type\":\"WebSite\",\"@id\":\"https:\\\/\\\/objektmobiliar.ch\\\/#website\",\"url\":\"https:\\\/\\\/objektmobiliar.ch\\\/\",\"name\":\"OZG HEALTHCARE\",\"description\":\"Objektmobiliar f\u00fcr Pflege, B\u00fcro, Praxis &amp; Hotellerie\",\"potentialAction\":[{\"@type\":\"SearchAction\",\"target\":{\"@type\":\"EntryPoint\",\"urlTemplate\":\"https:\\\/\\\/objektmobiliar.ch\\\/?s={search_term_string}\"},\"query-input\":{\"@type\":\"PropertyValueSpecification\",\"valueRequired\":true,\"valueName\":\"search_term_string\"}}],\"inLanguage\":\"fr-FR\"}]}<\/script>\n<!-- \/ Yoast SEO plugin. -->","yoast_head_json":{"title":"Le fauteuil de repos confortable Jona chez OZG","description":"Le fauteuil de repos confortable Jona offre une multitude de particularit\u00e9s et de possibilit\u00e9s d'adaptation pour une utilisation dans les \u00e9tablissements de soins.","robots":{"index":"index","follow":"follow","max-snippet":"max-snippet:-1","max-image-preview":"max-image-preview:large","max-video-preview":"max-video-preview:-1"},"canonical":"https:\/\/objektmobiliar.ch\/fr\/meubles\/meubles-rembourres-faciles-a-entretenir\/le-fauteuil-de-repos-confortable\/","og_locale":"fr_FR","og_type":"article","og_title":"Der komfortable Ruhesessel Jona bei OZG","og_description":"Der komfortable Ruhesessel Jona bietet eine Vielzahl an Besonderheiten und Anpassungsm\u00f6glichkeiten f\u00fcr den Einsatz in Pflegeeinrichtungen.","og_url":"https:\/\/objektmobiliar.ch\/fr\/meubles\/meubles-rembourres-faciles-a-entretenir\/le-fauteuil-de-repos-confortable\/","og_site_name":"OZG HEALTHCARE","article_modified_time":"2024-09-05T11:30:27+00:00","og_image":[{"width":1000,"height":1000,"url":"https:\/\/objektmobiliar.ch\/wp-content\/uploads\/2023\/10\/jona-sessel.jpg","type":"image\/jpeg"}],"twitter_card":"summary_large_image","twitter_misc":{"Dur\u00e9e de lecture estim\u00e9e":"3 minutes"},"schema":{"@context":"https:\/\/schema.org","@graph":[{"@type":"WebPage","@id":"https:\/\/objektmobiliar.ch\/moebel\/pflegegerechte-polstermoebel\/der-komfortable-ruhesessel\/","url":"https:\/\/objektmobiliar.ch\/moebel\/pflegegerechte-polstermoebel\/der-komfortable-ruhesessel\/","name":"Le fauteuil de repos confortable Jona chez OZG","isPartOf":{"@id":"https:\/\/objektmobiliar.ch\/#website"},"primaryImageOfPage":{"@id":"https:\/\/objektmobiliar.ch\/moebel\/pflegegerechte-polstermoebel\/der-komfortable-ruhesessel\/#primaryimage"},"image":{"@id":"https:\/\/objektmobiliar.ch\/moebel\/pflegegerechte-polstermoebel\/der-komfortable-ruhesessel\/#primaryimage"},"thumbnailUrl":"https:\/\/objektmobiliar.ch\/wp-content\/uploads\/2023\/10\/jona-sessel.jpg","datePublished":"2023-10-12T00:26:47+00:00","dateModified":"2024-09-05T11:30:27+00:00","description":"Le fauteuil de repos confortable Jona offre une multitude de particularit\u00e9s et de possibilit\u00e9s d'adaptation pour une utilisation dans les \u00e9tablissements de soins.","breadcrumb":{"@id":"https:\/\/objektmobiliar.ch\/moebel\/pflegegerechte-polstermoebel\/der-komfortable-ruhesessel\/#breadcrumb"},"inLanguage":"fr-FR","potentialAction":[{"@type":"ReadAction","target":["https:\/\/objektmobiliar.ch\/moebel\/pflegegerechte-polstermoebel\/der-komfortable-ruhesessel\/"]}]},{"@type":"ImageObject","inLanguage":"fr-FR","@id":"https:\/\/objektmobiliar.ch\/moebel\/pflegegerechte-polstermoebel\/der-komfortable-ruhesessel\/#primaryimage","url":"https:\/\/objektmobiliar.ch\/wp-content\/uploads\/2023\/10\/jona-sessel.jpg","contentUrl":"https:\/\/objektmobiliar.ch\/wp-content\/uploads\/2023\/10\/jona-sessel.jpg","width":1000,"height":1000,"caption":"Der komfortable Ruhesessel"},{"@type":"BreadcrumbList","@id":"https:\/\/objektmobiliar.ch\/moebel\/pflegegerechte-polstermoebel\/der-komfortable-ruhesessel\/#breadcrumb","itemListElement":[{"@type":"ListItem","position":1,"name":"Startseite","item":"https:\/\/objektmobiliar.ch\/"},{"@type":"ListItem","position":2,"name":"M\u00f6bel","item":"https:\/\/objektmobiliar.ch\/moebel\/"},{"@type":"ListItem","position":3,"name":"Polsterm\u00f6bel","item":"https:\/\/objektmobiliar.ch\/moebel\/pflegegerechte-polstermoebel\/"},{"@type":"ListItem","position":4,"name":"Jona"}]},{"@type":"WebSite","@id":"https:\/\/objektmobiliar.ch\/#website","url":"https:\/\/objektmobiliar.ch\/","name":"OZG HEALTHCARE","description":"Mobilier de collectivit\u00e9 pour les soins, les bureaux, les cabinets m\u00e9dicaux et l'h\u00f4tellerie","potentialAction":[{"@type":"SearchAction","target":{"@type":"EntryPoint","urlTemplate":"https:\/\/objektmobiliar.ch\/?s={search_term_string}"},"query-input":{"@type":"PropertyValueSpecification","valueRequired":true,"valueName":"search_term_string"}}],"inLanguage":"fr-FR"}]}},"coauthors":[],"author_meta":{"author_link":"https:\/\/objektmobiliar.ch\/fr\/author\/alex\/","display_name":"Alex"},"relative_dates":{"created":"Publi\u00e9 3 ans il y a","modified":"Mis \u00e0 jour 2 ans il y a"},"absolute_dates":{"created":"Publi\u00e9 le octobre 12, 2023","modified":"Mise \u00e0 jour le septembre 5, 2024"},"absolute_dates_time":{"created":"Publi\u00e9 le octobre 12, 2023 12:26 am","modified":"Mise \u00e0 jour le septembre 5, 2024 11:30 am"},"featured_img_caption":"","featured_img":"https:\/\/objektmobiliar.ch\/wp-content\/uploads\/2023\/10\/jona-sessel-825x510.jpg","series_order":"","_links":{"self":[{"href":"https:\/\/objektmobiliar.ch\/fr\/wp-json\/wp\/v2\/pages\/403","targetHints":{"allow":["GET"]}}],"collection":[{"href":"https:\/\/objektmobiliar.ch\/fr\/wp-json\/wp\/v2\/pages"}],"about":[{"href":"https:\/\/objektmobiliar.ch\/fr\/wp-json\/wp\/v2\/types\/page"}],"author":[{"embeddable":true,"href":"https:\/\/objektmobiliar.ch\/fr\/wp-json\/wp\/v2\/users\/2"}],"replies":[{"embeddable":true,"href":"https:\/\/objektmobiliar.ch\/fr\/wp-json\/wp\/v2\/comments?post=403"}],"version-history":[{"count":23,"href":"https:\/\/objektmobiliar.ch\/fr\/wp-json\/wp\/v2\/pages\/403\/revisions"}],"predecessor-version":[{"id":4187,"href":"https:\/\/objektmobiliar.ch\/fr\/wp-json\/wp\/v2\/pages\/403\/revisions\/4187"}],"up":[{"embeddable":true,"href":"https:\/\/objektmobiliar.ch\/fr\/wp-json\/wp\/v2\/pages\/220"}],"wp:featuredmedia":[{"embeddable":true,"href":"https:\/\/objektmobiliar.ch\/fr\/wp-json\/wp\/v2\/media\/402"}],"wp:attachment":[{"href":"https:\/\/objektmobiliar.ch\/fr\/wp-json\/wp\/v2\/media?parent=403"}],"curies":[{"name":"wp","href":"https:\/\/api.w.org\/{rel}","templated":true}]}}