{"id":393,"date":"2023-10-11T16:26:17","date_gmt":"2023-10-11T16:26:17","guid":{"rendered":"https:\/\/dev.objektmobiliar.ch\/?page_id=393"},"modified":"2024-09-05T09:39:44","modified_gmt":"2024-09-05T09:39:44","slug":"le-canape-classique-au-design-moderne","status":"publish","type":"page","link":"https:\/\/objektmobiliar.ch\/fr\/moebel\/pflegegerechte-polstermoebel\/das-klassische-sofa-mit-modernem-design\/","title":{"rendered":"Canap\u00e9 Flora"},"content":{"rendered":"<div class=\"lazyblock-produkt-detail-ozg-Z1caMD2 wp-block-lazyblock-produkt-detail-ozg\"><section class=\"sct\">\r\n      <div class=\"cnt\">\r\n        <div class=\"elmnt-product-desc\">\r\n          <div class=\"product-desc-box\"><img decoding=\"async\" src=\"https:\/\/objektmobiliar.ch\/wp-content\/uploads\/2023\/10\/flora-sofa.jpg\" loading=\"lazy\" alt=\"\" class=\"product-desc-img\"><\/div>\r\n          <div class=\"product-desc-txt\">\r\n            <h1 class=\"txt-product-headline\">Canap\u00e9 Flora<\/h1>\r\n            <h2 class=\"txt-product-subline\">Le canap\u00e9 classique au design moderne<\/h2>\r\n            <div class=\"w-richtext\">\r\n              <p>Avec la collection Flora, vous cr\u00e9ez une ambiance fra\u00eeche et moderne sans perdre le look classique. La possibilit\u00e9 de combiner diff\u00e9rents tissus de rev\u00eatement color\u00e9s permet d'obtenir une grande diversit\u00e9 de designs. Utilisez des tissus unis pour une approche plus conservatrice et des tissus \u00e0 motifs pour un int\u00e9rieur plus frais et plus audacieux.<\/p>\n<p>Disponible en fauteuil et en canap\u00e9 2 places.<\/p>\r\n            <\/div>\r\n            <a onclick=\"splite_loader();\" class=\"btn\">Demander un produit<\/a>\r\n          <\/div>\r\n        <\/div>\r\n      <\/div>\r\n    <\/section><\/div>\n\n<div class=\"lazyblock-produkt-slider-ozg-1lirPO wp-block-lazyblock-produkt-slider-ozg\"><section class=\"sct\">\r\n  <div class=\"cnt\">\r\n    <div class=\"intro-txt\">\r\n        <h2>Mod\u00e8les et versions<\/h2>\r\n    <\/div>\r\n    \r\n    <div class=\"elmnt-similar-products\">\r\n      <div class=\"similar-product\"><img decoding=\"async\" src=\"https:\/\/objektmobiliar.ch\/wp-content\/uploads\/2023\/10\/flora-sessel.jpg\" loading=\"eager\" alt=\"Fauteuil classique au look moderne\" class=\"similar-product-img\">\r\n        <div class=\"center\">\r\n          <div class=\"w-richtext\">\r\n            <p><strong>Fauteuil Flora<\/strong><br>R\u00e9f. 220-0590\/S<\/p>\r\n          <\/div>\r\n          <a href=\"https:\/\/objektmobiliar.ch\/fr\/meubles\/meubles-rembourres-faciles-a-entretenir\/fauteuil-classique-au-look-moderne\/\" class=\"btn similarproducts\">Passer au produit<\/a>\r\n        <\/div>\r\n      <\/div>\r\n      <div class=\"similar-product\"><img decoding=\"async\" src=\"https:\/\/objektmobiliar.ch\/wp-content\/uploads\/2023\/10\/flora-sessel-2.jpg\" loading=\"eager\" alt=\"Flora - Un look classique rencontre une diversit\u00e9 de designs frais\" class=\"similar-product-img\">\r\n        <div class=\"center\">\r\n          <div class=\"w-richtext\">\r\n            <p><strong>Fauteuil Flora<\/strong><br>R\u00e9f. 220-0590\/S<\/p>\r\n          <\/div>\r\n          \r\n        <\/div>\r\n      <\/div>\r\n      <div class=\"similar-product\"><img decoding=\"async\" src=\"https:\/\/objektmobiliar.ch\/wp-content\/uploads\/2023\/10\/flora-sessel-3.jpg\" loading=\"eager\" alt=\"Flora - Un look classique rencontre une diversit\u00e9 de designs frais\" class=\"similar-product-img\">\r\n        <div class=\"center\">\r\n          <div class=\"w-richtext\">\r\n            <p><strong>Fauteuil Flora<\/strong><br>R\u00e9f. 220-0590\/S<\/p>\r\n          <\/div>\r\n          \r\n        <\/div>\r\n      <\/div>\r\n      <div class=\"similar-product\"><img decoding=\"async\" src=\"https:\/\/objektmobiliar.ch\/wp-content\/uploads\/2023\/10\/flora-sofa.jpg\" loading=\"eager\" alt=\"Canap\u00e9 classique au design moderne\" class=\"similar-product-img\">\r\n        <div class=\"center\">\r\n          <div class=\"w-richtext\">\r\n            <p><strong>Canap\u00e9 2 places Flora<\/strong><br>R\u00e9f. 220-0591\/S<\/p>\r\n          <\/div>\r\n          <a href=\"https:\/\/objektmobiliar.ch\/fr\/meubles\/meubles-rembourres-faciles-a-entretenir\/le-canape-classique-au-design-moderne\/\" class=\"btn similarproducts\">Passer au produit<\/a>\r\n        <\/div>\r\n      <\/div>\r\n    <\/div>\r\n  <\/div>\r\n  \r\n  <div class=\"cnt narrow\">\r\n    <div class=\"similar-products-nav-pos\">\r\n      <div class=\"w-embed\">\r\n        \r\n      <\/div>\r\n    <\/div>\r\n  <\/div>\r\n<\/section><\/div>\n\n\n<div class=\"wp-block-group\"><div class=\"wp-block-group__inner-container is-layout-constrained wp-block-group-is-layout-constrained\"><section class=\"sct\">\r\n      <div class=\"cnt narrow\">\r\n        <div class=\"introtxt\">\r\n        <div class=\"w-richtext\">\r\n            <h2>Description du produit<\/h2>\r\n        <\/div>\r\n        <\/div>\r\n        \r\n          \n\n\n<figure class=\"wp-block-table is-style-regular\"><table><thead><tr><th>Art. No.<\/th><th>Description<\/th><th><\/th><\/tr><\/thead><tbody><tr><td>220-0590\/S<\/td><td>Fauteuil Flora<\/td><td><a href=\"https:\/\/objektmobiliar.ch\/fr\/meubles\/meubles-rembourres-faciles-a-entretenir\/fauteuil-classique-au-look-moderne\/\">Passer au produit<\/a><\/td><\/tr><tr><td>220-0591\/S<\/td><td>Canap\u00e9 2 places Flora<\/td><td><a href=\"https:\/\/objektmobiliar.ch\/fr\/meubles\/meubles-rembourres-faciles-a-entretenir\/le-canape-classique-au-design-moderne\/\">Passer au produit<\/a><\/td><\/tr><\/tbody><\/table><\/figure>\n\n\n<\/div><\/section><\/div><\/div>\n\n\n<div class=\"lazyblock-text-modul-ozg-Zih2qr wp-block-lazyblock-text-modul-ozg\"><section class=\"sct\">\r\n      <div class=\"cnt narrow\">\r\n        <div class=\"w-richtext\">\r\n            <h2>FLORA<\/h2>\n<h3>Canap\u00e9 classique au design moderne<\/h3>\n<p>Ce canap\u00e9 classique au design moderne est sp\u00e9cialement con\u00e7u pour r\u00e9pondre aux besoins des \u00e9tablissements de soins. Avec un dossier haut et ergonomique, il offre un excellent confort et favorise une posture saine. Les accoudoirs sont con\u00e7us de mani\u00e8re \u00e0 faciliter le lever, ce qui est particuli\u00e8rement important pour les personnes \u00e2g\u00e9es qui ont besoin d'aide pour se lever. Les pieds en bois l\u00e9g\u00e8rement \u00e9vas\u00e9s garantissent en outre une bonne stabilit\u00e9 et augmentent la s\u00e9curit\u00e9 lorsqu'on s'assoit et se l\u00e8ve. De cette mani\u00e8re, le canap\u00e9 Flora r\u00e9pond \u00e0 la fois aux exigences esth\u00e9tiques et fonctionnelles du quotidien des soins. La collection Flora comprend aussi bien des canap\u00e9s deux places que des fauteuils qui s'int\u00e8grent parfaitement dans tout concept d'espace.<\/p>\n<h3>Nombreuses options de mat\u00e9riaux et de couleurs pour chaque concept d'am\u00e9nagement<\/h3>\n<p>La collection Flora impressionne par sa large palette de mat\u00e9riaux et de couleurs. Les options de rembourrage comprennent des tissus en microfibre faciles \u00e0 entretenir, du cuir v\u00e9ritable et du cuir synth\u00e9tique qui facilitent le quotidien du personnel soignant. Gr\u00e2ce \u00e0 la possibilit\u00e9 de combiner diff\u00e9rents tissus de rev\u00eatement, le canap\u00e9 classique au design moderne peut \u00eatre adapt\u00e9 de mani\u00e8re flexible \u00e0 diff\u00e9rents concepts d'am\u00e9nagement. Qu'il s'agisse de tissus unis pour un look classique ou de tissus \u00e0 motifs pour une touche de modernit\u00e9, le choix est vaste. Les \u00e9l\u00e9ments en bois sont \u00e9galement personnalisables et peuvent \u00eatre livr\u00e9s dans diff\u00e9rentes essences et teintes pour compl\u00e9ter au mieux le concept d'am\u00e9nagement. N'h\u00e9sitez pas \u00e0 nous contacter pour de plus amples informations ou pour un conseil personnalis\u00e9. Visitez notre site web pour obtenir des informations d\u00e9taill\u00e9es sur <a href=\"https:\/\/objektmobiliar.ch\/fr\/inspiration\/materiaux-et-couleurs\/\">Mat\u00e9riaux et couleurs<\/a>.<\/p>\r\n        <\/div>\r\n      <\/div>\r\n    <\/section><\/div><style class=\"advgb-styles-renderer\">\r\n            .similar-products-nav li {\r\n              overflow: hidden;\r\n              margin: 0px !important;\r\n              flex-grow: 0 !important;\r\n              flex-shrink: 1 !important;\r\n              flex-basis: 12.5% !important;\r\n              border-style: solid;\r\n              border-width: 2px;\r\n              border-color: transparent;\r\n              border-radius: 8px;\r\n              transition-property: border-color;\r\n              transition-duration: 600ms;\r\n              transition-timing-function: ease;\r\n              cursor: pointer;\r\n            }\r\n            .similar-products-nav li.slick-active {\r\n              border-color: #dde7ef;\r\n            }\r\n            @media screen and (max-width:767px) {\r\n              .similar-products-nav li {\r\n                flex-basis: auto !important;\r\n                border-radius: 8px;\r\n                padding-top: 8px;\r\n                padding-right: 16px;\r\n                padding-bottom: 6px;\r\n                padding-left: 16px;\r\n              }\r\n              .similar-products-nav li.slick-active {\r\n                background-color: #dde7ef;\r\n                transition-property: background-color, border-color;\r\n                transition-duration: 600ms, 200ms;\r\n                transition-timing-function: ease, ease;\r\n                color: #426b8a;\r\n              }\r\n            }\r\n          <\/style>","protected":false},"excerpt":{"rendered":"<p>Avec la collection Flora, cr\u00e9ez une ambiance fra\u00eeche et moderne tout en conservant un look classique.<\/p>","protected":false},"author":7,"featured_media":389,"parent":220,"menu_order":0,"comment_status":"closed","ping_status":"closed","template":"","meta":{"advgb_blocks_editor_width":"","advgb_blocks_columns_visual_guide":"","footnotes":""},"class_list":["post-393","page","type-page","status-publish","has-post-thumbnail","hentry"],"yoast_head":"<!-- This site is optimized with the Yoast SEO plugin v27.4 - https:\/\/yoast.com\/product\/yoast-seo-wordpress\/ -->\n<title>Das klassische Sofa mit modernem Design bei OZG<\/title>\n<meta name=\"description\" content=\"Das klassische Sofa mit modernem Design tr\u00e4gt dazu bei, ein frisches und zeitgem\u00e4sses Ambiente in Pflegeeinrichtungen zu schaffen.\" \/>\n<meta name=\"robots\" content=\"index, follow, max-snippet:-1, max-image-preview:large, max-video-preview:-1\" \/>\n<link rel=\"canonical\" href=\"https:\/\/objektmobiliar.ch\/fr\/meubles\/meubles-rembourres-faciles-a-entretenir\/le-canape-classique-au-design-moderne\/\" \/>\n<meta property=\"og:locale\" content=\"fr_FR\" \/>\n<meta property=\"og:type\" content=\"article\" \/>\n<meta property=\"og:title\" content=\"Das klassische Sofa mit modernem Design bei OZG\" \/>\n<meta property=\"og:description\" content=\"Das klassische Sofa mit modernem Design tr\u00e4gt dazu bei, ein frisches und zeitgem\u00e4sses Ambiente in Pflegeeinrichtungen zu schaffen.\" \/>\n<meta property=\"og:url\" content=\"https:\/\/objektmobiliar.ch\/fr\/meubles\/meubles-rembourres-faciles-a-entretenir\/le-canape-classique-au-design-moderne\/\" \/>\n<meta property=\"og:site_name\" content=\"OZG HEALTHCARE\" \/>\n<meta property=\"article:modified_time\" content=\"2024-09-05T09:39:44+00:00\" \/>\n<meta property=\"og:image\" content=\"https:\/\/objektmobiliar.ch\/wp-content\/uploads\/2023\/10\/flora-sofa.jpg\" \/>\n\t<meta property=\"og:image:width\" content=\"1000\" \/>\n\t<meta property=\"og:image:height\" content=\"1000\" \/>\n\t<meta property=\"og:image:type\" content=\"image\/jpeg\" \/>\n<meta name=\"twitter:card\" content=\"summary_large_image\" \/>\n<meta name=\"twitter:label1\" content=\"Dur\u00e9e de lecture estim\u00e9e\" \/>\n\t<meta name=\"twitter:data1\" content=\"4 minutes\" \/>\n<script type=\"application\/ld+json\" class=\"yoast-schema-graph\">{\"@context\":\"https:\\\/\\\/schema.org\",\"@graph\":[{\"@type\":\"WebPage\",\"@id\":\"https:\\\/\\\/objektmobiliar.ch\\\/moebel\\\/pflegegerechte-polstermoebel\\\/das-klassische-sofa-mit-modernem-design\\\/\",\"url\":\"https:\\\/\\\/objektmobiliar.ch\\\/moebel\\\/pflegegerechte-polstermoebel\\\/das-klassische-sofa-mit-modernem-design\\\/\",\"name\":\"Das klassische Sofa mit modernem Design bei OZG\",\"isPartOf\":{\"@id\":\"https:\\\/\\\/objektmobiliar.ch\\\/#website\"},\"primaryImageOfPage\":{\"@id\":\"https:\\\/\\\/objektmobiliar.ch\\\/moebel\\\/pflegegerechte-polstermoebel\\\/das-klassische-sofa-mit-modernem-design\\\/#primaryimage\"},\"image\":{\"@id\":\"https:\\\/\\\/objektmobiliar.ch\\\/moebel\\\/pflegegerechte-polstermoebel\\\/das-klassische-sofa-mit-modernem-design\\\/#primaryimage\"},\"thumbnailUrl\":\"https:\\\/\\\/objektmobiliar.ch\\\/wp-content\\\/uploads\\\/2023\\\/10\\\/flora-sofa.jpg\",\"datePublished\":\"2023-10-11T16:26:17+00:00\",\"dateModified\":\"2024-09-05T09:39:44+00:00\",\"description\":\"Das klassische Sofa mit modernem Design tr\u00e4gt dazu bei, ein frisches und zeitgem\u00e4sses Ambiente in Pflegeeinrichtungen zu schaffen.\",\"breadcrumb\":{\"@id\":\"https:\\\/\\\/objektmobiliar.ch\\\/moebel\\\/pflegegerechte-polstermoebel\\\/das-klassische-sofa-mit-modernem-design\\\/#breadcrumb\"},\"inLanguage\":\"fr-FR\",\"potentialAction\":[{\"@type\":\"ReadAction\",\"target\":[\"https:\\\/\\\/objektmobiliar.ch\\\/moebel\\\/pflegegerechte-polstermoebel\\\/das-klassische-sofa-mit-modernem-design\\\/\"]}]},{\"@type\":\"ImageObject\",\"inLanguage\":\"fr-FR\",\"@id\":\"https:\\\/\\\/objektmobiliar.ch\\\/moebel\\\/pflegegerechte-polstermoebel\\\/das-klassische-sofa-mit-modernem-design\\\/#primaryimage\",\"url\":\"https:\\\/\\\/objektmobiliar.ch\\\/wp-content\\\/uploads\\\/2023\\\/10\\\/flora-sofa.jpg\",\"contentUrl\":\"https:\\\/\\\/objektmobiliar.ch\\\/wp-content\\\/uploads\\\/2023\\\/10\\\/flora-sofa.jpg\",\"width\":1000,\"height\":1000,\"caption\":\"Klassisches Sofa mit modernem Design\"},{\"@type\":\"BreadcrumbList\",\"@id\":\"https:\\\/\\\/objektmobiliar.ch\\\/moebel\\\/pflegegerechte-polstermoebel\\\/das-klassische-sofa-mit-modernem-design\\\/#breadcrumb\",\"itemListElement\":[{\"@type\":\"ListItem\",\"position\":1,\"name\":\"Startseite\",\"item\":\"https:\\\/\\\/objektmobiliar.ch\\\/\"},{\"@type\":\"ListItem\",\"position\":2,\"name\":\"M\u00f6bel\",\"item\":\"https:\\\/\\\/objektmobiliar.ch\\\/moebel\\\/\"},{\"@type\":\"ListItem\",\"position\":3,\"name\":\"Polsterm\u00f6bel\",\"item\":\"https:\\\/\\\/objektmobiliar.ch\\\/moebel\\\/pflegegerechte-polstermoebel\\\/\"},{\"@type\":\"ListItem\",\"position\":4,\"name\":\"Flora Sofa\"}]},{\"@type\":\"WebSite\",\"@id\":\"https:\\\/\\\/objektmobiliar.ch\\\/#website\",\"url\":\"https:\\\/\\\/objektmobiliar.ch\\\/\",\"name\":\"OZG HEALTHCARE\",\"description\":\"Objektmobiliar f\u00fcr Pflege, B\u00fcro, Praxis &amp; Hotellerie\",\"potentialAction\":[{\"@type\":\"SearchAction\",\"target\":{\"@type\":\"EntryPoint\",\"urlTemplate\":\"https:\\\/\\\/objektmobiliar.ch\\\/?s={search_term_string}\"},\"query-input\":{\"@type\":\"PropertyValueSpecification\",\"valueRequired\":true,\"valueName\":\"search_term_string\"}}],\"inLanguage\":\"fr-FR\"}]}<\/script>\n<!-- \/ Yoast SEO plugin. -->","yoast_head_json":{"title":"Le canap\u00e9 classique au design moderne chez OZG","description":"Ce canap\u00e9 classique au design moderne contribue \u00e0 cr\u00e9er une ambiance fra\u00eeche et contemporaine dans les \u00e9tablissements de soins.","robots":{"index":"index","follow":"follow","max-snippet":"max-snippet:-1","max-image-preview":"max-image-preview:large","max-video-preview":"max-video-preview:-1"},"canonical":"https:\/\/objektmobiliar.ch\/fr\/meubles\/meubles-rembourres-faciles-a-entretenir\/le-canape-classique-au-design-moderne\/","og_locale":"fr_FR","og_type":"article","og_title":"Das klassische Sofa mit modernem Design bei OZG","og_description":"Das klassische Sofa mit modernem Design tr\u00e4gt dazu bei, ein frisches und zeitgem\u00e4sses Ambiente in Pflegeeinrichtungen zu schaffen.","og_url":"https:\/\/objektmobiliar.ch\/fr\/meubles\/meubles-rembourres-faciles-a-entretenir\/le-canape-classique-au-design-moderne\/","og_site_name":"OZG HEALTHCARE","article_modified_time":"2024-09-05T09:39:44+00:00","og_image":[{"width":1000,"height":1000,"url":"https:\/\/objektmobiliar.ch\/wp-content\/uploads\/2023\/10\/flora-sofa.jpg","type":"image\/jpeg"}],"twitter_card":"summary_large_image","twitter_misc":{"Dur\u00e9e de lecture estim\u00e9e":"4 minutes"},"schema":{"@context":"https:\/\/schema.org","@graph":[{"@type":"WebPage","@id":"https:\/\/objektmobiliar.ch\/moebel\/pflegegerechte-polstermoebel\/das-klassische-sofa-mit-modernem-design\/","url":"https:\/\/objektmobiliar.ch\/moebel\/pflegegerechte-polstermoebel\/das-klassische-sofa-mit-modernem-design\/","name":"Le canap\u00e9 classique au design moderne chez OZG","isPartOf":{"@id":"https:\/\/objektmobiliar.ch\/#website"},"primaryImageOfPage":{"@id":"https:\/\/objektmobiliar.ch\/moebel\/pflegegerechte-polstermoebel\/das-klassische-sofa-mit-modernem-design\/#primaryimage"},"image":{"@id":"https:\/\/objektmobiliar.ch\/moebel\/pflegegerechte-polstermoebel\/das-klassische-sofa-mit-modernem-design\/#primaryimage"},"thumbnailUrl":"https:\/\/objektmobiliar.ch\/wp-content\/uploads\/2023\/10\/flora-sofa.jpg","datePublished":"2023-10-11T16:26:17+00:00","dateModified":"2024-09-05T09:39:44+00:00","description":"Ce canap\u00e9 classique au design moderne contribue \u00e0 cr\u00e9er une ambiance fra\u00eeche et contemporaine dans les \u00e9tablissements de soins.","breadcrumb":{"@id":"https:\/\/objektmobiliar.ch\/moebel\/pflegegerechte-polstermoebel\/das-klassische-sofa-mit-modernem-design\/#breadcrumb"},"inLanguage":"fr-FR","potentialAction":[{"@type":"ReadAction","target":["https:\/\/objektmobiliar.ch\/moebel\/pflegegerechte-polstermoebel\/das-klassische-sofa-mit-modernem-design\/"]}]},{"@type":"ImageObject","inLanguage":"fr-FR","@id":"https:\/\/objektmobiliar.ch\/moebel\/pflegegerechte-polstermoebel\/das-klassische-sofa-mit-modernem-design\/#primaryimage","url":"https:\/\/objektmobiliar.ch\/wp-content\/uploads\/2023\/10\/flora-sofa.jpg","contentUrl":"https:\/\/objektmobiliar.ch\/wp-content\/uploads\/2023\/10\/flora-sofa.jpg","width":1000,"height":1000,"caption":"Klassisches Sofa mit modernem Design"},{"@type":"BreadcrumbList","@id":"https:\/\/objektmobiliar.ch\/moebel\/pflegegerechte-polstermoebel\/das-klassische-sofa-mit-modernem-design\/#breadcrumb","itemListElement":[{"@type":"ListItem","position":1,"name":"Startseite","item":"https:\/\/objektmobiliar.ch\/"},{"@type":"ListItem","position":2,"name":"M\u00f6bel","item":"https:\/\/objektmobiliar.ch\/moebel\/"},{"@type":"ListItem","position":3,"name":"Polsterm\u00f6bel","item":"https:\/\/objektmobiliar.ch\/moebel\/pflegegerechte-polstermoebel\/"},{"@type":"ListItem","position":4,"name":"Flora Sofa"}]},{"@type":"WebSite","@id":"https:\/\/objektmobiliar.ch\/#website","url":"https:\/\/objektmobiliar.ch\/","name":"OZG HEALTHCARE","description":"Mobilier de collectivit\u00e9 pour les soins, les bureaux, les cabinets m\u00e9dicaux et l'h\u00f4tellerie","potentialAction":[{"@type":"SearchAction","target":{"@type":"EntryPoint","urlTemplate":"https:\/\/objektmobiliar.ch\/?s={search_term_string}"},"query-input":{"@type":"PropertyValueSpecification","valueRequired":true,"valueName":"search_term_string"}}],"inLanguage":"fr-FR"}]}},"coauthors":[],"author_meta":{"author_link":"https:\/\/objektmobiliar.ch\/fr\/author\/henni\/","display_name":"Henriette Saade"},"relative_dates":{"created":"Publi\u00e9 3 ans il y a","modified":"Mis \u00e0 jour 2 ans il y a"},"absolute_dates":{"created":"Publi\u00e9 le octobre 11, 2023","modified":"Mise \u00e0 jour le septembre 5, 2024"},"absolute_dates_time":{"created":"Publi\u00e9 le octobre 11, 2023 4:26 pm","modified":"Mise \u00e0 jour le septembre 5, 2024 9:39 am"},"featured_img_caption":"","featured_img":"https:\/\/objektmobiliar.ch\/wp-content\/uploads\/2023\/10\/flora-sofa-825x510.jpg","series_order":"","_links":{"self":[{"href":"https:\/\/objektmobiliar.ch\/fr\/wp-json\/wp\/v2\/pages\/393","targetHints":{"allow":["GET"]}}],"collection":[{"href":"https:\/\/objektmobiliar.ch\/fr\/wp-json\/wp\/v2\/pages"}],"about":[{"href":"https:\/\/objektmobiliar.ch\/fr\/wp-json\/wp\/v2\/types\/page"}],"author":[{"embeddable":true,"href":"https:\/\/objektmobiliar.ch\/fr\/wp-json\/wp\/v2\/users\/7"}],"replies":[{"embeddable":true,"href":"https:\/\/objektmobiliar.ch\/fr\/wp-json\/wp\/v2\/comments?post=393"}],"version-history":[{"count":15,"href":"https:\/\/objektmobiliar.ch\/fr\/wp-json\/wp\/v2\/pages\/393\/revisions"}],"predecessor-version":[{"id":4170,"href":"https:\/\/objektmobiliar.ch\/fr\/wp-json\/wp\/v2\/pages\/393\/revisions\/4170"}],"up":[{"embeddable":true,"href":"https:\/\/objektmobiliar.ch\/fr\/wp-json\/wp\/v2\/pages\/220"}],"wp:featuredmedia":[{"embeddable":true,"href":"https:\/\/objektmobiliar.ch\/fr\/wp-json\/wp\/v2\/media\/389"}],"wp:attachment":[{"href":"https:\/\/objektmobiliar.ch\/fr\/wp-json\/wp\/v2\/media?parent=393"}],"curies":[{"name":"wp","href":"https:\/\/api.w.org\/{rel}","templated":true}]}}