{"id":387,"date":"2023-10-11T16:25:15","date_gmt":"2023-10-11T16:25:15","guid":{"rendered":"https:\/\/dev.objektmobiliar.ch\/?page_id=387"},"modified":"2024-09-05T09:41:40","modified_gmt":"2024-09-05T09:41:40","slug":"fauteuil-classique-au-look-moderne","status":"publish","type":"page","link":"https:\/\/objektmobiliar.ch\/fr\/moebel\/pflegegerechte-polstermoebel\/klassischer-sessel-in-moderner-optik\/","title":{"rendered":"Flora Fauteuil"},"content":{"rendered":"<div class=\"lazyblock-produkt-detail-ozg-qPRRA wp-block-lazyblock-produkt-detail-ozg\"><section class=\"sct\">\r\n      <div class=\"cnt\">\r\n        <div class=\"elmnt-product-desc\">\r\n          <div class=\"product-desc-box\"><img decoding=\"async\" src=\"https:\/\/objektmobiliar.ch\/wp-content\/uploads\/2023\/10\/flora-sessel.jpg\" loading=\"lazy\" alt=\"\" class=\"product-desc-img\"><\/div>\r\n          <div class=\"product-desc-txt\">\r\n            <h1 class=\"txt-product-headline\">Flora <\/h1>\r\n            <h2 class=\"txt-product-subline\">Fauteuil classique au look moderne <\/h2>\r\n            <div class=\"w-richtext\">\r\n              <p>Avec la collection Flora, vous cr\u00e9ez une ambiance fra\u00eeche et moderne sans perdre le look classique. La possibilit\u00e9 de combiner diff\u00e9rents tissus de rev\u00eatement color\u00e9s permet d'obtenir une grande diversit\u00e9 de designs. Utilisez des tissus unis pour une approche plus conservatrice et des tissus \u00e0 motifs pour un int\u00e9rieur plus frais et plus audacieux. Disponible en fauteuil et en canap\u00e9 2 places.<\/p>\r\n            <\/div>\r\n            <a onclick=\"splite_loader();\" class=\"btn\">Demander un produit<\/a>\r\n          <\/div>\r\n        <\/div>\r\n      <\/div>\r\n    <\/section><\/div>\n\n<div class=\"lazyblock-produkt-slider-ozg-1lirPO wp-block-lazyblock-produkt-slider-ozg\"><section class=\"sct\">\r\n  <div class=\"cnt\">\r\n    <div class=\"intro-txt\">\r\n        <h2>Mod\u00e8les et versions<\/h2>\r\n    <\/div>\r\n    \r\n    <div class=\"elmnt-similar-products\">\r\n      <div class=\"similar-product\"><img decoding=\"async\" src=\"https:\/\/objektmobiliar.ch\/wp-content\/uploads\/2023\/10\/flora-sessel.jpg\" loading=\"eager\" alt=\"Fauteuil classique au look moderne\" class=\"similar-product-img\">\r\n        <div class=\"center\">\r\n          <div class=\"w-richtext\">\r\n            <p><strong>Fauteuil Flora<\/strong><br>R\u00e9f. 220-0590\/S<\/p>\r\n          <\/div>\r\n          <a href=\"https:\/\/objektmobiliar.ch\/fr\/meubles\/meubles-rembourres-faciles-a-entretenir\/fauteuil-classique-au-look-moderne\/\" class=\"btn similarproducts\">Passer au produit<\/a>\r\n        <\/div>\r\n      <\/div>\r\n      <div class=\"similar-product\"><img decoding=\"async\" src=\"https:\/\/objektmobiliar.ch\/wp-content\/uploads\/2023\/10\/flora-sessel-2.jpg\" loading=\"eager\" alt=\"Flora - Un look classique rencontre une diversit\u00e9 de designs frais\" class=\"similar-product-img\">\r\n        <div class=\"center\">\r\n          <div class=\"w-richtext\">\r\n            <p><strong>Fauteuil Flora<\/strong><br>R\u00e9f. 220-0590\/S<\/p>\r\n          <\/div>\r\n          \r\n        <\/div>\r\n      <\/div>\r\n      <div class=\"similar-product\"><img decoding=\"async\" src=\"https:\/\/objektmobiliar.ch\/wp-content\/uploads\/2023\/10\/flora-sessel-3.jpg\" loading=\"eager\" alt=\"Flora - Un look classique rencontre une diversit\u00e9 de designs frais\" class=\"similar-product-img\">\r\n        <div class=\"center\">\r\n          <div class=\"w-richtext\">\r\n            <p><strong>Fauteuil Flora<\/strong><br>R\u00e9f. 220-0590\/S<\/p>\r\n          <\/div>\r\n          \r\n        <\/div>\r\n      <\/div>\r\n      <div class=\"similar-product\"><img decoding=\"async\" src=\"https:\/\/objektmobiliar.ch\/wp-content\/uploads\/2023\/10\/flora-sofa.jpg\" loading=\"eager\" alt=\"Canap\u00e9 classique au design moderne\" class=\"similar-product-img\">\r\n        <div class=\"center\">\r\n          <div class=\"w-richtext\">\r\n            <p><strong>Canap\u00e9 2 places Flora<\/strong><br>R\u00e9f. 220-0591\/S<\/p>\r\n          <\/div>\r\n          <a href=\"https:\/\/objektmobiliar.ch\/fr\/meubles\/meubles-rembourres-faciles-a-entretenir\/le-canape-classique-au-design-moderne\/\" class=\"btn similarproducts\">Passer au produit<\/a>\r\n        <\/div>\r\n      <\/div>\r\n    <\/div>\r\n  <\/div>\r\n  \r\n  <div class=\"cnt narrow\">\r\n    <div class=\"similar-products-nav-pos\">\r\n      <div class=\"w-embed\">\r\n        \r\n      <\/div>\r\n    <\/div>\r\n  <\/div>\r\n<\/section><\/div>\n\n\n<div class=\"wp-block-group\"><div class=\"wp-block-group__inner-container is-layout-constrained wp-block-group-is-layout-constrained\"><section class=\"sct\">\r\n      <div class=\"cnt narrow\">\r\n        <div class=\"introtxt\">\r\n        <div class=\"w-richtext\">\r\n            <h2>Description du produit<\/h2>\r\n        <\/div>\r\n        <\/div>\r\n        \r\n          \n\n\n<figure class=\"wp-block-table is-style-regular\"><table><thead><tr><th>Art. No.<\/th><th>Description<\/th><th><\/th><\/tr><\/thead><tbody><tr><td>220-0590\/S<\/td><td>Fauteuil Flora<\/td><td><a href=\"https:\/\/objektmobiliar.ch\/fr\/meubles\/meubles-rembourres-faciles-a-entretenir\/fauteuil-classique-au-look-moderne\/\">Passer au produit<\/a><\/td><\/tr><tr><td>220-0591\/S<\/td><td>Canap\u00e9 2 places Flora<\/td><td><a href=\"https:\/\/objektmobiliar.ch\/fr\/meubles\/meubles-rembourres-faciles-a-entretenir\/le-canape-classique-au-design-moderne\/\">Passer au produit<\/a><\/td><\/tr><\/tbody><\/table><\/figure>\n\n\n<\/div><\/section><\/div><\/div>\n\n\n<div class=\"lazyblock-text-modul-ozg-Z21NIhm wp-block-lazyblock-text-modul-ozg\"><section class=\"sct\">\r\n      <div class=\"cnt narrow\">\r\n        <div class=\"w-richtext\">\r\n            <h2>FLORA<\/h2>\n<h3>Fauteuil classique au look moderne<\/h3>\n<p>La collection Flora allie un style classique \u00e0 des \u00e9l\u00e9ments de design modernes et convient particuli\u00e8rement bien \u00e0 une utilisation dans les maisons de soins et les r\u00e9sidences pour personnes \u00e2g\u00e9es. Elle cr\u00e9e une ambiance accueillante qui allie confort et esth\u00e9tique. La collection comprend aussi bien des fauteuils que des canap\u00e9s 2 places qui compl\u00e8tent avec style le concept de la pi\u00e8ce.<\/p>\n<h3>Design et caract\u00e9ristiques pour les \u00e9tablissements de soins<\/h3>\n<p>Ce fauteuil classique au look moderne a \u00e9t\u00e9 sp\u00e9cialement con\u00e7u pour r\u00e9pondre aux exigences des \u00e9tablissements de soins et des r\u00e9sidences pour personnes \u00e2g\u00e9es. Un dossier haut et ergonomique offre aux r\u00e9sidents un confort optimal et soutient la posture naturelle du corps. Les accoudoirs sont con\u00e7us de mani\u00e8re \u00e0 faciliter le lever, ce qui est particuli\u00e8rement important pour les seniors qui ont besoin d'aide pour se d\u00e9placer. De plus, les pieds en bois l\u00e9g\u00e8rement \u00e9vas\u00e9s assurent une assise stable et s\u00fbre, ce qui augmente la s\u00e9curit\u00e9 lorsque l'on s'assoit et se l\u00e8ve. Le fauteuil Flora r\u00e9pond ainsi non seulement \u00e0 des exigences esth\u00e9tiques, mais aussi fonctionnelles dans le quotidien des soins.<\/p>\n<h3>Nombreuses options de mat\u00e9riaux et de couleurs pour chaque concept d'am\u00e9nagement<\/h3>\n<p>La collection Flora se distingue par son choix vari\u00e9 de mat\u00e9riaux et de couleurs. Les coussins peuvent \u00eatre en tissu microfibre facile \u00e0 entretenir, en cuir v\u00e9ritable ou en cuir synth\u00e9tique, ce qui facilite le travail quotidien du personnel soignant. Gr\u00e2ce \u00e0 la possibilit\u00e9 de combiner diff\u00e9rents tissus de rev\u00eatement de couleur, la collection s'adapte de mani\u00e8re flexible \u00e0 diff\u00e9rents concepts d'am\u00e9nagement. Tant les tissus unis pour un look intemporel que les tissus \u00e0 motifs pour une touche de fra\u00eecheur sont disponibles. Les \u00e9l\u00e9ments en bois sont \u00e9galement adaptables et peuvent \u00eatre livr\u00e9s dans diff\u00e9rentes essences et teintes afin de compl\u00e9ter parfaitement le concept d'am\u00e9nagement. Nous sommes \u00e0 votre disposition pour de plus amples informations et un conseil personnalis\u00e9 - visitez notre site web pour les d\u00e9tails sur <a href=\"https:\/\/objektmobiliar.ch\/fr\/inspiration\/materiaux-et-couleurs\/\">Mat\u00e9riaux et couleurs<\/a>.<\/p>\r\n        <\/div>\r\n      <\/div>\r\n    <\/section><\/div><style class=\"advgb-styles-renderer\">\r\n            .similar-products-nav li {\r\n              overflow: hidden;\r\n              margin: 0px !important;\r\n              flex-grow: 0 !important;\r\n              flex-shrink: 1 !important;\r\n              flex-basis: 12.5% !important;\r\n              border-style: solid;\r\n              border-width: 2px;\r\n              border-color: transparent;\r\n              border-radius: 8px;\r\n              transition-property: border-color;\r\n              transition-duration: 600ms;\r\n              transition-timing-function: ease;\r\n              cursor: pointer;\r\n            }\r\n            .similar-products-nav li.slick-active {\r\n              border-color: #dde7ef;\r\n            }\r\n            @media screen and (max-width:767px) {\r\n              .similar-products-nav li {\r\n                flex-basis: auto !important;\r\n                border-radius: 8px;\r\n                padding-top: 8px;\r\n                padding-right: 16px;\r\n                padding-bottom: 6px;\r\n                padding-left: 16px;\r\n              }\r\n              .similar-products-nav li.slick-active {\r\n                background-color: #dde7ef;\r\n                transition-property: background-color, border-color;\r\n                transition-duration: 600ms, 200ms;\r\n                transition-timing-function: ease, ease;\r\n                color: #426b8a;\r\n              }\r\n            }\r\n          <\/style>","protected":false},"excerpt":{"rendered":"<p>Avec la collection Flora, cr\u00e9ez une ambiance fra\u00eeche et moderne tout en conservant un look classique.<\/p>","protected":false},"author":7,"featured_media":388,"parent":220,"menu_order":0,"comment_status":"closed","ping_status":"closed","template":"","meta":{"advgb_blocks_editor_width":"","advgb_blocks_columns_visual_guide":"","footnotes":""},"class_list":["post-387","page","type-page","status-publish","has-post-thumbnail","hentry"],"yoast_head":"<!-- This site is optimized with the Yoast SEO plugin v27.4 - https:\/\/yoast.com\/product\/yoast-seo-wordpress\/ -->\n<title>Klassischer Sessel in moderner Optik bei OZG<\/title>\n<meta name=\"description\" content=\"Ein klassischer Sessel in moderner Optik f\u00fcr Pflegeeinrichtungen tr\u00e4gt dazu bei, ein frisches und modernes Ambiente zu schaffen.\" \/>\n<meta name=\"robots\" content=\"index, follow, max-snippet:-1, max-image-preview:large, max-video-preview:-1\" \/>\n<link rel=\"canonical\" href=\"https:\/\/objektmobiliar.ch\/fr\/meubles\/meubles-rembourres-faciles-a-entretenir\/fauteuil-classique-au-look-moderne\/\" \/>\n<meta property=\"og:locale\" content=\"fr_FR\" \/>\n<meta property=\"og:type\" content=\"article\" \/>\n<meta property=\"og:title\" content=\"Klassischer Sessel in moderner Optik bei OZG\" \/>\n<meta property=\"og:description\" content=\"Ein klassischer Sessel in moderner Optik f\u00fcr Pflegeeinrichtungen tr\u00e4gt dazu bei, ein frisches und modernes Ambiente zu schaffen.\" \/>\n<meta property=\"og:url\" content=\"https:\/\/objektmobiliar.ch\/fr\/meubles\/meubles-rembourres-faciles-a-entretenir\/fauteuil-classique-au-look-moderne\/\" \/>\n<meta property=\"og:site_name\" content=\"OZG HEALTHCARE\" \/>\n<meta property=\"article:modified_time\" content=\"2024-09-05T09:41:40+00:00\" \/>\n<meta property=\"og:image\" content=\"https:\/\/objektmobiliar.ch\/wp-content\/uploads\/2023\/10\/flora-sessel.jpg\" \/>\n\t<meta property=\"og:image:width\" content=\"1000\" \/>\n\t<meta property=\"og:image:height\" content=\"1000\" \/>\n\t<meta property=\"og:image:type\" content=\"image\/jpeg\" \/>\n<meta name=\"twitter:card\" content=\"summary_large_image\" \/>\n<meta name=\"twitter:label1\" content=\"Dur\u00e9e de lecture estim\u00e9e\" \/>\n\t<meta name=\"twitter:data1\" content=\"4 minutes\" \/>\n<script type=\"application\/ld+json\" class=\"yoast-schema-graph\">{\"@context\":\"https:\\\/\\\/schema.org\",\"@graph\":[{\"@type\":\"WebPage\",\"@id\":\"https:\\\/\\\/objektmobiliar.ch\\\/moebel\\\/pflegegerechte-polstermoebel\\\/klassischer-sessel-in-moderner-optik\\\/\",\"url\":\"https:\\\/\\\/objektmobiliar.ch\\\/moebel\\\/pflegegerechte-polstermoebel\\\/klassischer-sessel-in-moderner-optik\\\/\",\"name\":\"Klassischer Sessel in moderner Optik bei OZG\",\"isPartOf\":{\"@id\":\"https:\\\/\\\/objektmobiliar.ch\\\/#website\"},\"primaryImageOfPage\":{\"@id\":\"https:\\\/\\\/objektmobiliar.ch\\\/moebel\\\/pflegegerechte-polstermoebel\\\/klassischer-sessel-in-moderner-optik\\\/#primaryimage\"},\"image\":{\"@id\":\"https:\\\/\\\/objektmobiliar.ch\\\/moebel\\\/pflegegerechte-polstermoebel\\\/klassischer-sessel-in-moderner-optik\\\/#primaryimage\"},\"thumbnailUrl\":\"https:\\\/\\\/objektmobiliar.ch\\\/wp-content\\\/uploads\\\/2023\\\/10\\\/flora-sessel.jpg\",\"datePublished\":\"2023-10-11T16:25:15+00:00\",\"dateModified\":\"2024-09-05T09:41:40+00:00\",\"description\":\"Ein klassischer Sessel in moderner Optik f\u00fcr Pflegeeinrichtungen tr\u00e4gt dazu bei, ein frisches und modernes Ambiente zu schaffen.\",\"breadcrumb\":{\"@id\":\"https:\\\/\\\/objektmobiliar.ch\\\/moebel\\\/pflegegerechte-polstermoebel\\\/klassischer-sessel-in-moderner-optik\\\/#breadcrumb\"},\"inLanguage\":\"fr-FR\",\"potentialAction\":[{\"@type\":\"ReadAction\",\"target\":[\"https:\\\/\\\/objektmobiliar.ch\\\/moebel\\\/pflegegerechte-polstermoebel\\\/klassischer-sessel-in-moderner-optik\\\/\"]}]},{\"@type\":\"ImageObject\",\"inLanguage\":\"fr-FR\",\"@id\":\"https:\\\/\\\/objektmobiliar.ch\\\/moebel\\\/pflegegerechte-polstermoebel\\\/klassischer-sessel-in-moderner-optik\\\/#primaryimage\",\"url\":\"https:\\\/\\\/objektmobiliar.ch\\\/wp-content\\\/uploads\\\/2023\\\/10\\\/flora-sessel.jpg\",\"contentUrl\":\"https:\\\/\\\/objektmobiliar.ch\\\/wp-content\\\/uploads\\\/2023\\\/10\\\/flora-sessel.jpg\",\"width\":1000,\"height\":1000,\"caption\":\"Klassischer Sessel in moderner Optik\"},{\"@type\":\"BreadcrumbList\",\"@id\":\"https:\\\/\\\/objektmobiliar.ch\\\/moebel\\\/pflegegerechte-polstermoebel\\\/klassischer-sessel-in-moderner-optik\\\/#breadcrumb\",\"itemListElement\":[{\"@type\":\"ListItem\",\"position\":1,\"name\":\"Startseite\",\"item\":\"https:\\\/\\\/objektmobiliar.ch\\\/\"},{\"@type\":\"ListItem\",\"position\":2,\"name\":\"M\u00f6bel\",\"item\":\"https:\\\/\\\/objektmobiliar.ch\\\/moebel\\\/\"},{\"@type\":\"ListItem\",\"position\":3,\"name\":\"Polsterm\u00f6bel\",\"item\":\"https:\\\/\\\/objektmobiliar.ch\\\/moebel\\\/pflegegerechte-polstermoebel\\\/\"},{\"@type\":\"ListItem\",\"position\":4,\"name\":\"Flora Sessel\"}]},{\"@type\":\"WebSite\",\"@id\":\"https:\\\/\\\/objektmobiliar.ch\\\/#website\",\"url\":\"https:\\\/\\\/objektmobiliar.ch\\\/\",\"name\":\"OZG HEALTHCARE\",\"description\":\"Objektmobiliar f\u00fcr Pflege, B\u00fcro, Praxis &amp; Hotellerie\",\"potentialAction\":[{\"@type\":\"SearchAction\",\"target\":{\"@type\":\"EntryPoint\",\"urlTemplate\":\"https:\\\/\\\/objektmobiliar.ch\\\/?s={search_term_string}\"},\"query-input\":{\"@type\":\"PropertyValueSpecification\",\"valueRequired\":true,\"valueName\":\"search_term_string\"}}],\"inLanguage\":\"fr-FR\"}]}<\/script>\n<!-- \/ Yoast SEO plugin. -->","yoast_head_json":{"title":"Fauteuil classique au look moderne chez OZG","description":"Un fauteuil classique au look moderne pour les \u00e9tablissements de soins contribue \u00e0 cr\u00e9er une ambiance fra\u00eeche et moderne.","robots":{"index":"index","follow":"follow","max-snippet":"max-snippet:-1","max-image-preview":"max-image-preview:large","max-video-preview":"max-video-preview:-1"},"canonical":"https:\/\/objektmobiliar.ch\/fr\/meubles\/meubles-rembourres-faciles-a-entretenir\/fauteuil-classique-au-look-moderne\/","og_locale":"fr_FR","og_type":"article","og_title":"Klassischer Sessel in moderner Optik bei OZG","og_description":"Ein klassischer Sessel in moderner Optik f\u00fcr Pflegeeinrichtungen tr\u00e4gt dazu bei, ein frisches und modernes Ambiente zu schaffen.","og_url":"https:\/\/objektmobiliar.ch\/fr\/meubles\/meubles-rembourres-faciles-a-entretenir\/fauteuil-classique-au-look-moderne\/","og_site_name":"OZG HEALTHCARE","article_modified_time":"2024-09-05T09:41:40+00:00","og_image":[{"width":1000,"height":1000,"url":"https:\/\/objektmobiliar.ch\/wp-content\/uploads\/2023\/10\/flora-sessel.jpg","type":"image\/jpeg"}],"twitter_card":"summary_large_image","twitter_misc":{"Dur\u00e9e de lecture estim\u00e9e":"4 minutes"},"schema":{"@context":"https:\/\/schema.org","@graph":[{"@type":"WebPage","@id":"https:\/\/objektmobiliar.ch\/moebel\/pflegegerechte-polstermoebel\/klassischer-sessel-in-moderner-optik\/","url":"https:\/\/objektmobiliar.ch\/moebel\/pflegegerechte-polstermoebel\/klassischer-sessel-in-moderner-optik\/","name":"Fauteuil classique au look moderne chez OZG","isPartOf":{"@id":"https:\/\/objektmobiliar.ch\/#website"},"primaryImageOfPage":{"@id":"https:\/\/objektmobiliar.ch\/moebel\/pflegegerechte-polstermoebel\/klassischer-sessel-in-moderner-optik\/#primaryimage"},"image":{"@id":"https:\/\/objektmobiliar.ch\/moebel\/pflegegerechte-polstermoebel\/klassischer-sessel-in-moderner-optik\/#primaryimage"},"thumbnailUrl":"https:\/\/objektmobiliar.ch\/wp-content\/uploads\/2023\/10\/flora-sessel.jpg","datePublished":"2023-10-11T16:25:15+00:00","dateModified":"2024-09-05T09:41:40+00:00","description":"Un fauteuil classique au look moderne pour les \u00e9tablissements de soins contribue \u00e0 cr\u00e9er une ambiance fra\u00eeche et moderne.","breadcrumb":{"@id":"https:\/\/objektmobiliar.ch\/moebel\/pflegegerechte-polstermoebel\/klassischer-sessel-in-moderner-optik\/#breadcrumb"},"inLanguage":"fr-FR","potentialAction":[{"@type":"ReadAction","target":["https:\/\/objektmobiliar.ch\/moebel\/pflegegerechte-polstermoebel\/klassischer-sessel-in-moderner-optik\/"]}]},{"@type":"ImageObject","inLanguage":"fr-FR","@id":"https:\/\/objektmobiliar.ch\/moebel\/pflegegerechte-polstermoebel\/klassischer-sessel-in-moderner-optik\/#primaryimage","url":"https:\/\/objektmobiliar.ch\/wp-content\/uploads\/2023\/10\/flora-sessel.jpg","contentUrl":"https:\/\/objektmobiliar.ch\/wp-content\/uploads\/2023\/10\/flora-sessel.jpg","width":1000,"height":1000,"caption":"Klassischer Sessel in moderner Optik"},{"@type":"BreadcrumbList","@id":"https:\/\/objektmobiliar.ch\/moebel\/pflegegerechte-polstermoebel\/klassischer-sessel-in-moderner-optik\/#breadcrumb","itemListElement":[{"@type":"ListItem","position":1,"name":"Startseite","item":"https:\/\/objektmobiliar.ch\/"},{"@type":"ListItem","position":2,"name":"M\u00f6bel","item":"https:\/\/objektmobiliar.ch\/moebel\/"},{"@type":"ListItem","position":3,"name":"Polsterm\u00f6bel","item":"https:\/\/objektmobiliar.ch\/moebel\/pflegegerechte-polstermoebel\/"},{"@type":"ListItem","position":4,"name":"Flora Sessel"}]},{"@type":"WebSite","@id":"https:\/\/objektmobiliar.ch\/#website","url":"https:\/\/objektmobiliar.ch\/","name":"OZG HEALTHCARE","description":"Mobilier de collectivit\u00e9 pour les soins, les bureaux, les cabinets m\u00e9dicaux et l'h\u00f4tellerie","potentialAction":[{"@type":"SearchAction","target":{"@type":"EntryPoint","urlTemplate":"https:\/\/objektmobiliar.ch\/?s={search_term_string}"},"query-input":{"@type":"PropertyValueSpecification","valueRequired":true,"valueName":"search_term_string"}}],"inLanguage":"fr-FR"}]}},"coauthors":[],"author_meta":{"author_link":"https:\/\/objektmobiliar.ch\/fr\/author\/henni\/","display_name":"Henriette Saade"},"relative_dates":{"created":"Publi\u00e9 3 ans il y a","modified":"Mis \u00e0 jour 2 ans il y a"},"absolute_dates":{"created":"Publi\u00e9 le octobre 11, 2023","modified":"Mise \u00e0 jour le septembre 5, 2024"},"absolute_dates_time":{"created":"Publi\u00e9 le octobre 11, 2023 4:25 pm","modified":"Mise \u00e0 jour le septembre 5, 2024 9:41 am"},"featured_img_caption":"","featured_img":"https:\/\/objektmobiliar.ch\/wp-content\/uploads\/2023\/10\/flora-sessel-825x510.jpg","series_order":"","_links":{"self":[{"href":"https:\/\/objektmobiliar.ch\/fr\/wp-json\/wp\/v2\/pages\/387","targetHints":{"allow":["GET"]}}],"collection":[{"href":"https:\/\/objektmobiliar.ch\/fr\/wp-json\/wp\/v2\/pages"}],"about":[{"href":"https:\/\/objektmobiliar.ch\/fr\/wp-json\/wp\/v2\/types\/page"}],"author":[{"embeddable":true,"href":"https:\/\/objektmobiliar.ch\/fr\/wp-json\/wp\/v2\/users\/7"}],"replies":[{"embeddable":true,"href":"https:\/\/objektmobiliar.ch\/fr\/wp-json\/wp\/v2\/comments?post=387"}],"version-history":[{"count":10,"href":"https:\/\/objektmobiliar.ch\/fr\/wp-json\/wp\/v2\/pages\/387\/revisions"}],"predecessor-version":[{"id":4173,"href":"https:\/\/objektmobiliar.ch\/fr\/wp-json\/wp\/v2\/pages\/387\/revisions\/4173"}],"up":[{"embeddable":true,"href":"https:\/\/objektmobiliar.ch\/fr\/wp-json\/wp\/v2\/pages\/220"}],"wp:featuredmedia":[{"embeddable":true,"href":"https:\/\/objektmobiliar.ch\/fr\/wp-json\/wp\/v2\/media\/388"}],"wp:attachment":[{"href":"https:\/\/objektmobiliar.ch\/fr\/wp-json\/wp\/v2\/media?parent=387"}],"curies":[{"name":"wp","href":"https:\/\/api.w.org\/{rel}","templated":true}]}}