{"id":380,"date":"2023-10-11T15:55:10","date_gmt":"2023-10-11T15:55:10","guid":{"rendered":"https:\/\/dev.objektmobiliar.ch\/?page_id=380"},"modified":"2024-09-05T09:43:54","modified_gmt":"2024-09-05T09:43:54","slug":"le-canape-confortable-pour-les-residences-pour-personnes-agees","status":"publish","type":"page","link":"https:\/\/objektmobiliar.ch\/fr\/moebel\/pflegegerechte-polstermoebel\/das-komfortable-sofa-fuer-seniorenresidenzen\/","title":{"rendered":"Canap\u00e9 Flo"},"content":{"rendered":"<div class=\"lazyblock-produkt-detail-ozg-12v8UJ wp-block-lazyblock-produkt-detail-ozg\"><section class=\"sct\">\r\n      <div class=\"cnt\">\r\n        <div class=\"elmnt-product-desc\">\r\n          <div class=\"product-desc-box\"><img decoding=\"async\" src=\"https:\/\/objektmobiliar.ch\/wp-content\/uploads\/2023\/10\/flo-sofa.jpg\" loading=\"lazy\" alt=\"\" class=\"product-desc-img\"><\/div>\r\n          <div class=\"product-desc-txt\">\r\n            <h1 class=\"txt-product-headline\">Flo Sofa<\/h1>\r\n            <h2 class=\"txt-product-subline\">Das komfortable Sofa f\u00fcr Seniorenresidenzen<\/h2>\r\n            <div class=\"w-richtext\">\r\n              <p>Dieses Sofa l\u00e4dt mit seinen an gem\u00fctliche Kissen erinnernden Arm- und R\u00fcckenlehnen geradezu zum entspannten Sitzen und Verweilen ein. Die niedrige Sitzh\u00f6he ist dabei altersgerecht und erm\u00f6glicht ein einfaches Aufstehen.<\/p>\n<p>Das gem\u00fctliche 2er Sofa f\u00fcr Seniorenresidenzen ist in diversen Farben und Materialien sowie als Sessel erh\u00e4ltlich.<\/p>\r\n            <\/div>\r\n            <a onclick=\"splite_loader();\" class=\"btn\">Produkt anfragen<\/a>\r\n          <\/div>\r\n        <\/div>\r\n      <\/div>\r\n    <\/section><\/div>\n\n<div class=\"lazyblock-produkt-slider-ozg-1CsqUP wp-block-lazyblock-produkt-slider-ozg\"><section class=\"sct\">\r\n  <div class=\"cnt narrow\">\r\n    <div class=\"intro-txt\">\r\n        <h2>Modelle und Ausf\u00fchrungen<\/h2>\r\n    <\/div>\r\n    \r\n    <div class=\"elmnt-similar-products\">\r\n      <div class=\"similar-product\"><img decoding=\"async\" src=\"https:\/\/objektmobiliar.ch\/wp-content\/uploads\/2023\/10\/flo-sessel.jpg\" loading=\"eager\" alt=\"komfortabler Sessel f\u00fcr Seniorenresidenzen\" class=\"similar-product-img\">\r\n        <div class=\"center\">\r\n          <div class=\"w-richtext\">\r\n            <p><strong>Sessel Flo<\/strong><br>Art.-Nr. 220-0580\/S<\/p>\r\n          <\/div>\r\n          <a href=\"https:\/\/objektmobiliar.ch\/moebel\/pflegegerechte-polstermoebel\/der-komfortable-sessel-fuer-seniorenresidenzen\/\" class=\"btn similarproducts\">Zum Produkt wechseln<\/a>\r\n        <\/div>\r\n      <\/div>\r\n      <div class=\"similar-product\"><img decoding=\"async\" src=\"https:\/\/objektmobiliar.ch\/wp-content\/uploads\/2023\/10\/flo-sessel-2-520-e1697039353391.jpg\" loading=\"eager\" alt=\"Flo - Gem\u00fctlicher Sessel mit extravaganten Armlehnen\" class=\"similar-product-img\">\r\n        <div class=\"center\">\r\n          <div class=\"w-richtext\">\r\n            <p><strong>Sessel Flo<\/strong><br>Art.-Nr. 220-0580\/S<\/p>\r\n          <\/div>\r\n          \r\n        <\/div>\r\n      <\/div>\r\n      <div class=\"similar-product\"><img decoding=\"async\" src=\"https:\/\/objektmobiliar.ch\/wp-content\/uploads\/2023\/10\/flo-sofa.jpg\" loading=\"eager\" alt=\"Gem\u00fctliches Sofa f\u00fcr Seniorenresidenzen\" class=\"similar-product-img\">\r\n        <div class=\"center\">\r\n          <div class=\"w-richtext\">\r\n            <p><strong>2er Sofa Flo<\/strong><br>Art.-Nr. 220-0581\/S<\/p>\r\n          <\/div>\r\n          <a href=\"https:\/\/objektmobiliar.ch\/moebel\/pflegegerechte-polstermoebel\/das-komfortable-sofa-fuer-seniorenresidenzen\/\" class=\"btn similarproducts\">Zum Produkt wechseln<\/a>\r\n        <\/div>\r\n      <\/div>\r\n    <\/div>\r\n  <\/div>\r\n  \r\n  <div class=\"cnt narrow\">\r\n    <div class=\"similar-products-nav-pos\">\r\n      <div class=\"w-embed\">\r\n        \r\n      <\/div>\r\n    <\/div>\r\n  <\/div>\r\n<\/section><\/div>\n\n\n<div class=\"wp-block-group\"><div class=\"wp-block-group__inner-container is-layout-constrained wp-block-group-is-layout-constrained\"><section class=\"sct\">\r\n      <div class=\"cnt narrow\">\r\n        <div class=\"introtxt\">\r\n        <div class=\"w-richtext\">\r\n            <h2>Produktbeschreibung<\/h2>\r\n        <\/div>\r\n        <\/div>\r\n        \r\n          \n\n\n<figure class=\"wp-block-table is-style-regular\"><table><thead><tr><th>Art. Nr.<\/th><th>Beschreibung<\/th><th><\/th><\/tr><\/thead><tbody><tr><td>220-0580\/S<\/td><td>Sessel Flo<\/td><td><a href=\"https:\/\/objektmobiliar.ch\/moebel\/pflegegerechte-polstermoebel\/der-komfortable-sessel-fuer-seniorenresidenzen\/\">Zum Produkt wechseln<\/a><\/td><\/tr><tr><td>220-0581\/S<\/td><td>2er Sofa Flo<\/td><td><a href=\"https:\/\/objektmobiliar.ch\/moebel\/pflegegerechte-polstermoebel\/das-komfortable-sofa-fuer-seniorenresidenzen\/\">Zum Produkt wechseln<\/a><\/td><\/tr><\/tbody><\/table><\/figure>\n\n\n<\/div><\/section><\/div><\/div>\n\n\n<div class=\"lazyblock-text-modul-ozg-2jR19D wp-block-lazyblock-text-modul-ozg\"><section class=\"sct\">\r\n      <div class=\"cnt narrow\">\r\n        <div class=\"w-richtext\">\r\n            <div class=\"flex-shrink-0 flex flex-col relative items-end\">\n<div>\n<div class=\"pt-0\">\n<div class=\"gizmo-bot-avatar flex h-8 w-8 items-center justify-center overflow-hidden rounded-full\">\n<div class=\"relative p-1 rounded-sm flex items-center justify-center bg-token-main-surface-primary text-token-text-primary h-8 w-8\">\u00a0<\/div>\n<\/div>\n<\/div>\n<\/div>\n<\/div>\n<div class=\"group\/conversation-turn relative flex w-full min-w-0 flex-col agent-turn\">\n<div class=\"flex-col gap-1 md:gap-3\">\n<div class=\"flex max-w-full flex-col flex-grow\">\n<div class=\"min-h-[20px] text-message flex w-full flex-col items-end gap-2 break-words [.text-message+&amp;]:mt-5 overflow-x-auto whitespace-normal\" dir=\"auto\" data-message-author-role=\"assistant\" data-message-id=\"979428d4-fd63-4d3d-a4b5-6df94499de5f\">\n<div class=\"flex w-full flex-col gap-1 empty:hidden first:pt-[3px]\">\n<div class=\"result-streaming markdown prose w-full break-words dark:prose-invert light\">\n<h2>FLO &#8211; Das komfortable Sofa f\u00fcr Seniorenresidenzen<\/h2>\n<h3>Design und Merkmale f\u00fcr h\u00f6chsten Komfort<\/h3>\n<p>Das komfortable Sofa f\u00fcr Seniorenresidenzen wurde speziell f\u00fcr Seniorenheime entwickelt, um den Bewohnerinnen und Bewohnern maximalen Komfort und Funktionalit\u00e4t zu bieten. Die Arm- und R\u00fcckenlehnen erinnern an weiche, gem\u00fctliche Kissen und laden zum entspannten Sitzen ein. Die weiche Polsterung schafft eine behagliche Atmosph\u00e4re, die zur Entspannung beitr\u00e4gt. Die altersgerechte Sitzh\u00f6he erm\u00f6glicht es Senioren, ohne Anstrengung aufzustehen, was den Alltag f\u00fcr Bewohnerinnen und Bewohner und des Pflegepersonals erleichtert. Dank dieser Kombination aus Komfort und ergonomischem Design ist das Sofa nicht nur praktisch, sondern auch \u00e4sthetisch ansprechend. Es ist als Zwei-Sitzer oder Sessel erh\u00e4ltlich, um den individuellen Bed\u00fcrfnissen gerecht zu werden.<\/p>\n<h3>Materialien und Farben f\u00fcr individuelle Gestaltung<\/h3>\n<p>Das komfortable Sofa f\u00fcr Seniorenresidenzen bietet eine breite Auswahl an hochwertigen Bezugsmaterialien, die perfekt auf den Pflegealltag in Seniorenresidenzen und Altersheimen abgestimmt sind. Sie k\u00f6nnen zwischen strapazierf\u00e4higen Mikrofaserstoffen, Kunstleder oder echtem Leder w\u00e4hlen. Diese Materialien sind nicht nur angenehm in der Haptik, sondern auch besonders pflegeleicht und robust. Ob strukturiert, glatt oder samtig \u2013 die Oberfl\u00e4chen lassen sich leicht reinigen und bieten gleichzeitig eine edle Optik. Die Farbauswahl l\u00e4sst dabei keine W\u00fcnsche offen: Von dezenten Naturt\u00f6nen bis hin zu kr\u00e4ftigen Akzenten kann das komfortable Sofa f\u00fcr Seniorenresidenzen perfekt in jedes Einrichtungskonzept integriert werden. Auch die Beine des Sofas k\u00f6nnen individuell angepasst werden, um ein harmonisches Gesamtbild zu schaffen. Wir beraten Sie gerne, um die perfekte L\u00f6sung f\u00fcr Ihre Einrichtung zu finden. Vertrauen Sie auf unsere Expertise. Weitere Informationen zu <a href=\"https:\/\/objektmobiliar.ch\/inspiration\/materialien-und-farben\/\">Materialien und Farben<\/a> finden Sie auf unserer Website.<\/p>\n<\/div>\n<\/div>\n<\/div>\n<\/div>\n<\/div>\n<\/div>\r\n        <\/div>\r\n      <\/div>\r\n    <\/section><\/div>\n\n\n<p><\/p>\n<style class=\"advgb-styles-renderer\">\r\n            .similar-products-nav li {\r\n              overflow: hidden;\r\n              margin: 0px !important;\r\n              flex-grow: 0 !important;\r\n              flex-shrink: 1 !important;\r\n              flex-basis: 12.5% !important;\r\n              border-style: solid;\r\n              border-width: 2px;\r\n              border-color: transparent;\r\n              border-radius: 8px;\r\n              transition-property: border-color;\r\n              transition-duration: 600ms;\r\n              transition-timing-function: ease;\r\n              cursor: pointer;\r\n            }\r\n            .similar-products-nav li.slick-active {\r\n              border-color: #dde7ef;\r\n            }\r\n            @media screen and (max-width:767px) {\r\n              .similar-products-nav li {\r\n                flex-basis: auto !important;\r\n                border-radius: 8px;\r\n                padding-top: 8px;\r\n                padding-right: 16px;\r\n                padding-bottom: 6px;\r\n                padding-left: 16px;\r\n              }\r\n              .similar-products-nav li.slick-active {\r\n                background-color: #dde7ef;\r\n                transition-property: background-color, border-color;\r\n                transition-duration: 600ms, 200ms;\r\n                transition-timing-function: ease, ease;\r\n                color: #426b8a;\r\n              }\r\n            }\r\n          <\/style>","protected":false},"excerpt":{"rendered":"<p>Dieses spezielle Sofa l\u00e4dt mit seinen an gem\u00fctliche Kissen erinnernden Arm- und R\u00fcckenlehnen geradezu zum entspannten Sitzen und Verweilen ein. Die niedrige Sitzh\u00f6he ist dabei altersgerecht und erm\u00f6glicht ein einfaches Aufstehen.<\/p>","protected":false},"author":7,"featured_media":379,"parent":220,"menu_order":0,"comment_status":"closed","ping_status":"closed","template":"","meta":{"advgb_blocks_editor_width":"","advgb_blocks_columns_visual_guide":"","footnotes":""},"class_list":["post-380","page","type-page","status-publish","has-post-thumbnail","hentry"],"yoast_head":"<!-- This site is optimized with the Yoast SEO plugin v27.4 - https:\/\/yoast.com\/product\/yoast-seo-wordpress\/ -->\n<title>Das komfortable Sofa f\u00fcr Seniorenresidenzen bei OZG<\/title>\n<meta name=\"description\" content=\"Das komfortable Sofa f\u00fcr Seniorenresidenzen l\u00e4dt mit seinen an gem\u00fctliche Kissen erinnernden Lehnen zum entspannten Sitzen ein.\" \/>\n<meta name=\"robots\" content=\"index, follow, max-snippet:-1, max-image-preview:large, max-video-preview:-1\" \/>\n<link rel=\"canonical\" href=\"https:\/\/objektmobiliar.ch\/fr\/meubles\/meubles-rembourres-faciles-a-entretenir\/le-canape-confortable-pour-les-residences-pour-personnes-agees\/\" \/>\n<meta property=\"og:locale\" content=\"fr_FR\" \/>\n<meta property=\"og:type\" content=\"article\" \/>\n<meta property=\"og:title\" content=\"Das komfortable Sofa f\u00fcr Seniorenresidenzen bei OZG\" \/>\n<meta property=\"og:description\" content=\"Das komfortable Sofa f\u00fcr Seniorenresidenzen l\u00e4dt mit seinen an gem\u00fctliche Kissen erinnernden Lehnen zum entspannten Sitzen ein.\" \/>\n<meta property=\"og:url\" content=\"https:\/\/objektmobiliar.ch\/fr\/meubles\/meubles-rembourres-faciles-a-entretenir\/le-canape-confortable-pour-les-residences-pour-personnes-agees\/\" \/>\n<meta property=\"og:site_name\" content=\"OZG HEALTHCARE\" \/>\n<meta property=\"article:modified_time\" content=\"2024-09-05T09:43:54+00:00\" \/>\n<meta property=\"og:image\" content=\"https:\/\/objektmobiliar.ch\/wp-content\/uploads\/2023\/10\/flo-sofa.jpg\" \/>\n\t<meta property=\"og:image:width\" content=\"1000\" \/>\n\t<meta property=\"og:image:height\" content=\"1000\" \/>\n\t<meta property=\"og:image:type\" content=\"image\/jpeg\" \/>\n<meta name=\"twitter:card\" content=\"summary_large_image\" \/>\n<meta name=\"twitter:label1\" content=\"Dur\u00e9e de lecture estim\u00e9e\" \/>\n\t<meta name=\"twitter:data1\" content=\"3 minutes\" \/>\n<script type=\"application\/ld+json\" class=\"yoast-schema-graph\">{\"@context\":\"https:\\\/\\\/schema.org\",\"@graph\":[{\"@type\":\"WebPage\",\"@id\":\"https:\\\/\\\/objektmobiliar.ch\\\/moebel\\\/pflegegerechte-polstermoebel\\\/das-komfortable-sofa-fuer-seniorenresidenzen\\\/\",\"url\":\"https:\\\/\\\/objektmobiliar.ch\\\/moebel\\\/pflegegerechte-polstermoebel\\\/das-komfortable-sofa-fuer-seniorenresidenzen\\\/\",\"name\":\"Das komfortable Sofa f\u00fcr Seniorenresidenzen bei OZG\",\"isPartOf\":{\"@id\":\"https:\\\/\\\/objektmobiliar.ch\\\/#website\"},\"primaryImageOfPage\":{\"@id\":\"https:\\\/\\\/objektmobiliar.ch\\\/moebel\\\/pflegegerechte-polstermoebel\\\/das-komfortable-sofa-fuer-seniorenresidenzen\\\/#primaryimage\"},\"image\":{\"@id\":\"https:\\\/\\\/objektmobiliar.ch\\\/moebel\\\/pflegegerechte-polstermoebel\\\/das-komfortable-sofa-fuer-seniorenresidenzen\\\/#primaryimage\"},\"thumbnailUrl\":\"https:\\\/\\\/objektmobiliar.ch\\\/wp-content\\\/uploads\\\/2023\\\/10\\\/flo-sofa.jpg\",\"datePublished\":\"2023-10-11T15:55:10+00:00\",\"dateModified\":\"2024-09-05T09:43:54+00:00\",\"description\":\"Das komfortable Sofa f\u00fcr Seniorenresidenzen l\u00e4dt mit seinen an gem\u00fctliche Kissen erinnernden Lehnen zum entspannten Sitzen ein.\",\"breadcrumb\":{\"@id\":\"https:\\\/\\\/objektmobiliar.ch\\\/moebel\\\/pflegegerechte-polstermoebel\\\/das-komfortable-sofa-fuer-seniorenresidenzen\\\/#breadcrumb\"},\"inLanguage\":\"fr-FR\",\"potentialAction\":[{\"@type\":\"ReadAction\",\"target\":[\"https:\\\/\\\/objektmobiliar.ch\\\/moebel\\\/pflegegerechte-polstermoebel\\\/das-komfortable-sofa-fuer-seniorenresidenzen\\\/\"]}]},{\"@type\":\"ImageObject\",\"inLanguage\":\"fr-FR\",\"@id\":\"https:\\\/\\\/objektmobiliar.ch\\\/moebel\\\/pflegegerechte-polstermoebel\\\/das-komfortable-sofa-fuer-seniorenresidenzen\\\/#primaryimage\",\"url\":\"https:\\\/\\\/objektmobiliar.ch\\\/wp-content\\\/uploads\\\/2023\\\/10\\\/flo-sofa.jpg\",\"contentUrl\":\"https:\\\/\\\/objektmobiliar.ch\\\/wp-content\\\/uploads\\\/2023\\\/10\\\/flo-sofa.jpg\",\"width\":1000,\"height\":1000,\"caption\":\"Gem\u00fctliches Sofa f\u00fcr Seniorenresidenzen\"},{\"@type\":\"BreadcrumbList\",\"@id\":\"https:\\\/\\\/objektmobiliar.ch\\\/moebel\\\/pflegegerechte-polstermoebel\\\/das-komfortable-sofa-fuer-seniorenresidenzen\\\/#breadcrumb\",\"itemListElement\":[{\"@type\":\"ListItem\",\"position\":1,\"name\":\"Startseite\",\"item\":\"https:\\\/\\\/objektmobiliar.ch\\\/\"},{\"@type\":\"ListItem\",\"position\":2,\"name\":\"M\u00f6bel\",\"item\":\"https:\\\/\\\/objektmobiliar.ch\\\/moebel\\\/\"},{\"@type\":\"ListItem\",\"position\":3,\"name\":\"Polsterm\u00f6bel\",\"item\":\"https:\\\/\\\/objektmobiliar.ch\\\/moebel\\\/pflegegerechte-polstermoebel\\\/\"},{\"@type\":\"ListItem\",\"position\":4,\"name\":\"Flo Sofa\"}]},{\"@type\":\"WebSite\",\"@id\":\"https:\\\/\\\/objektmobiliar.ch\\\/#website\",\"url\":\"https:\\\/\\\/objektmobiliar.ch\\\/\",\"name\":\"OZG HEALTHCARE\",\"description\":\"Objektmobiliar f\u00fcr Pflege, B\u00fcro, Praxis &amp; Hotellerie\",\"potentialAction\":[{\"@type\":\"SearchAction\",\"target\":{\"@type\":\"EntryPoint\",\"urlTemplate\":\"https:\\\/\\\/objektmobiliar.ch\\\/?s={search_term_string}\"},\"query-input\":{\"@type\":\"PropertyValueSpecification\",\"valueRequired\":true,\"valueName\":\"search_term_string\"}}],\"inLanguage\":\"fr-FR\"}]}<\/script>\n<!-- \/ Yoast SEO plugin. -->","yoast_head_json":{"title":"Le canap\u00e9 confortable pour les r\u00e9sidences pour personnes \u00e2g\u00e9es chez OZG","description":"Le canap\u00e9 confortable pour les r\u00e9sidences pour personnes \u00e2g\u00e9es invite \u00e0 s'asseoir en toute d\u00e9contraction gr\u00e2ce \u00e0 ses dossiers qui rappellent des coussins douillets.","robots":{"index":"index","follow":"follow","max-snippet":"max-snippet:-1","max-image-preview":"max-image-preview:large","max-video-preview":"max-video-preview:-1"},"canonical":"https:\/\/objektmobiliar.ch\/fr\/meubles\/meubles-rembourres-faciles-a-entretenir\/le-canape-confortable-pour-les-residences-pour-personnes-agees\/","og_locale":"fr_FR","og_type":"article","og_title":"Das komfortable Sofa f\u00fcr Seniorenresidenzen bei OZG","og_description":"Das komfortable Sofa f\u00fcr Seniorenresidenzen l\u00e4dt mit seinen an gem\u00fctliche Kissen erinnernden Lehnen zum entspannten Sitzen ein.","og_url":"https:\/\/objektmobiliar.ch\/fr\/meubles\/meubles-rembourres-faciles-a-entretenir\/le-canape-confortable-pour-les-residences-pour-personnes-agees\/","og_site_name":"OZG HEALTHCARE","article_modified_time":"2024-09-05T09:43:54+00:00","og_image":[{"width":1000,"height":1000,"url":"https:\/\/objektmobiliar.ch\/wp-content\/uploads\/2023\/10\/flo-sofa.jpg","type":"image\/jpeg"}],"twitter_card":"summary_large_image","twitter_misc":{"Dur\u00e9e de lecture estim\u00e9e":"3 minutes"},"schema":{"@context":"https:\/\/schema.org","@graph":[{"@type":"WebPage","@id":"https:\/\/objektmobiliar.ch\/moebel\/pflegegerechte-polstermoebel\/das-komfortable-sofa-fuer-seniorenresidenzen\/","url":"https:\/\/objektmobiliar.ch\/moebel\/pflegegerechte-polstermoebel\/das-komfortable-sofa-fuer-seniorenresidenzen\/","name":"Le canap\u00e9 confortable pour les r\u00e9sidences pour personnes \u00e2g\u00e9es chez OZG","isPartOf":{"@id":"https:\/\/objektmobiliar.ch\/#website"},"primaryImageOfPage":{"@id":"https:\/\/objektmobiliar.ch\/moebel\/pflegegerechte-polstermoebel\/das-komfortable-sofa-fuer-seniorenresidenzen\/#primaryimage"},"image":{"@id":"https:\/\/objektmobiliar.ch\/moebel\/pflegegerechte-polstermoebel\/das-komfortable-sofa-fuer-seniorenresidenzen\/#primaryimage"},"thumbnailUrl":"https:\/\/objektmobiliar.ch\/wp-content\/uploads\/2023\/10\/flo-sofa.jpg","datePublished":"2023-10-11T15:55:10+00:00","dateModified":"2024-09-05T09:43:54+00:00","description":"Le canap\u00e9 confortable pour les r\u00e9sidences pour personnes \u00e2g\u00e9es invite \u00e0 s'asseoir en toute d\u00e9contraction gr\u00e2ce \u00e0 ses dossiers qui rappellent des coussins douillets.","breadcrumb":{"@id":"https:\/\/objektmobiliar.ch\/moebel\/pflegegerechte-polstermoebel\/das-komfortable-sofa-fuer-seniorenresidenzen\/#breadcrumb"},"inLanguage":"fr-FR","potentialAction":[{"@type":"ReadAction","target":["https:\/\/objektmobiliar.ch\/moebel\/pflegegerechte-polstermoebel\/das-komfortable-sofa-fuer-seniorenresidenzen\/"]}]},{"@type":"ImageObject","inLanguage":"fr-FR","@id":"https:\/\/objektmobiliar.ch\/moebel\/pflegegerechte-polstermoebel\/das-komfortable-sofa-fuer-seniorenresidenzen\/#primaryimage","url":"https:\/\/objektmobiliar.ch\/wp-content\/uploads\/2023\/10\/flo-sofa.jpg","contentUrl":"https:\/\/objektmobiliar.ch\/wp-content\/uploads\/2023\/10\/flo-sofa.jpg","width":1000,"height":1000,"caption":"Gem\u00fctliches Sofa f\u00fcr Seniorenresidenzen"},{"@type":"BreadcrumbList","@id":"https:\/\/objektmobiliar.ch\/moebel\/pflegegerechte-polstermoebel\/das-komfortable-sofa-fuer-seniorenresidenzen\/#breadcrumb","itemListElement":[{"@type":"ListItem","position":1,"name":"Startseite","item":"https:\/\/objektmobiliar.ch\/"},{"@type":"ListItem","position":2,"name":"M\u00f6bel","item":"https:\/\/objektmobiliar.ch\/moebel\/"},{"@type":"ListItem","position":3,"name":"Polsterm\u00f6bel","item":"https:\/\/objektmobiliar.ch\/moebel\/pflegegerechte-polstermoebel\/"},{"@type":"ListItem","position":4,"name":"Flo Sofa"}]},{"@type":"WebSite","@id":"https:\/\/objektmobiliar.ch\/#website","url":"https:\/\/objektmobiliar.ch\/","name":"OZG HEALTHCARE","description":"Mobilier de collectivit\u00e9 pour les soins, les bureaux, les cabinets m\u00e9dicaux et l'h\u00f4tellerie","potentialAction":[{"@type":"SearchAction","target":{"@type":"EntryPoint","urlTemplate":"https:\/\/objektmobiliar.ch\/?s={search_term_string}"},"query-input":{"@type":"PropertyValueSpecification","valueRequired":true,"valueName":"search_term_string"}}],"inLanguage":"fr-FR"}]}},"coauthors":[],"author_meta":{"author_link":"https:\/\/objektmobiliar.ch\/fr\/author\/henni\/","display_name":"Henriette Saade"},"relative_dates":{"created":"Publi\u00e9 3 ans il y a","modified":"Mis \u00e0 jour 2 ans il y a"},"absolute_dates":{"created":"Publi\u00e9 le octobre 11, 2023","modified":"Mise \u00e0 jour le septembre 5, 2024"},"absolute_dates_time":{"created":"Publi\u00e9 le octobre 11, 2023 3:55 pm","modified":"Mise \u00e0 jour le septembre 5, 2024 9:43 am"},"featured_img_caption":"","featured_img":"https:\/\/objektmobiliar.ch\/wp-content\/uploads\/2023\/10\/flo-sofa-825x510.jpg","series_order":"","_links":{"self":[{"href":"https:\/\/objektmobiliar.ch\/fr\/wp-json\/wp\/v2\/pages\/380","targetHints":{"allow":["GET"]}}],"collection":[{"href":"https:\/\/objektmobiliar.ch\/fr\/wp-json\/wp\/v2\/pages"}],"about":[{"href":"https:\/\/objektmobiliar.ch\/fr\/wp-json\/wp\/v2\/types\/page"}],"author":[{"embeddable":true,"href":"https:\/\/objektmobiliar.ch\/fr\/wp-json\/wp\/v2\/users\/7"}],"replies":[{"embeddable":true,"href":"https:\/\/objektmobiliar.ch\/fr\/wp-json\/wp\/v2\/comments?post=380"}],"version-history":[{"count":20,"href":"https:\/\/objektmobiliar.ch\/fr\/wp-json\/wp\/v2\/pages\/380\/revisions"}],"predecessor-version":[{"id":4175,"href":"https:\/\/objektmobiliar.ch\/fr\/wp-json\/wp\/v2\/pages\/380\/revisions\/4175"}],"up":[{"embeddable":true,"href":"https:\/\/objektmobiliar.ch\/fr\/wp-json\/wp\/v2\/pages\/220"}],"wp:featuredmedia":[{"embeddable":true,"href":"https:\/\/objektmobiliar.ch\/fr\/wp-json\/wp\/v2\/media\/379"}],"wp:attachment":[{"href":"https:\/\/objektmobiliar.ch\/fr\/wp-json\/wp\/v2\/media?parent=380"}],"curies":[{"name":"wp","href":"https:\/\/api.w.org\/{rel}","templated":true}]}}