{"id":373,"date":"2023-10-11T15:51:16","date_gmt":"2023-10-11T15:51:16","guid":{"rendered":"https:\/\/dev.objektmobiliar.ch\/?page_id=373"},"modified":"2024-09-05T09:43:06","modified_gmt":"2024-09-05T09:43:06","slug":"le-fauteuil-confortable-pour-les-residences-pour-personnes-agees","status":"publish","type":"page","link":"https:\/\/objektmobiliar.ch\/fr\/moebel\/pflegegerechte-polstermoebel\/der-komfortable-sessel-fuer-seniorenresidenzen\/","title":{"rendered":"Flo"},"content":{"rendered":"<div class=\"lazyblock-produkt-detail-ozg-2hJxzR wp-block-lazyblock-produkt-detail-ozg\"><section class=\"sct\">\r\n      <div class=\"cnt\">\r\n        <div class=\"elmnt-product-desc\">\r\n          <div class=\"product-desc-box\"><img decoding=\"async\" src=\"https:\/\/objektmobiliar.ch\/wp-content\/uploads\/2023\/10\/flo-sessel.jpg\" loading=\"lazy\" alt=\"\" class=\"product-desc-img\"><\/div>\r\n          <div class=\"product-desc-txt\">\r\n            <h1 class=\"txt-product-headline\">Flo<\/h1>\r\n            <h2 class=\"txt-product-subline\">Le fauteuil confortable pour les r\u00e9sidences pour personnes \u00e2g\u00e9es<\/h2>\r\n            <div class=\"w-richtext\">\r\n              <p>Ce fauteuil au design confortable pour les r\u00e9sidences pour personnes \u00e2g\u00e9es invite \u00e0 s'asseoir et \u00e0 se d\u00e9tendre. La hauteur d'assise basse est \u00e0 cet \u00e9gard adapt\u00e9e \u00e0 l'\u00e2ge et permet de se lever facilement. Le dossier et les accoudoirs, qui rappellent des coussins, offrent un haut niveau de confort.\u00a0<\/p>\n<p>Disponible en diff\u00e9rentes couleurs et \u00e9galement en canap\u00e9 2 places.<\/p>\r\n            <\/div>\r\n            <a onclick=\"splite_loader();\" class=\"btn\">Demander un produit<\/a>\r\n          <\/div>\r\n        <\/div>\r\n      <\/div>\r\n    <\/section><\/div>\n\n<div class=\"lazyblock-produkt-slider-ozg-1CsqUP wp-block-lazyblock-produkt-slider-ozg\"><section class=\"sct\">\r\n  <div class=\"cnt narrow\">\r\n    <div class=\"intro-txt\">\r\n        <h2>Mod\u00e8les et versions<\/h2>\r\n    <\/div>\r\n    \r\n    <div class=\"elmnt-similar-products\">\r\n      <div class=\"similar-product\"><img decoding=\"async\" src=\"https:\/\/objektmobiliar.ch\/wp-content\/uploads\/2023\/10\/flo-sessel.jpg\" loading=\"eager\" alt=\"fauteuil confortable pour les r\u00e9sidences pour personnes \u00e2g\u00e9es\" class=\"similar-product-img\">\r\n        <div class=\"center\">\r\n          <div class=\"w-richtext\">\r\n            <p><strong>Fauteuil Flo<\/strong><br>N\u00b0 d'art. 220-0580\/S<\/p>\r\n          <\/div>\r\n          <a href=\"https:\/\/objektmobiliar.ch\/fr\/meubles\/meubles-rembourres-faciles-a-entretenir\/le-fauteuil-confortable-pour-les-residences-pour-personnes-agees\/\" class=\"btn similarproducts\">Passer au produit<\/a>\r\n        <\/div>\r\n      <\/div>\r\n      <div class=\"similar-product\"><img decoding=\"async\" src=\"https:\/\/objektmobiliar.ch\/wp-content\/uploads\/2023\/10\/flo-sessel-2-520-e1697039353391.jpg\" loading=\"eager\" alt=\"Flo - Fauteuil confortable avec accoudoirs extravagants\" class=\"similar-product-img\">\r\n        <div class=\"center\">\r\n          <div class=\"w-richtext\">\r\n            <p><strong>Fauteuil Flo<\/strong><br>N\u00b0 d'art. 220-0580\/S<\/p>\r\n          <\/div>\r\n          \r\n        <\/div>\r\n      <\/div>\r\n      <div class=\"similar-product\"><img decoding=\"async\" src=\"https:\/\/objektmobiliar.ch\/wp-content\/uploads\/2023\/10\/flo-sofa.jpg\" loading=\"eager\" alt=\"Canap\u00e9 confortable pour les r\u00e9sidences pour personnes \u00e2g\u00e9es\" class=\"similar-product-img\">\r\n        <div class=\"center\">\r\n          <div class=\"w-richtext\">\r\n            <p><strong>Canap\u00e9 2 places Flo<\/strong><br>R\u00e9f. 220-0581\/S<\/p>\r\n          <\/div>\r\n          <a href=\"https:\/\/objektmobiliar.ch\/fr\/meubles\/meubles-rembourres-faciles-a-entretenir\/le-canape-confortable-pour-les-residences-pour-personnes-agees\/\" class=\"btn similarproducts\">Passer au produit<\/a>\r\n        <\/div>\r\n      <\/div>\r\n    <\/div>\r\n  <\/div>\r\n  \r\n  <div class=\"cnt narrow\">\r\n    <div class=\"similar-products-nav-pos\">\r\n      <div class=\"w-embed\">\r\n        \r\n      <\/div>\r\n    <\/div>\r\n  <\/div>\r\n<\/section><\/div>\n\n\n<div class=\"wp-block-group\"><div class=\"wp-block-group__inner-container is-layout-constrained wp-block-group-is-layout-constrained\"><section class=\"sct\">\r\n      <div class=\"cnt narrow\">\r\n        <div class=\"introtxt\">\r\n        <div class=\"w-richtext\">\r\n            <h2>Description du produit<\/h2>\r\n        <\/div>\r\n        <\/div>\r\n        \r\n          \n\n\n<figure class=\"wp-block-table is-style-regular\"><table><thead><tr><th>Art. No.<\/th><th>Description<\/th><th><\/th><\/tr><\/thead><tbody><tr><td>220-0580\/S<\/td><td>Fauteuil Flo<\/td><td><a href=\"https:\/\/objektmobiliar.ch\/fr\/meubles\/meubles-rembourres-faciles-a-entretenir\/le-fauteuil-confortable-pour-les-residences-pour-personnes-agees\/\">Passer au produit<\/a><\/td><\/tr><tr><td>220-0581\/S<\/td><td>Canap\u00e9 2 places Flo<\/td><td><a href=\"https:\/\/objektmobiliar.ch\/fr\/meubles\/meubles-rembourres-faciles-a-entretenir\/le-canape-confortable-pour-les-residences-pour-personnes-agees\/\">Passer au produit<\/a><\/td><\/tr><\/tbody><\/table><\/figure>\n\n\n<\/div><\/section><\/div><\/div>\n\n\n<div class=\"lazyblock-text-modul-ozg-Z2aXpLT wp-block-lazyblock-text-modul-ozg\"><section class=\"sct\">\r\n      <div class=\"cnt narrow\">\r\n        <div class=\"w-richtext\">\r\n            <h2>FLO - Le fauteuil confortable pour les r\u00e9sidences pour personnes \u00e2g\u00e9es<\/h2>\n<h3>Design et caract\u00e9ristiques pour un confort maximal<\/h3>\n<p>Le fauteuil confortable pour r\u00e9sidences pour personnes \u00e2g\u00e9es FLO a \u00e9t\u00e9 sp\u00e9cialement con\u00e7u pour les maisons de retraite et offre un design bien pens\u00e9 qui allie confort et fonctionnalit\u00e9. La hauteur d'assise basse du fauteuil est adapt\u00e9e aux personnes \u00e2g\u00e9es et permet de se lever plus facilement. Le dossier et les accoudoirs g\u00e9n\u00e9reusement rembourr\u00e9s, qui rappellent des coussins confortables, offrent un excellent confort d'assise et invitent \u00e0 rester plus longtemps. La forme ergonomique et le rembourrage moelleux assurent une position assise confortable qui soutient parfaitement le dos et les bras. Le fauteuil confortable pour les r\u00e9sidences pour personnes \u00e2g\u00e9es n'est pas seulement disponible en tant que fauteuil individuel, mais aussi en tant que canap\u00e9 deux places pratique, ce qui le rend particuli\u00e8rement polyvalent et flexible pour diff\u00e9rents concepts d'espace.<\/p>\n<h3>Mat\u00e9riaux et couleurs pour une conception individuelle<\/h3>\n<p>Le fauteuil Flo est disponible en diff\u00e9rentes finitions, dont des rev\u00eatements en microfibre, en similicuir et en cuir v\u00e9ritable. Les mat\u00e9riaux sont disponibles dans des variantes unies, structur\u00e9es ou \u00e0 motifs. De plus, nous proposons une large palette de teintes afin que vous puissiez am\u00e9nager votre espace comme vous le souhaitez. Les pieds des fauteuils peuvent \u00e9galement \u00eatre choisis dans diff\u00e9rentes couleurs afin de s'int\u00e9grer parfaitement \u00e0 votre int\u00e9rieur existant. Pour des conseils d\u00e9taill\u00e9s, nos experts se tiennent \u00e0 votre disposition pour vous aider \u00e0 trouver les options les mieux adapt\u00e9es \u00e0 vos besoins. Vous pourrez ainsi vous assurer que le fauteuil Flo est non seulement confortable, mais aussi parfaitement adapt\u00e9 \u00e0 l'esth\u00e9tique de votre r\u00e9sidence pour personnes \u00e2g\u00e9es. Informations sur <a href=\"https:\/\/objektmobiliar.ch\/fr\/inspiration\/materiaux-et-couleurs\/\">Mat\u00e9riaux et couleurs<\/a> ainsi que d'autres d\u00e9tails sont disponibles sur notre site web.\u00a0<\/p>\r\n        <\/div>\r\n      <\/div>\r\n    <\/section><\/div><style class=\"advgb-styles-renderer\">\r\n            .similar-products-nav li {\r\n              overflow: hidden;\r\n              margin: 0px !important;\r\n              flex-grow: 0 !important;\r\n              flex-shrink: 1 !important;\r\n              flex-basis: 12.5% !important;\r\n              border-style: solid;\r\n              border-width: 2px;\r\n              border-color: transparent;\r\n              border-radius: 8px;\r\n              transition-property: border-color;\r\n              transition-duration: 600ms;\r\n              transition-timing-function: ease;\r\n              cursor: pointer;\r\n            }\r\n            .similar-products-nav li.slick-active {\r\n              border-color: #dde7ef;\r\n            }\r\n            @media screen and (max-width:767px) {\r\n              .similar-products-nav li {\r\n                flex-basis: auto !important;\r\n                border-radius: 8px;\r\n                padding-top: 8px;\r\n                padding-right: 16px;\r\n                padding-bottom: 6px;\r\n                padding-left: 16px;\r\n              }\r\n              .similar-products-nav li.slick-active {\r\n                background-color: #dde7ef;\r\n                transition-property: background-color, border-color;\r\n                transition-duration: 600ms, 200ms;\r\n                transition-timing-function: ease, ease;\r\n                color: #426b8a;\r\n              }\r\n            }\r\n          <\/style>","protected":false},"excerpt":{"rendered":"<p>Dieses spezielle Sessel l\u00e4dt mit seinen an gem\u00fctliche Kissen erinnernden Arm- und R\u00fcckenlehnen geradezu zum entspannten Sitzen und Verweilen ein. Die niedrige Sitzh\u00f6he ist dabei Altersgerecht und erm\u00f6glicht ein einfaches Aufstehen.<\/p>","protected":false},"author":7,"featured_media":374,"parent":220,"menu_order":0,"comment_status":"closed","ping_status":"closed","template":"","meta":{"advgb_blocks_editor_width":"","advgb_blocks_columns_visual_guide":"","footnotes":""},"class_list":["post-373","page","type-page","status-publish","has-post-thumbnail","hentry"],"yoast_head":"<!-- This site is optimized with the Yoast SEO plugin v27.4 - https:\/\/yoast.com\/product\/yoast-seo-wordpress\/ -->\n<title>Der komfortable Sessel f\u00fcr Seniorenresidenzen bei OZG<\/title>\n<meta name=\"description\" content=\"Der komfortable Sessel f\u00fcr Seniorenresidenzen mit R\u00fccken- und Armlehnen, die an Kissen erinnern, bietet ein hohes Mass an Komfort.\" \/>\n<meta name=\"robots\" content=\"index, follow, max-snippet:-1, max-image-preview:large, max-video-preview:-1\" \/>\n<link rel=\"canonical\" href=\"https:\/\/objektmobiliar.ch\/fr\/meubles\/meubles-rembourres-faciles-a-entretenir\/le-fauteuil-confortable-pour-les-residences-pour-personnes-agees\/\" \/>\n<meta property=\"og:locale\" content=\"fr_FR\" \/>\n<meta property=\"og:type\" content=\"article\" \/>\n<meta property=\"og:title\" content=\"Der komfortable Sessel f\u00fcr Seniorenresidenzen bei OZG\" \/>\n<meta property=\"og:description\" content=\"Der komfortable Sessel f\u00fcr Seniorenresidenzen mit R\u00fccken- und Armlehnen, die an Kissen erinnern, bietet ein hohes Mass an Komfort.\" \/>\n<meta property=\"og:url\" content=\"https:\/\/objektmobiliar.ch\/fr\/meubles\/meubles-rembourres-faciles-a-entretenir\/le-fauteuil-confortable-pour-les-residences-pour-personnes-agees\/\" \/>\n<meta property=\"og:site_name\" content=\"OZG HEALTHCARE\" \/>\n<meta property=\"article:modified_time\" content=\"2024-09-05T09:43:06+00:00\" \/>\n<meta property=\"og:image\" content=\"https:\/\/objektmobiliar.ch\/wp-content\/uploads\/2023\/10\/flo-sessel.jpg\" \/>\n\t<meta property=\"og:image:width\" content=\"1000\" \/>\n\t<meta property=\"og:image:height\" content=\"1000\" \/>\n\t<meta property=\"og:image:type\" content=\"image\/jpeg\" \/>\n<meta name=\"twitter:card\" content=\"summary_large_image\" \/>\n<meta name=\"twitter:label1\" content=\"Dur\u00e9e de lecture estim\u00e9e\" \/>\n\t<meta name=\"twitter:data1\" content=\"3 minutes\" \/>\n<script type=\"application\/ld+json\" class=\"yoast-schema-graph\">{\"@context\":\"https:\\\/\\\/schema.org\",\"@graph\":[{\"@type\":\"WebPage\",\"@id\":\"https:\\\/\\\/objektmobiliar.ch\\\/moebel\\\/pflegegerechte-polstermoebel\\\/der-komfortable-sessel-fuer-seniorenresidenzen\\\/\",\"url\":\"https:\\\/\\\/objektmobiliar.ch\\\/moebel\\\/pflegegerechte-polstermoebel\\\/der-komfortable-sessel-fuer-seniorenresidenzen\\\/\",\"name\":\"Der komfortable Sessel f\u00fcr Seniorenresidenzen bei OZG\",\"isPartOf\":{\"@id\":\"https:\\\/\\\/objektmobiliar.ch\\\/#website\"},\"primaryImageOfPage\":{\"@id\":\"https:\\\/\\\/objektmobiliar.ch\\\/moebel\\\/pflegegerechte-polstermoebel\\\/der-komfortable-sessel-fuer-seniorenresidenzen\\\/#primaryimage\"},\"image\":{\"@id\":\"https:\\\/\\\/objektmobiliar.ch\\\/moebel\\\/pflegegerechte-polstermoebel\\\/der-komfortable-sessel-fuer-seniorenresidenzen\\\/#primaryimage\"},\"thumbnailUrl\":\"https:\\\/\\\/objektmobiliar.ch\\\/wp-content\\\/uploads\\\/2023\\\/10\\\/flo-sessel.jpg\",\"datePublished\":\"2023-10-11T15:51:16+00:00\",\"dateModified\":\"2024-09-05T09:43:06+00:00\",\"description\":\"Der komfortable Sessel f\u00fcr Seniorenresidenzen mit R\u00fccken- und Armlehnen, die an Kissen erinnern, bietet ein hohes Mass an Komfort.\",\"breadcrumb\":{\"@id\":\"https:\\\/\\\/objektmobiliar.ch\\\/moebel\\\/pflegegerechte-polstermoebel\\\/der-komfortable-sessel-fuer-seniorenresidenzen\\\/#breadcrumb\"},\"inLanguage\":\"fr-FR\",\"potentialAction\":[{\"@type\":\"ReadAction\",\"target\":[\"https:\\\/\\\/objektmobiliar.ch\\\/moebel\\\/pflegegerechte-polstermoebel\\\/der-komfortable-sessel-fuer-seniorenresidenzen\\\/\"]}]},{\"@type\":\"ImageObject\",\"inLanguage\":\"fr-FR\",\"@id\":\"https:\\\/\\\/objektmobiliar.ch\\\/moebel\\\/pflegegerechte-polstermoebel\\\/der-komfortable-sessel-fuer-seniorenresidenzen\\\/#primaryimage\",\"url\":\"https:\\\/\\\/objektmobiliar.ch\\\/wp-content\\\/uploads\\\/2023\\\/10\\\/flo-sessel.jpg\",\"contentUrl\":\"https:\\\/\\\/objektmobiliar.ch\\\/wp-content\\\/uploads\\\/2023\\\/10\\\/flo-sessel.jpg\",\"width\":1000,\"height\":1000,\"caption\":\"komfortabler Sessel f\u00fcr Seniorenresidenzen\"},{\"@type\":\"BreadcrumbList\",\"@id\":\"https:\\\/\\\/objektmobiliar.ch\\\/moebel\\\/pflegegerechte-polstermoebel\\\/der-komfortable-sessel-fuer-seniorenresidenzen\\\/#breadcrumb\",\"itemListElement\":[{\"@type\":\"ListItem\",\"position\":1,\"name\":\"Startseite\",\"item\":\"https:\\\/\\\/objektmobiliar.ch\\\/\"},{\"@type\":\"ListItem\",\"position\":2,\"name\":\"M\u00f6bel\",\"item\":\"https:\\\/\\\/objektmobiliar.ch\\\/moebel\\\/\"},{\"@type\":\"ListItem\",\"position\":3,\"name\":\"Polsterm\u00f6bel\",\"item\":\"https:\\\/\\\/objektmobiliar.ch\\\/moebel\\\/pflegegerechte-polstermoebel\\\/\"},{\"@type\":\"ListItem\",\"position\":4,\"name\":\"Flo\"}]},{\"@type\":\"WebSite\",\"@id\":\"https:\\\/\\\/objektmobiliar.ch\\\/#website\",\"url\":\"https:\\\/\\\/objektmobiliar.ch\\\/\",\"name\":\"OZG HEALTHCARE\",\"description\":\"Objektmobiliar f\u00fcr Pflege, B\u00fcro, Praxis &amp; Hotellerie\",\"potentialAction\":[{\"@type\":\"SearchAction\",\"target\":{\"@type\":\"EntryPoint\",\"urlTemplate\":\"https:\\\/\\\/objektmobiliar.ch\\\/?s={search_term_string}\"},\"query-input\":{\"@type\":\"PropertyValueSpecification\",\"valueRequired\":true,\"valueName\":\"search_term_string\"}}],\"inLanguage\":\"fr-FR\"}]}<\/script>\n<!-- \/ Yoast SEO plugin. -->","yoast_head_json":{"title":"Le fauteuil confortable pour les r\u00e9sidences pour personnes \u00e2g\u00e9es chez OZG","description":"Ce fauteuil confortable pour les r\u00e9sidences pour personnes \u00e2g\u00e9es, avec son dossier et ses accoudoirs qui rappellent des coussins, offre un haut niveau de confort.","robots":{"index":"index","follow":"follow","max-snippet":"max-snippet:-1","max-image-preview":"max-image-preview:large","max-video-preview":"max-video-preview:-1"},"canonical":"https:\/\/objektmobiliar.ch\/fr\/meubles\/meubles-rembourres-faciles-a-entretenir\/le-fauteuil-confortable-pour-les-residences-pour-personnes-agees\/","og_locale":"fr_FR","og_type":"article","og_title":"Der komfortable Sessel f\u00fcr Seniorenresidenzen bei OZG","og_description":"Der komfortable Sessel f\u00fcr Seniorenresidenzen mit R\u00fccken- und Armlehnen, die an Kissen erinnern, bietet ein hohes Mass an Komfort.","og_url":"https:\/\/objektmobiliar.ch\/fr\/meubles\/meubles-rembourres-faciles-a-entretenir\/le-fauteuil-confortable-pour-les-residences-pour-personnes-agees\/","og_site_name":"OZG HEALTHCARE","article_modified_time":"2024-09-05T09:43:06+00:00","og_image":[{"width":1000,"height":1000,"url":"https:\/\/objektmobiliar.ch\/wp-content\/uploads\/2023\/10\/flo-sessel.jpg","type":"image\/jpeg"}],"twitter_card":"summary_large_image","twitter_misc":{"Dur\u00e9e de lecture estim\u00e9e":"3 minutes"},"schema":{"@context":"https:\/\/schema.org","@graph":[{"@type":"WebPage","@id":"https:\/\/objektmobiliar.ch\/moebel\/pflegegerechte-polstermoebel\/der-komfortable-sessel-fuer-seniorenresidenzen\/","url":"https:\/\/objektmobiliar.ch\/moebel\/pflegegerechte-polstermoebel\/der-komfortable-sessel-fuer-seniorenresidenzen\/","name":"Le fauteuil confortable pour les r\u00e9sidences pour personnes \u00e2g\u00e9es chez OZG","isPartOf":{"@id":"https:\/\/objektmobiliar.ch\/#website"},"primaryImageOfPage":{"@id":"https:\/\/objektmobiliar.ch\/moebel\/pflegegerechte-polstermoebel\/der-komfortable-sessel-fuer-seniorenresidenzen\/#primaryimage"},"image":{"@id":"https:\/\/objektmobiliar.ch\/moebel\/pflegegerechte-polstermoebel\/der-komfortable-sessel-fuer-seniorenresidenzen\/#primaryimage"},"thumbnailUrl":"https:\/\/objektmobiliar.ch\/wp-content\/uploads\/2023\/10\/flo-sessel.jpg","datePublished":"2023-10-11T15:51:16+00:00","dateModified":"2024-09-05T09:43:06+00:00","description":"Ce fauteuil confortable pour les r\u00e9sidences pour personnes \u00e2g\u00e9es, avec son dossier et ses accoudoirs qui rappellent des coussins, offre un haut niveau de confort.","breadcrumb":{"@id":"https:\/\/objektmobiliar.ch\/moebel\/pflegegerechte-polstermoebel\/der-komfortable-sessel-fuer-seniorenresidenzen\/#breadcrumb"},"inLanguage":"fr-FR","potentialAction":[{"@type":"ReadAction","target":["https:\/\/objektmobiliar.ch\/moebel\/pflegegerechte-polstermoebel\/der-komfortable-sessel-fuer-seniorenresidenzen\/"]}]},{"@type":"ImageObject","inLanguage":"fr-FR","@id":"https:\/\/objektmobiliar.ch\/moebel\/pflegegerechte-polstermoebel\/der-komfortable-sessel-fuer-seniorenresidenzen\/#primaryimage","url":"https:\/\/objektmobiliar.ch\/wp-content\/uploads\/2023\/10\/flo-sessel.jpg","contentUrl":"https:\/\/objektmobiliar.ch\/wp-content\/uploads\/2023\/10\/flo-sessel.jpg","width":1000,"height":1000,"caption":"komfortabler Sessel f\u00fcr Seniorenresidenzen"},{"@type":"BreadcrumbList","@id":"https:\/\/objektmobiliar.ch\/moebel\/pflegegerechte-polstermoebel\/der-komfortable-sessel-fuer-seniorenresidenzen\/#breadcrumb","itemListElement":[{"@type":"ListItem","position":1,"name":"Startseite","item":"https:\/\/objektmobiliar.ch\/"},{"@type":"ListItem","position":2,"name":"M\u00f6bel","item":"https:\/\/objektmobiliar.ch\/moebel\/"},{"@type":"ListItem","position":3,"name":"Polsterm\u00f6bel","item":"https:\/\/objektmobiliar.ch\/moebel\/pflegegerechte-polstermoebel\/"},{"@type":"ListItem","position":4,"name":"Flo"}]},{"@type":"WebSite","@id":"https:\/\/objektmobiliar.ch\/#website","url":"https:\/\/objektmobiliar.ch\/","name":"OZG HEALTHCARE","description":"Mobilier de collectivit\u00e9 pour les soins, les bureaux, les cabinets m\u00e9dicaux et l'h\u00f4tellerie","potentialAction":[{"@type":"SearchAction","target":{"@type":"EntryPoint","urlTemplate":"https:\/\/objektmobiliar.ch\/?s={search_term_string}"},"query-input":{"@type":"PropertyValueSpecification","valueRequired":true,"valueName":"search_term_string"}}],"inLanguage":"fr-FR"}]}},"coauthors":[],"author_meta":{"author_link":"https:\/\/objektmobiliar.ch\/fr\/author\/henni\/","display_name":"Henriette Saade"},"relative_dates":{"created":"Publi\u00e9 3 ans il y a","modified":"Mis \u00e0 jour 2 ans il y a"},"absolute_dates":{"created":"Publi\u00e9 le octobre 11, 2023","modified":"Mise \u00e0 jour le septembre 5, 2024"},"absolute_dates_time":{"created":"Publi\u00e9 le octobre 11, 2023 3:51 pm","modified":"Mise \u00e0 jour le septembre 5, 2024 9:43 am"},"featured_img_caption":"","featured_img":"https:\/\/objektmobiliar.ch\/wp-content\/uploads\/2023\/10\/flo-sessel-825x510.jpg","series_order":"","_links":{"self":[{"href":"https:\/\/objektmobiliar.ch\/fr\/wp-json\/wp\/v2\/pages\/373","targetHints":{"allow":["GET"]}}],"collection":[{"href":"https:\/\/objektmobiliar.ch\/fr\/wp-json\/wp\/v2\/pages"}],"about":[{"href":"https:\/\/objektmobiliar.ch\/fr\/wp-json\/wp\/v2\/types\/page"}],"author":[{"embeddable":true,"href":"https:\/\/objektmobiliar.ch\/fr\/wp-json\/wp\/v2\/users\/7"}],"replies":[{"embeddable":true,"href":"https:\/\/objektmobiliar.ch\/fr\/wp-json\/wp\/v2\/comments?post=373"}],"version-history":[{"count":22,"href":"https:\/\/objektmobiliar.ch\/fr\/wp-json\/wp\/v2\/pages\/373\/revisions"}],"predecessor-version":[{"id":4174,"href":"https:\/\/objektmobiliar.ch\/fr\/wp-json\/wp\/v2\/pages\/373\/revisions\/4174"}],"up":[{"embeddable":true,"href":"https:\/\/objektmobiliar.ch\/fr\/wp-json\/wp\/v2\/pages\/220"}],"wp:featuredmedia":[{"embeddable":true,"href":"https:\/\/objektmobiliar.ch\/fr\/wp-json\/wp\/v2\/media\/374"}],"wp:attachment":[{"href":"https:\/\/objektmobiliar.ch\/fr\/wp-json\/wp\/v2\/media?parent=373"}],"curies":[{"name":"wp","href":"https:\/\/api.w.org\/{rel}","templated":true}]}}