{"id":364,"date":"2023-10-11T15:40:12","date_gmt":"2023-10-11T15:40:12","guid":{"rendered":"https:\/\/dev.objektmobiliar.ch\/?page_id=364"},"modified":"2024-08-27T13:50:24","modified_gmt":"2024-08-27T13:50:24","slug":"meubles-rembourres-au-design-elegant","status":"publish","type":"page","link":"https:\/\/objektmobiliar.ch\/fr\/moebel\/pflegegerechte-polstermoebel\/polstermoebel-in-elegantem-design\/","title":{"rendered":"Fin"},"content":{"rendered":"<div class=\"lazyblock-produkt-detail-ozg-2hO37f wp-block-lazyblock-produkt-detail-ozg\"><section class=\"sct\">\r\n      <div class=\"cnt\">\r\n        <div class=\"elmnt-product-desc\">\r\n          <div class=\"product-desc-box\"><img decoding=\"async\" src=\"https:\/\/objektmobiliar.ch\/wp-content\/uploads\/2023\/10\/fin-sessel.jpg\" loading=\"lazy\" alt=\"\" class=\"product-desc-img\"><\/div>\r\n          <div class=\"product-desc-txt\">\r\n            <h1 class=\"txt-product-headline\">S\u00e9rie FIN<\/h1>\r\n            <h2 class=\"txt-product-subline\">Meubles rembourr\u00e9s au design \u00e9l\u00e9gant pour les \u00e9tablissements de soins<\/h2>\r\n            <div class=\"w-richtext\">\r\n              <p>La s\u00e9rie FIN s\u00e9duit par son design chaleureux et \u00e9l\u00e9gant et comprend aussi bien des fauteuils et des canap\u00e9s qu'une table d'appoint. Les meubles \u00e9l\u00e9gants de cette s\u00e9rie se distinguent par leurs accoudoirs incurv\u00e9s avec garniture en bois. Ils mettent ainsi en valeur les espaces et cr\u00e9ent une ambiance calme et agr\u00e9able.<\/p>\r\n            <\/div>\r\n            <a onclick=\"splite_loader();\" class=\"btn\">Demander un produit<\/a>\r\n          <\/div>\r\n        <\/div>\r\n      <\/div>\r\n    <\/section><\/div>\n\n<div class=\"lazyblock-produkt-slider-ozg-FflJi wp-block-lazyblock-produkt-slider-ozg\"><section class=\"sct\">\r\n  <div class=\"cnt\">\r\n    <div class=\"intro-txt\">\r\n        <h2>Meubles rembourr\u00e9s au design \u00e9l\u00e9gant : mod\u00e8les et finitions<\/h2>\r\n    <\/div>\r\n    \r\n    <div class=\"elmnt-similar-products\">\r\n      <div class=\"similar-product\"><img decoding=\"async\" src=\"https:\/\/objektmobiliar.ch\/wp-content\/uploads\/2023\/10\/220-0023-fin_schwarz-s.jpg\" loading=\"eager\" alt=\"\" class=\"similar-product-img\">\r\n        <div class=\"center\">\r\n          <div class=\"w-richtext\">\r\n            <p><strong>Fauteuil Fin<\/strong><br>220-0023\/S<\/p>\r\n          <\/div>\r\n          \r\n        <\/div>\r\n      <\/div>\r\n      <div class=\"similar-product\"><img decoding=\"async\" src=\"https:\/\/objektmobiliar.ch\/wp-content\/uploads\/2023\/10\/flexinhaambiente.jpg\" loading=\"eager\" alt=\"\" class=\"similar-product-img\">\r\n        <div class=\"center\">\r\n          <div class=\"w-richtext\">\r\n            <p><strong>Fauteuil Fin<\/strong><br>220-0023\/S<\/p>\r\n          <\/div>\r\n          \r\n        <\/div>\r\n      <\/div>\r\n      <div class=\"similar-product\"><img decoding=\"async\" src=\"https:\/\/objektmobiliar.ch\/wp-content\/uploads\/2023\/10\/objektmobiliar-serie-fin-sessel-und-sofa-11-s.jpg\" loading=\"eager\" alt=\"\" class=\"similar-product-img\">\r\n        <div class=\"center\">\r\n          <div class=\"w-richtext\">\r\n            <p><strong>Table basse Fin<br><\/strong>Art. n\u00b0 211-1410\/S : \u00d8 60 cm<\/p>\r\n          <\/div>\r\n          \r\n        <\/div>\r\n      <\/div>\r\n      <div class=\"similar-product\"><img decoding=\"async\" src=\"https:\/\/objektmobiliar.ch\/wp-content\/uploads\/2023\/10\/220-0025_fin_1-sq.jpg\" loading=\"eager\" alt=\"Fin Sofa pour les maisons de soins\" class=\"similar-product-img\">\r\n        <div class=\"center\">\r\n          <div class=\"w-richtext\">\r\n            <p><strong>Canap\u00e9 3 places Fin<br><\/strong>220-0025\/S<\/p>\r\n          <\/div>\r\n          \r\n        <\/div>\r\n      <\/div>\r\n    <\/div>\r\n  <\/div>\r\n  \r\n  <div class=\"cnt narrow\">\r\n    <div class=\"similar-products-nav-pos\">\r\n      <div class=\"w-embed\">\r\n        \r\n      <\/div>\r\n    <\/div>\r\n  <\/div>\r\n<\/section><\/div>\n\n\n<div class=\"wp-block-group\"><div class=\"wp-block-group__inner-container is-layout-constrained wp-block-group-is-layout-constrained\"><section class=\"sct\">\r\n      <div class=\"cnt narrow\">\r\n        <div class=\"introtxt\">\r\n        <div class=\"w-richtext\">\r\n            <h2>Description du produit<\/h2>\r\n        <\/div>\r\n        <\/div>\r\n        \r\n          \n\n\n<figure class=\"wp-block-table is-style-regular\"><table><thead><tr><th>Art. No.<\/th><th>Description<\/th><\/tr><\/thead><tbody><tr><td>220-0023\/S<\/td><td>Fauteuil Fin<\/td><\/tr><tr><td>220-0024\/S<\/td><td>Canap\u00e9 2 places Fin<\/td><\/tr><tr><td>220-0025\/S<\/td><td>Canap\u00e9 3 places Fin<\/td><\/tr><tr><td>211-1410\/S<\/td><td>Table basse Fin \u00d860 cm<\/td><\/tr><\/tbody><\/table><\/figure>\n\n\n<\/div><\/section><\/div><\/div>\n\n\n<div class=\"lazyblock-text-modul-ozg-Z1b8pmz wp-block-lazyblock-text-modul-ozg\"><section class=\"sct\">\r\n      <div class=\"cnt narrow\">\r\n        <div class=\"w-richtext\">\r\n            <h2>Meubles rembourr\u00e9s au design \u00e9l\u00e9gant pour les \u00e9tablissements de soins<\/h2>\n<p>La s\u00e9rie Fin comprend des meubles rembourr\u00e9s au design \u00e9l\u00e9gant pour les \u00e9tablissements de soins - dont des fauteuils attrayants, des canap\u00e9s et une table basse ou d'appoint. Composez l'ensemble parfait pour vos espaces d'accueil, vos salles communes ou vos chambres de pensionnaires \u00e0 partir de ces meubles. Le design \u00e9l\u00e9gant valorise les locaux et cr\u00e9e une ambiance calme et agr\u00e9able.<\/p>\n<h3>Courbe \u00e9l\u00e9gante des accoudoirs<\/h3>\n<p>La caract\u00e9ristique particuli\u00e8re des meubles rembourr\u00e9s de la s\u00e9rie Fin est la l\u00e9g\u00e8re courbure des \u00e9l\u00e9ments en bois massif - aussi bien dans les ferrures en bois des accoudoirs que dans les pieds des meubles d'assise. Cela conf\u00e8re aux meubles une \u00e9l\u00e9gance raffin\u00e9e et les rend inimitables. Les accoudoirs \u00e0 garniture en bois remplissent en outre un objectif pratique : ils sont faciles \u00e0 nettoyer et \u00e0 d\u00e9sinfecter, ce qui peut simplifier le travail quotidien de votre personnel soignant.<\/p>\n<h3>Diversit\u00e9 des mat\u00e9riaux et des couleurs<\/h3>\n<p>Adaptez les meubles rembourr\u00e9s au design \u00e9l\u00e9gant \u00e0 vos souhaits et aux besoins de vos r\u00e9sidents. Nous vous proposons \u00e0 cet effet une immense vari\u00e9t\u00e9 de <a href=\"https:\/\/objektmobiliar.ch\/fr\/inspiration\/materiaux-et-couleurs\/\">Mat\u00e9riaux et couleurs<\/a>Vous pouvez choisir parmi les diff\u00e9rentes possibilit\u00e9s. Qu'il s'agisse de similicuir, de microfibre ou de cuir v\u00e9ritable - uni, structur\u00e9 ou \u00e0 motifs : faites confiance \u00e0 notre expertise. Nous nous ferons un plaisir de vous conseiller en d\u00e9tail et, si vous le souhaitez, d'\u00e9laborer pour vous un concept d'am\u00e9nagement. Les \u00e9l\u00e9ments en bois de cette s\u00e9rie peuvent \u00e9galement \u00eatre configur\u00e9s individuellement gr\u00e2ce \u00e0 diff\u00e9rentes teintes de bois. N'h\u00e9sitez pas \u00e0 nous demander de plus amples informations ou un conseil.\u00a0<\/p>\r\n        <\/div>\r\n      <\/div>\r\n    <\/section><\/div>\n\n\n<p><\/p>\n<style class=\"advgb-styles-renderer\">\r\n            .similar-products-nav li {\r\n              overflow: hidden;\r\n              margin: 0px !important;\r\n              flex-grow: 0 !important;\r\n              flex-shrink: 1 !important;\r\n              flex-basis: 12.5% !important;\r\n              border-style: solid;\r\n              border-width: 2px;\r\n              border-color: transparent;\r\n              border-radius: 8px;\r\n              transition-property: border-color;\r\n              transition-duration: 600ms;\r\n              transition-timing-function: ease;\r\n              cursor: pointer;\r\n            }\r\n            .similar-products-nav li.slick-active {\r\n              border-color: #dde7ef;\r\n            }\r\n            @media screen and (max-width:767px) {\r\n              .similar-products-nav li {\r\n                flex-basis: auto !important;\r\n                border-radius: 8px;\r\n                padding-top: 8px;\r\n                padding-right: 16px;\r\n                padding-bottom: 6px;\r\n                padding-left: 16px;\r\n              }\r\n              .similar-products-nav li.slick-active {\r\n                background-color: #dde7ef;\r\n                transition-property: background-color, border-color;\r\n                transition-duration: 600ms, 200ms;\r\n                transition-timing-function: ease, ease;\r\n                color: #426b8a;\r\n              }\r\n            }\r\n          <\/style>","protected":false},"excerpt":{"rendered":"<p>Die Serie FIN \u00fcberzeugt durch ein warmes und elegantes Design. Dieses architektonische Sitzm\u00f6bel wertet R\u00e4umlichkeiten auf und sorgt f\u00fcr eine ruhige und angenehme Raumstimmung.<\/p>","protected":false},"author":2,"featured_media":365,"parent":220,"menu_order":0,"comment_status":"closed","ping_status":"closed","template":"","meta":{"advgb_blocks_editor_width":"","advgb_blocks_columns_visual_guide":"","footnotes":""},"class_list":["post-364","page","type-page","status-publish","has-post-thumbnail","hentry"],"yoast_head":"<!-- This site is optimized with the Yoast SEO plugin v27.4 - https:\/\/yoast.com\/product\/yoast-seo-wordpress\/ -->\n<title>Polsterm\u00f6bel in elegantem Design<\/title>\n<meta name=\"description\" content=\"Polsterm\u00f6bel in elegantem Design: Die Serie Fin ist ideal f\u00fcr Pflegeheime und umfasst Sessel, Sofas und einen Couch- bzw. Beistelltisch.\" \/>\n<meta name=\"robots\" content=\"index, follow, max-snippet:-1, max-image-preview:large, max-video-preview:-1\" \/>\n<link rel=\"canonical\" href=\"https:\/\/objektmobiliar.ch\/fr\/meubles\/meubles-rembourres-faciles-a-entretenir\/meubles-rembourres-au-design-elegant\/\" \/>\n<meta property=\"og:locale\" content=\"fr_FR\" \/>\n<meta property=\"og:type\" content=\"article\" \/>\n<meta property=\"og:title\" content=\"Polsterm\u00f6bel in elegantem Design\" \/>\n<meta property=\"og:description\" content=\"Polsterm\u00f6bel in elegantem Design: Die Serie Fin ist ideal f\u00fcr Pflegeheime und umfasst Sessel, Sofas und einen Couch- bzw. Beistelltisch.\" \/>\n<meta property=\"og:url\" content=\"https:\/\/objektmobiliar.ch\/fr\/meubles\/meubles-rembourres-faciles-a-entretenir\/meubles-rembourres-au-design-elegant\/\" \/>\n<meta property=\"og:site_name\" content=\"OZG HEALTHCARE\" \/>\n<meta property=\"article:modified_time\" content=\"2024-08-27T13:50:24+00:00\" \/>\n<meta property=\"og:image\" content=\"https:\/\/objektmobiliar.ch\/wp-content\/uploads\/2023\/10\/fin-sessel.jpg\" \/>\n\t<meta property=\"og:image:width\" content=\"1000\" \/>\n\t<meta property=\"og:image:height\" content=\"1000\" \/>\n\t<meta property=\"og:image:type\" content=\"image\/jpeg\" \/>\n<meta name=\"twitter:card\" content=\"summary_large_image\" \/>\n<meta name=\"twitter:label1\" content=\"Dur\u00e9e de lecture estim\u00e9e\" \/>\n\t<meta name=\"twitter:data1\" content=\"3 minutes\" \/>\n<script type=\"application\/ld+json\" class=\"yoast-schema-graph\">{\"@context\":\"https:\\\/\\\/schema.org\",\"@graph\":[{\"@type\":\"WebPage\",\"@id\":\"https:\\\/\\\/objektmobiliar.ch\\\/moebel\\\/pflegegerechte-polstermoebel\\\/polstermoebel-in-elegantem-design\\\/\",\"url\":\"https:\\\/\\\/objektmobiliar.ch\\\/moebel\\\/pflegegerechte-polstermoebel\\\/polstermoebel-in-elegantem-design\\\/\",\"name\":\"Polsterm\u00f6bel in elegantem Design\",\"isPartOf\":{\"@id\":\"https:\\\/\\\/objektmobiliar.ch\\\/#website\"},\"primaryImageOfPage\":{\"@id\":\"https:\\\/\\\/objektmobiliar.ch\\\/moebel\\\/pflegegerechte-polstermoebel\\\/polstermoebel-in-elegantem-design\\\/#primaryimage\"},\"image\":{\"@id\":\"https:\\\/\\\/objektmobiliar.ch\\\/moebel\\\/pflegegerechte-polstermoebel\\\/polstermoebel-in-elegantem-design\\\/#primaryimage\"},\"thumbnailUrl\":\"https:\\\/\\\/objektmobiliar.ch\\\/wp-content\\\/uploads\\\/2023\\\/10\\\/fin-sessel.jpg\",\"datePublished\":\"2023-10-11T15:40:12+00:00\",\"dateModified\":\"2024-08-27T13:50:24+00:00\",\"description\":\"Polsterm\u00f6bel in elegantem Design: Die Serie Fin ist ideal f\u00fcr Pflegeheime und umfasst Sessel, Sofas und einen Couch- bzw. Beistelltisch.\",\"breadcrumb\":{\"@id\":\"https:\\\/\\\/objektmobiliar.ch\\\/moebel\\\/pflegegerechte-polstermoebel\\\/polstermoebel-in-elegantem-design\\\/#breadcrumb\"},\"inLanguage\":\"fr-FR\",\"potentialAction\":[{\"@type\":\"ReadAction\",\"target\":[\"https:\\\/\\\/objektmobiliar.ch\\\/moebel\\\/pflegegerechte-polstermoebel\\\/polstermoebel-in-elegantem-design\\\/\"]}]},{\"@type\":\"ImageObject\",\"inLanguage\":\"fr-FR\",\"@id\":\"https:\\\/\\\/objektmobiliar.ch\\\/moebel\\\/pflegegerechte-polstermoebel\\\/polstermoebel-in-elegantem-design\\\/#primaryimage\",\"url\":\"https:\\\/\\\/objektmobiliar.ch\\\/wp-content\\\/uploads\\\/2023\\\/10\\\/fin-sessel.jpg\",\"contentUrl\":\"https:\\\/\\\/objektmobiliar.ch\\\/wp-content\\\/uploads\\\/2023\\\/10\\\/fin-sessel.jpg\",\"width\":1000,\"height\":1000,\"caption\":\"Sessel in elegantem Design f\u00fcr Pflegeeinrichtungen\"},{\"@type\":\"BreadcrumbList\",\"@id\":\"https:\\\/\\\/objektmobiliar.ch\\\/moebel\\\/pflegegerechte-polstermoebel\\\/polstermoebel-in-elegantem-design\\\/#breadcrumb\",\"itemListElement\":[{\"@type\":\"ListItem\",\"position\":1,\"name\":\"Startseite\",\"item\":\"https:\\\/\\\/objektmobiliar.ch\\\/\"},{\"@type\":\"ListItem\",\"position\":2,\"name\":\"M\u00f6bel\",\"item\":\"https:\\\/\\\/objektmobiliar.ch\\\/moebel\\\/\"},{\"@type\":\"ListItem\",\"position\":3,\"name\":\"Polsterm\u00f6bel\",\"item\":\"https:\\\/\\\/objektmobiliar.ch\\\/moebel\\\/pflegegerechte-polstermoebel\\\/\"},{\"@type\":\"ListItem\",\"position\":4,\"name\":\"Fin\"}]},{\"@type\":\"WebSite\",\"@id\":\"https:\\\/\\\/objektmobiliar.ch\\\/#website\",\"url\":\"https:\\\/\\\/objektmobiliar.ch\\\/\",\"name\":\"OZG HEALTHCARE\",\"description\":\"Objektmobiliar f\u00fcr Pflege, B\u00fcro, Praxis &amp; Hotellerie\",\"potentialAction\":[{\"@type\":\"SearchAction\",\"target\":{\"@type\":\"EntryPoint\",\"urlTemplate\":\"https:\\\/\\\/objektmobiliar.ch\\\/?s={search_term_string}\"},\"query-input\":{\"@type\":\"PropertyValueSpecification\",\"valueRequired\":true,\"valueName\":\"search_term_string\"}}],\"inLanguage\":\"fr-FR\"}]}<\/script>\n<!-- \/ Yoast SEO plugin. -->","yoast_head_json":{"title":"Meubles rembourr\u00e9s au design \u00e9l\u00e9gant","description":"Des meubles rembourr\u00e9s au design \u00e9l\u00e9gant : la s\u00e9rie Fin est id\u00e9ale pour les maisons de soins et comprend des fauteuils, des canap\u00e9s et une table basse ou d'appoint.","robots":{"index":"index","follow":"follow","max-snippet":"max-snippet:-1","max-image-preview":"max-image-preview:large","max-video-preview":"max-video-preview:-1"},"canonical":"https:\/\/objektmobiliar.ch\/fr\/meubles\/meubles-rembourres-faciles-a-entretenir\/meubles-rembourres-au-design-elegant\/","og_locale":"fr_FR","og_type":"article","og_title":"Polsterm\u00f6bel in elegantem Design","og_description":"Polsterm\u00f6bel in elegantem Design: Die Serie Fin ist ideal f\u00fcr Pflegeheime und umfasst Sessel, Sofas und einen Couch- bzw. Beistelltisch.","og_url":"https:\/\/objektmobiliar.ch\/fr\/meubles\/meubles-rembourres-faciles-a-entretenir\/meubles-rembourres-au-design-elegant\/","og_site_name":"OZG HEALTHCARE","article_modified_time":"2024-08-27T13:50:24+00:00","og_image":[{"width":1000,"height":1000,"url":"https:\/\/objektmobiliar.ch\/wp-content\/uploads\/2023\/10\/fin-sessel.jpg","type":"image\/jpeg"}],"twitter_card":"summary_large_image","twitter_misc":{"Dur\u00e9e de lecture estim\u00e9e":"3 minutes"},"schema":{"@context":"https:\/\/schema.org","@graph":[{"@type":"WebPage","@id":"https:\/\/objektmobiliar.ch\/moebel\/pflegegerechte-polstermoebel\/polstermoebel-in-elegantem-design\/","url":"https:\/\/objektmobiliar.ch\/moebel\/pflegegerechte-polstermoebel\/polstermoebel-in-elegantem-design\/","name":"Meubles rembourr\u00e9s au design \u00e9l\u00e9gant","isPartOf":{"@id":"https:\/\/objektmobiliar.ch\/#website"},"primaryImageOfPage":{"@id":"https:\/\/objektmobiliar.ch\/moebel\/pflegegerechte-polstermoebel\/polstermoebel-in-elegantem-design\/#primaryimage"},"image":{"@id":"https:\/\/objektmobiliar.ch\/moebel\/pflegegerechte-polstermoebel\/polstermoebel-in-elegantem-design\/#primaryimage"},"thumbnailUrl":"https:\/\/objektmobiliar.ch\/wp-content\/uploads\/2023\/10\/fin-sessel.jpg","datePublished":"2023-10-11T15:40:12+00:00","dateModified":"2024-08-27T13:50:24+00:00","description":"Des meubles rembourr\u00e9s au design \u00e9l\u00e9gant : la s\u00e9rie Fin est id\u00e9ale pour les maisons de soins et comprend des fauteuils, des canap\u00e9s et une table basse ou d'appoint.","breadcrumb":{"@id":"https:\/\/objektmobiliar.ch\/moebel\/pflegegerechte-polstermoebel\/polstermoebel-in-elegantem-design\/#breadcrumb"},"inLanguage":"fr-FR","potentialAction":[{"@type":"ReadAction","target":["https:\/\/objektmobiliar.ch\/moebel\/pflegegerechte-polstermoebel\/polstermoebel-in-elegantem-design\/"]}]},{"@type":"ImageObject","inLanguage":"fr-FR","@id":"https:\/\/objektmobiliar.ch\/moebel\/pflegegerechte-polstermoebel\/polstermoebel-in-elegantem-design\/#primaryimage","url":"https:\/\/objektmobiliar.ch\/wp-content\/uploads\/2023\/10\/fin-sessel.jpg","contentUrl":"https:\/\/objektmobiliar.ch\/wp-content\/uploads\/2023\/10\/fin-sessel.jpg","width":1000,"height":1000,"caption":"Sessel in elegantem Design f\u00fcr Pflegeeinrichtungen"},{"@type":"BreadcrumbList","@id":"https:\/\/objektmobiliar.ch\/moebel\/pflegegerechte-polstermoebel\/polstermoebel-in-elegantem-design\/#breadcrumb","itemListElement":[{"@type":"ListItem","position":1,"name":"Startseite","item":"https:\/\/objektmobiliar.ch\/"},{"@type":"ListItem","position":2,"name":"M\u00f6bel","item":"https:\/\/objektmobiliar.ch\/moebel\/"},{"@type":"ListItem","position":3,"name":"Polsterm\u00f6bel","item":"https:\/\/objektmobiliar.ch\/moebel\/pflegegerechte-polstermoebel\/"},{"@type":"ListItem","position":4,"name":"Fin"}]},{"@type":"WebSite","@id":"https:\/\/objektmobiliar.ch\/#website","url":"https:\/\/objektmobiliar.ch\/","name":"OZG HEALTHCARE","description":"Mobilier de collectivit\u00e9 pour les soins, les bureaux, les cabinets m\u00e9dicaux et l'h\u00f4tellerie","potentialAction":[{"@type":"SearchAction","target":{"@type":"EntryPoint","urlTemplate":"https:\/\/objektmobiliar.ch\/?s={search_term_string}"},"query-input":{"@type":"PropertyValueSpecification","valueRequired":true,"valueName":"search_term_string"}}],"inLanguage":"fr-FR"}]}},"coauthors":[],"author_meta":{"author_link":"https:\/\/objektmobiliar.ch\/fr\/author\/alex\/","display_name":"Alex"},"relative_dates":{"created":"Publi\u00e9 3 ans il y a","modified":"Mis \u00e0 jour 2 ans il y a"},"absolute_dates":{"created":"Publi\u00e9 le octobre 11, 2023","modified":"Mise \u00e0 jour le ao\u00fbt 27, 2024"},"absolute_dates_time":{"created":"Publi\u00e9 le octobre 11, 2023 3:40 pm","modified":"Mise \u00e0 jour le ao\u00fbt 27, 2024 1:50 pm"},"featured_img_caption":"","featured_img":"https:\/\/objektmobiliar.ch\/wp-content\/uploads\/2023\/10\/fin-sessel-825x510.jpg","series_order":"","_links":{"self":[{"href":"https:\/\/objektmobiliar.ch\/fr\/wp-json\/wp\/v2\/pages\/364","targetHints":{"allow":["GET"]}}],"collection":[{"href":"https:\/\/objektmobiliar.ch\/fr\/wp-json\/wp\/v2\/pages"}],"about":[{"href":"https:\/\/objektmobiliar.ch\/fr\/wp-json\/wp\/v2\/types\/page"}],"author":[{"embeddable":true,"href":"https:\/\/objektmobiliar.ch\/fr\/wp-json\/wp\/v2\/users\/2"}],"replies":[{"embeddable":true,"href":"https:\/\/objektmobiliar.ch\/fr\/wp-json\/wp\/v2\/comments?post=364"}],"version-history":[{"count":12,"href":"https:\/\/objektmobiliar.ch\/fr\/wp-json\/wp\/v2\/pages\/364\/revisions"}],"predecessor-version":[{"id":3843,"href":"https:\/\/objektmobiliar.ch\/fr\/wp-json\/wp\/v2\/pages\/364\/revisions\/3843"}],"up":[{"embeddable":true,"href":"https:\/\/objektmobiliar.ch\/fr\/wp-json\/wp\/v2\/pages\/220"}],"wp:featuredmedia":[{"embeddable":true,"href":"https:\/\/objektmobiliar.ch\/fr\/wp-json\/wp\/v2\/media\/365"}],"wp:attachment":[{"href":"https:\/\/objektmobiliar.ch\/fr\/wp-json\/wp\/v2\/media?parent=364"}],"curies":[{"name":"wp","href":"https:\/\/api.w.org\/{rel}","templated":true}]}}