{"id":354,"date":"2023-10-11T14:58:35","date_gmt":"2023-10-11T14:58:35","guid":{"rendered":"https:\/\/dev.objektmobiliar.ch\/?page_id=354"},"modified":"2024-08-29T08:46:56","modified_gmt":"2024-08-29T08:46:56","slug":"meubles-rembourres-classiques-edmond","status":"publish","type":"page","link":"https:\/\/objektmobiliar.ch\/fr\/moebel\/pflegegerechte-polstermoebel\/klassische-polstermoebel-edmond\/","title":{"rendered":"Edmond"},"content":{"rendered":"<div class=\"lazyblock-produkt-detail-ozg-ZsotXM wp-block-lazyblock-produkt-detail-ozg\"><section class=\"sct\">\r\n      <div class=\"cnt\">\r\n        <div class=\"elmnt-product-desc\">\r\n          <div class=\"product-desc-box\"><img decoding=\"async\" src=\"https:\/\/objektmobiliar.ch\/wp-content\/uploads\/2023\/10\/edmond-sessel.jpg\" loading=\"lazy\" alt=\"\" class=\"product-desc-img\"><\/div>\r\n          <div class=\"product-desc-txt\">\r\n            <h1 class=\"txt-product-headline\">S\u00e9rie EDMOND<\/h1>\r\n            <h2 class=\"txt-product-subline\">Meubles rembourr\u00e9s classiques pour les maisons de retraite<\/h2>\r\n            <div class=\"w-richtext\">\r\n              <p>Les meubles rembourr\u00e9s de la s\u00e9rie EDMOND se distinguent par un design expressif et classique. Cette s\u00e9rie comprend des fauteuils \u00e0 dossier haut, des fauteuils, des canap\u00e9s 2 places et 3 places. Ils offrent tous un excellent confort d'assise qui invite \u00e0 rester plus longtemps.<\/p>\r\n            <\/div>\r\n            <a onclick=\"splite_loader();\" class=\"btn\">Demander un produit<\/a>\r\n          <\/div>\r\n        <\/div>\r\n      <\/div>\r\n    <\/section><\/div>\n\n<div class=\"lazyblock-produkt-slider-ozg-Z6wYVc wp-block-lazyblock-produkt-slider-ozg\"><section class=\"sct\">\r\n  <div class=\"cnt\">\r\n    <div class=\"intro-txt\">\r\n        <h2>Meubles rembourr\u00e9s classiques pour maisons de retraite : mod\u00e8les<\/h2>\r\n    <\/div>\r\n    \r\n    <div class=\"elmnt-similar-products\">\r\n      <div class=\"similar-product\"><img decoding=\"async\" src=\"https:\/\/objektmobiliar.ch\/wp-content\/uploads\/2023\/10\/220-0194_edmond_ohrensessel_winkel-sq.jpg\" loading=\"eager\" alt=\"Fauteuil \u00e0 oreilles Edmond, 220-0194\/S\" class=\"similar-product-img\">\r\n        <div class=\"center\">\r\n          <div class=\"w-richtext\">\r\n            <p><strong>Fauteuil \u00e0 oreilles Edmond<\/strong><br>220-0194\/S<\/p>\r\n          <\/div>\r\n          \r\n        <\/div>\r\n      <\/div>\r\n      <div class=\"similar-product\"><img decoding=\"async\" src=\"https:\/\/objektmobiliar.ch\/wp-content\/uploads\/2023\/10\/220-0151-edmond-2-sq.jpg\" loading=\"eager\" alt=\"Chaise \u00e0 haut dossier Edmond, 220-0151\/S\" class=\"similar-product-img\">\r\n        <div class=\"center\">\r\n          <div class=\"w-richtext\">\r\n            <p><strong>Chaise \u00e0 haut dossier Edmond<\/strong><br>220-0151\/S<\/p>\r\n          <\/div>\r\n          \r\n        <\/div>\r\n      <\/div>\r\n      <div class=\"similar-product\"><img decoding=\"async\" src=\"https:\/\/objektmobiliar.ch\/wp-content\/uploads\/2023\/10\/ozg_zuerich_edmond-w.jpg\" loading=\"eager\" alt=\"Fauteuil \u00e0 oreilles Edmond, 220-0194\/S\" class=\"similar-product-img\">\r\n        <div class=\"center\">\r\n          <div class=\"w-richtext\">\r\n            <p><strong>Fauteuil \u00e0 oreilles Edmond<\/strong><br>220-0194\/S<\/p>\r\n          <\/div>\r\n          \r\n        <\/div>\r\n      <\/div>\r\n      <div class=\"similar-product\"><img decoding=\"async\" src=\"https:\/\/objektmobiliar.ch\/wp-content\/uploads\/2023\/10\/edmond-ohrensofa-2-er-sq-e1724885519692.jpg\" loading=\"eager\" alt=\"Canap\u00e9 \u00e0 oreilles Edmond pour les maisons de soins\" class=\"similar-product-img\">\r\n        <div class=\"center\">\r\n          <div class=\"w-richtext\">\r\n            <p><strong>Canap\u00e9 2 oreilles Edmond<\/strong><br>220-0195\/S<\/p>\r\n          <\/div>\r\n          \r\n        <\/div>\r\n      <\/div>\r\n      <div class=\"similar-product\"><img decoding=\"async\" src=\"https:\/\/objektmobiliar.ch\/wp-content\/uploads\/2023\/10\/edmond-sofa.jpg\" loading=\"eager\" alt=\"Canap\u00e9 3 oreilles Edmond, 220-0196\/S\" class=\"similar-product-img\">\r\n        <div class=\"center\">\r\n          <div class=\"w-richtext\">\r\n            <p><strong>Canap\u00e9 3 oreilles Edmond<\/strong><br>220-0196\/S<\/p>\r\n          <\/div>\r\n          \r\n        <\/div>\r\n      <\/div>\r\n    <\/div>\r\n  <\/div>\r\n  \r\n  <div class=\"cnt narrow\">\r\n    <div class=\"similar-products-nav-pos\">\r\n      <div class=\"w-embed\">\r\n        \r\n      <\/div>\r\n    <\/div>\r\n  <\/div>\r\n<\/section><\/div>\n\n\n<div class=\"wp-block-group\"><div class=\"wp-block-group__inner-container is-layout-constrained wp-block-group-is-layout-constrained\"><section class=\"sct\">\r\n      <div class=\"cnt narrow\">\r\n        <div class=\"introtxt\">\r\n        <div class=\"w-richtext\">\r\n            <h2>Description du produit<\/h2>\r\n        <\/div>\r\n        <\/div>\r\n        \r\n          \n\n\n<figure class=\"wp-block-table is-style-regular\"><table><thead><tr><th>Art. No.<\/th><th>Description<\/th><\/tr><\/thead><tbody><tr><td>220-0160\/S<\/td><td>Fauteuil Edmond<\/td><\/tr><tr><td>220-0161\/S<\/td><td>Canap\u00e9 2 places Edmond<\/td><\/tr><tr><td>220-0162\/S<\/td><td>Canap\u00e9 3 places Edmond<\/td><\/tr><tr><td>220-0151\/S<\/td><td>Chaise \u00e0 haut dossier Edmond<\/td><\/tr><tr><td>220-0163\/S<\/td><td>Canap\u00e9 2 places \u00e0 dossier haut Edmond<\/td><\/tr><tr><td>220-0164\/S<\/td><td>Canap\u00e9 3 places \u00e0 dossier haut Edmond<\/td><\/tr><tr><td>220-0194\/S<\/td><td>Fauteuil \u00e0 oreilles Edmond<\/td><\/tr><tr><td>220-0195\/S<\/td><td>Canap\u00e9 2 oreilles Edmond<\/td><\/tr><tr><td>220-0196\/S<\/td><td>Canap\u00e9 3 oreilles Edmond<\/td><\/tr><tr><td>220-0193\/S<\/td><td>Tabouret Edmond<\/td><\/tr><tr><td>220-0194AA<\/td><td>Supports en bois pour accoudoirs Edmond<\/td><\/tr><\/tbody><\/table><\/figure>\n\n\n<\/div><\/section><\/div><\/div>\n\n\n<div class=\"lazyblock-text-modul-ozg-Z12nkoz wp-block-lazyblock-text-modul-ozg\"><section class=\"sct\">\r\n      <div class=\"cnt narrow\">\r\n        <div class=\"w-richtext\">\r\n            <h2>EDMOND : des meubles rembourr\u00e9s classiques pour les maisons de retraite<\/h2>\n<p>La s\u00e9rie EDMOND comprend des meubles rembourr\u00e9s classiques pour les maisons de retraite, comme des fauteuils, des canap\u00e9s et des tabourets. Les si\u00e8ges sont disponibles avec un dossier normal ou un dossier haut. Vous avez \u00e9galement le choix entre des mod\u00e8les avec ou sans oreilles. Tous les meubles de la s\u00e9rie ont un design intemporel et attrayant qui s'int\u00e8gre bien dans le concept de votre \u00e9tablissement de soins. L'aspect classique donne un sentiment de familiarit\u00e9 et de confort.<\/p>\n<h3>Dossier haut et accoudoirs confortables<\/h3>\n<p>Les fauteuils et canap\u00e9s EDMOND sont sp\u00e9cialement con\u00e7us pour offrir un maximum de confort et tenir compte de l'ergonomie des personnes d\u00e9pendantes. Cela comprend entre autres les dossiers hauts et stables ainsi que les accoudoirs confortables. La hauteur d'assise est choisie de mani\u00e8re \u00e0 faciliter le fait de s'asseoir et de se lever. Les meubles rembourr\u00e9s classiques sont en outre de construction robuste et durable, afin de r\u00e9sister aux sollicitations quotidiennes dans le cadre des soins.<\/p>\n<h3>Grand choix de couleurs et de mat\u00e9riaux<\/h3>\n<p>Choisissez parmi une vari\u00e9t\u00e9 de <a href=\"https:\/\/objektmobiliar.ch\/fr\/inspiration\/materiaux-et-couleurs\/\">Couleurs et mat\u00e9riaux<\/a>Nous vous aidons \u00e0 configurer vos meubles pour qu'ils correspondent exactement \u00e0 votre concept d'am\u00e9nagement. Qu'il s'agisse d'un rev\u00eatement en microfibre, en similicuir ou en cuir, d'une couleur unie ou \u00e0 motifs, nous avons le rev\u00eatement id\u00e9al \u00e0 vous proposer et nous vous conseillons volontiers dans votre choix. Vous pouvez \u00e9galement obtenir les \u00e9l\u00e9ments en bois massif dans la teinte de bois souhait\u00e9e, adapt\u00e9e \u00e0 votre int\u00e9rieur. De plus, les accoudoirs de cette s\u00e9rie classique de meubles rembourr\u00e9s peuvent \u00eatre agr\u00e9ment\u00e9s d'attrayantes garnitures en bois. Ceux-ci sont robustes et facilitent le nettoyage et la d\u00e9sinfection. N'h\u00e9sitez pas \u00e0 nous contacter pour obtenir des conseils.<\/p>\n<p>&nbsp;<\/p>\r\n        <\/div>\r\n      <\/div>\r\n    <\/section><\/div>\n\n\n<p><\/p>\n<style class=\"advgb-styles-renderer\">\r\n            .similar-products-nav li {\r\n              overflow: hidden;\r\n              margin: 0px !important;\r\n              flex-grow: 0 !important;\r\n              flex-shrink: 1 !important;\r\n              flex-basis: 12.5% !important;\r\n              border-style: solid;\r\n              border-width: 2px;\r\n              border-color: transparent;\r\n              border-radius: 8px;\r\n              transition-property: border-color;\r\n              transition-duration: 600ms;\r\n              transition-timing-function: ease;\r\n              cursor: pointer;\r\n            }\r\n            .similar-products-nav li.slick-active {\r\n              border-color: #dde7ef;\r\n            }\r\n            @media screen and (max-width:767px) {\r\n              .similar-products-nav li {\r\n                flex-basis: auto !important;\r\n                border-radius: 8px;\r\n                padding-top: 8px;\r\n                padding-right: 16px;\r\n                padding-bottom: 6px;\r\n                padding-left: 16px;\r\n              }\r\n              .similar-products-nav li.slick-active {\r\n                background-color: #dde7ef;\r\n                transition-property: background-color, border-color;\r\n                transition-duration: 600ms, 200ms;\r\n                transition-timing-function: ease, ease;\r\n                color: #426b8a;\r\n              }\r\n            }\r\n          <\/style>","protected":false},"excerpt":{"rendered":"<p>Die Polsterm\u00f6bel der Serie EDMOND zeichnen sich durch ein aussagekr\u00e4ftiges und klassisch gehaltenes Design aus.<\/p>","protected":false},"author":2,"featured_media":355,"parent":220,"menu_order":0,"comment_status":"closed","ping_status":"closed","template":"","meta":{"advgb_blocks_editor_width":"","advgb_blocks_columns_visual_guide":"","footnotes":""},"class_list":["post-354","page","type-page","status-publish","has-post-thumbnail","hentry"],"yoast_head":"<!-- This site is optimized with the Yoast SEO plugin v27.4 - https:\/\/yoast.com\/product\/yoast-seo-wordpress\/ -->\n<title>Klassische Polsterm\u00f6bel f\u00fcr Seniorenheime - OZG<\/title>\n<meta name=\"description\" content=\"Klassische Polsterm\u00f6bel f\u00fcr Seniorenheime - Die Serie Edmond im klassischen Design umfasst Sessel und Sofas mit und Ohrenbacken.\" \/>\n<meta name=\"robots\" content=\"index, follow, max-snippet:-1, max-image-preview:large, max-video-preview:-1\" \/>\n<link rel=\"canonical\" href=\"https:\/\/objektmobiliar.ch\/fr\/meubles\/meubles-rembourres-faciles-a-entretenir\/meubles-rembourres-classiques-edmond\/\" \/>\n<meta property=\"og:locale\" content=\"fr_FR\" \/>\n<meta property=\"og:type\" content=\"article\" \/>\n<meta property=\"og:title\" content=\"Klassische Polsterm\u00f6bel f\u00fcr Seniorenheime - OZG\" \/>\n<meta property=\"og:description\" content=\"Klassische Polsterm\u00f6bel f\u00fcr Seniorenheime - Die Serie Edmond im klassischen Design umfasst Sessel und Sofas mit und Ohrenbacken.\" \/>\n<meta property=\"og:url\" content=\"https:\/\/objektmobiliar.ch\/fr\/meubles\/meubles-rembourres-faciles-a-entretenir\/meubles-rembourres-classiques-edmond\/\" \/>\n<meta property=\"og:site_name\" content=\"OZG HEALTHCARE\" \/>\n<meta property=\"article:modified_time\" content=\"2024-08-29T08:46:56+00:00\" \/>\n<meta property=\"og:image\" content=\"https:\/\/objektmobiliar.ch\/wp-content\/uploads\/2023\/10\/edmond-sessel.jpg\" \/>\n\t<meta property=\"og:image:width\" content=\"1000\" \/>\n\t<meta property=\"og:image:height\" content=\"1000\" \/>\n\t<meta property=\"og:image:type\" content=\"image\/jpeg\" \/>\n<meta name=\"twitter:card\" content=\"summary_large_image\" \/>\n<meta name=\"twitter:label1\" content=\"Dur\u00e9e de lecture estim\u00e9e\" \/>\n\t<meta name=\"twitter:data1\" content=\"4 minutes\" \/>\n<script type=\"application\/ld+json\" class=\"yoast-schema-graph\">{\"@context\":\"https:\\\/\\\/schema.org\",\"@graph\":[{\"@type\":\"WebPage\",\"@id\":\"https:\\\/\\\/objektmobiliar.ch\\\/moebel\\\/pflegegerechte-polstermoebel\\\/klassische-polstermoebel-edmond\\\/\",\"url\":\"https:\\\/\\\/objektmobiliar.ch\\\/moebel\\\/pflegegerechte-polstermoebel\\\/klassische-polstermoebel-edmond\\\/\",\"name\":\"Klassische Polsterm\u00f6bel f\u00fcr Seniorenheime - OZG\",\"isPartOf\":{\"@id\":\"https:\\\/\\\/objektmobiliar.ch\\\/#website\"},\"primaryImageOfPage\":{\"@id\":\"https:\\\/\\\/objektmobiliar.ch\\\/moebel\\\/pflegegerechte-polstermoebel\\\/klassische-polstermoebel-edmond\\\/#primaryimage\"},\"image\":{\"@id\":\"https:\\\/\\\/objektmobiliar.ch\\\/moebel\\\/pflegegerechte-polstermoebel\\\/klassische-polstermoebel-edmond\\\/#primaryimage\"},\"thumbnailUrl\":\"https:\\\/\\\/objektmobiliar.ch\\\/wp-content\\\/uploads\\\/2023\\\/10\\\/edmond-sessel.jpg\",\"datePublished\":\"2023-10-11T14:58:35+00:00\",\"dateModified\":\"2024-08-29T08:46:56+00:00\",\"description\":\"Klassische Polsterm\u00f6bel f\u00fcr Seniorenheime - Die Serie Edmond im klassischen Design umfasst Sessel und Sofas mit und Ohrenbacken.\",\"breadcrumb\":{\"@id\":\"https:\\\/\\\/objektmobiliar.ch\\\/moebel\\\/pflegegerechte-polstermoebel\\\/klassische-polstermoebel-edmond\\\/#breadcrumb\"},\"inLanguage\":\"fr-FR\",\"potentialAction\":[{\"@type\":\"ReadAction\",\"target\":[\"https:\\\/\\\/objektmobiliar.ch\\\/moebel\\\/pflegegerechte-polstermoebel\\\/klassische-polstermoebel-edmond\\\/\"]}]},{\"@type\":\"ImageObject\",\"inLanguage\":\"fr-FR\",\"@id\":\"https:\\\/\\\/objektmobiliar.ch\\\/moebel\\\/pflegegerechte-polstermoebel\\\/klassische-polstermoebel-edmond\\\/#primaryimage\",\"url\":\"https:\\\/\\\/objektmobiliar.ch\\\/wp-content\\\/uploads\\\/2023\\\/10\\\/edmond-sessel.jpg\",\"contentUrl\":\"https:\\\/\\\/objektmobiliar.ch\\\/wp-content\\\/uploads\\\/2023\\\/10\\\/edmond-sessel.jpg\",\"width\":1000,\"height\":1000,\"caption\":\"Klassischer Sessel f\u00fcr Seniorenresidenzen - Edmond\"},{\"@type\":\"BreadcrumbList\",\"@id\":\"https:\\\/\\\/objektmobiliar.ch\\\/moebel\\\/pflegegerechte-polstermoebel\\\/klassische-polstermoebel-edmond\\\/#breadcrumb\",\"itemListElement\":[{\"@type\":\"ListItem\",\"position\":1,\"name\":\"Startseite\",\"item\":\"https:\\\/\\\/objektmobiliar.ch\\\/\"},{\"@type\":\"ListItem\",\"position\":2,\"name\":\"M\u00f6bel\",\"item\":\"https:\\\/\\\/objektmobiliar.ch\\\/moebel\\\/\"},{\"@type\":\"ListItem\",\"position\":3,\"name\":\"Polsterm\u00f6bel\",\"item\":\"https:\\\/\\\/objektmobiliar.ch\\\/moebel\\\/pflegegerechte-polstermoebel\\\/\"},{\"@type\":\"ListItem\",\"position\":4,\"name\":\"Edmond\"}]},{\"@type\":\"WebSite\",\"@id\":\"https:\\\/\\\/objektmobiliar.ch\\\/#website\",\"url\":\"https:\\\/\\\/objektmobiliar.ch\\\/\",\"name\":\"OZG HEALTHCARE\",\"description\":\"Objektmobiliar f\u00fcr Pflege, B\u00fcro, Praxis &amp; Hotellerie\",\"potentialAction\":[{\"@type\":\"SearchAction\",\"target\":{\"@type\":\"EntryPoint\",\"urlTemplate\":\"https:\\\/\\\/objektmobiliar.ch\\\/?s={search_term_string}\"},\"query-input\":{\"@type\":\"PropertyValueSpecification\",\"valueRequired\":true,\"valueName\":\"search_term_string\"}}],\"inLanguage\":\"fr-FR\"}]}<\/script>\n<!-- \/ Yoast SEO plugin. -->","yoast_head_json":{"title":"Meubles rembourr\u00e9s classiques pour les maisons de retraite - OZG","description":"Meubles rembourr\u00e9s classiques pour les maisons de retraite - La s\u00e9rie Edmond au design classique comprend des fauteuils et des canap\u00e9s avec et sans oreilles.","robots":{"index":"index","follow":"follow","max-snippet":"max-snippet:-1","max-image-preview":"max-image-preview:large","max-video-preview":"max-video-preview:-1"},"canonical":"https:\/\/objektmobiliar.ch\/fr\/meubles\/meubles-rembourres-faciles-a-entretenir\/meubles-rembourres-classiques-edmond\/","og_locale":"fr_FR","og_type":"article","og_title":"Klassische Polsterm\u00f6bel f\u00fcr Seniorenheime - OZG","og_description":"Klassische Polsterm\u00f6bel f\u00fcr Seniorenheime - Die Serie Edmond im klassischen Design umfasst Sessel und Sofas mit und Ohrenbacken.","og_url":"https:\/\/objektmobiliar.ch\/fr\/meubles\/meubles-rembourres-faciles-a-entretenir\/meubles-rembourres-classiques-edmond\/","og_site_name":"OZG HEALTHCARE","article_modified_time":"2024-08-29T08:46:56+00:00","og_image":[{"width":1000,"height":1000,"url":"https:\/\/objektmobiliar.ch\/wp-content\/uploads\/2023\/10\/edmond-sessel.jpg","type":"image\/jpeg"}],"twitter_card":"summary_large_image","twitter_misc":{"Dur\u00e9e de lecture estim\u00e9e":"4 minutes"},"schema":{"@context":"https:\/\/schema.org","@graph":[{"@type":"WebPage","@id":"https:\/\/objektmobiliar.ch\/moebel\/pflegegerechte-polstermoebel\/klassische-polstermoebel-edmond\/","url":"https:\/\/objektmobiliar.ch\/moebel\/pflegegerechte-polstermoebel\/klassische-polstermoebel-edmond\/","name":"Meubles rembourr\u00e9s classiques pour les maisons de retraite - OZG","isPartOf":{"@id":"https:\/\/objektmobiliar.ch\/#website"},"primaryImageOfPage":{"@id":"https:\/\/objektmobiliar.ch\/moebel\/pflegegerechte-polstermoebel\/klassische-polstermoebel-edmond\/#primaryimage"},"image":{"@id":"https:\/\/objektmobiliar.ch\/moebel\/pflegegerechte-polstermoebel\/klassische-polstermoebel-edmond\/#primaryimage"},"thumbnailUrl":"https:\/\/objektmobiliar.ch\/wp-content\/uploads\/2023\/10\/edmond-sessel.jpg","datePublished":"2023-10-11T14:58:35+00:00","dateModified":"2024-08-29T08:46:56+00:00","description":"Meubles rembourr\u00e9s classiques pour les maisons de retraite - La s\u00e9rie Edmond au design classique comprend des fauteuils et des canap\u00e9s avec et sans oreilles.","breadcrumb":{"@id":"https:\/\/objektmobiliar.ch\/moebel\/pflegegerechte-polstermoebel\/klassische-polstermoebel-edmond\/#breadcrumb"},"inLanguage":"fr-FR","potentialAction":[{"@type":"ReadAction","target":["https:\/\/objektmobiliar.ch\/moebel\/pflegegerechte-polstermoebel\/klassische-polstermoebel-edmond\/"]}]},{"@type":"ImageObject","inLanguage":"fr-FR","@id":"https:\/\/objektmobiliar.ch\/moebel\/pflegegerechte-polstermoebel\/klassische-polstermoebel-edmond\/#primaryimage","url":"https:\/\/objektmobiliar.ch\/wp-content\/uploads\/2023\/10\/edmond-sessel.jpg","contentUrl":"https:\/\/objektmobiliar.ch\/wp-content\/uploads\/2023\/10\/edmond-sessel.jpg","width":1000,"height":1000,"caption":"Klassischer Sessel f\u00fcr Seniorenresidenzen - Edmond"},{"@type":"BreadcrumbList","@id":"https:\/\/objektmobiliar.ch\/moebel\/pflegegerechte-polstermoebel\/klassische-polstermoebel-edmond\/#breadcrumb","itemListElement":[{"@type":"ListItem","position":1,"name":"Startseite","item":"https:\/\/objektmobiliar.ch\/"},{"@type":"ListItem","position":2,"name":"M\u00f6bel","item":"https:\/\/objektmobiliar.ch\/moebel\/"},{"@type":"ListItem","position":3,"name":"Polsterm\u00f6bel","item":"https:\/\/objektmobiliar.ch\/moebel\/pflegegerechte-polstermoebel\/"},{"@type":"ListItem","position":4,"name":"Edmond"}]},{"@type":"WebSite","@id":"https:\/\/objektmobiliar.ch\/#website","url":"https:\/\/objektmobiliar.ch\/","name":"OZG HEALTHCARE","description":"Mobilier de collectivit\u00e9 pour les soins, les bureaux, les cabinets m\u00e9dicaux et l'h\u00f4tellerie","potentialAction":[{"@type":"SearchAction","target":{"@type":"EntryPoint","urlTemplate":"https:\/\/objektmobiliar.ch\/?s={search_term_string}"},"query-input":{"@type":"PropertyValueSpecification","valueRequired":true,"valueName":"search_term_string"}}],"inLanguage":"fr-FR"}]}},"coauthors":[],"author_meta":{"author_link":"https:\/\/objektmobiliar.ch\/fr\/author\/alex\/","display_name":"Alex"},"relative_dates":{"created":"Publi\u00e9 3 ans il y a","modified":"Mis \u00e0 jour 2 ans il y a"},"absolute_dates":{"created":"Publi\u00e9 le octobre 11, 2023","modified":"Mise \u00e0 jour le ao\u00fbt 29, 2024"},"absolute_dates_time":{"created":"Publi\u00e9 le octobre 11, 2023 2:58 pm","modified":"Mise \u00e0 jour le ao\u00fbt 29, 2024 8:46 am"},"featured_img_caption":"","featured_img":"https:\/\/objektmobiliar.ch\/wp-content\/uploads\/2023\/10\/edmond-sessel-825x510.jpg","series_order":"","_links":{"self":[{"href":"https:\/\/objektmobiliar.ch\/fr\/wp-json\/wp\/v2\/pages\/354","targetHints":{"allow":["GET"]}}],"collection":[{"href":"https:\/\/objektmobiliar.ch\/fr\/wp-json\/wp\/v2\/pages"}],"about":[{"href":"https:\/\/objektmobiliar.ch\/fr\/wp-json\/wp\/v2\/types\/page"}],"author":[{"embeddable":true,"href":"https:\/\/objektmobiliar.ch\/fr\/wp-json\/wp\/v2\/users\/2"}],"replies":[{"embeddable":true,"href":"https:\/\/objektmobiliar.ch\/fr\/wp-json\/wp\/v2\/comments?post=354"}],"version-history":[{"count":19,"href":"https:\/\/objektmobiliar.ch\/fr\/wp-json\/wp\/v2\/pages\/354\/revisions"}],"predecessor-version":[{"id":3918,"href":"https:\/\/objektmobiliar.ch\/fr\/wp-json\/wp\/v2\/pages\/354\/revisions\/3918"}],"up":[{"embeddable":true,"href":"https:\/\/objektmobiliar.ch\/fr\/wp-json\/wp\/v2\/pages\/220"}],"wp:featuredmedia":[{"embeddable":true,"href":"https:\/\/objektmobiliar.ch\/fr\/wp-json\/wp\/v2\/media\/355"}],"wp:attachment":[{"href":"https:\/\/objektmobiliar.ch\/fr\/wp-json\/wp\/v2\/media?parent=354"}],"curies":[{"name":"wp","href":"https:\/\/api.w.org\/{rel}","templated":true}]}}