{"id":350,"date":"2023-10-11T14:37:54","date_gmt":"2023-10-11T14:37:54","guid":{"rendered":"https:\/\/dev.objektmobiliar.ch\/?page_id=350"},"modified":"2024-09-02T11:43:13","modified_gmt":"2024-09-02T11:43:13","slug":"canape-confortable-avec-accoudoirs","status":"publish","type":"page","link":"https:\/\/objektmobiliar.ch\/fr\/moebel\/pflegegerechte-polstermoebel\/komfortables-sofa-mit-armlehnen\/","title":{"rendered":"Canap\u00e9 Dora"},"content":{"rendered":"<div class=\"lazyblock-produkt-detail-ozg-wteAx wp-block-lazyblock-produkt-detail-ozg\"><section class=\"sct\">\r\n      <div class=\"cnt\">\r\n        <div class=\"elmnt-product-desc\">\r\n          <div class=\"product-desc-box\"><img decoding=\"async\" src=\"https:\/\/objektmobiliar.ch\/wp-content\/uploads\/2023\/10\/dora-sofa.jpg\" loading=\"lazy\" alt=\"\" class=\"product-desc-img\"><\/div>\r\n          <div class=\"product-desc-txt\">\r\n            <h1 class=\"txt-product-headline\">DORA SOFA<\/h1>\r\n            <h2 class=\"txt-product-subline\">Le canap\u00e9 confortable avec accoudoirs<\/h2>\r\n            <div class=\"w-richtext\">\r\n              <p>Avec ses lignes g\u00e9n\u00e9reuses et accueillantes, ce confortable canap\u00e9 deux places s'int\u00e8gre dans n'importe quelle pi\u00e8ce, avec un style qui semble en avance sur son temps. Le dossier haut ainsi que les accoudoirs invitent \u00e0 s'asseoir confortablement et de mani\u00e8re d\u00e9tendue.<\/p>\n<p>Dora est disponible en divers coloris et mat\u00e9riaux, en canap\u00e9 2 places ainsi qu'en fauteuil lounge.<\/p>\r\n            <\/div>\r\n            <a onclick=\"splite_loader();\" class=\"btn\">Demander un produit<\/a>\r\n          <\/div>\r\n        <\/div>\r\n      <\/div>\r\n    <\/section><\/div>\n\n<div class=\"lazyblock-produkt-slider-ozg-1pFAg4 wp-block-lazyblock-produkt-slider-ozg\"><section class=\"sct\">\r\n  <div class=\"cnt semi\">\r\n    <div class=\"intro-txt\">\r\n        <h2>Mod\u00e8les et versions<\/h2>\r\n    <\/div>\r\n    \r\n    <div class=\"elmnt-similar-products\">\r\n      <div class=\"similar-product\"><img decoding=\"async\" src=\"https:\/\/objektmobiliar.ch\/wp-content\/uploads\/2023\/10\/dora-sessel.jpg\" loading=\"eager\" alt=\"Dora - Si\u00e8ge extravagant avec accoudoirs\" class=\"similar-product-img\">\r\n        <div class=\"center\">\r\n          <div class=\"w-richtext\">\r\n            <p><strong>Fauteuil Dora<\/strong><br>220-0570\/S<\/p>\r\n          <\/div>\r\n          <a href=\"https:\/\/objektmobiliar.ch\/fr\/meubles\/meubles-rembourres-faciles-a-entretenir\/fauteuil-confortable-avec-accoudoirs\/\" class=\"btn similarproducts\">Passer au produit<\/a>\r\n        <\/div>\r\n      <\/div>\r\n      <div class=\"similar-product\"><img decoding=\"async\" src=\"https:\/\/objektmobiliar.ch\/wp-content\/uploads\/2023\/10\/dora-sessel-02.jpg\" loading=\"eager\" alt=\"Dora - Si\u00e8ge extravagant avec accoudoirs\" class=\"similar-product-img\">\r\n        <div class=\"center\">\r\n          <div class=\"w-richtext\">\r\n            <p><strong>Fauteuil Dora<\/strong><br>220-0570\/S<\/p>\r\n          <\/div>\r\n          \r\n        <\/div>\r\n      <\/div>\r\n      <div class=\"similar-product\"><img decoding=\"async\" src=\"https:\/\/objektmobiliar.ch\/wp-content\/uploads\/2023\/10\/dora-sofa.jpg\" loading=\"eager\" alt=\"Dora Sofa - Canap\u00e9 extravagant avec accoudoirs\" class=\"similar-product-img\">\r\n        <div class=\"center\">\r\n          <div class=\"w-richtext\">\r\n            <p><strong>Canap\u00e9 2 places Dora<\/strong><br>220-0571\/S<\/p>\r\n          <\/div>\r\n          <a href=\"https:\/\/objektmobiliar.ch\/fr\/meubles\/meubles-rembourres-faciles-a-entretenir\/canape-confortable-avec-accoudoirs\/\" class=\"btn similarproducts\">Passer au produit<\/a>\r\n        <\/div>\r\n      <\/div>\r\n    <\/div>\r\n  <\/div>\r\n  \r\n  <div class=\"cnt narrow\">\r\n    <div class=\"similar-products-nav-pos\">\r\n      <div class=\"w-embed\">\r\n        \r\n      <\/div>\r\n    <\/div>\r\n  <\/div>\r\n<\/section><\/div>\n\n\n<div class=\"wp-block-group\"><div class=\"wp-block-group__inner-container is-layout-constrained wp-block-group-is-layout-constrained\"><section class=\"sct\">\r\n      <div class=\"cnt narrow\">\r\n        <div class=\"introtxt\">\r\n        <div class=\"w-richtext\">\r\n            \r\n        <\/div>\r\n        <\/div>\r\n        \r\n          \n\n\n<figure class=\"wp-block-table is-style-regular\"><table><thead><tr><th>Art. No.<\/th><th>Description<\/th><th><\/th><\/tr><\/thead><tbody><tr><td>220-0570\/S<\/td><td>Fauteuil Dora<\/td><td><a href=\"https:\/\/objektmobiliar.ch\/fr\/meubles\/meubles-rembourres-faciles-a-entretenir\/fauteuil-confortable-avec-accoudoirs\/\">Passer au produit<\/a><\/td><\/tr><tr><td>220-0571\/S<\/td><td>Canap\u00e9 2 places Dora<\/td><td><a href=\"https:\/\/objektmobiliar.ch\/fr\/meubles\/meubles-rembourres-faciles-a-entretenir\/canape-confortable-avec-accoudoirs\/\">Passer au produit<\/a><\/td><\/tr><\/tbody><\/table><\/figure>\n\n\n<\/div><\/section><\/div><\/div>\n\n\n<div class=\"lazyblock-text-modul-ozg-13O3Ik wp-block-lazyblock-text-modul-ozg\"><section class=\"sct\">\r\n      <div class=\"cnt narrow\">\r\n        <div class=\"w-richtext\">\r\n            <h2>Canap\u00e9 Dora<\/h2>\n<h3>Canap\u00e9 confortable avec accoudoirs<\/h3>\n<p>Le canap\u00e9 confortable avec accoudoirs offre un confort optimal et s'int\u00e8gre parfaitement dans chaque pi\u00e8ce d'un \u00e9tablissement de soins gr\u00e2ce \u00e0 ses lignes g\u00e9n\u00e9reuses et accueillantes. Avec son design intemporel, il conf\u00e8re aux salles de s\u00e9jour et aux espaces communs une note moderne tout en \u00e9tant confortable. Le dossier haut favorise une assise ergonomique et assure un soutien agr\u00e9able, en particulier pour les r\u00e9sidents \u00e2g\u00e9s. Les accoudoirs confortables invitent non seulement \u00e0 se d\u00e9tendre, mais aident \u00e9galement \u00e0 se lever - une caract\u00e9ristique pr\u00e9cieuse pour les \u00e9tablissements de soins. De plus, Dora est \u00e9galement disponible en fauteuil lounge, ce qui permet de cr\u00e9er un ameublement harmonieux.<\/p>\n<h3>Couleurs et mat\u00e9riaux : la diversit\u00e9 pour une conception individuelle<\/h3>\n<p>Le canap\u00e9 confortable avec accoudoirs offre un large choix de couleurs et de mat\u00e9riaux qui vous permettent d'adapter parfaitement le meuble au concept d'am\u00e9nagement de votre \u00e9tablissement de soins. Pour les rev\u00eatements, vous avez le choix entre la microfibre, le similicuir et le cuir v\u00e9ritable - des mat\u00e9riaux non seulement esth\u00e9tiques, mais aussi robustes et faciles \u00e0 entretenir, id\u00e9aux pour une utilisation quotidienne dans les maisons de retraite, les maisons de soins et les maisons de repos. Les pieds stables du canap\u00e9 sont fabriqu\u00e9s en bois massif de haute qualit\u00e9 et sont disponibles en diff\u00e9rentes essences de bois ou teintes de bois, de sorte qu'ils s'int\u00e8grent harmonieusement dans chaque concept d'espace. Notre \u00e9quipe d'experts se fera un plaisir de vous conseiller personnellement afin de trouver la combinaison parfaite de couleurs et de mat\u00e9riaux pour votre int\u00e9rieur. Plus d'informations sur le th\u00e8me <a href=\"https:\/\/objektmobiliar.ch\/fr\/inspiration\/materiaux-et-couleurs\/\">Mat\u00e9riaux et couleurs<\/a> sont \u00e9galement disponibles sur notre site web.<\/p>\r\n        <\/div>\r\n      <\/div>\r\n    <\/section><\/div><style class=\"advgb-styles-renderer\">\r\n            .similar-products-nav li {\r\n              overflow: hidden;\r\n              margin: 0px !important;\r\n              flex-grow: 0 !important;\r\n              flex-shrink: 1 !important;\r\n              flex-basis: 12.5% !important;\r\n              border-style: solid;\r\n              border-width: 2px;\r\n              border-color: transparent;\r\n              border-radius: 8px;\r\n              transition-property: border-color;\r\n              transition-duration: 600ms;\r\n              transition-timing-function: ease;\r\n              cursor: pointer;\r\n            }\r\n            .similar-products-nav li.slick-active {\r\n              border-color: #dde7ef;\r\n            }\r\n            @media screen and (max-width:767px) {\r\n              .similar-products-nav li {\r\n                flex-basis: auto !important;\r\n                border-radius: 8px;\r\n                padding-top: 8px;\r\n                padding-right: 16px;\r\n                padding-bottom: 6px;\r\n                padding-left: 16px;\r\n              }\r\n              .similar-products-nav li.slick-active {\r\n                background-color: #dde7ef;\r\n                transition-property: background-color, border-color;\r\n                transition-duration: 600ms, 200ms;\r\n                transition-timing-function: ease, ease;\r\n                color: #426b8a;\r\n              }\r\n            }\r\n          <\/style>","protected":false},"excerpt":{"rendered":"<p>Avec ses lignes g\u00e9n\u00e9reuses et accueillantes, cet extravagant canap\u00e9 deux places s'int\u00e8gre dans n'importe quelle pi\u00e8ce, avec un style qui semble en avance sur son temps.<\/p>","protected":false},"author":7,"featured_media":345,"parent":220,"menu_order":0,"comment_status":"closed","ping_status":"closed","template":"","meta":{"advgb_blocks_editor_width":"","advgb_blocks_columns_visual_guide":"","footnotes":""},"class_list":["post-350","page","type-page","status-publish","has-post-thumbnail","hentry"],"yoast_head":"<!-- This site is optimized with the Yoast SEO plugin v27.4 - https:\/\/yoast.com\/product\/yoast-seo-wordpress\/ -->\n<title>Das komfortable Sofa mit Armlehnen - Dora bei OZG<\/title>\n<meta name=\"description\" content=\"Das komfortable Sofa mit Armlehnen l\u00e4dt zum gem\u00fctlichen und entspannten Sitzen in der Pflegeeinrichtung ein.\" \/>\n<meta name=\"robots\" content=\"index, follow, max-snippet:-1, max-image-preview:large, max-video-preview:-1\" \/>\n<link rel=\"canonical\" href=\"https:\/\/objektmobiliar.ch\/fr\/meubles\/meubles-rembourres-faciles-a-entretenir\/canape-confortable-avec-accoudoirs\/\" \/>\n<meta property=\"og:locale\" content=\"fr_FR\" \/>\n<meta property=\"og:type\" content=\"article\" \/>\n<meta property=\"og:title\" content=\"Das komfortable Sofa mit Armlehnen - Dora bei OZG\" \/>\n<meta property=\"og:description\" content=\"Das komfortable Sofa mit Armlehnen l\u00e4dt zum gem\u00fctlichen und entspannten Sitzen in der Pflegeeinrichtung ein.\" \/>\n<meta property=\"og:url\" content=\"https:\/\/objektmobiliar.ch\/fr\/meubles\/meubles-rembourres-faciles-a-entretenir\/canape-confortable-avec-accoudoirs\/\" \/>\n<meta property=\"og:site_name\" content=\"OZG HEALTHCARE\" \/>\n<meta property=\"article:modified_time\" content=\"2024-09-02T11:43:13+00:00\" \/>\n<meta property=\"og:image\" content=\"https:\/\/objektmobiliar.ch\/wp-content\/uploads\/2023\/10\/dora-sofa.jpg\" \/>\n\t<meta property=\"og:image:width\" content=\"1000\" \/>\n\t<meta property=\"og:image:height\" content=\"1000\" \/>\n\t<meta property=\"og:image:type\" content=\"image\/jpeg\" \/>\n<meta name=\"twitter:card\" content=\"summary_large_image\" \/>\n<meta name=\"twitter:label1\" content=\"Dur\u00e9e de lecture estim\u00e9e\" \/>\n\t<meta name=\"twitter:data1\" content=\"2 minutes\" \/>\n<script type=\"application\/ld+json\" class=\"yoast-schema-graph\">{\"@context\":\"https:\\\/\\\/schema.org\",\"@graph\":[{\"@type\":\"WebPage\",\"@id\":\"https:\\\/\\\/objektmobiliar.ch\\\/moebel\\\/pflegegerechte-polstermoebel\\\/komfortables-sofa-mit-armlehnen\\\/\",\"url\":\"https:\\\/\\\/objektmobiliar.ch\\\/moebel\\\/pflegegerechte-polstermoebel\\\/komfortables-sofa-mit-armlehnen\\\/\",\"name\":\"Das komfortable Sofa mit Armlehnen - Dora bei OZG\",\"isPartOf\":{\"@id\":\"https:\\\/\\\/objektmobiliar.ch\\\/#website\"},\"primaryImageOfPage\":{\"@id\":\"https:\\\/\\\/objektmobiliar.ch\\\/moebel\\\/pflegegerechte-polstermoebel\\\/komfortables-sofa-mit-armlehnen\\\/#primaryimage\"},\"image\":{\"@id\":\"https:\\\/\\\/objektmobiliar.ch\\\/moebel\\\/pflegegerechte-polstermoebel\\\/komfortables-sofa-mit-armlehnen\\\/#primaryimage\"},\"thumbnailUrl\":\"https:\\\/\\\/objektmobiliar.ch\\\/wp-content\\\/uploads\\\/2023\\\/10\\\/dora-sofa.jpg\",\"datePublished\":\"2023-10-11T14:37:54+00:00\",\"dateModified\":\"2024-09-02T11:43:13+00:00\",\"description\":\"Das komfortable Sofa mit Armlehnen l\u00e4dt zum gem\u00fctlichen und entspannten Sitzen in der Pflegeeinrichtung ein.\",\"breadcrumb\":{\"@id\":\"https:\\\/\\\/objektmobiliar.ch\\\/moebel\\\/pflegegerechte-polstermoebel\\\/komfortables-sofa-mit-armlehnen\\\/#breadcrumb\"},\"inLanguage\":\"fr-FR\",\"potentialAction\":[{\"@type\":\"ReadAction\",\"target\":[\"https:\\\/\\\/objektmobiliar.ch\\\/moebel\\\/pflegegerechte-polstermoebel\\\/komfortables-sofa-mit-armlehnen\\\/\"]}]},{\"@type\":\"ImageObject\",\"inLanguage\":\"fr-FR\",\"@id\":\"https:\\\/\\\/objektmobiliar.ch\\\/moebel\\\/pflegegerechte-polstermoebel\\\/komfortables-sofa-mit-armlehnen\\\/#primaryimage\",\"url\":\"https:\\\/\\\/objektmobiliar.ch\\\/wp-content\\\/uploads\\\/2023\\\/10\\\/dora-sofa.jpg\",\"contentUrl\":\"https:\\\/\\\/objektmobiliar.ch\\\/wp-content\\\/uploads\\\/2023\\\/10\\\/dora-sofa.jpg\",\"width\":1000,\"height\":1000,\"caption\":\"Dora Sofa - Extravagantes Sofa mit Armlehnen\"},{\"@type\":\"BreadcrumbList\",\"@id\":\"https:\\\/\\\/objektmobiliar.ch\\\/moebel\\\/pflegegerechte-polstermoebel\\\/komfortables-sofa-mit-armlehnen\\\/#breadcrumb\",\"itemListElement\":[{\"@type\":\"ListItem\",\"position\":1,\"name\":\"Startseite\",\"item\":\"https:\\\/\\\/objektmobiliar.ch\\\/\"},{\"@type\":\"ListItem\",\"position\":2,\"name\":\"M\u00f6bel\",\"item\":\"https:\\\/\\\/objektmobiliar.ch\\\/moebel\\\/\"},{\"@type\":\"ListItem\",\"position\":3,\"name\":\"Polsterm\u00f6bel\",\"item\":\"https:\\\/\\\/objektmobiliar.ch\\\/moebel\\\/pflegegerechte-polstermoebel\\\/\"},{\"@type\":\"ListItem\",\"position\":4,\"name\":\"Dora Sofa\"}]},{\"@type\":\"WebSite\",\"@id\":\"https:\\\/\\\/objektmobiliar.ch\\\/#website\",\"url\":\"https:\\\/\\\/objektmobiliar.ch\\\/\",\"name\":\"OZG HEALTHCARE\",\"description\":\"Objektmobiliar f\u00fcr Pflege, B\u00fcro, Praxis &amp; Hotellerie\",\"potentialAction\":[{\"@type\":\"SearchAction\",\"target\":{\"@type\":\"EntryPoint\",\"urlTemplate\":\"https:\\\/\\\/objektmobiliar.ch\\\/?s={search_term_string}\"},\"query-input\":{\"@type\":\"PropertyValueSpecification\",\"valueRequired\":true,\"valueName\":\"search_term_string\"}}],\"inLanguage\":\"fr-FR\"}]}<\/script>\n<!-- \/ Yoast SEO plugin. -->","yoast_head_json":{"title":"Le canap\u00e9 confortable avec accoudoirs - Dora chez OZG","description":"Le canap\u00e9 confortable avec accoudoirs invite \u00e0 s'asseoir confortablement et de mani\u00e8re d\u00e9tendue dans l'\u00e9tablissement de soins.","robots":{"index":"index","follow":"follow","max-snippet":"max-snippet:-1","max-image-preview":"max-image-preview:large","max-video-preview":"max-video-preview:-1"},"canonical":"https:\/\/objektmobiliar.ch\/fr\/meubles\/meubles-rembourres-faciles-a-entretenir\/canape-confortable-avec-accoudoirs\/","og_locale":"fr_FR","og_type":"article","og_title":"Das komfortable Sofa mit Armlehnen - Dora bei OZG","og_description":"Das komfortable Sofa mit Armlehnen l\u00e4dt zum gem\u00fctlichen und entspannten Sitzen in der Pflegeeinrichtung ein.","og_url":"https:\/\/objektmobiliar.ch\/fr\/meubles\/meubles-rembourres-faciles-a-entretenir\/canape-confortable-avec-accoudoirs\/","og_site_name":"OZG HEALTHCARE","article_modified_time":"2024-09-02T11:43:13+00:00","og_image":[{"width":1000,"height":1000,"url":"https:\/\/objektmobiliar.ch\/wp-content\/uploads\/2023\/10\/dora-sofa.jpg","type":"image\/jpeg"}],"twitter_card":"summary_large_image","twitter_misc":{"Dur\u00e9e de lecture estim\u00e9e":"2 minutes"},"schema":{"@context":"https:\/\/schema.org","@graph":[{"@type":"WebPage","@id":"https:\/\/objektmobiliar.ch\/moebel\/pflegegerechte-polstermoebel\/komfortables-sofa-mit-armlehnen\/","url":"https:\/\/objektmobiliar.ch\/moebel\/pflegegerechte-polstermoebel\/komfortables-sofa-mit-armlehnen\/","name":"Le canap\u00e9 confortable avec accoudoirs - Dora chez OZG","isPartOf":{"@id":"https:\/\/objektmobiliar.ch\/#website"},"primaryImageOfPage":{"@id":"https:\/\/objektmobiliar.ch\/moebel\/pflegegerechte-polstermoebel\/komfortables-sofa-mit-armlehnen\/#primaryimage"},"image":{"@id":"https:\/\/objektmobiliar.ch\/moebel\/pflegegerechte-polstermoebel\/komfortables-sofa-mit-armlehnen\/#primaryimage"},"thumbnailUrl":"https:\/\/objektmobiliar.ch\/wp-content\/uploads\/2023\/10\/dora-sofa.jpg","datePublished":"2023-10-11T14:37:54+00:00","dateModified":"2024-09-02T11:43:13+00:00","description":"Le canap\u00e9 confortable avec accoudoirs invite \u00e0 s'asseoir confortablement et de mani\u00e8re d\u00e9tendue dans l'\u00e9tablissement de soins.","breadcrumb":{"@id":"https:\/\/objektmobiliar.ch\/moebel\/pflegegerechte-polstermoebel\/komfortables-sofa-mit-armlehnen\/#breadcrumb"},"inLanguage":"fr-FR","potentialAction":[{"@type":"ReadAction","target":["https:\/\/objektmobiliar.ch\/moebel\/pflegegerechte-polstermoebel\/komfortables-sofa-mit-armlehnen\/"]}]},{"@type":"ImageObject","inLanguage":"fr-FR","@id":"https:\/\/objektmobiliar.ch\/moebel\/pflegegerechte-polstermoebel\/komfortables-sofa-mit-armlehnen\/#primaryimage","url":"https:\/\/objektmobiliar.ch\/wp-content\/uploads\/2023\/10\/dora-sofa.jpg","contentUrl":"https:\/\/objektmobiliar.ch\/wp-content\/uploads\/2023\/10\/dora-sofa.jpg","width":1000,"height":1000,"caption":"Dora Sofa - Extravagantes Sofa mit Armlehnen"},{"@type":"BreadcrumbList","@id":"https:\/\/objektmobiliar.ch\/moebel\/pflegegerechte-polstermoebel\/komfortables-sofa-mit-armlehnen\/#breadcrumb","itemListElement":[{"@type":"ListItem","position":1,"name":"Startseite","item":"https:\/\/objektmobiliar.ch\/"},{"@type":"ListItem","position":2,"name":"M\u00f6bel","item":"https:\/\/objektmobiliar.ch\/moebel\/"},{"@type":"ListItem","position":3,"name":"Polsterm\u00f6bel","item":"https:\/\/objektmobiliar.ch\/moebel\/pflegegerechte-polstermoebel\/"},{"@type":"ListItem","position":4,"name":"Dora Sofa"}]},{"@type":"WebSite","@id":"https:\/\/objektmobiliar.ch\/#website","url":"https:\/\/objektmobiliar.ch\/","name":"OZG HEALTHCARE","description":"Mobilier de collectivit\u00e9 pour les soins, les bureaux, les cabinets m\u00e9dicaux et l'h\u00f4tellerie","potentialAction":[{"@type":"SearchAction","target":{"@type":"EntryPoint","urlTemplate":"https:\/\/objektmobiliar.ch\/?s={search_term_string}"},"query-input":{"@type":"PropertyValueSpecification","valueRequired":true,"valueName":"search_term_string"}}],"inLanguage":"fr-FR"}]}},"coauthors":[],"author_meta":{"author_link":"https:\/\/objektmobiliar.ch\/fr\/author\/henni\/","display_name":"Henriette Saade"},"relative_dates":{"created":"Publi\u00e9 3 ans il y a","modified":"Mis \u00e0 jour 2 ans il y a"},"absolute_dates":{"created":"Publi\u00e9 le octobre 11, 2023","modified":"Mise \u00e0 jour le septembre 2, 2024"},"absolute_dates_time":{"created":"Publi\u00e9 le octobre 11, 2023 2:37 pm","modified":"Mise \u00e0 jour le septembre 2, 2024 11:43 am"},"featured_img_caption":"","featured_img":"https:\/\/objektmobiliar.ch\/wp-content\/uploads\/2023\/10\/dora-sofa-825x510.jpg","series_order":"","_links":{"self":[{"href":"https:\/\/objektmobiliar.ch\/fr\/wp-json\/wp\/v2\/pages\/350","targetHints":{"allow":["GET"]}}],"collection":[{"href":"https:\/\/objektmobiliar.ch\/fr\/wp-json\/wp\/v2\/pages"}],"about":[{"href":"https:\/\/objektmobiliar.ch\/fr\/wp-json\/wp\/v2\/types\/page"}],"author":[{"embeddable":true,"href":"https:\/\/objektmobiliar.ch\/fr\/wp-json\/wp\/v2\/users\/7"}],"replies":[{"embeddable":true,"href":"https:\/\/objektmobiliar.ch\/fr\/wp-json\/wp\/v2\/comments?post=350"}],"version-history":[{"count":6,"href":"https:\/\/objektmobiliar.ch\/fr\/wp-json\/wp\/v2\/pages\/350\/revisions"}],"predecessor-version":[{"id":4069,"href":"https:\/\/objektmobiliar.ch\/fr\/wp-json\/wp\/v2\/pages\/350\/revisions\/4069"}],"up":[{"embeddable":true,"href":"https:\/\/objektmobiliar.ch\/fr\/wp-json\/wp\/v2\/pages\/220"}],"wp:featuredmedia":[{"embeddable":true,"href":"https:\/\/objektmobiliar.ch\/fr\/wp-json\/wp\/v2\/media\/345"}],"wp:attachment":[{"href":"https:\/\/objektmobiliar.ch\/fr\/wp-json\/wp\/v2\/media?parent=350"}],"curies":[{"name":"wp","href":"https:\/\/api.w.org\/{rel}","templated":true}]}}