{"id":341,"date":"2023-10-11T14:26:00","date_gmt":"2023-10-11T14:26:00","guid":{"rendered":"https:\/\/dev.objektmobiliar.ch\/?page_id=341"},"modified":"2024-09-02T10:52:01","modified_gmt":"2024-09-02T10:52:01","slug":"fauteuils-lounge-ronds-pour-residences-pour-personnes-agees","status":"publish","type":"page","link":"https:\/\/objektmobiliar.ch\/fr\/moebel\/pflegegerechte-polstermoebel\/runder-lounge-sessel-fuer-seniorenresidenzen\/","title":{"rendered":"Coruna"},"content":{"rendered":"<div class=\"lazyblock-produkt-detail-ozg-Z2pgV6C wp-block-lazyblock-produkt-detail-ozg\"><section class=\"sct\">\r\n      <div class=\"cnt\">\r\n        <div class=\"elmnt-product-desc\">\r\n          <div class=\"product-desc-box\"><img decoding=\"async\" src=\"https:\/\/objektmobiliar.ch\/wp-content\/uploads\/2023\/10\/coruna-sessel.jpg\" loading=\"lazy\" alt=\"\" class=\"product-desc-img\"><\/div>\r\n          <div class=\"product-desc-txt\">\r\n            <h1 class=\"txt-product-headline\">CORUNA<\/h1>\r\n            <h2 class=\"txt-product-subline\">Le fauteuil lounge rond pour les r\u00e9sidences pour personnes \u00e2g\u00e9es<\/h2>\r\n            <div class=\"w-richtext\">\r\n              <p>Coruna est un fauteuil lounge rond de forme attrayante pour les r\u00e9sidences pour personnes \u00e2g\u00e9es. Gr\u00e2ce \u00e0 son design original, il devient rapidement le protagoniste de chaque ambiance et enrichit l'int\u00e9rieur de votre \u00e9tablissement. La combinaison attrayante des mat\u00e9riaux de rev\u00eatement et du bois est \u00e9galement frappante.<\/p>\r\n            <\/div>\r\n            <a onclick=\"splite_loader();\" class=\"btn\">Demander un produit<\/a>\r\n          <\/div>\r\n        <\/div>\r\n      <\/div>\r\n    <\/section><\/div>\n\n\n<div class=\"wp-block-group\"><div class=\"wp-block-group__inner-container is-layout-constrained wp-block-group-is-layout-constrained\"><section class=\"sct\">\r\n      <div class=\"cnt narrow\">\r\n        <div class=\"introtxt\">\r\n        <div class=\"w-richtext\">\r\n            \r\n        <\/div>\r\n        <\/div>\r\n        \r\n          \n\n\n<figure class=\"wp-block-table is-style-regular\"><table><thead><tr><th>Art. No.<\/th><th>Description<\/th><\/tr><\/thead><tbody><tr><td>220-0560\/S<\/td><td>Fauteuil Coruna<\/td><\/tr><\/tbody><\/table><\/figure>\n\n\n<\/div><\/section><\/div><\/div>\n\n\n<div class=\"lazyblock-text-modul-ozg-Zf6azO wp-block-lazyblock-text-modul-ozg\"><section class=\"sct\">\r\n      <div class=\"cnt narrow\">\r\n        <div class=\"w-richtext\">\r\n            <h2>Coruna<\/h2>\n<h3>Le fauteuil lounge rond pour les r\u00e9sidences pour personnes \u00e2g\u00e9es<\/h3>\n<p>Gr\u00e2ce \u00e0 son design exceptionnel, le fauteuil lounge rond pour r\u00e9sidences pour personnes \u00e2g\u00e9es apporte une touche de style aux r\u00e9sidences pour personnes \u00e2g\u00e9es. La forme ronde du fauteuil lui conf\u00e8re une \u00e9l\u00e9gance particuli\u00e8re et en fait un v\u00e9ritable point de mire dans chaque pi\u00e8ce. Son design moderne mais intemporel s'int\u00e8gre parfaitement dans diff\u00e9rents styles d'am\u00e9nagement et devient rapidement le point fort de l'int\u00e9rieur. Les lignes courbes et le soin apport\u00e9 aux d\u00e9tails cr\u00e9ent une atmosph\u00e8re harmonieuse et accueillante. Le design bien pens\u00e9 n'assure pas seulement un attrait visuel, mais offre \u00e9galement un grand confort d'assise qui r\u00e9pond aux besoins et au bien-\u00eatre des seniors. Le fauteuil lounge rond pour les r\u00e9sidences pour personnes \u00e2g\u00e9es n'est donc pas seulement un meuble esth\u00e9tique, mais aussi un compl\u00e9ment pratique pour les salles de s\u00e9jour et les espaces communs.<\/p>\n<h3>Mat\u00e9riel : combinaison polyvalente pour une fonctionnalit\u00e9 optimale<\/h3>\n<p>Le fauteuil lounge rond pour r\u00e9sidences pour personnes \u00e2g\u00e9es ne convainc pas seulement par son design, mais aussi par le choix des mat\u00e9riaux de qualit\u00e9. La combinaison du tissu de rev\u00eatement et du bois assure une esth\u00e9tique attrayante et une grande fonctionnalit\u00e9. Diff\u00e9rentes options sont disponibles pour le rev\u00eatement : Microfibre, similicuir ou cuir v\u00e9ritable. Ces mat\u00e9riaux sont particuli\u00e8rement faciles \u00e0 entretenir et robustes, ce qui les rend id\u00e9aux pour une utilisation intensive dans les \u00e9tablissements de soins. Les pieds de la chaise ainsi que la base du fauteuil sont disponibles en diff\u00e9rentes essences de bois et teintes. Choisissez la finition qui vous convient pour int\u00e9grer harmonieusement le fauteuil dans le concept d'am\u00e9nagement de votre r\u00e9sidence pour personnes \u00e2g\u00e9es. Notre \u00e9quipe d'experts vous aidera volontiers \u00e0 faire votre choix et vous offrira des conseils complets sur les mat\u00e9riaux et les couleurs. Pour plus d'informations <a href=\"https:\/\/objektmobiliar.ch\/fr\/inspiration\/materiaux-et-couleurs\/\">Mat\u00e9riaux et couleurs<\/a> sont \u00e9galement disponibles sur notre site web.<\/p>\r\n        <\/div>\r\n      <\/div>\r\n    <\/section><\/div>","protected":false},"excerpt":{"rendered":"<p>Der gem\u00fctliche Armlehnensessel wird durch sein rundes, ausgefallenes Design schnell zum Protagonisten jedes Ambientes und bereichert das Interior Design massgeblich durch die attraktive Materialkombination aus Stoff und Holz.<\/p>","protected":false},"author":2,"featured_media":340,"parent":220,"menu_order":0,"comment_status":"closed","ping_status":"closed","template":"","meta":{"advgb_blocks_editor_width":"","advgb_blocks_columns_visual_guide":"","footnotes":""},"class_list":["post-341","page","type-page","status-publish","has-post-thumbnail","hentry"],"yoast_head":"<!-- This site is optimized with the Yoast SEO plugin v27.4 - https:\/\/yoast.com\/product\/yoast-seo-wordpress\/ -->\n<title>Der runde Lounge Sessel f\u00fcr Seniorenresidenzen bei OZG<\/title>\n<meta name=\"description\" content=\"Der runde Lounge Sessel f\u00fcr Seniorenresidenzen besticht durch das moderne Design und den interessanten Materialmix.\" \/>\n<meta name=\"robots\" content=\"index, follow, max-snippet:-1, max-image-preview:large, max-video-preview:-1\" \/>\n<link rel=\"canonical\" href=\"https:\/\/objektmobiliar.ch\/fr\/meubles\/meubles-rembourres-faciles-a-entretenir\/fauteuils-lounge-ronds-pour-residences-pour-personnes-agees\/\" \/>\n<meta property=\"og:locale\" content=\"fr_FR\" \/>\n<meta property=\"og:type\" content=\"article\" \/>\n<meta property=\"og:title\" content=\"Der runde Lounge Sessel f\u00fcr Seniorenresidenzen bei OZG\" \/>\n<meta property=\"og:description\" content=\"Der runde Lounge Sessel f\u00fcr Seniorenresidenzen besticht durch das moderne Design und den interessanten Materialmix.\" \/>\n<meta property=\"og:url\" content=\"https:\/\/objektmobiliar.ch\/fr\/meubles\/meubles-rembourres-faciles-a-entretenir\/fauteuils-lounge-ronds-pour-residences-pour-personnes-agees\/\" \/>\n<meta property=\"og:site_name\" content=\"OZG HEALTHCARE\" \/>\n<meta property=\"article:modified_time\" content=\"2024-09-02T10:52:01+00:00\" \/>\n<meta property=\"og:image\" content=\"https:\/\/objektmobiliar.ch\/wp-content\/uploads\/2023\/10\/coruna-sessel.jpg\" \/>\n\t<meta property=\"og:image:width\" content=\"1000\" \/>\n\t<meta property=\"og:image:height\" content=\"1000\" \/>\n\t<meta property=\"og:image:type\" content=\"image\/jpeg\" \/>\n<meta name=\"twitter:card\" content=\"summary_large_image\" \/>\n<meta name=\"twitter:label1\" content=\"Dur\u00e9e de lecture estim\u00e9e\" \/>\n\t<meta name=\"twitter:data1\" content=\"3 minutes\" \/>\n<script type=\"application\/ld+json\" class=\"yoast-schema-graph\">{\"@context\":\"https:\\\/\\\/schema.org\",\"@graph\":[{\"@type\":\"WebPage\",\"@id\":\"https:\\\/\\\/objektmobiliar.ch\\\/moebel\\\/pflegegerechte-polstermoebel\\\/runder-lounge-sessel-fuer-seniorenresidenzen\\\/\",\"url\":\"https:\\\/\\\/objektmobiliar.ch\\\/moebel\\\/pflegegerechte-polstermoebel\\\/runder-lounge-sessel-fuer-seniorenresidenzen\\\/\",\"name\":\"Der runde Lounge Sessel f\u00fcr Seniorenresidenzen bei OZG\",\"isPartOf\":{\"@id\":\"https:\\\/\\\/objektmobiliar.ch\\\/#website\"},\"primaryImageOfPage\":{\"@id\":\"https:\\\/\\\/objektmobiliar.ch\\\/moebel\\\/pflegegerechte-polstermoebel\\\/runder-lounge-sessel-fuer-seniorenresidenzen\\\/#primaryimage\"},\"image\":{\"@id\":\"https:\\\/\\\/objektmobiliar.ch\\\/moebel\\\/pflegegerechte-polstermoebel\\\/runder-lounge-sessel-fuer-seniorenresidenzen\\\/#primaryimage\"},\"thumbnailUrl\":\"https:\\\/\\\/objektmobiliar.ch\\\/wp-content\\\/uploads\\\/2023\\\/10\\\/coruna-sessel.jpg\",\"datePublished\":\"2023-10-11T14:26:00+00:00\",\"dateModified\":\"2024-09-02T10:52:01+00:00\",\"description\":\"Der runde Lounge Sessel f\u00fcr Seniorenresidenzen besticht durch das moderne Design und den interessanten Materialmix.\",\"breadcrumb\":{\"@id\":\"https:\\\/\\\/objektmobiliar.ch\\\/moebel\\\/pflegegerechte-polstermoebel\\\/runder-lounge-sessel-fuer-seniorenresidenzen\\\/#breadcrumb\"},\"inLanguage\":\"fr-FR\",\"potentialAction\":[{\"@type\":\"ReadAction\",\"target\":[\"https:\\\/\\\/objektmobiliar.ch\\\/moebel\\\/pflegegerechte-polstermoebel\\\/runder-lounge-sessel-fuer-seniorenresidenzen\\\/\"]}]},{\"@type\":\"ImageObject\",\"inLanguage\":\"fr-FR\",\"@id\":\"https:\\\/\\\/objektmobiliar.ch\\\/moebel\\\/pflegegerechte-polstermoebel\\\/runder-lounge-sessel-fuer-seniorenresidenzen\\\/#primaryimage\",\"url\":\"https:\\\/\\\/objektmobiliar.ch\\\/wp-content\\\/uploads\\\/2023\\\/10\\\/coruna-sessel.jpg\",\"contentUrl\":\"https:\\\/\\\/objektmobiliar.ch\\\/wp-content\\\/uploads\\\/2023\\\/10\\\/coruna-sessel.jpg\",\"width\":1000,\"height\":1000,\"caption\":\"Runder Lounge Sessel f\u00fcr Seniorenresidenzen\"},{\"@type\":\"BreadcrumbList\",\"@id\":\"https:\\\/\\\/objektmobiliar.ch\\\/moebel\\\/pflegegerechte-polstermoebel\\\/runder-lounge-sessel-fuer-seniorenresidenzen\\\/#breadcrumb\",\"itemListElement\":[{\"@type\":\"ListItem\",\"position\":1,\"name\":\"Startseite\",\"item\":\"https:\\\/\\\/objektmobiliar.ch\\\/\"},{\"@type\":\"ListItem\",\"position\":2,\"name\":\"M\u00f6bel\",\"item\":\"https:\\\/\\\/objektmobiliar.ch\\\/moebel\\\/\"},{\"@type\":\"ListItem\",\"position\":3,\"name\":\"Polsterm\u00f6bel\",\"item\":\"https:\\\/\\\/objektmobiliar.ch\\\/moebel\\\/pflegegerechte-polstermoebel\\\/\"},{\"@type\":\"ListItem\",\"position\":4,\"name\":\"Coruna\"}]},{\"@type\":\"WebSite\",\"@id\":\"https:\\\/\\\/objektmobiliar.ch\\\/#website\",\"url\":\"https:\\\/\\\/objektmobiliar.ch\\\/\",\"name\":\"OZG HEALTHCARE\",\"description\":\"Objektmobiliar f\u00fcr Pflege, B\u00fcro, Praxis &amp; Hotellerie\",\"potentialAction\":[{\"@type\":\"SearchAction\",\"target\":{\"@type\":\"EntryPoint\",\"urlTemplate\":\"https:\\\/\\\/objektmobiliar.ch\\\/?s={search_term_string}\"},\"query-input\":{\"@type\":\"PropertyValueSpecification\",\"valueRequired\":true,\"valueName\":\"search_term_string\"}}],\"inLanguage\":\"fr-FR\"}]}<\/script>\n<!-- \/ Yoast SEO plugin. -->","yoast_head_json":{"title":"Le fauteuil lounge rond pour les r\u00e9sidences pour personnes \u00e2g\u00e9es chez OZG","description":"Le fauteuil lounge rond pour les r\u00e9sidences pour personnes \u00e2g\u00e9es se distingue par son design moderne et son m\u00e9lange int\u00e9ressant de mat\u00e9riaux.","robots":{"index":"index","follow":"follow","max-snippet":"max-snippet:-1","max-image-preview":"max-image-preview:large","max-video-preview":"max-video-preview:-1"},"canonical":"https:\/\/objektmobiliar.ch\/fr\/meubles\/meubles-rembourres-faciles-a-entretenir\/fauteuils-lounge-ronds-pour-residences-pour-personnes-agees\/","og_locale":"fr_FR","og_type":"article","og_title":"Der runde Lounge Sessel f\u00fcr Seniorenresidenzen bei OZG","og_description":"Der runde Lounge Sessel f\u00fcr Seniorenresidenzen besticht durch das moderne Design und den interessanten Materialmix.","og_url":"https:\/\/objektmobiliar.ch\/fr\/meubles\/meubles-rembourres-faciles-a-entretenir\/fauteuils-lounge-ronds-pour-residences-pour-personnes-agees\/","og_site_name":"OZG HEALTHCARE","article_modified_time":"2024-09-02T10:52:01+00:00","og_image":[{"width":1000,"height":1000,"url":"https:\/\/objektmobiliar.ch\/wp-content\/uploads\/2023\/10\/coruna-sessel.jpg","type":"image\/jpeg"}],"twitter_card":"summary_large_image","twitter_misc":{"Dur\u00e9e de lecture estim\u00e9e":"3 minutes"},"schema":{"@context":"https:\/\/schema.org","@graph":[{"@type":"WebPage","@id":"https:\/\/objektmobiliar.ch\/moebel\/pflegegerechte-polstermoebel\/runder-lounge-sessel-fuer-seniorenresidenzen\/","url":"https:\/\/objektmobiliar.ch\/moebel\/pflegegerechte-polstermoebel\/runder-lounge-sessel-fuer-seniorenresidenzen\/","name":"Le fauteuil lounge rond pour les r\u00e9sidences pour personnes \u00e2g\u00e9es chez OZG","isPartOf":{"@id":"https:\/\/objektmobiliar.ch\/#website"},"primaryImageOfPage":{"@id":"https:\/\/objektmobiliar.ch\/moebel\/pflegegerechte-polstermoebel\/runder-lounge-sessel-fuer-seniorenresidenzen\/#primaryimage"},"image":{"@id":"https:\/\/objektmobiliar.ch\/moebel\/pflegegerechte-polstermoebel\/runder-lounge-sessel-fuer-seniorenresidenzen\/#primaryimage"},"thumbnailUrl":"https:\/\/objektmobiliar.ch\/wp-content\/uploads\/2023\/10\/coruna-sessel.jpg","datePublished":"2023-10-11T14:26:00+00:00","dateModified":"2024-09-02T10:52:01+00:00","description":"Le fauteuil lounge rond pour les r\u00e9sidences pour personnes \u00e2g\u00e9es se distingue par son design moderne et son m\u00e9lange int\u00e9ressant de mat\u00e9riaux.","breadcrumb":{"@id":"https:\/\/objektmobiliar.ch\/moebel\/pflegegerechte-polstermoebel\/runder-lounge-sessel-fuer-seniorenresidenzen\/#breadcrumb"},"inLanguage":"fr-FR","potentialAction":[{"@type":"ReadAction","target":["https:\/\/objektmobiliar.ch\/moebel\/pflegegerechte-polstermoebel\/runder-lounge-sessel-fuer-seniorenresidenzen\/"]}]},{"@type":"ImageObject","inLanguage":"fr-FR","@id":"https:\/\/objektmobiliar.ch\/moebel\/pflegegerechte-polstermoebel\/runder-lounge-sessel-fuer-seniorenresidenzen\/#primaryimage","url":"https:\/\/objektmobiliar.ch\/wp-content\/uploads\/2023\/10\/coruna-sessel.jpg","contentUrl":"https:\/\/objektmobiliar.ch\/wp-content\/uploads\/2023\/10\/coruna-sessel.jpg","width":1000,"height":1000,"caption":"Runder Lounge Sessel f\u00fcr Seniorenresidenzen"},{"@type":"BreadcrumbList","@id":"https:\/\/objektmobiliar.ch\/moebel\/pflegegerechte-polstermoebel\/runder-lounge-sessel-fuer-seniorenresidenzen\/#breadcrumb","itemListElement":[{"@type":"ListItem","position":1,"name":"Startseite","item":"https:\/\/objektmobiliar.ch\/"},{"@type":"ListItem","position":2,"name":"M\u00f6bel","item":"https:\/\/objektmobiliar.ch\/moebel\/"},{"@type":"ListItem","position":3,"name":"Polsterm\u00f6bel","item":"https:\/\/objektmobiliar.ch\/moebel\/pflegegerechte-polstermoebel\/"},{"@type":"ListItem","position":4,"name":"Coruna"}]},{"@type":"WebSite","@id":"https:\/\/objektmobiliar.ch\/#website","url":"https:\/\/objektmobiliar.ch\/","name":"OZG HEALTHCARE","description":"Mobilier de collectivit\u00e9 pour les soins, les bureaux, les cabinets m\u00e9dicaux et l'h\u00f4tellerie","potentialAction":[{"@type":"SearchAction","target":{"@type":"EntryPoint","urlTemplate":"https:\/\/objektmobiliar.ch\/?s={search_term_string}"},"query-input":{"@type":"PropertyValueSpecification","valueRequired":true,"valueName":"search_term_string"}}],"inLanguage":"fr-FR"}]}},"coauthors":[],"author_meta":{"author_link":"https:\/\/objektmobiliar.ch\/fr\/author\/alex\/","display_name":"Alex"},"relative_dates":{"created":"Publi\u00e9 3 ans il y a","modified":"Mis \u00e0 jour 2 ans il y a"},"absolute_dates":{"created":"Publi\u00e9 le octobre 11, 2023","modified":"Mise \u00e0 jour le septembre 2, 2024"},"absolute_dates_time":{"created":"Publi\u00e9 le octobre 11, 2023 2:26 pm","modified":"Mise \u00e0 jour le septembre 2, 2024 10:52 am"},"featured_img_caption":"","featured_img":"https:\/\/objektmobiliar.ch\/wp-content\/uploads\/2023\/10\/coruna-sessel-825x510.jpg","series_order":"","_links":{"self":[{"href":"https:\/\/objektmobiliar.ch\/fr\/wp-json\/wp\/v2\/pages\/341","targetHints":{"allow":["GET"]}}],"collection":[{"href":"https:\/\/objektmobiliar.ch\/fr\/wp-json\/wp\/v2\/pages"}],"about":[{"href":"https:\/\/objektmobiliar.ch\/fr\/wp-json\/wp\/v2\/types\/page"}],"author":[{"embeddable":true,"href":"https:\/\/objektmobiliar.ch\/fr\/wp-json\/wp\/v2\/users\/2"}],"replies":[{"embeddable":true,"href":"https:\/\/objektmobiliar.ch\/fr\/wp-json\/wp\/v2\/comments?post=341"}],"version-history":[{"count":31,"href":"https:\/\/objektmobiliar.ch\/fr\/wp-json\/wp\/v2\/pages\/341\/revisions"}],"predecessor-version":[{"id":4059,"href":"https:\/\/objektmobiliar.ch\/fr\/wp-json\/wp\/v2\/pages\/341\/revisions\/4059"}],"up":[{"embeddable":true,"href":"https:\/\/objektmobiliar.ch\/fr\/wp-json\/wp\/v2\/pages\/220"}],"wp:featuredmedia":[{"embeddable":true,"href":"https:\/\/objektmobiliar.ch\/fr\/wp-json\/wp\/v2\/media\/340"}],"wp:attachment":[{"href":"https:\/\/objektmobiliar.ch\/fr\/wp-json\/wp\/v2\/media?parent=341"}],"curies":[{"name":"wp","href":"https:\/\/api.w.org\/{rel}","templated":true}]}}