{"id":322,"date":"2023-10-11T14:10:05","date_gmt":"2023-10-11T14:10:05","guid":{"rendered":"https:\/\/dev.objektmobiliar.ch\/?page_id=322"},"modified":"2024-09-02T07:55:18","modified_gmt":"2024-09-02T07:55:18","slug":"fauteuil-de-style-anglais","status":"publish","type":"page","link":"https:\/\/objektmobiliar.ch\/fr\/moebel\/pflegegerechte-polstermoebel\/sessel-in-englischem-stil\/","title":{"rendered":"Fauteuil Chesterfield"},"content":{"rendered":"<div class=\"lazyblock-produkt-detail-ozg-VzmnG wp-block-lazyblock-produkt-detail-ozg\"><section class=\"sct\">\r\n      <div class=\"cnt\">\r\n        <div class=\"elmnt-product-desc\">\r\n          <div class=\"product-desc-box\"><img decoding=\"async\" src=\"https:\/\/objektmobiliar.ch\/wp-content\/uploads\/2023\/10\/chesterfield-sessel.jpg\" loading=\"lazy\" alt=\"\" class=\"product-desc-img\"><\/div>\r\n          <div class=\"product-desc-txt\">\r\n            <h1 class=\"txt-product-headline\">Fauteuil Chesterfield<\/h1>\r\n            <h2 class=\"txt-product-subline\">Fauteuil de style anglais pour les \u00e9tablissements de soins<\/h2>\r\n            <div class=\"w-richtext\">\r\n              <p>\u00c9l\u00e9gance sobre, forme classique et confort d'assise absolu : lorsque le quatri\u00e8me comte de Chesterfield, Philip Stanhope, a command\u00e9 un canap\u00e9 similaire au 18e si\u00e8cle, il ne se doutait sans doute pas que celui-ci serait encore aujourd'hui une r\u00e9f\u00e9rence en mati\u00e8re de luxe et de bon go\u00fbt.<\/p>\n<p>Fauteuil de style Chesterfield anglais classique pour les \u00e9tablissements de soins, il poss\u00e8de les accoudoirs roul\u00e9s typiques \u00e0 la m\u00eame hauteur que le dossier incurv\u00e9 ainsi que la d\u00e9coration caract\u00e9ristique des boutons.<\/p>\r\n            <\/div>\r\n            <a onclick=\"splite_loader();\" class=\"btn\">Demander un produit<\/a>\r\n          <\/div>\r\n        <\/div>\r\n      <\/div>\r\n    <\/section><\/div>\n\n<div class=\"lazyblock-produkt-slider-ozg-Z22wD75 wp-block-lazyblock-produkt-slider-ozg\"><section class=\"sct\">\r\n  <div class=\"cnt semi\">\r\n    <div class=\"intro-txt\">\r\n        <h2>Mod\u00e8les et versions<\/h2>\r\n    <\/div>\r\n    \r\n    <div class=\"elmnt-similar-products\">\r\n      <div class=\"similar-product\"><img decoding=\"async\" src=\"https:\/\/objektmobiliar.ch\/wp-content\/uploads\/2023\/10\/chesterfield-sessel.jpg\" loading=\"eager\" alt=\"Fauteuil de style anglais pour les \u00e9tablissements de soins\" class=\"similar-product-img\">\r\n        <div class=\"center\">\r\n          <div class=\"w-richtext\">\r\n            <p><strong>Fauteuil Chesterfield<\/strong><br>220-0550\/S<\/p>\r\n          <\/div>\r\n          <a href=\"https:\/\/objektmobiliar.ch\/fr\/meubles\/meubles-rembourres-faciles-a-entretenir\/fauteuil-de-style-anglais\/\" class=\"btn similarproducts\">Passer au produit<\/a>\r\n        <\/div>\r\n      <\/div>\r\n      <div class=\"similar-product\"><img decoding=\"async\" src=\"https:\/\/objektmobiliar.ch\/wp-content\/uploads\/2023\/10\/chesterfield-sofa.jpg\" loading=\"eager\" alt=\"Canap\u00e9 Chesterfield - Canap\u00e9 2 places style Chesterfield les accoudoirs roul\u00e9s typiques\" class=\"similar-product-img\">\r\n        <div class=\"center\">\r\n          <div class=\"w-richtext\">\r\n            <p><strong>Canap\u00e9 2 places Chesterfield (185 cm)<\/strong><br>220-0551\/S<\/p>\r\n          <\/div>\r\n          <a href=\"https:\/\/objektmobiliar.ch\/fr\/meubles\/meubles-rembourres-faciles-a-entretenir\/canape-de-style-anglais\/\" class=\"btn similarproducts\">Passer au produit<\/a>\r\n        <\/div>\r\n      <\/div>\r\n    <\/div>\r\n  <\/div>\r\n  \r\n  <div class=\"cnt narrow\">\r\n    <div class=\"similar-products-nav-pos\">\r\n      <div class=\"w-embed\">\r\n        \r\n      <\/div>\r\n    <\/div>\r\n  <\/div>\r\n<\/section><\/div>\n\n\n<div class=\"wp-block-group\"><div class=\"wp-block-group__inner-container is-layout-constrained wp-block-group-is-layout-constrained\"><section class=\"sct\">\r\n      <div class=\"cnt narrow\">\r\n        <div class=\"introtxt\">\r\n        <div class=\"w-richtext\">\r\n            \r\n        <\/div>\r\n        <\/div>\r\n        \r\n          \n\n\n<figure class=\"wp-block-table is-style-regular\"><table><thead><tr><th>Art. No.<\/th><th>Description<\/th><th><\/th><\/tr><\/thead><tbody><tr><td>220-0550\/S<\/td><td>Fauteuil Chesterfield<\/td><td><a href=\"https:\/\/objektmobiliar.ch\/fr\/meubles\/meubles-rembourres-faciles-a-entretenir\/fauteuil-de-style-anglais\/\">Passer au produit<\/a><\/td><\/tr><tr><td>220-0551\/S<\/td><td>Canap\u00e9 2 places Chesterfield (185 cm)<\/td><td><a href=\"https:\/\/objektmobiliar.ch\/fr\/meubles\/meubles-rembourres-faciles-a-entretenir\/canape-de-style-anglais\/\">Passer au produit<\/a><\/td><\/tr><\/tbody><\/table><\/figure>\n\n\n<\/div><\/section><\/div><\/div>\n\n\n<div class=\"lazyblock-text-modul-ozg-lK6Sx wp-block-lazyblock-text-modul-ozg\"><section class=\"sct\">\r\n      <div class=\"cnt narrow\">\r\n        <div class=\"w-richtext\">\r\n            <h2>Fauteuil Chesterfield<\/h2>\n<h3>Fauteuil de style anglais pour les \u00e9tablissements de soins<\/h3>\n<p>Le fauteuil Chesterfield, inspir\u00e9 du 18e si\u00e8cle, offre aux \u00e9tablissements de soins une assise \u00e9l\u00e9gante et confortable. Command\u00e9 \u00e0 l'origine par le quatri\u00e8me comte de Chesterfield, Philip Stanhope, ce meuble est encore aujourd'hui synonyme de luxe et de style intemporels. Avec ses accoudoirs roul\u00e9s caract\u00e9ristiques, qui se situent \u00e0 la m\u00eame hauteur que le dossier incurv\u00e9, et son ornementation classique de boutons, le fauteuil de style anglais pour \u00e9tablissements de soins s'int\u00e8gre parfaitement dans tout environnement soign\u00e9. Combin\u00e9 avec un canap\u00e9 2 places du m\u00eame style, il cr\u00e9e un ensemble harmonieux et styl\u00e9 pour les salles de s\u00e9jour et les espaces communs.<\/p>\n<h3>Adaptabilit\u00e9 pour les soins quotidiens<\/h3>\n<p>Les \u00e9tablissements de soins profitent non seulement du design \u00e9l\u00e9gant, mais aussi de la polyvalence fonctionnelle du fauteuil Chesterfield. Les rev\u00eatements sont disponibles dans une grande vari\u00e9t\u00e9 de couleurs et de mat\u00e9riaux tels que la microfibre, le similicuir ou le cuir v\u00e9ritable, qui sont faciles \u00e0 nettoyer et particuli\u00e8rement durables. Ces caract\u00e9ristiques rendent le fauteuil id\u00e9al pour une utilisation intensive dans le quotidien des soins. De plus, les pieds du fauteuil peuvent \u00eatre choisis dans diff\u00e9rentes essences de bois ou dans des tons de bois teint\u00e9, afin de permettre une harmonisation parfaite avec le concept d'am\u00e9nagement de l'\u00e9tablissement de soins concern\u00e9.<\/p>\n<p>La personnalisation permet d'adapter au mieux le fauteuil de style anglais pour \u00e9tablissements de soins aux exigences de votre maison de soins. Nos experts sont l\u00e0 pour vous conseiller et vous aider \u00e0 trouver la combinaison id\u00e9ale de mat\u00e9riaux et de couleurs pour vos locaux. Faites confiance \u00e0 notre expertise de longue date et cr\u00e9ez une atmosph\u00e8re \u00e0 la fois \u00e9l\u00e9gante et pratique pour vos r\u00e9sidents. Plus d'informations sur <a href=\"https:\/\/objektmobiliar.ch\/fr\/inspiration\/materiaux-et-couleurs\/\">Mat\u00e9riaux et couleurs<\/a>\u00a0sont \u00e9galement disponibles sur notre site web.<\/p>\r\n        <\/div>\r\n      <\/div>\r\n    <\/section><\/div><style class=\"advgb-styles-renderer\">\r\n            .similar-products-nav li {\r\n              overflow: hidden;\r\n              margin: 0px !important;\r\n              flex-grow: 0 !important;\r\n              flex-shrink: 1 !important;\r\n              flex-basis: 12.5% !important;\r\n              border-style: solid;\r\n              border-width: 2px;\r\n              border-color: transparent;\r\n              border-radius: 8px;\r\n              transition-property: border-color;\r\n              transition-duration: 600ms;\r\n              transition-timing-function: ease;\r\n              cursor: pointer;\r\n            }\r\n            .similar-products-nav li.slick-active {\r\n              border-color: #dde7ef;\r\n            }\r\n            @media screen and (max-width:767px) {\r\n              .similar-products-nav li {\r\n                flex-basis: auto !important;\r\n                border-radius: 8px;\r\n                padding-top: 8px;\r\n                padding-right: 16px;\r\n                padding-bottom: 6px;\r\n                padding-left: 16px;\r\n              }\r\n              .similar-products-nav li.slick-active {\r\n                background-color: #dde7ef;\r\n                transition-property: background-color, border-color;\r\n                transition-duration: 600ms, 200ms;\r\n                transition-timing-function: ease, ease;\r\n                color: #426b8a;\r\n              }\r\n            }\r\n          <\/style>","protected":false},"excerpt":{"rendered":"<p>Dieses M\u00f6belst\u00fcck im klassischen, englischen Chesterfield Stil besitzt die typischen gerollten Armlehnen in gleicher H\u00f6he wie die geschwungene R\u00fcckenlehne sowie die charakteristische Knopfverzierung.<\/p>","protected":false},"author":2,"featured_media":323,"parent":220,"menu_order":0,"comment_status":"closed","ping_status":"closed","template":"","meta":{"advgb_blocks_editor_width":"","advgb_blocks_columns_visual_guide":"","footnotes":""},"class_list":["post-322","page","type-page","status-publish","has-post-thumbnail","hentry"],"yoast_head":"<!-- This site is optimized with the Yoast SEO plugin v27.4 - https:\/\/yoast.com\/product\/yoast-seo-wordpress\/ -->\n<title>Sessel in englischem Stil f\u00fcr Pflegeeinrichtungen - OZG<\/title>\n<meta name=\"description\" content=\"Sessel in englischem Stil f\u00fcr Pflegeeinrichtungen besitzt die gerollten Armlehnen in gleicher H\u00f6he wie die geschwungene R\u00fcckenlehne.\" \/>\n<meta name=\"robots\" content=\"index, follow, max-snippet:-1, max-image-preview:large, max-video-preview:-1\" \/>\n<link rel=\"canonical\" href=\"https:\/\/objektmobiliar.ch\/fr\/meubles\/meubles-rembourres-faciles-a-entretenir\/fauteuil-de-style-anglais\/\" \/>\n<meta property=\"og:locale\" content=\"fr_FR\" \/>\n<meta property=\"og:type\" content=\"article\" \/>\n<meta property=\"og:title\" content=\"Sessel in englischem Stil f\u00fcr Pflegeeinrichtungen - OZG\" \/>\n<meta property=\"og:description\" content=\"Sessel in englischem Stil f\u00fcr Pflegeeinrichtungen besitzt die gerollten Armlehnen in gleicher H\u00f6he wie die geschwungene R\u00fcckenlehne.\" \/>\n<meta property=\"og:url\" content=\"https:\/\/objektmobiliar.ch\/fr\/meubles\/meubles-rembourres-faciles-a-entretenir\/fauteuil-de-style-anglais\/\" \/>\n<meta property=\"og:site_name\" content=\"OZG HEALTHCARE\" \/>\n<meta property=\"article:modified_time\" content=\"2024-09-02T07:55:18+00:00\" \/>\n<meta property=\"og:image\" content=\"https:\/\/objektmobiliar.ch\/wp-content\/uploads\/2023\/10\/chesterfield-sessel.jpg\" \/>\n\t<meta property=\"og:image:width\" content=\"1000\" \/>\n\t<meta property=\"og:image:height\" content=\"1000\" \/>\n\t<meta property=\"og:image:type\" content=\"image\/jpeg\" \/>\n<meta name=\"twitter:card\" content=\"summary_large_image\" \/>\n<meta name=\"twitter:label1\" content=\"Dur\u00e9e de lecture estim\u00e9e\" \/>\n\t<meta name=\"twitter:data1\" content=\"3 minutes\" \/>\n<script type=\"application\/ld+json\" class=\"yoast-schema-graph\">{\"@context\":\"https:\\\/\\\/schema.org\",\"@graph\":[{\"@type\":\"WebPage\",\"@id\":\"https:\\\/\\\/objektmobiliar.ch\\\/moebel\\\/pflegegerechte-polstermoebel\\\/sessel-in-englischem-stil\\\/\",\"url\":\"https:\\\/\\\/objektmobiliar.ch\\\/moebel\\\/pflegegerechte-polstermoebel\\\/sessel-in-englischem-stil\\\/\",\"name\":\"Sessel in englischem Stil f\u00fcr Pflegeeinrichtungen - OZG\",\"isPartOf\":{\"@id\":\"https:\\\/\\\/objektmobiliar.ch\\\/#website\"},\"primaryImageOfPage\":{\"@id\":\"https:\\\/\\\/objektmobiliar.ch\\\/moebel\\\/pflegegerechte-polstermoebel\\\/sessel-in-englischem-stil\\\/#primaryimage\"},\"image\":{\"@id\":\"https:\\\/\\\/objektmobiliar.ch\\\/moebel\\\/pflegegerechte-polstermoebel\\\/sessel-in-englischem-stil\\\/#primaryimage\"},\"thumbnailUrl\":\"https:\\\/\\\/objektmobiliar.ch\\\/wp-content\\\/uploads\\\/2023\\\/10\\\/chesterfield-sessel.jpg\",\"datePublished\":\"2023-10-11T14:10:05+00:00\",\"dateModified\":\"2024-09-02T07:55:18+00:00\",\"description\":\"Sessel in englischem Stil f\u00fcr Pflegeeinrichtungen besitzt die gerollten Armlehnen in gleicher H\u00f6he wie die geschwungene R\u00fcckenlehne.\",\"breadcrumb\":{\"@id\":\"https:\\\/\\\/objektmobiliar.ch\\\/moebel\\\/pflegegerechte-polstermoebel\\\/sessel-in-englischem-stil\\\/#breadcrumb\"},\"inLanguage\":\"fr-FR\",\"potentialAction\":[{\"@type\":\"ReadAction\",\"target\":[\"https:\\\/\\\/objektmobiliar.ch\\\/moebel\\\/pflegegerechte-polstermoebel\\\/sessel-in-englischem-stil\\\/\"]}]},{\"@type\":\"ImageObject\",\"inLanguage\":\"fr-FR\",\"@id\":\"https:\\\/\\\/objektmobiliar.ch\\\/moebel\\\/pflegegerechte-polstermoebel\\\/sessel-in-englischem-stil\\\/#primaryimage\",\"url\":\"https:\\\/\\\/objektmobiliar.ch\\\/wp-content\\\/uploads\\\/2023\\\/10\\\/chesterfield-sessel.jpg\",\"contentUrl\":\"https:\\\/\\\/objektmobiliar.ch\\\/wp-content\\\/uploads\\\/2023\\\/10\\\/chesterfield-sessel.jpg\",\"width\":1000,\"height\":1000,\"caption\":\"Sessel in englischem Stil f\u00fcr Pflegeeinrichtungen\"},{\"@type\":\"BreadcrumbList\",\"@id\":\"https:\\\/\\\/objektmobiliar.ch\\\/moebel\\\/pflegegerechte-polstermoebel\\\/sessel-in-englischem-stil\\\/#breadcrumb\",\"itemListElement\":[{\"@type\":\"ListItem\",\"position\":1,\"name\":\"Startseite\",\"item\":\"https:\\\/\\\/objektmobiliar.ch\\\/\"},{\"@type\":\"ListItem\",\"position\":2,\"name\":\"M\u00f6bel\",\"item\":\"https:\\\/\\\/objektmobiliar.ch\\\/moebel\\\/\"},{\"@type\":\"ListItem\",\"position\":3,\"name\":\"Polsterm\u00f6bel\",\"item\":\"https:\\\/\\\/objektmobiliar.ch\\\/moebel\\\/pflegegerechte-polstermoebel\\\/\"},{\"@type\":\"ListItem\",\"position\":4,\"name\":\"Chesterfield Sessel\"}]},{\"@type\":\"WebSite\",\"@id\":\"https:\\\/\\\/objektmobiliar.ch\\\/#website\",\"url\":\"https:\\\/\\\/objektmobiliar.ch\\\/\",\"name\":\"OZG HEALTHCARE\",\"description\":\"Objektmobiliar f\u00fcr Pflege, B\u00fcro, Praxis &amp; Hotellerie\",\"potentialAction\":[{\"@type\":\"SearchAction\",\"target\":{\"@type\":\"EntryPoint\",\"urlTemplate\":\"https:\\\/\\\/objektmobiliar.ch\\\/?s={search_term_string}\"},\"query-input\":{\"@type\":\"PropertyValueSpecification\",\"valueRequired\":true,\"valueName\":\"search_term_string\"}}],\"inLanguage\":\"fr-FR\"}]}<\/script>\n<!-- \/ Yoast SEO plugin. -->","yoast_head_json":{"title":"Fauteuil de style anglais pour les \u00e9tablissements de soins - OZG","description":"Le fauteuil de style anglais pour les \u00e9tablissements de soins poss\u00e8de des accoudoirs roul\u00e9s \u00e0 la m\u00eame hauteur que le dossier incurv\u00e9.","robots":{"index":"index","follow":"follow","max-snippet":"max-snippet:-1","max-image-preview":"max-image-preview:large","max-video-preview":"max-video-preview:-1"},"canonical":"https:\/\/objektmobiliar.ch\/fr\/meubles\/meubles-rembourres-faciles-a-entretenir\/fauteuil-de-style-anglais\/","og_locale":"fr_FR","og_type":"article","og_title":"Sessel in englischem Stil f\u00fcr Pflegeeinrichtungen - OZG","og_description":"Sessel in englischem Stil f\u00fcr Pflegeeinrichtungen besitzt die gerollten Armlehnen in gleicher H\u00f6he wie die geschwungene R\u00fcckenlehne.","og_url":"https:\/\/objektmobiliar.ch\/fr\/meubles\/meubles-rembourres-faciles-a-entretenir\/fauteuil-de-style-anglais\/","og_site_name":"OZG HEALTHCARE","article_modified_time":"2024-09-02T07:55:18+00:00","og_image":[{"width":1000,"height":1000,"url":"https:\/\/objektmobiliar.ch\/wp-content\/uploads\/2023\/10\/chesterfield-sessel.jpg","type":"image\/jpeg"}],"twitter_card":"summary_large_image","twitter_misc":{"Dur\u00e9e de lecture estim\u00e9e":"3 minutes"},"schema":{"@context":"https:\/\/schema.org","@graph":[{"@type":"WebPage","@id":"https:\/\/objektmobiliar.ch\/moebel\/pflegegerechte-polstermoebel\/sessel-in-englischem-stil\/","url":"https:\/\/objektmobiliar.ch\/moebel\/pflegegerechte-polstermoebel\/sessel-in-englischem-stil\/","name":"Fauteuil de style anglais pour les \u00e9tablissements de soins - OZG","isPartOf":{"@id":"https:\/\/objektmobiliar.ch\/#website"},"primaryImageOfPage":{"@id":"https:\/\/objektmobiliar.ch\/moebel\/pflegegerechte-polstermoebel\/sessel-in-englischem-stil\/#primaryimage"},"image":{"@id":"https:\/\/objektmobiliar.ch\/moebel\/pflegegerechte-polstermoebel\/sessel-in-englischem-stil\/#primaryimage"},"thumbnailUrl":"https:\/\/objektmobiliar.ch\/wp-content\/uploads\/2023\/10\/chesterfield-sessel.jpg","datePublished":"2023-10-11T14:10:05+00:00","dateModified":"2024-09-02T07:55:18+00:00","description":"Le fauteuil de style anglais pour les \u00e9tablissements de soins poss\u00e8de des accoudoirs roul\u00e9s \u00e0 la m\u00eame hauteur que le dossier incurv\u00e9.","breadcrumb":{"@id":"https:\/\/objektmobiliar.ch\/moebel\/pflegegerechte-polstermoebel\/sessel-in-englischem-stil\/#breadcrumb"},"inLanguage":"fr-FR","potentialAction":[{"@type":"ReadAction","target":["https:\/\/objektmobiliar.ch\/moebel\/pflegegerechte-polstermoebel\/sessel-in-englischem-stil\/"]}]},{"@type":"ImageObject","inLanguage":"fr-FR","@id":"https:\/\/objektmobiliar.ch\/moebel\/pflegegerechte-polstermoebel\/sessel-in-englischem-stil\/#primaryimage","url":"https:\/\/objektmobiliar.ch\/wp-content\/uploads\/2023\/10\/chesterfield-sessel.jpg","contentUrl":"https:\/\/objektmobiliar.ch\/wp-content\/uploads\/2023\/10\/chesterfield-sessel.jpg","width":1000,"height":1000,"caption":"Sessel in englischem Stil f\u00fcr Pflegeeinrichtungen"},{"@type":"BreadcrumbList","@id":"https:\/\/objektmobiliar.ch\/moebel\/pflegegerechte-polstermoebel\/sessel-in-englischem-stil\/#breadcrumb","itemListElement":[{"@type":"ListItem","position":1,"name":"Startseite","item":"https:\/\/objektmobiliar.ch\/"},{"@type":"ListItem","position":2,"name":"M\u00f6bel","item":"https:\/\/objektmobiliar.ch\/moebel\/"},{"@type":"ListItem","position":3,"name":"Polsterm\u00f6bel","item":"https:\/\/objektmobiliar.ch\/moebel\/pflegegerechte-polstermoebel\/"},{"@type":"ListItem","position":4,"name":"Chesterfield Sessel"}]},{"@type":"WebSite","@id":"https:\/\/objektmobiliar.ch\/#website","url":"https:\/\/objektmobiliar.ch\/","name":"OZG HEALTHCARE","description":"Mobilier de collectivit\u00e9 pour les soins, les bureaux, les cabinets m\u00e9dicaux et l'h\u00f4tellerie","potentialAction":[{"@type":"SearchAction","target":{"@type":"EntryPoint","urlTemplate":"https:\/\/objektmobiliar.ch\/?s={search_term_string}"},"query-input":{"@type":"PropertyValueSpecification","valueRequired":true,"valueName":"search_term_string"}}],"inLanguage":"fr-FR"}]}},"coauthors":[],"author_meta":{"author_link":"https:\/\/objektmobiliar.ch\/fr\/author\/alex\/","display_name":"Alex"},"relative_dates":{"created":"Publi\u00e9 3 ans il y a","modified":"Mis \u00e0 jour 2 ans il y a"},"absolute_dates":{"created":"Publi\u00e9 le octobre 11, 2023","modified":"Mise \u00e0 jour le septembre 2, 2024"},"absolute_dates_time":{"created":"Publi\u00e9 le octobre 11, 2023 2:10 pm","modified":"Mise \u00e0 jour le septembre 2, 2024 7:55 am"},"featured_img_caption":"","featured_img":"https:\/\/objektmobiliar.ch\/wp-content\/uploads\/2023\/10\/chesterfield-sessel-825x510.jpg","series_order":"","_links":{"self":[{"href":"https:\/\/objektmobiliar.ch\/fr\/wp-json\/wp\/v2\/pages\/322","targetHints":{"allow":["GET"]}}],"collection":[{"href":"https:\/\/objektmobiliar.ch\/fr\/wp-json\/wp\/v2\/pages"}],"about":[{"href":"https:\/\/objektmobiliar.ch\/fr\/wp-json\/wp\/v2\/types\/page"}],"author":[{"embeddable":true,"href":"https:\/\/objektmobiliar.ch\/fr\/wp-json\/wp\/v2\/users\/2"}],"replies":[{"embeddable":true,"href":"https:\/\/objektmobiliar.ch\/fr\/wp-json\/wp\/v2\/comments?post=322"}],"version-history":[{"count":23,"href":"https:\/\/objektmobiliar.ch\/fr\/wp-json\/wp\/v2\/pages\/322\/revisions"}],"predecessor-version":[{"id":4025,"href":"https:\/\/objektmobiliar.ch\/fr\/wp-json\/wp\/v2\/pages\/322\/revisions\/4025"}],"up":[{"embeddable":true,"href":"https:\/\/objektmobiliar.ch\/fr\/wp-json\/wp\/v2\/pages\/220"}],"wp:featuredmedia":[{"embeddable":true,"href":"https:\/\/objektmobiliar.ch\/fr\/wp-json\/wp\/v2\/media\/323"}],"wp:attachment":[{"href":"https:\/\/objektmobiliar.ch\/fr\/wp-json\/wp\/v2\/media?parent=322"}],"curies":[{"name":"wp","href":"https:\/\/api.w.org\/{rel}","templated":true}]}}