{"id":309,"date":"2023-10-11T12:45:23","date_gmt":"2023-10-11T12:45:23","guid":{"rendered":"https:\/\/dev.objektmobiliar.ch\/?page_id=309"},"modified":"2024-08-29T12:27:01","modified_gmt":"2024-08-29T12:27:01","slug":"meubles-rembourres-avec-appuie-tetes-lateraux","status":"publish","type":"page","link":"https:\/\/objektmobiliar.ch\/fr\/moebel\/pflegegerechte-polstermoebel\/polstermoebel-mit-seitenkopfstuetzen\/","title":{"rendered":"Bob"},"content":{"rendered":"<div class=\"lazyblock-produkt-detail-ozg-2idsqq wp-block-lazyblock-produkt-detail-ozg\"><section class=\"sct\">\r\n      <div class=\"cnt\">\r\n        <div class=\"elmnt-product-desc\">\r\n          <div class=\"product-desc-box\"><img decoding=\"async\" src=\"https:\/\/objektmobiliar.ch\/wp-content\/uploads\/2023\/10\/bob.jpg\" loading=\"lazy\" alt=\"\" class=\"product-desc-img\"><\/div>\r\n          <div class=\"product-desc-txt\">\r\n            <h1 class=\"txt-product-headline\">S\u00e9rie BOB<\/h1>\r\n            <h2 class=\"txt-product-subline\">Fauteuils, canap\u00e9s &amp; tabourets<\/h2>\r\n            <div class=\"w-richtext\">\r\n              <p>La s\u00e9rie de meubles rembourr\u00e9s avec appuie-t\u00eate lat\u00e9raux comprend des fauteuils, des poufs ainsi que des canap\u00e9s 2 et 3 places. Cela permet une grande flexibilit\u00e9 dans l'am\u00e9nagement de l'espace et une adaptation aux diff\u00e9rents besoins. Avec cette s\u00e9rie, cr\u00e9ez des paysages d'assise qui favorisent l'interaction et la convivialit\u00e9 dans votre int\u00e9rieur. D'ailleurs, le canap\u00e9 BOB a \u00e9t\u00e9 \u00e9lu notre meilleur canap\u00e9 pour personnes atteintes de d\u00e9mence.<\/p>\r\n            <\/div>\r\n            <a onclick=\"splite_loader();\" class=\"btn\">Demander un produit<\/a>\r\n          <\/div>\r\n        <\/div>\r\n      <\/div>\r\n    <\/section><\/div>\n\n<div class=\"lazyblock-produkt-slider-ozg-Z1Tq8Lp wp-block-lazyblock-produkt-slider-ozg\"><section class=\"sct\">\r\n  <div class=\"cnt semi\">\r\n    <div class=\"intro-txt\">\r\n        <h2>Mod\u00e8les et versions<\/h2>\r\n    <\/div>\r\n    \r\n    <div class=\"elmnt-similar-products\">\r\n      <div class=\"similar-product\"><img decoding=\"async\" src=\"https:\/\/objektmobiliar.ch\/wp-content\/uploads\/2023\/10\/serie-bob.jpg\" loading=\"eager\" alt=\"BOB - Fauteuil avec appuie-t\u00eates lat\u00e9raux\" class=\"similar-product-img\">\r\n        <div class=\"center\">\r\n          <div class=\"w-richtext\">\r\n            <p><strong>Fauteuil Bob<\/strong><br>220-0008\/S<\/p>\r\n          <\/div>\r\n          \r\n        <\/div>\r\n      <\/div>\r\n      <div class=\"similar-product\"><img decoding=\"async\" src=\"https:\/\/objektmobiliar.ch\/wp-content\/uploads\/2023\/10\/bob-3er-sofa-e1724885458192.jpg\" loading=\"eager\" alt=\"Bob - Canap\u00e9 3 places pour maisons de repos et r\u00e9sidences pour personnes \u00e2g\u00e9es\" class=\"similar-product-img\">\r\n        <div class=\"center\">\r\n          <div class=\"w-richtext\">\r\n            <p><strong>Canap\u00e9 3 places Bob<\/strong><br>220-0010\/S<\/p>\r\n          <\/div>\r\n          \r\n        <\/div>\r\n      <\/div>\r\n      <div class=\"similar-product\"><img decoding=\"async\" src=\"https:\/\/objektmobiliar.ch\/wp-content\/uploads\/2023\/10\/bob-hocker.jpg\" loading=\"eager\" alt=\"BOB - Tabouret\" class=\"similar-product-img\">\r\n        <div class=\"center\">\r\n          <div class=\"w-richtext\">\r\n            <p><strong>Tabouret Bob<\/strong><br>220-0011\/S<\/p>\r\n          <\/div>\r\n          \r\n        <\/div>\r\n      <\/div>\r\n    <\/div>\r\n  <\/div>\r\n  \r\n  <div class=\"cnt narrow\">\r\n    <div class=\"similar-products-nav-pos\">\r\n      <div class=\"w-embed\">\r\n        \r\n      <\/div>\r\n    <\/div>\r\n  <\/div>\r\n<\/section><\/div>\n\n\n<div class=\"wp-block-group\"><div class=\"wp-block-group__inner-container is-layout-constrained wp-block-group-is-layout-constrained\"><section class=\"sct\">\r\n      <div class=\"cnt narrow\">\r\n        <div class=\"introtxt\">\r\n        <div class=\"w-richtext\">\r\n            <h2>Description du produit BOB - Meuble rembourr\u00e9 avec appuie-t\u00eates lat\u00e9raux<\/h2>\r\n        <\/div>\r\n        <\/div>\r\n        \r\n          \n\n\n<figure class=\"wp-block-table is-style-regular\"><table><thead><tr><th>Art. No.<\/th><th>Description<\/th><\/tr><\/thead><tbody><tr><td>220-0008\/S<\/td><td>Fauteuil Bob<\/td><\/tr><tr><td>220-0009\/S<\/td><td>Canap\u00e9 2 places Bob<\/td><\/tr><tr><td>220-0010\/S<\/td><td>Canap\u00e9 3 places Bob<\/td><\/tr><tr><td>220-0011\/S<\/td><td>Tabouret Bob<\/td><\/tr><\/tbody><\/table><\/figure>\n\n\n<\/div><\/section><\/div><\/div>\n\n\n<div class=\"lazyblock-text-modul-ozg-ZAGO9T wp-block-lazyblock-text-modul-ozg\"><section class=\"sct\">\r\n      <div class=\"cnt narrow\">\r\n        <div class=\"w-richtext\">\r\n            <h2>Meubles rembourr\u00e9s avec appuie-t\u00eates lat\u00e9raux : Notre s\u00e9rie BOB<\/h2>\n<p>La s\u00e9rie Bob comprend diff\u00e9rents meubles rembourr\u00e9s avec appuie-t\u00eate lat\u00e9ral : des fauteuils, des canap\u00e9s et le tabouret de jambe assorti. Tous les \u00e9l\u00e9ments de la s\u00e9rie peuvent \u00eatre combin\u00e9s individuellement. Cela permet une grande flexibilit\u00e9 dans l'am\u00e9nagement de l'espace et une adaptation aux diff\u00e9rents besoins et pi\u00e8ces. La nature modulaire de la s\u00e9rie BOB permet de cr\u00e9er des paysages d'assise qui favorisent l'interaction et la convivialit\u00e9. Ceci est particuli\u00e8rement avantageux dans les espaces communs ou publics des maisons de soins. La s\u00e9rie convient \u00e9galement aux services de d\u00e9mence. Le canap\u00e9 BOB a \u00e9t\u00e9 \u00e9lu notre canap\u00e9 pour personnes atteintes de d\u00e9mence le plus populaire.<\/p>\n<p>Les principales caract\u00e9ristiques de la s\u00e9rie BOB sont les appuie-t\u00eate lat\u00e9raux arrondis et les accoudoirs arrondis assortis. Ils font partie int\u00e9grante du style unique de BOB et offrent un confort d'assise optimal ainsi qu'un soutien suppl\u00e9mentaire pour la t\u00eate et la nuque - pour une position assise confortable. De plus, les supports lat\u00e9raux procurent un sentiment de s\u00e9curit\u00e9 et de protection en cr\u00e9ant une zone prot\u00e9g\u00e9e.<\/p>\n<h3>Mat\u00e9riaux et couleurs selon vos souhaits<\/h3>\n<p>Les meubles rembourr\u00e9s avec appuie-t\u00eate lat\u00e9raux de la s\u00e9rie BOB sont fabriqu\u00e9s \u00e0 partir de mat\u00e9riaux de haute qualit\u00e9 qui sont durables et robustes. Vous pouvez choisir parmi une grande vari\u00e9t\u00e9 de mat\u00e9riaux, comme le similicuir ou le microfibre, le rev\u00eatement qui convient exactement \u00e0 votre int\u00e9rieur. Il n'y a pas non plus de limite \u00e0 la couleur des mat\u00e9riaux de rev\u00eatement. Les \u00e9l\u00e9ments en bois sont fabriqu\u00e9s en bois massif et peuvent \u00eatre adapt\u00e9s \u00e0 votre concept d'am\u00e9nagement dans diff\u00e9rentes teintes. Nous nous ferons un plaisir de vous conseiller en d\u00e9tail sur le choix des mat\u00e9riaux, des motifs et des couleurs. Plus d'informations sur <a href=\"https:\/\/objektmobiliar.ch\/fr\/inspiration\/materiaux-et-couleurs\/\">Mat\u00e9riaux et couleurs<\/a> vous trouverez \u00e9galement sur notre site web ou contactez-nous d\u00e8s maintenant.\u00a0<\/p>\r\n        <\/div>\r\n      <\/div>\r\n    <\/section><\/div><style class=\"advgb-styles-renderer\">\r\n            .similar-products-nav li {\r\n              overflow: hidden;\r\n              margin: 0px !important;\r\n              flex-grow: 0 !important;\r\n              flex-shrink: 1 !important;\r\n              flex-basis: 12.5% !important;\r\n              border-style: solid;\r\n              border-width: 2px;\r\n              border-color: transparent;\r\n              border-radius: 8px;\r\n              transition-property: border-color;\r\n              transition-duration: 600ms;\r\n              transition-timing-function: ease;\r\n              cursor: pointer;\r\n            }\r\n            .similar-products-nav li.slick-active {\r\n              border-color: #dde7ef;\r\n            }\r\n            @media screen and (max-width:767px) {\r\n              .similar-products-nav li {\r\n                flex-basis: auto !important;\r\n                border-radius: 8px;\r\n                padding-top: 8px;\r\n                padding-right: 16px;\r\n                padding-bottom: 6px;\r\n                padding-left: 16px;\r\n              }\r\n              .similar-products-nav li.slick-active {\r\n                background-color: #dde7ef;\r\n                transition-property: background-color, border-color;\r\n                transition-duration: 600ms, 200ms;\r\n                transition-timing-function: ease, ease;\r\n                color: #426b8a;\r\n              }\r\n            }\r\n          <\/style>","protected":false},"excerpt":{"rendered":"<p>Sessel mit Seitenkopfst\u00fctzen, modern und grossz\u00fcgig f\u00fcr optimalen Komfort, l\u00e4dt zum Relaxen und auch Schlafen ein. Die Serie BOB wurde zu unserem besten Demenz- Sofa gek\u00fcrt!<\/p>","protected":false},"author":2,"featured_media":308,"parent":220,"menu_order":0,"comment_status":"closed","ping_status":"closed","template":"","meta":{"advgb_blocks_editor_width":"","advgb_blocks_columns_visual_guide":"","footnotes":""},"class_list":["post-309","page","type-page","status-publish","has-post-thumbnail","hentry"],"yoast_head":"<!-- This site is optimized with the Yoast SEO plugin v27.4 - https:\/\/yoast.com\/product\/yoast-seo-wordpress\/ -->\n<title>Polsterm\u00f6bel mit Seitenkopfst\u00fctzen - BOB bei OZG<\/title>\n<meta name=\"description\" content=\"Polsterm\u00f6bel mit Seitenkopfst\u00fctzen - die Serie BOB umfasst Sessel, Hocker sowie 2er und 3er Sofas f\u00fcr individuelle Sitzlandschaften.\" \/>\n<meta name=\"robots\" content=\"index, follow, max-snippet:-1, max-image-preview:large, max-video-preview:-1\" \/>\n<link rel=\"canonical\" href=\"https:\/\/objektmobiliar.ch\/fr\/meubles\/meubles-rembourres-faciles-a-entretenir\/meubles-rembourres-avec-appuie-tetes-lateraux\/\" \/>\n<meta property=\"og:locale\" content=\"fr_FR\" \/>\n<meta property=\"og:type\" content=\"article\" \/>\n<meta property=\"og:title\" content=\"Polsterm\u00f6bel mit Seitenkopfst\u00fctzen - BOB bei OZG\" \/>\n<meta property=\"og:description\" content=\"Polsterm\u00f6bel mit Seitenkopfst\u00fctzen - die Serie BOB umfasst Sessel, Hocker sowie 2er und 3er Sofas f\u00fcr individuelle Sitzlandschaften.\" \/>\n<meta property=\"og:url\" content=\"https:\/\/objektmobiliar.ch\/fr\/meubles\/meubles-rembourres-faciles-a-entretenir\/meubles-rembourres-avec-appuie-tetes-lateraux\/\" \/>\n<meta property=\"og:site_name\" content=\"OZG HEALTHCARE\" \/>\n<meta property=\"article:modified_time\" content=\"2024-08-29T12:27:01+00:00\" \/>\n<meta property=\"og:image\" content=\"https:\/\/objektmobiliar.ch\/wp-content\/uploads\/2023\/10\/bob.jpg\" \/>\n\t<meta property=\"og:image:width\" content=\"1000\" \/>\n\t<meta property=\"og:image:height\" content=\"1000\" \/>\n\t<meta property=\"og:image:type\" content=\"image\/jpeg\" \/>\n<meta name=\"twitter:card\" content=\"summary_large_image\" \/>\n<meta name=\"twitter:label1\" content=\"Dur\u00e9e de lecture estim\u00e9e\" \/>\n\t<meta name=\"twitter:data1\" content=\"3 minutes\" \/>\n<script type=\"application\/ld+json\" class=\"yoast-schema-graph\">{\"@context\":\"https:\\\/\\\/schema.org\",\"@graph\":[{\"@type\":\"WebPage\",\"@id\":\"https:\\\/\\\/objektmobiliar.ch\\\/moebel\\\/pflegegerechte-polstermoebel\\\/polstermoebel-mit-seitenkopfstuetzen\\\/\",\"url\":\"https:\\\/\\\/objektmobiliar.ch\\\/moebel\\\/pflegegerechte-polstermoebel\\\/polstermoebel-mit-seitenkopfstuetzen\\\/\",\"name\":\"Polsterm\u00f6bel mit Seitenkopfst\u00fctzen - BOB bei OZG\",\"isPartOf\":{\"@id\":\"https:\\\/\\\/objektmobiliar.ch\\\/#website\"},\"primaryImageOfPage\":{\"@id\":\"https:\\\/\\\/objektmobiliar.ch\\\/moebel\\\/pflegegerechte-polstermoebel\\\/polstermoebel-mit-seitenkopfstuetzen\\\/#primaryimage\"},\"image\":{\"@id\":\"https:\\\/\\\/objektmobiliar.ch\\\/moebel\\\/pflegegerechte-polstermoebel\\\/polstermoebel-mit-seitenkopfstuetzen\\\/#primaryimage\"},\"thumbnailUrl\":\"https:\\\/\\\/objektmobiliar.ch\\\/wp-content\\\/uploads\\\/2023\\\/10\\\/bob.jpg\",\"datePublished\":\"2023-10-11T12:45:23+00:00\",\"dateModified\":\"2024-08-29T12:27:01+00:00\",\"description\":\"Polsterm\u00f6bel mit Seitenkopfst\u00fctzen - die Serie BOB umfasst Sessel, Hocker sowie 2er und 3er Sofas f\u00fcr individuelle Sitzlandschaften.\",\"breadcrumb\":{\"@id\":\"https:\\\/\\\/objektmobiliar.ch\\\/moebel\\\/pflegegerechte-polstermoebel\\\/polstermoebel-mit-seitenkopfstuetzen\\\/#breadcrumb\"},\"inLanguage\":\"fr-FR\",\"potentialAction\":[{\"@type\":\"ReadAction\",\"target\":[\"https:\\\/\\\/objektmobiliar.ch\\\/moebel\\\/pflegegerechte-polstermoebel\\\/polstermoebel-mit-seitenkopfstuetzen\\\/\"]}]},{\"@type\":\"ImageObject\",\"inLanguage\":\"fr-FR\",\"@id\":\"https:\\\/\\\/objektmobiliar.ch\\\/moebel\\\/pflegegerechte-polstermoebel\\\/polstermoebel-mit-seitenkopfstuetzen\\\/#primaryimage\",\"url\":\"https:\\\/\\\/objektmobiliar.ch\\\/wp-content\\\/uploads\\\/2023\\\/10\\\/bob.jpg\",\"contentUrl\":\"https:\\\/\\\/objektmobiliar.ch\\\/wp-content\\\/uploads\\\/2023\\\/10\\\/bob.jpg\",\"width\":1000,\"height\":1000,\"caption\":\"BOB - Sessel mit Seitenkopfst\u00fctzen\"},{\"@type\":\"BreadcrumbList\",\"@id\":\"https:\\\/\\\/objektmobiliar.ch\\\/moebel\\\/pflegegerechte-polstermoebel\\\/polstermoebel-mit-seitenkopfstuetzen\\\/#breadcrumb\",\"itemListElement\":[{\"@type\":\"ListItem\",\"position\":1,\"name\":\"Startseite\",\"item\":\"https:\\\/\\\/objektmobiliar.ch\\\/\"},{\"@type\":\"ListItem\",\"position\":2,\"name\":\"M\u00f6bel\",\"item\":\"https:\\\/\\\/objektmobiliar.ch\\\/moebel\\\/\"},{\"@type\":\"ListItem\",\"position\":3,\"name\":\"Polsterm\u00f6bel\",\"item\":\"https:\\\/\\\/objektmobiliar.ch\\\/moebel\\\/pflegegerechte-polstermoebel\\\/\"},{\"@type\":\"ListItem\",\"position\":4,\"name\":\"Bob\"}]},{\"@type\":\"WebSite\",\"@id\":\"https:\\\/\\\/objektmobiliar.ch\\\/#website\",\"url\":\"https:\\\/\\\/objektmobiliar.ch\\\/\",\"name\":\"OZG HEALTHCARE\",\"description\":\"Objektmobiliar f\u00fcr Pflege, B\u00fcro, Praxis &amp; Hotellerie\",\"potentialAction\":[{\"@type\":\"SearchAction\",\"target\":{\"@type\":\"EntryPoint\",\"urlTemplate\":\"https:\\\/\\\/objektmobiliar.ch\\\/?s={search_term_string}\"},\"query-input\":{\"@type\":\"PropertyValueSpecification\",\"valueRequired\":true,\"valueName\":\"search_term_string\"}}],\"inLanguage\":\"fr-FR\"}]}<\/script>\n<!-- \/ Yoast SEO plugin. -->","yoast_head_json":{"title":"Meubles rembourr\u00e9s avec appuie-t\u00eates lat\u00e9raux - BOB chez OZG","description":"Meubles rembourr\u00e9s avec appuie-t\u00eate lat\u00e9raux - la s\u00e9rie BOB comprend des fauteuils, des poufs ainsi que des canap\u00e9s 2 et 3 places pour des paysages d'assise individuels.","robots":{"index":"index","follow":"follow","max-snippet":"max-snippet:-1","max-image-preview":"max-image-preview:large","max-video-preview":"max-video-preview:-1"},"canonical":"https:\/\/objektmobiliar.ch\/fr\/meubles\/meubles-rembourres-faciles-a-entretenir\/meubles-rembourres-avec-appuie-tetes-lateraux\/","og_locale":"fr_FR","og_type":"article","og_title":"Polsterm\u00f6bel mit Seitenkopfst\u00fctzen - BOB bei OZG","og_description":"Polsterm\u00f6bel mit Seitenkopfst\u00fctzen - die Serie BOB umfasst Sessel, Hocker sowie 2er und 3er Sofas f\u00fcr individuelle Sitzlandschaften.","og_url":"https:\/\/objektmobiliar.ch\/fr\/meubles\/meubles-rembourres-faciles-a-entretenir\/meubles-rembourres-avec-appuie-tetes-lateraux\/","og_site_name":"OZG HEALTHCARE","article_modified_time":"2024-08-29T12:27:01+00:00","og_image":[{"width":1000,"height":1000,"url":"https:\/\/objektmobiliar.ch\/wp-content\/uploads\/2023\/10\/bob.jpg","type":"image\/jpeg"}],"twitter_card":"summary_large_image","twitter_misc":{"Dur\u00e9e de lecture estim\u00e9e":"3 minutes"},"schema":{"@context":"https:\/\/schema.org","@graph":[{"@type":"WebPage","@id":"https:\/\/objektmobiliar.ch\/moebel\/pflegegerechte-polstermoebel\/polstermoebel-mit-seitenkopfstuetzen\/","url":"https:\/\/objektmobiliar.ch\/moebel\/pflegegerechte-polstermoebel\/polstermoebel-mit-seitenkopfstuetzen\/","name":"Meubles rembourr\u00e9s avec appuie-t\u00eates lat\u00e9raux - BOB chez OZG","isPartOf":{"@id":"https:\/\/objektmobiliar.ch\/#website"},"primaryImageOfPage":{"@id":"https:\/\/objektmobiliar.ch\/moebel\/pflegegerechte-polstermoebel\/polstermoebel-mit-seitenkopfstuetzen\/#primaryimage"},"image":{"@id":"https:\/\/objektmobiliar.ch\/moebel\/pflegegerechte-polstermoebel\/polstermoebel-mit-seitenkopfstuetzen\/#primaryimage"},"thumbnailUrl":"https:\/\/objektmobiliar.ch\/wp-content\/uploads\/2023\/10\/bob.jpg","datePublished":"2023-10-11T12:45:23+00:00","dateModified":"2024-08-29T12:27:01+00:00","description":"Meubles rembourr\u00e9s avec appuie-t\u00eate lat\u00e9raux - la s\u00e9rie BOB comprend des fauteuils, des poufs ainsi que des canap\u00e9s 2 et 3 places pour des paysages d'assise individuels.","breadcrumb":{"@id":"https:\/\/objektmobiliar.ch\/moebel\/pflegegerechte-polstermoebel\/polstermoebel-mit-seitenkopfstuetzen\/#breadcrumb"},"inLanguage":"fr-FR","potentialAction":[{"@type":"ReadAction","target":["https:\/\/objektmobiliar.ch\/moebel\/pflegegerechte-polstermoebel\/polstermoebel-mit-seitenkopfstuetzen\/"]}]},{"@type":"ImageObject","inLanguage":"fr-FR","@id":"https:\/\/objektmobiliar.ch\/moebel\/pflegegerechte-polstermoebel\/polstermoebel-mit-seitenkopfstuetzen\/#primaryimage","url":"https:\/\/objektmobiliar.ch\/wp-content\/uploads\/2023\/10\/bob.jpg","contentUrl":"https:\/\/objektmobiliar.ch\/wp-content\/uploads\/2023\/10\/bob.jpg","width":1000,"height":1000,"caption":"BOB - Sessel mit Seitenkopfst\u00fctzen"},{"@type":"BreadcrumbList","@id":"https:\/\/objektmobiliar.ch\/moebel\/pflegegerechte-polstermoebel\/polstermoebel-mit-seitenkopfstuetzen\/#breadcrumb","itemListElement":[{"@type":"ListItem","position":1,"name":"Startseite","item":"https:\/\/objektmobiliar.ch\/"},{"@type":"ListItem","position":2,"name":"M\u00f6bel","item":"https:\/\/objektmobiliar.ch\/moebel\/"},{"@type":"ListItem","position":3,"name":"Polsterm\u00f6bel","item":"https:\/\/objektmobiliar.ch\/moebel\/pflegegerechte-polstermoebel\/"},{"@type":"ListItem","position":4,"name":"Bob"}]},{"@type":"WebSite","@id":"https:\/\/objektmobiliar.ch\/#website","url":"https:\/\/objektmobiliar.ch\/","name":"OZG HEALTHCARE","description":"Mobilier de collectivit\u00e9 pour les soins, les bureaux, les cabinets m\u00e9dicaux et l'h\u00f4tellerie","potentialAction":[{"@type":"SearchAction","target":{"@type":"EntryPoint","urlTemplate":"https:\/\/objektmobiliar.ch\/?s={search_term_string}"},"query-input":{"@type":"PropertyValueSpecification","valueRequired":true,"valueName":"search_term_string"}}],"inLanguage":"fr-FR"}]}},"coauthors":[],"author_meta":{"author_link":"https:\/\/objektmobiliar.ch\/fr\/author\/alex\/","display_name":"Alex"},"relative_dates":{"created":"Publi\u00e9 3 ans il y a","modified":"Mis \u00e0 jour 2 ans il y a"},"absolute_dates":{"created":"Publi\u00e9 le octobre 11, 2023","modified":"Mise \u00e0 jour le ao\u00fbt 29, 2024"},"absolute_dates_time":{"created":"Publi\u00e9 le octobre 11, 2023 12:45 pm","modified":"Mise \u00e0 jour le ao\u00fbt 29, 2024 12:27 pm"},"featured_img_caption":"","featured_img":"https:\/\/objektmobiliar.ch\/wp-content\/uploads\/2023\/10\/bob-825x510.jpg","series_order":"","_links":{"self":[{"href":"https:\/\/objektmobiliar.ch\/fr\/wp-json\/wp\/v2\/pages\/309","targetHints":{"allow":["GET"]}}],"collection":[{"href":"https:\/\/objektmobiliar.ch\/fr\/wp-json\/wp\/v2\/pages"}],"about":[{"href":"https:\/\/objektmobiliar.ch\/fr\/wp-json\/wp\/v2\/types\/page"}],"author":[{"embeddable":true,"href":"https:\/\/objektmobiliar.ch\/fr\/wp-json\/wp\/v2\/users\/2"}],"replies":[{"embeddable":true,"href":"https:\/\/objektmobiliar.ch\/fr\/wp-json\/wp\/v2\/comments?post=309"}],"version-history":[{"count":10,"href":"https:\/\/objektmobiliar.ch\/fr\/wp-json\/wp\/v2\/pages\/309\/revisions"}],"predecessor-version":[{"id":3821,"href":"https:\/\/objektmobiliar.ch\/fr\/wp-json\/wp\/v2\/pages\/309\/revisions\/3821"}],"up":[{"embeddable":true,"href":"https:\/\/objektmobiliar.ch\/fr\/wp-json\/wp\/v2\/pages\/220"}],"wp:featuredmedia":[{"embeddable":true,"href":"https:\/\/objektmobiliar.ch\/fr\/wp-json\/wp\/v2\/media\/308"}],"wp:attachment":[{"href":"https:\/\/objektmobiliar.ch\/fr\/wp-json\/wp\/v2\/media?parent=309"}],"curies":[{"name":"wp","href":"https:\/\/api.w.org\/{rel}","templated":true}]}}