{"id":296,"date":"2023-10-11T12:12:05","date_gmt":"2023-10-11T12:12:05","guid":{"rendered":"https:\/\/dev.objektmobiliar.ch\/?page_id=296"},"modified":"2025-10-09T11:51:26","modified_gmt":"2025-10-09T11:51:26","slug":"fauteuil-confortable-berna","status":"publish","type":"page","link":"https:\/\/objektmobiliar.ch\/fr\/moebel\/pflegegerechte-polstermoebel\/komfortabler-sessel-berna\/","title":{"rendered":"Berna"},"content":{"rendered":"<div class=\"lazyblock-produkt-detail-ozg-Z2aA3ln wp-block-lazyblock-produkt-detail-ozg\"><section class=\"sct\">\r\n      <div class=\"cnt\">\r\n        <div class=\"elmnt-product-desc\">\r\n          <div class=\"product-desc-box\"><img decoding=\"async\" src=\"https:\/\/objektmobiliar.ch\/wp-content\/uploads\/2023\/10\/berna-ohrensessel.jpg\" loading=\"lazy\" alt=\"\" class=\"product-desc-img\"><\/div>\r\n          <div class=\"product-desc-txt\">\r\n            <h1 class=\"txt-product-headline\">BERNA<\/h1>\r\n            <h2 class=\"txt-product-subline\">Komfortable Sessel f\u00fcr Altersheime<\/h2>\r\n            <div class=\"w-richtext\">\r\n              <div class=\" vc_custom_1634973783995\">\n<div id=\"text-block-4\" class=\"mk-text-block   \">\n<p>Die Serie Berna umfasst komfortable Sessel f\u00fcr Altersheime, die durch ihre besonderen Akzente ins Auge fallen. Harmonische, geschwungene Linien und extravagante Details wie die spezielle Konstruktion der ausgestellten Sesselbeine machen die Berna Sessel zum absoluten Highlight. Zudem bietet die grossz\u00fcgige Polsterung h\u00f6chsten Sitzkomfort und tr\u00e4gt zur gem\u00fctlichen Atmosph\u00e4re in Pflegeeinrichtungen bei.<\/p>\n<p><strong>Bezugsstoffe, Farben und Holzbeizt\u00f6ne sind nach Ihren W\u00fcnschen anpassbar.<\/strong><\/p>\n<\/div>\n<\/div>\r\n            <\/div>\r\n            <a onclick=\"splite_loader();\" class=\"btn\">Produkt anfragen<\/a>\r\n          <\/div>\r\n        <\/div>\r\n      <\/div>\r\n    <\/section><\/div>\n\n<div class=\"lazyblock-produkt-slider-ozg-20wPVB wp-block-lazyblock-produkt-slider-ozg\"><section class=\"sct\">\r\n  <div class=\"cnt semi\">\r\n    <div class=\"intro-txt\">\r\n        <h2>Komfortable Sessel f\u00fcr Altersheime: Modelle<\/h2>\r\n    <\/div>\r\n    \r\n    <div class=\"elmnt-similar-products\">\r\n      <div class=\"similar-product\"><img decoding=\"async\" src=\"https:\/\/objektmobiliar.ch\/wp-content\/uploads\/2025\/04\/Berna-komfortable-Sessel-fuer-Altersheime.jpg\" loading=\"eager\" alt=\"\" class=\"similar-product-img\">\r\n        <div class=\"center\">\r\n          <div class=\"w-richtext\">\r\n            <p>220-0531\/S<br>Berna Sessel<\/p>\r\n          <\/div>\r\n          \r\n        <\/div>\r\n      <\/div>\r\n      <div class=\"similar-product\"><img decoding=\"async\" src=\"https:\/\/objektmobiliar.ch\/wp-content\/uploads\/2025\/04\/Berna-Hocker-zu-Sessel-fuer-Altersheime.jpg\" loading=\"eager\" alt=\"\" class=\"similar-product-img\">\r\n        <div class=\"center\">\r\n          <div class=\"w-richtext\">\r\n            <p>220-0532\/S<br>Berna Hocker<\/p>\r\n          <\/div>\r\n          \r\n        <\/div>\r\n      <\/div>\r\n      <div class=\"similar-product\"><img decoding=\"async\" src=\"https:\/\/objektmobiliar.ch\/wp-content\/uploads\/2023\/10\/berna-ohrensessel-3.jpg\" loading=\"eager\" alt=\"BERNA - R\u00fcckseite\" class=\"similar-product-img\">\r\n        <div class=\"center\">\r\n          <div class=\"w-richtext\">\r\n            <p>220-0530\/S<br>Berna Ohrensessel<\/p>\r\n          <\/div>\r\n          \r\n        <\/div>\r\n      <\/div>\r\n      <div class=\"similar-product\"><img decoding=\"async\" src=\"https:\/\/objektmobiliar.ch\/wp-content\/uploads\/2023\/10\/berna-ohrensessel-4.jpg\" loading=\"eager\" alt=\"BERNA - Seitenansicht\" class=\"similar-product-img\">\r\n        <div class=\"center\">\r\n          <div class=\"w-richtext\">\r\n            <p>220-0530\/S<br>Berna Ohrensessel<\/p>\r\n          <\/div>\r\n          \r\n        <\/div>\r\n      <\/div>\r\n      <div class=\"similar-product\"><img decoding=\"async\" src=\"https:\/\/objektmobiliar.ch\/wp-content\/uploads\/2023\/10\/berna-ohrensessel-2.jpg\" loading=\"eager\" alt=\"BERNA - Bequemer Ohrensessel in auff\u00e4lligem Design\" class=\"similar-product-img\">\r\n        <div class=\"center\">\r\n          <div class=\"w-richtext\">\r\n            <p>220-0530\/S<br>Berna Ohrensessel<\/p>\r\n          <\/div>\r\n          \r\n        <\/div>\r\n      <\/div>\r\n    <\/div>\r\n  <\/div>\r\n  \r\n  <div class=\"cnt narrow\">\r\n    <div class=\"similar-products-nav-pos\">\r\n      <div class=\"w-embed\">\r\n        \r\n      <\/div>\r\n    <\/div>\r\n  <\/div>\r\n<\/section><\/div>\n\n\n<div class=\"wp-block-group\"><div class=\"wp-block-group__inner-container is-layout-constrained wp-block-group-is-layout-constrained\"><section class=\"sct\">\r\n      <div class=\"cnt narrow\">\r\n        <div class=\"introtxt\">\r\n        <div class=\"w-richtext\">\r\n            \r\n        <\/div>\r\n        <\/div>\r\n        \r\n          \n\n\n<figure class=\"wp-block-table is-style-regular\"><table><thead><tr><th>Art. Nr.<\/th><th>Beschreibung<\/th><th>Abmessung<\/th><\/tr><\/thead><tbody><tr><td>220-0530\/S<\/td><td>Berna Ohrensessel<\/td><td>H 109cm, B 77cm, T 81.5cm, SH 47cm<\/td><\/tr><tr><td>220-0531\/S<\/td><td>Berna Sessel<\/td><td>H 87cm, B 77cm, T 77cm, SH46cm<\/td><\/tr><tr><td>220-0532\/S<\/td><td>Berna Hocker<\/td><td>H 43cm, B 56cm, T 46cm<\/td><\/tr><\/tbody><\/table><\/figure>\n\n\n<\/div><\/section><\/div><\/div>\n\n\n<div class=\"lazyblock-bildergalerie-lightbox-ozg-1ecHEL wp-block-lazyblock-bildergalerie-lightbox-ozg\"><section class=\"sct\">\r\n  <div class=\"cnt semi\">\r\n    <div class=\"introtxt\">\r\n    <div class=\"w-richtext\">\r\n        <h2>Referenzen zur M\u00f6belserie &#8220;Berna&#8221;<\/h2>\r\n    <\/div>\r\n    <\/div>\r\n  \r\n    <div class=\"elmnt-imggallery\">\r\n      <a href=\"#\" class=\"imggallery-link w-inline-block w-lightbox\">\r\n        <img decoding=\"async\" src=\"https:\/\/objektmobiliar.ch\/wp-content\/uploads\/2025\/02\/OZG-Objektmobiliar-Referenz-Loungesessel-blau.jpg\" loading=\"lazy\" alt=\"\" class=\"imggallery-img\">\r\n        <script type=\"application\/json\" class=\"w-json\">\r\n            {\r\n              \"items\": [{\r\n\r\n                \"url\": \"https:\/\/objektmobiliar.ch\/wp-content\/uploads\/2025\/02\/OZG-Objektmobiliar-Referenz-Loungesessel-blau.jpg\",\r\n                \"caption\": \"\",\r\n                \"type\": \"image\"\r\n              }],\r\n              \"group\": \"\"\r\n            }\r\n          <\/script>\r\n      <\/a>\r\n      <a href=\"#\" class=\"imggallery-link w-inline-block w-lightbox\">\r\n        <img decoding=\"async\" src=\"https:\/\/objektmobiliar.ch\/wp-content\/uploads\/2023\/12\/260A7871_kompr.jpg\" loading=\"lazy\" alt=\"\" class=\"imggallery-img\">\r\n        <script type=\"application\/json\" class=\"w-json\">\r\n            {\r\n              \"items\": [{\r\n\r\n                \"url\": \"https:\/\/objektmobiliar.ch\/wp-content\/uploads\/2023\/12\/260A7871_kompr.jpg\",\r\n                \"caption\": \"\",\r\n                \"type\": \"image\"\r\n              }],\r\n              \"group\": \"\"\r\n            }\r\n          <\/script>\r\n      <\/a>\r\n      <a href=\"#\" class=\"imggallery-link w-inline-block w-lightbox\">\r\n        <img decoding=\"async\" src=\"https:\/\/objektmobiliar.ch\/wp-content\/uploads\/2025\/04\/Sitzgruppe-Berna-Sessel-1-scaled.jpg\" loading=\"lazy\" alt=\"\" class=\"imggallery-img\">\r\n        <script type=\"application\/json\" class=\"w-json\">\r\n            {\r\n              \"items\": [{\r\n\r\n                \"url\": \"https:\/\/objektmobiliar.ch\/wp-content\/uploads\/2025\/04\/Sitzgruppe-Berna-Sessel-1-scaled.jpg\",\r\n                \"caption\": \"\",\r\n                \"type\": \"image\"\r\n              }],\r\n              \"group\": \"\"\r\n            }\r\n          <\/script>\r\n      <\/a>\r\n      <a href=\"#\" class=\"imggallery-link w-inline-block w-lightbox\">\r\n        <img decoding=\"async\" src=\"https:\/\/objektmobiliar.ch\/wp-content\/uploads\/2023\/12\/260A7905_kompr.jpg\" loading=\"lazy\" alt=\"\" class=\"imggallery-img\">\r\n        <script type=\"application\/json\" class=\"w-json\">\r\n            {\r\n              \"items\": [{\r\n\r\n                \"url\": \"https:\/\/objektmobiliar.ch\/wp-content\/uploads\/2023\/12\/260A7905_kompr.jpg\",\r\n                \"caption\": \"\",\r\n                \"type\": \"image\"\r\n              }],\r\n              \"group\": \"\"\r\n            }\r\n          <\/script>\r\n      <\/a>\r\n    <\/div>\r\n    \r\n  <\/div>\r\n<\/section><\/div>\n\n<div class=\"lazyblock-text-modul-ozg-kYsDl wp-block-lazyblock-text-modul-ozg\"><section class=\"sct\">\r\n      <div class=\"cnt narrow\">\r\n        <div class=\"w-richtext\">\r\n            <h2>Serie BERNA<\/h2>\n<h3>Komfortable Sessel f\u00fcr Altersheime<\/h3>\n<p>Die Serie Berna umfasst komfortable Sessel f\u00fcr Altersheime in verschiedenen Ausf\u00fchrungen. Zur Serie geh\u00f6ren:<\/p>\n<ul>\n<li>ein fester, gepolsterter Ohrensessel mit hoher, umh\u00fcllender R\u00fcckenlehne<\/li>\n<li>ein fest gepolsterter Sessel mit niedriger R\u00fcckenlehne und abnehmbarem Sitz<\/li>\n<li>gepolsterter Hocker bzw. Beinablage<\/li>\n<\/ul>\n<p>Die Serie beeindruckt mit stilvollen Akzenten. Ihre geschwungenen Linien, sanften Rundungen und markanten Details, wie die ausgefallene Konstruktion der ausgestellten Beine, verleihen ihr eine elegante Note und machen sie zum Blickfang. Die charakteristische Form mit Armlehnen pr\u00e4gt ihr Design. Die ausgestellten Beine sorgen f\u00fcr Stabilit\u00e4t, w\u00e4hrend die feste Polsterung von Sitzfl\u00e4che, R\u00fccken- und Armlehnen hohen Komfort bietet \u2013 ideal f\u00fcr langes Sitzen, etwa beim Lesen oder Entspannen. Besonders in Pflegeeinrichtungen f\u00f6rdert er das Wohlbefinden der Bewohnerinnen und Bewohner, bietet ergonomische Unterst\u00fctzung.<\/p>\n<h3>Perfekt anpassbar f\u00fcr Ihre Pflegeeinrichtung<\/h3>\n<p>Die M\u00f6belst\u00fccke der Serie Berna bieten zahlreiche Anpassungsm\u00f6glichkeiten, um sich ideal in das Einrichtungskonzept von Pflegeheimen einzuf\u00fcgen. Sie sind in verschiedenen Materialien wie Mikrofaser, Kunstleder oder Echtleder erh\u00e4ltlich, wodurch sowohl pflegeleichte als auch hochwertige Optionen zur Verf\u00fcgung stehen. Eine vielf\u00e4ltige Farbpalette erm\u00f6glicht eine perfekte Abstimmung auf die bestehende Raumgestaltung. Auch die Holzbeine lassen sich individuell anpassen, w\u00e4hlbar aus unterschiedlichen Holzarten und Beizt\u00f6nen, um ein harmonisches Gesamtbild zu schaffen. Unsere Experten beraten Sie gerne, um eine massgeschneiderte L\u00f6sung zu finden, die sowohl funktional als auch \u00e4sthetisch \u00fcberzeugt. Wir begleiten Sie bis zur finalen Umsetzung, um eine komfortable Atmosph\u00e4re f\u00fcr Bewohnerinnen und Bewohner sowie Besucherinnen und Besucher zu schaffen. Weitere Informationen \u00fcber <a href=\"https:\/\/objektmobiliar.ch\/inspiration\/materialien-und-farben\/\">Materialien und Farben<\/a>\u00a0finden Sie auch auf unserer Website oder kontaktieren Sie uns gleich.\u00a0<\/p>\r\n        <\/div>\r\n            <div class=\"center\"><a href=\"https:\/\/objektmobiliar.ch\/moebel\/pflegegerechte-polstermoebel\/\" class=\"btn\" >Weitere Polsterm\u00f6bel von OZG<\/a><\/div>\r\n      <\/div>\r\n    <\/section><\/div>\n\n<div class=\"lazyblock-text-modul-ozg-Z2uVEDC wp-block-lazyblock-text-modul-ozg\"><section class=\"sct\">\r\n      <div class=\"cnt semi\">\r\n        <div class=\"w-richtext\">\r\n            <p><strong>*Aktion:<\/strong> Profitieren Sie ab sofort und bis zum 31. Mai 2025 von 10% Rabatt auf alle Sitzm\u00f6bel der &#8220;Berna&#8221; Serie\u00a0im Sortiment on OZG. Der Rabatt ist nicht kumulierbar mit bestehenden Offerten, bereits get\u00e4tigten Bestellungen oder anderen OZG Aktionen sowie kundenspezifischen Rabatten oder Preisen.<\/p>\r\n        <\/div>\r\n      <\/div>\r\n    <\/section><\/div><style class=\"advgb-styles-renderer\">\r\n            .similar-products-nav li {\r\n              overflow: hidden;\r\n              margin: 0px !important;\r\n              flex-grow: 0 !important;\r\n              flex-shrink: 1 !important;\r\n              flex-basis: 12.5% !important;\r\n              border-style: solid;\r\n              border-width: 2px;\r\n              border-color: transparent;\r\n              border-radius: 8px;\r\n              transition-property: border-color;\r\n              transition-duration: 600ms;\r\n              transition-timing-function: ease;\r\n              cursor: pointer;\r\n            }\r\n            .similar-products-nav li.slick-active {\r\n              border-color: #dde7ef;\r\n            }\r\n            @media screen and (max-width:767px) {\r\n              .similar-products-nav li {\r\n                flex-basis: auto !important;\r\n                border-radius: 8px;\r\n                padding-top: 8px;\r\n                padding-right: 16px;\r\n                padding-bottom: 6px;\r\n                padding-left: 16px;\r\n              }\r\n              .similar-products-nav li.slick-active {\r\n                background-color: #dde7ef;\r\n                transition-property: background-color, border-color;\r\n                transition-duration: 600ms, 200ms;\r\n                transition-timing-function: ease, ease;\r\n                color: #426b8a;\r\n              }\r\n            }\r\n          <\/style>","protected":false},"excerpt":{"rendered":"<p>Der Ohrensessel im Midcentury-Style f\u00e4llt durch seine besonderen Akzente ins Auge. Geschwungene Linien, runde Formen und extravagante Details wie die spezielle Konstruktion der ausgestellten Sesselbein machen das M\u00f6belst\u00fcck zum absoluten Highlight.<\/p>","protected":false},"author":2,"featured_media":295,"parent":220,"menu_order":0,"comment_status":"closed","ping_status":"closed","template":"","meta":{"advgb_blocks_editor_width":"","advgb_blocks_columns_visual_guide":"","footnotes":""},"class_list":["post-296","page","type-page","status-publish","has-post-thumbnail","hentry"],"yoast_head":"<!-- This site is optimized with the Yoast SEO plugin v27.4 - https:\/\/yoast.com\/product\/yoast-seo-wordpress\/ -->\n<title>Komfortable Sessel f\u00fcr Altersheime - bei OZG<\/title>\n<meta name=\"description\" content=\"Die Serie Berna umfasst verschiedene komfortable Sessel f\u00fcr Altersheime. Sie \u00fcberzeugen durch ihre geschwungenen Linien ausgestellten Beine.\" \/>\n<meta name=\"robots\" content=\"index, follow, max-snippet:-1, max-image-preview:large, max-video-preview:-1\" \/>\n<link rel=\"canonical\" href=\"https:\/\/objektmobiliar.ch\/fr\/meubles\/meubles-rembourres-faciles-a-entretenir\/fauteuil-confortable-berna\/\" \/>\n<meta property=\"og:locale\" content=\"fr_FR\" \/>\n<meta property=\"og:type\" content=\"article\" \/>\n<meta property=\"og:title\" content=\"Komfortable Sessel f\u00fcr Altersheime - bei OZG\" \/>\n<meta property=\"og:description\" content=\"Die Serie Berna umfasst verschiedene komfortable Sessel f\u00fcr Altersheime. Sie \u00fcberzeugen durch ihre geschwungenen Linien ausgestellten Beine.\" \/>\n<meta property=\"og:url\" content=\"https:\/\/objektmobiliar.ch\/fr\/meubles\/meubles-rembourres-faciles-a-entretenir\/fauteuil-confortable-berna\/\" \/>\n<meta property=\"og:site_name\" content=\"OZG HEALTHCARE\" \/>\n<meta property=\"article:modified_time\" content=\"2025-10-09T11:51:26+00:00\" \/>\n<meta property=\"og:image\" content=\"https:\/\/objektmobiliar.ch\/wp-content\/uploads\/2023\/10\/berna-ohrensessel.jpg\" \/>\n\t<meta property=\"og:image:width\" content=\"1000\" \/>\n\t<meta property=\"og:image:height\" content=\"1000\" \/>\n\t<meta property=\"og:image:type\" content=\"image\/jpeg\" \/>\n<meta name=\"twitter:card\" content=\"summary_large_image\" \/>\n<meta name=\"twitter:label1\" content=\"Dur\u00e9e de lecture estim\u00e9e\" \/>\n\t<meta name=\"twitter:data1\" content=\"5 minutes\" \/>\n<script type=\"application\/ld+json\" class=\"yoast-schema-graph\">{\"@context\":\"https:\\\/\\\/schema.org\",\"@graph\":[{\"@type\":\"WebPage\",\"@id\":\"https:\\\/\\\/objektmobiliar.ch\\\/moebel\\\/pflegegerechte-polstermoebel\\\/komfortabler-sessel-berna\\\/\",\"url\":\"https:\\\/\\\/objektmobiliar.ch\\\/moebel\\\/pflegegerechte-polstermoebel\\\/komfortabler-sessel-berna\\\/\",\"name\":\"Komfortable Sessel f\u00fcr Altersheime - bei OZG\",\"isPartOf\":{\"@id\":\"https:\\\/\\\/objektmobiliar.ch\\\/#website\"},\"primaryImageOfPage\":{\"@id\":\"https:\\\/\\\/objektmobiliar.ch\\\/moebel\\\/pflegegerechte-polstermoebel\\\/komfortabler-sessel-berna\\\/#primaryimage\"},\"image\":{\"@id\":\"https:\\\/\\\/objektmobiliar.ch\\\/moebel\\\/pflegegerechte-polstermoebel\\\/komfortabler-sessel-berna\\\/#primaryimage\"},\"thumbnailUrl\":\"https:\\\/\\\/objektmobiliar.ch\\\/wp-content\\\/uploads\\\/2023\\\/10\\\/berna-ohrensessel.jpg\",\"datePublished\":\"2023-10-11T12:12:05+00:00\",\"dateModified\":\"2025-10-09T11:51:26+00:00\",\"description\":\"Die Serie Berna umfasst verschiedene komfortable Sessel f\u00fcr Altersheime. Sie \u00fcberzeugen durch ihre geschwungenen Linien ausgestellten Beine.\",\"breadcrumb\":{\"@id\":\"https:\\\/\\\/objektmobiliar.ch\\\/moebel\\\/pflegegerechte-polstermoebel\\\/komfortabler-sessel-berna\\\/#breadcrumb\"},\"inLanguage\":\"fr-FR\",\"potentialAction\":[{\"@type\":\"ReadAction\",\"target\":[\"https:\\\/\\\/objektmobiliar.ch\\\/moebel\\\/pflegegerechte-polstermoebel\\\/komfortabler-sessel-berna\\\/\"]}]},{\"@type\":\"ImageObject\",\"inLanguage\":\"fr-FR\",\"@id\":\"https:\\\/\\\/objektmobiliar.ch\\\/moebel\\\/pflegegerechte-polstermoebel\\\/komfortabler-sessel-berna\\\/#primaryimage\",\"url\":\"https:\\\/\\\/objektmobiliar.ch\\\/wp-content\\\/uploads\\\/2023\\\/10\\\/berna-ohrensessel.jpg\",\"contentUrl\":\"https:\\\/\\\/objektmobiliar.ch\\\/wp-content\\\/uploads\\\/2023\\\/10\\\/berna-ohrensessel.jpg\",\"width\":1000,\"height\":1000,\"caption\":\"komfortable Ohrensessel f\u00fcr Altersheime\"},{\"@type\":\"BreadcrumbList\",\"@id\":\"https:\\\/\\\/objektmobiliar.ch\\\/moebel\\\/pflegegerechte-polstermoebel\\\/komfortabler-sessel-berna\\\/#breadcrumb\",\"itemListElement\":[{\"@type\":\"ListItem\",\"position\":1,\"name\":\"Startseite\",\"item\":\"https:\\\/\\\/objektmobiliar.ch\\\/\"},{\"@type\":\"ListItem\",\"position\":2,\"name\":\"M\u00f6bel\",\"item\":\"https:\\\/\\\/objektmobiliar.ch\\\/moebel\\\/\"},{\"@type\":\"ListItem\",\"position\":3,\"name\":\"Polsterm\u00f6bel\",\"item\":\"https:\\\/\\\/objektmobiliar.ch\\\/moebel\\\/pflegegerechte-polstermoebel\\\/\"},{\"@type\":\"ListItem\",\"position\":4,\"name\":\"Berna\"}]},{\"@type\":\"WebSite\",\"@id\":\"https:\\\/\\\/objektmobiliar.ch\\\/#website\",\"url\":\"https:\\\/\\\/objektmobiliar.ch\\\/\",\"name\":\"OZG HEALTHCARE\",\"description\":\"Objektmobiliar f\u00fcr Pflege, B\u00fcro, Praxis &amp; Hotellerie\",\"potentialAction\":[{\"@type\":\"SearchAction\",\"target\":{\"@type\":\"EntryPoint\",\"urlTemplate\":\"https:\\\/\\\/objektmobiliar.ch\\\/?s={search_term_string}\"},\"query-input\":{\"@type\":\"PropertyValueSpecification\",\"valueRequired\":true,\"valueName\":\"search_term_string\"}}],\"inLanguage\":\"fr-FR\"}]}<\/script>\n<!-- \/ Yoast SEO plugin. -->","yoast_head_json":{"title":"Des fauteuils confortables pour les maisons de retraite - chez OZG","description":"La s\u00e9rie Berna comprend diff\u00e9rents fauteuils confortables pour les maisons de retraite. Ils s\u00e9duisent par leurs pieds \u00e9vas\u00e9s aux lignes courbes.","robots":{"index":"index","follow":"follow","max-snippet":"max-snippet:-1","max-image-preview":"max-image-preview:large","max-video-preview":"max-video-preview:-1"},"canonical":"https:\/\/objektmobiliar.ch\/fr\/meubles\/meubles-rembourres-faciles-a-entretenir\/fauteuil-confortable-berna\/","og_locale":"fr_FR","og_type":"article","og_title":"Komfortable Sessel f\u00fcr Altersheime - bei OZG","og_description":"Die Serie Berna umfasst verschiedene komfortable Sessel f\u00fcr Altersheime. Sie \u00fcberzeugen durch ihre geschwungenen Linien ausgestellten Beine.","og_url":"https:\/\/objektmobiliar.ch\/fr\/meubles\/meubles-rembourres-faciles-a-entretenir\/fauteuil-confortable-berna\/","og_site_name":"OZG HEALTHCARE","article_modified_time":"2025-10-09T11:51:26+00:00","og_image":[{"width":1000,"height":1000,"url":"https:\/\/objektmobiliar.ch\/wp-content\/uploads\/2023\/10\/berna-ohrensessel.jpg","type":"image\/jpeg"}],"twitter_card":"summary_large_image","twitter_misc":{"Dur\u00e9e de lecture estim\u00e9e":"5 minutes"},"schema":{"@context":"https:\/\/schema.org","@graph":[{"@type":"WebPage","@id":"https:\/\/objektmobiliar.ch\/moebel\/pflegegerechte-polstermoebel\/komfortabler-sessel-berna\/","url":"https:\/\/objektmobiliar.ch\/moebel\/pflegegerechte-polstermoebel\/komfortabler-sessel-berna\/","name":"Des fauteuils confortables pour les maisons de retraite - chez OZG","isPartOf":{"@id":"https:\/\/objektmobiliar.ch\/#website"},"primaryImageOfPage":{"@id":"https:\/\/objektmobiliar.ch\/moebel\/pflegegerechte-polstermoebel\/komfortabler-sessel-berna\/#primaryimage"},"image":{"@id":"https:\/\/objektmobiliar.ch\/moebel\/pflegegerechte-polstermoebel\/komfortabler-sessel-berna\/#primaryimage"},"thumbnailUrl":"https:\/\/objektmobiliar.ch\/wp-content\/uploads\/2023\/10\/berna-ohrensessel.jpg","datePublished":"2023-10-11T12:12:05+00:00","dateModified":"2025-10-09T11:51:26+00:00","description":"La s\u00e9rie Berna comprend diff\u00e9rents fauteuils confortables pour les maisons de retraite. Ils s\u00e9duisent par leurs pieds \u00e9vas\u00e9s aux lignes courbes.","breadcrumb":{"@id":"https:\/\/objektmobiliar.ch\/moebel\/pflegegerechte-polstermoebel\/komfortabler-sessel-berna\/#breadcrumb"},"inLanguage":"fr-FR","potentialAction":[{"@type":"ReadAction","target":["https:\/\/objektmobiliar.ch\/moebel\/pflegegerechte-polstermoebel\/komfortabler-sessel-berna\/"]}]},{"@type":"ImageObject","inLanguage":"fr-FR","@id":"https:\/\/objektmobiliar.ch\/moebel\/pflegegerechte-polstermoebel\/komfortabler-sessel-berna\/#primaryimage","url":"https:\/\/objektmobiliar.ch\/wp-content\/uploads\/2023\/10\/berna-ohrensessel.jpg","contentUrl":"https:\/\/objektmobiliar.ch\/wp-content\/uploads\/2023\/10\/berna-ohrensessel.jpg","width":1000,"height":1000,"caption":"komfortable Ohrensessel f\u00fcr Altersheime"},{"@type":"BreadcrumbList","@id":"https:\/\/objektmobiliar.ch\/moebel\/pflegegerechte-polstermoebel\/komfortabler-sessel-berna\/#breadcrumb","itemListElement":[{"@type":"ListItem","position":1,"name":"Startseite","item":"https:\/\/objektmobiliar.ch\/"},{"@type":"ListItem","position":2,"name":"M\u00f6bel","item":"https:\/\/objektmobiliar.ch\/moebel\/"},{"@type":"ListItem","position":3,"name":"Polsterm\u00f6bel","item":"https:\/\/objektmobiliar.ch\/moebel\/pflegegerechte-polstermoebel\/"},{"@type":"ListItem","position":4,"name":"Berna"}]},{"@type":"WebSite","@id":"https:\/\/objektmobiliar.ch\/#website","url":"https:\/\/objektmobiliar.ch\/","name":"OZG HEALTHCARE","description":"Mobilier de collectivit\u00e9 pour les soins, les bureaux, les cabinets m\u00e9dicaux et l'h\u00f4tellerie","potentialAction":[{"@type":"SearchAction","target":{"@type":"EntryPoint","urlTemplate":"https:\/\/objektmobiliar.ch\/?s={search_term_string}"},"query-input":{"@type":"PropertyValueSpecification","valueRequired":true,"valueName":"search_term_string"}}],"inLanguage":"fr-FR"}]}},"coauthors":[],"author_meta":{"author_link":"https:\/\/objektmobiliar.ch\/fr\/author\/alex\/","display_name":"Alex"},"relative_dates":{"created":"Publi\u00e9 3 ans il y a","modified":"Mis \u00e0 jour 6 mois il y a"},"absolute_dates":{"created":"Publi\u00e9 le octobre 11, 2023","modified":"Mise \u00e0 jour le octobre 9, 2025"},"absolute_dates_time":{"created":"Publi\u00e9 le octobre 11, 2023 12:12 pm","modified":"Mise \u00e0 jour le octobre 9, 2025 11:51 am"},"featured_img_caption":"","featured_img":"https:\/\/objektmobiliar.ch\/wp-content\/uploads\/2023\/10\/berna-ohrensessel-825x510.jpg","series_order":"","_links":{"self":[{"href":"https:\/\/objektmobiliar.ch\/fr\/wp-json\/wp\/v2\/pages\/296","targetHints":{"allow":["GET"]}}],"collection":[{"href":"https:\/\/objektmobiliar.ch\/fr\/wp-json\/wp\/v2\/pages"}],"about":[{"href":"https:\/\/objektmobiliar.ch\/fr\/wp-json\/wp\/v2\/types\/page"}],"author":[{"embeddable":true,"href":"https:\/\/objektmobiliar.ch\/fr\/wp-json\/wp\/v2\/users\/2"}],"replies":[{"embeddable":true,"href":"https:\/\/objektmobiliar.ch\/fr\/wp-json\/wp\/v2\/comments?post=296"}],"version-history":[{"count":45,"href":"https:\/\/objektmobiliar.ch\/fr\/wp-json\/wp\/v2\/pages\/296\/revisions"}],"predecessor-version":[{"id":5606,"href":"https:\/\/objektmobiliar.ch\/fr\/wp-json\/wp\/v2\/pages\/296\/revisions\/5606"}],"up":[{"embeddable":true,"href":"https:\/\/objektmobiliar.ch\/fr\/wp-json\/wp\/v2\/pages\/220"}],"wp:featuredmedia":[{"embeddable":true,"href":"https:\/\/objektmobiliar.ch\/fr\/wp-json\/wp\/v2\/media\/295"}],"wp:attachment":[{"href":"https:\/\/objektmobiliar.ch\/fr\/wp-json\/wp\/v2\/media?parent=296"}],"curies":[{"name":"wp","href":"https:\/\/api.w.org\/{rel}","templated":true}]}}