{"id":2828,"date":"2024-02-07T11:30:58","date_gmt":"2024-02-07T11:30:58","guid":{"rendered":"https:\/\/objektmobiliar.ch\/?page_id=2828"},"modified":"2024-09-02T08:13:12","modified_gmt":"2024-09-02T08:13:12","slug":"le-canape-lounge-moderne","status":"publish","type":"page","link":"https:\/\/objektmobiliar.ch\/fr\/moebel\/pflegegerechte-polstermoebel\/das-moderne-lounge-sofa\/","title":{"rendered":"Canap\u00e9 Aruna"},"content":{"rendered":"<div class=\"lazyblock-produkt-detail-ozg-zryS3 wp-block-lazyblock-produkt-detail-ozg\"><section class=\"sct\">\r\n      <div class=\"cnt\">\r\n        <div class=\"elmnt-product-desc\">\r\n          <div class=\"product-desc-box\"><img decoding=\"async\" src=\"https:\/\/objektmobiliar.ch\/wp-content\/uploads\/2023\/10\/aruna-sofa.jpg\" loading=\"lazy\" alt=\"\" class=\"product-desc-img\"><\/div>\r\n          <div class=\"product-desc-txt\">\r\n            <h1 class=\"txt-product-headline\">Canap\u00e9 Aruna<\/h1>\r\n            <h2 class=\"txt-product-subline\">Le canap\u00e9 lounge moderne pour les \u00e9tablissements de soins<\/h2>\r\n            <div class=\"w-richtext\">\r\n              <p>Le canap\u00e9 lounge moderne pour \u00e9tablissements de soins ARUNA allie \u00e9l\u00e9gamment confort et style, ce qui en fait le compl\u00e9ment id\u00e9al pour les \u00e9tablissements de soins. Gr\u00e2ce \u00e0 ses lignes courbes, ses formes arrondies et ses d\u00e9tails uniques, le canap\u00e9 lounge moderne ARUNA attire imm\u00e9diatement l'attention. On notera en particulier les pieds \u00e9vas\u00e9s sp\u00e9cialement con\u00e7us, qui conf\u00e8rent au canap\u00e9 une touche particuli\u00e8re et en font un v\u00e9ritable point de mire dans la zone d'accueil ou la salle de s\u00e9jour.<\/p>\r\n            <\/div>\r\n            <a onclick=\"splite_loader();\" class=\"btn\">Demander un produit<\/a>\r\n          <\/div>\r\n        <\/div>\r\n      <\/div>\r\n    <\/section><\/div>\n\n<div class=\"lazyblock-produkt-slider-ozg-1J7LBl wp-block-lazyblock-produkt-slider-ozg\"><section class=\"sct\">\r\n  <div class=\"cnt semi\">\r\n    <div class=\"intro-txt\">\r\n        <h2>Mod\u00e8les et versions<\/h2>\r\n    <\/div>\r\n    \r\n    <div class=\"elmnt-similar-products\">\r\n      <div class=\"similar-product\"><img decoding=\"async\" src=\"https:\/\/objektmobiliar.ch\/wp-content\/uploads\/2023\/10\/aruna-sessel.jpg\" loading=\"eager\" alt=\"Le fauteuil de d\u00e9tente moderne pour les \u00e9tablissements de soins\" class=\"similar-product-img\">\r\n        <div class=\"center\">\r\n          <div class=\"w-richtext\">\r\n            <p><strong>Fauteuil Aruna<\/strong><br>N\u00b0 d'art. 220-0910<\/p>\r\n          <\/div>\r\n          <a href=\"https:\/\/objektmobiliar.ch\/fr\/meubles\/meubles-rembourres-faciles-a-entretenir\/le-fauteuil-lounge-moderne\/\" class=\"btn similarproducts\">Passer au produit<\/a>\r\n        <\/div>\r\n      <\/div>\r\n      <div class=\"similar-product\"><img decoding=\"async\" src=\"https:\/\/objektmobiliar.ch\/wp-content\/uploads\/2023\/10\/aruna-sofa.jpg\" loading=\"eager\" alt=\"Le canap\u00e9 lounge confortable pour les \u00e9tablissements de soins\" class=\"similar-product-img\">\r\n        <div class=\"center\">\r\n          <div class=\"w-richtext\">\r\n            <p><strong>Canap\u00e9 2 places Aruna<\/strong><br>N\u00b0 d'art. 220-0915<\/p>\r\n          <\/div>\r\n          <a href=\"https:\/\/objektmobiliar.ch\/fr\/meubles\/meubles-rembourres-faciles-a-entretenir\/le-canape-lounge-moderne\/\" class=\"btn similarproducts\">Passer au produit<\/a>\r\n        <\/div>\r\n      <\/div>\r\n      <div class=\"similar-product\"><img decoding=\"async\" src=\"https:\/\/objektmobiliar.ch\/wp-content\/uploads\/2023\/10\/aruna-sofa-02.jpg\" loading=\"eager\" alt=\"Canap\u00e9 Aruna\" class=\"similar-product-img\">\r\n        <div class=\"center\">\r\n          <div class=\"w-richtext\">\r\n            <p><strong>Canap\u00e9 2 places Aruna<\/strong><br>N\u00b0 d'art. 220-0915<\/p>\r\n          <\/div>\r\n          \r\n        <\/div>\r\n      <\/div>\r\n    <\/div>\r\n  <\/div>\r\n  \r\n  <div class=\"cnt narrow\">\r\n    <div class=\"similar-products-nav-pos\">\r\n      <div class=\"w-embed\">\r\n        \r\n      <\/div>\r\n    <\/div>\r\n  <\/div>\r\n<\/section><\/div>\n\n\n<div class=\"wp-block-group\"><div class=\"wp-block-group__inner-container is-layout-constrained wp-block-group-is-layout-constrained\">\n<div class=\"wp-block-group\"><div class=\"wp-block-group__inner-container is-layout-constrained wp-block-group-is-layout-constrained\"><section class=\"sct\">\r\n      <div class=\"cnt narrow\">\r\n        <div class=\"introtxt\">\r\n        <div class=\"w-richtext\">\r\n            <h2>Description du produit<\/h2>\r\n        <\/div>\r\n        <\/div>\r\n        \r\n          \n\n\n<figure class=\"wp-block-table is-style-regular\"><table><thead><tr><th>Art. No.<\/th><th>Description<\/th><th><\/th><\/tr><\/thead><tbody><tr><td>220-0910<\/td><td>Fauteuil Aruna<\/td><td><a href=\"https:\/\/objektmobiliar.ch\/fr\/meubles\/meubles-rembourres-faciles-a-entretenir\/le-fauteuil-lounge-moderne\/\">Passer au produit<\/a><\/td><\/tr><tr><td>220-0915<\/td><td>Canap\u00e9 2 places Aruna<\/td><td><a href=\"https:\/\/objektmobiliar.ch\/fr\/meubles\/meubles-rembourres-faciles-a-entretenir\/le-canape-lounge-moderne\/\">Passer au produit<\/a><\/td><\/tr><\/tbody><\/table><\/figure>\n\n\n<\/div><\/section><\/div><\/div>\n<\/div><\/div>\n\n\n<div class=\"lazyblock-text-modul-ozg-Z1COt0M wp-block-lazyblock-text-modul-ozg\"><section class=\"sct\">\r\n      <div class=\"cnt narrow\">\r\n        <div class=\"w-richtext\">\r\n            <h2>ARUNA<\/h2>\n<h3>Le canap\u00e9 lounge moderne pour les \u00e9tablissements de soins<\/h3>\n<p>Le canap\u00e9 moderne pour \u00e9tablissements de soins Aruna se distingue par son design moderne et l\u00e9ger, sp\u00e9cialement con\u00e7u pour r\u00e9pondre aux exigences des maisons de soins. Ses lignes courbes, ses formes arrondies et ses d\u00e9tails uniques, tels que le rembourrage interrompu au niveau du dos et les pieds stables et \u00e9vas\u00e9s, conf\u00e8rent au meuble une \u00e9l\u00e9gance particuli\u00e8re. Gr\u00e2ce \u00e0 ces caract\u00e9ristiques, le canap\u00e9 convient parfaitement aux espaces communs des maisons de soins et est particuli\u00e8rement appr\u00e9ci\u00e9 des groupes de vie compos\u00e9s de jeunes r\u00e9sidents. En combinaison avec le fauteuil lounge ARUNA assorti, on obtient un paysage de si\u00e8ges styl\u00e9s et fonctionnels, \u00e0 la fois esth\u00e9tiques et ergonomiques. Cette combinaison cr\u00e9e une atmosph\u00e8re accueillante dans laquelle les r\u00e9sidents se sentent \u00e0 l'aise et peuvent se d\u00e9tendre.<\/p>\n<h3>Canap\u00e9 lounge moderne pour les maisons de soins : polyvalent et adaptable<\/h3>\n<p>Le canap\u00e9 lounge moderne pour les \u00e9tablissements de soins ARUNA convainc non seulement par son grand confort d'assise et sa conception ergonomique, mais aussi par son choix de mat\u00e9riaux et de couleurs. Il est disponible en diff\u00e9rents mat\u00e9riaux comme la microfibre, le similicuir et le cuir v\u00e9ritable et offre une large palette de couleurs. Les pieds en bois stables peuvent \u00eatre adapt\u00e9s individuellement au concept d'am\u00e9nagement de l'\u00e9tablissement de soins. Choisissez parmi diff\u00e9rentes essences de bois et teintes afin d'int\u00e9grer parfaitement le canap\u00e9 \u00e0 l'ambiance de la maison de soins. Nos experts se tiennent \u00e0 votre disposition pour vous conseiller et trouver ensemble une solution sur mesure pour votre \u00e9tablissement de soins. Plus d'informations sur <a href=\"https:\/\/objektmobiliar.ch\/fr\/inspiration\/materiaux-et-couleurs\/\">Mat\u00e9riaux et couleurs<\/a>\u00a0sont \u00e9galement disponibles sur notre site web.<\/p>\r\n        <\/div>\r\n      <\/div>\r\n    <\/section><\/div><style class=\"advgb-styles-renderer\">\r\n            .similar-products-nav li {\r\n              overflow: hidden;\r\n              margin: 0px !important;\r\n              flex-grow: 0 !important;\r\n              flex-shrink: 1 !important;\r\n              flex-basis: 12.5% !important;\r\n              border-style: solid;\r\n              border-width: 2px;\r\n              border-color: transparent;\r\n              border-radius: 8px;\r\n              transition-property: border-color;\r\n              transition-duration: 600ms;\r\n              transition-timing-function: ease;\r\n              cursor: pointer;\r\n            }\r\n            .similar-products-nav li.slick-active {\r\n              border-color: #dde7ef;\r\n            }\r\n            @media screen and (max-width:767px) {\r\n              .similar-products-nav li {\r\n                flex-basis: auto !important;\r\n                border-radius: 8px;\r\n                padding-top: 8px;\r\n                padding-right: 16px;\r\n                padding-bottom: 6px;\r\n                padding-left: 16px;\r\n              }\r\n              .similar-products-nav li.slick-active {\r\n                background-color: #dde7ef;\r\n                transition-property: background-color, border-color;\r\n                transition-duration: 600ms, 200ms;\r\n                transition-timing-function: ease, ease;\r\n                color: #426b8a;\r\n              }\r\n            }\r\n          <\/style>","protected":false},"excerpt":{"rendered":"","protected":false},"author":2,"featured_media":224,"parent":220,"menu_order":0,"comment_status":"closed","ping_status":"closed","template":"","meta":{"advgb_blocks_editor_width":"","advgb_blocks_columns_visual_guide":"","footnotes":""},"class_list":["post-2828","page","type-page","status-publish","has-post-thumbnail","hentry"],"yoast_head":"<!-- This site is optimized with the Yoast SEO plugin v27.4 - https:\/\/yoast.com\/product\/yoast-seo-wordpress\/ -->\n<title>Das moderne Lounge-Sofa f\u00fcr Pflegeeinrichtungen bei OZG<\/title>\n<meta name=\"description\" content=\"Das moderne Lounge-Sofa f\u00fcr Pflegeeinrichtungen vereint auf elegante Weise Komfort und Stil und ist ideal f\u00fcr Seniorenheime.\" \/>\n<meta name=\"robots\" content=\"index, follow, max-snippet:-1, max-image-preview:large, max-video-preview:-1\" \/>\n<link rel=\"canonical\" href=\"https:\/\/objektmobiliar.ch\/fr\/meubles\/meubles-rembourres-faciles-a-entretenir\/le-canape-lounge-moderne\/\" \/>\n<meta property=\"og:locale\" content=\"fr_FR\" \/>\n<meta property=\"og:type\" content=\"article\" \/>\n<meta property=\"og:title\" content=\"Das moderne Lounge-Sofa f\u00fcr Pflegeeinrichtungen bei OZG\" \/>\n<meta property=\"og:description\" content=\"Das moderne Lounge-Sofa f\u00fcr Pflegeeinrichtungen vereint auf elegante Weise Komfort und Stil und ist ideal f\u00fcr Seniorenheime.\" \/>\n<meta property=\"og:url\" content=\"https:\/\/objektmobiliar.ch\/fr\/meubles\/meubles-rembourres-faciles-a-entretenir\/le-canape-lounge-moderne\/\" \/>\n<meta property=\"og:site_name\" content=\"OZG HEALTHCARE\" \/>\n<meta property=\"article:modified_time\" content=\"2024-09-02T08:13:12+00:00\" \/>\n<meta property=\"og:image\" content=\"https:\/\/objektmobiliar.ch\/wp-content\/uploads\/2023\/10\/aruna-sofa.jpg\" \/>\n\t<meta property=\"og:image:width\" content=\"1000\" \/>\n\t<meta property=\"og:image:height\" content=\"1000\" \/>\n\t<meta property=\"og:image:type\" content=\"image\/jpeg\" \/>\n<meta name=\"twitter:card\" content=\"summary_large_image\" \/>\n<meta name=\"twitter:label1\" content=\"Dur\u00e9e de lecture estim\u00e9e\" \/>\n\t<meta name=\"twitter:data1\" content=\"3 minutes\" \/>\n<script type=\"application\/ld+json\" class=\"yoast-schema-graph\">{\"@context\":\"https:\\\/\\\/schema.org\",\"@graph\":[{\"@type\":\"WebPage\",\"@id\":\"https:\\\/\\\/objektmobiliar.ch\\\/moebel\\\/pflegegerechte-polstermoebel\\\/das-moderne-lounge-sofa\\\/\",\"url\":\"https:\\\/\\\/objektmobiliar.ch\\\/moebel\\\/pflegegerechte-polstermoebel\\\/das-moderne-lounge-sofa\\\/\",\"name\":\"Das moderne Lounge-Sofa f\u00fcr Pflegeeinrichtungen bei OZG\",\"isPartOf\":{\"@id\":\"https:\\\/\\\/objektmobiliar.ch\\\/#website\"},\"primaryImageOfPage\":{\"@id\":\"https:\\\/\\\/objektmobiliar.ch\\\/moebel\\\/pflegegerechte-polstermoebel\\\/das-moderne-lounge-sofa\\\/#primaryimage\"},\"image\":{\"@id\":\"https:\\\/\\\/objektmobiliar.ch\\\/moebel\\\/pflegegerechte-polstermoebel\\\/das-moderne-lounge-sofa\\\/#primaryimage\"},\"thumbnailUrl\":\"https:\\\/\\\/objektmobiliar.ch\\\/wp-content\\\/uploads\\\/2023\\\/10\\\/aruna-sofa.jpg\",\"datePublished\":\"2024-02-07T11:30:58+00:00\",\"dateModified\":\"2024-09-02T08:13:12+00:00\",\"description\":\"Das moderne Lounge-Sofa f\u00fcr Pflegeeinrichtungen vereint auf elegante Weise Komfort und Stil und ist ideal f\u00fcr Seniorenheime.\",\"breadcrumb\":{\"@id\":\"https:\\\/\\\/objektmobiliar.ch\\\/moebel\\\/pflegegerechte-polstermoebel\\\/das-moderne-lounge-sofa\\\/#breadcrumb\"},\"inLanguage\":\"fr-FR\",\"potentialAction\":[{\"@type\":\"ReadAction\",\"target\":[\"https:\\\/\\\/objektmobiliar.ch\\\/moebel\\\/pflegegerechte-polstermoebel\\\/das-moderne-lounge-sofa\\\/\"]}]},{\"@type\":\"ImageObject\",\"inLanguage\":\"fr-FR\",\"@id\":\"https:\\\/\\\/objektmobiliar.ch\\\/moebel\\\/pflegegerechte-polstermoebel\\\/das-moderne-lounge-sofa\\\/#primaryimage\",\"url\":\"https:\\\/\\\/objektmobiliar.ch\\\/wp-content\\\/uploads\\\/2023\\\/10\\\/aruna-sofa.jpg\",\"contentUrl\":\"https:\\\/\\\/objektmobiliar.ch\\\/wp-content\\\/uploads\\\/2023\\\/10\\\/aruna-sofa.jpg\",\"width\":1000,\"height\":1000,\"caption\":\"Das komfortable Lounge-Sofa f\u00fcr Pflegeeinrichtungen\"},{\"@type\":\"BreadcrumbList\",\"@id\":\"https:\\\/\\\/objektmobiliar.ch\\\/moebel\\\/pflegegerechte-polstermoebel\\\/das-moderne-lounge-sofa\\\/#breadcrumb\",\"itemListElement\":[{\"@type\":\"ListItem\",\"position\":1,\"name\":\"Startseite\",\"item\":\"https:\\\/\\\/objektmobiliar.ch\\\/\"},{\"@type\":\"ListItem\",\"position\":2,\"name\":\"M\u00f6bel\",\"item\":\"https:\\\/\\\/objektmobiliar.ch\\\/moebel\\\/\"},{\"@type\":\"ListItem\",\"position\":3,\"name\":\"Polsterm\u00f6bel\",\"item\":\"https:\\\/\\\/objektmobiliar.ch\\\/moebel\\\/pflegegerechte-polstermoebel\\\/\"},{\"@type\":\"ListItem\",\"position\":4,\"name\":\"Aruna Sofa\"}]},{\"@type\":\"WebSite\",\"@id\":\"https:\\\/\\\/objektmobiliar.ch\\\/#website\",\"url\":\"https:\\\/\\\/objektmobiliar.ch\\\/\",\"name\":\"OZG HEALTHCARE\",\"description\":\"Objektmobiliar f\u00fcr Pflege, B\u00fcro, Praxis &amp; Hotellerie\",\"potentialAction\":[{\"@type\":\"SearchAction\",\"target\":{\"@type\":\"EntryPoint\",\"urlTemplate\":\"https:\\\/\\\/objektmobiliar.ch\\\/?s={search_term_string}\"},\"query-input\":{\"@type\":\"PropertyValueSpecification\",\"valueRequired\":true,\"valueName\":\"search_term_string\"}}],\"inLanguage\":\"fr-FR\"}]}<\/script>\n<!-- \/ Yoast SEO plugin. -->","yoast_head_json":{"title":"Le canap\u00e9 lounge moderne pour les \u00e9tablissements de soins chez OZG","description":"Le canap\u00e9 lounge moderne pour les \u00e9tablissements de soins allie \u00e9l\u00e9gamment confort et style et est id\u00e9al pour les maisons de retraite.","robots":{"index":"index","follow":"follow","max-snippet":"max-snippet:-1","max-image-preview":"max-image-preview:large","max-video-preview":"max-video-preview:-1"},"canonical":"https:\/\/objektmobiliar.ch\/fr\/meubles\/meubles-rembourres-faciles-a-entretenir\/le-canape-lounge-moderne\/","og_locale":"fr_FR","og_type":"article","og_title":"Das moderne Lounge-Sofa f\u00fcr Pflegeeinrichtungen bei OZG","og_description":"Das moderne Lounge-Sofa f\u00fcr Pflegeeinrichtungen vereint auf elegante Weise Komfort und Stil und ist ideal f\u00fcr Seniorenheime.","og_url":"https:\/\/objektmobiliar.ch\/fr\/meubles\/meubles-rembourres-faciles-a-entretenir\/le-canape-lounge-moderne\/","og_site_name":"OZG HEALTHCARE","article_modified_time":"2024-09-02T08:13:12+00:00","og_image":[{"width":1000,"height":1000,"url":"https:\/\/objektmobiliar.ch\/wp-content\/uploads\/2023\/10\/aruna-sofa.jpg","type":"image\/jpeg"}],"twitter_card":"summary_large_image","twitter_misc":{"Dur\u00e9e de lecture estim\u00e9e":"3 minutes"},"schema":{"@context":"https:\/\/schema.org","@graph":[{"@type":"WebPage","@id":"https:\/\/objektmobiliar.ch\/moebel\/pflegegerechte-polstermoebel\/das-moderne-lounge-sofa\/","url":"https:\/\/objektmobiliar.ch\/moebel\/pflegegerechte-polstermoebel\/das-moderne-lounge-sofa\/","name":"Le canap\u00e9 lounge moderne pour les \u00e9tablissements de soins chez OZG","isPartOf":{"@id":"https:\/\/objektmobiliar.ch\/#website"},"primaryImageOfPage":{"@id":"https:\/\/objektmobiliar.ch\/moebel\/pflegegerechte-polstermoebel\/das-moderne-lounge-sofa\/#primaryimage"},"image":{"@id":"https:\/\/objektmobiliar.ch\/moebel\/pflegegerechte-polstermoebel\/das-moderne-lounge-sofa\/#primaryimage"},"thumbnailUrl":"https:\/\/objektmobiliar.ch\/wp-content\/uploads\/2023\/10\/aruna-sofa.jpg","datePublished":"2024-02-07T11:30:58+00:00","dateModified":"2024-09-02T08:13:12+00:00","description":"Le canap\u00e9 lounge moderne pour les \u00e9tablissements de soins allie \u00e9l\u00e9gamment confort et style et est id\u00e9al pour les maisons de retraite.","breadcrumb":{"@id":"https:\/\/objektmobiliar.ch\/moebel\/pflegegerechte-polstermoebel\/das-moderne-lounge-sofa\/#breadcrumb"},"inLanguage":"fr-FR","potentialAction":[{"@type":"ReadAction","target":["https:\/\/objektmobiliar.ch\/moebel\/pflegegerechte-polstermoebel\/das-moderne-lounge-sofa\/"]}]},{"@type":"ImageObject","inLanguage":"fr-FR","@id":"https:\/\/objektmobiliar.ch\/moebel\/pflegegerechte-polstermoebel\/das-moderne-lounge-sofa\/#primaryimage","url":"https:\/\/objektmobiliar.ch\/wp-content\/uploads\/2023\/10\/aruna-sofa.jpg","contentUrl":"https:\/\/objektmobiliar.ch\/wp-content\/uploads\/2023\/10\/aruna-sofa.jpg","width":1000,"height":1000,"caption":"Das komfortable Lounge-Sofa f\u00fcr Pflegeeinrichtungen"},{"@type":"BreadcrumbList","@id":"https:\/\/objektmobiliar.ch\/moebel\/pflegegerechte-polstermoebel\/das-moderne-lounge-sofa\/#breadcrumb","itemListElement":[{"@type":"ListItem","position":1,"name":"Startseite","item":"https:\/\/objektmobiliar.ch\/"},{"@type":"ListItem","position":2,"name":"M\u00f6bel","item":"https:\/\/objektmobiliar.ch\/moebel\/"},{"@type":"ListItem","position":3,"name":"Polsterm\u00f6bel","item":"https:\/\/objektmobiliar.ch\/moebel\/pflegegerechte-polstermoebel\/"},{"@type":"ListItem","position":4,"name":"Aruna Sofa"}]},{"@type":"WebSite","@id":"https:\/\/objektmobiliar.ch\/#website","url":"https:\/\/objektmobiliar.ch\/","name":"OZG HEALTHCARE","description":"Mobilier de collectivit\u00e9 pour les soins, les bureaux, les cabinets m\u00e9dicaux et l'h\u00f4tellerie","potentialAction":[{"@type":"SearchAction","target":{"@type":"EntryPoint","urlTemplate":"https:\/\/objektmobiliar.ch\/?s={search_term_string}"},"query-input":{"@type":"PropertyValueSpecification","valueRequired":true,"valueName":"search_term_string"}}],"inLanguage":"fr-FR"}]}},"coauthors":[],"author_meta":{"author_link":"https:\/\/objektmobiliar.ch\/fr\/author\/alex\/","display_name":"Alex"},"relative_dates":{"created":"Publi\u00e9 2 ans il y a","modified":"Mis \u00e0 jour 2 ans il y a"},"absolute_dates":{"created":"Publi\u00e9 le f\u00e9vrier 7, 2024","modified":"Mise \u00e0 jour le septembre 2, 2024"},"absolute_dates_time":{"created":"Publi\u00e9 le f\u00e9vrier 7, 2024 11:30 am","modified":"Mise \u00e0 jour le septembre 2, 2024 8:13 am"},"featured_img_caption":"","featured_img":"https:\/\/objektmobiliar.ch\/wp-content\/uploads\/2023\/10\/aruna-sofa-825x510.jpg","series_order":"","_links":{"self":[{"href":"https:\/\/objektmobiliar.ch\/fr\/wp-json\/wp\/v2\/pages\/2828","targetHints":{"allow":["GET"]}}],"collection":[{"href":"https:\/\/objektmobiliar.ch\/fr\/wp-json\/wp\/v2\/pages"}],"about":[{"href":"https:\/\/objektmobiliar.ch\/fr\/wp-json\/wp\/v2\/types\/page"}],"author":[{"embeddable":true,"href":"https:\/\/objektmobiliar.ch\/fr\/wp-json\/wp\/v2\/users\/2"}],"replies":[{"embeddable":true,"href":"https:\/\/objektmobiliar.ch\/fr\/wp-json\/wp\/v2\/comments?post=2828"}],"version-history":[{"count":16,"href":"https:\/\/objektmobiliar.ch\/fr\/wp-json\/wp\/v2\/pages\/2828\/revisions"}],"predecessor-version":[{"id":4030,"href":"https:\/\/objektmobiliar.ch\/fr\/wp-json\/wp\/v2\/pages\/2828\/revisions\/4030"}],"up":[{"embeddable":true,"href":"https:\/\/objektmobiliar.ch\/fr\/wp-json\/wp\/v2\/pages\/220"}],"wp:featuredmedia":[{"embeddable":true,"href":"https:\/\/objektmobiliar.ch\/fr\/wp-json\/wp\/v2\/media\/224"}],"wp:attachment":[{"href":"https:\/\/objektmobiliar.ch\/fr\/wp-json\/wp\/v2\/media?parent=2828"}],"curies":[{"name":"wp","href":"https:\/\/api.w.org\/{rel}","templated":true}]}}