{"id":275,"date":"2023-10-11T11:26:28","date_gmt":"2023-10-11T11:26:28","guid":{"rendered":"https:\/\/dev.objektmobiliar.ch\/?page_id=275"},"modified":"2024-09-02T08:20:15","modified_gmt":"2024-09-02T08:20:15","slug":"fauteuil-lounge-ascona","status":"publish","type":"page","link":"https:\/\/objektmobiliar.ch\/fr\/moebel\/pflegegerechte-polstermoebel\/lounge-sessel-ascona\/","title":{"rendered":"Ascona"},"content":{"rendered":"<div class=\"lazyblock-produkt-detail-ozg-Z2qcsFP wp-block-lazyblock-produkt-detail-ozg\"><section class=\"sct\">\r\n      <div class=\"cnt\">\r\n        <div class=\"elmnt-product-desc\">\r\n          <div class=\"product-desc-box\"><img decoding=\"async\" src=\"https:\/\/objektmobiliar.ch\/wp-content\/uploads\/2023\/10\/ascona-lounge-sessel.jpg\" loading=\"lazy\" alt=\"\" class=\"product-desc-img\"><\/div>\r\n          <div class=\"product-desc-txt\">\r\n            <h1 class=\"txt-product-headline\">Ascona<\/h1>\r\n            <h2 class=\"txt-product-subline\">Lounge Sessel Ascona<\/h2>\r\n            <div class=\"w-richtext\">\r\n              <p>Der Lounge Sessel Ascona zeichnet sich durch eine komfortable Polsterung, ein ergonomisches Design und durch hohe, gepolsterte Armlehnen aus. Das ansprechende Design eignet sich vor allem f\u00fcr gem\u00fctliche Sitzgruppen in Eingangs- und Aufenthaltsbereichen von Pflegeheimen, Seniorenresidenzen und anderen Pflegeeinrichtungen.<\/p>\r\n            <\/div>\r\n            <a onclick=\"splite_loader();\" class=\"btn\">Produkt anfragen<\/a>\r\n          <\/div>\r\n        <\/div>\r\n      <\/div>\r\n    <\/section><\/div>\n\n\n<div class=\"wp-block-group\"><div class=\"wp-block-group__inner-container is-layout-constrained wp-block-group-is-layout-constrained\"><section class=\"sct\">\r\n      <div class=\"cnt narrow\">\r\n        <div class=\"introtxt\">\r\n        <div class=\"w-richtext\">\r\n            <h2>Produktbeschreibung<\/h2>\r\n        <\/div>\r\n        <\/div>\r\n        \r\n          \n\n\n<figure class=\"wp-block-table is-style-regular\"><table><thead><tr><th>Art. Nr.<\/th><th>Beschreibung<\/th><\/tr><\/thead><tbody><tr><td>220-0005\/S<\/td><td>Sessel Ascona 94<\/td><\/tr><\/tbody><\/table><\/figure>\n\n\n<\/div><\/section><\/div><\/div>\n\n\n<div class=\"lazyblock-text-modul-ozg-1UBgrS wp-block-lazyblock-text-modul-ozg\"><section class=\"sct\">\r\n      <div class=\"cnt narrow\">\r\n        <div class=\"w-richtext\">\r\n            <h2>ASCONA<\/h2>\n<h3>Der Lounge Sessel f\u00fcr mehr Komfort und Wohlbefinden in Pflegeheimen<\/h3>\n<p>Der gepolsterte Lounge Sessel Ascona ist speziell f\u00fcr Pflegeheime und Seniorenresidenzen konzipiert. Mit seiner komfortablen Polsterung und dem ergonomischen Design bietet er optimalen Sitzkomfort f\u00fcr Bewohnerinnen und Bewohner sowie Besucherinnen und Besucher. Die hohen, gepolsterten Armlehnen erleichtern das Aufstehen und Hinsetzen, was besonders f\u00fcr \u00e4ltere Menschen von Vorteil ist. Sein modernes und dennoch zeitloses Design f\u00fcgt sich nahtlos in Aufenthalts- und Empfangsbereiche ein und schafft eine gem\u00fctliche Atmosph\u00e4re. Der Sessel eignet sich ideal f\u00fcr Wartebereiche.<\/p>\n<h3>Ascona Lounge-Sessel: Individuell konfigurierbar<\/h3>\n<p>Der Loungesessel Ascona bietet vielseitige Optionen, um perfekt in das Einrichtungskonzept von Pflegeheimen zu passen. Er ist in verschiedenen Materialien wie Mikrofaser, Kunstleder und Echtleder erh\u00e4ltlich und bietet damit sowohl pflegeleichte als auch luxuri\u00f6se Varianten. Zudem steht eine breite Farbpalette zur Auswahl, die eine harmonische Integration in bestehende Raumgestaltungen erm\u00f6glicht. Die Holzbeine des Sessels k\u00f6nnen individuell angepasst werden. W\u00e4hlen Sie aus verschiedenen Holzarten oder Beizt\u00f6nen aus, um ein stimmiges Gesamtbild zu schaffen. Unsere Experten stehen Ihnen beratend zur Seite, um eine massgeschneiderte L\u00f6sung zu entwickeln, die Funktionalit\u00e4t und \u00c4sthetik vereint. Ob Materialauswahl oder Designanpassung: Wir unterst\u00fctzen Sie bis zur finalen Umsetzung und schaffen eine komfortable Umgebung f\u00fcr Ihre Bewohnerinnen und Bewohner sowie Besucherinnen und Besucher. Weitere Informationen \u00fcber\u00a0<a href=\"https:\/\/objektmobiliar.ch\/inspiration\/materialien-und-farben\/\">Materialien und Farben<\/a>\u00a0finden Sie auch auf unserer Website oder kontaktieren Sie uns gleich.\u00a0<\/p>\r\n        <\/div>\r\n      <\/div>\r\n    <\/section><\/div>\n\n<div class=\"lazyblock-bildergalerie-lightbox-ozg-ZKVxXa wp-block-lazyblock-bildergalerie-lightbox-ozg\"><section class=\"sct\">\r\n  <div class=\"cnt narrow\">\r\n    <div class=\"introtxt\">\r\n    <div class=\"w-richtext\">\r\n        <h2>Referenzen<\/h2>\r\n    <\/div>\r\n    <\/div>\r\n  \r\n    <div class=\"elmnt-imggallery\">\r\n      <a href=\"#\" class=\"imggallery-link w-inline-block w-lightbox\">\r\n        <img decoding=\"async\" src=\"https:\/\/objektmobiliar.ch\/wp-content\/uploads\/2023\/10\/ascona-mood-02.jpg\" loading=\"lazy\" alt=\"Sessel Ascona Ideal f\u00fcr Lounge Sitzgruppen\" class=\"imggallery-img\">\r\n        <script type=\"application\/json\" class=\"w-json\">\r\n            {\r\n              \"items\": [{\r\n\r\n                \"url\": \"https:\/\/objektmobiliar.ch\/wp-content\/uploads\/2023\/10\/ascona-mood-02.jpg\",\r\n                \"caption\": \"\",\r\n                \"type\": \"image\"\r\n              }],\r\n              \"group\": \"ascona\"\r\n            }\r\n          <\/script>\r\n      <\/a>\r\n      <a href=\"#\" class=\"imggallery-link w-inline-block w-lightbox\">\r\n        <img decoding=\"async\" src=\"https:\/\/objektmobiliar.ch\/wp-content\/uploads\/2023\/10\/ascona-mood.jpg\" loading=\"lazy\" alt=\"Sessel Ascona Bezug in diversen Farben erh\u00e4ltlich\" class=\"imggallery-img\">\r\n        <script type=\"application\/json\" class=\"w-json\">\r\n            {\r\n              \"items\": [{\r\n\r\n                \"url\": \"https:\/\/objektmobiliar.ch\/wp-content\/uploads\/2023\/10\/ascona-mood.jpg\",\r\n                \"caption\": \"\",\r\n                \"type\": \"image\"\r\n              }],\r\n              \"group\": \"ascona\"\r\n            }\r\n          <\/script>\r\n      <\/a>\r\n    <\/div>\r\n    \r\n  <\/div>\r\n<\/section><\/div>","protected":false},"excerpt":{"rendered":"<p>Der Sessel ASCONA zeichnen sich durch sein ansprechendes Design und hohen Komfort aus, der insbesondere auf dem guten Seitenhalt durch hohe, vollst\u00e4ndig gepolsterte Armlehnen beruht. Im Stil eines typischen Lounge Sessels erg\u00e4nzt er perfekt gem\u00fctliche Sitzgruppen in Eingangs- oder Aufenthaltsbereichen von Pflegeheimen, Seniorenresidenzen oder anderen Pflegeeinrichtungen.<\/p>","protected":false},"author":2,"featured_media":279,"parent":220,"menu_order":0,"comment_status":"closed","ping_status":"closed","template":"","meta":{"advgb_blocks_editor_width":"","advgb_blocks_columns_visual_guide":"","footnotes":""},"class_list":["post-275","page","type-page","status-publish","has-post-thumbnail","hentry"],"yoast_head":"<!-- This site is optimized with the Yoast SEO plugin v27.4 - https:\/\/yoast.com\/product\/yoast-seo-wordpress\/ -->\n<title>Lounge Sessel Ascona bei OZG<\/title>\n<meta name=\"description\" content=\"Der pflegegerechte Lounge Sessel Ascona erg\u00e4nzt perfekt gem\u00fctliche Sitzgruppen in Eingangs- und Aufenthaltsbereichen von Pflegeeinrichtungen.\" \/>\n<meta name=\"robots\" content=\"index, follow, max-snippet:-1, max-image-preview:large, max-video-preview:-1\" \/>\n<link rel=\"canonical\" href=\"https:\/\/objektmobiliar.ch\/fr\/meubles\/meubles-rembourres-faciles-a-entretenir\/fauteuil-lounge-ascona\/\" \/>\n<meta property=\"og:locale\" content=\"fr_FR\" \/>\n<meta property=\"og:type\" content=\"article\" \/>\n<meta property=\"og:title\" content=\"Lounge Sessel Ascona bei OZG\" \/>\n<meta property=\"og:description\" content=\"Der pflegegerechte Lounge Sessel Ascona erg\u00e4nzt perfekt gem\u00fctliche Sitzgruppen in Eingangs- und Aufenthaltsbereichen von Pflegeeinrichtungen.\" \/>\n<meta property=\"og:url\" content=\"https:\/\/objektmobiliar.ch\/fr\/meubles\/meubles-rembourres-faciles-a-entretenir\/fauteuil-lounge-ascona\/\" \/>\n<meta property=\"og:site_name\" content=\"OZG HEALTHCARE\" \/>\n<meta property=\"article:modified_time\" content=\"2024-09-02T08:20:15+00:00\" \/>\n<meta property=\"og:image\" content=\"https:\/\/objektmobiliar.ch\/wp-content\/uploads\/2023\/10\/ascona-lounge-sessel.jpg\" \/>\n\t<meta property=\"og:image:width\" content=\"1000\" \/>\n\t<meta property=\"og:image:height\" content=\"1000\" \/>\n\t<meta property=\"og:image:type\" content=\"image\/jpeg\" \/>\n<meta name=\"twitter:card\" content=\"summary_large_image\" \/>\n<meta name=\"twitter:label1\" content=\"Dur\u00e9e de lecture estim\u00e9e\" \/>\n\t<meta name=\"twitter:data1\" content=\"3 minutes\" \/>\n<script type=\"application\/ld+json\" class=\"yoast-schema-graph\">{\"@context\":\"https:\\\/\\\/schema.org\",\"@graph\":[{\"@type\":\"WebPage\",\"@id\":\"https:\\\/\\\/objektmobiliar.ch\\\/moebel\\\/pflegegerechte-polstermoebel\\\/lounge-sessel-ascona\\\/\",\"url\":\"https:\\\/\\\/objektmobiliar.ch\\\/moebel\\\/pflegegerechte-polstermoebel\\\/lounge-sessel-ascona\\\/\",\"name\":\"Lounge Sessel Ascona bei OZG\",\"isPartOf\":{\"@id\":\"https:\\\/\\\/objektmobiliar.ch\\\/#website\"},\"primaryImageOfPage\":{\"@id\":\"https:\\\/\\\/objektmobiliar.ch\\\/moebel\\\/pflegegerechte-polstermoebel\\\/lounge-sessel-ascona\\\/#primaryimage\"},\"image\":{\"@id\":\"https:\\\/\\\/objektmobiliar.ch\\\/moebel\\\/pflegegerechte-polstermoebel\\\/lounge-sessel-ascona\\\/#primaryimage\"},\"thumbnailUrl\":\"https:\\\/\\\/objektmobiliar.ch\\\/wp-content\\\/uploads\\\/2023\\\/10\\\/ascona-lounge-sessel.jpg\",\"datePublished\":\"2023-10-11T11:26:28+00:00\",\"dateModified\":\"2024-09-02T08:20:15+00:00\",\"description\":\"Der pflegegerechte Lounge Sessel Ascona erg\u00e4nzt perfekt gem\u00fctliche Sitzgruppen in Eingangs- und Aufenthaltsbereichen von Pflegeeinrichtungen.\",\"breadcrumb\":{\"@id\":\"https:\\\/\\\/objektmobiliar.ch\\\/moebel\\\/pflegegerechte-polstermoebel\\\/lounge-sessel-ascona\\\/#breadcrumb\"},\"inLanguage\":\"fr-FR\",\"potentialAction\":[{\"@type\":\"ReadAction\",\"target\":[\"https:\\\/\\\/objektmobiliar.ch\\\/moebel\\\/pflegegerechte-polstermoebel\\\/lounge-sessel-ascona\\\/\"]}]},{\"@type\":\"ImageObject\",\"inLanguage\":\"fr-FR\",\"@id\":\"https:\\\/\\\/objektmobiliar.ch\\\/moebel\\\/pflegegerechte-polstermoebel\\\/lounge-sessel-ascona\\\/#primaryimage\",\"url\":\"https:\\\/\\\/objektmobiliar.ch\\\/wp-content\\\/uploads\\\/2023\\\/10\\\/ascona-lounge-sessel.jpg\",\"contentUrl\":\"https:\\\/\\\/objektmobiliar.ch\\\/wp-content\\\/uploads\\\/2023\\\/10\\\/ascona-lounge-sessel.jpg\",\"width\":1000,\"height\":1000,\"caption\":\"Der Pflegegerechte Lounge Sessel Ascona\"},{\"@type\":\"BreadcrumbList\",\"@id\":\"https:\\\/\\\/objektmobiliar.ch\\\/moebel\\\/pflegegerechte-polstermoebel\\\/lounge-sessel-ascona\\\/#breadcrumb\",\"itemListElement\":[{\"@type\":\"ListItem\",\"position\":1,\"name\":\"Startseite\",\"item\":\"https:\\\/\\\/objektmobiliar.ch\\\/\"},{\"@type\":\"ListItem\",\"position\":2,\"name\":\"M\u00f6bel\",\"item\":\"https:\\\/\\\/objektmobiliar.ch\\\/moebel\\\/\"},{\"@type\":\"ListItem\",\"position\":3,\"name\":\"Polsterm\u00f6bel\",\"item\":\"https:\\\/\\\/objektmobiliar.ch\\\/moebel\\\/pflegegerechte-polstermoebel\\\/\"},{\"@type\":\"ListItem\",\"position\":4,\"name\":\"Ascona\"}]},{\"@type\":\"WebSite\",\"@id\":\"https:\\\/\\\/objektmobiliar.ch\\\/#website\",\"url\":\"https:\\\/\\\/objektmobiliar.ch\\\/\",\"name\":\"OZG HEALTHCARE\",\"description\":\"Objektmobiliar f\u00fcr Pflege, B\u00fcro, Praxis &amp; Hotellerie\",\"potentialAction\":[{\"@type\":\"SearchAction\",\"target\":{\"@type\":\"EntryPoint\",\"urlTemplate\":\"https:\\\/\\\/objektmobiliar.ch\\\/?s={search_term_string}\"},\"query-input\":{\"@type\":\"PropertyValueSpecification\",\"valueRequired\":true,\"valueName\":\"search_term_string\"}}],\"inLanguage\":\"fr-FR\"}]}<\/script>\n<!-- \/ Yoast SEO plugin. -->","yoast_head_json":{"title":"Lounge Fauteuil Ascona chez OZG","description":"Le fauteuil de salon Ascona, adapt\u00e9 aux soins, compl\u00e8te parfaitement les groupes de si\u00e8ges confortables dans les zones d'entr\u00e9e et de s\u00e9jour des \u00e9tablissements de soins.","robots":{"index":"index","follow":"follow","max-snippet":"max-snippet:-1","max-image-preview":"max-image-preview:large","max-video-preview":"max-video-preview:-1"},"canonical":"https:\/\/objektmobiliar.ch\/fr\/meubles\/meubles-rembourres-faciles-a-entretenir\/fauteuil-lounge-ascona\/","og_locale":"fr_FR","og_type":"article","og_title":"Lounge Sessel Ascona bei OZG","og_description":"Der pflegegerechte Lounge Sessel Ascona erg\u00e4nzt perfekt gem\u00fctliche Sitzgruppen in Eingangs- und Aufenthaltsbereichen von Pflegeeinrichtungen.","og_url":"https:\/\/objektmobiliar.ch\/fr\/meubles\/meubles-rembourres-faciles-a-entretenir\/fauteuil-lounge-ascona\/","og_site_name":"OZG HEALTHCARE","article_modified_time":"2024-09-02T08:20:15+00:00","og_image":[{"width":1000,"height":1000,"url":"https:\/\/objektmobiliar.ch\/wp-content\/uploads\/2023\/10\/ascona-lounge-sessel.jpg","type":"image\/jpeg"}],"twitter_card":"summary_large_image","twitter_misc":{"Dur\u00e9e de lecture estim\u00e9e":"3 minutes"},"schema":{"@context":"https:\/\/schema.org","@graph":[{"@type":"WebPage","@id":"https:\/\/objektmobiliar.ch\/moebel\/pflegegerechte-polstermoebel\/lounge-sessel-ascona\/","url":"https:\/\/objektmobiliar.ch\/moebel\/pflegegerechte-polstermoebel\/lounge-sessel-ascona\/","name":"Lounge Fauteuil Ascona chez OZG","isPartOf":{"@id":"https:\/\/objektmobiliar.ch\/#website"},"primaryImageOfPage":{"@id":"https:\/\/objektmobiliar.ch\/moebel\/pflegegerechte-polstermoebel\/lounge-sessel-ascona\/#primaryimage"},"image":{"@id":"https:\/\/objektmobiliar.ch\/moebel\/pflegegerechte-polstermoebel\/lounge-sessel-ascona\/#primaryimage"},"thumbnailUrl":"https:\/\/objektmobiliar.ch\/wp-content\/uploads\/2023\/10\/ascona-lounge-sessel.jpg","datePublished":"2023-10-11T11:26:28+00:00","dateModified":"2024-09-02T08:20:15+00:00","description":"Le fauteuil de salon Ascona, adapt\u00e9 aux soins, compl\u00e8te parfaitement les groupes de si\u00e8ges confortables dans les zones d'entr\u00e9e et de s\u00e9jour des \u00e9tablissements de soins.","breadcrumb":{"@id":"https:\/\/objektmobiliar.ch\/moebel\/pflegegerechte-polstermoebel\/lounge-sessel-ascona\/#breadcrumb"},"inLanguage":"fr-FR","potentialAction":[{"@type":"ReadAction","target":["https:\/\/objektmobiliar.ch\/moebel\/pflegegerechte-polstermoebel\/lounge-sessel-ascona\/"]}]},{"@type":"ImageObject","inLanguage":"fr-FR","@id":"https:\/\/objektmobiliar.ch\/moebel\/pflegegerechte-polstermoebel\/lounge-sessel-ascona\/#primaryimage","url":"https:\/\/objektmobiliar.ch\/wp-content\/uploads\/2023\/10\/ascona-lounge-sessel.jpg","contentUrl":"https:\/\/objektmobiliar.ch\/wp-content\/uploads\/2023\/10\/ascona-lounge-sessel.jpg","width":1000,"height":1000,"caption":"Der Pflegegerechte Lounge Sessel Ascona"},{"@type":"BreadcrumbList","@id":"https:\/\/objektmobiliar.ch\/moebel\/pflegegerechte-polstermoebel\/lounge-sessel-ascona\/#breadcrumb","itemListElement":[{"@type":"ListItem","position":1,"name":"Startseite","item":"https:\/\/objektmobiliar.ch\/"},{"@type":"ListItem","position":2,"name":"M\u00f6bel","item":"https:\/\/objektmobiliar.ch\/moebel\/"},{"@type":"ListItem","position":3,"name":"Polsterm\u00f6bel","item":"https:\/\/objektmobiliar.ch\/moebel\/pflegegerechte-polstermoebel\/"},{"@type":"ListItem","position":4,"name":"Ascona"}]},{"@type":"WebSite","@id":"https:\/\/objektmobiliar.ch\/#website","url":"https:\/\/objektmobiliar.ch\/","name":"OZG HEALTHCARE","description":"Mobilier de collectivit\u00e9 pour les soins, les bureaux, les cabinets m\u00e9dicaux et l'h\u00f4tellerie","potentialAction":[{"@type":"SearchAction","target":{"@type":"EntryPoint","urlTemplate":"https:\/\/objektmobiliar.ch\/?s={search_term_string}"},"query-input":{"@type":"PropertyValueSpecification","valueRequired":true,"valueName":"search_term_string"}}],"inLanguage":"fr-FR"}]}},"coauthors":[],"author_meta":{"author_link":"https:\/\/objektmobiliar.ch\/fr\/author\/alex\/","display_name":"Alex"},"relative_dates":{"created":"Publi\u00e9 3 ans il y a","modified":"Mis \u00e0 jour 2 ans il y a"},"absolute_dates":{"created":"Publi\u00e9 le octobre 11, 2023","modified":"Mise \u00e0 jour le septembre 2, 2024"},"absolute_dates_time":{"created":"Publi\u00e9 le octobre 11, 2023 11:26 am","modified":"Mise \u00e0 jour le septembre 2, 2024 8:20 am"},"featured_img_caption":"","featured_img":"https:\/\/objektmobiliar.ch\/wp-content\/uploads\/2023\/10\/ascona-lounge-sessel-825x510.jpg","series_order":"","_links":{"self":[{"href":"https:\/\/objektmobiliar.ch\/fr\/wp-json\/wp\/v2\/pages\/275","targetHints":{"allow":["GET"]}}],"collection":[{"href":"https:\/\/objektmobiliar.ch\/fr\/wp-json\/wp\/v2\/pages"}],"about":[{"href":"https:\/\/objektmobiliar.ch\/fr\/wp-json\/wp\/v2\/types\/page"}],"author":[{"embeddable":true,"href":"https:\/\/objektmobiliar.ch\/fr\/wp-json\/wp\/v2\/users\/2"}],"replies":[{"embeddable":true,"href":"https:\/\/objektmobiliar.ch\/fr\/wp-json\/wp\/v2\/comments?post=275"}],"version-history":[{"count":24,"href":"https:\/\/objektmobiliar.ch\/fr\/wp-json\/wp\/v2\/pages\/275\/revisions"}],"predecessor-version":[{"id":3968,"href":"https:\/\/objektmobiliar.ch\/fr\/wp-json\/wp\/v2\/pages\/275\/revisions\/3968"}],"up":[{"embeddable":true,"href":"https:\/\/objektmobiliar.ch\/fr\/wp-json\/wp\/v2\/pages\/220"}],"wp:featuredmedia":[{"embeddable":true,"href":"https:\/\/objektmobiliar.ch\/fr\/wp-json\/wp\/v2\/media\/279"}],"wp:attachment":[{"href":"https:\/\/objektmobiliar.ch\/fr\/wp-json\/wp\/v2\/media?parent=275"}],"curies":[{"name":"wp","href":"https:\/\/api.w.org\/{rel}","templated":true}]}}