{"id":207,"date":"2023-10-08T00:53:31","date_gmt":"2023-10-08T00:53:31","guid":{"rendered":"https:\/\/dev.objektmobiliar.ch\/?page_id=207"},"modified":"2026-03-23T14:23:41","modified_gmt":"2026-03-23T14:23:41","slug":"meubles","status":"publish","type":"page","link":"https:\/\/objektmobiliar.ch\/fr\/moebel\/","title":{"rendered":"Meubles"},"content":{"rendered":"<div class=\"lazyblock-bildslider-fullsize-ozg-Z270pgA wp-block-lazyblock-bildslider-fullsize-ozg\"><section class=\"sct nopadding\">\r\n      <div data-delay=\"9000\" data-animation=\"fade\" class=\"elmnt-homeslider w-slider\" data-autoplay=\"true\" data-easing=\"linear\" data-hide-arrows=\"false\" data-disable-swipe=\"true\" data-autoplay-limit=\"0\" data-nav-spacing=\"3\" data-duration=\"2000\" data-infinite=\"true\">\r\n        \r\n      <div class=\"visual-homeslider\" ><\/div>\r\n        \r\n       <div class=\"w-slider-mask\">\r\n          <div class=\"homeslider-slide w-slide\">\r\n            <div class=\"homeslider-img\"><img decoding=\"async\" src=\"https:\/\/objektmobiliar.ch\/wp-content\/uploads\/2026\/03\/Attraktives-Mobiliar-fuer-Gesundheitseinrichtungen.jpg\" loading=\"eager\" alt=\"\"><\/div>\r\n          <\/div>\r\n        <\/div>\r\n        <div class=\"hidden w-slider-arrow-left\">\r\n          <div class=\"w-icon-slider-left\"><\/div>\r\n        <\/div>\r\n        <div class=\"hidden w-slider-arrow-right\">\r\n          <div class=\"w-icon-slider-right\"><\/div>\r\n        <\/div>\r\n        <div class=\"hidden w-slider-nav\"><\/div>\r\n      <\/div>\r\n    <\/section><\/div>\n\n<div class=\"lazyblock-text-modul-ozg-Z11bzBE wp-block-lazyblock-text-modul-ozg\"><section class=\"sct\">\r\n      <div class=\"cnt semi\">\r\n        <div class=\"w-richtext\">\r\n            <h1 style=\"text-align: center;\">Mobilier attrayant<\/h1>\n<h2 style=\"text-align: center;\">parfaitement adapt\u00e9 aux maisons de soins et aux r\u00e9sidences pour personnes \u00e2g\u00e9es<\/h2>\n<p style=\"text-align: center;\">Egal ob Lobby, Aufenthaltsbereich, Bewohnerzimmer, Restaurants oder G\u00e4rten und Terrassen \u2013 unser umfangreiches M\u00f6belsortiment umfasst eine grosse Vielfalt an Mobiliar f\u00fcr die perfekte Ausstattung Ihrer Pflegeeinrichtung. Unsere attraktives Mobiliar f\u00fcr Gesundheitseinrichtungen vereint modernes, hochwertiges Design mit absolutem Komfort. Es erf\u00fcllt zudem die besonderen Bed\u00fcrfnisse von Menschen in h\u00f6herem Alter oder mit speziellen Pflegeanspr\u00fcchen.<\/p>\r\n        <\/div>\r\n      <\/div>\r\n    <\/section><\/div>\n\n<div class=\"lazyblock-spalten-modul-ozg-14doS wp-block-lazyblock-spalten-modul-ozg\"><section class=\"sct\">\r\n      <div class=\"cnt semi\">\r\n        <div class=\"w-richtext\">\r\n          <h2 style=\"text-align: center;\">Exigences envers nos meubles adapt\u00e9s aux soins<\/h2>\r\n        <\/div>\r\n        <div class=\"box-pageteaser\">\r\n          <div class=\"elmnt-column\"><p><img loading=\"lazy\" decoding=\"async\" class=\"alignnone size-full wp-image-213\" src=\"https:\/\/objektmobiliar.ch\/wp-content\/uploads\/2023\/10\/pflegegerechte-moebel-1-e1698358477352.jpg\" alt=\"\" width=\"710\" height=\"578\" \/><\/p><\/div>\r\n          <div class=\"elmnt-column\"><p>En tant que sp\u00e9cialiste de l'ameublement des \u00e9tablissements de soins, nos meubles se distinguent par ces avantages :<\/p>\n<ul>\n<li>Les tables offrent suffisamment de place pour les fauteuils roulants - sont tout au plus accessibles en fauteuil roulant<\/li>\n<li>Les si\u00e8ges se caract\u00e9risent par une hauteur d'assise adapt\u00e9e \u00e0 l'\u00e2ge et un bon rembourrage.<\/li>\n<li>Les meubles sont disponibles en version difficilement inflammable<\/li>\n<li>les mat\u00e9riaux sont imperm\u00e9ables, faciles \u00e0 essuyer et \u00e0 d\u00e9sinfecter<\/li>\n<li>Les coussins d'assise amovibles et la bonne garde au sol facilitent le nettoyage<\/li>\n<\/ul><\/div>\r\n        <\/div>\r\n            <div class=\"center\"><a href=\"https:\/\/objektmobiliar.ch\/fr\/inspiration\/facile-a-entretenir-et-a-soigner\/\"  class=\"btn\">En savoir plus<\/a><\/div>\r\n      <\/div>\r\n    <\/section><\/div>\n\n<div class=\"lazyblock-seiten-navigation-ozg-2p9nRC wp-block-lazyblock-seiten-navigation-ozg\"><section class=\"sct\">\r\n  <div class=\"cnt semi\">\r\n    <div class=\"w-richtext\">\r\n        <h2 style=\"text-align: center;\">Entdecken Sie unser attraktives Mobiliar f\u00fcr Gesundheitseinrichtungen<\/h2>\r\n    <\/div>\r\n    <div class=\"box-pageteaser\">\r\n      \r\n      <a href=\"https:\/\/objektmobiliar.ch\/fr\/meubles\/meubles-rembourres-faciles-a-entretenir\/fauteuils-adaptes-aux-soins\/\" class=\"elmnt-pagenav w-inline-block\">\r\n        <div class=\"pagenav-imgcnt\"><img decoding=\"async\" src=\"https:\/\/objektmobiliar.ch\/wp-content\/uploads\/2025\/06\/Objektmoebel-Foyer-Viva-Luzern-Eichhof-5.jpg\" loading=\"lazy\" alt=\"\" class=\"pageteaser-img\"><\/div>\r\n        <div class=\"pagenav-type\">\r\n          <p class=\"txt-pagenav\">Polstersessel<\/p>\r\n          <div class=\"btn pagenav\">D\u00e9couvrir l'assortiment<\/div>\r\n        <\/div>\r\n      <\/a>\r\n      <a href=\"https:\/\/objektmobiliar.ch\/fr\/meubles\/meubles-rembourres-faciles-a-entretenir\/canapes-et-couchettes\/\" class=\"elmnt-pagenav w-inline-block\">\r\n        <div class=\"pagenav-imgcnt\"><img decoding=\"async\" src=\"https:\/\/objektmobiliar.ch\/wp-content\/uploads\/2025\/06\/Objektmobiliar-gemustertes-Sofa-im-Pflanzenzimmer.jpg\" loading=\"lazy\" alt=\"\" class=\"pageteaser-img\"><\/div>\r\n        <div class=\"pagenav-type\">\r\n          <p class=\"txt-pagenav\">Polstersofas<\/p>\r\n          <div class=\"btn pagenav\">D\u00e9couvrir l'assortiment<\/div>\r\n        <\/div>\r\n      <\/a>\r\n      <a href=\"https:\/\/objektmobiliar.ch\/fr\/meubles\/chaises-adaptees-aux-soins\/\" class=\"elmnt-pagenav w-inline-block\">\r\n        <div class=\"pagenav-imgcnt\"><img decoding=\"async\" src=\"https:\/\/objektmobiliar.ch\/wp-content\/uploads\/2023\/10\/moebelsortiment-stuehle.jpg\" loading=\"lazy\" alt=\"\" class=\"pageteaser-img\"><\/div>\r\n        <div class=\"pagenav-type\">\r\n          <p class=\"txt-pagenav\">Chaises<\/p>\r\n          <div class=\"btn pagenav\">D\u00e9couvrir l'assortiment<\/div>\r\n        <\/div>\r\n      <\/a>\r\n      <a href=\"https:\/\/objektmobiliar.ch\/fr\/meubles\/tables-adaptees-aux-soins\/\" class=\"elmnt-pagenav w-inline-block\">\r\n        <div class=\"pagenav-imgcnt\"><img decoding=\"async\" src=\"https:\/\/objektmobiliar.ch\/wp-content\/uploads\/2023\/10\/ozg-tische.jpg\" loading=\"lazy\" alt=\"\" class=\"pageteaser-img\"><\/div>\r\n        <div class=\"pagenav-type\">\r\n          <p class=\"txt-pagenav\">Tables<\/p>\r\n          <div class=\"btn pagenav\">D\u00e9couvrir l'assortiment<\/div>\r\n        <\/div>\r\n      <\/a>\r\n      <a href=\"https:\/\/objektmobiliar.ch\/fr\/meubles\/meubles-dexterieur-maisons-de-retraite\/\" class=\"elmnt-pagenav w-inline-block\">\r\n        <div class=\"pagenav-imgcnt\"><img decoding=\"async\" src=\"https:\/\/objektmobiliar.ch\/wp-content\/uploads\/2023\/10\/ozg-outdoor-moebel.jpg\" loading=\"lazy\" alt=\"\" class=\"pageteaser-img\"><\/div>\r\n        <div class=\"pagenav-type\">\r\n          <p class=\"txt-pagenav\">Meubles d'ext\u00e9rieur<\/p>\r\n          <div class=\"btn pagenav\">D\u00e9couvrir l'assortiment<\/div>\r\n        <\/div>\r\n      <\/a>\r\n      <a href=\"https:\/\/objektmobiliar.ch\/fr\/meubles\/meuble-de-rangement\/\" class=\"elmnt-pagenav w-inline-block\">\r\n        <div class=\"pagenav-imgcnt\"><img decoding=\"async\" src=\"https:\/\/objektmobiliar.ch\/wp-content\/uploads\/2023\/10\/ozg-schrankmoebel.jpg\" loading=\"lazy\" alt=\"\" class=\"pageteaser-img\"><\/div>\r\n        <div class=\"pagenav-type\">\r\n          <p class=\"txt-pagenav\">Meubles de rangement<\/p>\r\n          <div class=\"btn pagenav\">D\u00e9couvrir l'assortiment<\/div>\r\n        <\/div>\r\n      <\/a>\r\n      <a href=\"https:\/\/objektmobiliar.ch\/fr\/meubles\/lits-medicalises\/\" class=\"elmnt-pagenav w-inline-block\">\r\n        <div class=\"pagenav-imgcnt\"><img decoding=\"async\" src=\"https:\/\/objektmobiliar.ch\/wp-content\/uploads\/2023\/10\/ozg-betten.jpg\" loading=\"lazy\" alt=\"\" class=\"pageteaser-img\"><\/div>\r\n        <div class=\"pagenav-type\">\r\n          <p class=\"txt-pagenav\">Lits m\u00e9dicalis\u00e9s<\/p>\r\n          <div class=\"btn pagenav\">D\u00e9couvrir l'assortiment<\/div>\r\n        <\/div>\r\n      <\/a>\r\n      <a href=\"https:\/\/objektmobiliar.ch\/fr\/meubles\/personnel-et-mobilier-de-bureau\/\" class=\"elmnt-pagenav w-inline-block\">\r\n        <div class=\"pagenav-imgcnt\"><img decoding=\"async\" src=\"https:\/\/objektmobiliar.ch\/wp-content\/uploads\/2025\/11\/Personalraeume-Bueroraeume-einrichten-mit-OZG.jpg\" loading=\"lazy\" alt=\"Am\u00e9nager-des-bureaux-du-personnel-avec-OZG\" class=\"pageteaser-img\"><\/div>\r\n        <div class=\"pagenav-type\">\r\n          <p class=\"txt-pagenav\">M\u00f6bel f\u00fcr B\u00fcro &#038; Garderobe<\/p>\r\n          <div class=\"btn pagenav\">D\u00e9couvrir l'assortiment<\/div>\r\n        <\/div>\r\n      <\/a>\r\n      \r\n    <\/div>\r\n    <div class=\"center\">\r\n    <\/div>\r\n  <\/div>\r\n<\/section><\/div>","protected":false},"excerpt":{"rendered":"<p>Qu'il s'agisse du hall d'entr\u00e9e, de la zone de s\u00e9jour, des chambres des r\u00e9sidents, des restaurants ou des jardins et terrasses, notre vaste assortiment de meubles comprend une grande vari\u00e9t\u00e9 de mobilier pour un \u00e9quipement parfait de votre \u00e9tablissement de soins.<\/p>","protected":false},"author":2,"featured_media":208,"parent":0,"menu_order":0,"comment_status":"closed","ping_status":"closed","template":"","meta":{"advgb_blocks_editor_width":"","advgb_blocks_columns_visual_guide":"","footnotes":""},"class_list":["post-207","page","type-page","status-publish","has-post-thumbnail","hentry"],"yoast_head":"<!-- This site is optimized with the Yoast SEO plugin v27.4 - https:\/\/yoast.com\/product\/yoast-seo-wordpress\/ -->\n<title>Attraktives Mobiliar f\u00fcr Gesundheitseinrichtungen<\/title>\n<meta name=\"description\" content=\"Attraktives Mobiliar f\u00fcr Gesundheitseinrichtungen \u2713 F\u00fcr Lobby, Aufenthaltsbereich, Bewohnerzimmer, Restaurant, Terrasse, B\u00fcro &amp; Garderobe\" \/>\n<meta name=\"robots\" content=\"index, follow, max-snippet:-1, max-image-preview:large, max-video-preview:-1\" \/>\n<link rel=\"canonical\" href=\"https:\/\/objektmobiliar.ch\/fr\/meubles\/\" \/>\n<meta property=\"og:locale\" content=\"fr_FR\" \/>\n<meta property=\"og:type\" content=\"article\" \/>\n<meta property=\"og:title\" content=\"Attraktives Mobiliar f\u00fcr Gesundheitseinrichtungen\" \/>\n<meta property=\"og:description\" content=\"Attraktives Mobiliar f\u00fcr Gesundheitseinrichtungen \u2713 F\u00fcr Lobby, Aufenthaltsbereich, Bewohnerzimmer, Restaurant, Terrasse, B\u00fcro &amp; Garderobe\" \/>\n<meta property=\"og:url\" content=\"https:\/\/objektmobiliar.ch\/fr\/meubles\/\" \/>\n<meta property=\"og:site_name\" content=\"OZG HEALTHCARE\" \/>\n<meta property=\"article:modified_time\" content=\"2026-03-23T14:23:41+00:00\" \/>\n<meta property=\"og:image\" content=\"https:\/\/objektmobiliar.ch\/wp-content\/uploads\/2023\/10\/moebel-header.jpg\" \/>\n\t<meta property=\"og:image:width\" content=\"2400\" \/>\n\t<meta property=\"og:image:height\" content=\"900\" \/>\n\t<meta property=\"og:image:type\" content=\"image\/jpeg\" \/>\n<meta name=\"twitter:card\" content=\"summary_large_image\" \/>\n<meta name=\"twitter:label1\" content=\"Dur\u00e9e de lecture estim\u00e9e\" \/>\n\t<meta name=\"twitter:data1\" content=\"4 minutes\" \/>\n<script type=\"application\/ld+json\" class=\"yoast-schema-graph\">{\"@context\":\"https:\\\/\\\/schema.org\",\"@graph\":[{\"@type\":\"WebPage\",\"@id\":\"https:\\\/\\\/objektmobiliar.ch\\\/moebel\\\/\",\"url\":\"https:\\\/\\\/objektmobiliar.ch\\\/moebel\\\/\",\"name\":\"Attraktives Mobiliar f\u00fcr Gesundheitseinrichtungen\",\"isPartOf\":{\"@id\":\"https:\\\/\\\/objektmobiliar.ch\\\/#website\"},\"primaryImageOfPage\":{\"@id\":\"https:\\\/\\\/objektmobiliar.ch\\\/moebel\\\/#primaryimage\"},\"image\":{\"@id\":\"https:\\\/\\\/objektmobiliar.ch\\\/moebel\\\/#primaryimage\"},\"thumbnailUrl\":\"https:\\\/\\\/objektmobiliar.ch\\\/wp-content\\\/uploads\\\/2023\\\/10\\\/moebel-header.jpg\",\"datePublished\":\"2023-10-08T00:53:31+00:00\",\"dateModified\":\"2026-03-23T14:23:41+00:00\",\"description\":\"Attraktives Mobiliar f\u00fcr Gesundheitseinrichtungen \u2713 F\u00fcr Lobby, Aufenthaltsbereich, Bewohnerzimmer, Restaurant, Terrasse, B\u00fcro & Garderobe\",\"breadcrumb\":{\"@id\":\"https:\\\/\\\/objektmobiliar.ch\\\/moebel\\\/#breadcrumb\"},\"inLanguage\":\"fr-FR\",\"potentialAction\":[{\"@type\":\"ReadAction\",\"target\":[\"https:\\\/\\\/objektmobiliar.ch\\\/moebel\\\/\"]}]},{\"@type\":\"ImageObject\",\"inLanguage\":\"fr-FR\",\"@id\":\"https:\\\/\\\/objektmobiliar.ch\\\/moebel\\\/#primaryimage\",\"url\":\"https:\\\/\\\/objektmobiliar.ch\\\/wp-content\\\/uploads\\\/2023\\\/10\\\/moebel-header.jpg\",\"contentUrl\":\"https:\\\/\\\/objektmobiliar.ch\\\/wp-content\\\/uploads\\\/2023\\\/10\\\/moebel-header.jpg\",\"width\":2400,\"height\":900},{\"@type\":\"BreadcrumbList\",\"@id\":\"https:\\\/\\\/objektmobiliar.ch\\\/moebel\\\/#breadcrumb\",\"itemListElement\":[{\"@type\":\"ListItem\",\"position\":1,\"name\":\"Startseite\",\"item\":\"https:\\\/\\\/objektmobiliar.ch\\\/\"},{\"@type\":\"ListItem\",\"position\":2,\"name\":\"M\u00f6bel\"}]},{\"@type\":\"WebSite\",\"@id\":\"https:\\\/\\\/objektmobiliar.ch\\\/#website\",\"url\":\"https:\\\/\\\/objektmobiliar.ch\\\/\",\"name\":\"OZG HEALTHCARE\",\"description\":\"Objektmobiliar f\u00fcr Pflege, B\u00fcro, Praxis &amp; Hotellerie\",\"potentialAction\":[{\"@type\":\"SearchAction\",\"target\":{\"@type\":\"EntryPoint\",\"urlTemplate\":\"https:\\\/\\\/objektmobiliar.ch\\\/?s={search_term_string}\"},\"query-input\":{\"@type\":\"PropertyValueSpecification\",\"valueRequired\":true,\"valueName\":\"search_term_string\"}}],\"inLanguage\":\"fr-FR\"}]}<\/script>\n<!-- \/ Yoast SEO plugin. -->","yoast_head_json":{"title":"Attraktives Mobiliar f\u00fcr Gesundheitseinrichtungen","description":"Attraktives Mobiliar f\u00fcr Gesundheitseinrichtungen \u2713 F\u00fcr Lobby, Aufenthaltsbereich, Bewohnerzimmer, Restaurant, Terrasse, B\u00fcro & Garderobe","robots":{"index":"index","follow":"follow","max-snippet":"max-snippet:-1","max-image-preview":"max-image-preview:large","max-video-preview":"max-video-preview:-1"},"canonical":"https:\/\/objektmobiliar.ch\/fr\/meubles\/","og_locale":"fr_FR","og_type":"article","og_title":"Attraktives Mobiliar f\u00fcr Gesundheitseinrichtungen","og_description":"Attraktives Mobiliar f\u00fcr Gesundheitseinrichtungen \u2713 F\u00fcr Lobby, Aufenthaltsbereich, Bewohnerzimmer, Restaurant, Terrasse, B\u00fcro & Garderobe","og_url":"https:\/\/objektmobiliar.ch\/fr\/meubles\/","og_site_name":"OZG HEALTHCARE","article_modified_time":"2026-03-23T14:23:41+00:00","og_image":[{"width":2400,"height":900,"url":"https:\/\/objektmobiliar.ch\/wp-content\/uploads\/2023\/10\/moebel-header.jpg","type":"image\/jpeg"}],"twitter_card":"summary_large_image","twitter_misc":{"Dur\u00e9e de lecture estim\u00e9e":"4 minutes"},"schema":{"@context":"https:\/\/schema.org","@graph":[{"@type":"WebPage","@id":"https:\/\/objektmobiliar.ch\/moebel\/","url":"https:\/\/objektmobiliar.ch\/moebel\/","name":"Attraktives Mobiliar f\u00fcr Gesundheitseinrichtungen","isPartOf":{"@id":"https:\/\/objektmobiliar.ch\/#website"},"primaryImageOfPage":{"@id":"https:\/\/objektmobiliar.ch\/moebel\/#primaryimage"},"image":{"@id":"https:\/\/objektmobiliar.ch\/moebel\/#primaryimage"},"thumbnailUrl":"https:\/\/objektmobiliar.ch\/wp-content\/uploads\/2023\/10\/moebel-header.jpg","datePublished":"2023-10-08T00:53:31+00:00","dateModified":"2026-03-23T14:23:41+00:00","description":"Attraktives Mobiliar f\u00fcr Gesundheitseinrichtungen \u2713 F\u00fcr Lobby, Aufenthaltsbereich, Bewohnerzimmer, Restaurant, Terrasse, B\u00fcro & Garderobe","breadcrumb":{"@id":"https:\/\/objektmobiliar.ch\/moebel\/#breadcrumb"},"inLanguage":"fr-FR","potentialAction":[{"@type":"ReadAction","target":["https:\/\/objektmobiliar.ch\/moebel\/"]}]},{"@type":"ImageObject","inLanguage":"fr-FR","@id":"https:\/\/objektmobiliar.ch\/moebel\/#primaryimage","url":"https:\/\/objektmobiliar.ch\/wp-content\/uploads\/2023\/10\/moebel-header.jpg","contentUrl":"https:\/\/objektmobiliar.ch\/wp-content\/uploads\/2023\/10\/moebel-header.jpg","width":2400,"height":900},{"@type":"BreadcrumbList","@id":"https:\/\/objektmobiliar.ch\/moebel\/#breadcrumb","itemListElement":[{"@type":"ListItem","position":1,"name":"Startseite","item":"https:\/\/objektmobiliar.ch\/"},{"@type":"ListItem","position":2,"name":"M\u00f6bel"}]},{"@type":"WebSite","@id":"https:\/\/objektmobiliar.ch\/#website","url":"https:\/\/objektmobiliar.ch\/","name":"OZG HEALTHCARE","description":"Mobilier de collectivit\u00e9 pour les soins, les bureaux, les cabinets m\u00e9dicaux et l'h\u00f4tellerie","potentialAction":[{"@type":"SearchAction","target":{"@type":"EntryPoint","urlTemplate":"https:\/\/objektmobiliar.ch\/?s={search_term_string}"},"query-input":{"@type":"PropertyValueSpecification","valueRequired":true,"valueName":"search_term_string"}}],"inLanguage":"fr-FR"}]}},"coauthors":[],"author_meta":{"author_link":"https:\/\/objektmobiliar.ch\/fr\/author\/alex\/","display_name":"Alex"},"relative_dates":{"created":"Publi\u00e9 3 ans il y a","modified":"Mis \u00e0 jour 4 semaines il y a"},"absolute_dates":{"created":"Publi\u00e9 le octobre 8, 2023","modified":"Mise \u00e0 jour le mars 23, 2026"},"absolute_dates_time":{"created":"Publi\u00e9 le octobre 8, 2023 12:53 am","modified":"Mise \u00e0 jour le mars 23, 2026 2:23 pm"},"featured_img_caption":"","featured_img":"https:\/\/objektmobiliar.ch\/wp-content\/uploads\/2023\/10\/moebel-header-825x510.jpg","series_order":"","_links":{"self":[{"href":"https:\/\/objektmobiliar.ch\/fr\/wp-json\/wp\/v2\/pages\/207","targetHints":{"allow":["GET"]}}],"collection":[{"href":"https:\/\/objektmobiliar.ch\/fr\/wp-json\/wp\/v2\/pages"}],"about":[{"href":"https:\/\/objektmobiliar.ch\/fr\/wp-json\/wp\/v2\/types\/page"}],"author":[{"embeddable":true,"href":"https:\/\/objektmobiliar.ch\/fr\/wp-json\/wp\/v2\/users\/2"}],"replies":[{"embeddable":true,"href":"https:\/\/objektmobiliar.ch\/fr\/wp-json\/wp\/v2\/comments?post=207"}],"version-history":[{"count":14,"href":"https:\/\/objektmobiliar.ch\/fr\/wp-json\/wp\/v2\/pages\/207\/revisions"}],"predecessor-version":[{"id":5991,"href":"https:\/\/objektmobiliar.ch\/fr\/wp-json\/wp\/v2\/pages\/207\/revisions\/5991"}],"wp:featuredmedia":[{"embeddable":true,"href":"https:\/\/objektmobiliar.ch\/fr\/wp-json\/wp\/v2\/media\/208"}],"wp:attachment":[{"href":"https:\/\/objektmobiliar.ch\/fr\/wp-json\/wp\/v2\/media?parent=207"}],"curies":[{"name":"wp","href":"https:\/\/api.w.org\/{rel}","templated":true}]}}