{"id":1557,"date":"2023-11-06T16:39:53","date_gmt":"2023-11-06T16:39:53","guid":{"rendered":"https:\/\/dev.objektmobiliar.ch\/?page_id=1557"},"modified":"2023-11-13T15:28:03","modified_gmt":"2023-11-13T15:28:03","slug":"contact","status":"publish","type":"page","link":"https:\/\/objektmobiliar.ch\/fr\/kontakt\/","title":{"rendered":"Contact"},"content":{"rendered":"<div class=\"lazyblock-text-modul-ozg-1h107z wp-block-lazyblock-text-modul-ozg\"><section class=\"sct\">\r\n      <div class=\"cnt narrow\">\r\n        <div class=\"w-richtext\">\r\n            <h1 style=\"text-align: left;\">Contact &amp; Visites de la salle d'exposition<\/h1>\n<p><img loading=\"lazy\" decoding=\"async\" class=\"alignnone size-full wp-image-1560\" src=\"https:\/\/objektmobiliar.ch\/wp-content\/uploads\/2023\/11\/objektmobiliar-ozg-healthcare-kontakt.jpg\" alt=\"\" width=\"1465\" height=\"768\" srcset=\"https:\/\/objektmobiliar.ch\/wp-content\/uploads\/2023\/11\/objektmobiliar-ozg-healthcare-kontakt.jpg 1465w, https:\/\/objektmobiliar.ch\/wp-content\/uploads\/2023\/11\/objektmobiliar-ozg-healthcare-kontakt-800x419.jpg 800w, https:\/\/objektmobiliar.ch\/wp-content\/uploads\/2023\/11\/objektmobiliar-ozg-healthcare-kontakt-768x403.jpg 768w\" sizes=\"auto, (max-width: 1465px) 100vw, 1465px\" \/><\/p>\r\n        <\/div>\r\n      <\/div>\r\n    <\/section><\/div>\n\n<div class=\"lazyblock-text-modul-ozg-Z2orELs wp-block-lazyblock-text-modul-ozg\"><section class=\"sct\">\r\n      <div class=\"cnt narrow\">\r\n        <div class=\"w-richtext\">\r\n            <p>Vous avez des questions g\u00e9n\u00e9rales sur OZG HEALTHCARE, nos produits ou vous souhaitez visiter notre showroom ?<\/p>\n<p>Veuillez utiliser notre formulaire de contact. Notre sympathique \u00e9quipe d'assistance client\u00e8le vous contactera dans les plus brefs d\u00e9lais et se fera un plaisir de vous aider.<\/p>\r\n        <\/div>\r\n      <\/div>\r\n    <\/section><\/div>\n\n\n<div class=\"wp-block-group\"><div class=\"wp-block-group__inner-container is-layout-constrained wp-block-group-is-layout-constrained\"><section class=\"sct\">\r\n      <div class=\"cnt narrow\">\r\n        <div class=\"introtxt\">\r\n        <div class=\"w-richtext\">\r\n            \r\n        <\/div>\r\n        <\/div>\r\n        \r\n          \n\n\n<div class=\"wp-block-contact-form-7-contact-form-selector\">\n<div class=\"wpcf7 no-js\" id=\"wpcf7-f1611-o1\" lang=\"de-DE\" dir=\"ltr\" data-wpcf7-id=\"1611\">\n<div class=\"screen-reader-response\"><p role=\"status\" aria-live=\"polite\" aria-atomic=\"true\"><\/p> <ul><\/ul><\/div>\n<form action=\"\/fr\/wp-json\/wp\/v2\/pages\/1557#wpcf7-f1611-o1\" method=\"post\" class=\"wpcf7-form init\" aria-label=\"Formulaire de contact\" novalidate=\"novalidate\" data-status=\"init\" data-trp-original-action=\"\/fr\/wp-json\/wp\/v2\/pages\/1557#wpcf7-f1611-o1\">\n<fieldset class=\"hidden-fields-container\"><input type=\"hidden\" name=\"_wpcf7\" value=\"1611\" \/><input type=\"hidden\" name=\"_wpcf7_version\" value=\"6.1.5\" \/><input type=\"hidden\" name=\"_wpcf7_locale\" value=\"de_DE\" \/><input type=\"hidden\" name=\"_wpcf7_unit_tag\" value=\"wpcf7-f1611-o1\" \/><input type=\"hidden\" name=\"_wpcf7_container_post\" value=\"0\" \/><input type=\"hidden\" name=\"_wpcf7_posted_data_hash\" value=\"\" \/><input type=\"hidden\" name=\"_wpcf7_recaptcha_response\" value=\"\" \/>\n<\/fieldset>\n<div class=\"wpcf7-customform\">\n\n<div class=\"form-row\">\n<label class=\"txt-formlabel\">Entreprise*<\/label> <span class=\"wpcf7-form-control-wrap\" data-name=\"firma\"><input size=\"40\" maxlength=\"400\" class=\"wpcf7-form-control wpcf7-text wpcf7-validates-as-required\" id=\"firma\" aria-required=\"true\" aria-invalid=\"false\" value=\"\" type=\"text\" name=\"firma\" \/><\/span>\n<\/div>\n\n<div class=\"form-row\">\n<label class=\"txt-formlabel\">Pr\u00e9nom*<\/label> <span class=\"wpcf7-form-control-wrap\" data-name=\"first-name\"><input size=\"40\" maxlength=\"400\" class=\"wpcf7-form-control wpcf7-text wpcf7-validates-as-required\" id=\"first-name\" aria-required=\"true\" aria-invalid=\"false\" value=\"\" type=\"text\" name=\"first-name\" \/><\/span>\n<\/div>\n\n<div class=\"form-row\">\n<label class=\"txt-formlabel\">Nom de famille*<\/label> <span class=\"wpcf7-form-control-wrap\" data-name=\"last-name\"><input size=\"40\" maxlength=\"400\" class=\"wpcf7-form-control wpcf7-text wpcf7-validates-as-required\" id=\"last-name\" aria-required=\"true\" aria-invalid=\"false\" value=\"\" type=\"text\" name=\"last-name\" \/><\/span>\n<\/div>\n\n<div class=\"form-row\">\n<label class=\"txt-formlabel\">E-mail*<\/label> <span class=\"wpcf7-form-control-wrap\" data-name=\"your-email\"><input size=\"40\" maxlength=\"400\" class=\"wpcf7-form-control wpcf7-email wpcf7-validates-as-required wpcf7-text wpcf7-validates-as-email\" id=\"your-email\" aria-required=\"true\" aria-invalid=\"false\" value=\"\" type=\"email\" name=\"your-email\" \/><\/span>\n<\/div>\n\n<div class=\"form-row\">\n<label class=\"txt-formlabel\">T\u00e9l\u00e9phone*<\/label> <span class=\"wpcf7-form-control-wrap\" data-name=\"your-phone\"><input size=\"40\" maxlength=\"400\" class=\"wpcf7-form-control wpcf7-text wpcf7-validates-as-required\" id=\"your-phone\" aria-required=\"true\" aria-invalid=\"false\" value=\"\" type=\"text\" name=\"your-phone\" \/><\/span>\n<\/div>\n\n<div class=\"form-row\">\n<label class=\"txt-formlabel\">Votre message<\/label> <span class=\"wpcf7-form-control-wrap\" data-name=\"your-message\"><textarea cols=\"40\" rows=\"10\" maxlength=\"2000\" class=\"wpcf7-form-control wpcf7-textarea\" id=\"your-message\" aria-invalid=\"false\" name=\"your-message\"><\/textarea><\/span>\n<\/div>\n\n<div class=\"form-row checkbox-row\">\n<label class=\"txt-formlabel wide\">Souhaitez-vous visiter notre salle d'exposition ?<\/label> <span class=\"wpcf7-form-control-wrap\" data-name=\"Showroom\"><span class=\"wpcf7-form-control wpcf7-checkbox wpcf7-validates-as-required wpcf7-exclusive-checkbox\" id=\"Showroom\"><span class=\"wpcf7-list-item first\"><input type=\"checkbox\" name=\"Showroom\" value=\"Ja\" \/><span class=\"wpcf7-list-item-label\">Oui<\/span><\/span><span class=\"wpcf7-list-item last\"><input type=\"checkbox\" name=\"Showroom\" value=\"Nein\" \/><span class=\"wpcf7-list-item-label\">Non<\/span><\/span><\/span><\/span>\n<\/div>\n\n<div class=\"form-row submit\">\n<input class=\"wpcf7-form-control wpcf7-submit has-spinner\" type=\"submit\" value=\"Envoyer\" \/>\n<\/div>\n\n<\/div><div class=\"wpcf7-response-output\" aria-hidden=\"true\"><\/div>\n<input type=\"hidden\" name=\"trp-form-language\" value=\"fr\"\/><\/form>\n<\/div>\n<\/div>\n\n\n<\/div><\/section><\/div><\/div>\n\n\n<div class=\"lazyblock-spalten-modul-ozg-Z2tHFuS wp-block-lazyblock-spalten-modul-ozg\"><section class=\"sct\">\r\n      <div class=\"cnt narrow\">\r\n        <div class=\"w-richtext\">\r\n          <h2>OZG HEALTHCARE<\/h2>\r\n        <\/div>\r\n        <div class=\"box-pageteaser\">\r\n          <div class=\"elmnt-column\"><p><strong>Si\u00e8ge social \/ entrep\u00f4t<\/strong><br \/>M\u00fclibodenstrasse 3<br \/>CH-8172 Niederglatt<\/p><\/div>\r\n          <div class=\"elmnt-column\"><p>T\u00e9l. : +41 (0) 44 576 02 10<br \/>Fax : +41 (0) 44 576 02 01<br \/>Courrier \u00e9lectronique : <a href=\"mailto:info@ozg.ch\">info@ozg.ch<\/a><\/p><\/div>\r\n        <\/div>\r\n            <div ><a href=\"\"  class=\"btn\">En savoir plus<\/a><\/div>\r\n      <\/div>\r\n    <\/section><\/div>","protected":false},"excerpt":{"rendered":"","protected":false},"author":2,"featured_media":0,"parent":0,"menu_order":0,"comment_status":"closed","ping_status":"closed","template":"","meta":{"advgb_blocks_editor_width":"","advgb_blocks_columns_visual_guide":"","footnotes":""},"class_list":["post-1557","page","type-page","status-publish","hentry"],"yoast_head":"<!-- This site is optimized with the Yoast SEO plugin v27.4 - https:\/\/yoast.com\/product\/yoast-seo-wordpress\/ -->\n<title>Kontakt - OZG HEALTHCARE<\/title>\n<meta name=\"robots\" content=\"index, follow, max-snippet:-1, max-image-preview:large, max-video-preview:-1\" \/>\n<link rel=\"canonical\" href=\"https:\/\/objektmobiliar.ch\/fr\/contact\/\" \/>\n<meta property=\"og:locale\" content=\"fr_FR\" \/>\n<meta property=\"og:type\" content=\"article\" \/>\n<meta property=\"og:title\" content=\"Kontakt - OZG HEALTHCARE\" \/>\n<meta property=\"og:url\" content=\"https:\/\/objektmobiliar.ch\/fr\/contact\/\" \/>\n<meta property=\"og:site_name\" content=\"OZG HEALTHCARE\" \/>\n<meta property=\"article:modified_time\" content=\"2023-11-13T15:28:03+00:00\" \/>\n<meta name=\"twitter:card\" content=\"summary_large_image\" \/>\n<script type=\"application\/ld+json\" class=\"yoast-schema-graph\">{\"@context\":\"https:\\\/\\\/schema.org\",\"@graph\":[{\"@type\":\"WebPage\",\"@id\":\"https:\\\/\\\/objektmobiliar.ch\\\/kontakt\\\/\",\"url\":\"https:\\\/\\\/objektmobiliar.ch\\\/kontakt\\\/\",\"name\":\"Kontakt - OZG HEALTHCARE\",\"isPartOf\":{\"@id\":\"https:\\\/\\\/objektmobiliar.ch\\\/#website\"},\"datePublished\":\"2023-11-06T16:39:53+00:00\",\"dateModified\":\"2023-11-13T15:28:03+00:00\",\"breadcrumb\":{\"@id\":\"https:\\\/\\\/objektmobiliar.ch\\\/kontakt\\\/#breadcrumb\"},\"inLanguage\":\"fr-FR\",\"potentialAction\":[{\"@type\":\"ReadAction\",\"target\":[\"https:\\\/\\\/objektmobiliar.ch\\\/kontakt\\\/\"]}]},{\"@type\":\"BreadcrumbList\",\"@id\":\"https:\\\/\\\/objektmobiliar.ch\\\/kontakt\\\/#breadcrumb\",\"itemListElement\":[{\"@type\":\"ListItem\",\"position\":1,\"name\":\"Startseite\",\"item\":\"https:\\\/\\\/objektmobiliar.ch\\\/\"},{\"@type\":\"ListItem\",\"position\":2,\"name\":\"Kontakt\"}]},{\"@type\":\"WebSite\",\"@id\":\"https:\\\/\\\/objektmobiliar.ch\\\/#website\",\"url\":\"https:\\\/\\\/objektmobiliar.ch\\\/\",\"name\":\"OZG HEALTHCARE\",\"description\":\"Objektmobiliar f\u00fcr Pflege, B\u00fcro, Praxis &amp; Hotellerie\",\"potentialAction\":[{\"@type\":\"SearchAction\",\"target\":{\"@type\":\"EntryPoint\",\"urlTemplate\":\"https:\\\/\\\/objektmobiliar.ch\\\/?s={search_term_string}\"},\"query-input\":{\"@type\":\"PropertyValueSpecification\",\"valueRequired\":true,\"valueName\":\"search_term_string\"}}],\"inLanguage\":\"fr-FR\"}]}<\/script>\n<!-- \/ Yoast SEO plugin. -->","yoast_head_json":{"title":"Contact - OZG HEALTHCARE","robots":{"index":"index","follow":"follow","max-snippet":"max-snippet:-1","max-image-preview":"max-image-preview:large","max-video-preview":"max-video-preview:-1"},"canonical":"https:\/\/objektmobiliar.ch\/fr\/contact\/","og_locale":"fr_FR","og_type":"article","og_title":"Kontakt - OZG HEALTHCARE","og_url":"https:\/\/objektmobiliar.ch\/fr\/contact\/","og_site_name":"OZG HEALTHCARE","article_modified_time":"2023-11-13T15:28:03+00:00","twitter_card":"summary_large_image","schema":{"@context":"https:\/\/schema.org","@graph":[{"@type":"WebPage","@id":"https:\/\/objektmobiliar.ch\/kontakt\/","url":"https:\/\/objektmobiliar.ch\/kontakt\/","name":"Contact - OZG HEALTHCARE","isPartOf":{"@id":"https:\/\/objektmobiliar.ch\/#website"},"datePublished":"2023-11-06T16:39:53+00:00","dateModified":"2023-11-13T15:28:03+00:00","breadcrumb":{"@id":"https:\/\/objektmobiliar.ch\/kontakt\/#breadcrumb"},"inLanguage":"fr-FR","potentialAction":[{"@type":"ReadAction","target":["https:\/\/objektmobiliar.ch\/kontakt\/"]}]},{"@type":"BreadcrumbList","@id":"https:\/\/objektmobiliar.ch\/kontakt\/#breadcrumb","itemListElement":[{"@type":"ListItem","position":1,"name":"Startseite","item":"https:\/\/objektmobiliar.ch\/"},{"@type":"ListItem","position":2,"name":"Kontakt"}]},{"@type":"WebSite","@id":"https:\/\/objektmobiliar.ch\/#website","url":"https:\/\/objektmobiliar.ch\/","name":"OZG HEALTHCARE","description":"Mobilier de collectivit\u00e9 pour les soins, les bureaux, les cabinets m\u00e9dicaux et l'h\u00f4tellerie","potentialAction":[{"@type":"SearchAction","target":{"@type":"EntryPoint","urlTemplate":"https:\/\/objektmobiliar.ch\/?s={search_term_string}"},"query-input":{"@type":"PropertyValueSpecification","valueRequired":true,"valueName":"search_term_string"}}],"inLanguage":"fr-FR"}]}},"coauthors":[],"author_meta":{"author_link":"https:\/\/objektmobiliar.ch\/fr\/author\/alex\/","display_name":"Alex"},"relative_dates":{"created":"Publi\u00e9 2 ans il y a","modified":"Mis \u00e0 jour 2 ans il y a"},"absolute_dates":{"created":"Publi\u00e9 le novembre 6, 2023","modified":"Mise \u00e0 jour le novembre 13, 2023"},"absolute_dates_time":{"created":"Publi\u00e9 le novembre 6, 2023 4:39 pm","modified":"Mise \u00e0 jour le novembre 13, 2023 3:28 pm"},"featured_img_caption":"","featured_img":false,"series_order":"","_links":{"self":[{"href":"https:\/\/objektmobiliar.ch\/fr\/wp-json\/wp\/v2\/pages\/1557","targetHints":{"allow":["GET"]}}],"collection":[{"href":"https:\/\/objektmobiliar.ch\/fr\/wp-json\/wp\/v2\/pages"}],"about":[{"href":"https:\/\/objektmobiliar.ch\/fr\/wp-json\/wp\/v2\/types\/page"}],"author":[{"embeddable":true,"href":"https:\/\/objektmobiliar.ch\/fr\/wp-json\/wp\/v2\/users\/2"}],"replies":[{"embeddable":true,"href":"https:\/\/objektmobiliar.ch\/fr\/wp-json\/wp\/v2\/comments?post=1557"}],"version-history":[{"count":18,"href":"https:\/\/objektmobiliar.ch\/fr\/wp-json\/wp\/v2\/pages\/1557\/revisions"}],"predecessor-version":[{"id":2711,"href":"https:\/\/objektmobiliar.ch\/fr\/wp-json\/wp\/v2\/pages\/1557\/revisions\/2711"}],"wp:attachment":[{"href":"https:\/\/objektmobiliar.ch\/fr\/wp-json\/wp\/v2\/media?parent=1557"}],"curies":[{"name":"wp","href":"https:\/\/api.w.org\/{rel}","templated":true}]}}