{"id":1431,"date":"2023-10-29T18:46:45","date_gmt":"2023-10-29T18:46:45","guid":{"rendered":"https:\/\/dev.objektmobiliar.ch\/?page_id=1431"},"modified":"2023-11-08T15:23:48","modified_gmt":"2023-11-08T15:23:48","slug":"conditions-de-livraison","status":"publish","type":"page","link":"https:\/\/objektmobiliar.ch\/fr\/lieferbedingungen\/","title":{"rendered":"Conditions de livraison"},"content":{"rendered":"<h2 class=\"wp-block-heading\">Aper\u00e7u<\/h2>\n\n\n\n<p>Tous les prix s'entendent d\u00e9part entrep\u00f4t, non emball\u00e9s, hors TVA l\u00e9gale. Les montants indiqu\u00e9s ci-dessous s'entendent nets, hors TVA.<\/p>\n\n\n\n<p>\u00c0 partir d'un montant net de 500 francs, nous livrons franco domicile. Des suppl\u00e9ments pour livraison express sont factur\u00e9s. Pour les montants inf\u00e9rieurs \u00e0 500 francs, nous facturons un montant forfaitaire de 15 francs, emballage et traitement inclus*. Pour les petites quantit\u00e9s d'un montant factur\u00e9 inf\u00e9rieur \u00e0 50 francs, nous facturons en plus 10 francs pour le traitement. Les livraisons en retard sont livr\u00e9es franco de port par nos soins. Toute r\u00e9clamation pour retard de livraison est exclue. Aucun rabais d'enl\u00e8vement ni cr\u00e9dit de transport ne peut \u00eatre accord\u00e9 aux personnes venant chercher elles-m\u00eames leur marchandise. Le transport s'effectue aux risques et p\u00e9rils du destinataire par des entreprises de transport de notre choix. Si des dommages de transport surviennent, ils doivent \u00eatre signal\u00e9s dans les 24 heures aux entreprises de transport charg\u00e9es du transport.<\/p>\n\n\n\n<p>*Les suppl\u00e9ments pour les marchandises encombrantes sont factur\u00e9s au destinataire.<\/p>","protected":false},"excerpt":{"rendered":"<p>\u00dcbersicht Alle Preise gelten ab unserem Lager, unverpackt, exklusive gesetzliche MwSt. Nachstehend aufgef\u00fchrte Betr\u00e4ge verstehen sich Netto exkl. MwSt. Ab einem Rechnungsbetrag von Netto Fr. 500.- liefern wir franko Domizil. Express-Zuschl\u00e4ge werden berechnet. F\u00fcr Betr\u00e4ge unter Fr. 500.- verrechnen wir einen Pauschalbetrag von Fr. 15.- inkl. Verpackung und Bearbeitung*. Bei Kleinmengen mit einem Rechnungsbetrag von [&hellip;]<\/p>\n","protected":false},"author":2,"featured_media":0,"parent":0,"menu_order":0,"comment_status":"closed","ping_status":"closed","template":"template-legal.php","meta":{"advgb_blocks_editor_width":"","advgb_blocks_columns_visual_guide":"","footnotes":""},"class_list":["post-1431","page","type-page","status-publish","hentry"],"yoast_head":"<!-- This site is optimized with the Yoast SEO plugin v27.4 - https:\/\/yoast.com\/product\/yoast-seo-wordpress\/ -->\n<title>Lieferbedingungen - OZG HEALTHCARE<\/title>\n<meta name=\"robots\" content=\"index, follow, max-snippet:-1, max-image-preview:large, max-video-preview:-1\" \/>\n<link rel=\"canonical\" href=\"https:\/\/objektmobiliar.ch\/fr\/conditions-de-livraison\/\" \/>\n<meta property=\"og:locale\" content=\"fr_FR\" \/>\n<meta property=\"og:type\" content=\"article\" \/>\n<meta property=\"og:title\" content=\"Lieferbedingungen - OZG HEALTHCARE\" \/>\n<meta property=\"og:description\" content=\"\u00dcbersicht Alle Preise gelten ab unserem Lager, unverpackt, exklusive gesetzliche MwSt. Nachstehend aufgef\u00fchrte Betr\u00e4ge verstehen sich Netto exkl. MwSt. Ab einem Rechnungsbetrag von Netto Fr. 500.- liefern wir franko Domizil. Express-Zuschl\u00e4ge werden berechnet. F\u00fcr Betr\u00e4ge unter Fr. 500.- verrechnen wir einen Pauschalbetrag von Fr. 15.- inkl. Verpackung und Bearbeitung*. Bei Kleinmengen mit einem Rechnungsbetrag von [&hellip;]\" \/>\n<meta property=\"og:url\" content=\"https:\/\/objektmobiliar.ch\/fr\/conditions-de-livraison\/\" \/>\n<meta property=\"og:site_name\" content=\"OZG HEALTHCARE\" \/>\n<meta property=\"article:modified_time\" content=\"2023-11-08T15:23:48+00:00\" \/>\n<meta name=\"twitter:card\" content=\"summary_large_image\" \/>\n<meta name=\"twitter:label1\" content=\"Dur\u00e9e de lecture estim\u00e9e\" \/>\n\t<meta name=\"twitter:data1\" content=\"1 minute\" \/>\n<script type=\"application\/ld+json\" class=\"yoast-schema-graph\">{\"@context\":\"https:\\\/\\\/schema.org\",\"@graph\":[{\"@type\":\"WebPage\",\"@id\":\"https:\\\/\\\/objektmobiliar.ch\\\/lieferbedingungen\\\/\",\"url\":\"https:\\\/\\\/objektmobiliar.ch\\\/lieferbedingungen\\\/\",\"name\":\"Lieferbedingungen - OZG HEALTHCARE\",\"isPartOf\":{\"@id\":\"https:\\\/\\\/objektmobiliar.ch\\\/#website\"},\"datePublished\":\"2023-10-29T18:46:45+00:00\",\"dateModified\":\"2023-11-08T15:23:48+00:00\",\"breadcrumb\":{\"@id\":\"https:\\\/\\\/objektmobiliar.ch\\\/lieferbedingungen\\\/#breadcrumb\"},\"inLanguage\":\"fr-FR\",\"potentialAction\":[{\"@type\":\"ReadAction\",\"target\":[\"https:\\\/\\\/objektmobiliar.ch\\\/lieferbedingungen\\\/\"]}]},{\"@type\":\"BreadcrumbList\",\"@id\":\"https:\\\/\\\/objektmobiliar.ch\\\/lieferbedingungen\\\/#breadcrumb\",\"itemListElement\":[{\"@type\":\"ListItem\",\"position\":1,\"name\":\"Startseite\",\"item\":\"https:\\\/\\\/objektmobiliar.ch\\\/\"},{\"@type\":\"ListItem\",\"position\":2,\"name\":\"Lieferbedingungen\"}]},{\"@type\":\"WebSite\",\"@id\":\"https:\\\/\\\/objektmobiliar.ch\\\/#website\",\"url\":\"https:\\\/\\\/objektmobiliar.ch\\\/\",\"name\":\"OZG HEALTHCARE\",\"description\":\"Objektmobiliar f\u00fcr Pflege, B\u00fcro, Praxis &amp; Hotellerie\",\"potentialAction\":[{\"@type\":\"SearchAction\",\"target\":{\"@type\":\"EntryPoint\",\"urlTemplate\":\"https:\\\/\\\/objektmobiliar.ch\\\/?s={search_term_string}\"},\"query-input\":{\"@type\":\"PropertyValueSpecification\",\"valueRequired\":true,\"valueName\":\"search_term_string\"}}],\"inLanguage\":\"fr-FR\"}]}<\/script>\n<!-- \/ Yoast SEO plugin. -->","yoast_head_json":{"title":"Conditions de livraison - OZG HEALTHCARE","robots":{"index":"index","follow":"follow","max-snippet":"max-snippet:-1","max-image-preview":"max-image-preview:large","max-video-preview":"max-video-preview:-1"},"canonical":"https:\/\/objektmobiliar.ch\/fr\/conditions-de-livraison\/","og_locale":"fr_FR","og_type":"article","og_title":"Lieferbedingungen - OZG HEALTHCARE","og_description":"\u00dcbersicht Alle Preise gelten ab unserem Lager, unverpackt, exklusive gesetzliche MwSt. Nachstehend aufgef\u00fchrte Betr\u00e4ge verstehen sich Netto exkl. MwSt. Ab einem Rechnungsbetrag von Netto Fr. 500.- liefern wir franko Domizil. Express-Zuschl\u00e4ge werden berechnet. F\u00fcr Betr\u00e4ge unter Fr. 500.- verrechnen wir einen Pauschalbetrag von Fr. 15.- inkl. Verpackung und Bearbeitung*. Bei Kleinmengen mit einem Rechnungsbetrag von [&hellip;]","og_url":"https:\/\/objektmobiliar.ch\/fr\/conditions-de-livraison\/","og_site_name":"OZG HEALTHCARE","article_modified_time":"2023-11-08T15:23:48+00:00","twitter_card":"summary_large_image","twitter_misc":{"Dur\u00e9e de lecture estim\u00e9e":"1 minute"},"schema":{"@context":"https:\/\/schema.org","@graph":[{"@type":"WebPage","@id":"https:\/\/objektmobiliar.ch\/lieferbedingungen\/","url":"https:\/\/objektmobiliar.ch\/lieferbedingungen\/","name":"Conditions de livraison - OZG HEALTHCARE","isPartOf":{"@id":"https:\/\/objektmobiliar.ch\/#website"},"datePublished":"2023-10-29T18:46:45+00:00","dateModified":"2023-11-08T15:23:48+00:00","breadcrumb":{"@id":"https:\/\/objektmobiliar.ch\/lieferbedingungen\/#breadcrumb"},"inLanguage":"fr-FR","potentialAction":[{"@type":"ReadAction","target":["https:\/\/objektmobiliar.ch\/lieferbedingungen\/"]}]},{"@type":"BreadcrumbList","@id":"https:\/\/objektmobiliar.ch\/lieferbedingungen\/#breadcrumb","itemListElement":[{"@type":"ListItem","position":1,"name":"Startseite","item":"https:\/\/objektmobiliar.ch\/"},{"@type":"ListItem","position":2,"name":"Lieferbedingungen"}]},{"@type":"WebSite","@id":"https:\/\/objektmobiliar.ch\/#website","url":"https:\/\/objektmobiliar.ch\/","name":"OZG HEALTHCARE","description":"Mobilier de collectivit\u00e9 pour les soins, les bureaux, les cabinets m\u00e9dicaux et l'h\u00f4tellerie","potentialAction":[{"@type":"SearchAction","target":{"@type":"EntryPoint","urlTemplate":"https:\/\/objektmobiliar.ch\/?s={search_term_string}"},"query-input":{"@type":"PropertyValueSpecification","valueRequired":true,"valueName":"search_term_string"}}],"inLanguage":"fr-FR"}]}},"coauthors":[],"author_meta":{"author_link":"https:\/\/objektmobiliar.ch\/fr\/author\/alex\/","display_name":"Alex"},"relative_dates":{"created":"Publi\u00e9 2 ans il y a","modified":"Mis \u00e0 jour 2 ans il y a"},"absolute_dates":{"created":"Publi\u00e9 le octobre 29, 2023","modified":"Mise \u00e0 jour le novembre 8, 2023"},"absolute_dates_time":{"created":"Publi\u00e9 le octobre 29, 2023 6:46 pm","modified":"Mise \u00e0 jour le novembre 8, 2023 3:23 pm"},"featured_img_caption":"","featured_img":false,"series_order":"","_links":{"self":[{"href":"https:\/\/objektmobiliar.ch\/fr\/wp-json\/wp\/v2\/pages\/1431","targetHints":{"allow":["GET"]}}],"collection":[{"href":"https:\/\/objektmobiliar.ch\/fr\/wp-json\/wp\/v2\/pages"}],"about":[{"href":"https:\/\/objektmobiliar.ch\/fr\/wp-json\/wp\/v2\/types\/page"}],"author":[{"embeddable":true,"href":"https:\/\/objektmobiliar.ch\/fr\/wp-json\/wp\/v2\/users\/2"}],"replies":[{"embeddable":true,"href":"https:\/\/objektmobiliar.ch\/fr\/wp-json\/wp\/v2\/comments?post=1431"}],"version-history":[{"count":1,"href":"https:\/\/objektmobiliar.ch\/fr\/wp-json\/wp\/v2\/pages\/1431\/revisions"}],"predecessor-version":[{"id":1432,"href":"https:\/\/objektmobiliar.ch\/fr\/wp-json\/wp\/v2\/pages\/1431\/revisions\/1432"}],"wp:attachment":[{"href":"https:\/\/objektmobiliar.ch\/fr\/wp-json\/wp\/v2\/media?parent=1431"}],"curies":[{"name":"wp","href":"https:\/\/api.w.org\/{rel}","templated":true}]}}