{"id":1427,"date":"2023-10-29T18:45:32","date_gmt":"2023-10-29T18:45:32","guid":{"rendered":"https:\/\/dev.objektmobiliar.ch\/?page_id=1427"},"modified":"2023-11-08T15:23:23","modified_gmt":"2023-11-08T15:23:23","slug":"agbs","status":"publish","type":"page","link":"https:\/\/objektmobiliar.ch\/fr\/agbs\/","title":{"rendered":"Conditions g\u00e9n\u00e9rales de vente"},"content":{"rendered":"<h1 class=\"wp-block-heading\">Conditions g\u00e9n\u00e9rales de vente<\/h1>\n\n\n\n<h2 class=\"wp-block-heading\">G\u00e9n\u00e9ralit\u00e9s<\/h2>\n\n\n\n<p>Seules les conditions suivantes s'appliquent \u00e0 toutes les conditions commerciales. Tout autre accord n\u00e9cessite la forme \u00e9crite et ne devient obligatoire qu'apr\u00e8s notre confirmation \u00e9crite. Les accords oraux ne sont pas valables.<br>Les conditions de vente, de livraison et de paiement s'appliquent \u00e9galement \u00e0 toutes les offres promotionnelles de notre soci\u00e9t\u00e9.<\/p>\n\n\n\n<h2 class=\"wp-block-heading\">Offres\/prix<\/h2>\n\n\n\n<p>Les donn\u00e9es et illustrations figurant dans nos documents de vente et listes de prix sont en principe sans engagement et peuvent \u00eatre modifi\u00e9es \u00e0 tout moment. Lors de l'acceptation du contrat de vente, la solvabilit\u00e9 de nos clients est pr\u00e9sum\u00e9e. Des renseignements n\u00e9gatifs re\u00e7us ult\u00e9rieurement nous autorisent \u00e0 nous retirer du contrat ou \u00e0 exiger un paiement anticip\u00e9. Les prix indiqu\u00e9s dans les offres sont valables pour les engagements pris dans les 20 jours suivant l'\u00e9tablissement de l'offre.<\/p>\n\n\n\n<h2 class=\"wp-block-heading\">Conditions de livraison\/exp\u00e9dition<\/h2>\n\n\n\n<p>Tous les prix s'entendent d\u00e9part entrep\u00f4t, non emball\u00e9s, hors TVA l\u00e9gale. Les montants indiqu\u00e9s ci-dessous s'entendent nets, hors TVA.<\/p>\n\n\n\n<p>Nous livrons fanko Domizil \u00e0 partir d'un montant net de facture de 500 francs. Des suppl\u00e9ments pour livraison express sont factur\u00e9s. Pour les montants inf\u00e9rieurs \u00e0 Fr. 500.-, nous facturons un montant forfaitaire de Fr. 15.-, emballage compris*. Pour les petites quantit\u00e9s d'un montant factur\u00e9 inf\u00e9rieur \u00e0 Fr. 50.-, nous facturons en plus Fr. 10.- pour les frais de traitement. Les livraisons en retard sont livr\u00e9es par nos soins franco de port. Toute r\u00e9clamation pour retard de livraison est exclue. Aucun rabais d'enl\u00e8vement ni cr\u00e9dit de transport ne peut \u00eatre accord\u00e9 aux personnes venant chercher elles-m\u00eames leurs marchandises. Le transport<br>s'effectue aux risques et p\u00e9rils du destinataire par des entreprises de transport de notre choix. Si des dommages de transport surviennent, ils doivent \u00eatre signal\u00e9s dans les 24 heures aux entreprises de transport ex\u00e9cutantes.<br>* Les suppl\u00e9ments pour les marchandises encombrantes sont factur\u00e9s au destinataire.<\/p>\n\n\n\n<h2 class=\"wp-block-heading\">Garantie<\/h2>\n\n\n\n<p>Les \u00e9carts minimes ne donnent pas droit \u00e0 des r\u00e9clamations. Les d\u00e9fauts doivent \u00eatre signal\u00e9s imm\u00e9diatement par \u00e9crit, au plus tard dans un d\u00e9lai d'une semaine. Les marchandises faisant l'objet d'une r\u00e9clamation ne peuvent \u00eatre retourn\u00e9es qu'avec notre autorisation et uniquement aux frais et aux risques de l'acheteur. Pour les produits de tiers, les droits de garantie se limitent aux droits de responsabilit\u00e9 que nous avons envers le fournisseur. Les r\u00e9clamations pour d\u00e9fauts pour les frais accessoires et cons\u00e9cutifs sont exclues. En principe, les marchandises command\u00e9es et correctement livr\u00e9es ne sont qu'exceptionnellement<br>et repris apr\u00e8s accord pr\u00e9alable. Les fabrications sp\u00e9ciales ne peuvent pas \u00eatre reprises.<\/p>\n\n\n\n<h2 class=\"wp-block-heading\">Paiements<\/h2>\n\n\n\n<p>Sauf accord contraire par \u00e9crit :<br>30 jours nets \u00e0 compter de la date de facturation. Nous nous autorisons \u00e0 facturer ult\u00e9rieurement les d\u00e9ductions d'escompte non justifi\u00e9es. En cas de retard de paiement, nous nous r\u00e9servons le droit de facturer un int\u00e9r\u00eat de retard de 5%. La marchandise reste notre propri\u00e9t\u00e9 jusqu'\u00e0 son paiement int\u00e9gral. Le lieu d'ex\u00e9cution est le si\u00e8ge de l'\u00e9metteur de la facture.<\/p>","protected":false},"excerpt":{"rendered":"<p>Allgemeine Gesch\u00e4ftsbedingungen Allgemeines F\u00fcr alle Gesch\u00e4ftsbedingungen gelten nur die nachstehenden Bedingungen. Andere Vereinbarungen bed\u00fcrfen der Schriftform und werden erst durch unsere schriftliche Best\u00e4tigung verbindlich. M\u00fcndliche Abredungen sind ung\u00fcltig.Die Verkaufs-, Lieferungs- und Zahlungsbedingungen gelten auch f\u00fcr alle Aktionsangebote unserer Firma. Angebote\/Preise Die in unseren Verkaufsunterlagen und Preislisten aufgef\u00fchrten Daten und Abbildungen sind grunds\u00e4tzlich freibleibend und k\u00f6nnen [&hellip;]<\/p>\n","protected":false},"author":2,"featured_media":0,"parent":0,"menu_order":0,"comment_status":"closed","ping_status":"closed","template":"template-legal.php","meta":{"advgb_blocks_editor_width":"","advgb_blocks_columns_visual_guide":"","footnotes":""},"class_list":["post-1427","page","type-page","status-publish","hentry"],"yoast_head":"<!-- This site is optimized with the Yoast SEO plugin v27.4 - https:\/\/yoast.com\/product\/yoast-seo-wordpress\/ -->\n<title>AGBs - OZG HEALTHCARE<\/title>\n<meta name=\"robots\" content=\"index, follow, max-snippet:-1, max-image-preview:large, max-video-preview:-1\" \/>\n<link rel=\"canonical\" href=\"https:\/\/objektmobiliar.ch\/fr\/agbs\/\" \/>\n<meta property=\"og:locale\" content=\"fr_FR\" \/>\n<meta property=\"og:type\" content=\"article\" \/>\n<meta property=\"og:title\" content=\"AGBs - OZG HEALTHCARE\" \/>\n<meta property=\"og:description\" content=\"Allgemeine Gesch\u00e4ftsbedingungen Allgemeines F\u00fcr alle Gesch\u00e4ftsbedingungen gelten nur die nachstehenden Bedingungen. Andere Vereinbarungen bed\u00fcrfen der Schriftform und werden erst durch unsere schriftliche Best\u00e4tigung verbindlich. M\u00fcndliche Abredungen sind ung\u00fcltig.Die Verkaufs-, Lieferungs- und Zahlungsbedingungen gelten auch f\u00fcr alle Aktionsangebote unserer Firma. Angebote\/Preise Die in unseren Verkaufsunterlagen und Preislisten aufgef\u00fchrten Daten und Abbildungen sind grunds\u00e4tzlich freibleibend und k\u00f6nnen [&hellip;]\" \/>\n<meta property=\"og:url\" content=\"https:\/\/objektmobiliar.ch\/fr\/agbs\/\" \/>\n<meta property=\"og:site_name\" content=\"OZG HEALTHCARE\" \/>\n<meta property=\"article:modified_time\" content=\"2023-11-08T15:23:23+00:00\" \/>\n<meta name=\"twitter:card\" content=\"summary_large_image\" \/>\n<meta name=\"twitter:label1\" content=\"Dur\u00e9e de lecture estim\u00e9e\" \/>\n\t<meta name=\"twitter:data1\" content=\"2 minutes\" \/>\n<script type=\"application\/ld+json\" class=\"yoast-schema-graph\">{\"@context\":\"https:\\\/\\\/schema.org\",\"@graph\":[{\"@type\":\"WebPage\",\"@id\":\"https:\\\/\\\/objektmobiliar.ch\\\/agbs\\\/\",\"url\":\"https:\\\/\\\/objektmobiliar.ch\\\/agbs\\\/\",\"name\":\"AGBs - OZG HEALTHCARE\",\"isPartOf\":{\"@id\":\"https:\\\/\\\/objektmobiliar.ch\\\/#website\"},\"datePublished\":\"2023-10-29T18:45:32+00:00\",\"dateModified\":\"2023-11-08T15:23:23+00:00\",\"breadcrumb\":{\"@id\":\"https:\\\/\\\/objektmobiliar.ch\\\/agbs\\\/#breadcrumb\"},\"inLanguage\":\"fr-FR\",\"potentialAction\":[{\"@type\":\"ReadAction\",\"target\":[\"https:\\\/\\\/objektmobiliar.ch\\\/agbs\\\/\"]}]},{\"@type\":\"BreadcrumbList\",\"@id\":\"https:\\\/\\\/objektmobiliar.ch\\\/agbs\\\/#breadcrumb\",\"itemListElement\":[{\"@type\":\"ListItem\",\"position\":1,\"name\":\"Startseite\",\"item\":\"https:\\\/\\\/objektmobiliar.ch\\\/\"},{\"@type\":\"ListItem\",\"position\":2,\"name\":\"AGBs\"}]},{\"@type\":\"WebSite\",\"@id\":\"https:\\\/\\\/objektmobiliar.ch\\\/#website\",\"url\":\"https:\\\/\\\/objektmobiliar.ch\\\/\",\"name\":\"OZG HEALTHCARE\",\"description\":\"Objektmobiliar f\u00fcr Pflege, B\u00fcro, Praxis &amp; Hotellerie\",\"potentialAction\":[{\"@type\":\"SearchAction\",\"target\":{\"@type\":\"EntryPoint\",\"urlTemplate\":\"https:\\\/\\\/objektmobiliar.ch\\\/?s={search_term_string}\"},\"query-input\":{\"@type\":\"PropertyValueSpecification\",\"valueRequired\":true,\"valueName\":\"search_term_string\"}}],\"inLanguage\":\"fr-FR\"}]}<\/script>\n<!-- \/ Yoast SEO plugin. -->","yoast_head_json":{"title":"Conditions g\u00e9n\u00e9rales de vente - OZG HEALTHCARE","robots":{"index":"index","follow":"follow","max-snippet":"max-snippet:-1","max-image-preview":"max-image-preview:large","max-video-preview":"max-video-preview:-1"},"canonical":"https:\/\/objektmobiliar.ch\/fr\/agbs\/","og_locale":"fr_FR","og_type":"article","og_title":"AGBs - OZG HEALTHCARE","og_description":"Allgemeine Gesch\u00e4ftsbedingungen Allgemeines F\u00fcr alle Gesch\u00e4ftsbedingungen gelten nur die nachstehenden Bedingungen. Andere Vereinbarungen bed\u00fcrfen der Schriftform und werden erst durch unsere schriftliche Best\u00e4tigung verbindlich. M\u00fcndliche Abredungen sind ung\u00fcltig.Die Verkaufs-, Lieferungs- und Zahlungsbedingungen gelten auch f\u00fcr alle Aktionsangebote unserer Firma. Angebote\/Preise Die in unseren Verkaufsunterlagen und Preislisten aufgef\u00fchrten Daten und Abbildungen sind grunds\u00e4tzlich freibleibend und k\u00f6nnen [&hellip;]","og_url":"https:\/\/objektmobiliar.ch\/fr\/agbs\/","og_site_name":"OZG HEALTHCARE","article_modified_time":"2023-11-08T15:23:23+00:00","twitter_card":"summary_large_image","twitter_misc":{"Dur\u00e9e de lecture estim\u00e9e":"2 minutes"},"schema":{"@context":"https:\/\/schema.org","@graph":[{"@type":"WebPage","@id":"https:\/\/objektmobiliar.ch\/agbs\/","url":"https:\/\/objektmobiliar.ch\/agbs\/","name":"Conditions g\u00e9n\u00e9rales de vente - OZG HEALTHCARE","isPartOf":{"@id":"https:\/\/objektmobiliar.ch\/#website"},"datePublished":"2023-10-29T18:45:32+00:00","dateModified":"2023-11-08T15:23:23+00:00","breadcrumb":{"@id":"https:\/\/objektmobiliar.ch\/agbs\/#breadcrumb"},"inLanguage":"fr-FR","potentialAction":[{"@type":"ReadAction","target":["https:\/\/objektmobiliar.ch\/agbs\/"]}]},{"@type":"BreadcrumbList","@id":"https:\/\/objektmobiliar.ch\/agbs\/#breadcrumb","itemListElement":[{"@type":"ListItem","position":1,"name":"Startseite","item":"https:\/\/objektmobiliar.ch\/"},{"@type":"ListItem","position":2,"name":"AGBs"}]},{"@type":"WebSite","@id":"https:\/\/objektmobiliar.ch\/#website","url":"https:\/\/objektmobiliar.ch\/","name":"OZG HEALTHCARE","description":"Mobilier de collectivit\u00e9 pour les soins, les bureaux, les cabinets m\u00e9dicaux et l'h\u00f4tellerie","potentialAction":[{"@type":"SearchAction","target":{"@type":"EntryPoint","urlTemplate":"https:\/\/objektmobiliar.ch\/?s={search_term_string}"},"query-input":{"@type":"PropertyValueSpecification","valueRequired":true,"valueName":"search_term_string"}}],"inLanguage":"fr-FR"}]}},"coauthors":[],"author_meta":{"author_link":"https:\/\/objektmobiliar.ch\/fr\/author\/alex\/","display_name":"Alex"},"relative_dates":{"created":"Publi\u00e9 2 ans il y a","modified":"Mis \u00e0 jour 2 ans il y a"},"absolute_dates":{"created":"Publi\u00e9 le octobre 29, 2023","modified":"Mise \u00e0 jour le novembre 8, 2023"},"absolute_dates_time":{"created":"Publi\u00e9 le octobre 29, 2023 6:45 pm","modified":"Mise \u00e0 jour le novembre 8, 2023 3:23 pm"},"featured_img_caption":"","featured_img":false,"series_order":"","_links":{"self":[{"href":"https:\/\/objektmobiliar.ch\/fr\/wp-json\/wp\/v2\/pages\/1427","targetHints":{"allow":["GET"]}}],"collection":[{"href":"https:\/\/objektmobiliar.ch\/fr\/wp-json\/wp\/v2\/pages"}],"about":[{"href":"https:\/\/objektmobiliar.ch\/fr\/wp-json\/wp\/v2\/types\/page"}],"author":[{"embeddable":true,"href":"https:\/\/objektmobiliar.ch\/fr\/wp-json\/wp\/v2\/users\/2"}],"replies":[{"embeddable":true,"href":"https:\/\/objektmobiliar.ch\/fr\/wp-json\/wp\/v2\/comments?post=1427"}],"version-history":[{"count":1,"href":"https:\/\/objektmobiliar.ch\/fr\/wp-json\/wp\/v2\/pages\/1427\/revisions"}],"predecessor-version":[{"id":1428,"href":"https:\/\/objektmobiliar.ch\/fr\/wp-json\/wp\/v2\/pages\/1427\/revisions\/1428"}],"wp:attachment":[{"href":"https:\/\/objektmobiliar.ch\/fr\/wp-json\/wp\/v2\/media?parent=1427"}],"curies":[{"name":"wp","href":"https:\/\/api.w.org\/{rel}","templated":true}]}}