{"id":1425,"date":"2023-10-29T18:42:18","date_gmt":"2023-10-29T18:42:18","guid":{"rendered":"https:\/\/dev.objektmobiliar.ch\/?page_id=1425"},"modified":"2023-11-08T15:23:40","modified_gmt":"2023-11-08T15:23:40","slug":"mentions-legales","status":"publish","type":"page","link":"https:\/\/objektmobiliar.ch\/fr\/impressum\/","title":{"rendered":"Mentions l\u00e9gales"},"content":{"rendered":"<h1 class=\"wp-block-heading\">Mentions l\u00e9gales<\/h1>\n\n\n\n<p>OZG OneZurich Group AG<br>M\u00fclibodenstrasse 3<br>8172 Niederglatt<br>Suisse<\/p>\n\n\n\n<p>T\u00e9l\u00e9phone : 044 576 02 10<br>Courrier \u00e9lectronique : <a href=\"mailto:info@ozg.ch\">info@ozg.ch<\/a><\/p>\n\n\n\n<p>Handelsregister-Nr.: CH-020.3.031.819-6<br>UID\/MWST : CHE-113.986.398&nbsp;<\/p>\n\n\n\n<p>Conseil d'administration : Tobias Manz, Leigh Sandeman, Nicholas Siderfin, Roland Oetiker, Loren Ching<br>Version : 16.08.2023<\/p>\n\n\n\n<h2 class=\"wp-block-heading\">Clause de responsabilit\u00e9 et copyright<\/h2>\n\n\n\n<p>Les contenus de ce site web sont \u00e9labor\u00e9s avec le plus grand soin possible. Le fournisseur n'assume toutefois aucune garantie quant \u00e0 l'exactitude, l'exhaustivit\u00e9 et l'actualit\u00e9 des contenus mis \u00e0 disposition. L'utilisation des contenus se fait aux risques et p\u00e9rils de l'utilisateur. La simple utilisation du site web du fournisseur ne donne lieu \u00e0 aucune relation contractuelle entre l'utilisateur et le fournisseur.<\/p>\n\n\n\n<p>Les contenus publi\u00e9s sur ce site web sont soumis \u00e0 la loi f\u00e9d\u00e9rale suisse sur le droit d'auteur et les droits voisins ainsi qu'\u00e0 la loi f\u00e9d\u00e9rale contre la concurrence d\u00e9loyale. Toute utilisation non autoris\u00e9e par ce droit requiert l'accord \u00e9crit pr\u00e9alable du fournisseur ou du d\u00e9tenteur des droits respectifs. Cela s'applique en particulier \u00e0 la reproduction, au traitement, \u00e0 la traduction, \u00e0 l'enregistrement, au traitement ou \u00e0 la restitution de contenus dans des bases de donn\u00e9es ou d'autres m\u00e9dias et syst\u00e8mes \u00e9lectroniques. Les contenus et droits de tiers sont signal\u00e9s comme tels. La reproduction ou la transmission non autoris\u00e9e de contenus individuels ou de pages compl\u00e8tes est interdite et punissable. Seule la r\u00e9alisation de copies et de t\u00e9l\u00e9chargements pour un usage personnel, priv\u00e9 ou non commercial est autoris\u00e9e.<\/p>\n\n\n\n<p>La repr\u00e9sentation de ce site web dans des cadres \u00e9trangers n'est autoris\u00e9e qu'avec une permission \u00e9crite. Protection des donn\u00e9es Nous vous garantissons la confidentialit\u00e9 de vos donn\u00e9es - toute information qui nous est communiqu\u00e9e est utilis\u00e9e exclusivement dans le but d\u00e9crit. Pour en savoir plus, consultez notre\u00a0<a href=\"https:\/\/objektmobiliar.ch\/fr\/declaration-de-protection-des-donnees\/\" data-type=\"page\" data-id=\"3\">D\u00e9claration de confidentialit\u00e9<\/a>.<\/p>","protected":false},"excerpt":{"rendered":"<p>Impressum OZG OneZurich Group AGM\u00fclibodenstrasse 38172 NiederglattSchweiz Telefon:\u00a0044 576 02 10E-Mail: info@ozg.ch Handelsregister-Nr.: CH-020.3.031.819-6UID\/MWST: CHE-113.986.398&nbsp; Verwaltundsrat: Tobias Manz, Leigh Sandeman, Nicholas Siderfin, Roland Oetiker, Loren ChingStand: 16.08.2023 Haftungshinweis und Copyright Die Inhalte dieser Webseite werden mit gr\u00f6sstm\u00f6glicher Sorgfalt erstellt. Der Anbieter \u00fcbernimmt jedoch keine Gew\u00e4hr f\u00fcr die Richtigkeit, Vollst\u00e4ndigkeit und Aktualit\u00e4t der bereitgestellten Inhalte. Die [&hellip;]<\/p>\n","protected":false},"author":2,"featured_media":0,"parent":0,"menu_order":0,"comment_status":"closed","ping_status":"closed","template":"template-legal.php","meta":{"advgb_blocks_editor_width":"","advgb_blocks_columns_visual_guide":"","footnotes":""},"class_list":["post-1425","page","type-page","status-publish","hentry"],"yoast_head":"<!-- This site is optimized with the Yoast SEO plugin v27.4 - https:\/\/yoast.com\/product\/yoast-seo-wordpress\/ -->\n<title>Impressum - OZG HEALTHCARE<\/title>\n<meta name=\"robots\" content=\"index, follow, max-snippet:-1, max-image-preview:large, max-video-preview:-1\" \/>\n<link rel=\"canonical\" href=\"https:\/\/objektmobiliar.ch\/fr\/mentions-legales\/\" \/>\n<meta property=\"og:locale\" content=\"fr_FR\" \/>\n<meta property=\"og:type\" content=\"article\" \/>\n<meta property=\"og:title\" content=\"Impressum - OZG HEALTHCARE\" \/>\n<meta property=\"og:description\" content=\"Impressum OZG OneZurich Group AGM\u00fclibodenstrasse 38172 NiederglattSchweiz Telefon:\u00a0044 576 02 10E-Mail: info@ozg.ch Handelsregister-Nr.: CH-020.3.031.819-6UID\/MWST: CHE-113.986.398&nbsp; Verwaltundsrat: Tobias Manz, Leigh Sandeman, Nicholas Siderfin, Roland Oetiker, Loren ChingStand: 16.08.2023 Haftungshinweis und Copyright Die Inhalte dieser Webseite werden mit gr\u00f6sstm\u00f6glicher Sorgfalt erstellt. Der Anbieter \u00fcbernimmt jedoch keine Gew\u00e4hr f\u00fcr die Richtigkeit, Vollst\u00e4ndigkeit und Aktualit\u00e4t der bereitgestellten Inhalte. Die [&hellip;]\" \/>\n<meta property=\"og:url\" content=\"https:\/\/objektmobiliar.ch\/fr\/mentions-legales\/\" \/>\n<meta property=\"og:site_name\" content=\"OZG HEALTHCARE\" \/>\n<meta property=\"article:modified_time\" content=\"2023-11-08T15:23:40+00:00\" \/>\n<meta name=\"twitter:card\" content=\"summary_large_image\" \/>\n<meta name=\"twitter:label1\" content=\"Dur\u00e9e de lecture estim\u00e9e\" \/>\n\t<meta name=\"twitter:data1\" content=\"1 minute\" \/>\n<script type=\"application\/ld+json\" class=\"yoast-schema-graph\">{\"@context\":\"https:\\\/\\\/schema.org\",\"@graph\":[{\"@type\":\"WebPage\",\"@id\":\"https:\\\/\\\/objektmobiliar.ch\\\/impressum\\\/\",\"url\":\"https:\\\/\\\/objektmobiliar.ch\\\/impressum\\\/\",\"name\":\"Impressum - OZG HEALTHCARE\",\"isPartOf\":{\"@id\":\"https:\\\/\\\/objektmobiliar.ch\\\/#website\"},\"datePublished\":\"2023-10-29T18:42:18+00:00\",\"dateModified\":\"2023-11-08T15:23:40+00:00\",\"breadcrumb\":{\"@id\":\"https:\\\/\\\/objektmobiliar.ch\\\/impressum\\\/#breadcrumb\"},\"inLanguage\":\"fr-FR\",\"potentialAction\":[{\"@type\":\"ReadAction\",\"target\":[\"https:\\\/\\\/objektmobiliar.ch\\\/impressum\\\/\"]}]},{\"@type\":\"BreadcrumbList\",\"@id\":\"https:\\\/\\\/objektmobiliar.ch\\\/impressum\\\/#breadcrumb\",\"itemListElement\":[{\"@type\":\"ListItem\",\"position\":1,\"name\":\"Startseite\",\"item\":\"https:\\\/\\\/objektmobiliar.ch\\\/\"},{\"@type\":\"ListItem\",\"position\":2,\"name\":\"Impressum\"}]},{\"@type\":\"WebSite\",\"@id\":\"https:\\\/\\\/objektmobiliar.ch\\\/#website\",\"url\":\"https:\\\/\\\/objektmobiliar.ch\\\/\",\"name\":\"OZG HEALTHCARE\",\"description\":\"Objektmobiliar f\u00fcr Pflege, B\u00fcro, Praxis &amp; Hotellerie\",\"potentialAction\":[{\"@type\":\"SearchAction\",\"target\":{\"@type\":\"EntryPoint\",\"urlTemplate\":\"https:\\\/\\\/objektmobiliar.ch\\\/?s={search_term_string}\"},\"query-input\":{\"@type\":\"PropertyValueSpecification\",\"valueRequired\":true,\"valueName\":\"search_term_string\"}}],\"inLanguage\":\"fr-FR\"}]}<\/script>\n<!-- \/ Yoast SEO plugin. -->","yoast_head_json":{"title":"Mentions l\u00e9gales - OZG HEALTHCARE","robots":{"index":"index","follow":"follow","max-snippet":"max-snippet:-1","max-image-preview":"max-image-preview:large","max-video-preview":"max-video-preview:-1"},"canonical":"https:\/\/objektmobiliar.ch\/fr\/mentions-legales\/","og_locale":"fr_FR","og_type":"article","og_title":"Impressum - OZG HEALTHCARE","og_description":"Impressum OZG OneZurich Group AGM\u00fclibodenstrasse 38172 NiederglattSchweiz Telefon:\u00a0044 576 02 10E-Mail: info@ozg.ch Handelsregister-Nr.: CH-020.3.031.819-6UID\/MWST: CHE-113.986.398&nbsp; Verwaltundsrat: Tobias Manz, Leigh Sandeman, Nicholas Siderfin, Roland Oetiker, Loren ChingStand: 16.08.2023 Haftungshinweis und Copyright Die Inhalte dieser Webseite werden mit gr\u00f6sstm\u00f6glicher Sorgfalt erstellt. Der Anbieter \u00fcbernimmt jedoch keine Gew\u00e4hr f\u00fcr die Richtigkeit, Vollst\u00e4ndigkeit und Aktualit\u00e4t der bereitgestellten Inhalte. Die [&hellip;]","og_url":"https:\/\/objektmobiliar.ch\/fr\/mentions-legales\/","og_site_name":"OZG HEALTHCARE","article_modified_time":"2023-11-08T15:23:40+00:00","twitter_card":"summary_large_image","twitter_misc":{"Dur\u00e9e de lecture estim\u00e9e":"1 minute"},"schema":{"@context":"https:\/\/schema.org","@graph":[{"@type":"WebPage","@id":"https:\/\/objektmobiliar.ch\/impressum\/","url":"https:\/\/objektmobiliar.ch\/impressum\/","name":"Mentions l\u00e9gales - OZG HEALTHCARE","isPartOf":{"@id":"https:\/\/objektmobiliar.ch\/#website"},"datePublished":"2023-10-29T18:42:18+00:00","dateModified":"2023-11-08T15:23:40+00:00","breadcrumb":{"@id":"https:\/\/objektmobiliar.ch\/impressum\/#breadcrumb"},"inLanguage":"fr-FR","potentialAction":[{"@type":"ReadAction","target":["https:\/\/objektmobiliar.ch\/impressum\/"]}]},{"@type":"BreadcrumbList","@id":"https:\/\/objektmobiliar.ch\/impressum\/#breadcrumb","itemListElement":[{"@type":"ListItem","position":1,"name":"Startseite","item":"https:\/\/objektmobiliar.ch\/"},{"@type":"ListItem","position":2,"name":"Impressum"}]},{"@type":"WebSite","@id":"https:\/\/objektmobiliar.ch\/#website","url":"https:\/\/objektmobiliar.ch\/","name":"OZG HEALTHCARE","description":"Mobilier de collectivit\u00e9 pour les soins, les bureaux, les cabinets m\u00e9dicaux et l'h\u00f4tellerie","potentialAction":[{"@type":"SearchAction","target":{"@type":"EntryPoint","urlTemplate":"https:\/\/objektmobiliar.ch\/?s={search_term_string}"},"query-input":{"@type":"PropertyValueSpecification","valueRequired":true,"valueName":"search_term_string"}}],"inLanguage":"fr-FR"}]}},"coauthors":[],"author_meta":{"author_link":"https:\/\/objektmobiliar.ch\/fr\/author\/alex\/","display_name":"Alex"},"relative_dates":{"created":"Publi\u00e9 2 ans il y a","modified":"Mis \u00e0 jour 2 ans il y a"},"absolute_dates":{"created":"Publi\u00e9 le octobre 29, 2023","modified":"Mise \u00e0 jour le novembre 8, 2023"},"absolute_dates_time":{"created":"Publi\u00e9 le octobre 29, 2023 6:42 pm","modified":"Mise \u00e0 jour le novembre 8, 2023 3:23 pm"},"featured_img_caption":"","featured_img":false,"series_order":"","_links":{"self":[{"href":"https:\/\/objektmobiliar.ch\/fr\/wp-json\/wp\/v2\/pages\/1425","targetHints":{"allow":["GET"]}}],"collection":[{"href":"https:\/\/objektmobiliar.ch\/fr\/wp-json\/wp\/v2\/pages"}],"about":[{"href":"https:\/\/objektmobiliar.ch\/fr\/wp-json\/wp\/v2\/types\/page"}],"author":[{"embeddable":true,"href":"https:\/\/objektmobiliar.ch\/fr\/wp-json\/wp\/v2\/users\/2"}],"replies":[{"embeddable":true,"href":"https:\/\/objektmobiliar.ch\/fr\/wp-json\/wp\/v2\/comments?post=1425"}],"version-history":[{"count":5,"href":"https:\/\/objektmobiliar.ch\/fr\/wp-json\/wp\/v2\/pages\/1425\/revisions"}],"predecessor-version":[{"id":1580,"href":"https:\/\/objektmobiliar.ch\/fr\/wp-json\/wp\/v2\/pages\/1425\/revisions\/1580"}],"wp:attachment":[{"href":"https:\/\/objektmobiliar.ch\/fr\/wp-json\/wp\/v2\/media?parent=1425"}],"curies":[{"name":"wp","href":"https:\/\/api.w.org\/{rel}","templated":true}]}}