{"id":1316,"date":"2023-10-26T01:05:26","date_gmt":"2023-10-26T01:05:26","guid":{"rendered":"https:\/\/dev.objektmobiliar.ch\/?page_id=1316"},"modified":"2023-10-31T13:42:17","modified_gmt":"2023-10-31T13:42:17","slug":"materiaux-et-couleurs","status":"publish","type":"page","link":"https:\/\/objektmobiliar.ch\/fr\/inspiration\/materialien-und-farben\/","title":{"rendered":"Mat\u00e9riaux et couleurs"},"content":{"rendered":"<div class=\"lazyblock-bildslider-fullsize-ozg-1E8QAq wp-block-lazyblock-bildslider-fullsize-ozg\"><section class=\"sct nopadding\">\r\n      <div data-delay=\"9000\" data-animation=\"fade\" class=\"elmnt-homeslider w-slider\" data-autoplay=\"true\" data-easing=\"linear\" data-hide-arrows=\"false\" data-disable-swipe=\"true\" data-autoplay-limit=\"0\" data-nav-spacing=\"3\" data-duration=\"2000\" data-infinite=\"true\">\r\n        \r\n      <div class=\"visual-homeslider\" ><\/div>\r\n        \r\n       <div class=\"w-slider-mask\">\r\n          <div class=\"homeslider-slide w-slide\">\r\n            <div class=\"homeslider-img\"><img decoding=\"async\" src=\"https:\/\/objektmobiliar.ch\/wp-content\/uploads\/2023\/10\/materialien-header.jpg\" loading=\"eager\" alt=\"\"><\/div>\r\n          <\/div>\r\n        <\/div>\r\n        <div class=\"hidden w-slider-arrow-left\">\r\n          <div class=\"w-icon-slider-left\"><\/div>\r\n        <\/div>\r\n        <div class=\"hidden w-slider-arrow-right\">\r\n          <div class=\"w-icon-slider-right\"><\/div>\r\n        <\/div>\r\n        <div class=\"hidden w-slider-nav\"><\/div>\r\n      <\/div>\r\n    <\/section><\/div>\n\n<div class=\"lazyblock-text-modul-ozg-ZLzigc wp-block-lazyblock-text-modul-ozg\"><section class=\"sct\">\r\n      <div class=\"cnt narrow\">\r\n        <div class=\"w-richtext\">\r\n            <h1 style=\"text-align: center;\">Mat\u00e9riaux et couleurs<\/h1>\n<h2 style=\"text-align: center;\">Choisissez parmi une grande vari\u00e9t\u00e9<\/h2>\n<p style=\"text-align: center;\">Nous vous fournissons un concept global d'espace et de design pour votre \u00e9tablissement. Nous proposons \u00e9galement un grand assortiment de mobilier adapt\u00e9 aux soins et \u00e0 l'\u00e2ge. Vous pouvez configurer tous les meubles de notre assortiment en fonction de vos souhaits. Faites votre choix parmi une grande vari\u00e9t\u00e9 de mat\u00e9riaux, de couleurs, de motifs, de teintes de bois et d'accessoires.<\/p>\r\n        <\/div>\r\n      <\/div>\r\n    <\/section><\/div>\n\n<div class=\"lazyblock-text-bild-modul-ozg-AHkqr wp-block-lazyblock-text-bild-modul-ozg\"><section class=\"sct\">\r\n      <div class=\"cnt semi\">\r\n        <div class=\"w-richtext\">\r\n              \r\n        <\/div>\r\n        <div class=\"elmnt-txtimg\" >\r\n          <div class=\"txtimg-txt\">\r\n            <div class=\"w-richtext\">\r\n              <h2>Housses<\/h2>\n<p>Les mat\u00e9riaux de rev\u00eatement que nous utilisons r\u00e9pondent \u00e0 toutes les normes de s\u00e9curit\u00e9, notamment en mati\u00e8re de protection contre les incendies. Ils ont \u00e9galement \u00e9t\u00e9 d\u00e9velopp\u00e9s pour r\u00e9pondre aux exigences \u00e9lev\u00e9es du secteur de la sant\u00e9. Malgr\u00e9 cela, le toucher est \u00e9tonnamment doux et agr\u00e9able. Les couleurs et les motifs soigneusement s\u00e9lectionn\u00e9s correspondent aux derni\u00e8res tendances. Tous les articles sont disponibles en stock et les couleurs sp\u00e9ciales sont r\u00e9alisables \u00e0 tout moment.<\/p>\n<p>Les rev\u00eatements populaires sont, entre autres, les rev\u00eatements en similicuir et les tissus en microfibre. Ces deux types de rev\u00eatement peuvent \u00e9galement \u00eatre combin\u00e9s de mani\u00e8re attrayante dans un m\u00eame meuble.<\/p>\n<p>Avec une housse d'incontinence suppl\u00e9mentaire, il est \u00e9galement possible d'utiliser d'autres tissus souhait\u00e9s.<\/p>\r\n            <\/div>\r\n            \r\n            \r\n          <\/div>\r\n          <div class=\"txtimg--img\">\r\n            <div class=\"txtimg--skew\">\r\n              <div class=\"txtimg--backskew\">\r\n                <div class=\"txtimg-bgimg\" style=\"background-image: url('https:\/\/objektmobiliar.ch\/wp-content\/uploads\/2023\/10\/materialien-farben-muster-individuell-nach-Ihren-Anforderungen.jpg');\"><\/div>\r\n              <\/div>\r\n            <\/div>\r\n          <\/div>\r\n        <\/div>\r\n      <\/div>\r\n    <\/section><\/div>\n\n<div class=\"lazyblock-spalten-modul-ozg-2dx0oV wp-block-lazyblock-spalten-modul-ozg\"><section class=\"sct\">\r\n      <div class=\"cnt semi\">\r\n        <div class=\"w-richtext\">\r\n          \r\n        <\/div>\r\n        <div class=\"box-pageteaser\">\r\n          <div class=\"elmnt-column\"><p><img loading=\"lazy\" decoding=\"async\" class=\"alignnone size-full wp-image-1318\" src=\"https:\/\/objektmobiliar.ch\/wp-content\/uploads\/2023\/10\/materialien-holzarten.jpg\" alt=\"\" width=\"1200\" height=\"708\" srcset=\"https:\/\/objektmobiliar.ch\/wp-content\/uploads\/2023\/10\/materialien-holzarten.jpg 1200w, https:\/\/objektmobiliar.ch\/wp-content\/uploads\/2023\/10\/materialien-holzarten-800x472.jpg 800w, https:\/\/objektmobiliar.ch\/wp-content\/uploads\/2023\/10\/materialien-holzarten-768x453.jpg 768w\" sizes=\"auto, (max-width: 1200px) 100vw, 1200px\" \/><\/p><\/div>\r\n          <div class=\"elmnt-column\"><h2>Essences de bois<\/h2>\n<p>Choisissez parmi une multitude d'essences de bois diff\u00e9rentes et de grande qualit\u00e9, adapt\u00e9es \u00e0 vos id\u00e9es et \u00e0 vos exigences. Qu'il s'agisse de bois massif de premi\u00e8re qualit\u00e9, de placage, de HPL ou de m\u00e9lamine, toutes les couleurs de bois et de placage peuvent \u00eatre adapt\u00e9es \u00e0 l'am\u00e9nagement. Bien entendu, nous tenons \u00e9galement compte de vos souhaits individuels.<\/p><\/div>\r\n        <\/div>\r\n            <div ><a href=\"\"  class=\"btn\">En savoir plus<\/a><\/div>\r\n      <\/div>\r\n    <\/section><\/div>\n\n<div class=\"lazyblock-text-bild-modul-ozg-2lkfII wp-block-lazyblock-text-bild-modul-ozg\"><section class=\"sct\">\r\n      <div class=\"cnt narrow\">\r\n        <div class=\"w-richtext\">\r\n              \r\n        <\/div>\r\n        <div class=\"elmnt-txtimg\" >\r\n          <div class=\"txtimg-txt\">\r\n            <div class=\"w-richtext\">\r\n              <h2>M\u00e9tal<\/h2>\n<p>Gr\u00e2ce \u00e0 diverses possibilit\u00e9s de personnalisation, vous pouvez adapter nos meubles m\u00e9talliques exactement \u00e0 vos besoins. En r\u00e8gle g\u00e9n\u00e9rale, nos meubles en m\u00e9tal peuvent \u00eatre fabriqu\u00e9s dans la couleur de votre choix afin de r\u00e9aliser votre concept d'habitat unique.<\/p>\r\n            <\/div>\r\n            \r\n            \r\n          <\/div>\r\n          <div class=\"txtimg--img\">\r\n            <div class=\"txtimg--skew\">\r\n              <div class=\"txtimg--backskew\">\r\n                <div class=\"txtimg-bgimg\" style=\"background-image: url('https:\/\/objektmobiliar.ch\/wp-content\/uploads\/2023\/10\/service-header.jpg');\"><\/div>\r\n              <\/div>\r\n            <\/div>\r\n          <\/div>\r\n        <\/div>\r\n      <\/div>\r\n    <\/section><\/div>\n\n<div class=\"lazyblock-text-bild-modul-ozg-ZIkwG2 wp-block-lazyblock-text-bild-modul-ozg\"><section class=\"sct\">\r\n      <div class=\"cnt semi\">\r\n        <div class=\"w-richtext\">\r\n              \r\n        <\/div>\r\n        <div class=\"elmnt-txtimg alt\" >\r\n          <div class=\"txtimg-txt\">\r\n            <div class=\"w-richtext\">\r\n              <h2>Patins<\/h2>\n<p>Patins en feutre, en plastique, en t\u00e9flon, en POM ou en PVC - le choix des bons patins pour meubles est extr\u00eamement important. Ils prot\u00e8gent les rev\u00eatements de sol et contribuent \u00e0 ce que les chaises et autres meubles glissent comme en apesanteur sur le sol. Vous trouverez chez OZG un large choix de patins pour meubles en diff\u00e9rents mat\u00e9riaux. Pour trouver le patin qui vous convient, demandez \u00e0 nos experts : Le sol est-il en pierre, en bois, en plastique ou en c\u00e9ramique ? Le meuble doit-il bien glisser ou \u00eatre le plus stable possible ? Les chaises doivent-elles \u00eatre aussi calmes que possible lorsqu'elles sont d\u00e9plac\u00e9es ? Nos sp\u00e9cialistes vous conseillent sur place.<\/p>\r\n            <\/div>\r\n            \r\n            \r\n          <\/div>\r\n          <div class=\"txtimg--img alt\">\r\n            <div class=\"txtimg--skew alt\">\r\n              <div class=\"txtimg--backskew alt\">\r\n                <div class=\"txtimg-bgimg\" style=\"background-image: url('https:\/\/objektmobiliar.ch\/wp-content\/uploads\/2023\/10\/materialien-gleiter.jpg');\"><\/div>\r\n              <\/div>\r\n            <\/div>\r\n          <\/div>\r\n        <\/div>\r\n      <\/div>\r\n    <\/section><\/div>\n\n<div class=\"lazyblock-text-bild-modul-ozg-Z1IVrFb wp-block-lazyblock-text-bild-modul-ozg\"><section class=\"sct\">\r\n      <div class=\"cnt narrow\">\r\n        <div class=\"w-richtext\">\r\n              \r\n        <\/div>\r\n        <div class=\"elmnt-txtimg\" >\r\n          <div class=\"txtimg-txt\">\r\n            <div class=\"w-richtext\">\r\n              <h2>Roulettes de chaise<\/h2>\n<p>Parfois, les chaises doivent rester mobiles pour permettre les man\u0153uvres \u00e0 table dans le cadre des soins. Sur demande, nous \u00e9quipons vos chaises de roulettes aux pieds avant.<\/p>\r\n            <\/div>\r\n            \r\n            \r\n          <\/div>\r\n          <div class=\"txtimg--img\">\r\n            <div class=\"txtimg--skew\">\r\n              <div class=\"txtimg--backskew\">\r\n                <div class=\"txtimg-bgimg\" style=\"background-image: url('https:\/\/objektmobiliar.ch\/wp-content\/uploads\/2023\/10\/altersgerechte-komfortable-sitzmoebel.jpg');\"><\/div>\r\n              <\/div>\r\n            <\/div>\r\n          <\/div>\r\n        <\/div>\r\n      <\/div>\r\n    <\/section><\/div>\n\n<div class=\"lazyblock-teaser-modul-ozg-Ynzvy wp-block-lazyblock-teaser-modul-ozg\"><section class=\"sct\">\r\n  <div class=\"cnt semi\">\r\n    <div class=\"w-richtext\">\r\n        <h2 style=\"text-align: center;\">Hygi\u00e8ne, nettoyage et production durable<\/h2>\r\n    <\/div>\r\n    <div class=\"box-pageteaser\">\r\n      \r\n      <a href=\"https:\/\/objektmobiliar.ch\/fr\/inspiration\/facile-a-entretenir-et-a-soigner\/\" class=\"elmnt-pageteaser link w-inline-block\" style=\"background-color: \">\r\n        <div class=\"pageteaser-imgcnt\"><img decoding=\"async\" src=\"https:\/\/objektmobiliar.ch\/wp-content\/uploads\/2023\/10\/pflegegerechtes-mobiliar-fuer-einfache-reinigung-und-verbesserte-hygiene-1.jpg\" loading=\"lazy\" alt=\"\" class=\"pageteaser-img\"><\/div>\r\n        <div class=\"pageteaser-type\">\r\n          <div class=\"txt-pageteaser w-richtext\">\r\n            <p><b>Mobilier adapt\u00e9 aux soins pour un nettoyage facile et une meilleure hygi\u00e8ne<\/b><\/p>\n<p>Nous misons sur des mat\u00e9riaux qui se distinguent par leur facilit\u00e9 de nettoyage. La forme et la structure de notre mobilier sont \u00e9galement con\u00e7ues de mani\u00e8re \u00e0 ce que les professionnels aient \u00e0 fournir le moins d'efforts possible pour l'entretien.<\/p>\r\n          <\/div>\r\n        <\/div>\r\n        <div class=\"btn pageteaser\">En savoir plus<\/div><\/a>\r\n      <a href=\"https:\/\/objektmobiliar.ch\/fr\/a-propos-de-nous\/durable-et-social\/\" class=\"elmnt-pageteaser link w-inline-block\" style=\"background-color: \">\r\n        <div class=\"pageteaser-imgcnt\"><img decoding=\"async\" src=\"https:\/\/objektmobiliar.ch\/wp-content\/uploads\/2023\/10\/nachhaltigkeit.jpg\" loading=\"lazy\" alt=\"\" class=\"pageteaser-img\"><\/div>\r\n        <div class=\"pageteaser-type\">\r\n          <div class=\"txt-pageteaser w-richtext\">\r\n            <p><b>Durable : tant dans l'extraction des mati\u00e8res premi\u00e8res que dans la production<\/b><\/p>\n<p>Nous reconnaissons qu'il est de notre devoir d'\u00e9quilibrer l'excellence du design et du service avec des pratiques environnementales responsables. C'est pourquoi nous respectons et soutenons l'extraction et le traitement durables des mati\u00e8res premi\u00e8res.<\/p>\r\n          <\/div>\r\n        <\/div>\r\n        <div class=\"btn pageteaser\">En savoir plus<\/div><\/a>\r\n      \r\n    <\/div>\r\n    <div class=\"center\">\r\n        <div class=\"center\"><a href=\"https:\/\/objektmobiliar.ch\/fr\/meubles\/\" class=\"btn\" >D\u00e9couvrir la gamme de meubles<\/a><\/div>\r\n    <\/div>\r\n  <\/div>\r\n<\/section><\/div>","protected":false},"excerpt":{"rendered":"<p>Nous vous fournissons un concept global d'espace et de design pour votre \u00e9tablissement. Nous proposons \u00e9galement un grand assortiment de mobilier adapt\u00e9 aux soins et \u00e0 l'\u00e2ge.<\/p>","protected":false},"author":2,"featured_media":1317,"parent":1038,"menu_order":0,"comment_status":"closed","ping_status":"closed","template":"","meta":{"advgb_blocks_editor_width":"","advgb_blocks_columns_visual_guide":"","footnotes":""},"class_list":["post-1316","page","type-page","status-publish","has-post-thumbnail","hentry"],"yoast_head":"<!-- This site is optimized with the Yoast SEO plugin v27.4 - https:\/\/yoast.com\/product\/yoast-seo-wordpress\/ -->\n<title>Materialien und Farben - OZG HEALTHCARE<\/title>\n<meta name=\"robots\" content=\"index, follow, max-snippet:-1, max-image-preview:large, max-video-preview:-1\" \/>\n<link rel=\"canonical\" href=\"https:\/\/objektmobiliar.ch\/fr\/inspiration\/materiaux-et-couleurs\/\" \/>\n<meta property=\"og:locale\" content=\"fr_FR\" \/>\n<meta property=\"og:type\" content=\"article\" \/>\n<meta property=\"og:title\" content=\"Materialien und Farben - OZG HEALTHCARE\" \/>\n<meta property=\"og:description\" content=\"Wir liefern Ihnen ein umfassendes Raum- und Designkonzept f\u00fcr Ihre Einrichtung. Passend dazu bieten wir ein grosses Sortiment an pflege- und altersgerechtem Mobiliar.\" \/>\n<meta property=\"og:url\" content=\"https:\/\/objektmobiliar.ch\/fr\/inspiration\/materiaux-et-couleurs\/\" \/>\n<meta property=\"og:site_name\" content=\"OZG HEALTHCARE\" \/>\n<meta property=\"article:modified_time\" content=\"2023-10-31T13:42:17+00:00\" \/>\n<meta property=\"og:image\" content=\"https:\/\/objektmobiliar.ch\/wp-content\/uploads\/2023\/10\/materialien-header.jpg\" \/>\n\t<meta property=\"og:image:width\" content=\"1340\" \/>\n\t<meta property=\"og:image:height\" content=\"735\" \/>\n\t<meta property=\"og:image:type\" content=\"image\/jpeg\" \/>\n<meta name=\"twitter:card\" content=\"summary_large_image\" \/>\n<script type=\"application\/ld+json\" class=\"yoast-schema-graph\">{\"@context\":\"https:\\\/\\\/schema.org\",\"@graph\":[{\"@type\":\"WebPage\",\"@id\":\"https:\\\/\\\/objektmobiliar.ch\\\/inspiration\\\/materialien-und-farben\\\/\",\"url\":\"https:\\\/\\\/objektmobiliar.ch\\\/inspiration\\\/materialien-und-farben\\\/\",\"name\":\"Materialien und Farben - OZG HEALTHCARE\",\"isPartOf\":{\"@id\":\"https:\\\/\\\/objektmobiliar.ch\\\/#website\"},\"primaryImageOfPage\":{\"@id\":\"https:\\\/\\\/objektmobiliar.ch\\\/inspiration\\\/materialien-und-farben\\\/#primaryimage\"},\"image\":{\"@id\":\"https:\\\/\\\/objektmobiliar.ch\\\/inspiration\\\/materialien-und-farben\\\/#primaryimage\"},\"thumbnailUrl\":\"https:\\\/\\\/objektmobiliar.ch\\\/wp-content\\\/uploads\\\/2023\\\/10\\\/materialien-header.jpg\",\"datePublished\":\"2023-10-26T01:05:26+00:00\",\"dateModified\":\"2023-10-31T13:42:17+00:00\",\"breadcrumb\":{\"@id\":\"https:\\\/\\\/objektmobiliar.ch\\\/inspiration\\\/materialien-und-farben\\\/#breadcrumb\"},\"inLanguage\":\"fr-FR\",\"potentialAction\":[{\"@type\":\"ReadAction\",\"target\":[\"https:\\\/\\\/objektmobiliar.ch\\\/inspiration\\\/materialien-und-farben\\\/\"]}]},{\"@type\":\"ImageObject\",\"inLanguage\":\"fr-FR\",\"@id\":\"https:\\\/\\\/objektmobiliar.ch\\\/inspiration\\\/materialien-und-farben\\\/#primaryimage\",\"url\":\"https:\\\/\\\/objektmobiliar.ch\\\/wp-content\\\/uploads\\\/2023\\\/10\\\/materialien-header.jpg\",\"contentUrl\":\"https:\\\/\\\/objektmobiliar.ch\\\/wp-content\\\/uploads\\\/2023\\\/10\\\/materialien-header.jpg\",\"width\":1340,\"height\":735},{\"@type\":\"BreadcrumbList\",\"@id\":\"https:\\\/\\\/objektmobiliar.ch\\\/inspiration\\\/materialien-und-farben\\\/#breadcrumb\",\"itemListElement\":[{\"@type\":\"ListItem\",\"position\":1,\"name\":\"Startseite\",\"item\":\"https:\\\/\\\/objektmobiliar.ch\\\/\"},{\"@type\":\"ListItem\",\"position\":2,\"name\":\"Inspiration\",\"item\":\"https:\\\/\\\/objektmobiliar.ch\\\/inspiration\\\/\"},{\"@type\":\"ListItem\",\"position\":3,\"name\":\"Materialien und Farben\"}]},{\"@type\":\"WebSite\",\"@id\":\"https:\\\/\\\/objektmobiliar.ch\\\/#website\",\"url\":\"https:\\\/\\\/objektmobiliar.ch\\\/\",\"name\":\"OZG HEALTHCARE\",\"description\":\"Objektmobiliar f\u00fcr Pflege, B\u00fcro, Praxis &amp; Hotellerie\",\"potentialAction\":[{\"@type\":\"SearchAction\",\"target\":{\"@type\":\"EntryPoint\",\"urlTemplate\":\"https:\\\/\\\/objektmobiliar.ch\\\/?s={search_term_string}\"},\"query-input\":{\"@type\":\"PropertyValueSpecification\",\"valueRequired\":true,\"valueName\":\"search_term_string\"}}],\"inLanguage\":\"fr-FR\"}]}<\/script>\n<!-- \/ Yoast SEO plugin. -->","yoast_head_json":{"title":"Mat\u00e9riaux et couleurs - OZG HEALTHCARE","robots":{"index":"index","follow":"follow","max-snippet":"max-snippet:-1","max-image-preview":"max-image-preview:large","max-video-preview":"max-video-preview:-1"},"canonical":"https:\/\/objektmobiliar.ch\/fr\/inspiration\/materiaux-et-couleurs\/","og_locale":"fr_FR","og_type":"article","og_title":"Materialien und Farben - OZG HEALTHCARE","og_description":"Wir liefern Ihnen ein umfassendes Raum- und Designkonzept f\u00fcr Ihre Einrichtung. Passend dazu bieten wir ein grosses Sortiment an pflege- und altersgerechtem Mobiliar.","og_url":"https:\/\/objektmobiliar.ch\/fr\/inspiration\/materiaux-et-couleurs\/","og_site_name":"OZG HEALTHCARE","article_modified_time":"2023-10-31T13:42:17+00:00","og_image":[{"width":1340,"height":735,"url":"https:\/\/objektmobiliar.ch\/wp-content\/uploads\/2023\/10\/materialien-header.jpg","type":"image\/jpeg"}],"twitter_card":"summary_large_image","schema":{"@context":"https:\/\/schema.org","@graph":[{"@type":"WebPage","@id":"https:\/\/objektmobiliar.ch\/inspiration\/materialien-und-farben\/","url":"https:\/\/objektmobiliar.ch\/inspiration\/materialien-und-farben\/","name":"Mat\u00e9riaux et couleurs - OZG HEALTHCARE","isPartOf":{"@id":"https:\/\/objektmobiliar.ch\/#website"},"primaryImageOfPage":{"@id":"https:\/\/objektmobiliar.ch\/inspiration\/materialien-und-farben\/#primaryimage"},"image":{"@id":"https:\/\/objektmobiliar.ch\/inspiration\/materialien-und-farben\/#primaryimage"},"thumbnailUrl":"https:\/\/objektmobiliar.ch\/wp-content\/uploads\/2023\/10\/materialien-header.jpg","datePublished":"2023-10-26T01:05:26+00:00","dateModified":"2023-10-31T13:42:17+00:00","breadcrumb":{"@id":"https:\/\/objektmobiliar.ch\/inspiration\/materialien-und-farben\/#breadcrumb"},"inLanguage":"fr-FR","potentialAction":[{"@type":"ReadAction","target":["https:\/\/objektmobiliar.ch\/inspiration\/materialien-und-farben\/"]}]},{"@type":"ImageObject","inLanguage":"fr-FR","@id":"https:\/\/objektmobiliar.ch\/inspiration\/materialien-und-farben\/#primaryimage","url":"https:\/\/objektmobiliar.ch\/wp-content\/uploads\/2023\/10\/materialien-header.jpg","contentUrl":"https:\/\/objektmobiliar.ch\/wp-content\/uploads\/2023\/10\/materialien-header.jpg","width":1340,"height":735},{"@type":"BreadcrumbList","@id":"https:\/\/objektmobiliar.ch\/inspiration\/materialien-und-farben\/#breadcrumb","itemListElement":[{"@type":"ListItem","position":1,"name":"Startseite","item":"https:\/\/objektmobiliar.ch\/"},{"@type":"ListItem","position":2,"name":"Inspiration","item":"https:\/\/objektmobiliar.ch\/inspiration\/"},{"@type":"ListItem","position":3,"name":"Materialien und Farben"}]},{"@type":"WebSite","@id":"https:\/\/objektmobiliar.ch\/#website","url":"https:\/\/objektmobiliar.ch\/","name":"OZG HEALTHCARE","description":"Mobilier de collectivit\u00e9 pour les soins, les bureaux, les cabinets m\u00e9dicaux et l'h\u00f4tellerie","potentialAction":[{"@type":"SearchAction","target":{"@type":"EntryPoint","urlTemplate":"https:\/\/objektmobiliar.ch\/?s={search_term_string}"},"query-input":{"@type":"PropertyValueSpecification","valueRequired":true,"valueName":"search_term_string"}}],"inLanguage":"fr-FR"}]}},"coauthors":[],"author_meta":{"author_link":"https:\/\/objektmobiliar.ch\/fr\/author\/alex\/","display_name":"Alex"},"relative_dates":{"created":"Publi\u00e9 2 ans il y a","modified":"Mis \u00e0 jour 2 ans il y a"},"absolute_dates":{"created":"Publi\u00e9 le octobre 26, 2023","modified":"Mise \u00e0 jour le octobre 31, 2023"},"absolute_dates_time":{"created":"Publi\u00e9 le octobre 26, 2023 1:05 am","modified":"Mise \u00e0 jour le octobre 31, 2023 1:42 pm"},"featured_img_caption":"","featured_img":"https:\/\/objektmobiliar.ch\/wp-content\/uploads\/2023\/10\/materialien-header-825x510.jpg","series_order":"","_links":{"self":[{"href":"https:\/\/objektmobiliar.ch\/fr\/wp-json\/wp\/v2\/pages\/1316","targetHints":{"allow":["GET"]}}],"collection":[{"href":"https:\/\/objektmobiliar.ch\/fr\/wp-json\/wp\/v2\/pages"}],"about":[{"href":"https:\/\/objektmobiliar.ch\/fr\/wp-json\/wp\/v2\/types\/page"}],"author":[{"embeddable":true,"href":"https:\/\/objektmobiliar.ch\/fr\/wp-json\/wp\/v2\/users\/2"}],"replies":[{"embeddable":true,"href":"https:\/\/objektmobiliar.ch\/fr\/wp-json\/wp\/v2\/comments?post=1316"}],"version-history":[{"count":10,"href":"https:\/\/objektmobiliar.ch\/fr\/wp-json\/wp\/v2\/pages\/1316\/revisions"}],"predecessor-version":[{"id":4110,"href":"https:\/\/objektmobiliar.ch\/fr\/wp-json\/wp\/v2\/pages\/1316\/revisions\/4110"}],"up":[{"embeddable":true,"href":"https:\/\/objektmobiliar.ch\/fr\/wp-json\/wp\/v2\/pages\/1038"}],"wp:featuredmedia":[{"embeddable":true,"href":"https:\/\/objektmobiliar.ch\/fr\/wp-json\/wp\/v2\/media\/1317"}],"wp:attachment":[{"href":"https:\/\/objektmobiliar.ch\/fr\/wp-json\/wp\/v2\/media?parent=1316"}],"curies":[{"name":"wp","href":"https:\/\/api.w.org\/{rel}","templated":true}]}}