{"id":1286,"date":"2023-10-25T23:55:23","date_gmt":"2023-10-25T23:55:23","guid":{"rendered":"https:\/\/dev.objektmobiliar.ch\/?page_id=1286"},"modified":"2026-03-06T09:44:43","modified_gmt":"2026-03-06T09:44:43","slug":"design-despace","status":"publish","type":"page","link":"https:\/\/objektmobiliar.ch\/fr\/inspiration\/raumdesign\/","title":{"rendered":"Design d'int\u00e9rieur"},"content":{"rendered":"<div class=\"lazyblock-bildslider-fullsize-ozg-1sqwKz wp-block-lazyblock-bildslider-fullsize-ozg\"><section class=\"sct nopadding\">\r\n      <div data-delay=\"9000\" data-animation=\"fade\" class=\"elmnt-homeslider w-slider\" data-autoplay=\"true\" data-easing=\"linear\" data-hide-arrows=\"false\" data-disable-swipe=\"true\" data-autoplay-limit=\"0\" data-nav-spacing=\"3\" data-duration=\"2000\" data-infinite=\"true\">\r\n        \r\n      <div class=\"visual-homeslider\" ><\/div>\r\n        \r\n       <div class=\"w-slider-mask\">\r\n          <div class=\"homeslider-slide w-slide\">\r\n            <div class=\"homeslider-img\"><img decoding=\"async\" src=\"https:\/\/objektmobiliar.ch\/wp-content\/uploads\/2025\/07\/OZG-Objektmobiliar-Partner-Einrichtungskonzepte.jpg\" loading=\"eager\" alt=\"\"><\/div>\r\n          <\/div>\r\n        <\/div>\r\n        <div class=\"hidden w-slider-arrow-left\">\r\n          <div class=\"w-icon-slider-left\"><\/div>\r\n        <\/div>\r\n        <div class=\"hidden w-slider-arrow-right\">\r\n          <div class=\"w-icon-slider-right\"><\/div>\r\n        <\/div>\r\n        <div class=\"hidden w-slider-nav\"><\/div>\r\n      <\/div>\r\n    <\/section><\/div>\n\n<div class=\"lazyblock-text-modul-ozg-ZcidOP wp-block-lazyblock-text-modul-ozg\"><section class=\"sct\">\r\n      <div class=\"cnt narrow\">\r\n        <div class=\"w-richtext\">\r\n            <h1 style=\"text-align: center;\">Concepts d'am\u00e9nagement personnalis\u00e9s pour votre \u00e9tablissement de soins<\/h1>\n<p style=\"text-align: center;\">Seniorenresidenz, Demenzwohngruppe, psychiatrisches Pflegeheim: Jede Einrichtung hat spezielle Anforderungen an die Innenraumgestaltung. Wir bieten durchdachte, ganzheitliche L\u00f6sungen. Entdecken Sie, was f\u00fcr Ihre Einrichtung m\u00f6glich ist, ganz gleich ob\u00a0Renovation, Um- oder Neubau. Unser Expertenteam begleitet Sie mit fundiertem Fachwissen und grosser praktischer Erfahrung von der ersten Idee \u00fcber die Erstellung des Einrichtungskonzepts bis zur Realisierung und Ausstattung.<\/p>\r\n        <\/div>\r\n      <\/div>\r\n    <\/section><\/div>\n\n<div class=\"lazyblock-text-bild-modul-ozg-Z1f4vK1 wp-block-lazyblock-text-bild-modul-ozg\"><section class=\"sct\">\r\n      <div class=\"cnt semi\">\r\n        <div class=\"w-richtext\">\r\n              \r\n        <\/div>\r\n        <div class=\"elmnt-txtimg\" >\r\n          <div class=\"txtimg-txt\">\r\n            <div class=\"w-richtext\">\r\n              <h2>Votre concept :<\/h2>\n<h3>Adapt\u00e9 \u00e0 votre \u00e9tablissement et \u00e0 vos r\u00e9sidents<\/h3>\n<p>Nous donnons vie \u00e0 votre vision : En dialogue \u00e9troit avec vous et avec un sens aigu des besoins les plus divers, nous \u00e9laborons pas \u00e0 pas des solutions d'am\u00e9nagement qui convainquent. Nous mettons l'accent aussi bien sur l'esth\u00e9tique et la convivialit\u00e9 que sur la fonctionnalit\u00e9 et l'ergonomie.<\/p>\n<p>Nous sommes conscients \u00e0 tout moment du projet des exigences particuli\u00e8res en mati\u00e8re d'am\u00e9nagement int\u00e9rieur des locaux dans le secteur de la sant\u00e9. Et c'est ainsi que nous concevons et r\u00e9alisons avec le plus grand soin, jusque dans les moindres d\u00e9tails.<\/p>\r\n            <\/div>\r\n            \r\n              <div><a onclick=\"splite_loader();\" class=\"btn\" >Demandez conseil<\/a><\/div>\r\n            \r\n          <\/div>\r\n          <div class=\"txtimg--img\">\r\n            <div class=\"txtimg--skew\">\r\n              <div class=\"txtimg--backskew\">\r\n                <div class=\"txtimg-bgimg\" style=\"background-image: url('https:\/\/objektmobiliar.ch\/wp-content\/uploads\/2026\/03\/Farbkonzepte-von-OZG-Objektmobiliar.jpg');\"><\/div>\r\n              <\/div>\r\n            <\/div>\r\n          <\/div>\r\n        <\/div>\r\n      <\/div>\r\n    <\/section><\/div>\n\n<div class=\"lazyblock-text-bild-modul-ozg-Z22BGwk wp-block-lazyblock-text-bild-modul-ozg\"><section class=\"sct\">\r\n      <div class=\"cnt semi\">\r\n        <div class=\"w-richtext\">\r\n              \r\n        <\/div>\r\n        <div class=\"elmnt-txtimg alt\" >\r\n          <div class=\"txtimg-txt\">\r\n            <div class=\"w-richtext\">\r\n              <h3>Notre portefeuille de services comprend<\/h3>\n<ul>\n<li>Analyse des locaux et des besoins individuels<\/li>\n<li>D\u00e9finition des objectifs<\/li>\n<li>D\u00e9veloppement de l'id\u00e9e de concept et de design<\/li>\n<li>Planification des co\u00fbts ou faisabilit\u00e9 dans le cadre de votre budget<\/li>\n<li>\u00c9quipement avec du mobilier adapt\u00e9 aux soins<\/li>\n<li>Examen d'\u00e9ventuelles conditions de la part de la protection contre les incendies<\/li>\n<li>R\u00e9alisation de l'ensemble du concept<\/li>\n<\/ul>\r\n            <\/div>\r\n            \r\n            \r\n          <\/div>\r\n          <div class=\"txtimg--img alt\">\r\n            <div class=\"txtimg--skew alt\">\r\n              <div class=\"txtimg--backskew alt\">\r\n                <div class=\"txtimg-bgimg\" style=\"background-image: url('https:\/\/objektmobiliar.ch\/wp-content\/uploads\/2026\/02\/gewinnspiel-objektmobiliar.jpg');\"><\/div>\r\n              <\/div>\r\n            <\/div>\r\n          <\/div>\r\n        <\/div>\r\n      <\/div>\r\n    <\/section><\/div>\n\n<div class=\"lazyblock-spalten-modul-ozg-1X8fz6 wp-block-lazyblock-spalten-modul-ozg\"><section class=\"sct\">\r\n      <div class=\"cnt semi\">\r\n        <div class=\"w-richtext\">\r\n          \r\n        <\/div>\r\n        <div class=\"box-pageteaser\">\r\n          <div class=\"elmnt-column\"><h2>Massgeschneidert f\u00fcr Ihre R\u00e4ume<\/h2>\n<p>Jeder Raum erf\u00fcllt eine Funktion. Gemeinsam mit Ihnen finden wir heraus, wie er optimal ausgestattet sein kann \u2013 zeitgem\u00e4ss, \u00e4sthetisch, funktional und zum Wohlf\u00fchlen. Von Bewohnerzimmern \u00fcber Gemeinschaftsr\u00e4ume bis hin zu Medikamentenlagern, <a href=\"https:\/\/objektmobiliar.ch\/fr\/vestiaires-et-vestiaires\/\">Garderoben<\/a> oder <a href=\"https:\/\/objektmobiliar.ch\/fr\/meubles\/personnel-et-mobilier-de-bureau\/meubles-pour-bureaux\/\">B\u00fcror\u00e4umen<\/a>: Als Experte f\u00fcr Pflegeeinrichtungen entwickeln wir massgeschneiderte Einrichtungskonzepte von der durchdachten Raumaufteilung bis hin zu harmonischen Farb- und Materialwelten, die das Leben und Arbeiten bei Ihnen erleichtern.<\/p><\/div>\r\n          <div class=\"elmnt-column\"><p><img loading=\"lazy\" decoding=\"async\" class=\"alignnone size-full wp-image-5947\" src=\"https:\/\/objektmobiliar.ch\/wp-content\/uploads\/2026\/03\/Raumkonzepte-von-OZG-Objektmobiliar.jpg\" alt=\"Raumkonzepte-von-OZG-Objektmobiliar\" width=\"1016\" height=\"748\" srcset=\"https:\/\/objektmobiliar.ch\/wp-content\/uploads\/2026\/03\/Raumkonzepte-von-OZG-Objektmobiliar.jpg 1016w, https:\/\/objektmobiliar.ch\/wp-content\/uploads\/2026\/03\/Raumkonzepte-von-OZG-Objektmobiliar-800x589.jpg 800w, https:\/\/objektmobiliar.ch\/wp-content\/uploads\/2026\/03\/Raumkonzepte-von-OZG-Objektmobiliar-768x565.jpg 768w, https:\/\/objektmobiliar.ch\/wp-content\/uploads\/2026\/03\/Raumkonzepte-von-OZG-Objektmobiliar-16x12.jpg 16w\" sizes=\"auto, (max-width: 1016px) 100vw, 1016px\" \/><\/p><\/div>\r\n        <\/div>\r\n      <\/div>\r\n    <\/section><\/div>\n\n<div class=\"lazyblock-produkt-slider-ozg-2su3jd wp-block-lazyblock-produkt-slider-ozg\"><section class=\"sct\">\r\n  <div class=\"cnt narrow\">\r\n    <div class=\"intro-txt\">\r\n        <h2>Geplant bis ins Detail<\/h2>\n<p>Wir sind mehr als &#8220;nur&#8221; M\u00f6bellieferant. Unsere Einrichtungskonzepte unterst\u00fctzen Sie bei der Planung bis ins kleinste Details und f\u00fcgen Farben, Materialien, Muster, M\u00f6bel und Accessoires zu einem harmonischen Ganzen zusammen. Gerne planen wir f\u00fcr Sie auch folgendes ein:<\/p>\r\n    <\/div>\r\n    \r\n    <div class=\"elmnt-similar-products\">\r\n      <div class=\"similar-product\"><img decoding=\"async\" src=\"https:\/\/objektmobiliar.ch\/wp-content\/uploads\/2023\/10\/035_260a5798_small.jpg\" loading=\"eager\" alt=\"Centre pour personnes \u00e2g\u00e9es St. Anna\" class=\"similar-product-img\">\r\n        <div class=\"center\">\r\n          <div class=\"w-richtext\">\r\n            <p>Innenraumgestaltung<\/p>\r\n          <\/div>\r\n          \r\n        <\/div>\r\n      <\/div>\r\n      <div class=\"similar-product\"><img decoding=\"async\" src=\"https:\/\/objektmobiliar.ch\/wp-content\/uploads\/2023\/10\/raumdesign-vorhaenge.jpg\" loading=\"eager\" alt=\"\" class=\"similar-product-img\">\r\n        <div class=\"center\">\r\n          <div class=\"w-richtext\">\r\n            <p>Rideaux<\/p>\r\n          <\/div>\r\n          \r\n        <\/div>\r\n      <\/div>\r\n      <div class=\"similar-product\"><img decoding=\"async\" src=\"https:\/\/objektmobiliar.ch\/wp-content\/uploads\/2023\/10\/raumdesign-wandbelaege.jpg\" loading=\"eager\" alt=\"\" class=\"similar-product-img\">\r\n        <div class=\"center\">\r\n          <div class=\"w-richtext\">\r\n            <p>Rev\u00eatements muraux<\/p>\r\n          <\/div>\r\n          \r\n        <\/div>\r\n      <\/div>\r\n      <div class=\"similar-product\"><img decoding=\"async\" src=\"https:\/\/objektmobiliar.ch\/wp-content\/uploads\/2023\/10\/raumdesign-bodenbelaege.jpg\" loading=\"eager\" alt=\"\" class=\"similar-product-img\">\r\n        <div class=\"center\">\r\n          <div class=\"w-richtext\">\r\n            <p>Rev\u00eatements de sol<\/p>\r\n          <\/div>\r\n          \r\n        <\/div>\r\n      <\/div>\r\n      <div class=\"similar-product\"><img decoding=\"async\" src=\"https:\/\/objektmobiliar.ch\/wp-content\/uploads\/2023\/10\/raumdesign-beleuchtungen.jpg\" loading=\"eager\" alt=\"\" class=\"similar-product-img\">\r\n        <div class=\"center\">\r\n          <div class=\"w-richtext\">\r\n            <p>Beleuchtung<\/p>\r\n          <\/div>\r\n          \r\n        <\/div>\r\n      <\/div>\r\n      <div class=\"similar-product\"><img decoding=\"async\" src=\"https:\/\/objektmobiliar.ch\/wp-content\/uploads\/2023\/10\/raumdesign-dekoration.jpg\" loading=\"eager\" alt=\"\" class=\"similar-product-img\">\r\n        <div class=\"center\">\r\n          <div class=\"w-richtext\">\r\n            <p>D\u00e9coration<\/p>\r\n          <\/div>\r\n          \r\n        <\/div>\r\n      <\/div>\r\n    <\/div>\r\n  <\/div>\r\n  \r\n  <div class=\"cnt narrow\">\r\n    <div class=\"similar-products-nav-pos\">\r\n      <div class=\"w-embed\">\r\n        \r\n      <\/div>\r\n    <\/div>\r\n  <\/div>\r\n<\/section><\/div>\n\n<div class=\"lazyblock-teaser-modul-ozg-Z1ehSL4 wp-block-lazyblock-teaser-modul-ozg\"><section class=\"sct\">\r\n  <div class=\"cnt semi\">\r\n    <div class=\"w-richtext\">\r\n        \r\n    <\/div>\r\n    <div class=\"box-pageteaser\">\r\n      \r\n      <a href=\"https:\/\/objektmobiliar.ch\/fr\/inspiration\/materiaux-et-couleurs\/\" class=\"elmnt-pageteaser link w-inline-block\" style=\"background-color: \">\r\n        <div class=\"pageteaser-imgcnt\"><img decoding=\"async\" src=\"https:\/\/objektmobiliar.ch\/wp-content\/uploads\/2023\/10\/materialien-farben-muster-individuell-nach-Ihren-Anforderungen.jpg\" loading=\"lazy\" alt=\"\" class=\"pageteaser-img\"><\/div>\r\n        <div class=\"pageteaser-type\">\r\n          <div class=\"txt-pageteaser w-richtext\">\r\n            <p><b>Mat\u00e9riaux, couleurs, motifs - personnalis\u00e9s selon vos exigences<\/b><\/p>\n<p>Nous \u00e9laborons avec vous un concept global d'am\u00e9nagement et de couleurs pour vos locaux. Vous pouvez \u00e9galement configurer notre mobilier en cons\u00e9quence et choisir parmi une multitude de mat\u00e9riaux, de couleurs, de motifs et de teintes de bois.<\/p>\r\n          <\/div>\r\n        <\/div>\r\n        <div class=\"btn pageteaser\">En savoir plus<\/div><\/a>\r\n      <a href=\"https:\/\/objektmobiliar.ch\/fr\/inspiration\/facile-a-entretenir-et-a-soigner\/\" class=\"elmnt-pageteaser link w-inline-block\" style=\"background-color: \">\r\n        <div class=\"pageteaser-imgcnt\"><img decoding=\"async\" src=\"https:\/\/objektmobiliar.ch\/wp-content\/uploads\/2023\/10\/pflegegerechtes-mobiliar-fuer-einfache-reinigung-und-verbesserte-hygiene-1.jpg\" loading=\"lazy\" alt=\"\" class=\"pageteaser-img\"><\/div>\r\n        <div class=\"pageteaser-type\">\r\n          <div class=\"txt-pageteaser w-richtext\">\r\n            <p><b>Mobilier adapt\u00e9 aux soins pour un nettoyage facile et une meilleure hygi\u00e8ne<\/b><\/p>\n<p>Nous misons sur des mat\u00e9riaux qui se distinguent par leur facilit\u00e9 de nettoyage. La forme et la structure de notre mobilier sont \u00e9galement con\u00e7ues de mani\u00e8re \u00e0 ce que les professionnels aient \u00e0 fournir le moins d'efforts possible pour l'entretien.<\/p>\r\n          <\/div>\r\n        <\/div>\r\n        <div class=\"btn pageteaser\">En savoir plus<\/div><\/a>\r\n      \r\n    <\/div>\r\n    <div class=\"center\">\r\n        <div class=\"center\"><a href=\"https:\/\/objektmobiliar.ch\/fr\/meubles\/\" class=\"btn\" >D\u00e9couvrir la gamme de meubles<\/a><\/div>\r\n    <\/div>\r\n  <\/div>\r\n<\/section><\/div>\n\n\n<p><\/p>\n<style class=\"advgb-styles-renderer\">\r\n            .similar-products-nav li {\r\n              overflow: hidden;\r\n              margin: 0px !important;\r\n              flex-grow: 0 !important;\r\n              flex-shrink: 1 !important;\r\n              flex-basis: 12.5% !important;\r\n              border-style: solid;\r\n              border-width: 2px;\r\n              border-color: transparent;\r\n              border-radius: 8px;\r\n              transition-property: border-color;\r\n              transition-duration: 600ms;\r\n              transition-timing-function: ease;\r\n              cursor: pointer;\r\n            }\r\n            .similar-products-nav li.slick-active {\r\n              border-color: #dde7ef;\r\n            }\r\n            @media screen and (max-width:767px) {\r\n              .similar-products-nav li {\r\n                flex-basis: auto !important;\r\n                border-radius: 8px;\r\n                padding-top: 8px;\r\n                padding-right: 16px;\r\n                padding-bottom: 6px;\r\n                padding-left: 16px;\r\n              }\r\n              .similar-products-nav li.slick-active {\r\n                background-color: #dde7ef;\r\n                transition-property: background-color, border-color;\r\n                transition-duration: 600ms, 200ms;\r\n                transition-timing-function: ease, ease;\r\n                color: #426b8a;\r\n              }\r\n            }\r\n          <\/style>","protected":false},"excerpt":{"rendered":"<p>Votre Notre \u00e9quipe d'experts vous accompagne avec des connaissances techniques approfondies et une grande exp\u00e9rience pratique, de l'id\u00e9e initiale \u00e0 la r\u00e9alisation et \u00e0 l'\u00e9quipement, en passant par l'\u00e9laboration du concept d'am\u00e9nagement.<\/p>","protected":false},"author":2,"featured_media":1300,"parent":1038,"menu_order":0,"comment_status":"closed","ping_status":"closed","template":"","meta":{"advgb_blocks_editor_width":"","advgb_blocks_columns_visual_guide":"","footnotes":""},"class_list":["post-1286","page","type-page","status-publish","has-post-thumbnail","hentry"],"yoast_head":"<!-- This site is optimized with the Yoast SEO plugin v27.4 - https:\/\/yoast.com\/product\/yoast-seo-wordpress\/ -->\n<title>Raumdesign - OZG HEALTHCARE<\/title>\n<meta name=\"robots\" content=\"index, follow, max-snippet:-1, max-image-preview:large, max-video-preview:-1\" \/>\n<link rel=\"canonical\" href=\"https:\/\/objektmobiliar.ch\/fr\/inspiration\/design-despace\/\" \/>\n<meta property=\"og:locale\" content=\"fr_FR\" \/>\n<meta property=\"og:type\" content=\"article\" \/>\n<meta property=\"og:title\" content=\"Raumdesign - OZG HEALTHCARE\" \/>\n<meta property=\"og:description\" content=\"Ihre Unser Expertenteam begleitet Sie mit fundiertem Fachwissen und grosser praktischer Erfahrung von der ersten Idee \u00fcber die Erstellung des Einrichtungskonzepts bis zur Realisierung und Ausstattung.\" \/>\n<meta property=\"og:url\" content=\"https:\/\/objektmobiliar.ch\/fr\/inspiration\/design-despace\/\" \/>\n<meta property=\"og:site_name\" content=\"OZG HEALTHCARE\" \/>\n<meta property=\"article:modified_time\" content=\"2026-03-06T09:44:43+00:00\" \/>\n<meta property=\"og:image\" content=\"https:\/\/objektmobiliar.ch\/wp-content\/uploads\/2023\/10\/raumdesign-header.jpg\" \/>\n\t<meta property=\"og:image:width\" content=\"1339\" \/>\n\t<meta property=\"og:image:height\" content=\"554\" \/>\n\t<meta property=\"og:image:type\" content=\"image\/jpeg\" \/>\n<meta name=\"twitter:card\" content=\"summary_large_image\" \/>\n<meta name=\"twitter:label1\" content=\"Dur\u00e9e de lecture estim\u00e9e\" \/>\n\t<meta name=\"twitter:data1\" content=\"5 minutes\" \/>\n<script type=\"application\/ld+json\" class=\"yoast-schema-graph\">{\"@context\":\"https:\\\/\\\/schema.org\",\"@graph\":[{\"@type\":\"WebPage\",\"@id\":\"https:\\\/\\\/objektmobiliar.ch\\\/inspiration\\\/raumdesign\\\/\",\"url\":\"https:\\\/\\\/objektmobiliar.ch\\\/inspiration\\\/raumdesign\\\/\",\"name\":\"Raumdesign - OZG HEALTHCARE\",\"isPartOf\":{\"@id\":\"https:\\\/\\\/objektmobiliar.ch\\\/#website\"},\"primaryImageOfPage\":{\"@id\":\"https:\\\/\\\/objektmobiliar.ch\\\/inspiration\\\/raumdesign\\\/#primaryimage\"},\"image\":{\"@id\":\"https:\\\/\\\/objektmobiliar.ch\\\/inspiration\\\/raumdesign\\\/#primaryimage\"},\"thumbnailUrl\":\"https:\\\/\\\/objektmobiliar.ch\\\/wp-content\\\/uploads\\\/2023\\\/10\\\/raumdesign-header.jpg\",\"datePublished\":\"2023-10-25T23:55:23+00:00\",\"dateModified\":\"2026-03-06T09:44:43+00:00\",\"breadcrumb\":{\"@id\":\"https:\\\/\\\/objektmobiliar.ch\\\/inspiration\\\/raumdesign\\\/#breadcrumb\"},\"inLanguage\":\"fr-FR\",\"potentialAction\":[{\"@type\":\"ReadAction\",\"target\":[\"https:\\\/\\\/objektmobiliar.ch\\\/inspiration\\\/raumdesign\\\/\"]}]},{\"@type\":\"ImageObject\",\"inLanguage\":\"fr-FR\",\"@id\":\"https:\\\/\\\/objektmobiliar.ch\\\/inspiration\\\/raumdesign\\\/#primaryimage\",\"url\":\"https:\\\/\\\/objektmobiliar.ch\\\/wp-content\\\/uploads\\\/2023\\\/10\\\/raumdesign-header.jpg\",\"contentUrl\":\"https:\\\/\\\/objektmobiliar.ch\\\/wp-content\\\/uploads\\\/2023\\\/10\\\/raumdesign-header.jpg\",\"width\":1339,\"height\":554},{\"@type\":\"BreadcrumbList\",\"@id\":\"https:\\\/\\\/objektmobiliar.ch\\\/inspiration\\\/raumdesign\\\/#breadcrumb\",\"itemListElement\":[{\"@type\":\"ListItem\",\"position\":1,\"name\":\"Startseite\",\"item\":\"https:\\\/\\\/objektmobiliar.ch\\\/\"},{\"@type\":\"ListItem\",\"position\":2,\"name\":\"Inspiration\",\"item\":\"https:\\\/\\\/objektmobiliar.ch\\\/inspiration\\\/\"},{\"@type\":\"ListItem\",\"position\":3,\"name\":\"Raumdesign\"}]},{\"@type\":\"WebSite\",\"@id\":\"https:\\\/\\\/objektmobiliar.ch\\\/#website\",\"url\":\"https:\\\/\\\/objektmobiliar.ch\\\/\",\"name\":\"OZG HEALTHCARE\",\"description\":\"Objektmobiliar f\u00fcr Pflege, B\u00fcro, Praxis &amp; Hotellerie\",\"potentialAction\":[{\"@type\":\"SearchAction\",\"target\":{\"@type\":\"EntryPoint\",\"urlTemplate\":\"https:\\\/\\\/objektmobiliar.ch\\\/?s={search_term_string}\"},\"query-input\":{\"@type\":\"PropertyValueSpecification\",\"valueRequired\":true,\"valueName\":\"search_term_string\"}}],\"inLanguage\":\"fr-FR\"}]}<\/script>\n<!-- \/ Yoast SEO plugin. -->","yoast_head_json":{"title":"Design d'espace - OZG HEALTHCARE","robots":{"index":"index","follow":"follow","max-snippet":"max-snippet:-1","max-image-preview":"max-image-preview:large","max-video-preview":"max-video-preview:-1"},"canonical":"https:\/\/objektmobiliar.ch\/fr\/inspiration\/design-despace\/","og_locale":"fr_FR","og_type":"article","og_title":"Raumdesign - OZG HEALTHCARE","og_description":"Ihre Unser Expertenteam begleitet Sie mit fundiertem Fachwissen und grosser praktischer Erfahrung von der ersten Idee \u00fcber die Erstellung des Einrichtungskonzepts bis zur Realisierung und Ausstattung.","og_url":"https:\/\/objektmobiliar.ch\/fr\/inspiration\/design-despace\/","og_site_name":"OZG HEALTHCARE","article_modified_time":"2026-03-06T09:44:43+00:00","og_image":[{"width":1339,"height":554,"url":"https:\/\/objektmobiliar.ch\/wp-content\/uploads\/2023\/10\/raumdesign-header.jpg","type":"image\/jpeg"}],"twitter_card":"summary_large_image","twitter_misc":{"Dur\u00e9e de lecture estim\u00e9e":"5 minutes"},"schema":{"@context":"https:\/\/schema.org","@graph":[{"@type":"WebPage","@id":"https:\/\/objektmobiliar.ch\/inspiration\/raumdesign\/","url":"https:\/\/objektmobiliar.ch\/inspiration\/raumdesign\/","name":"Design d'espace - OZG HEALTHCARE","isPartOf":{"@id":"https:\/\/objektmobiliar.ch\/#website"},"primaryImageOfPage":{"@id":"https:\/\/objektmobiliar.ch\/inspiration\/raumdesign\/#primaryimage"},"image":{"@id":"https:\/\/objektmobiliar.ch\/inspiration\/raumdesign\/#primaryimage"},"thumbnailUrl":"https:\/\/objektmobiliar.ch\/wp-content\/uploads\/2023\/10\/raumdesign-header.jpg","datePublished":"2023-10-25T23:55:23+00:00","dateModified":"2026-03-06T09:44:43+00:00","breadcrumb":{"@id":"https:\/\/objektmobiliar.ch\/inspiration\/raumdesign\/#breadcrumb"},"inLanguage":"fr-FR","potentialAction":[{"@type":"ReadAction","target":["https:\/\/objektmobiliar.ch\/inspiration\/raumdesign\/"]}]},{"@type":"ImageObject","inLanguage":"fr-FR","@id":"https:\/\/objektmobiliar.ch\/inspiration\/raumdesign\/#primaryimage","url":"https:\/\/objektmobiliar.ch\/wp-content\/uploads\/2023\/10\/raumdesign-header.jpg","contentUrl":"https:\/\/objektmobiliar.ch\/wp-content\/uploads\/2023\/10\/raumdesign-header.jpg","width":1339,"height":554},{"@type":"BreadcrumbList","@id":"https:\/\/objektmobiliar.ch\/inspiration\/raumdesign\/#breadcrumb","itemListElement":[{"@type":"ListItem","position":1,"name":"Startseite","item":"https:\/\/objektmobiliar.ch\/"},{"@type":"ListItem","position":2,"name":"Inspiration","item":"https:\/\/objektmobiliar.ch\/inspiration\/"},{"@type":"ListItem","position":3,"name":"Raumdesign"}]},{"@type":"WebSite","@id":"https:\/\/objektmobiliar.ch\/#website","url":"https:\/\/objektmobiliar.ch\/","name":"OZG HEALTHCARE","description":"Mobilier de collectivit\u00e9 pour les soins, les bureaux, les cabinets m\u00e9dicaux et l'h\u00f4tellerie","potentialAction":[{"@type":"SearchAction","target":{"@type":"EntryPoint","urlTemplate":"https:\/\/objektmobiliar.ch\/?s={search_term_string}"},"query-input":{"@type":"PropertyValueSpecification","valueRequired":true,"valueName":"search_term_string"}}],"inLanguage":"fr-FR"}]}},"coauthors":[],"author_meta":{"author_link":"https:\/\/objektmobiliar.ch\/fr\/author\/alex\/","display_name":"Alex"},"relative_dates":{"created":"Publi\u00e9 2 ans il y a","modified":"Mis \u00e0 jour 1 mois il y a"},"absolute_dates":{"created":"Publi\u00e9 le octobre 25, 2023","modified":"Mise \u00e0 jour le mars 6, 2026"},"absolute_dates_time":{"created":"Publi\u00e9 le octobre 25, 2023 11:55 pm","modified":"Mise \u00e0 jour le mars 6, 2026 9:44 am"},"featured_img_caption":"","featured_img":"https:\/\/objektmobiliar.ch\/wp-content\/uploads\/2023\/10\/raumdesign-header-825x510.jpg","series_order":"","_links":{"self":[{"href":"https:\/\/objektmobiliar.ch\/fr\/wp-json\/wp\/v2\/pages\/1286","targetHints":{"allow":["GET"]}}],"collection":[{"href":"https:\/\/objektmobiliar.ch\/fr\/wp-json\/wp\/v2\/pages"}],"about":[{"href":"https:\/\/objektmobiliar.ch\/fr\/wp-json\/wp\/v2\/types\/page"}],"author":[{"embeddable":true,"href":"https:\/\/objektmobiliar.ch\/fr\/wp-json\/wp\/v2\/users\/2"}],"replies":[{"embeddable":true,"href":"https:\/\/objektmobiliar.ch\/fr\/wp-json\/wp\/v2\/comments?post=1286"}],"version-history":[{"count":25,"href":"https:\/\/objektmobiliar.ch\/fr\/wp-json\/wp\/v2\/pages\/1286\/revisions"}],"predecessor-version":[{"id":5953,"href":"https:\/\/objektmobiliar.ch\/fr\/wp-json\/wp\/v2\/pages\/1286\/revisions\/5953"}],"up":[{"embeddable":true,"href":"https:\/\/objektmobiliar.ch\/fr\/wp-json\/wp\/v2\/pages\/1038"}],"wp:featuredmedia":[{"embeddable":true,"href":"https:\/\/objektmobiliar.ch\/fr\/wp-json\/wp\/v2\/media\/1300"}],"wp:attachment":[{"href":"https:\/\/objektmobiliar.ch\/fr\/wp-json\/wp\/v2\/media?parent=1286"}],"curies":[{"name":"wp","href":"https:\/\/api.w.org\/{rel}","templated":true}]}}