{"id":1252,"date":"2023-10-25T21:31:40","date_gmt":"2023-10-25T21:31:40","guid":{"rendered":"https:\/\/dev.objektmobiliar.ch\/?page_id=1252"},"modified":"2024-05-02T13:43:10","modified_gmt":"2024-05-02T13:43:10","slug":"facile-a-entretenir-et-a-soigner","status":"publish","type":"page","link":"https:\/\/objektmobiliar.ch\/fr\/inspiration\/pflegegerecht-und-pflegeleicht\/","title":{"rendered":"Facile \u00e0 entretenir"},"content":{"rendered":"<div class=\"lazyblock-bildslider-fullsize-ozg-v0UjR wp-block-lazyblock-bildslider-fullsize-ozg\"><section class=\"sct nopadding\">\r\n      <div data-delay=\"9000\" data-animation=\"fade\" class=\"elmnt-homeslider w-slider\" data-autoplay=\"true\" data-easing=\"linear\" data-hide-arrows=\"false\" data-disable-swipe=\"true\" data-autoplay-limit=\"0\" data-nav-spacing=\"3\" data-duration=\"2000\" data-infinite=\"true\">\r\n        \r\n      <div class=\"visual-homeslider\" ><\/div>\r\n        \r\n       <div class=\"w-slider-mask\">\r\n          <div class=\"homeslider-slide w-slide\">\r\n            <div class=\"homeslider-img\"><img decoding=\"async\" src=\"https:\/\/objektmobiliar.ch\/wp-content\/uploads\/2023\/10\/pflegegerechte-pflegeleicht-header-1.jpg\" loading=\"eager\" alt=\"\"><\/div>\r\n          <\/div>\r\n        <\/div>\r\n        <div class=\"hidden w-slider-arrow-left\">\r\n          <div class=\"w-icon-slider-left\"><\/div>\r\n        <\/div>\r\n        <div class=\"hidden w-slider-arrow-right\">\r\n          <div class=\"w-icon-slider-right\"><\/div>\r\n        <\/div>\r\n        <div class=\"hidden w-slider-nav\"><\/div>\r\n      <\/div>\r\n    <\/section><\/div>\n\n<div class=\"lazyblock-text-modul-ozg-Z1N9IPt wp-block-lazyblock-text-modul-ozg\"><section class=\"sct\">\r\n      <div class=\"cnt narrow\">\r\n        <div class=\"w-richtext\">\r\n            <h1>Facile \u00e0 entretenir :<\/h1>\n<h2>Mobilier adapt\u00e9 aux \u00e9tablissements de soins<\/h2>\n<p>L'aspect et le design jouent un r\u00f4le important dans l'am\u00e9nagement int\u00e9rieur. Mais les meubles des \u00e9tablissements de soins doivent \u00e9galement r\u00e9pondre \u00e0 d'autres exigences importantes et tenir compte des besoins sp\u00e9cifiques des r\u00e9sidents. En tant que sp\u00e9cialiste du mobilier pour le secteur des soins, nous connaissons parfaitement ces exigences et ces besoins et nous nous ferons un plaisir de vous conseiller en d\u00e9tail.<\/p>\r\n        <\/div>\r\n      <\/div>\r\n    <\/section><\/div>\n\n<div class=\"lazyblock-spalten-modul-ozg-248M3W wp-block-lazyblock-spalten-modul-ozg\"><section class=\"sct\">\r\n      <div class=\"cnt semi\">\r\n        <div class=\"w-richtext\">\r\n          \r\n        <\/div>\r\n        <div class=\"box-pageteaser\">\r\n          <div class=\"elmnt-column\"><h2>Hygi\u00e8ne<\/h2>\n<p>Les meubles de OZG r\u00e9pondent parfaitement aux normes d'hygi\u00e8ne en vigueur dans les \u00e9tablissements de soins et sont con\u00e7us pour r\u00e9duire au maximum les efforts du personnel. Cela implique un nettoyage et un entretien simples et faciles de tous les mat\u00e9riaux utilis\u00e9s. Tous les rev\u00eatements peuvent \u00eatre essuy\u00e9s et d\u00e9sinfect\u00e9s. Les parties en bois sont recouvertes d'un vernis facile \u00e0 essuyer. Les coussins d'assise amovibles et une bonne garde au sol facilitent \u00e9galement le nettoyage. Bien entendu, nos meubles sont, sur demande, difficilement inflammables et dot\u00e9s de rev\u00eatements r\u00e9sistants \u00e0 l'humidit\u00e9.<\/p><\/div>\r\n          <div class=\"elmnt-column\"><p><img loading=\"lazy\" decoding=\"async\" class=\"alignnone size-full wp-image-1266\" src=\"https:\/\/objektmobiliar.ch\/wp-content\/uploads\/2023\/10\/pflegegerecht-hygiene-1.jpg\" alt=\"\" width=\"1000\" height=\"938\" srcset=\"https:\/\/objektmobiliar.ch\/wp-content\/uploads\/2023\/10\/pflegegerecht-hygiene-1.jpg 1000w, https:\/\/objektmobiliar.ch\/wp-content\/uploads\/2023\/10\/pflegegerecht-hygiene-1-800x750.jpg 800w, https:\/\/objektmobiliar.ch\/wp-content\/uploads\/2023\/10\/pflegegerecht-hygiene-1-768x720.jpg 768w\" sizes=\"auto, (max-width: 1000px) 100vw, 1000px\" \/><\/p><\/div>\r\n        <\/div>\r\n            <div ><a href=\"\"  class=\"btn\">En savoir plus<\/a><\/div>\r\n      <\/div>\r\n    <\/section><\/div>\n\n<div class=\"lazyblock-text-modul-ozg-RzBBe wp-block-lazyblock-text-modul-ozg\"><section class=\"sct\">\r\n      <div class=\"cnt narrow\">\r\n        <div class=\"w-richtext\">\r\n            <h2 style=\"text-align: center;\">S'asseoir correctement<\/h2>\n<p style=\"text-align: center;\">Souvent, on accorde plus d'attention au design des si\u00e8ges qu'\u00e0 leur fonction adapt\u00e9e \u00e0 l'\u00e2ge. Nous pr\u00eatons attention aux deux, car la position assise prolong\u00e9e est consid\u00e9r\u00e9e comme un facteur de risque important pour l'apparition de douleurs dans le bas du dos. Cela est particuli\u00e8rement vrai pour les personnes d'un \u00e2ge avanc\u00e9 \u00e0 mobilit\u00e9 r\u00e9duite. Elles posent des d\u00e9fis particuliers aux meubles d'assise, dont nous tenons volontiers compte pour favoriser une position assise optimale.<\/p>\r\n        <\/div>\r\n      <\/div>\r\n    <\/section><\/div>\n\n<div class=\"lazyblock-text-bild-modul-ozg-Z17Fo55 wp-block-lazyblock-text-bild-modul-ozg\"><section class=\"sct\">\r\n      <div class=\"cnt semi\">\r\n        <div class=\"w-richtext\">\r\n              \r\n        <\/div>\r\n        <div class=\"elmnt-txtimg alt\" >\r\n          <div class=\"txtimg-txt\">\r\n            <div class=\"w-richtext\">\r\n              <h2>Des si\u00e8ges confortables et adapt\u00e9s \u00e0 l'\u00e2ge<\/h2>\n<p>Nos chaises adapt\u00e9es aux soins sont sp\u00e9cialement con\u00e7ues pour r\u00e9pondre aux besoins des personnes \u00e0 soigner. Les assises et les dossiers rembourr\u00e9s permettent de s'asseoir confortablement. Les chaises sont stables et offrent une bonne stabilit\u00e9, par exemple gr\u00e2ce aux pieds de chaise inclin\u00e9s. Les mod\u00e8les de chaises avec accoudoirs facilitent le fait de se lever seul et augmentent la s\u00e9curit\u00e9. Les coins et les bords arrondis de nombreuses chaises de notre gamme offrent une s\u00e9curit\u00e9 suppl\u00e9mentaire. Autres crit\u00e8res importants pour nos si\u00e8ges adapt\u00e9s aux personnes \u00e2g\u00e9es :<\/p>\n<ol>\n<li>La bonne hauteur d'assise<\/li>\n<li>Le bon angle d'assise<\/li>\n<li>La profondeur d'assise correcte<\/li>\n<li>La hauteur correcte des accoudoirs<\/li>\n<li>Le soutien lombaire correct<\/li>\n<\/ol>\r\n            <\/div>\r\n            \r\n            \r\n          <\/div>\r\n          <div class=\"txtimg--img alt\">\r\n            <div class=\"txtimg--skew alt\">\r\n              <div class=\"txtimg--backskew alt\">\r\n                <div class=\"txtimg-bgimg\" style=\"background-image: url('https:\/\/objektmobiliar.ch\/wp-content\/uploads\/2023\/10\/altersgerechte-komfortable-sitzmoebel.jpg');\"><\/div>\r\n              <\/div>\r\n            <\/div>\r\n          <\/div>\r\n        <\/div>\r\n      <\/div>\r\n    <\/section><\/div>\n\n<div class=\"lazyblock-text-bild-modul-ozg-Zferbe wp-block-lazyblock-text-bild-modul-ozg\"><section class=\"sct\">\r\n      <div class=\"cnt narrow\">\r\n        <div class=\"w-richtext\">\r\n              \r\n        <\/div>\r\n        <div class=\"elmnt-txtimg\" >\r\n          <div class=\"txtimg-txt\">\r\n            <div class=\"w-richtext\">\r\n              <h2>Exigences relatives aux tables<\/h2>\n<p>Dans l'assortiment OZG, vous trouverez un grand choix de mod\u00e8les de tables qui, gr\u00e2ce \u00e0 leur hauteur et \u00e0 leur largeur, sont facilement accessibles en fauteuil roulant. Nous vous proposons diff\u00e9rentes variantes de tables : D'une part, il y a les tables \u00e0 deux pieds en T ou \u00e0 quatre pieds, qui sont con\u00e7ues de mani\u00e8re \u00e0 ce qu'un fauteuil roulant ait suffisamment de place entre les pieds de la table. D'autre part, les tables \u00e0 colonne centrale (un seul pied de table au milieu) facilitent grandement le passage sous la table ainsi que les man\u0153uvres en fauteuil roulant.<\/p>\r\n            <\/div>\r\n            \r\n            \r\n          <\/div>\r\n          <div class=\"txtimg--img\">\r\n            <div class=\"txtimg--skew\">\r\n              <div class=\"txtimg--backskew\">\r\n                <div class=\"txtimg-bgimg\" style=\"background-image: url('https:\/\/objektmobiliar.ch\/wp-content\/uploads\/2023\/10\/anforderungen-an-tische.jpg');\"><\/div>\r\n              <\/div>\r\n            <\/div>\r\n          <\/div>\r\n        <\/div>\r\n      <\/div>\r\n    <\/section><\/div>\n\n<div class=\"lazyblock-text-modul-ozg-ZmEalJ wp-block-lazyblock-text-modul-ozg\"><section class=\"sct\">\r\n      <div class=\"cnt narrow\">\r\n        <div class=\"w-richtext\">\r\n            <h2 style=\"text-align: left;\"><strong>Le mobilier difficilement inflammable offre une protection contre l'incendie dans les \u00e9tablissements de soins<\/strong><\/h2>\n<p>Dans les \u00e9tablissements de soins, la s\u00e9curit\u00e9 est une priorit\u00e9 absolue. C'est pourquoi tous nos meubles r\u00e9pondent aux classifications anti-incendie en vigueur. Selon les besoins, nous fabriquons vos meubles enti\u00e8rement en mat\u00e9riaux ignifuges.<\/p>\n<ul>\n<li>Nous proposons de la mousse utilis\u00e9e pour le rembourrage en version difficilement inflammable.<\/li>\n<li>Les rev\u00eatements des coussins sont \u00e9galement disponibles dans diff\u00e9rents tissus difficilement inflammables.<\/li>\n<li>Pour les \u00e9l\u00e9ments en bois, il est \u00e9galement possible d'utiliser des peintures difficilement inflammables afin de r\u00e9duire encore le risque d'incendie.<\/li>\n<\/ul>\n<p>Afin de prendre en compte toutes les exigences applicables \u00e0 votre \u00e9tablissement, nous travaillons en \u00e9troite collaboration avec les autorit\u00e9s concern\u00e9es. Pour ce faire, faites confiance \u00e0 notre expertise de plus de 20 ans et cr\u00e9ez avec nous un environnement s\u00fbr pour vos r\u00e9sidents.<\/p>\r\n        <\/div>\r\n      <\/div>\r\n    <\/section><\/div>\n\n<div class=\"lazyblock-text-modul-ozg-Z1CWVAU wp-block-lazyblock-text-modul-ozg\"><section class=\"sct\">\r\n      <div class=\"cnt semi\">\r\n        <div class=\"w-richtext\">\r\n            <p><img loading=\"lazy\" decoding=\"async\" class=\"alignnone size-full wp-image-2912\" src=\"https:\/\/objektmobiliar.ch\/wp-content\/uploads\/2024\/05\/Schwer-entflammbares-Objektmobiliar-von-OZG_gruen.jpg\" alt=\"Mobilier d&#039;objet difficilement inflammable d&#039;OZG\" width=\"2146\" height=\"1328\" srcset=\"https:\/\/objektmobiliar.ch\/wp-content\/uploads\/2024\/05\/Schwer-entflammbares-Objektmobiliar-von-OZG_gruen.jpg 2146w, https:\/\/objektmobiliar.ch\/wp-content\/uploads\/2024\/05\/Schwer-entflammbares-Objektmobiliar-von-OZG_gruen-800x495.jpg 800w, https:\/\/objektmobiliar.ch\/wp-content\/uploads\/2024\/05\/Schwer-entflammbares-Objektmobiliar-von-OZG_gruen-1600x990.jpg 1600w, https:\/\/objektmobiliar.ch\/wp-content\/uploads\/2024\/05\/Schwer-entflammbares-Objektmobiliar-von-OZG_gruen-768x475.jpg 768w, https:\/\/objektmobiliar.ch\/wp-content\/uploads\/2024\/05\/Schwer-entflammbares-Objektmobiliar-von-OZG_gruen-1536x951.jpg 1536w, https:\/\/objektmobiliar.ch\/wp-content\/uploads\/2024\/05\/Schwer-entflammbares-Objektmobiliar-von-OZG_gruen-2048x1267.jpg 2048w, https:\/\/objektmobiliar.ch\/wp-content\/uploads\/2024\/05\/Schwer-entflammbares-Objektmobiliar-von-OZG_gruen-825x510.jpg 825w\" sizes=\"auto, (max-width: 2146px) 100vw, 2146px\" \/><\/p>\r\n        <\/div>\r\n            <div class=\"center\"><a href=\"https:\/\/objektmobiliar.ch\/fr\/meubles\/\" class=\"btn\" >D\u00e9couvrir la gamme de meubles<\/a><\/div>\r\n      <\/div>\r\n    <\/section><\/div>","protected":false},"excerpt":{"rendered":"<p>Optik und Design spielen bei der Inneneinrichtung eine grosse Rolle. Doch M\u00f6bel in Pflegeeinrichtungen m\u00fcssen auch andere wichtige Anforderungen erf\u00fcllen und die speziellen Bed\u00fcrfnisse der Bewohnenden ber\u00fccksichtigen.<\/p>","protected":false},"author":2,"featured_media":1283,"parent":1038,"menu_order":0,"comment_status":"closed","ping_status":"closed","template":"","meta":{"advgb_blocks_editor_width":"","advgb_blocks_columns_visual_guide":"","footnotes":""},"class_list":["post-1252","page","type-page","status-publish","has-post-thumbnail","hentry"],"yoast_head":"<!-- This site is optimized with the Yoast SEO plugin v27.4 - https:\/\/yoast.com\/product\/yoast-seo-wordpress\/ -->\n<title>Pflegegerecht und pflegeleicht - Mobiliar von OZG<\/title>\n<meta name=\"description\" content=\"Als M\u00f6belspezialist f\u00fcr die Pflegebranche kennen wir die Anforderungen an Mobiliar in Pflegeeinrichtungen genau und beraten Sie ausf\u00fchrlich.\" \/>\n<meta name=\"robots\" content=\"index, follow, max-snippet:-1, max-image-preview:large, max-video-preview:-1\" \/>\n<link rel=\"canonical\" href=\"https:\/\/objektmobiliar.ch\/fr\/inspiration\/facile-a-entretenir-et-a-soigner\/\" \/>\n<meta property=\"og:locale\" content=\"fr_FR\" \/>\n<meta property=\"og:type\" content=\"article\" \/>\n<meta property=\"og:title\" content=\"Pflegegerecht und pflegeleicht - Mobiliar von OZG\" \/>\n<meta property=\"og:description\" content=\"Als M\u00f6belspezialist f\u00fcr die Pflegebranche kennen wir die Anforderungen an Mobiliar in Pflegeeinrichtungen genau und beraten Sie ausf\u00fchrlich.\" \/>\n<meta property=\"og:url\" content=\"https:\/\/objektmobiliar.ch\/fr\/inspiration\/facile-a-entretenir-et-a-soigner\/\" \/>\n<meta property=\"og:site_name\" content=\"OZG HEALTHCARE\" \/>\n<meta property=\"article:modified_time\" content=\"2024-05-02T13:43:10+00:00\" \/>\n<meta property=\"og:image\" content=\"https:\/\/objektmobiliar.ch\/wp-content\/uploads\/2023\/10\/pflegegerechte-pflegeleicht-header-1.jpg\" \/>\n\t<meta property=\"og:image:width\" content=\"2400\" \/>\n\t<meta property=\"og:image:height\" content=\"1600\" \/>\n\t<meta property=\"og:image:type\" content=\"image\/jpeg\" \/>\n<meta name=\"twitter:card\" content=\"summary_large_image\" \/>\n<meta name=\"twitter:label1\" content=\"Dur\u00e9e de lecture estim\u00e9e\" \/>\n\t<meta name=\"twitter:data1\" content=\"1 minute\" \/>\n<script type=\"application\/ld+json\" class=\"yoast-schema-graph\">{\"@context\":\"https:\\\/\\\/schema.org\",\"@graph\":[{\"@type\":\"WebPage\",\"@id\":\"https:\\\/\\\/objektmobiliar.ch\\\/inspiration\\\/pflegegerecht-und-pflegeleicht\\\/\",\"url\":\"https:\\\/\\\/objektmobiliar.ch\\\/inspiration\\\/pflegegerecht-und-pflegeleicht\\\/\",\"name\":\"Pflegegerecht und pflegeleicht - Mobiliar von OZG\",\"isPartOf\":{\"@id\":\"https:\\\/\\\/objektmobiliar.ch\\\/#website\"},\"primaryImageOfPage\":{\"@id\":\"https:\\\/\\\/objektmobiliar.ch\\\/inspiration\\\/pflegegerecht-und-pflegeleicht\\\/#primaryimage\"},\"image\":{\"@id\":\"https:\\\/\\\/objektmobiliar.ch\\\/inspiration\\\/pflegegerecht-und-pflegeleicht\\\/#primaryimage\"},\"thumbnailUrl\":\"https:\\\/\\\/objektmobiliar.ch\\\/wp-content\\\/uploads\\\/2023\\\/10\\\/pflegegerechte-pflegeleicht-header-1.jpg\",\"datePublished\":\"2023-10-25T21:31:40+00:00\",\"dateModified\":\"2024-05-02T13:43:10+00:00\",\"description\":\"Als M\u00f6belspezialist f\u00fcr die Pflegebranche kennen wir die Anforderungen an Mobiliar in Pflegeeinrichtungen genau und beraten Sie ausf\u00fchrlich.\",\"breadcrumb\":{\"@id\":\"https:\\\/\\\/objektmobiliar.ch\\\/inspiration\\\/pflegegerecht-und-pflegeleicht\\\/#breadcrumb\"},\"inLanguage\":\"fr-FR\",\"potentialAction\":[{\"@type\":\"ReadAction\",\"target\":[\"https:\\\/\\\/objektmobiliar.ch\\\/inspiration\\\/pflegegerecht-und-pflegeleicht\\\/\"]}]},{\"@type\":\"ImageObject\",\"inLanguage\":\"fr-FR\",\"@id\":\"https:\\\/\\\/objektmobiliar.ch\\\/inspiration\\\/pflegegerecht-und-pflegeleicht\\\/#primaryimage\",\"url\":\"https:\\\/\\\/objektmobiliar.ch\\\/wp-content\\\/uploads\\\/2023\\\/10\\\/pflegegerechte-pflegeleicht-header-1.jpg\",\"contentUrl\":\"https:\\\/\\\/objektmobiliar.ch\\\/wp-content\\\/uploads\\\/2023\\\/10\\\/pflegegerechte-pflegeleicht-header-1.jpg\",\"width\":2400,\"height\":1600},{\"@type\":\"BreadcrumbList\",\"@id\":\"https:\\\/\\\/objektmobiliar.ch\\\/inspiration\\\/pflegegerecht-und-pflegeleicht\\\/#breadcrumb\",\"itemListElement\":[{\"@type\":\"ListItem\",\"position\":1,\"name\":\"Startseite\",\"item\":\"https:\\\/\\\/objektmobiliar.ch\\\/\"},{\"@type\":\"ListItem\",\"position\":2,\"name\":\"Inspiration\",\"item\":\"https:\\\/\\\/objektmobiliar.ch\\\/inspiration\\\/\"},{\"@type\":\"ListItem\",\"position\":3,\"name\":\"Pflegegerecht und pflegeleicht\"}]},{\"@type\":\"WebSite\",\"@id\":\"https:\\\/\\\/objektmobiliar.ch\\\/#website\",\"url\":\"https:\\\/\\\/objektmobiliar.ch\\\/\",\"name\":\"OZG HEALTHCARE\",\"description\":\"Objektmobiliar f\u00fcr Pflege, B\u00fcro, Praxis &amp; Hotellerie\",\"potentialAction\":[{\"@type\":\"SearchAction\",\"target\":{\"@type\":\"EntryPoint\",\"urlTemplate\":\"https:\\\/\\\/objektmobiliar.ch\\\/?s={search_term_string}\"},\"query-input\":{\"@type\":\"PropertyValueSpecification\",\"valueRequired\":true,\"valueName\":\"search_term_string\"}}],\"inLanguage\":\"fr-FR\"}]}<\/script>\n<!-- \/ Yoast SEO plugin. -->","yoast_head_json":{"title":"Facile \u00e0 entretenir - le mobilier de OZG","description":"En tant que sp\u00e9cialiste du mobilier pour le secteur des soins, nous connaissons parfaitement les exigences en mati\u00e8re de mobilier dans les \u00e9tablissements de soins et nous vous conseillons en d\u00e9tail.","robots":{"index":"index","follow":"follow","max-snippet":"max-snippet:-1","max-image-preview":"max-image-preview:large","max-video-preview":"max-video-preview:-1"},"canonical":"https:\/\/objektmobiliar.ch\/fr\/inspiration\/facile-a-entretenir-et-a-soigner\/","og_locale":"fr_FR","og_type":"article","og_title":"Pflegegerecht und pflegeleicht - Mobiliar von OZG","og_description":"Als M\u00f6belspezialist f\u00fcr die Pflegebranche kennen wir die Anforderungen an Mobiliar in Pflegeeinrichtungen genau und beraten Sie ausf\u00fchrlich.","og_url":"https:\/\/objektmobiliar.ch\/fr\/inspiration\/facile-a-entretenir-et-a-soigner\/","og_site_name":"OZG HEALTHCARE","article_modified_time":"2024-05-02T13:43:10+00:00","og_image":[{"width":2400,"height":1600,"url":"https:\/\/objektmobiliar.ch\/wp-content\/uploads\/2023\/10\/pflegegerechte-pflegeleicht-header-1.jpg","type":"image\/jpeg"}],"twitter_card":"summary_large_image","twitter_misc":{"Dur\u00e9e de lecture estim\u00e9e":"1 minute"},"schema":{"@context":"https:\/\/schema.org","@graph":[{"@type":"WebPage","@id":"https:\/\/objektmobiliar.ch\/inspiration\/pflegegerecht-und-pflegeleicht\/","url":"https:\/\/objektmobiliar.ch\/inspiration\/pflegegerecht-und-pflegeleicht\/","name":"Facile \u00e0 entretenir - le mobilier de OZG","isPartOf":{"@id":"https:\/\/objektmobiliar.ch\/#website"},"primaryImageOfPage":{"@id":"https:\/\/objektmobiliar.ch\/inspiration\/pflegegerecht-und-pflegeleicht\/#primaryimage"},"image":{"@id":"https:\/\/objektmobiliar.ch\/inspiration\/pflegegerecht-und-pflegeleicht\/#primaryimage"},"thumbnailUrl":"https:\/\/objektmobiliar.ch\/wp-content\/uploads\/2023\/10\/pflegegerechte-pflegeleicht-header-1.jpg","datePublished":"2023-10-25T21:31:40+00:00","dateModified":"2024-05-02T13:43:10+00:00","description":"En tant que sp\u00e9cialiste du mobilier pour le secteur des soins, nous connaissons parfaitement les exigences en mati\u00e8re de mobilier dans les \u00e9tablissements de soins et nous vous conseillons en d\u00e9tail.","breadcrumb":{"@id":"https:\/\/objektmobiliar.ch\/inspiration\/pflegegerecht-und-pflegeleicht\/#breadcrumb"},"inLanguage":"fr-FR","potentialAction":[{"@type":"ReadAction","target":["https:\/\/objektmobiliar.ch\/inspiration\/pflegegerecht-und-pflegeleicht\/"]}]},{"@type":"ImageObject","inLanguage":"fr-FR","@id":"https:\/\/objektmobiliar.ch\/inspiration\/pflegegerecht-und-pflegeleicht\/#primaryimage","url":"https:\/\/objektmobiliar.ch\/wp-content\/uploads\/2023\/10\/pflegegerechte-pflegeleicht-header-1.jpg","contentUrl":"https:\/\/objektmobiliar.ch\/wp-content\/uploads\/2023\/10\/pflegegerechte-pflegeleicht-header-1.jpg","width":2400,"height":1600},{"@type":"BreadcrumbList","@id":"https:\/\/objektmobiliar.ch\/inspiration\/pflegegerecht-und-pflegeleicht\/#breadcrumb","itemListElement":[{"@type":"ListItem","position":1,"name":"Startseite","item":"https:\/\/objektmobiliar.ch\/"},{"@type":"ListItem","position":2,"name":"Inspiration","item":"https:\/\/objektmobiliar.ch\/inspiration\/"},{"@type":"ListItem","position":3,"name":"Pflegegerecht und pflegeleicht"}]},{"@type":"WebSite","@id":"https:\/\/objektmobiliar.ch\/#website","url":"https:\/\/objektmobiliar.ch\/","name":"OZG HEALTHCARE","description":"Mobilier de collectivit\u00e9 pour les soins, les bureaux, les cabinets m\u00e9dicaux et l'h\u00f4tellerie","potentialAction":[{"@type":"SearchAction","target":{"@type":"EntryPoint","urlTemplate":"https:\/\/objektmobiliar.ch\/?s={search_term_string}"},"query-input":{"@type":"PropertyValueSpecification","valueRequired":true,"valueName":"search_term_string"}}],"inLanguage":"fr-FR"}]}},"coauthors":[],"author_meta":{"author_link":"https:\/\/objektmobiliar.ch\/fr\/author\/alex\/","display_name":"Alex"},"relative_dates":{"created":"Publi\u00e9 2 ans il y a","modified":"Mis \u00e0 jour 2 ans il y a"},"absolute_dates":{"created":"Publi\u00e9 le octobre 25, 2023","modified":"Mise \u00e0 jour le mai 2, 2024"},"absolute_dates_time":{"created":"Publi\u00e9 le octobre 25, 2023 9:31 pm","modified":"Mise \u00e0 jour le mai 2, 2024 1:43 pm"},"featured_img_caption":"","featured_img":"https:\/\/objektmobiliar.ch\/wp-content\/uploads\/2023\/10\/pflegegerechte-pflegeleicht-header-1-825x510.jpg","series_order":"","_links":{"self":[{"href":"https:\/\/objektmobiliar.ch\/fr\/wp-json\/wp\/v2\/pages\/1252","targetHints":{"allow":["GET"]}}],"collection":[{"href":"https:\/\/objektmobiliar.ch\/fr\/wp-json\/wp\/v2\/pages"}],"about":[{"href":"https:\/\/objektmobiliar.ch\/fr\/wp-json\/wp\/v2\/types\/page"}],"author":[{"embeddable":true,"href":"https:\/\/objektmobiliar.ch\/fr\/wp-json\/wp\/v2\/users\/2"}],"replies":[{"embeddable":true,"href":"https:\/\/objektmobiliar.ch\/fr\/wp-json\/wp\/v2\/comments?post=1252"}],"version-history":[{"count":20,"href":"https:\/\/objektmobiliar.ch\/fr\/wp-json\/wp\/v2\/pages\/1252\/revisions"}],"predecessor-version":[{"id":2916,"href":"https:\/\/objektmobiliar.ch\/fr\/wp-json\/wp\/v2\/pages\/1252\/revisions\/2916"}],"up":[{"embeddable":true,"href":"https:\/\/objektmobiliar.ch\/fr\/wp-json\/wp\/v2\/pages\/1038"}],"wp:featuredmedia":[{"embeddable":true,"href":"https:\/\/objektmobiliar.ch\/fr\/wp-json\/wp\/v2\/media\/1283"}],"wp:attachment":[{"href":"https:\/\/objektmobiliar.ch\/fr\/wp-json\/wp\/v2\/media?parent=1252"}],"curies":[{"name":"wp","href":"https:\/\/api.w.org\/{rel}","templated":true}]}}