{"id":1230,"date":"2023-10-24T22:17:54","date_gmt":"2023-10-24T22:17:54","guid":{"rendered":"https:\/\/dev.objektmobiliar.ch\/?page_id=1230"},"modified":"2023-12-04T11:34:05","modified_gmt":"2023-12-04T11:34:05","slug":"ozg-healthcare","status":"publish","type":"page","link":"https:\/\/objektmobiliar.ch\/fr\/ueber-uns\/ozg-healthcare\/","title":{"rendered":"OZG Healthcare"},"content":{"rendered":"<div class=\"lazyblock-bildslider-fullsize-ozg-2eJxlf wp-block-lazyblock-bildslider-fullsize-ozg\"><section class=\"sct nopadding\">\r\n      <div data-delay=\"9000\" data-animation=\"fade\" class=\"elmnt-homeslider w-slider\" data-autoplay=\"true\" data-easing=\"linear\" data-hide-arrows=\"false\" data-disable-swipe=\"true\" data-autoplay-limit=\"0\" data-nav-spacing=\"3\" data-duration=\"2000\" data-infinite=\"true\">\r\n        \r\n      <div class=\"visual-homeslider\" ><\/div>\r\n        \r\n       <div class=\"w-slider-mask\">\r\n          <div class=\"homeslider-slide w-slide\">\r\n            <div class=\"homeslider-img\"><img decoding=\"async\" src=\"https:\/\/objektmobiliar.ch\/wp-content\/uploads\/2023\/10\/healthcare-header-1.jpg\" loading=\"eager\" alt=\"\"><\/div>\r\n          <\/div>\r\n        <\/div>\r\n        <div class=\"hidden w-slider-arrow-left\">\r\n          <div class=\"w-icon-slider-left\"><\/div>\r\n        <\/div>\r\n        <div class=\"hidden w-slider-arrow-right\">\r\n          <div class=\"w-icon-slider-right\"><\/div>\r\n        <\/div>\r\n        <div class=\"hidden w-slider-nav\"><\/div>\r\n      <\/div>\r\n    <\/section><\/div>\n\n<div class=\"lazyblock-text-modul-ozg-1BgCJa wp-block-lazyblock-text-modul-ozg\"><section class=\"sct\">\r\n      <div class=\"cnt narrow\">\r\n        <div class=\"w-richtext\">\r\n            <h1>OZG Healthcare<\/h1>\n<h2>Votre fournisseur de services complets pour les \u00e9tablissements de soins<\/h2>\n<p>Nos clients se distinguent tous par une chose : Ils se soucient chaque jour du bien-\u00eatre des personnes d\u00e9pendantes. Nous savons \u00e0 quel point il est important d'avoir les bonnes installations pour cela. Dans cette optique, nos sp\u00e9cialistes comp\u00e9tents conseillent et servent les maisons de retraite et de soins, les h\u00f4pitaux et les cliniques de mani\u00e8re comp\u00e9tente et d\u00e9taill\u00e9e, afin que vous fassiez le bon choix en mati\u00e8re de produits.<\/p>\r\n        <\/div>\r\n      <\/div>\r\n    <\/section><\/div>\n\n<div class=\"lazyblock-text-bild-modul-ozg-24TFmf wp-block-lazyblock-text-bild-modul-ozg\"><section class=\"sct\">\r\n      <div class=\"cnt semi\">\r\n        <div class=\"w-richtext\">\r\n              \r\n        <\/div>\r\n        <div class=\"elmnt-txtimg  color\" style=\"background-color: #f1f3f9;\">\r\n          <div class=\"txtimg-txt\">\r\n            <div class=\"w-richtext\">\r\n              <h2>6 raisons de choisir OZG<\/h2>\n<ol>\n<li>Nous sommes sp\u00e9cialis\u00e9s dans les \u00e9tablissements de soins \u00e0 100%<\/li>\n<li>Nous vous accompagnons de la premi\u00e8re id\u00e9e \u00e0 la r\u00e9alisation du projet, en passant par la conception de l'espace et l'am\u00e9nagement du mobilier.<\/li>\n<li>Nous tenons compte de vos souhaits individuels : tous les meubles peuvent \u00eatre configur\u00e9s selon vos indications.<\/li>\n<li>Nous connaissons les exigences et les besoins des personnes d\u00e9pendantes en mati\u00e8re d'am\u00e9nagement et de mobilier.<\/li>\n<li>Nous suivons la devise \"we care more\" et proposons des solutions pour l'entretien complet gr\u00e2ce \u00e0 des conseils sur place, des produits de qualit\u00e9 et des d\u00e9lais de livraison plus rapides.<\/li>\n<li>Nous sommes d\u00e9j\u00e0 l'\u00e9quipementier de confiance de divers \u00e9tablissements de soins dans toute la Suisse.<\/li>\n<\/ol>\r\n            <\/div>\r\n            \r\n              <div><a href=\"https:\/\/objektmobiliar.ch\/fr\/references\/\" class=\"btn\" >Voir les r\u00e9f\u00e9rences<\/a><\/div>\r\n            \r\n          <\/div>\r\n          <div class=\"txtimg--img  color\">\r\n            <div class=\"txtimg--skew\">\r\n              <div class=\"txtimg--backskew\">\r\n                <div class=\"txtimg-bgimg\" style=\"background-image: url('https:\/\/objektmobiliar.ch\/wp-content\/uploads\/2023\/10\/gruende-fuer-ozg-e1698191252378.jpg');\"><\/div>\r\n              <\/div>\r\n            <\/div>\r\n          <\/div>\r\n        <\/div>\r\n      <\/div>\r\n    <\/section><\/div>\n\n<div class=\"lazyblock-text-modul-ozg-1svobY wp-block-lazyblock-text-modul-ozg\"><section class=\"sct\">\r\n      <div class=\"cnt narrow\">\r\n        <div class=\"w-richtext\">\r\n            <h2 style=\"text-align: center;\">\u00c0 propos de OZG Healthcare<\/h2>\n<p style=\"text-align: center;\">OZG Healthcare fait partie du groupe One Zurich AG et s'est \u00e9tabli comme fournisseur de solutions compl\u00e8tes pour les institutions de soins. Les avantages pour nos clients sont \u00e9vidents : un seul interlocuteur pour diff\u00e9rents produits et \u00e9tablissements offre de nombreux avantages qui augmentent consid\u00e9rablement l'efficacit\u00e9 de la gestion de projet et de l'approvisionnement et r\u00e9duisent les co\u00fbts. Notre exp\u00e9rience pratique et nos connaissances approfondies nous permettent d'apporter conseil et soutien lorsqu'il s'agit d'am\u00e9nager et d'\u00e9quiper des locaux adapt\u00e9s aux personnes \u00e2g\u00e9es et aux personnes d\u00e9pendantes. Les exigences sont \u00e9lev\u00e9es - contrairement \u00e0 l'am\u00e9nagement d'un b\u00e2timent commercial ou d'une unit\u00e9 d'habitation, il faut ici tenir compte d'aspects suppl\u00e9mentaires tr\u00e8s importants : la hauteur et la position des si\u00e8ges, les mat\u00e9riaux, la finition et l'interaction avec les \u00e9quipements de soins et m\u00e9dicaux doivent \u00eatre harmonis\u00e9s.<\/p>\r\n        <\/div>\r\n      <\/div>\r\n    <\/section><\/div>\n\n<div class=\"lazyblock-text-bild-modul-ozg-Z1wuneL wp-block-lazyblock-text-bild-modul-ozg\"><section class=\"sct\">\r\n      <div class=\"cnt semi\">\r\n        <div class=\"w-richtext\">\r\n              \r\n        <\/div>\r\n        <div class=\"elmnt-txtimg alt\" >\r\n          <div class=\"txtimg-txt\">\r\n            <div class=\"w-richtext\">\r\n              <h2>Visitez notre showroom<\/h2>\n<p>Dans notre showroom de Niederhasli ZH, les clients font des essais, v\u00e9rifient la facilit\u00e9 d'utilisation des armoires, choisissent les couleurs et testent la prise en main des mat\u00e9riaux. Ils y d\u00e9couvrent de pr\u00e8s l'\u00e9quipement complet et attrayant d'un \u00e9tablissement de soins ou d'un \u00e9tablissement pour personnes \u00e2g\u00e9es. De la conception de la salle de soins \u00e0 l'am\u00e9nagement des espaces de vie, en passant par la cr\u00e9ation de cuisines communes et de restaurants - des meubles attrayants et fonctionnels sont indispensables dans toute clinique, r\u00e9sidence ou centre pour personnes \u00e2g\u00e9es moderne. C'est en effet la seule fa\u00e7on de conf\u00e9rer \u00e0 ces \u00e9tablissements publics leur propre charme et leur caract\u00e8re r\u00e9sidentiel pour se sentir bien.<\/p>\r\n            <\/div>\r\n            \r\n            \r\n          <\/div>\r\n          <div class=\"txtimg--img alt\">\r\n            <div class=\"txtimg--skew alt\">\r\n              <div class=\"txtimg--backskew alt\">\r\n                <div class=\"txtimg-bgimg\" style=\"background-image: url('https:\/\/objektmobiliar.ch\/wp-content\/uploads\/2023\/12\/088_260A3118a.jpg');\"><\/div>\r\n              <\/div>\r\n            <\/div>\r\n          <\/div>\r\n        <\/div>\r\n      <\/div>\r\n    <\/section><\/div>\n\n<div class=\"lazyblock-text-bild-modul-ozg-ZDW3dV wp-block-lazyblock-text-bild-modul-ozg\"><section class=\"sct\">\r\n      <div class=\"cnt semi\">\r\n        <div class=\"w-richtext\">\r\n              \r\n        <\/div>\r\n        <div class=\"elmnt-txtimg\" >\r\n          <div class=\"txtimg-txt\">\r\n            <div class=\"w-richtext\">\r\n              <h2>Culture d'entreprise<\/h2>\n<p>Notre performance est optimis\u00e9e en permanence. Nos produits, nos syst\u00e8mes ainsi que nos processus de travail sont constamment revus, am\u00e9lior\u00e9s et \u00e9tendus dans tous les domaines. Afin de r\u00e9pondre aux exigences en constante \u00e9volution du march\u00e9 actuel, OZG Healthcare travaille toujours sur de nouvelles solutions et de nouveaux concepts.<\/p>\n<p>En tant que client, vous b\u00e9n\u00e9ficiez de conseils personnalis\u00e9s, d'un suivi individuel et d'un excellent service. Nous nous sommes donn\u00e9 pour mission de toujours proposer la meilleure solution \u00e0 nos clients, ind\u00e9pendamment de la situation du march\u00e9. Un bon service \u00e0 la client\u00e8le et une collaboration \u00e0 long terme sont tr\u00e8s importants pour nous, car nous ne sommes satisfaits que si vous l'\u00eates aussi.<\/p>\r\n            <\/div>\r\n            \r\n            \r\n          <\/div>\r\n          <div class=\"txtimg--img\">\r\n            <div class=\"txtimg--skew\">\r\n              <div class=\"txtimg--backskew\">\r\n                <div class=\"txtimg-bgimg\" style=\"background-image: url('https:\/\/objektmobiliar.ch\/wp-content\/uploads\/2023\/10\/healthcare-unternehmenskultur.jpg');\"><\/div>\r\n              <\/div>\r\n            <\/div>\r\n          <\/div>\r\n        <\/div>\r\n      <\/div>\r\n    <\/section><\/div>\n\n<div class=\"lazyblock-teaser-modul-ozg-Z2oInOL wp-block-lazyblock-teaser-modul-ozg\"><section class=\"sct\">\r\n  <div class=\"cnt semi\">\r\n    <div class=\"w-richtext\">\r\n        \r\n    <\/div>\r\n    <div class=\"box-pageteaser\">\r\n      \r\n      <div class=\"elmnt-pageteaser\" style=\"background-color: #dde7ef;\">\r\n        <div class=\"pageteaser-imgcnt\"><img decoding=\"async\" src=\"https:\/\/objektmobiliar.ch\/wp-content\/uploads\/2023\/10\/healthcare-header.jpg\" loading=\"lazy\" alt=\"\" class=\"pageteaser-img\"><\/div>\r\n        <div class=\"pageteaser-type\">\r\n          <div class=\"txt-pageteaser w-richtext\">\r\n            <h2>Histoire<\/h2>\n<p>CLINAID et SKANFORM, des noms connus depuis plus de 25 ans, sont membres fondateurs de la soci\u00e9t\u00e9 OZG AG depuis janvier 2011. Ils ont chang\u00e9 d'identit\u00e9 visuelle \u00e0 partir de septembre 2013 et s'appellent d\u00e9sormais OZG HEALTHCARE.<\/p>\r\n          <\/div>\r\n        <\/div>\r\n        <\/div>\r\n      <div class=\"elmnt-pageteaser\" style=\"background-color: #dde7ef;\">\r\n        <div class=\"pageteaser-imgcnt\"><img decoding=\"async\" src=\"https:\/\/objektmobiliar.ch\/wp-content\/uploads\/2023\/10\/260a9689.jpg\" loading=\"lazy\" alt=\"\" class=\"pageteaser-img\"><\/div>\r\n        <div class=\"pageteaser-type\">\r\n          <div class=\"txt-pageteaser w-richtext\">\r\n            <h2>Charte<\/h2>\n<p>Nous suivons la charte '<b>'<\/b><b>we<\/b><b> care <\/b><b>more<\/b><b>''<\/b>\u00a0et proposons des solutions pour l'entretien complet gr\u00e2ce au suivi des clients, aux conseils sur place, aux produits de qualit\u00e9 et aux d\u00e9lais de livraison plus rapides.<\/p>\r\n          <\/div>\r\n        <\/div>\r\n        <\/div>\r\n      <div class=\"elmnt-pageteaser\" style=\"background-color: ;\">\r\n        <div class=\"pageteaser-imgcnt\"><img decoding=\"async\" src=\"https:\/\/objektmobiliar.ch\/wp-content\/uploads\/2023\/10\/healthcare-vision.jpg\" loading=\"lazy\" alt=\"\" class=\"pageteaser-img\"><\/div>\r\n        <div class=\"pageteaser-type\">\r\n          <div class=\"txt-pageteaser w-richtext\">\r\n            <h2>Vision<\/h2>\n<p>Notre vision est d'\u00eatre le fournisseur pr\u00e9f\u00e9r\u00e9 du secteur des soins m\u00e9dicaux et des unit\u00e9s de soins, avec une gamme de produits d'une excellence incomparable et un service client\u00e8le irr\u00e9prochable.<\/p>\r\n          <\/div>\r\n        <\/div>\r\n        <\/div>\r\n      <div class=\"elmnt-pageteaser\" style=\"background-color: ;\">\r\n        <div class=\"pageteaser-imgcnt\"><img decoding=\"async\" src=\"https:\/\/objektmobiliar.ch\/wp-content\/uploads\/2023\/12\/073_260A2932a.jpg\" loading=\"lazy\" alt=\"\" class=\"pageteaser-img\"><\/div>\r\n        <div class=\"pageteaser-type\">\r\n          <div class=\"txt-pageteaser w-richtext\">\r\n            <h2>Service client\u00e8le<\/h2>\n<p>Des clients satisfaits sont le r\u00e9sultat d'une collaboration fructueuse et continue. Nos clients dans les \u00e9tablissements et les services de soins b\u00e9n\u00e9ficient d'une longue exp\u00e9rience, de conseils comp\u00e9tents et d'un service professionnel.<\/p>\r\n          <\/div>\r\n        <\/div>\r\n        <\/div>\r\n      \r\n    <\/div>\r\n    <div class=\"center\">\r\n    <\/div>\r\n  <\/div>\r\n<\/section><\/div>","protected":false},"excerpt":{"rendered":"<p>Nos clients se distinguent tous par une chose : Ils se soucient chaque jour du bien-\u00eatre des personnes d\u00e9pendantes. Nous savons \u00e0 quel point il est important d'avoir les bonnes installations pour cela.<\/p>","protected":false},"author":2,"featured_media":1231,"parent":1176,"menu_order":0,"comment_status":"closed","ping_status":"closed","template":"","meta":{"advgb_blocks_editor_width":"","advgb_blocks_columns_visual_guide":"","footnotes":""},"class_list":["post-1230","page","type-page","status-publish","has-post-thumbnail","hentry"],"yoast_head":"<!-- This site is optimized with the Yoast SEO plugin v27.4 - https:\/\/yoast.com\/product\/yoast-seo-wordpress\/ -->\n<title>OZG Healthcare - OZG HEALTHCARE<\/title>\n<meta name=\"robots\" content=\"index, follow, max-snippet:-1, max-image-preview:large, max-video-preview:-1\" \/>\n<link rel=\"canonical\" href=\"https:\/\/objektmobiliar.ch\/fr\/a-propos-de-nous\/ozg-healthcare\/\" \/>\n<meta property=\"og:locale\" content=\"fr_FR\" \/>\n<meta property=\"og:type\" content=\"article\" \/>\n<meta property=\"og:title\" content=\"OZG Healthcare - OZG HEALTHCARE\" \/>\n<meta property=\"og:description\" content=\"Unsere Kunden zeichnen sich alle durch eines aus: Sie sorgen sich t\u00e4glich um das Wohl pflegebed\u00fcrftiger Menschen. Wir wissen, wie wichtig die richtige Einrichtungen daf\u00fcr ist.\" \/>\n<meta property=\"og:url\" content=\"https:\/\/objektmobiliar.ch\/fr\/a-propos-de-nous\/ozg-healthcare\/\" \/>\n<meta property=\"og:site_name\" content=\"OZG HEALTHCARE\" \/>\n<meta property=\"article:modified_time\" content=\"2023-12-04T11:34:05+00:00\" \/>\n<meta property=\"og:image\" content=\"https:\/\/objektmobiliar.ch\/wp-content\/uploads\/2023\/10\/healthcare-header.jpg\" \/>\n\t<meta property=\"og:image:width\" content=\"1337\" \/>\n\t<meta property=\"og:image:height\" content=\"612\" \/>\n\t<meta property=\"og:image:type\" content=\"image\/jpeg\" \/>\n<meta name=\"twitter:card\" content=\"summary_large_image\" \/>\n<script type=\"application\/ld+json\" class=\"yoast-schema-graph\">{\"@context\":\"https:\\\/\\\/schema.org\",\"@graph\":[{\"@type\":\"WebPage\",\"@id\":\"https:\\\/\\\/objektmobiliar.ch\\\/ueber-uns\\\/ozg-healthcare\\\/\",\"url\":\"https:\\\/\\\/objektmobiliar.ch\\\/ueber-uns\\\/ozg-healthcare\\\/\",\"name\":\"OZG Healthcare - OZG HEALTHCARE\",\"isPartOf\":{\"@id\":\"https:\\\/\\\/objektmobiliar.ch\\\/#website\"},\"primaryImageOfPage\":{\"@id\":\"https:\\\/\\\/objektmobiliar.ch\\\/ueber-uns\\\/ozg-healthcare\\\/#primaryimage\"},\"image\":{\"@id\":\"https:\\\/\\\/objektmobiliar.ch\\\/ueber-uns\\\/ozg-healthcare\\\/#primaryimage\"},\"thumbnailUrl\":\"https:\\\/\\\/objektmobiliar.ch\\\/wp-content\\\/uploads\\\/2023\\\/10\\\/healthcare-header.jpg\",\"datePublished\":\"2023-10-24T22:17:54+00:00\",\"dateModified\":\"2023-12-04T11:34:05+00:00\",\"breadcrumb\":{\"@id\":\"https:\\\/\\\/objektmobiliar.ch\\\/ueber-uns\\\/ozg-healthcare\\\/#breadcrumb\"},\"inLanguage\":\"fr-FR\",\"potentialAction\":[{\"@type\":\"ReadAction\",\"target\":[\"https:\\\/\\\/objektmobiliar.ch\\\/ueber-uns\\\/ozg-healthcare\\\/\"]}]},{\"@type\":\"ImageObject\",\"inLanguage\":\"fr-FR\",\"@id\":\"https:\\\/\\\/objektmobiliar.ch\\\/ueber-uns\\\/ozg-healthcare\\\/#primaryimage\",\"url\":\"https:\\\/\\\/objektmobiliar.ch\\\/wp-content\\\/uploads\\\/2023\\\/10\\\/healthcare-header.jpg\",\"contentUrl\":\"https:\\\/\\\/objektmobiliar.ch\\\/wp-content\\\/uploads\\\/2023\\\/10\\\/healthcare-header.jpg\",\"width\":1337,\"height\":612},{\"@type\":\"BreadcrumbList\",\"@id\":\"https:\\\/\\\/objektmobiliar.ch\\\/ueber-uns\\\/ozg-healthcare\\\/#breadcrumb\",\"itemListElement\":[{\"@type\":\"ListItem\",\"position\":1,\"name\":\"Startseite\",\"item\":\"https:\\\/\\\/objektmobiliar.ch\\\/\"},{\"@type\":\"ListItem\",\"position\":2,\"name\":\"\u00dcber uns\",\"item\":\"https:\\\/\\\/objektmobiliar.ch\\\/ueber-uns\\\/\"},{\"@type\":\"ListItem\",\"position\":3,\"name\":\"OZG Healthcare\"}]},{\"@type\":\"WebSite\",\"@id\":\"https:\\\/\\\/objektmobiliar.ch\\\/#website\",\"url\":\"https:\\\/\\\/objektmobiliar.ch\\\/\",\"name\":\"OZG HEALTHCARE\",\"description\":\"Objektmobiliar f\u00fcr Pflege, B\u00fcro, Praxis &amp; Hotellerie\",\"potentialAction\":[{\"@type\":\"SearchAction\",\"target\":{\"@type\":\"EntryPoint\",\"urlTemplate\":\"https:\\\/\\\/objektmobiliar.ch\\\/?s={search_term_string}\"},\"query-input\":{\"@type\":\"PropertyValueSpecification\",\"valueRequired\":true,\"valueName\":\"search_term_string\"}}],\"inLanguage\":\"fr-FR\"}]}<\/script>\n<!-- \/ Yoast SEO plugin. -->","yoast_head_json":{"title":"OZG Healthcare - OZG HEALTHCARE","robots":{"index":"index","follow":"follow","max-snippet":"max-snippet:-1","max-image-preview":"max-image-preview:large","max-video-preview":"max-video-preview:-1"},"canonical":"https:\/\/objektmobiliar.ch\/fr\/a-propos-de-nous\/ozg-healthcare\/","og_locale":"fr_FR","og_type":"article","og_title":"OZG Healthcare - OZG HEALTHCARE","og_description":"Unsere Kunden zeichnen sich alle durch eines aus: Sie sorgen sich t\u00e4glich um das Wohl pflegebed\u00fcrftiger Menschen. Wir wissen, wie wichtig die richtige Einrichtungen daf\u00fcr ist.","og_url":"https:\/\/objektmobiliar.ch\/fr\/a-propos-de-nous\/ozg-healthcare\/","og_site_name":"OZG HEALTHCARE","article_modified_time":"2023-12-04T11:34:05+00:00","og_image":[{"width":1337,"height":612,"url":"https:\/\/objektmobiliar.ch\/wp-content\/uploads\/2023\/10\/healthcare-header.jpg","type":"image\/jpeg"}],"twitter_card":"summary_large_image","schema":{"@context":"https:\/\/schema.org","@graph":[{"@type":"WebPage","@id":"https:\/\/objektmobiliar.ch\/ueber-uns\/ozg-healthcare\/","url":"https:\/\/objektmobiliar.ch\/ueber-uns\/ozg-healthcare\/","name":"OZG Healthcare - OZG HEALTHCARE","isPartOf":{"@id":"https:\/\/objektmobiliar.ch\/#website"},"primaryImageOfPage":{"@id":"https:\/\/objektmobiliar.ch\/ueber-uns\/ozg-healthcare\/#primaryimage"},"image":{"@id":"https:\/\/objektmobiliar.ch\/ueber-uns\/ozg-healthcare\/#primaryimage"},"thumbnailUrl":"https:\/\/objektmobiliar.ch\/wp-content\/uploads\/2023\/10\/healthcare-header.jpg","datePublished":"2023-10-24T22:17:54+00:00","dateModified":"2023-12-04T11:34:05+00:00","breadcrumb":{"@id":"https:\/\/objektmobiliar.ch\/ueber-uns\/ozg-healthcare\/#breadcrumb"},"inLanguage":"fr-FR","potentialAction":[{"@type":"ReadAction","target":["https:\/\/objektmobiliar.ch\/ueber-uns\/ozg-healthcare\/"]}]},{"@type":"ImageObject","inLanguage":"fr-FR","@id":"https:\/\/objektmobiliar.ch\/ueber-uns\/ozg-healthcare\/#primaryimage","url":"https:\/\/objektmobiliar.ch\/wp-content\/uploads\/2023\/10\/healthcare-header.jpg","contentUrl":"https:\/\/objektmobiliar.ch\/wp-content\/uploads\/2023\/10\/healthcare-header.jpg","width":1337,"height":612},{"@type":"BreadcrumbList","@id":"https:\/\/objektmobiliar.ch\/ueber-uns\/ozg-healthcare\/#breadcrumb","itemListElement":[{"@type":"ListItem","position":1,"name":"Startseite","item":"https:\/\/objektmobiliar.ch\/"},{"@type":"ListItem","position":2,"name":"\u00dcber uns","item":"https:\/\/objektmobiliar.ch\/ueber-uns\/"},{"@type":"ListItem","position":3,"name":"OZG Healthcare"}]},{"@type":"WebSite","@id":"https:\/\/objektmobiliar.ch\/#website","url":"https:\/\/objektmobiliar.ch\/","name":"OZG HEALTHCARE","description":"Mobilier de collectivit\u00e9 pour les soins, les bureaux, les cabinets m\u00e9dicaux et l'h\u00f4tellerie","potentialAction":[{"@type":"SearchAction","target":{"@type":"EntryPoint","urlTemplate":"https:\/\/objektmobiliar.ch\/?s={search_term_string}"},"query-input":{"@type":"PropertyValueSpecification","valueRequired":true,"valueName":"search_term_string"}}],"inLanguage":"fr-FR"}]}},"coauthors":[],"author_meta":{"author_link":"https:\/\/objektmobiliar.ch\/fr\/author\/alex\/","display_name":"Alex"},"relative_dates":{"created":"Publi\u00e9 2 ans il y a","modified":"Mis \u00e0 jour 2 ans il y a"},"absolute_dates":{"created":"Publi\u00e9 le octobre 24, 2023","modified":"Mise \u00e0 jour le d\u00e9cembre 4, 2023"},"absolute_dates_time":{"created":"Publi\u00e9 le octobre 24, 2023 10:17 pm","modified":"Mise \u00e0 jour le d\u00e9cembre 4, 2023 11:34 am"},"featured_img_caption":"","featured_img":"https:\/\/objektmobiliar.ch\/wp-content\/uploads\/2023\/10\/healthcare-header-825x510.jpg","series_order":"","_links":{"self":[{"href":"https:\/\/objektmobiliar.ch\/fr\/wp-json\/wp\/v2\/pages\/1230","targetHints":{"allow":["GET"]}}],"collection":[{"href":"https:\/\/objektmobiliar.ch\/fr\/wp-json\/wp\/v2\/pages"}],"about":[{"href":"https:\/\/objektmobiliar.ch\/fr\/wp-json\/wp\/v2\/types\/page"}],"author":[{"embeddable":true,"href":"https:\/\/objektmobiliar.ch\/fr\/wp-json\/wp\/v2\/users\/2"}],"replies":[{"embeddable":true,"href":"https:\/\/objektmobiliar.ch\/fr\/wp-json\/wp\/v2\/comments?post=1230"}],"version-history":[{"count":14,"href":"https:\/\/objektmobiliar.ch\/fr\/wp-json\/wp\/v2\/pages\/1230\/revisions"}],"predecessor-version":[{"id":2750,"href":"https:\/\/objektmobiliar.ch\/fr\/wp-json\/wp\/v2\/pages\/1230\/revisions\/2750"}],"up":[{"embeddable":true,"href":"https:\/\/objektmobiliar.ch\/fr\/wp-json\/wp\/v2\/pages\/1176"}],"wp:featuredmedia":[{"embeddable":true,"href":"https:\/\/objektmobiliar.ch\/fr\/wp-json\/wp\/v2\/media\/1231"}],"wp:attachment":[{"href":"https:\/\/objektmobiliar.ch\/fr\/wp-json\/wp\/v2\/media?parent=1230"}],"curies":[{"name":"wp","href":"https:\/\/api.w.org\/{rel}","templated":true}]}}