{"id":1211,"date":"2023-10-24T21:53:39","date_gmt":"2023-10-24T21:53:39","guid":{"rendered":"https:\/\/dev.objektmobiliar.ch\/?page_id=1211"},"modified":"2023-11-13T23:05:21","modified_gmt":"2023-11-13T23:05:21","slug":"service","status":"publish","type":"page","link":"https:\/\/objektmobiliar.ch\/fr\/ueber-uns\/service\/","title":{"rendered":"Service"},"content":{"rendered":"<div class=\"lazyblock-bildslider-fullsize-ozg-1Qy3fo wp-block-lazyblock-bildslider-fullsize-ozg\"><section class=\"sct nopadding\">\r\n      <div data-delay=\"9000\" data-animation=\"fade\" class=\"elmnt-homeslider w-slider\" data-autoplay=\"true\" data-easing=\"linear\" data-hide-arrows=\"false\" data-disable-swipe=\"true\" data-autoplay-limit=\"0\" data-nav-spacing=\"3\" data-duration=\"2000\" data-infinite=\"true\">\r\n        \r\n      <div class=\"visual-homeslider\" ><\/div>\r\n        \r\n       <div class=\"w-slider-mask\">\r\n          <div class=\"homeslider-slide w-slide\">\r\n            <div class=\"homeslider-img\"><img decoding=\"async\" src=\"https:\/\/objektmobiliar.ch\/wp-content\/uploads\/2023\/10\/service-header-1.jpg\" loading=\"eager\" alt=\"\"><\/div>\r\n          <\/div>\r\n        <\/div>\r\n        <div class=\"hidden w-slider-arrow-left\">\r\n          <div class=\"w-icon-slider-left\"><\/div>\r\n        <\/div>\r\n        <div class=\"hidden w-slider-arrow-right\">\r\n          <div class=\"w-icon-slider-right\"><\/div>\r\n        <\/div>\r\n        <div class=\"hidden w-slider-nav\"><\/div>\r\n      <\/div>\r\n    <\/section><\/div>\n\n<div class=\"lazyblock-text-modul-ozg-Z2jNlvL wp-block-lazyblock-text-modul-ozg\"><section class=\"sct\">\r\n      <div class=\"cnt narrow\">\r\n        <div class=\"w-richtext\">\r\n            <h1>Services<\/h1>\n<h2>Service, conseil, soutien de projet, planification, livraison<\/h2>\n<p>OZG - \u00e0 votre service \u00e0 chaque \u00e9tape ! Chez OZG, nous vous accompagnons de la premi\u00e8re id\u00e9e \u00e0 la r\u00e9alisation finale. Nos experts concilient vos souhaits avec les exigences l\u00e9gales des autorit\u00e9s et des services publics, vous conseillent sur la conception, les mod\u00e8les de meubles adapt\u00e9s et les mat\u00e9riaux appropri\u00e9s. Jusqu'\u00e0 la livraison, vous n'avez plus qu'\u00e0 vous d\u00e9tendre. Nous nous chargeons de la fabrication de vos meubles, nous veillons \u00e0 ce que les d\u00e9lais soient parfaitement respect\u00e9s et, si n\u00e9cessaire, nous assurons la coordination avec les planificateurs et les autres personnes impliqu\u00e9es. Apr\u00e8s la livraison des meubles, nous sommes \u00e0 vos c\u00f4t\u00e9s pour l'installation dans l'\u00e9tablissement de soins, nous vous conseillons sur le nettoyage et l'entretien. Si des questions se posent pendant l'utilisation ou si vous avez besoin de meubles de remplacement, nous serons ravis d'avoir un prochain contact avec vous.<\/p>\r\n        <\/div>\r\n      <\/div>\r\n    <\/section><\/div>\n\n<div class=\"lazyblock-text-modul-ozg-Z8eThf wp-block-lazyblock-text-modul-ozg\"><section class=\"sct\">\r\n      <div class=\"cnt semi\">\r\n        <div class=\"w-richtext\">\r\n            <p><img loading=\"lazy\" decoding=\"async\" class=\"alignnone size-full wp-image-1215\" src=\"https:\/\/objektmobiliar.ch\/wp-content\/uploads\/2023\/10\/1-1536x544-1.jpg\" alt=\"\" width=\"1536\" height=\"544\" srcset=\"https:\/\/objektmobiliar.ch\/wp-content\/uploads\/2023\/10\/1-1536x544-1.jpg 1536w, https:\/\/objektmobiliar.ch\/wp-content\/uploads\/2023\/10\/1-1536x544-1-800x283.jpg 800w, https:\/\/objektmobiliar.ch\/wp-content\/uploads\/2023\/10\/1-1536x544-1-768x272.jpg 768w\" sizes=\"auto, (max-width: 1536px) 100vw, 1536px\" \/><\/p>\n<p><img loading=\"lazy\" decoding=\"async\" class=\"alignnone size-full wp-image-1213\" src=\"https:\/\/objektmobiliar.ch\/wp-content\/uploads\/2023\/10\/2-1536x544-1.jpg\" alt=\"\" width=\"1536\" height=\"544\" srcset=\"https:\/\/objektmobiliar.ch\/wp-content\/uploads\/2023\/10\/2-1536x544-1.jpg 1536w, https:\/\/objektmobiliar.ch\/wp-content\/uploads\/2023\/10\/2-1536x544-1-800x283.jpg 800w, https:\/\/objektmobiliar.ch\/wp-content\/uploads\/2023\/10\/2-1536x544-1-768x272.jpg 768w\" sizes=\"auto, (max-width: 1536px) 100vw, 1536px\" \/><\/p>\n<p><img loading=\"lazy\" decoding=\"async\" class=\"alignnone size-full wp-image-1214\" src=\"https:\/\/objektmobiliar.ch\/wp-content\/uploads\/2023\/10\/3-1536x544-1.jpg\" alt=\"\" width=\"1536\" height=\"544\" srcset=\"https:\/\/objektmobiliar.ch\/wp-content\/uploads\/2023\/10\/3-1536x544-1.jpg 1536w, https:\/\/objektmobiliar.ch\/wp-content\/uploads\/2023\/10\/3-1536x544-1-800x283.jpg 800w, https:\/\/objektmobiliar.ch\/wp-content\/uploads\/2023\/10\/3-1536x544-1-768x272.jpg 768w\" sizes=\"auto, (max-width: 1536px) 100vw, 1536px\" \/><\/p>\r\n        <\/div>\r\n      <\/div>\r\n    <\/section><\/div>\n\n<div class=\"lazyblock-text-bild-modul-ozg-2d8xbv wp-block-lazyblock-text-bild-modul-ozg\"><section class=\"sct\">\r\n      <div class=\"cnt narrow\">\r\n        <div class=\"w-richtext\">\r\n              \r\n        <\/div>\r\n        <div class=\"elmnt-txtimg alt\" >\r\n          <div class=\"txtimg-txt\">\r\n            <div class=\"w-richtext\">\r\n              <h2>Conseil personnalis\u00e9<\/h2>\n<p>Nous nous ferons un plaisir de vous conseiller sur place sur les mesures les plus adapt\u00e9es \u00e0 vos besoins et de d\u00e9velopper des solutions individuelles pour vous et votre projet. N'h\u00e9sitez pas \u00e0 nous contacter !<\/p>\r\n            <\/div>\r\n            \r\n            \r\n          <\/div>\r\n          <div class=\"txtimg--img alt\">\r\n            <div class=\"txtimg--skew alt\">\r\n              <div class=\"txtimg--backskew alt\">\r\n                <div class=\"txtimg-bgimg\" style=\"background-image: url('https:\/\/objektmobiliar.ch\/wp-content\/uploads\/2023\/10\/persnliche-beratung-objektmobiliar-ozg-ag-s.jpg');\"><\/div>\r\n              <\/div>\r\n            <\/div>\r\n          <\/div>\r\n        <\/div>\r\n      <\/div>\r\n    <\/section><\/div>\n\n<div class=\"lazyblock-text-bild-modul-ozg-14rIp3 wp-block-lazyblock-text-bild-modul-ozg\"><section class=\"sct\">\r\n      <div class=\"cnt narrow\">\r\n        <div class=\"w-richtext\">\r\n              \r\n        <\/div>\r\n        <div class=\"elmnt-txtimg\" >\r\n          <div class=\"txtimg-txt\">\r\n            <div class=\"w-richtext\">\r\n              <h2>Planification et conception<\/h2>\n<p>Du plus petit d\u00e9tail, jusqu'\u00e0 la grande image d'ensemble. Nous nous occupons de la planification et de la conception de votre projet.<\/p>\r\n            <\/div>\r\n            \r\n            \r\n          <\/div>\r\n          <div class=\"txtimg--img\">\r\n            <div class=\"txtimg--skew\">\r\n              <div class=\"txtimg--backskew\">\r\n                <div class=\"txtimg-bgimg\" style=\"background-image: url('https:\/\/objektmobiliar.ch\/wp-content\/uploads\/2023\/10\/beratung-und-konzeption-dienstleitungen-objektmobiliar-ozg-healthcare.jpg');\"><\/div>\r\n              <\/div>\r\n            <\/div>\r\n          <\/div>\r\n        <\/div>\r\n      <\/div>\r\n    <\/section><\/div>\n\n<div class=\"lazyblock-text-bild-modul-ozg-ZCST4O wp-block-lazyblock-text-bild-modul-ozg\"><section class=\"sct\">\r\n      <div class=\"cnt narrow\">\r\n        <div class=\"w-richtext\">\r\n              \r\n        <\/div>\r\n        <div class=\"elmnt-txtimg alt\" >\r\n          <div class=\"txtimg-txt\">\r\n            <div class=\"w-richtext\">\r\n              <h2>Production \u00e0 la demande<\/h2>\n<p>Fabriqu\u00e9 sur mesure et personnalis\u00e9. Nous produisons pour vous selon vos souhaits afin d'obtenir le meilleur r\u00e9sultat possible pour vous.<\/p>\r\n            <\/div>\r\n            \r\n            \r\n          <\/div>\r\n          <div class=\"txtimg--img alt\">\r\n            <div class=\"txtimg--skew alt\">\r\n              <div class=\"txtimg--backskew alt\">\r\n                <div class=\"txtimg-bgimg\" style=\"background-image: url('https:\/\/objektmobiliar.ch\/wp-content\/uploads\/2023\/10\/produktion-nach-wunschobjektmobiliar-ozg-ag.jpg');\"><\/div>\r\n              <\/div>\r\n            <\/div>\r\n          <\/div>\r\n        <\/div>\r\n      <\/div>\r\n    <\/section><\/div>\n\n<div class=\"lazyblock-text-bild-modul-ozg-ZxuqAn wp-block-lazyblock-text-bild-modul-ozg\"><section class=\"sct\">\r\n      <div class=\"cnt narrow\">\r\n        <div class=\"w-richtext\">\r\n              \r\n        <\/div>\r\n        <div class=\"elmnt-txtimg\" >\r\n          <div class=\"txtimg-txt\">\r\n            <div class=\"w-richtext\">\r\n              <h2>Montage sur mesure<\/h2>\n<p>Notre \u00e9quipe de service exp\u00e9riment\u00e9e et sympathique veille \u00e0 ce que le mobilier soit install\u00e9 dans les r\u00e8gles de l'art.<\/p>\r\n            <\/div>\r\n            \r\n            \r\n          <\/div>\r\n          <div class=\"txtimg--img\">\r\n            <div class=\"txtimg--skew\">\r\n              <div class=\"txtimg--backskew\">\r\n                <div class=\"txtimg-bgimg\" style=\"background-image: url('https:\/\/objektmobiliar.ch\/wp-content\/uploads\/2023\/10\/einbau_nach_mass-objektmobiliar.jpg');\"><\/div>\r\n              <\/div>\r\n            <\/div>\r\n          <\/div>\r\n        <\/div>\r\n      <\/div>\r\n    <\/section><\/div>\n\n<div class=\"lazyblock-text-modul-ozg-ZQ6B1a wp-block-lazyblock-text-modul-ozg\"><section class=\"sct\">\r\n      <div class=\"cnt semi\">\r\n        <div class=\"w-richtext\">\r\n            \r\n        <\/div>\r\n            <div class=\"center\"><a href=\"https:\/\/objektmobiliar.ch\/fr\/contact\/\" class=\"btn\" >Vers le contact<\/a><\/div>\r\n      <\/div>\r\n    <\/section><\/div>","protected":false},"excerpt":{"rendered":"<p>Chez OZG, nous vous accompagnons de la premi\u00e8re id\u00e9e \u00e0 la r\u00e9alisation finale. Nos experts concilient vos souhaits avec les exigences l\u00e9gales des autorit\u00e9s et des administrations, vous conseillent sur la conception, les mod\u00e8les de meubles adapt\u00e9s et les mat\u00e9riaux appropri\u00e9s.<\/p>","protected":false},"author":2,"featured_media":1295,"parent":1176,"menu_order":0,"comment_status":"closed","ping_status":"closed","template":"","meta":{"advgb_blocks_editor_width":"","advgb_blocks_columns_visual_guide":"","footnotes":""},"class_list":["post-1211","page","type-page","status-publish","has-post-thumbnail","hentry"],"yoast_head":"<!-- This site is optimized with the Yoast SEO plugin v27.4 - https:\/\/yoast.com\/product\/yoast-seo-wordpress\/ -->\n<title>Service - OZG HEALTHCARE<\/title>\n<meta name=\"robots\" content=\"index, follow, max-snippet:-1, max-image-preview:large, max-video-preview:-1\" \/>\n<link rel=\"canonical\" href=\"https:\/\/objektmobiliar.ch\/fr\/a-propos-de-nous\/service\/\" \/>\n<meta property=\"og:locale\" content=\"fr_FR\" \/>\n<meta property=\"og:type\" content=\"article\" \/>\n<meta property=\"og:title\" content=\"Service - OZG HEALTHCARE\" \/>\n<meta property=\"og:description\" content=\"Wir von OZG begleiten Sie von der ersten Idee bis zur finalen Realisierung. Unsere Experten bringen Ihre W\u00fcnsche mit den rechtlichen Vorgaben von Beh\u00f6rden und \u00c4mtern in Einklang, beraten Sie bei der Gestaltung, zu passenden M\u00f6belmodellen und geeigneten Materialien.\" \/>\n<meta property=\"og:url\" content=\"https:\/\/objektmobiliar.ch\/fr\/a-propos-de-nous\/service\/\" \/>\n<meta property=\"og:site_name\" content=\"OZG HEALTHCARE\" \/>\n<meta property=\"article:modified_time\" content=\"2023-11-13T23:05:21+00:00\" \/>\n<meta property=\"og:image\" content=\"https:\/\/objektmobiliar.ch\/wp-content\/uploads\/2023\/10\/service-header-1.jpg\" \/>\n\t<meta property=\"og:image:width\" content=\"2400\" \/>\n\t<meta property=\"og:image:height\" content=\"1274\" \/>\n\t<meta property=\"og:image:type\" content=\"image\/jpeg\" \/>\n<meta name=\"twitter:card\" content=\"summary_large_image\" \/>\n<script type=\"application\/ld+json\" class=\"yoast-schema-graph\">{\"@context\":\"https:\\\/\\\/schema.org\",\"@graph\":[{\"@type\":\"WebPage\",\"@id\":\"https:\\\/\\\/objektmobiliar.ch\\\/ueber-uns\\\/service\\\/\",\"url\":\"https:\\\/\\\/objektmobiliar.ch\\\/ueber-uns\\\/service\\\/\",\"name\":\"Service - OZG HEALTHCARE\",\"isPartOf\":{\"@id\":\"https:\\\/\\\/objektmobiliar.ch\\\/#website\"},\"primaryImageOfPage\":{\"@id\":\"https:\\\/\\\/objektmobiliar.ch\\\/ueber-uns\\\/service\\\/#primaryimage\"},\"image\":{\"@id\":\"https:\\\/\\\/objektmobiliar.ch\\\/ueber-uns\\\/service\\\/#primaryimage\"},\"thumbnailUrl\":\"https:\\\/\\\/objektmobiliar.ch\\\/wp-content\\\/uploads\\\/2023\\\/10\\\/service-header-1.jpg\",\"datePublished\":\"2023-10-24T21:53:39+00:00\",\"dateModified\":\"2023-11-13T23:05:21+00:00\",\"breadcrumb\":{\"@id\":\"https:\\\/\\\/objektmobiliar.ch\\\/ueber-uns\\\/service\\\/#breadcrumb\"},\"inLanguage\":\"fr-FR\",\"potentialAction\":[{\"@type\":\"ReadAction\",\"target\":[\"https:\\\/\\\/objektmobiliar.ch\\\/ueber-uns\\\/service\\\/\"]}]},{\"@type\":\"ImageObject\",\"inLanguage\":\"fr-FR\",\"@id\":\"https:\\\/\\\/objektmobiliar.ch\\\/ueber-uns\\\/service\\\/#primaryimage\",\"url\":\"https:\\\/\\\/objektmobiliar.ch\\\/wp-content\\\/uploads\\\/2023\\\/10\\\/service-header-1.jpg\",\"contentUrl\":\"https:\\\/\\\/objektmobiliar.ch\\\/wp-content\\\/uploads\\\/2023\\\/10\\\/service-header-1.jpg\",\"width\":2400,\"height\":1274},{\"@type\":\"BreadcrumbList\",\"@id\":\"https:\\\/\\\/objektmobiliar.ch\\\/ueber-uns\\\/service\\\/#breadcrumb\",\"itemListElement\":[{\"@type\":\"ListItem\",\"position\":1,\"name\":\"Startseite\",\"item\":\"https:\\\/\\\/objektmobiliar.ch\\\/\"},{\"@type\":\"ListItem\",\"position\":2,\"name\":\"\u00dcber uns\",\"item\":\"https:\\\/\\\/objektmobiliar.ch\\\/ueber-uns\\\/\"},{\"@type\":\"ListItem\",\"position\":3,\"name\":\"Service\"}]},{\"@type\":\"WebSite\",\"@id\":\"https:\\\/\\\/objektmobiliar.ch\\\/#website\",\"url\":\"https:\\\/\\\/objektmobiliar.ch\\\/\",\"name\":\"OZG HEALTHCARE\",\"description\":\"Objektmobiliar f\u00fcr Pflege, B\u00fcro, Praxis &amp; Hotellerie\",\"potentialAction\":[{\"@type\":\"SearchAction\",\"target\":{\"@type\":\"EntryPoint\",\"urlTemplate\":\"https:\\\/\\\/objektmobiliar.ch\\\/?s={search_term_string}\"},\"query-input\":{\"@type\":\"PropertyValueSpecification\",\"valueRequired\":true,\"valueName\":\"search_term_string\"}}],\"inLanguage\":\"fr-FR\"}]}<\/script>\n<!-- \/ Yoast SEO plugin. -->","yoast_head_json":{"title":"Service - OZG HEALTHCARE","robots":{"index":"index","follow":"follow","max-snippet":"max-snippet:-1","max-image-preview":"max-image-preview:large","max-video-preview":"max-video-preview:-1"},"canonical":"https:\/\/objektmobiliar.ch\/fr\/a-propos-de-nous\/service\/","og_locale":"fr_FR","og_type":"article","og_title":"Service - OZG HEALTHCARE","og_description":"Wir von OZG begleiten Sie von der ersten Idee bis zur finalen Realisierung. Unsere Experten bringen Ihre W\u00fcnsche mit den rechtlichen Vorgaben von Beh\u00f6rden und \u00c4mtern in Einklang, beraten Sie bei der Gestaltung, zu passenden M\u00f6belmodellen und geeigneten Materialien.","og_url":"https:\/\/objektmobiliar.ch\/fr\/a-propos-de-nous\/service\/","og_site_name":"OZG HEALTHCARE","article_modified_time":"2023-11-13T23:05:21+00:00","og_image":[{"width":2400,"height":1274,"url":"https:\/\/objektmobiliar.ch\/wp-content\/uploads\/2023\/10\/service-header-1.jpg","type":"image\/jpeg"}],"twitter_card":"summary_large_image","schema":{"@context":"https:\/\/schema.org","@graph":[{"@type":"WebPage","@id":"https:\/\/objektmobiliar.ch\/ueber-uns\/service\/","url":"https:\/\/objektmobiliar.ch\/ueber-uns\/service\/","name":"Service - OZG HEALTHCARE","isPartOf":{"@id":"https:\/\/objektmobiliar.ch\/#website"},"primaryImageOfPage":{"@id":"https:\/\/objektmobiliar.ch\/ueber-uns\/service\/#primaryimage"},"image":{"@id":"https:\/\/objektmobiliar.ch\/ueber-uns\/service\/#primaryimage"},"thumbnailUrl":"https:\/\/objektmobiliar.ch\/wp-content\/uploads\/2023\/10\/service-header-1.jpg","datePublished":"2023-10-24T21:53:39+00:00","dateModified":"2023-11-13T23:05:21+00:00","breadcrumb":{"@id":"https:\/\/objektmobiliar.ch\/ueber-uns\/service\/#breadcrumb"},"inLanguage":"fr-FR","potentialAction":[{"@type":"ReadAction","target":["https:\/\/objektmobiliar.ch\/ueber-uns\/service\/"]}]},{"@type":"ImageObject","inLanguage":"fr-FR","@id":"https:\/\/objektmobiliar.ch\/ueber-uns\/service\/#primaryimage","url":"https:\/\/objektmobiliar.ch\/wp-content\/uploads\/2023\/10\/service-header-1.jpg","contentUrl":"https:\/\/objektmobiliar.ch\/wp-content\/uploads\/2023\/10\/service-header-1.jpg","width":2400,"height":1274},{"@type":"BreadcrumbList","@id":"https:\/\/objektmobiliar.ch\/ueber-uns\/service\/#breadcrumb","itemListElement":[{"@type":"ListItem","position":1,"name":"Startseite","item":"https:\/\/objektmobiliar.ch\/"},{"@type":"ListItem","position":2,"name":"\u00dcber uns","item":"https:\/\/objektmobiliar.ch\/ueber-uns\/"},{"@type":"ListItem","position":3,"name":"Service"}]},{"@type":"WebSite","@id":"https:\/\/objektmobiliar.ch\/#website","url":"https:\/\/objektmobiliar.ch\/","name":"OZG HEALTHCARE","description":"Mobilier de collectivit\u00e9 pour les soins, les bureaux, les cabinets m\u00e9dicaux et l'h\u00f4tellerie","potentialAction":[{"@type":"SearchAction","target":{"@type":"EntryPoint","urlTemplate":"https:\/\/objektmobiliar.ch\/?s={search_term_string}"},"query-input":{"@type":"PropertyValueSpecification","valueRequired":true,"valueName":"search_term_string"}}],"inLanguage":"fr-FR"}]}},"coauthors":[],"author_meta":{"author_link":"https:\/\/objektmobiliar.ch\/fr\/author\/alex\/","display_name":"Alex"},"relative_dates":{"created":"Publi\u00e9 2 ans il y a","modified":"Mis \u00e0 jour 2 ans il y a"},"absolute_dates":{"created":"Publi\u00e9 le octobre 24, 2023","modified":"Mise \u00e0 jour le novembre 13, 2023"},"absolute_dates_time":{"created":"Publi\u00e9 le octobre 24, 2023 9:53 pm","modified":"Mise \u00e0 jour le novembre 13, 2023 11:05 pm"},"featured_img_caption":"","featured_img":"https:\/\/objektmobiliar.ch\/wp-content\/uploads\/2023\/10\/service-header-1-825x510.jpg","series_order":"","_links":{"self":[{"href":"https:\/\/objektmobiliar.ch\/fr\/wp-json\/wp\/v2\/pages\/1211","targetHints":{"allow":["GET"]}}],"collection":[{"href":"https:\/\/objektmobiliar.ch\/fr\/wp-json\/wp\/v2\/pages"}],"about":[{"href":"https:\/\/objektmobiliar.ch\/fr\/wp-json\/wp\/v2\/types\/page"}],"author":[{"embeddable":true,"href":"https:\/\/objektmobiliar.ch\/fr\/wp-json\/wp\/v2\/users\/2"}],"replies":[{"embeddable":true,"href":"https:\/\/objektmobiliar.ch\/fr\/wp-json\/wp\/v2\/comments?post=1211"}],"version-history":[{"count":7,"href":"https:\/\/objektmobiliar.ch\/fr\/wp-json\/wp\/v2\/pages\/1211\/revisions"}],"predecessor-version":[{"id":2981,"href":"https:\/\/objektmobiliar.ch\/fr\/wp-json\/wp\/v2\/pages\/1211\/revisions\/2981"}],"up":[{"embeddable":true,"href":"https:\/\/objektmobiliar.ch\/fr\/wp-json\/wp\/v2\/pages\/1176"}],"wp:featuredmedia":[{"embeddable":true,"href":"https:\/\/objektmobiliar.ch\/fr\/wp-json\/wp\/v2\/media\/1295"}],"wp:attachment":[{"href":"https:\/\/objektmobiliar.ch\/fr\/wp-json\/wp\/v2\/media?parent=1211"}],"curies":[{"name":"wp","href":"https:\/\/api.w.org\/{rel}","templated":true}]}}