{"id":1198,"date":"2023-10-24T20:40:20","date_gmt":"2023-10-24T20:40:20","guid":{"rendered":"https:\/\/dev.objektmobiliar.ch\/?page_id=1198"},"modified":"2023-11-13T23:06:37","modified_gmt":"2023-11-13T23:06:37","slug":"durable-et-social","status":"publish","type":"page","link":"https:\/\/objektmobiliar.ch\/fr\/ueber-uns\/nachhaltig-und-sozial\/","title":{"rendered":"Durable et social"},"content":{"rendered":"<div class=\"lazyblock-bildslider-fullsize-ozg-Z1nqHaY wp-block-lazyblock-bildslider-fullsize-ozg\"><section class=\"sct nopadding\">\r\n      <div data-delay=\"9000\" data-animation=\"fade\" class=\"elmnt-homeslider w-slider\" data-autoplay=\"true\" data-easing=\"linear\" data-hide-arrows=\"false\" data-disable-swipe=\"true\" data-autoplay-limit=\"0\" data-nav-spacing=\"3\" data-duration=\"2000\" data-infinite=\"true\">\r\n        \r\n      <div class=\"visual-homeslider\" ><\/div>\r\n        \r\n       <div class=\"w-slider-mask\">\r\n          <div class=\"homeslider-slide w-slide\">\r\n            <div class=\"homeslider-img\"><img decoding=\"async\" src=\"https:\/\/objektmobiliar.ch\/wp-content\/uploads\/2023\/10\/nachhaltig-und-sozial.jpg\" loading=\"eager\" alt=\"\"><\/div>\r\n          <\/div>\r\n        <\/div>\r\n        <div class=\"hidden w-slider-arrow-left\">\r\n          <div class=\"w-icon-slider-left\"><\/div>\r\n        <\/div>\r\n        <div class=\"hidden w-slider-arrow-right\">\r\n          <div class=\"w-icon-slider-right\"><\/div>\r\n        <\/div>\r\n        <div class=\"hidden w-slider-nav\"><\/div>\r\n      <\/div>\r\n    <\/section><\/div>\n\n<div class=\"lazyblock-text-modul-ozg-1SKhxe wp-block-lazyblock-text-modul-ozg\"><section class=\"sct\">\r\n      <div class=\"cnt narrow\">\r\n        <div class=\"w-richtext\">\r\n            <h1>Durable &amp; socialement engag\u00e9 :<\/h1>\n<h2>Nous travaillons avec et pour les gens<\/h2>\n<p><strong>En tant qu'entreprise travaillant avec et pour des personnes, nous attachons une grande importance \u00e0 une utilisation responsable des ressources de notre plan\u00e8te. Cela implique une utilisation durable des mat\u00e9riaux et des mat\u00e9riels, ainsi que la sant\u00e9 et le bien-\u00eatre des personnes qui les manipulent.<\/strong><\/p>\r\n        <\/div>\r\n      <\/div>\r\n    <\/section><\/div>\n\n<div class=\"lazyblock-text-bild-modul-ozg-Z1rUr7h wp-block-lazyblock-text-bild-modul-ozg\"><section class=\"sct\">\r\n      <div class=\"cnt semi\">\r\n        <div class=\"w-richtext\">\r\n              \r\n        <\/div>\r\n        <div class=\"elmnt-txtimg alt\" >\r\n          <div class=\"txtimg-txt\">\r\n            <div class=\"w-richtext\">\r\n              <h2>Durabilit\u00e9<\/h2>\n<p>Nous reconnaissons le devoir de fournir un design exceptionnel et un service complet avec<\/p>\n<p>des pratiques environnementales responsables et \u00e9thiques. C'est pourquoi nous respectons et soutenons la gestion durable des for\u00eats. La pr\u00e9servation de notre environnement rel\u00e8ve de la responsabilit\u00e9 de chacun et nous apportons notre contribution en nous effor\u00e7ant de faire en sorte que tous nos produits en bois proviennent de for\u00eats g\u00e9r\u00e9es de mani\u00e8re durable. C'est pourquoi nous n'achetons, dans la mesure du possible, que des produits certifi\u00e9s en cons\u00e9quence pour la fabrication de notre mobilier de collectivit\u00e9 adapt\u00e9 \u00e0 nos besoins.<\/p>\n<p>Nos meubles sont fabriqu\u00e9s en Suisse et en Europe par diff\u00e9rentes usines et entreprises de menuiserie.<\/p>\r\n            <\/div>\r\n            \r\n            \r\n          <\/div>\r\n          <div class=\"txtimg--img alt\">\r\n            <div class=\"txtimg--skew alt\">\r\n              <div class=\"txtimg--backskew alt\">\r\n                <div class=\"txtimg-bgimg\" style=\"background-image: url('https:\/\/objektmobiliar.ch\/wp-content\/uploads\/2023\/10\/nachhaltigkeit.jpg');\"><\/div>\r\n              <\/div>\r\n            <\/div>\r\n          <\/div>\r\n        <\/div>\r\n      <\/div>\r\n    <\/section><\/div>\n\n<div class=\"lazyblock-text-modul-ozg-1MqmJd wp-block-lazyblock-text-modul-ozg\"><section class=\"sct\">\r\n      <div class=\"cnt narrow\">\r\n        <div class=\"w-richtext\">\r\n            <h2 style=\"text-align: center;\">Engagement social<\/h2>\n<p style=\"text-align: center;\">OZG travaille avec et pour les gens. Nous cr\u00e9ons une atmosph\u00e8re de vie et de travail adapt\u00e9e aux besoins, individuelle et esth\u00e9tique dans les \u00e9tablissements de soins. Au-del\u00e0 de notre domaine d'activit\u00e9, nous assumons une responsabilit\u00e9 sociale et voulons contribuer \u00e0 fa\u00e7onner notre monde de mani\u00e8re positive. C'est pourquoi nous nous engageons dans diff\u00e9rents projets sociaux en Suisse et dans le monde.<\/p>\r\n        <\/div>\r\n      <\/div>\r\n    <\/section><\/div>\n\n<div class=\"lazyblock-text-bild-modul-ozg-1SgvU5 wp-block-lazyblock-text-bild-modul-ozg\"><section class=\"sct\">\r\n      <div class=\"cnt narrow\">\r\n        <div class=\"w-richtext\">\r\n              \r\n        <\/div>\r\n        <div class=\"elmnt-txtimg\" >\r\n          <div class=\"txtimg-txt\">\r\n            <div class=\"w-richtext\">\r\n              <h2>Assistance dans le monde entier<\/h2>\n<p>Avec les moyens dont nous disposons, nous soutenons des \u0153uvres de bienfaisance dans les pays en d\u00e9veloppement. Ainsi, des meubles usag\u00e9s trouvent par exemple un nouveau champ d'action dans des h\u00f4pitaux, des cliniques et des foyers du tiers-monde. Si vous disposez d'une grande quantit\u00e9 de chaises, de tables ou d'autres meubles en bon \u00e9tat que vous souhaitez donner \u00e0 des pays du tiers-monde, il vous suffit de nous en faire la demande. Nous nous renseignerons sur les besoins actuels.<\/p>\r\n            <\/div>\r\n            \r\n            \r\n          <\/div>\r\n          <div class=\"txtimg--img\">\r\n            <div class=\"txtimg--skew\">\r\n              <div class=\"txtimg--backskew\">\r\n                <div class=\"txtimg-bgimg\" style=\"background-image: url('https:\/\/objektmobiliar.ch\/wp-content\/uploads\/2023\/10\/happy-e1698176819954.jpg');\"><\/div>\r\n              <\/div>\r\n            <\/div>\r\n          <\/div>\r\n        <\/div>\r\n      <\/div>\r\n    <\/section><\/div>\n\n<div class=\"lazyblock-text-bild-modul-ozg-yAtRd wp-block-lazyblock-text-bild-modul-ozg\"><section class=\"sct\">\r\n      <div class=\"cnt narrow\">\r\n        <div class=\"w-richtext\">\r\n              \r\n        <\/div>\r\n        <div class=\"elmnt-txtimg alt\" >\r\n          <div class=\"txtimg-txt\">\r\n            <div class=\"w-richtext\">\r\n              <h2>Projets r\u00e9gionaux<\/h2>\n<p>En Suisse, nous soutenons en tant que sponsor depuis 2023 notre projet de c\u0153ur Spitex-Mobile. Ce projet met \u00e0 disposition des familles et des groupes d'enfants \u00e0 mobilit\u00e9 r\u00e9duite ou ayant des besoins sp\u00e9cifiques des v\u00e9hicules pouvant accueillir jusqu'\u00e0 6 personnes en plus du buggy ou du fauteuil roulant. Seuls les frais d'essence sont \u00e0 la charge des familles. Les v\u00e9hicules et leur assurance sont financ\u00e9s par des contributions de sponsors d'entreprises r\u00e9gionales telles que OZG Healthcare.<\/p>\r\n            <\/div>\r\n            \r\n            \r\n          <\/div>\r\n          <div class=\"txtimg--img alt\">\r\n            <div class=\"txtimg--skew alt\">\r\n              <div class=\"txtimg--backskew alt\">\r\n                <div class=\"txtimg-bgimg\" style=\"background-image: url('https:\/\/objektmobiliar.ch\/wp-content\/uploads\/2023\/10\/regionale-projekte.jpg');\"><\/div>\r\n              <\/div>\r\n            <\/div>\r\n          <\/div>\r\n        <\/div>\r\n      <\/div>\r\n    <\/section><\/div>\n\n<div class=\"lazyblock-text-bild-modul-ozg-Z2mMlrp wp-block-lazyblock-text-bild-modul-ozg\"><section class=\"sct\">\r\n      <div class=\"cnt semi\">\r\n        <div class=\"w-richtext\">\r\n              <h1 style=\"text-align: center;\">Attractif pour les employ\u00e9s<\/h1>\r\n        <\/div>\r\n        <div class=\"elmnt-txtimg\" >\r\n          <div class=\"txtimg-txt\">\r\n            <div class=\"w-richtext\">\r\n              <p>Nous offrons \u00e0 nos collaborateurs le plus d'un environnement de travail attrayant. Cela comprend, entre autres, une ambiance de travail encourageante, tant dans l'entrep\u00f4t qu'au bureau, des fruits frais, des boissons et des d\u00e9jeuners pour tous les collaborateurs, ainsi que des bureaux et des salles de pause accueillants. Nos collaborateurs b\u00e9n\u00e9ficient - dans la mesure du possible - de mod\u00e8les de travail flexibles et de la possibilit\u00e9 de travailler \u00e0 distance. Nous misons sur une gestion attentive et responsable des ressources humaines et veillons \u00e0 un bon \u00e9quilibre entre vie professionnelle et vie priv\u00e9e gr\u00e2ce \u00e0 des vacances d'entreprise et des jours de ponts suppl\u00e9mentaires que nous accordons volontiers \u00e0 nos collaborateurs.<\/p>\r\n            <\/div>\r\n            \r\n            \r\n          <\/div>\r\n          <div class=\"txtimg--img\">\r\n            <div class=\"txtimg--skew\">\r\n              <div class=\"txtimg--backskew\">\r\n                <div class=\"txtimg-bgimg\" style=\"background-image: url('https:\/\/objektmobiliar.ch\/wp-content\/uploads\/2023\/10\/ozg-mitarbeiter-e1698181671996.jpg');\"><\/div>\r\n              <\/div>\r\n            <\/div>\r\n          <\/div>\r\n        <\/div>\r\n      <\/div>\r\n    <\/section><\/div>\n\n<div class=\"lazyblock-teaser-modul-ozg-1n0hzK wp-block-lazyblock-teaser-modul-ozg\"><section class=\"sct\">\r\n  <div class=\"cnt semi\">\r\n    <div class=\"w-richtext\">\r\n        <h2 style=\"text-align: center;\">\u00c0 propos de la SCO : histoire, philosophie et service<\/h2>\r\n    <\/div>\r\n    <div class=\"box-pageteaser\">\r\n      \r\n      <a href=\"https:\/\/objektmobiliar.ch\/fr\/a-propos-de-nous\/ozg-healthcare\/\" class=\"elmnt-pageteaser link w-inline-block\" style=\"background-color: \">\r\n        <div class=\"pageteaser-imgcnt\"><img decoding=\"async\" src=\"https:\/\/objektmobiliar.ch\/wp-content\/uploads\/2023\/10\/objektmobiliar-ozg-ag-sthle-3-von-4-2_cb7bf291ffdba66aa8ac9c669b029389-ss.jpg\" loading=\"lazy\" alt=\"\" class=\"pageteaser-img\"><\/div>\r\n        <div class=\"pageteaser-type\">\r\n          <div class=\"txt-pageteaser w-richtext\">\r\n            <p><b>\u00c0 propos de la SCO <\/b><b>Soins de sant\u00e9<\/b><b>Histoire et philosophie d'entreprise<\/b><\/p>\n<p>OZG Healthcare fait partie du groupe One Zurich AG et est \u00e9tabli en tant que fournisseur de services complets pour les institutions de soins. Les avantages pour nos clients sont \u00e9vidents...<\/p>\r\n          <\/div>\r\n        <\/div>\r\n        <div class=\"btn pageteaser\">En savoir plus<\/div><\/a>\r\n      <a href=\"https:\/\/objektmobiliar.ch\/fr\/a-propos-de-nous\/service\/\" class=\"elmnt-pageteaser link w-inline-block\" style=\"background-color: \">\r\n        <div class=\"pageteaser-imgcnt\"><img decoding=\"async\" src=\"https:\/\/objektmobiliar.ch\/wp-content\/uploads\/2023\/10\/service.jpg\" loading=\"lazy\" alt=\"\" class=\"pageteaser-img\"><\/div>\r\n        <div class=\"pageteaser-type\">\r\n          <div class=\"txt-pageteaser w-richtext\">\r\n            <p><b>Tout d\u00e9but est facile : notre service, de l'id\u00e9e \u00e0 la r\u00e9alisation<\/b><\/p>\n<p>Conseil, conception, r\u00e9alisation, production, installation sur mesure : chez OZG, nous vous accompagnons de la premi\u00e8re id\u00e9e \u00e0 la r\u00e9alisation finale de votre projet d'am\u00e9nagement dans le secteur suisse des soins.<\/p>\r\n          <\/div>\r\n        <\/div>\r\n        <div class=\"btn pageteaser\">En savoir plus<\/div><\/a>\r\n      \r\n    <\/div>\r\n    <div class=\"center\">\r\n        <div class=\"center\"><a href=\"https:\/\/objektmobiliar.ch\/fr\/a-propos-de-nous\/ozg-healthcare\/\" class=\"btn\" >En savoir plus sur nous<\/a><\/div>\r\n    <\/div>\r\n  <\/div>\r\n<\/section><\/div>","protected":false},"excerpt":{"rendered":"<p>En tant qu'entreprise travaillant avec et pour des personnes, il est tr\u00e8s important pour nous d'utiliser les ressources de notre plan\u00e8te de mani\u00e8re responsable.<\/p>","protected":false},"author":2,"featured_media":1199,"parent":1176,"menu_order":0,"comment_status":"closed","ping_status":"closed","template":"","meta":{"advgb_blocks_editor_width":"","advgb_blocks_columns_visual_guide":"","footnotes":""},"class_list":["post-1198","page","type-page","status-publish","has-post-thumbnail","hentry"],"yoast_head":"<!-- This site is optimized with the Yoast SEO plugin v27.4 - https:\/\/yoast.com\/product\/yoast-seo-wordpress\/ -->\n<title>Nachhaltig und Sozial - OZG HEALTHCARE<\/title>\n<meta name=\"robots\" content=\"index, follow, max-snippet:-1, max-image-preview:large, max-video-preview:-1\" \/>\n<link rel=\"canonical\" href=\"https:\/\/objektmobiliar.ch\/fr\/a-propos-de-nous\/durable-et-social\/\" \/>\n<meta property=\"og:locale\" content=\"fr_FR\" \/>\n<meta property=\"og:type\" content=\"article\" \/>\n<meta property=\"og:title\" content=\"Nachhaltig und Sozial - OZG HEALTHCARE\" \/>\n<meta property=\"og:description\" content=\"Als Unternehmen, das mit und f\u00fcr Menschen arbeitet, ist uns ein verantwortungsbewusster Umgang mit den Ressourcen unserer Erde sehr wichtig.\" \/>\n<meta property=\"og:url\" content=\"https:\/\/objektmobiliar.ch\/fr\/a-propos-de-nous\/durable-et-social\/\" \/>\n<meta property=\"og:site_name\" content=\"OZG HEALTHCARE\" \/>\n<meta property=\"article:modified_time\" content=\"2023-11-13T23:06:37+00:00\" \/>\n<meta property=\"og:image\" content=\"https:\/\/objektmobiliar.ch\/wp-content\/uploads\/2023\/10\/nachhaltig-und-sozial.jpg\" \/>\n\t<meta property=\"og:image:width\" content=\"2000\" \/>\n\t<meta property=\"og:image:height\" content=\"857\" \/>\n\t<meta property=\"og:image:type\" content=\"image\/jpeg\" \/>\n<meta name=\"twitter:card\" content=\"summary_large_image\" \/>\n<script type=\"application\/ld+json\" class=\"yoast-schema-graph\">{\"@context\":\"https:\\\/\\\/schema.org\",\"@graph\":[{\"@type\":\"WebPage\",\"@id\":\"https:\\\/\\\/objektmobiliar.ch\\\/ueber-uns\\\/nachhaltig-und-sozial\\\/\",\"url\":\"https:\\\/\\\/objektmobiliar.ch\\\/ueber-uns\\\/nachhaltig-und-sozial\\\/\",\"name\":\"Nachhaltig und Sozial - OZG HEALTHCARE\",\"isPartOf\":{\"@id\":\"https:\\\/\\\/objektmobiliar.ch\\\/#website\"},\"primaryImageOfPage\":{\"@id\":\"https:\\\/\\\/objektmobiliar.ch\\\/ueber-uns\\\/nachhaltig-und-sozial\\\/#primaryimage\"},\"image\":{\"@id\":\"https:\\\/\\\/objektmobiliar.ch\\\/ueber-uns\\\/nachhaltig-und-sozial\\\/#primaryimage\"},\"thumbnailUrl\":\"https:\\\/\\\/objektmobiliar.ch\\\/wp-content\\\/uploads\\\/2023\\\/10\\\/nachhaltig-und-sozial.jpg\",\"datePublished\":\"2023-10-24T20:40:20+00:00\",\"dateModified\":\"2023-11-13T23:06:37+00:00\",\"breadcrumb\":{\"@id\":\"https:\\\/\\\/objektmobiliar.ch\\\/ueber-uns\\\/nachhaltig-und-sozial\\\/#breadcrumb\"},\"inLanguage\":\"fr-FR\",\"potentialAction\":[{\"@type\":\"ReadAction\",\"target\":[\"https:\\\/\\\/objektmobiliar.ch\\\/ueber-uns\\\/nachhaltig-und-sozial\\\/\"]}]},{\"@type\":\"ImageObject\",\"inLanguage\":\"fr-FR\",\"@id\":\"https:\\\/\\\/objektmobiliar.ch\\\/ueber-uns\\\/nachhaltig-und-sozial\\\/#primaryimage\",\"url\":\"https:\\\/\\\/objektmobiliar.ch\\\/wp-content\\\/uploads\\\/2023\\\/10\\\/nachhaltig-und-sozial.jpg\",\"contentUrl\":\"https:\\\/\\\/objektmobiliar.ch\\\/wp-content\\\/uploads\\\/2023\\\/10\\\/nachhaltig-und-sozial.jpg\",\"width\":2000,\"height\":857},{\"@type\":\"BreadcrumbList\",\"@id\":\"https:\\\/\\\/objektmobiliar.ch\\\/ueber-uns\\\/nachhaltig-und-sozial\\\/#breadcrumb\",\"itemListElement\":[{\"@type\":\"ListItem\",\"position\":1,\"name\":\"Startseite\",\"item\":\"https:\\\/\\\/objektmobiliar.ch\\\/\"},{\"@type\":\"ListItem\",\"position\":2,\"name\":\"\u00dcber uns\",\"item\":\"https:\\\/\\\/objektmobiliar.ch\\\/ueber-uns\\\/\"},{\"@type\":\"ListItem\",\"position\":3,\"name\":\"Nachhaltig und Sozial\"}]},{\"@type\":\"WebSite\",\"@id\":\"https:\\\/\\\/objektmobiliar.ch\\\/#website\",\"url\":\"https:\\\/\\\/objektmobiliar.ch\\\/\",\"name\":\"OZG HEALTHCARE\",\"description\":\"Objektmobiliar f\u00fcr Pflege, B\u00fcro, Praxis &amp; Hotellerie\",\"potentialAction\":[{\"@type\":\"SearchAction\",\"target\":{\"@type\":\"EntryPoint\",\"urlTemplate\":\"https:\\\/\\\/objektmobiliar.ch\\\/?s={search_term_string}\"},\"query-input\":{\"@type\":\"PropertyValueSpecification\",\"valueRequired\":true,\"valueName\":\"search_term_string\"}}],\"inLanguage\":\"fr-FR\"}]}<\/script>\n<!-- \/ Yoast SEO plugin. -->","yoast_head_json":{"title":"Durable et social - OZG HEALTHCARE","robots":{"index":"index","follow":"follow","max-snippet":"max-snippet:-1","max-image-preview":"max-image-preview:large","max-video-preview":"max-video-preview:-1"},"canonical":"https:\/\/objektmobiliar.ch\/fr\/a-propos-de-nous\/durable-et-social\/","og_locale":"fr_FR","og_type":"article","og_title":"Nachhaltig und Sozial - OZG HEALTHCARE","og_description":"Als Unternehmen, das mit und f\u00fcr Menschen arbeitet, ist uns ein verantwortungsbewusster Umgang mit den Ressourcen unserer Erde sehr wichtig.","og_url":"https:\/\/objektmobiliar.ch\/fr\/a-propos-de-nous\/durable-et-social\/","og_site_name":"OZG HEALTHCARE","article_modified_time":"2023-11-13T23:06:37+00:00","og_image":[{"width":2000,"height":857,"url":"https:\/\/objektmobiliar.ch\/wp-content\/uploads\/2023\/10\/nachhaltig-und-sozial.jpg","type":"image\/jpeg"}],"twitter_card":"summary_large_image","schema":{"@context":"https:\/\/schema.org","@graph":[{"@type":"WebPage","@id":"https:\/\/objektmobiliar.ch\/ueber-uns\/nachhaltig-und-sozial\/","url":"https:\/\/objektmobiliar.ch\/ueber-uns\/nachhaltig-und-sozial\/","name":"Durable et social - OZG HEALTHCARE","isPartOf":{"@id":"https:\/\/objektmobiliar.ch\/#website"},"primaryImageOfPage":{"@id":"https:\/\/objektmobiliar.ch\/ueber-uns\/nachhaltig-und-sozial\/#primaryimage"},"image":{"@id":"https:\/\/objektmobiliar.ch\/ueber-uns\/nachhaltig-und-sozial\/#primaryimage"},"thumbnailUrl":"https:\/\/objektmobiliar.ch\/wp-content\/uploads\/2023\/10\/nachhaltig-und-sozial.jpg","datePublished":"2023-10-24T20:40:20+00:00","dateModified":"2023-11-13T23:06:37+00:00","breadcrumb":{"@id":"https:\/\/objektmobiliar.ch\/ueber-uns\/nachhaltig-und-sozial\/#breadcrumb"},"inLanguage":"fr-FR","potentialAction":[{"@type":"ReadAction","target":["https:\/\/objektmobiliar.ch\/ueber-uns\/nachhaltig-und-sozial\/"]}]},{"@type":"ImageObject","inLanguage":"fr-FR","@id":"https:\/\/objektmobiliar.ch\/ueber-uns\/nachhaltig-und-sozial\/#primaryimage","url":"https:\/\/objektmobiliar.ch\/wp-content\/uploads\/2023\/10\/nachhaltig-und-sozial.jpg","contentUrl":"https:\/\/objektmobiliar.ch\/wp-content\/uploads\/2023\/10\/nachhaltig-und-sozial.jpg","width":2000,"height":857},{"@type":"BreadcrumbList","@id":"https:\/\/objektmobiliar.ch\/ueber-uns\/nachhaltig-und-sozial\/#breadcrumb","itemListElement":[{"@type":"ListItem","position":1,"name":"Startseite","item":"https:\/\/objektmobiliar.ch\/"},{"@type":"ListItem","position":2,"name":"\u00dcber uns","item":"https:\/\/objektmobiliar.ch\/ueber-uns\/"},{"@type":"ListItem","position":3,"name":"Nachhaltig und Sozial"}]},{"@type":"WebSite","@id":"https:\/\/objektmobiliar.ch\/#website","url":"https:\/\/objektmobiliar.ch\/","name":"OZG HEALTHCARE","description":"Mobilier de collectivit\u00e9 pour les soins, les bureaux, les cabinets m\u00e9dicaux et l'h\u00f4tellerie","potentialAction":[{"@type":"SearchAction","target":{"@type":"EntryPoint","urlTemplate":"https:\/\/objektmobiliar.ch\/?s={search_term_string}"},"query-input":{"@type":"PropertyValueSpecification","valueRequired":true,"valueName":"search_term_string"}}],"inLanguage":"fr-FR"}]}},"coauthors":[],"author_meta":{"author_link":"https:\/\/objektmobiliar.ch\/fr\/author\/alex\/","display_name":"Alex"},"relative_dates":{"created":"Publi\u00e9 2 ans il y a","modified":"Mis \u00e0 jour 2 ans il y a"},"absolute_dates":{"created":"Publi\u00e9 le octobre 24, 2023","modified":"Mise \u00e0 jour le novembre 13, 2023"},"absolute_dates_time":{"created":"Publi\u00e9 le octobre 24, 2023 8:40 pm","modified":"Mise \u00e0 jour le novembre 13, 2023 11:06 pm"},"featured_img_caption":"","featured_img":"https:\/\/objektmobiliar.ch\/wp-content\/uploads\/2023\/10\/nachhaltig-und-sozial-825x510.jpg","series_order":"","_links":{"self":[{"href":"https:\/\/objektmobiliar.ch\/fr\/wp-json\/wp\/v2\/pages\/1198","targetHints":{"allow":["GET"]}}],"collection":[{"href":"https:\/\/objektmobiliar.ch\/fr\/wp-json\/wp\/v2\/pages"}],"about":[{"href":"https:\/\/objektmobiliar.ch\/fr\/wp-json\/wp\/v2\/types\/page"}],"author":[{"embeddable":true,"href":"https:\/\/objektmobiliar.ch\/fr\/wp-json\/wp\/v2\/users\/2"}],"replies":[{"embeddable":true,"href":"https:\/\/objektmobiliar.ch\/fr\/wp-json\/wp\/v2\/comments?post=1198"}],"version-history":[{"count":11,"href":"https:\/\/objektmobiliar.ch\/fr\/wp-json\/wp\/v2\/pages\/1198\/revisions"}],"predecessor-version":[{"id":2730,"href":"https:\/\/objektmobiliar.ch\/fr\/wp-json\/wp\/v2\/pages\/1198\/revisions\/2730"}],"up":[{"embeddable":true,"href":"https:\/\/objektmobiliar.ch\/fr\/wp-json\/wp\/v2\/pages\/1176"}],"wp:featuredmedia":[{"embeddable":true,"href":"https:\/\/objektmobiliar.ch\/fr\/wp-json\/wp\/v2\/media\/1199"}],"wp:attachment":[{"href":"https:\/\/objektmobiliar.ch\/fr\/wp-json\/wp\/v2\/media?parent=1198"}],"curies":[{"name":"wp","href":"https:\/\/api.w.org\/{rel}","templated":true}]}}