{"id":1089,"date":"2023-10-23T21:46:01","date_gmt":"2023-10-23T21:46:01","guid":{"rendered":"https:\/\/dev.objektmobiliar.ch\/?page_id=1089"},"modified":"2023-10-31T13:29:24","modified_gmt":"2023-10-31T13:29:24","slug":"centre-pour-personnes-agees-st-anna","status":"publish","type":"page","link":"https:\/\/objektmobiliar.ch\/fr\/referenzen\/alterszentrum-st-anna\/","title":{"rendered":"Centre pour personnes \u00e2g\u00e9es St. Anna"},"content":{"rendered":"<div class=\"lazyblock-bildslider-fullsize-ozg-4cw8Y wp-block-lazyblock-bildslider-fullsize-ozg\"><section class=\"sct nopadding\">\r\n      <div data-delay=\"9000\" data-animation=\"fade\" class=\"elmnt-homeslider w-slider\" data-autoplay=\"true\" data-easing=\"linear\" data-hide-arrows=\"false\" data-disable-swipe=\"true\" data-autoplay-limit=\"0\" data-nav-spacing=\"3\" data-duration=\"2000\" data-infinite=\"true\">\r\n        \r\n      <div class=\"visual-homeslider\" ><\/div>\r\n        \r\n       <div class=\"w-slider-mask\">\r\n          <div class=\"homeslider-slide w-slide\">\r\n            <div class=\"homeslider-img\"><img decoding=\"async\" src=\"https:\/\/objektmobiliar.ch\/wp-content\/uploads\/2023\/10\/033_260a5795_small.jpg\" loading=\"eager\" alt=\"Alterszentrum St. Anna\"><\/div>\r\n          <\/div>\r\n        <\/div>\r\n        <div class=\"hidden w-slider-arrow-left\">\r\n          <div class=\"w-icon-slider-left\"><\/div>\r\n        <\/div>\r\n        <div class=\"hidden w-slider-arrow-right\">\r\n          <div class=\"w-icon-slider-right\"><\/div>\r\n        <\/div>\r\n        <div class=\"hidden w-slider-nav\"><\/div>\r\n      <\/div>\r\n    <\/section><\/div>\n\n<div class=\"lazyblock-text-modul-ozg-ZsukEM wp-block-lazyblock-text-modul-ozg\"><section class=\"sct\">\r\n      <div class=\"cnt narrow\">\r\n        <div class=\"w-richtext\">\r\n            <h1>Alterszentrum St. Anna Luzern<\/h1>\n<h2>LEBENSQUALIT\u00c4T, WOHLBEFINDEN UND W\u00dcRDE IM ALTER<\/h2>\n<p>Aufgehoben, geborgen und gepflegt \u2013 das Alterszentrum St. Anna in Luzern bietet den Bewohnerinnen und Bewohnern\u00a0<b>ein gepflegtes Zuhause\u00a0<\/b>f\u00fcr hohe Lebensqualit\u00e4t im Alter. Entsprechend hoch waren die Anforderungen an das Einrichtungskonzept sowie das Mobiliar. Sowohl gem\u00fctliche Polsterm\u00f6bel in diversen Ausf\u00fchrungen wie auch bequeme St\u00fchle, attraktive Couchtische und funktionale Sideboards aus unserem Sortiment verleihen den R\u00e4umlichkeiten\u00a0<b>vom Eingangsbereich bis in die Bewohnerzimmer\u00a0<\/b>ein wohnliches Ambiente. Mit ausgew\u00e4hlten Materialien und Farben, darunter helle Eiche, dunkel gebeizte Buche und Kunstleder in verschiedenen Braun-Nuancen, erg\u00e4nzen die M\u00f6belst\u00fccke perfekt das Interior Design f\u00fcr\u00a0<b>eine ruhige und sinnliche Atmosph\u00e4re<\/b>.<\/p>\r\n        <\/div>\r\n      <\/div>\r\n    <\/section><\/div>\n\n<div class=\"lazyblock-text-modul-ozg-1ncjS9 wp-block-lazyblock-text-modul-ozg\"><section class=\"sct\">\r\n      <div class=\"cnt semi\">\r\n        <div class=\"w-richtext\">\r\n            <div style=\"width: 1920px;\" class=\"wp-video\"><video class=\"wp-video-shortcode\" id=\"video-1089-1\" width=\"1920\" height=\"1080\" poster=\"https:\/\/objektmobiliar.ch\/wp-content\/uploads\/2023\/10\/raumdesign-innenraumgestaltung-einrichtungskonzept.jpg\" preload=\"metadata\" controls=\"controls\"><source type=\"video\/mp4\" src=\"https:\/\/objektmobiliar.ch\/wp-content\/uploads\/2023\/10\/referenz-ozg-objektmobiliar-alterszentrum-st.-anna-luzern-compressed.mp4?_=1\" \/><a href=\"https:\/\/objektmobiliar.ch\/wp-content\/uploads\/2023\/10\/referenz-ozg-objektmobiliar-alterszentrum-st.-anna-luzern-compressed.mp4\">https:\/\/objektmobiliar.ch\/wp-content\/uploads\/2023\/10\/referenz-ozg-objektmobiliar-alterszentrum-st.-anna-luzern-compressed.mp4<\/a><\/video><\/div>\r\n        <\/div>\r\n      <\/div>\r\n    <\/section><\/div>\n\n<div class=\"lazyblock-bildergalerie-lightbox-ozg-9HyGA wp-block-lazyblock-bildergalerie-lightbox-ozg\"><section class=\"sct\">\r\n  <div class=\"cnt semi\">\r\n    <div class=\"introtxt\">\r\n    <div class=\"w-richtext\">\r\n        \r\n    <\/div>\r\n    <\/div>\r\n  \r\n    <div class=\"elmnt-imggallery\">\r\n      <a href=\"#\" class=\"imggallery-link w-inline-block w-lightbox\">\r\n        <img decoding=\"async\" src=\"https:\/\/objektmobiliar.ch\/wp-content\/uploads\/2023\/10\/047_260a5829_small.jpg\" loading=\"lazy\" alt=\"Alterszentrum St. Anna\" class=\"imggallery-img\">\r\n        <script type=\"application\/json\" class=\"w-json\">\r\n            {\r\n              \"items\": [{\r\n\r\n                \"url\": \"https:\/\/objektmobiliar.ch\/wp-content\/uploads\/2023\/10\/047_260a5829_small.jpg\",\r\n                \"caption\": \"\",\r\n                \"type\": \"image\"\r\n              }],\r\n              \"group\": \"st-anna\"\r\n            }\r\n          <\/script>\r\n      <\/a>\r\n      <a href=\"#\" class=\"imggallery-link w-inline-block w-lightbox\">\r\n        <img decoding=\"async\" src=\"https:\/\/objektmobiliar.ch\/wp-content\/uploads\/2023\/10\/041_260a5810_small.jpg\" loading=\"lazy\" alt=\"Alterszentrum St. Anna\" class=\"imggallery-img\">\r\n        <script type=\"application\/json\" class=\"w-json\">\r\n            {\r\n              \"items\": [{\r\n\r\n                \"url\": \"https:\/\/objektmobiliar.ch\/wp-content\/uploads\/2023\/10\/041_260a5810_small.jpg\",\r\n                \"caption\": \"\",\r\n                \"type\": \"image\"\r\n              }],\r\n              \"group\": \"st-anna\"\r\n            }\r\n          <\/script>\r\n      <\/a>\r\n      <a href=\"#\" class=\"imggallery-link w-inline-block w-lightbox\">\r\n        <img decoding=\"async\" src=\"https:\/\/objektmobiliar.ch\/wp-content\/uploads\/2023\/10\/035_260a5798_small.jpg\" loading=\"lazy\" alt=\"Alterszentrum St. Anna\" class=\"imggallery-img\">\r\n        <script type=\"application\/json\" class=\"w-json\">\r\n            {\r\n              \"items\": [{\r\n\r\n                \"url\": \"https:\/\/objektmobiliar.ch\/wp-content\/uploads\/2023\/10\/035_260a5798_small.jpg\",\r\n                \"caption\": \"\",\r\n                \"type\": \"image\"\r\n              }],\r\n              \"group\": \"st-anna\"\r\n            }\r\n          <\/script>\r\n      <\/a>\r\n      <a href=\"#\" class=\"imggallery-link w-inline-block w-lightbox\">\r\n        <img decoding=\"async\" src=\"https:\/\/objektmobiliar.ch\/wp-content\/uploads\/2023\/10\/029_0x8a7214_small.jpg\" loading=\"lazy\" alt=\"\" class=\"imggallery-img\">\r\n        <script type=\"application\/json\" class=\"w-json\">\r\n            {\r\n              \"items\": [{\r\n\r\n                \"url\": \"https:\/\/objektmobiliar.ch\/wp-content\/uploads\/2023\/10\/029_0x8a7214_small.jpg\",\r\n                \"caption\": \"\",\r\n                \"type\": \"image\"\r\n              }],\r\n              \"group\": \"st-anna\"\r\n            }\r\n          <\/script>\r\n      <\/a>\r\n      <a href=\"#\" class=\"imggallery-link w-inline-block w-lightbox\">\r\n        <img decoding=\"async\" src=\"https:\/\/objektmobiliar.ch\/wp-content\/uploads\/2023\/10\/018_0x8a7172_small.jpg\" loading=\"lazy\" alt=\"\" class=\"imggallery-img\">\r\n        <script type=\"application\/json\" class=\"w-json\">\r\n            {\r\n              \"items\": [{\r\n\r\n                \"url\": \"https:\/\/objektmobiliar.ch\/wp-content\/uploads\/2023\/10\/018_0x8a7172_small.jpg\",\r\n                \"caption\": \"\",\r\n                \"type\": \"image\"\r\n              }],\r\n              \"group\": \"st-anna\"\r\n            }\r\n          <\/script>\r\n      <\/a>\r\n      <a href=\"#\" class=\"imggallery-link w-inline-block w-lightbox\">\r\n        <img decoding=\"async\" src=\"https:\/\/objektmobiliar.ch\/wp-content\/uploads\/2023\/10\/014_0x8a7164_small.jpg\" loading=\"lazy\" alt=\"\" class=\"imggallery-img\">\r\n        <script type=\"application\/json\" class=\"w-json\">\r\n            {\r\n              \"items\": [{\r\n\r\n                \"url\": \"https:\/\/objektmobiliar.ch\/wp-content\/uploads\/2023\/10\/014_0x8a7164_small.jpg\",\r\n                \"caption\": \"\",\r\n                \"type\": \"image\"\r\n              }],\r\n              \"group\": \"st-anna\"\r\n            }\r\n          <\/script>\r\n      <\/a>\r\n      <a href=\"#\" class=\"imggallery-link w-inline-block w-lightbox\">\r\n        <img decoding=\"async\" src=\"https:\/\/objektmobiliar.ch\/wp-content\/uploads\/2023\/10\/011_260a5752_small.jpg\" loading=\"lazy\" alt=\"\" class=\"imggallery-img\">\r\n        <script type=\"application\/json\" class=\"w-json\">\r\n            {\r\n              \"items\": [{\r\n\r\n                \"url\": \"https:\/\/objektmobiliar.ch\/wp-content\/uploads\/2023\/10\/011_260a5752_small.jpg\",\r\n                \"caption\": \"\",\r\n                \"type\": \"image\"\r\n              }],\r\n              \"group\": \"st-anna\"\r\n            }\r\n          <\/script>\r\n      <\/a>\r\n      <a href=\"#\" class=\"imggallery-link w-inline-block w-lightbox\">\r\n        <img decoding=\"async\" src=\"https:\/\/objektmobiliar.ch\/wp-content\/uploads\/2023\/10\/010_260a5747_small.jpg\" loading=\"lazy\" alt=\"Alterszentrum St. Anna\" class=\"imggallery-img\">\r\n        <script type=\"application\/json\" class=\"w-json\">\r\n            {\r\n              \"items\": [{\r\n\r\n                \"url\": \"https:\/\/objektmobiliar.ch\/wp-content\/uploads\/2023\/10\/010_260a5747_small.jpg\",\r\n                \"caption\": \"\",\r\n                \"type\": \"image\"\r\n              }],\r\n              \"group\": \"st-anna\"\r\n            }\r\n          <\/script>\r\n      <\/a>\r\n      <a href=\"#\" class=\"imggallery-link w-inline-block w-lightbox\">\r\n        <img decoding=\"async\" src=\"https:\/\/objektmobiliar.ch\/wp-content\/uploads\/2023\/10\/004_260a5725_small.jpg\" loading=\"lazy\" alt=\"Alterszentrum St. Anna\" class=\"imggallery-img\">\r\n        <script type=\"application\/json\" class=\"w-json\">\r\n            {\r\n              \"items\": [{\r\n\r\n                \"url\": \"https:\/\/objektmobiliar.ch\/wp-content\/uploads\/2023\/10\/004_260a5725_small.jpg\",\r\n                \"caption\": \"\",\r\n                \"type\": \"image\"\r\n              }],\r\n              \"group\": \"st-anna\"\r\n            }\r\n          <\/script>\r\n      <\/a>\r\n    <\/div>\r\n    \r\n  <\/div>\r\n<\/section><\/div>","protected":false},"excerpt":{"rendered":"<p>Le centre pour personnes \u00e2g\u00e9es St. Anna \u00e0 Lucerne offre \u00e0 ses r\u00e9sidents un foyer soign\u00e9 pour une qualit\u00e9 de vie \u00e9lev\u00e9e dans la vieillesse.<\/p>","protected":false},"author":2,"featured_media":193,"parent":1035,"menu_order":0,"comment_status":"closed","ping_status":"closed","template":"","meta":{"advgb_blocks_editor_width":"","advgb_blocks_columns_visual_guide":"","footnotes":""},"class_list":["post-1089","page","type-page","status-publish","has-post-thumbnail","hentry"],"yoast_head":"<!-- This site is optimized with the Yoast SEO plugin v27.4 - https:\/\/yoast.com\/product\/yoast-seo-wordpress\/ -->\n<title>Alterszentrum St. Anna - OZG HEALTHCARE<\/title>\n<meta name=\"robots\" content=\"index, follow, max-snippet:-1, max-image-preview:large, max-video-preview:-1\" \/>\n<link rel=\"canonical\" href=\"https:\/\/objektmobiliar.ch\/fr\/references\/centre-pour-personnes-agees-st-anna\/\" \/>\n<meta property=\"og:locale\" content=\"fr_FR\" \/>\n<meta property=\"og:type\" content=\"article\" \/>\n<meta property=\"og:title\" content=\"Alterszentrum St. Anna - OZG HEALTHCARE\" \/>\n<meta property=\"og:description\" content=\"Aufgehoben, geborgen und gepflegt \u2013 das Alterszentrum St. Anna in Luzern bietet den Bewohnerinnen und Bewohnern\u00a0ein gepflegtes Zuhause\u00a0f\u00fcr hohe Lebensqualit\u00e4t im Alter.\" \/>\n<meta property=\"og:url\" content=\"https:\/\/objektmobiliar.ch\/fr\/references\/centre-pour-personnes-agees-st-anna\/\" \/>\n<meta property=\"og:site_name\" content=\"OZG HEALTHCARE\" \/>\n<meta property=\"article:modified_time\" content=\"2023-10-31T13:29:24+00:00\" \/>\n<meta property=\"og:image\" content=\"https:\/\/objektmobiliar.ch\/wp-content\/uploads\/2023\/10\/alterszentrum-st-anna-luzern.jpg\" \/>\n\t<meta property=\"og:image:width\" content=\"1200\" \/>\n\t<meta property=\"og:image:height\" content=\"800\" \/>\n\t<meta property=\"og:image:type\" content=\"image\/jpeg\" \/>\n<meta name=\"twitter:card\" content=\"summary_large_image\" \/>\n<script type=\"application\/ld+json\" class=\"yoast-schema-graph\">{\"@context\":\"https:\\\/\\\/schema.org\",\"@graph\":[{\"@type\":\"WebPage\",\"@id\":\"https:\\\/\\\/objektmobiliar.ch\\\/referenzen\\\/alterszentrum-st-anna\\\/\",\"url\":\"https:\\\/\\\/objektmobiliar.ch\\\/referenzen\\\/alterszentrum-st-anna\\\/\",\"name\":\"Alterszentrum St. Anna - OZG HEALTHCARE\",\"isPartOf\":{\"@id\":\"https:\\\/\\\/objektmobiliar.ch\\\/#website\"},\"primaryImageOfPage\":{\"@id\":\"https:\\\/\\\/objektmobiliar.ch\\\/referenzen\\\/alterszentrum-st-anna\\\/#primaryimage\"},\"image\":{\"@id\":\"https:\\\/\\\/objektmobiliar.ch\\\/referenzen\\\/alterszentrum-st-anna\\\/#primaryimage\"},\"thumbnailUrl\":\"https:\\\/\\\/objektmobiliar.ch\\\/wp-content\\\/uploads\\\/2023\\\/10\\\/alterszentrum-st-anna-luzern.jpg\",\"datePublished\":\"2023-10-23T21:46:01+00:00\",\"dateModified\":\"2023-10-31T13:29:24+00:00\",\"breadcrumb\":{\"@id\":\"https:\\\/\\\/objektmobiliar.ch\\\/referenzen\\\/alterszentrum-st-anna\\\/#breadcrumb\"},\"inLanguage\":\"fr-FR\",\"potentialAction\":[{\"@type\":\"ReadAction\",\"target\":[\"https:\\\/\\\/objektmobiliar.ch\\\/referenzen\\\/alterszentrum-st-anna\\\/\"]}]},{\"@type\":\"ImageObject\",\"inLanguage\":\"fr-FR\",\"@id\":\"https:\\\/\\\/objektmobiliar.ch\\\/referenzen\\\/alterszentrum-st-anna\\\/#primaryimage\",\"url\":\"https:\\\/\\\/objektmobiliar.ch\\\/wp-content\\\/uploads\\\/2023\\\/10\\\/alterszentrum-st-anna-luzern.jpg\",\"contentUrl\":\"https:\\\/\\\/objektmobiliar.ch\\\/wp-content\\\/uploads\\\/2023\\\/10\\\/alterszentrum-st-anna-luzern.jpg\",\"width\":1200,\"height\":800,\"caption\":\"Alterszentrum St. Anna Luzern - OZG Referenzprojekt\"},{\"@type\":\"BreadcrumbList\",\"@id\":\"https:\\\/\\\/objektmobiliar.ch\\\/referenzen\\\/alterszentrum-st-anna\\\/#breadcrumb\",\"itemListElement\":[{\"@type\":\"ListItem\",\"position\":1,\"name\":\"Startseite\",\"item\":\"https:\\\/\\\/objektmobiliar.ch\\\/\"},{\"@type\":\"ListItem\",\"position\":2,\"name\":\"Referenzen\",\"item\":\"https:\\\/\\\/objektmobiliar.ch\\\/referenzen\\\/\"},{\"@type\":\"ListItem\",\"position\":3,\"name\":\"Alterszentrum St. Anna\"}]},{\"@type\":\"WebSite\",\"@id\":\"https:\\\/\\\/objektmobiliar.ch\\\/#website\",\"url\":\"https:\\\/\\\/objektmobiliar.ch\\\/\",\"name\":\"OZG HEALTHCARE\",\"description\":\"Objektmobiliar f\u00fcr Pflege, B\u00fcro, Praxis &amp; Hotellerie\",\"potentialAction\":[{\"@type\":\"SearchAction\",\"target\":{\"@type\":\"EntryPoint\",\"urlTemplate\":\"https:\\\/\\\/objektmobiliar.ch\\\/?s={search_term_string}\"},\"query-input\":{\"@type\":\"PropertyValueSpecification\",\"valueRequired\":true,\"valueName\":\"search_term_string\"}}],\"inLanguage\":\"fr-FR\"}]}<\/script>\n<!-- \/ Yoast SEO plugin. -->","yoast_head_json":{"title":"Centre pour personnes \u00e2g\u00e9es St. Anna - OZG HEALTHCARE","robots":{"index":"index","follow":"follow","max-snippet":"max-snippet:-1","max-image-preview":"max-image-preview:large","max-video-preview":"max-video-preview:-1"},"canonical":"https:\/\/objektmobiliar.ch\/fr\/references\/centre-pour-personnes-agees-st-anna\/","og_locale":"fr_FR","og_type":"article","og_title":"Alterszentrum St. Anna - OZG HEALTHCARE","og_description":"Aufgehoben, geborgen und gepflegt \u2013 das Alterszentrum St. Anna in Luzern bietet den Bewohnerinnen und Bewohnern\u00a0ein gepflegtes Zuhause\u00a0f\u00fcr hohe Lebensqualit\u00e4t im Alter.","og_url":"https:\/\/objektmobiliar.ch\/fr\/references\/centre-pour-personnes-agees-st-anna\/","og_site_name":"OZG HEALTHCARE","article_modified_time":"2023-10-31T13:29:24+00:00","og_image":[{"width":1200,"height":800,"url":"https:\/\/objektmobiliar.ch\/wp-content\/uploads\/2023\/10\/alterszentrum-st-anna-luzern.jpg","type":"image\/jpeg"}],"twitter_card":"summary_large_image","schema":{"@context":"https:\/\/schema.org","@graph":[{"@type":"WebPage","@id":"https:\/\/objektmobiliar.ch\/referenzen\/alterszentrum-st-anna\/","url":"https:\/\/objektmobiliar.ch\/referenzen\/alterszentrum-st-anna\/","name":"Centre pour personnes \u00e2g\u00e9es St. Anna - OZG HEALTHCARE","isPartOf":{"@id":"https:\/\/objektmobiliar.ch\/#website"},"primaryImageOfPage":{"@id":"https:\/\/objektmobiliar.ch\/referenzen\/alterszentrum-st-anna\/#primaryimage"},"image":{"@id":"https:\/\/objektmobiliar.ch\/referenzen\/alterszentrum-st-anna\/#primaryimage"},"thumbnailUrl":"https:\/\/objektmobiliar.ch\/wp-content\/uploads\/2023\/10\/alterszentrum-st-anna-luzern.jpg","datePublished":"2023-10-23T21:46:01+00:00","dateModified":"2023-10-31T13:29:24+00:00","breadcrumb":{"@id":"https:\/\/objektmobiliar.ch\/referenzen\/alterszentrum-st-anna\/#breadcrumb"},"inLanguage":"fr-FR","potentialAction":[{"@type":"ReadAction","target":["https:\/\/objektmobiliar.ch\/referenzen\/alterszentrum-st-anna\/"]}]},{"@type":"ImageObject","inLanguage":"fr-FR","@id":"https:\/\/objektmobiliar.ch\/referenzen\/alterszentrum-st-anna\/#primaryimage","url":"https:\/\/objektmobiliar.ch\/wp-content\/uploads\/2023\/10\/alterszentrum-st-anna-luzern.jpg","contentUrl":"https:\/\/objektmobiliar.ch\/wp-content\/uploads\/2023\/10\/alterszentrum-st-anna-luzern.jpg","width":1200,"height":800,"caption":"Alterszentrum St. Anna Luzern - OZG Referenzprojekt"},{"@type":"BreadcrumbList","@id":"https:\/\/objektmobiliar.ch\/referenzen\/alterszentrum-st-anna\/#breadcrumb","itemListElement":[{"@type":"ListItem","position":1,"name":"Startseite","item":"https:\/\/objektmobiliar.ch\/"},{"@type":"ListItem","position":2,"name":"Referenzen","item":"https:\/\/objektmobiliar.ch\/referenzen\/"},{"@type":"ListItem","position":3,"name":"Alterszentrum St. Anna"}]},{"@type":"WebSite","@id":"https:\/\/objektmobiliar.ch\/#website","url":"https:\/\/objektmobiliar.ch\/","name":"OZG HEALTHCARE","description":"Mobilier de collectivit\u00e9 pour les soins, les bureaux, les cabinets m\u00e9dicaux et l'h\u00f4tellerie","potentialAction":[{"@type":"SearchAction","target":{"@type":"EntryPoint","urlTemplate":"https:\/\/objektmobiliar.ch\/?s={search_term_string}"},"query-input":{"@type":"PropertyValueSpecification","valueRequired":true,"valueName":"search_term_string"}}],"inLanguage":"fr-FR"}]}},"coauthors":[],"author_meta":{"author_link":"https:\/\/objektmobiliar.ch\/fr\/author\/alex\/","display_name":"Alex"},"relative_dates":{"created":"Publi\u00e9 2 ans il y a","modified":"Mis \u00e0 jour 2 ans il y a"},"absolute_dates":{"created":"Publi\u00e9 le octobre 23, 2023","modified":"Mise \u00e0 jour le octobre 31, 2023"},"absolute_dates_time":{"created":"Publi\u00e9 le octobre 23, 2023 9:46 pm","modified":"Mise \u00e0 jour le octobre 31, 2023 1:29 pm"},"featured_img_caption":"","featured_img":"https:\/\/objektmobiliar.ch\/wp-content\/uploads\/2023\/10\/alterszentrum-st-anna-luzern-825x510.jpg","series_order":"","_links":{"self":[{"href":"https:\/\/objektmobiliar.ch\/fr\/wp-json\/wp\/v2\/pages\/1089","targetHints":{"allow":["GET"]}}],"collection":[{"href":"https:\/\/objektmobiliar.ch\/fr\/wp-json\/wp\/v2\/pages"}],"about":[{"href":"https:\/\/objektmobiliar.ch\/fr\/wp-json\/wp\/v2\/types\/page"}],"author":[{"embeddable":true,"href":"https:\/\/objektmobiliar.ch\/fr\/wp-json\/wp\/v2\/users\/2"}],"replies":[{"embeddable":true,"href":"https:\/\/objektmobiliar.ch\/fr\/wp-json\/wp\/v2\/comments?post=1089"}],"version-history":[{"count":4,"href":"https:\/\/objektmobiliar.ch\/fr\/wp-json\/wp\/v2\/pages\/1089\/revisions"}],"predecessor-version":[{"id":1541,"href":"https:\/\/objektmobiliar.ch\/fr\/wp-json\/wp\/v2\/pages\/1089\/revisions\/1541"}],"up":[{"embeddable":true,"href":"https:\/\/objektmobiliar.ch\/fr\/wp-json\/wp\/v2\/pages\/1035"}],"wp:featuredmedia":[{"embeddable":true,"href":"https:\/\/objektmobiliar.ch\/fr\/wp-json\/wp\/v2\/media\/193"}],"wp:attachment":[{"href":"https:\/\/objektmobiliar.ch\/fr\/wp-json\/wp\/v2\/media?parent=1089"}],"curies":[{"name":"wp","href":"https:\/\/api.w.org\/{rel}","templated":true}]}}