{"id":1048,"date":"2023-10-21T20:19:39","date_gmt":"2023-10-21T20:19:39","guid":{"rendered":"https:\/\/dev.objektmobiliar.ch\/?page_id=1048"},"modified":"2023-10-31T13:32:37","modified_gmt":"2023-10-31T13:32:37","slug":"centre-de-soins-acasa-maennedorf","status":"publish","type":"page","link":"https:\/\/objektmobiliar.ch\/fr\/referenzen\/pflegezentrum-acasa-maennedorf\/","title":{"rendered":"Centre de soins Acasa M\u00e4nnedorf"},"content":{"rendered":"<div class=\"lazyblock-bildslider-fullsize-ozg-L5KU8 wp-block-lazyblock-bildslider-fullsize-ozg\"><section class=\"sct nopadding\">\r\n      <div data-delay=\"9000\" data-animation=\"fade\" class=\"elmnt-homeslider w-slider\" data-autoplay=\"true\" data-easing=\"linear\" data-hide-arrows=\"false\" data-disable-swipe=\"true\" data-autoplay-limit=\"0\" data-nav-spacing=\"3\" data-duration=\"2000\" data-infinite=\"true\">\r\n        \r\n      <div class=\"visual-homeslider\" ><\/div>\r\n        \r\n       <div class=\"w-slider-mask\">\r\n          <div class=\"homeslider-slide w-slide\">\r\n            <div class=\"homeslider-img\"><img decoding=\"async\" src=\"https:\/\/objektmobiliar.ch\/wp-content\/uploads\/2023\/10\/objektmobiliar-referenz-speisesaal-pflegezentrum-acasa-maennedorf.jpg\" loading=\"eager\" alt=\"\"><\/div>\r\n          <\/div>\r\n        <\/div>\r\n        <div class=\"hidden w-slider-arrow-left\">\r\n          <div class=\"w-icon-slider-left\"><\/div>\r\n        <\/div>\r\n        <div class=\"hidden w-slider-arrow-right\">\r\n          <div class=\"w-icon-slider-right\"><\/div>\r\n        <\/div>\r\n        <div class=\"hidden w-slider-nav\"><\/div>\r\n      <\/div>\r\n    <\/section><\/div>\n\n<div class=\"lazyblock-text-modul-ozg-Z1WNGEr wp-block-lazyblock-text-modul-ozg\"><section class=\"sct\">\r\n      <div class=\"cnt narrow\">\r\n        <div class=\"w-richtext\">\r\n            <h1 style=\"text-align: left;\">Pflegezentrum Acasa M\u00e4nnedorf<\/h1>\n<p style=\"text-align: left;\">Das Haus Dorothea wurde 2021\/2022 von Grund auf saniert und bildet das Portal zum Pflege-heim acasa M\u00e4nnedorf. Neben 52 Einzelbett-Zimmern und 3 Zwei-Zimmer-Appartements befindet sich hier auch der ger\u00e4umige Speisesaal. Im Zuge der Renovierung durften wir von OZG den Speisesaal mit neuen M\u00f6beln ausstatten, welche das einheitliche Raumkonzept aufgreifen und unterstreichen. Passend zum hellen Ambiente des Raumes wurden Sitzm\u00f6bel mit Holzelementen aus aufgehellter Buche gew\u00e4hlt. St\u00fchle mit Kunstlederbezug in der Farbe Kirsche setzen Akzente und harmonieren perfekt mit der roten Front der Buffetzeile.<\/p>\r\n        <\/div>\r\n      <\/div>\r\n    <\/section><\/div>\n\n<div class=\"lazyblock-text-modul-ozg-eDka4 wp-block-lazyblock-text-modul-ozg\"><section class=\"sct\">\r\n      <div class=\"cnt semi\">\r\n        <div class=\"w-richtext\">\r\n            <div style=\"width: 1920px;\" class=\"wp-video\"><video class=\"wp-video-shortcode\" id=\"video-1048-1\" width=\"1920\" height=\"1080\" poster=\"https:\/\/objektmobiliar.ch\/wp-content\/uploads\/2023\/10\/objektmobiliar-referenz-speisesaal-pflegezentrum-acasa-maennedorf.jpg\" preload=\"metadata\" controls=\"controls\"><source type=\"video\/mp4\" src=\"https:\/\/objektmobiliar.ch\/wp-content\/uploads\/2023\/10\/acasa-maennedorf-2k-comp.mp4?_=1\" \/><a href=\"https:\/\/objektmobiliar.ch\/wp-content\/uploads\/2023\/10\/acasa-maennedorf-2k-comp.mp4\">https:\/\/objektmobiliar.ch\/wp-content\/uploads\/2023\/10\/acasa-maennedorf-2k-comp.mp4<\/a><\/video><\/div>\r\n        <\/div>\r\n      <\/div>\r\n    <\/section><\/div>\n\n<div class=\"lazyblock-text-modul-ozg-ZytmIf wp-block-lazyblock-text-modul-ozg\"><section class=\"sct\">\r\n      <div class=\"cnt narrow\">\r\n        <div class=\"w-richtext\">\r\n            <h2>Unsere Pflegegerechten M\u00f6bel im Restaurantbereich:<\/h2>\n<p><b>Stuhl Paloma 8 mit und ohne Armlehnen<br \/><\/b>Mit Komfort-Sitz | Holz: aufgehellte Buche | Kunstlederbezug Decovin Nappa, Farben: Khaki und Kirsche<\/p>\n<p><b><\/b><b>Tisch <\/b><b>Pade<br \/><\/b>Modell mit Mittels\u00e4ule und Modell mit T-F\u00fcssen, beides aus geb\u00fcrstetem Edelstahl | Tischplatte mit Kunstharzbelag und abgeschr\u00e4gter Tischkante<\/p>\n<p><b><\/b><b>Sessel <\/b><b>Tulipano<\/b><b>\u00a095B und 95S<br \/><\/b>F\u00fcsse aus aufgehellter Buche | Kunstlederbezug Decovin Nappa, Farben: Khaki und Kirsche<\/p>\n<p><b>Couchtisch\u00a0<\/b><b>Elu<br \/><\/b>Tischplatte rund, \u00d8 50 cm | H\u00f6he 60 cm | Holz aufgehellte Buche<\/p>\r\n        <\/div>\r\n      <\/div>\r\n    <\/section><\/div>\n\n<div class=\"lazyblock-bildergalerie-lightbox-ozg-Z1lLwfa wp-block-lazyblock-bildergalerie-lightbox-ozg\"><section class=\"sct\">\r\n  <div class=\"cnt semi\">\r\n    <div class=\"introtxt\">\r\n    <div class=\"w-richtext\">\r\n        \r\n    <\/div>\r\n    <\/div>\r\n  \r\n    <div class=\"elmnt-imggallery\">\r\n      <a href=\"#\" class=\"imggallery-link w-inline-block w-lightbox\">\r\n        <img decoding=\"async\" src=\"https:\/\/objektmobiliar.ch\/wp-content\/uploads\/2023\/10\/tische-stuehle-restaurant-pflegezentrum-acasa-maennedorf.jpg\" loading=\"lazy\" alt=\"\" class=\"imggallery-img\">\r\n        <script type=\"application\/json\" class=\"w-json\">\r\n            {\r\n              \"items\": [{\r\n\r\n                \"url\": \"https:\/\/objektmobiliar.ch\/wp-content\/uploads\/2023\/10\/tische-stuehle-restaurant-pflegezentrum-acasa-maennedorf.jpg\",\r\n                \"caption\": \"\",\r\n                \"type\": \"image\"\r\n              }],\r\n              \"group\": \"acasa-maennedorf\"\r\n            }\r\n          <\/script>\r\n      <\/a>\r\n      <a href=\"#\" class=\"imggallery-link w-inline-block w-lightbox\">\r\n        <img decoding=\"async\" src=\"https:\/\/objektmobiliar.ch\/wp-content\/uploads\/2023\/10\/objektmoebel-speisesaal-pflegezentrum-acasa-maennedorf.jpg\" loading=\"lazy\" alt=\"\" class=\"imggallery-img\">\r\n        <script type=\"application\/json\" class=\"w-json\">\r\n            {\r\n              \"items\": [{\r\n\r\n                \"url\": \"https:\/\/objektmobiliar.ch\/wp-content\/uploads\/2023\/10\/objektmoebel-speisesaal-pflegezentrum-acasa-maennedorf.jpg\",\r\n                \"caption\": \"\",\r\n                \"type\": \"image\"\r\n              }],\r\n              \"group\": \"acasa-maennedorf\"\r\n            }\r\n          <\/script>\r\n      <\/a>\r\n      <a href=\"#\" class=\"imggallery-link w-inline-block w-lightbox\">\r\n        <img decoding=\"async\" src=\"https:\/\/objektmobiliar.ch\/wp-content\/uploads\/2023\/10\/objektmoebel-referenz-speisesaal-pflegezentrum-acasa-maennedorf.jpg\" loading=\"lazy\" alt=\"\" class=\"imggallery-img\">\r\n        <script type=\"application\/json\" class=\"w-json\">\r\n            {\r\n              \"items\": [{\r\n\r\n                \"url\": \"https:\/\/objektmobiliar.ch\/wp-content\/uploads\/2023\/10\/objektmoebel-referenz-speisesaal-pflegezentrum-acasa-maennedorf.jpg\",\r\n                \"caption\": \"\",\r\n                \"type\": \"image\"\r\n              }],\r\n              \"group\": \"acasa-maennedorf\"\r\n            }\r\n          <\/script>\r\n      <\/a>\r\n      <a href=\"#\" class=\"imggallery-link w-inline-block w-lightbox\">\r\n        <img decoding=\"async\" src=\"https:\/\/objektmobiliar.ch\/wp-content\/uploads\/2023\/10\/tisch-stuehle-speisesaal-pflegezentrum-acasa.jpg\" loading=\"lazy\" alt=\"\" class=\"imggallery-img\">\r\n        <script type=\"application\/json\" class=\"w-json\">\r\n            {\r\n              \"items\": [{\r\n\r\n                \"url\": \"https:\/\/objektmobiliar.ch\/wp-content\/uploads\/2023\/10\/tisch-stuehle-speisesaal-pflegezentrum-acasa.jpg\",\r\n                \"caption\": \"\",\r\n                \"type\": \"image\"\r\n              }],\r\n              \"group\": \"acasa-maennedorf\"\r\n            }\r\n          <\/script>\r\n      <\/a>\r\n      <a href=\"#\" class=\"imggallery-link w-inline-block w-lightbox\">\r\n        <img decoding=\"async\" src=\"https:\/\/objektmobiliar.ch\/wp-content\/uploads\/2023\/10\/tische-stuehle-speisesaal-pflegezentrum-acasa-maennedorf.jpg\" loading=\"lazy\" alt=\"\" class=\"imggallery-img\">\r\n        <script type=\"application\/json\" class=\"w-json\">\r\n            {\r\n              \"items\": [{\r\n\r\n                \"url\": \"https:\/\/objektmobiliar.ch\/wp-content\/uploads\/2023\/10\/tische-stuehle-speisesaal-pflegezentrum-acasa-maennedorf.jpg\",\r\n                \"caption\": \"\",\r\n                \"type\": \"image\"\r\n              }],\r\n              \"group\": \"acasa-maennedorf\"\r\n            }\r\n          <\/script>\r\n      <\/a>\r\n      <a href=\"#\" class=\"imggallery-link w-inline-block w-lightbox\">\r\n        <img decoding=\"async\" src=\"https:\/\/objektmobiliar.ch\/wp-content\/uploads\/2023\/10\/objektmoebel-sitzgruppe-pflegezentrum-acasa-maennedorf.jpg\" loading=\"lazy\" alt=\"\" class=\"imggallery-img\">\r\n        <script type=\"application\/json\" class=\"w-json\">\r\n            {\r\n              \"items\": [{\r\n\r\n                \"url\": \"https:\/\/objektmobiliar.ch\/wp-content\/uploads\/2023\/10\/objektmoebel-sitzgruppe-pflegezentrum-acasa-maennedorf.jpg\",\r\n                \"caption\": \"\",\r\n                \"type\": \"image\"\r\n              }],\r\n              \"group\": \"acasa-maennedorf\"\r\n            }\r\n          <\/script>\r\n      <\/a>\r\n    <\/div>\r\n    \r\n  <\/div>\r\n<\/section><\/div>","protected":false},"excerpt":{"rendered":"<p>La maison Dorothea a \u00e9t\u00e9 r\u00e9nov\u00e9e de fond en comble en 2021\/2022 et constitue le portail de la maison de soins acasa M\u00e4nnedorf.<\/p>","protected":false},"author":2,"featured_media":1049,"parent":1035,"menu_order":0,"comment_status":"closed","ping_status":"closed","template":"","meta":{"advgb_blocks_editor_width":"","advgb_blocks_columns_visual_guide":"","footnotes":""},"class_list":["post-1048","page","type-page","status-publish","has-post-thumbnail","hentry"],"yoast_head":"<!-- This site is optimized with the Yoast SEO plugin v27.4 - https:\/\/yoast.com\/product\/yoast-seo-wordpress\/ -->\n<title>Pflegezentrum Acasa M\u00e4nnedorf - OZG HEALTHCARE<\/title>\n<meta name=\"robots\" content=\"index, follow, max-snippet:-1, max-image-preview:large, max-video-preview:-1\" \/>\n<link rel=\"canonical\" href=\"https:\/\/objektmobiliar.ch\/fr\/references\/centre-de-soins-acasa-maennedorf\/\" \/>\n<meta property=\"og:locale\" content=\"fr_FR\" \/>\n<meta property=\"og:type\" content=\"article\" \/>\n<meta property=\"og:title\" content=\"Pflegezentrum Acasa M\u00e4nnedorf - OZG HEALTHCARE\" \/>\n<meta property=\"og:description\" content=\"Das Haus Dorothea wurde 2021\/2022 von Grund auf saniert und bildet das Portal zum Pflege-heim acasa M\u00e4nnedorf.\" \/>\n<meta property=\"og:url\" content=\"https:\/\/objektmobiliar.ch\/fr\/references\/centre-de-soins-acasa-maennedorf\/\" \/>\n<meta property=\"og:site_name\" content=\"OZG HEALTHCARE\" \/>\n<meta property=\"article:modified_time\" content=\"2023-10-31T13:32:37+00:00\" \/>\n<meta property=\"og:image\" content=\"https:\/\/objektmobiliar.ch\/wp-content\/uploads\/2023\/10\/objektmobiliar-referenz-speisesaal-pflegezentrum-acasa-maennedorf.jpg\" \/>\n\t<meta property=\"og:image:width\" content=\"2146\" \/>\n\t<meta property=\"og:image:height\" content=\"1109\" \/>\n\t<meta property=\"og:image:type\" content=\"image\/jpeg\" \/>\n<meta name=\"twitter:card\" content=\"summary_large_image\" \/>\n<script type=\"application\/ld+json\" class=\"yoast-schema-graph\">{\"@context\":\"https:\\\/\\\/schema.org\",\"@graph\":[{\"@type\":\"WebPage\",\"@id\":\"https:\\\/\\\/objektmobiliar.ch\\\/referenzen\\\/pflegezentrum-acasa-maennedorf\\\/\",\"url\":\"https:\\\/\\\/objektmobiliar.ch\\\/referenzen\\\/pflegezentrum-acasa-maennedorf\\\/\",\"name\":\"Pflegezentrum Acasa M\u00e4nnedorf - OZG HEALTHCARE\",\"isPartOf\":{\"@id\":\"https:\\\/\\\/objektmobiliar.ch\\\/#website\"},\"primaryImageOfPage\":{\"@id\":\"https:\\\/\\\/objektmobiliar.ch\\\/referenzen\\\/pflegezentrum-acasa-maennedorf\\\/#primaryimage\"},\"image\":{\"@id\":\"https:\\\/\\\/objektmobiliar.ch\\\/referenzen\\\/pflegezentrum-acasa-maennedorf\\\/#primaryimage\"},\"thumbnailUrl\":\"https:\\\/\\\/objektmobiliar.ch\\\/wp-content\\\/uploads\\\/2023\\\/10\\\/objektmobiliar-referenz-speisesaal-pflegezentrum-acasa-maennedorf.jpg\",\"datePublished\":\"2023-10-21T20:19:39+00:00\",\"dateModified\":\"2023-10-31T13:32:37+00:00\",\"breadcrumb\":{\"@id\":\"https:\\\/\\\/objektmobiliar.ch\\\/referenzen\\\/pflegezentrum-acasa-maennedorf\\\/#breadcrumb\"},\"inLanguage\":\"fr-FR\",\"potentialAction\":[{\"@type\":\"ReadAction\",\"target\":[\"https:\\\/\\\/objektmobiliar.ch\\\/referenzen\\\/pflegezentrum-acasa-maennedorf\\\/\"]}]},{\"@type\":\"ImageObject\",\"inLanguage\":\"fr-FR\",\"@id\":\"https:\\\/\\\/objektmobiliar.ch\\\/referenzen\\\/pflegezentrum-acasa-maennedorf\\\/#primaryimage\",\"url\":\"https:\\\/\\\/objektmobiliar.ch\\\/wp-content\\\/uploads\\\/2023\\\/10\\\/objektmobiliar-referenz-speisesaal-pflegezentrum-acasa-maennedorf.jpg\",\"contentUrl\":\"https:\\\/\\\/objektmobiliar.ch\\\/wp-content\\\/uploads\\\/2023\\\/10\\\/objektmobiliar-referenz-speisesaal-pflegezentrum-acasa-maennedorf.jpg\",\"width\":2146,\"height\":1109},{\"@type\":\"BreadcrumbList\",\"@id\":\"https:\\\/\\\/objektmobiliar.ch\\\/referenzen\\\/pflegezentrum-acasa-maennedorf\\\/#breadcrumb\",\"itemListElement\":[{\"@type\":\"ListItem\",\"position\":1,\"name\":\"Startseite\",\"item\":\"https:\\\/\\\/objektmobiliar.ch\\\/\"},{\"@type\":\"ListItem\",\"position\":2,\"name\":\"Referenzen\",\"item\":\"https:\\\/\\\/objektmobiliar.ch\\\/referenzen\\\/\"},{\"@type\":\"ListItem\",\"position\":3,\"name\":\"Pflegezentrum Acasa M\u00e4nnedorf\"}]},{\"@type\":\"WebSite\",\"@id\":\"https:\\\/\\\/objektmobiliar.ch\\\/#website\",\"url\":\"https:\\\/\\\/objektmobiliar.ch\\\/\",\"name\":\"OZG HEALTHCARE\",\"description\":\"Objektmobiliar f\u00fcr Pflege, B\u00fcro, Praxis &amp; Hotellerie\",\"potentialAction\":[{\"@type\":\"SearchAction\",\"target\":{\"@type\":\"EntryPoint\",\"urlTemplate\":\"https:\\\/\\\/objektmobiliar.ch\\\/?s={search_term_string}\"},\"query-input\":{\"@type\":\"PropertyValueSpecification\",\"valueRequired\":true,\"valueName\":\"search_term_string\"}}],\"inLanguage\":\"fr-FR\"}]}<\/script>\n<!-- \/ Yoast SEO plugin. -->","yoast_head_json":{"title":"Centre de soins Acasa M\u00e4nnedorf - OZG HEALTHCARE","robots":{"index":"index","follow":"follow","max-snippet":"max-snippet:-1","max-image-preview":"max-image-preview:large","max-video-preview":"max-video-preview:-1"},"canonical":"https:\/\/objektmobiliar.ch\/fr\/references\/centre-de-soins-acasa-maennedorf\/","og_locale":"fr_FR","og_type":"article","og_title":"Pflegezentrum Acasa M\u00e4nnedorf - OZG HEALTHCARE","og_description":"Das Haus Dorothea wurde 2021\/2022 von Grund auf saniert und bildet das Portal zum Pflege-heim acasa M\u00e4nnedorf.","og_url":"https:\/\/objektmobiliar.ch\/fr\/references\/centre-de-soins-acasa-maennedorf\/","og_site_name":"OZG HEALTHCARE","article_modified_time":"2023-10-31T13:32:37+00:00","og_image":[{"width":2146,"height":1109,"url":"https:\/\/objektmobiliar.ch\/wp-content\/uploads\/2023\/10\/objektmobiliar-referenz-speisesaal-pflegezentrum-acasa-maennedorf.jpg","type":"image\/jpeg"}],"twitter_card":"summary_large_image","schema":{"@context":"https:\/\/schema.org","@graph":[{"@type":"WebPage","@id":"https:\/\/objektmobiliar.ch\/referenzen\/pflegezentrum-acasa-maennedorf\/","url":"https:\/\/objektmobiliar.ch\/referenzen\/pflegezentrum-acasa-maennedorf\/","name":"Centre de soins Acasa M\u00e4nnedorf - OZG HEALTHCARE","isPartOf":{"@id":"https:\/\/objektmobiliar.ch\/#website"},"primaryImageOfPage":{"@id":"https:\/\/objektmobiliar.ch\/referenzen\/pflegezentrum-acasa-maennedorf\/#primaryimage"},"image":{"@id":"https:\/\/objektmobiliar.ch\/referenzen\/pflegezentrum-acasa-maennedorf\/#primaryimage"},"thumbnailUrl":"https:\/\/objektmobiliar.ch\/wp-content\/uploads\/2023\/10\/objektmobiliar-referenz-speisesaal-pflegezentrum-acasa-maennedorf.jpg","datePublished":"2023-10-21T20:19:39+00:00","dateModified":"2023-10-31T13:32:37+00:00","breadcrumb":{"@id":"https:\/\/objektmobiliar.ch\/referenzen\/pflegezentrum-acasa-maennedorf\/#breadcrumb"},"inLanguage":"fr-FR","potentialAction":[{"@type":"ReadAction","target":["https:\/\/objektmobiliar.ch\/referenzen\/pflegezentrum-acasa-maennedorf\/"]}]},{"@type":"ImageObject","inLanguage":"fr-FR","@id":"https:\/\/objektmobiliar.ch\/referenzen\/pflegezentrum-acasa-maennedorf\/#primaryimage","url":"https:\/\/objektmobiliar.ch\/wp-content\/uploads\/2023\/10\/objektmobiliar-referenz-speisesaal-pflegezentrum-acasa-maennedorf.jpg","contentUrl":"https:\/\/objektmobiliar.ch\/wp-content\/uploads\/2023\/10\/objektmobiliar-referenz-speisesaal-pflegezentrum-acasa-maennedorf.jpg","width":2146,"height":1109},{"@type":"BreadcrumbList","@id":"https:\/\/objektmobiliar.ch\/referenzen\/pflegezentrum-acasa-maennedorf\/#breadcrumb","itemListElement":[{"@type":"ListItem","position":1,"name":"Startseite","item":"https:\/\/objektmobiliar.ch\/"},{"@type":"ListItem","position":2,"name":"Referenzen","item":"https:\/\/objektmobiliar.ch\/referenzen\/"},{"@type":"ListItem","position":3,"name":"Pflegezentrum Acasa M\u00e4nnedorf"}]},{"@type":"WebSite","@id":"https:\/\/objektmobiliar.ch\/#website","url":"https:\/\/objektmobiliar.ch\/","name":"OZG HEALTHCARE","description":"Mobilier de collectivit\u00e9 pour les soins, les bureaux, les cabinets m\u00e9dicaux et l'h\u00f4tellerie","potentialAction":[{"@type":"SearchAction","target":{"@type":"EntryPoint","urlTemplate":"https:\/\/objektmobiliar.ch\/?s={search_term_string}"},"query-input":{"@type":"PropertyValueSpecification","valueRequired":true,"valueName":"search_term_string"}}],"inLanguage":"fr-FR"}]}},"coauthors":[],"author_meta":{"author_link":"https:\/\/objektmobiliar.ch\/fr\/author\/alex\/","display_name":"Alex"},"relative_dates":{"created":"Publi\u00e9 2 ans il y a","modified":"Mis \u00e0 jour 2 ans il y a"},"absolute_dates":{"created":"Publi\u00e9 le octobre 21, 2023","modified":"Mise \u00e0 jour le octobre 31, 2023"},"absolute_dates_time":{"created":"Publi\u00e9 le octobre 21, 2023 8:19 pm","modified":"Mise \u00e0 jour le octobre 31, 2023 1:32 pm"},"featured_img_caption":"","featured_img":"https:\/\/objektmobiliar.ch\/wp-content\/uploads\/2023\/10\/objektmobiliar-referenz-speisesaal-pflegezentrum-acasa-maennedorf-825x510.jpg","series_order":"","_links":{"self":[{"href":"https:\/\/objektmobiliar.ch\/fr\/wp-json\/wp\/v2\/pages\/1048","targetHints":{"allow":["GET"]}}],"collection":[{"href":"https:\/\/objektmobiliar.ch\/fr\/wp-json\/wp\/v2\/pages"}],"about":[{"href":"https:\/\/objektmobiliar.ch\/fr\/wp-json\/wp\/v2\/types\/page"}],"author":[{"embeddable":true,"href":"https:\/\/objektmobiliar.ch\/fr\/wp-json\/wp\/v2\/users\/2"}],"replies":[{"embeddable":true,"href":"https:\/\/objektmobiliar.ch\/fr\/wp-json\/wp\/v2\/comments?post=1048"}],"version-history":[{"count":15,"href":"https:\/\/objektmobiliar.ch\/fr\/wp-json\/wp\/v2\/pages\/1048\/revisions"}],"predecessor-version":[{"id":1544,"href":"https:\/\/objektmobiliar.ch\/fr\/wp-json\/wp\/v2\/pages\/1048\/revisions\/1544"}],"up":[{"embeddable":true,"href":"https:\/\/objektmobiliar.ch\/fr\/wp-json\/wp\/v2\/pages\/1035"}],"wp:featuredmedia":[{"embeddable":true,"href":"https:\/\/objektmobiliar.ch\/fr\/wp-json\/wp\/v2\/media\/1049"}],"wp:attachment":[{"href":"https:\/\/objektmobiliar.ch\/fr\/wp-json\/wp\/v2\/media?parent=1048"}],"curies":[{"name":"wp","href":"https:\/\/api.w.org\/{rel}","templated":true}]}}