{"id":1035,"date":"2023-10-21T19:46:51","date_gmt":"2023-10-21T19:46:51","guid":{"rendered":"https:\/\/dev.objektmobiliar.ch\/?page_id=1035"},"modified":"2026-02-04T15:33:48","modified_gmt":"2026-02-04T15:33:48","slug":"references","status":"publish","type":"page","link":"https:\/\/objektmobiliar.ch\/fr\/referenzen\/","title":{"rendered":"R\u00e9f\u00e9rences"},"content":{"rendered":"<div class=\"lazyblock-bildslider-fullsize-ozg-2l1nVr wp-block-lazyblock-bildslider-fullsize-ozg\"><section class=\"sct nopadding\">\r\n      <div data-delay=\"9000\" data-animation=\"fade\" class=\"elmnt-homeslider w-slider\" data-autoplay=\"true\" data-easing=\"linear\" data-hide-arrows=\"false\" data-disable-swipe=\"true\" data-autoplay-limit=\"0\" data-nav-spacing=\"3\" data-duration=\"2000\" data-infinite=\"true\">\r\n        \r\n      <div class=\"visual-homeslider\" ><\/div>\r\n        \r\n       <div class=\"w-slider-mask\">\r\n          <div class=\"homeslider-slide w-slide\">\r\n            <div class=\"homeslider-img\"><img decoding=\"async\" src=\"https:\/\/objektmobiliar.ch\/wp-content\/uploads\/2025\/06\/Referenz-Viva-Luzern-Eichhof.jpg\" loading=\"eager\" alt=\"\"><\/div>\r\n          <\/div>\r\n        <\/div>\r\n        <div class=\"hidden w-slider-arrow-left\">\r\n          <div class=\"w-icon-slider-left\"><\/div>\r\n        <\/div>\r\n        <div class=\"hidden w-slider-arrow-right\">\r\n          <div class=\"w-icon-slider-right\"><\/div>\r\n        <\/div>\r\n        <div class=\"hidden w-slider-nav\"><\/div>\r\n      <\/div>\r\n    <\/section><\/div>\n\n<div class=\"lazyblock-text-modul-ozg-LvtKy wp-block-lazyblock-text-modul-ozg\"><section class=\"sct\">\r\n      <div class=\"cnt narrow\">\r\n        <div class=\"w-richtext\">\r\n            <h1 style=\"text-align: center;\">Projets de r\u00e9f\u00e9rence et clients<\/h1>\n<h2 style=\"text-align: center;\">Am\u00e9nagement sur mesure en fonction des besoins<\/h2>\n<p style=\"text-align: center;\">Au cours des derni\u00e8res ann\u00e9es, nous avons eu le plaisir de cr\u00e9er et de mettre en \u0153uvre de nombreux concepts d'am\u00e9nagement dans des maisons de repos, des centres pour personnes \u00e2g\u00e9es et des r\u00e9sidences pour seniors en Suisse. Plongez-vous dans les projets de r\u00e9f\u00e9rence et les exemples de clients attrayants pr\u00e9sent\u00e9s ci-dessous.<\/p>\n<p style=\"text-align: center;\">Vous souhaitez vous lancer dans un projet d'am\u00e9nagement ou vous cherchez du mobilier adapt\u00e9 ? N'h\u00e9sitez pas \u00e0 nous contacter.<\/p>\r\n        <\/div>\r\n            <div class=\"center\"><a onclick=\"splite_loader();\" class=\"btn\" >Contact<\/a><\/div>\r\n      <\/div>\r\n    <\/section><\/div>\n\n<div class=\"lazyblock-bildergalerie-referenzen-ozg-1LklwW wp-block-lazyblock-bildergalerie-referenzen-ozg\"><section class=\"sct\">\r\n  <div class=\"cnt semi\">\r\n    <div class=\"w-richtext\">\r\n        <h2 style=\"text-align: left;\">Une s\u00e9lection de nos clients et de nos services<\/h2>\r\n    <\/div>\r\n    <div class=\"w-layout-grid elmnt-refgallery\">\r\n      \r\n      <a href=\"https:\/\/objektmobiliar.ch\/fr\/references\/ausstattung-pflegewohngruppe-grueneck\/\" class=\"refgallery-link w-inline-block\">\r\n        <div class=\"refgallery-desc\">\r\n          <div>Pflegewohngruppe Gr\u00fcneck im Dorf<\/div>\r\n        <\/div>\r\n        <img decoding=\"async\" src=\"https:\/\/objektmobiliar.ch\/wp-content\/uploads\/2026\/02\/Objektmobiliar-Referenz-Pflegewohngruppe-Grueneck-scaled.jpg\" loading=\"lazy\" alt=\"Objektmobiliar-Referenz-Pflegewohngruppe-Gr\u00fcneck\" class=\"imggallery-img\">\r\n      <\/a>\r\n      <a href=\"https:\/\/objektmobiliar.ch\/fr\/references\/nouveau-mobilier-de-salle-a-manger\/\" class=\"refgallery-link w-inline-block\">\r\n        <div class=\"refgallery-desc\">\r\n          <div>Salle \u00e0 manger du mobilier Solino, Boswil<\/div>\r\n        <\/div>\r\n        <img decoding=\"async\" src=\"https:\/\/objektmobiliar.ch\/wp-content\/uploads\/2025\/09\/OZG-Objektmoebel-Speisesaal-Pflegeheim-Solino.jpg\" loading=\"lazy\" alt=\"\" class=\"imggallery-img\">\r\n      <\/a>\r\n      <a href=\"https:\/\/objektmobiliar.ch\/fr\/references\/mobilier-dobjet-dans-la-chambre-des-plantes\/\" class=\"refgallery-link w-inline-block\">\r\n        <div class=\"refgallery-desc\">\r\n          <div>Chambre des plantes St. Johann, Hergiswil<\/div>\r\n        <\/div>\r\n        <img decoding=\"async\" src=\"https:\/\/objektmobiliar.ch\/wp-content\/uploads\/2025\/06\/Objektmobiliar-Sitzecke-im-Pflanzenzimmer.jpg\" loading=\"lazy\" alt=\"\" class=\"imggallery-img\">\r\n      <\/a>\r\n      <a href=\"https:\/\/objektmobiliar.ch\/fr\/references\/reference-viva-luzern-eichhof\/\" class=\"refgallery-link w-inline-block\">\r\n        <div class=\"refgallery-desc\">\r\n          <div>Viva Luzern Eichhof<\/div>\r\n        <\/div>\r\n        <img decoding=\"async\" src=\"https:\/\/objektmobiliar.ch\/wp-content\/uploads\/2025\/06\/Objektmoebel-Foyer-Viva-Luzern-Eichhof-2.jpg\" loading=\"lazy\" alt=\"\" class=\"imggallery-img\">\r\n      <\/a>\r\n      <a href=\"https:\/\/objektmobiliar.ch\/fr\/reference-centre-aettenbuehl\/\" class=\"refgallery-link w-inline-block\">\r\n        <div class=\"refgallery-desc\">\r\n          <div>Centre Aettenb\u00fchl, Sins<\/div>\r\n        <\/div>\r\n        <img decoding=\"async\" src=\"https:\/\/objektmobiliar.ch\/wp-content\/uploads\/2025\/02\/OZG-Objektmobiliar-Referenz-Loungesessel-blau-1.jpg\" loading=\"lazy\" alt=\"\" class=\"imggallery-img\">\r\n      <\/a>\r\n      <a href=\"https:\/\/objektmobiliar.ch\/fr\/references\/almacasa-regensdorf\/\" class=\"refgallery-link w-inline-block\">\r\n        <div class=\"refgallery-desc\">\r\n          <div>Almacasa Regensdorf<\/div>\r\n        <\/div>\r\n        <img decoding=\"async\" src=\"https:\/\/objektmobiliar.ch\/wp-content\/uploads\/2024\/05\/063_260A6937_komp.jpg\" loading=\"lazy\" alt=\"Concept de couleurs de l&#039;\u00e9tablissement de soins avec mobilier assorti Jaune\" class=\"imggallery-img\">\r\n      <\/a>\r\n      <a href=\"https:\/\/objektmobiliar.ch\/fr\/references\/centre-pour-personnes-agees-st-josef-a-ingenbohl\/\" class=\"refgallery-link w-inline-block\">\r\n        <div class=\"refgallery-desc\">\r\n          <div>Centre pour personnes \u00e2g\u00e9es St. Josef, Ingenbohl<\/div>\r\n        <\/div>\r\n        <img decoding=\"async\" src=\"https:\/\/objektmobiliar.ch\/wp-content\/uploads\/2024\/02\/Innenarchitektur-und-Einrichtung-Altersheim-St.-Josef-Aufenthaltsbereich-mit-Raumteiler.jpg\" loading=\"lazy\" alt=\"\" class=\"imggallery-img\">\r\n      <\/a>\r\n      <a href=\"https:\/\/objektmobiliar.ch\/fr\/references\/sunneziel-meggen\/\" class=\"refgallery-link w-inline-block\">\r\n        <div class=\"refgallery-desc\">\r\n          <div>Fondation de la cit\u00e9 pour personnes \u00e2g\u00e9es Sunneziel, Meggen<\/div>\r\n        <\/div>\r\n        <img decoding=\"async\" src=\"https:\/\/objektmobiliar.ch\/wp-content\/uploads\/2023\/12\/Komfortable-Stuehle-fuer-Pflegeeinrichtung.jpg\" loading=\"lazy\" alt=\"\" class=\"imggallery-img\">\r\n      <\/a>\r\n      <a href=\"https:\/\/objektmobiliar.ch\/fr\/references\/centre-de-soins-acasa-maennedorf\/\" class=\"refgallery-link w-inline-block\">\r\n        <div class=\"refgallery-desc\">\r\n          <div>Centre de soins Acasa, M\u00e4nnendorf<\/div>\r\n        <\/div>\r\n        <img decoding=\"async\" src=\"https:\/\/objektmobiliar.ch\/wp-content\/uploads\/2023\/10\/objektmobiliar-referenz-speisesaal-pflegezentrum-acasa-maennedorf.jpg\" loading=\"lazy\" alt=\"\" class=\"imggallery-img\">\r\n      <\/a>\r\n      <a href=\"https:\/\/objektmobiliar.ch\/fr\/references\/elisabethenpark-luzern\/\" class=\"refgallery-link w-inline-block\">\r\n        <div class=\"refgallery-desc\">\r\n          <div>Parc Elisabethen Lucerne<\/div>\r\n        <\/div>\r\n        <img decoding=\"async\" src=\"https:\/\/objektmobiliar.ch\/wp-content\/uploads\/2023\/12\/260A7874_kompr-e1714403325735.jpg\" loading=\"lazy\" alt=\"Gamme de mobilier de collectivit\u00e9 de OZG\" class=\"imggallery-img\">\r\n      <\/a>\r\n      <a href=\"https:\/\/objektmobiliar.ch\/fr\/references\/centre-pour-personnes-agees-st-anna\/\" class=\"refgallery-link w-inline-block\">\r\n        <div class=\"refgallery-desc\">\r\n          <div>Centre pour personnes \u00e2g\u00e9es St. Anna, Lucerne<\/div>\r\n        <\/div>\r\n        <img decoding=\"async\" src=\"https:\/\/objektmobiliar.ch\/wp-content\/uploads\/2023\/10\/033_260a5795_small.jpg\" loading=\"lazy\" alt=\"Centre pour personnes \u00e2g\u00e9es St. Anna\" class=\"imggallery-img\">\r\n      <\/a>\r\n      <a href=\"https:\/\/objektmobiliar.ch\/fr\/references\/centre-pour-personnes-agees-breitlen\/\" class=\"refgallery-link w-inline-block\">\r\n        <div class=\"refgallery-desc\">\r\n          <div>Centre pour personnes \u00e2g\u00e9es Breitlen, Hombrechtikon<\/div>\r\n        <\/div>\r\n        <img decoding=\"async\" src=\"https:\/\/objektmobiliar.ch\/wp-content\/uploads\/2023\/10\/tische-stuehle-speisesaal-alterszentrum-breitlen-hombrechtikon.jpg\" loading=\"lazy\" alt=\"\" class=\"imggallery-img\">\r\n      <\/a>\r\n      <a href=\"https:\/\/objektmobiliar.ch\/fr\/references\/residence-de-soins-winkel\/\" class=\"refgallery-link w-inline-block\">\r\n        <div class=\"refgallery-desc\">\r\n          <div>R\u00e9sidence m\u00e9dicalis\u00e9e Winkel<\/div>\r\n        <\/div>\r\n        <img decoding=\"async\" src=\"https:\/\/objektmobiliar.ch\/wp-content\/uploads\/2023\/10\/260a9567.jpg\" loading=\"lazy\" alt=\"\" class=\"imggallery-img\">\r\n      <\/a>\r\n      <a href=\"https:\/\/objektmobiliar.ch\/fr\/references\/parc-du-tilleul-huenenberg\/\" class=\"refgallery-link w-inline-block\">\r\n        <div class=\"refgallery-desc\">\r\n          <div>LINDENPARK Habitat pour personnes \u00e2g\u00e9es, H\u00fcnenberg<\/div>\r\n        <\/div>\r\n        <img decoding=\"async\" src=\"https:\/\/objektmobiliar.ch\/wp-content\/uploads\/2023\/10\/009_260a5671_low-1.jpg\" loading=\"lazy\" alt=\"\" class=\"imggallery-img\">\r\n      <\/a>\r\n          \r\n    <\/div>\r\n  <\/div>\r\n<\/section><\/div>","protected":false},"excerpt":{"rendered":"<p>Ces derni\u00e8res ann\u00e9es, nous avons eu le plaisir de cr\u00e9er et de mettre en \u0153uvre de nombreux concepts d'am\u00e9nagement dans des maisons de soins, des centres pour personnes \u00e2g\u00e9es et des r\u00e9sidences pour seniors en Suisse. Laissez-vous inspirer par les projets pr\u00e9sent\u00e9s ici.<\/p>","protected":false},"author":2,"featured_media":4900,"parent":0,"menu_order":0,"comment_status":"closed","ping_status":"closed","template":"","meta":{"advgb_blocks_editor_width":"","advgb_blocks_columns_visual_guide":"","footnotes":""},"class_list":["post-1035","page","type-page","status-publish","has-post-thumbnail","hentry"],"yoast_head":"<!-- This site is optimized with the Yoast SEO plugin v27.4 - https:\/\/yoast.com\/product\/yoast-seo-wordpress\/ -->\n<title>Referenzprojekte und Kunden - OZG Objektmobiliar<\/title>\n<meta name=\"description\" content=\"Aktuelle Referenzprojekte und Kunden-Beispielen, die OZG Objektmobiliar in Pflegeheimen, Alterszentren und Seniorenresidenzen umsetzen konnte\" \/>\n<meta name=\"robots\" content=\"index, follow, max-snippet:-1, max-image-preview:large, max-video-preview:-1\" \/>\n<link rel=\"canonical\" href=\"https:\/\/objektmobiliar.ch\/fr\/references\/\" \/>\n<meta property=\"og:locale\" content=\"fr_FR\" \/>\n<meta property=\"og:type\" content=\"article\" \/>\n<meta property=\"og:title\" content=\"Referenzprojekte und Kunden - OZG Objektmobiliar\" \/>\n<meta property=\"og:description\" content=\"Aktuelle Referenzprojekte und Kunden-Beispielen, die OZG Objektmobiliar in Pflegeheimen, Alterszentren und Seniorenresidenzen umsetzen konnte\" \/>\n<meta property=\"og:url\" content=\"https:\/\/objektmobiliar.ch\/fr\/references\/\" \/>\n<meta property=\"og:site_name\" content=\"OZG HEALTHCARE\" \/>\n<meta property=\"article:modified_time\" content=\"2026-02-04T15:33:48+00:00\" \/>\n<meta property=\"og:image\" content=\"https:\/\/objektmobiliar.ch\/wp-content\/uploads\/2025\/02\/OZG-Objektmobiliar-Referenz-Loungesessel-blau-1.jpg\" \/>\n\t<meta property=\"og:image:width\" content=\"1356\" \/>\n\t<meta property=\"og:image:height\" content=\"905\" \/>\n\t<meta property=\"og:image:type\" content=\"image\/jpeg\" \/>\n<meta name=\"twitter:card\" content=\"summary_large_image\" \/>\n<meta name=\"twitter:label1\" content=\"Dur\u00e9e de lecture estim\u00e9e\" \/>\n\t<meta name=\"twitter:data1\" content=\"4 minutes\" \/>\n<script type=\"application\/ld+json\" class=\"yoast-schema-graph\">{\"@context\":\"https:\\\/\\\/schema.org\",\"@graph\":[{\"@type\":\"WebPage\",\"@id\":\"https:\\\/\\\/objektmobiliar.ch\\\/referenzen\\\/\",\"url\":\"https:\\\/\\\/objektmobiliar.ch\\\/referenzen\\\/\",\"name\":\"Referenzprojekte und Kunden - OZG Objektmobiliar\",\"isPartOf\":{\"@id\":\"https:\\\/\\\/objektmobiliar.ch\\\/#website\"},\"primaryImageOfPage\":{\"@id\":\"https:\\\/\\\/objektmobiliar.ch\\\/referenzen\\\/#primaryimage\"},\"image\":{\"@id\":\"https:\\\/\\\/objektmobiliar.ch\\\/referenzen\\\/#primaryimage\"},\"thumbnailUrl\":\"https:\\\/\\\/objektmobiliar.ch\\\/wp-content\\\/uploads\\\/2025\\\/02\\\/OZG-Objektmobiliar-Referenz-Loungesessel-blau-1.jpg\",\"datePublished\":\"2023-10-21T19:46:51+00:00\",\"dateModified\":\"2026-02-04T15:33:48+00:00\",\"description\":\"Aktuelle Referenzprojekte und Kunden-Beispielen, die OZG Objektmobiliar in Pflegeheimen, Alterszentren und Seniorenresidenzen umsetzen konnte\",\"breadcrumb\":{\"@id\":\"https:\\\/\\\/objektmobiliar.ch\\\/referenzen\\\/#breadcrumb\"},\"inLanguage\":\"fr-FR\",\"potentialAction\":[{\"@type\":\"ReadAction\",\"target\":[\"https:\\\/\\\/objektmobiliar.ch\\\/referenzen\\\/\"]}]},{\"@type\":\"ImageObject\",\"inLanguage\":\"fr-FR\",\"@id\":\"https:\\\/\\\/objektmobiliar.ch\\\/referenzen\\\/#primaryimage\",\"url\":\"https:\\\/\\\/objektmobiliar.ch\\\/wp-content\\\/uploads\\\/2025\\\/02\\\/OZG-Objektmobiliar-Referenz-Loungesessel-blau-1.jpg\",\"contentUrl\":\"https:\\\/\\\/objektmobiliar.ch\\\/wp-content\\\/uploads\\\/2025\\\/02\\\/OZG-Objektmobiliar-Referenz-Loungesessel-blau-1.jpg\",\"width\":1356,\"height\":905},{\"@type\":\"BreadcrumbList\",\"@id\":\"https:\\\/\\\/objektmobiliar.ch\\\/referenzen\\\/#breadcrumb\",\"itemListElement\":[{\"@type\":\"ListItem\",\"position\":1,\"name\":\"Startseite\",\"item\":\"https:\\\/\\\/objektmobiliar.ch\\\/\"},{\"@type\":\"ListItem\",\"position\":2,\"name\":\"Referenzen\"}]},{\"@type\":\"WebSite\",\"@id\":\"https:\\\/\\\/objektmobiliar.ch\\\/#website\",\"url\":\"https:\\\/\\\/objektmobiliar.ch\\\/\",\"name\":\"OZG HEALTHCARE\",\"description\":\"Objektmobiliar f\u00fcr Pflege, B\u00fcro, Praxis &amp; Hotellerie\",\"potentialAction\":[{\"@type\":\"SearchAction\",\"target\":{\"@type\":\"EntryPoint\",\"urlTemplate\":\"https:\\\/\\\/objektmobiliar.ch\\\/?s={search_term_string}\"},\"query-input\":{\"@type\":\"PropertyValueSpecification\",\"valueRequired\":true,\"valueName\":\"search_term_string\"}}],\"inLanguage\":\"fr-FR\"}]}<\/script>\n<!-- \/ Yoast SEO plugin. -->","yoast_head_json":{"title":"Projets de r\u00e9f\u00e9rence et clients - OZG Objektmobiliar","description":"Projets de r\u00e9f\u00e9rence actuels et exemples de clients que OZG Objektmobiliar a pu mettre en \u0153uvre dans des maisons de soins, des centres pour personnes \u00e2g\u00e9es et des r\u00e9sidences pour seniors","robots":{"index":"index","follow":"follow","max-snippet":"max-snippet:-1","max-image-preview":"max-image-preview:large","max-video-preview":"max-video-preview:-1"},"canonical":"https:\/\/objektmobiliar.ch\/fr\/references\/","og_locale":"fr_FR","og_type":"article","og_title":"Referenzprojekte und Kunden - OZG Objektmobiliar","og_description":"Aktuelle Referenzprojekte und Kunden-Beispielen, die OZG Objektmobiliar in Pflegeheimen, Alterszentren und Seniorenresidenzen umsetzen konnte","og_url":"https:\/\/objektmobiliar.ch\/fr\/references\/","og_site_name":"OZG HEALTHCARE","article_modified_time":"2026-02-04T15:33:48+00:00","og_image":[{"width":1356,"height":905,"url":"https:\/\/objektmobiliar.ch\/wp-content\/uploads\/2025\/02\/OZG-Objektmobiliar-Referenz-Loungesessel-blau-1.jpg","type":"image\/jpeg"}],"twitter_card":"summary_large_image","twitter_misc":{"Dur\u00e9e de lecture estim\u00e9e":"4 minutes"},"schema":{"@context":"https:\/\/schema.org","@graph":[{"@type":"WebPage","@id":"https:\/\/objektmobiliar.ch\/referenzen\/","url":"https:\/\/objektmobiliar.ch\/referenzen\/","name":"Projets de r\u00e9f\u00e9rence et clients - OZG Objektmobiliar","isPartOf":{"@id":"https:\/\/objektmobiliar.ch\/#website"},"primaryImageOfPage":{"@id":"https:\/\/objektmobiliar.ch\/referenzen\/#primaryimage"},"image":{"@id":"https:\/\/objektmobiliar.ch\/referenzen\/#primaryimage"},"thumbnailUrl":"https:\/\/objektmobiliar.ch\/wp-content\/uploads\/2025\/02\/OZG-Objektmobiliar-Referenz-Loungesessel-blau-1.jpg","datePublished":"2023-10-21T19:46:51+00:00","dateModified":"2026-02-04T15:33:48+00:00","description":"Projets de r\u00e9f\u00e9rence actuels et exemples de clients que OZG Objektmobiliar a pu mettre en \u0153uvre dans des maisons de soins, des centres pour personnes \u00e2g\u00e9es et des r\u00e9sidences pour seniors","breadcrumb":{"@id":"https:\/\/objektmobiliar.ch\/referenzen\/#breadcrumb"},"inLanguage":"fr-FR","potentialAction":[{"@type":"ReadAction","target":["https:\/\/objektmobiliar.ch\/referenzen\/"]}]},{"@type":"ImageObject","inLanguage":"fr-FR","@id":"https:\/\/objektmobiliar.ch\/referenzen\/#primaryimage","url":"https:\/\/objektmobiliar.ch\/wp-content\/uploads\/2025\/02\/OZG-Objektmobiliar-Referenz-Loungesessel-blau-1.jpg","contentUrl":"https:\/\/objektmobiliar.ch\/wp-content\/uploads\/2025\/02\/OZG-Objektmobiliar-Referenz-Loungesessel-blau-1.jpg","width":1356,"height":905},{"@type":"BreadcrumbList","@id":"https:\/\/objektmobiliar.ch\/referenzen\/#breadcrumb","itemListElement":[{"@type":"ListItem","position":1,"name":"Startseite","item":"https:\/\/objektmobiliar.ch\/"},{"@type":"ListItem","position":2,"name":"Referenzen"}]},{"@type":"WebSite","@id":"https:\/\/objektmobiliar.ch\/#website","url":"https:\/\/objektmobiliar.ch\/","name":"OZG HEALTHCARE","description":"Mobilier de collectivit\u00e9 pour les soins, les bureaux, les cabinets m\u00e9dicaux et l'h\u00f4tellerie","potentialAction":[{"@type":"SearchAction","target":{"@type":"EntryPoint","urlTemplate":"https:\/\/objektmobiliar.ch\/?s={search_term_string}"},"query-input":{"@type":"PropertyValueSpecification","valueRequired":true,"valueName":"search_term_string"}}],"inLanguage":"fr-FR"}]}},"coauthors":[],"author_meta":{"author_link":"https:\/\/objektmobiliar.ch\/fr\/author\/alex\/","display_name":"Alex"},"relative_dates":{"created":"Publi\u00e9 2 ans il y a","modified":"Mis \u00e0 jour 2 mois il y a"},"absolute_dates":{"created":"Publi\u00e9 le octobre 21, 2023","modified":"Mise \u00e0 jour le f\u00e9vrier 4, 2026"},"absolute_dates_time":{"created":"Publi\u00e9 le octobre 21, 2023 7:46 pm","modified":"Mise \u00e0 jour le f\u00e9vrier 4, 2026 3:33 pm"},"featured_img_caption":"","featured_img":"https:\/\/objektmobiliar.ch\/wp-content\/uploads\/2025\/02\/OZG-Objektmobiliar-Referenz-Loungesessel-blau-1-825x510.jpg","series_order":"","_links":{"self":[{"href":"https:\/\/objektmobiliar.ch\/fr\/wp-json\/wp\/v2\/pages\/1035","targetHints":{"allow":["GET"]}}],"collection":[{"href":"https:\/\/objektmobiliar.ch\/fr\/wp-json\/wp\/v2\/pages"}],"about":[{"href":"https:\/\/objektmobiliar.ch\/fr\/wp-json\/wp\/v2\/types\/page"}],"author":[{"embeddable":true,"href":"https:\/\/objektmobiliar.ch\/fr\/wp-json\/wp\/v2\/users\/2"}],"replies":[{"embeddable":true,"href":"https:\/\/objektmobiliar.ch\/fr\/wp-json\/wp\/v2\/comments?post=1035"}],"version-history":[{"count":35,"href":"https:\/\/objektmobiliar.ch\/fr\/wp-json\/wp\/v2\/pages\/1035\/revisions"}],"predecessor-version":[{"id":5853,"href":"https:\/\/objektmobiliar.ch\/fr\/wp-json\/wp\/v2\/pages\/1035\/revisions\/5853"}],"wp:featuredmedia":[{"embeddable":true,"href":"https:\/\/objektmobiliar.ch\/fr\/wp-json\/wp\/v2\/media\/4900"}],"wp:attachment":[{"href":"https:\/\/objektmobiliar.ch\/fr\/wp-json\/wp\/v2\/media?parent=1035"}],"curies":[{"name":"wp","href":"https:\/\/api.w.org\/{rel}","templated":true}]}}